{"id":16286,"date":"2022-09-28T12:18:41","date_gmt":"2022-09-28T11:18:41","guid":{"rendered":"https:\/\/www.unyp.cz\/?page_id=16286"},"modified":"2025-05-12T13:46:59","modified_gmt":"2025-05-12T12:46:59","slug":"sluzby-pro-absolventy","status":"publish","type":"page","link":"https:\/\/www.unyp.cz\/cs\/sluzby-pro-absolventy\/","title":{"rendered":"Slu\u017eby pro absolventy"},"content":{"rendered":"\n<figure class=\"wp-block-image size-large\"><img data-opt-id=1864780378  fetchpriority=\"high\" decoding=\"async\" width=\"1400\" height=\"977\" src=\"https:\/\/mlgfjgj9j0su.i.optimole.com\/w:1400\/h:977\/q:mauto\/f:best\/https:\/\/www.unyp.cz\/wp-content\/uploads\/2025\/05\/2-1.jpg\" alt=\"\" class=\"wp-image-63303\" srcset=\"https:\/\/mlgfjgj9j0su.i.optimole.com\/w:1400\/h:977\/q:mauto\/f:best\/https:\/\/www.unyp.cz\/wp-content\/uploads\/2025\/05\/2-1.jpg 1400w, https:\/\/mlgfjgj9j0su.i.optimole.com\/w:300\/h:209\/q:mauto\/f:best\/https:\/\/www.unyp.cz\/wp-content\/uploads\/2025\/05\/2-1.jpg 300w, https:\/\/mlgfjgj9j0su.i.optimole.com\/w:150\/h:105\/q:mauto\/f:best\/https:\/\/www.unyp.cz\/wp-content\/uploads\/2025\/05\/2-1.jpg 150w, https:\/\/mlgfjgj9j0su.i.optimole.com\/w:768\/h:536\/q:mauto\/f:best\/https:\/\/www.unyp.cz\/wp-content\/uploads\/2025\/05\/2-1.jpg 768w, https:\/\/mlgfjgj9j0su.i.optimole.com\/w:1536\/h:1072\/q:mauto\/f:best\/https:\/\/www.unyp.cz\/wp-content\/uploads\/2025\/05\/2-1.jpg 1536w, https:\/\/mlgfjgj9j0su.i.optimole.com\/w:1920\/h:1339\/q:mauto\/f:best\/https:\/\/www.unyp.cz\/wp-content\/uploads\/2025\/05\/2-1.jpg 2048w\" sizes=\"(max-width: 1000px) 100vw, 1000px\" \/><\/figure>\n\n\n\n<p>UNYP si zakl\u00e1d\u00e1 na vytv\u00e1\u0159en\u00ed komunity student\u016f, a to u\u017e od sv\u00e9ho zalo\u017een\u00ed v roce&nbsp;1998. Kancel\u00e1\u0159 pro absolventy (Alumni Office) usiluje o udr\u017een\u00ed mezin\u00e1rodn\u00ed komunity r\u016fzn\u00fdmi prost\u0159edky i po ukon\u010den\u00ed studia.<\/p>\n\n\n\n<h2 class=\"wp-block-heading\">Absolventsk\u00e1 kancel\u00e1\u0159 UNYP sleduje \u00fasp\u011bchy&nbsp;sv\u00fdch absolvent\u016f!<\/h2>\n\n\n\n<ul class=\"wp-block-list\">\n<li>UNYP je hrd\u00e1 na \u00fasp\u011bchy sv\u00fdch absolvent\u016f, s absolventy se spojujeme, abychom poznali jejich cestu a sd\u00edleli jejich&nbsp;<a href=\"https:\/\/www.unyp.cz\/cs\/student-alumni-services\/alumni-services\/success-stories\">\u00fasp\u011bchy<\/a>&nbsp;s na\u0161\u00ed komunitou<\/li>\n\n\n\n<li>Ka\u017ed\u00fd rok&nbsp;University of New York in Prague oce\u0148uje \u00fasp\u011bchy jednoho absolventa\/ky v podob\u011b&nbsp;<a href=\"https:\/\/www.unyp.cz\/cs\/sluzby-studentum\/sluzby-pro-absolventy\/absolvent-roku\">ceny absolvent&nbsp;roku<\/a><\/li>\n\n\n\n<li>Pro udr\u017een\u00ed univerzitn\u00ed komunity&nbsp;UNYP organizuje&nbsp;<a href=\"https:\/\/www.unyp.cz\/cs\/sluzby-studentum\/sluzby-pro-absolventy\/setkani-absolventu\">setk\u00e1n\u00ed absolvent\u016f<\/a>, kte\u0159\u00ed tak maj\u00ed mo\u017enost potkat sv\u00e9 b\u00fdval\u00e9 spolu\u017e\u00e1ky a sd\u00edlet s nimi sv\u00e9 zku\u0161enosti<\/li>\n\n\n\n<li>UNYP zalo\u017eil vlastn\u00ed sdru\u017een\u00ed absolvent\u016f za \u00fa\u010delem lep\u0161\u00edho propojen\u00ed absolvent\u016f a sou\u010dasn\u00fdch student\u016f<\/li>\n<\/ul>\n\n\n\n<p>Krom\u011b toho nab\u00edz\u00ed UNYP sv\u00fdm absolvent\u016fm Absolventsk\u00e9 ID. V\u00edce podrobnost\u00ed se dozv\u00edte od <a href=\"mailto:alumni@unyp.cz\">alumni@unyp.cz<\/a>.<\/p>\n\n\n\n<div class=\"wp-block-getwid-accordion has-icon-left\" data-active-element=\"none\">\n<div class=\"wp-block-getwid-accordion__header-wrapper\"><span class=\"wp-block-getwid-accordion__header\"><a href=\"#\"><span class=\"wp-block-getwid-accordion__header-title\">Kontakt<\/span><span class=\"wp-block-getwid-accordion__icon is-active\"><i class=\"fas fa-plus\"><\/i><\/span><span class=\"wp-block-getwid-accordion__icon is-passive\"><i class=\"fas fa-minus\"><\/i><\/span><\/a><\/span><\/div><div class=\"wp-block-getwid-accordion__content-wrapper\"><div class=\"wp-block-getwid-accordion__content\">\n<p>Email:&nbsp;<a href=\"mailto:alumni@unyp.cz\">alumni@unyp.cz<\/a><br>Telefon: +420 224 221 261\/281<br>FB:&nbsp;<a href=\"https:\/\/www.facebook.com\/groups\/UNYPservices\/\">UNYP Student &amp; Alumni Services<\/a><br>LinkedIn:&nbsp;<a href=\"https:\/\/www.linkedin.com\/groups\/2132495\/\">UNYP Alumni and Friends<\/a><\/p>\n<\/div><\/div>\n<\/div>\n","protected":false},"excerpt":{"rendered":"<p>UNYP si zakl\u00e1d\u00e1 na vytv\u00e1\u0159en\u00ed komunity student\u016f, a to u\u017e od sv\u00e9ho zalo\u017een\u00ed v roce&nbsp;1998. Kancel\u00e1\u0159 pro absolventy (Alumni Office) usiluje o udr\u017een\u00ed mezin\u00e1rodn\u00ed komunity r\u016fzn\u00fdmi prost\u0159edky i po ukon\u010den\u00ed studia. Absolventsk\u00e1 kancel\u00e1\u0159 UNYP sleduje \u00fasp\u011bchy&nbsp;sv\u00fdch absolvent\u016f! Krom\u011b toho nab\u00edz\u00ed UNYP sv\u00fdm absolvent\u016fm Absolventsk\u00e9 ID. V\u00edce podrobnost\u00ed se dozv\u00edte od alumni@unyp.cz.<\/p>\n","protected":false},"author":1,"featured_media":0,"parent":0,"menu_order":0,"comment_status":"closed","ping_status":"closed","template":"","meta":{"_acf_changed":false,"inline_featured_image":false,"advgb_blocks_editor_width":"","advgb_blocks_columns_visual_guide":"","footnotes":""},"categories":[],"tags":[],"class_list":["post-16286","page","type-page","status-publish","hentry"],"acf":[],"mb":[],"coauthors":[],"author_meta":{"author_link":"https:\/\/www.unyp.cz\/cs\/author\/kucera-centario\/","display_name":"kucera.centario"},"relative_dates":{"created":"Posted 4 years ago","modified":"Updated 11 months ago"},"absolute_dates":{"created":"Posted on September 28, 2022","modified":"Updated on May 12, 2025"},"absolute_dates_time":{"created":"Posted on September 28, 2022 12:18 PM","modified":"Updated on May 12, 2025 1:46 PM"},"featured_img_caption":"","featured_img":false,"series_order":"","mfb_rest_fields":["title","coauthors","author_meta","relative_dates","absolute_dates","absolute_dates_time","featured_img_caption","featured_img","series_order"],"_links":{"self":[{"href":"https:\/\/www.unyp.cz\/cs\/wp-json\/wp\/v2\/pages\/16286","targetHints":{"allow":["GET"]}}],"collection":[{"href":"https:\/\/www.unyp.cz\/cs\/wp-json\/wp\/v2\/pages"}],"about":[{"href":"https:\/\/www.unyp.cz\/cs\/wp-json\/wp\/v2\/types\/page"}],"author":[{"embeddable":true,"href":"https:\/\/www.unyp.cz\/cs\/wp-json\/wp\/v2\/users\/1"}],"replies":[{"embeddable":true,"href":"https:\/\/www.unyp.cz\/cs\/wp-json\/wp\/v2\/comments?post=16286"}],"version-history":[{"count":14,"href":"https:\/\/www.unyp.cz\/cs\/wp-json\/wp\/v2\/pages\/16286\/revisions"}],"predecessor-version":[{"id":63306,"href":"https:\/\/www.unyp.cz\/cs\/wp-json\/wp\/v2\/pages\/16286\/revisions\/63306"}],"wp:attachment":[{"href":"https:\/\/www.unyp.cz\/cs\/wp-json\/wp\/v2\/media?parent=16286"}],"wp:term":[{"taxonomy":"category","embeddable":true,"href":"https:\/\/www.unyp.cz\/cs\/wp-json\/wp\/v2\/categories?post=16286"},{"taxonomy":"post_tag","embeddable":true,"href":"https:\/\/www.unyp.cz\/cs\/wp-json\/wp\/v2\/tags?post=16286"}],"curies":[{"name":"wp","href":"https:\/\/api.w.org\/{rel}","templated":true}]}}