{"id":19642,"date":"2024-09-11T07:49:35","date_gmt":"2024-09-11T06:49:35","guid":{"rendered":"https:\/\/www.unyp.cz\/international-partnerships\/"},"modified":"2025-12-16T12:41:14","modified_gmt":"2025-12-16T11:41:14","slug":"mezinarodni-partnerstvi","status":"publish","type":"page","link":"https:\/\/www.unyp.cz\/cs\/mezinarodni-partnerstvi\/","title":{"rendered":"Mezin\u00e1rodn\u00ed partnerstv\u00ed"},"content":{"rendered":"\n<figure class=\"wp-block-image size-full\"><img data-opt-id=1953206367  fetchpriority=\"high\" decoding=\"async\" width=\"610\" height=\"350\" src=\"https:\/\/mlgfjgj9j0su.i.optimole.com\/w:auto\/h:auto\/q:mauto\/f:best\/https:\/\/www.unyp.cz\/wp-content\/uploads\/2022\/10\/international-partnerships.jpg\" alt=\"\" class=\"wp-image-18129\" srcset=\"https:\/\/mlgfjgj9j0su.i.optimole.com\/w:610\/h:350\/q:mauto\/f:best\/https:\/\/www.unyp.cz\/wp-content\/uploads\/2022\/10\/international-partnerships.jpg 610w, https:\/\/mlgfjgj9j0su.i.optimole.com\/w:300\/h:172\/q:mauto\/f:best\/https:\/\/www.unyp.cz\/wp-content\/uploads\/2022\/10\/international-partnerships.jpg 300w, https:\/\/mlgfjgj9j0su.i.optimole.com\/w:150\/h:86\/q:mauto\/f:best\/https:\/\/www.unyp.cz\/wp-content\/uploads\/2022\/10\/international-partnerships.jpg 150w\" sizes=\"(max-width: 610px) 100vw, 610px\" \/><\/figure>\n\n\n\n<h2 class=\"wp-block-heading\">V\u00edce ne\u017e 85 partnersk\u00fdch univerzit po cel\u00e9m sv\u011bt\u011b<\/h2>\n\n\n\n<p><strong>UNYP<\/strong> hrd\u011b spolupracuje s v\u00edce ne\u017e <strong>85 presti\u017en\u00edmi univerzitami a vysok\u00fdmi \u0161kolami po cel\u00e9m sv\u011bt\u011b<\/strong>. Neust\u00e1le roz\u0161i\u0159ujeme na\u0161i s\u00ed\u0165, abychom student\u016fm nab\u00eddli cenn\u00e9 akademick\u00e9 i kulturn\u00ed zku\u0161enosti v mezin\u00e1rodn\u00edm prost\u0159ed\u00ed.<\/p>\n\n\n\n<p>R\u00e1mec na\u0161\u00ed spolupr\u00e1ce zahrnuje:<\/p>\n\n\n\n<ul class=\"wp-block-list\">\n<li><strong>Studentsk\u00e9 v\u00fdm\u011bnn\u00e9 pobyty<\/strong><\/li>\n\n\n\n<li><strong>Dohody o studiu v zahrani\u010d\u00ed<\/strong><\/li>\n\n\n\n<li><strong>Double-degree programy (dvoj\u00ed diplom)<\/strong><\/li>\n\n\n\n<li><strong>Spolupr\u00e1ci v r\u00e1mci Erasmus+<\/strong><\/li>\n\n\n\n<li><strong>Fakultn\u00ed v\u00fdm\u011bny<\/strong><\/li>\n\n\n\n<li><strong>Spole\u010dn\u00e9 akce a v\u00fdzkumn\u00e9 projekty<\/strong><\/li>\n<\/ul>\n\n\n\n<p>Tato akademick\u00e1 propojen\u00ed jsou kl\u00ed\u010dem k na\u0161emu \u00fasp\u011bchu a student\u016fm UNYP p\u0159in\u00e1\u0161\u00ed jedine\u010dn\u00e9 p\u0159\u00edle\u017eitosti pro osobn\u00ed i profesn\u00ed r\u016fst.<\/p>\n\n\n\n<hr class=\"wp-block-separator has-alpha-channel-opacity\"\/>\n\n\n\n<h3 class=\"wp-block-heading\">Spolupr\u00e1ce s glob\u00e1ln\u00edmi vzd\u011bl\u00e1vac\u00edmi agenturami<\/h3>\n\n\n\n<p>Krom\u011b univerzitn\u00edch partnerstv\u00ed <strong>UNYP aktivn\u011b spolupracuje s mezin\u00e1rodn\u00edmi vzd\u011bl\u00e1vac\u00edmi agenturami<\/strong> a d\u00e1le roz\u0161i\u0159uje s\u00ed\u0165 t\u011bchto kl\u00ed\u010dov\u00fdch partner\u016f po cel\u00e9m sv\u011bt\u011b.<\/p>\n\n\n\n<hr class=\"wp-block-separator has-alpha-channel-opacity\"\/>\n\n\n\n<h2 class=\"wp-block-heading\">Studujte v angli\u010dtin\u011b v srdci Evropy<\/h2>\n\n\n\n<p>Ve\u0161ker\u00e9 studijn\u00ed programy na UNYP jsou <strong>vyu\u010dov\u00e1ny v angli\u010dtin\u011b<\/strong>. Znalost anglick\u00e9ho jazyka je nezbytnou podm\u00ednkou pro p\u0159ijet\u00ed ke studiu \u2013 a\u0165 u\u017e se jedn\u00e1 o diplomov\u00e9 programy nebo v\u00fdm\u011bnn\u00e9 pobyty.<\/p>\n\n\n\n<p>\ud83d\udccc Podrobn\u00e9 informace o uzn\u00e1van\u00fdch zkou\u0161k\u00e1ch z angli\u010dtiny najdete zde:<br>\ud83d\udd17 <strong><a href=\"https:\/\/www.unyp.cz\/cs\/predpoklady-pro-prijeti\/\">P\u0159edpoklady pro p\u0159ijet\u00ed<\/a><\/strong><\/p>\n\n\n\n<hr class=\"wp-block-separator has-alpha-channel-opacity\"\/>\n\n\n\n<h3 class=\"wp-block-heading\">Nau\u010dte se \u010desky a l\u00e9pe se zapojte<\/h3>\n\n\n\n<p>P\u0159esto\u017ee se v\u00fduka odehr\u00e1v\u00e1 v angli\u010dtin\u011b, v\u00fdm\u011bnn\u00fdm student\u016fm d\u016frazn\u011b doporu\u010dujeme zapsat se do <strong>\u00favodn\u00edho kurzu \u010desk\u00e9ho jazyka<\/strong>, kter\u00fd UNYP nab\u00edz\u00ed ka\u017ed\u00fd semestr. Tento kurz napom\u00e1h\u00e1:<\/p>\n\n\n\n<p>Navazov\u00e1n\u00ed kontakt\u016f s m\u00edstn\u00ed komunitou<\/p>\n\n\n\n<p>Lep\u0161\u00ed orientaci v ka\u017edodenn\u00edm \u017eivot\u011b v Praze<\/p>\n\n\n\n<p>Hlub\u0161\u00edmu porozum\u011bn\u00ed \u010desk\u00e9 kultu\u0159e<\/p>\n\n\n\n<iframe src=\"https:\/\/www.google.com\/maps\/d\/u\/1\/embed?mid=12aASplOp6ZAXy8ZxzpjqTEDNIoTLUxs&#038;ehbc=2E312F\" width=\"640\" height=\"480\"><\/iframe>\n\n\n\n<div class=\"wp-block-buttons is-layout-flex wp-block-buttons-is-layout-flex\">\n<div class=\"wp-block-button is-style-btn-apply-online\"><a class=\"wp-block-button__link wp-element-button\" href=\"https:\/\/airtable.com\/apphH6ps3KwgArXMS\/shrU1u9X9EsKFg677\">Seznam partnersk\u00fdch instituc\u00ed<\/a><\/div>\n<\/div>\n\n\n\n<h3 class=\"wp-block-heading\"><br>Pro v\u00edce informac\u00ed:<\/h3>\n\n\n\n<p><strong>Exchange + Study Abroad<\/strong><\/p>\n\n\n\n<ul class=\"wp-block-list\">\n<li><a href=\"mailto:cge@unyp.cz\">cge@unyp.cz<\/a>&nbsp;<\/li>\n<\/ul>\n\n\n\n<p><strong>Erasmus+<\/strong><\/p>\n\n\n\n<ul class=\"wp-block-list\">\n<li><a href=\"mailto:erasmus@unyp.cz\">erasmus@unyp.cz<\/a><\/li>\n<\/ul>\n","protected":false},"excerpt":{"rendered":"<p>V\u00edce ne\u017e 85 partnersk\u00fdch univerzit po cel\u00e9m sv\u011bt\u011b UNYP hrd\u011b spolupracuje s v\u00edce ne\u017e 85 presti\u017en\u00edmi univerzitami a vysok\u00fdmi \u0161kolami po cel\u00e9m sv\u011bt\u011b. Neust\u00e1le roz\u0161i\u0159ujeme na\u0161i s\u00ed\u0165, abychom student\u016fm nab\u00eddli cenn\u00e9 akademick\u00e9 i kulturn\u00ed zku\u0161enosti v mezin\u00e1rodn\u00edm prost\u0159ed\u00ed. R\u00e1mec na\u0161\u00ed spolupr\u00e1ce zahrnuje: Tato akademick\u00e1 propojen\u00ed jsou kl\u00ed\u010dem k na\u0161emu \u00fasp\u011bchu a student\u016fm UNYP p\u0159in\u00e1\u0161\u00ed jedine\u010dn\u00e9 [&hellip;]<\/p>\n","protected":false},"author":1,"featured_media":0,"parent":0,"menu_order":0,"comment_status":"closed","ping_status":"closed","template":"","meta":{"_acf_changed":false,"inline_featured_image":false,"advgb_blocks_editor_width":"","advgb_blocks_columns_visual_guide":"","footnotes":""},"categories":[],"tags":[],"class_list":["post-19642","page","type-page","status-publish","hentry"],"acf":[],"mb":[],"coauthors":[],"author_meta":{"author_link":"https:\/\/www.unyp.cz\/cs\/author\/kucera-centario\/","display_name":"kucera.centario"},"relative_dates":{"created":"Posted 2 years ago","modified":"Updated 5 months ago"},"absolute_dates":{"created":"Posted on September 11, 2024","modified":"Updated on December 16, 2025"},"absolute_dates_time":{"created":"Posted on September 11, 2024 7:49 AM","modified":"Updated on December 16, 2025 12:41 PM"},"featured_img_caption":"","featured_img":false,"series_order":"","mfb_rest_fields":["title","coauthors","author_meta","relative_dates","absolute_dates","absolute_dates_time","featured_img_caption","featured_img","series_order"],"_links":{"self":[{"href":"https:\/\/www.unyp.cz\/cs\/wp-json\/wp\/v2\/pages\/19642","targetHints":{"allow":["GET"]}}],"collection":[{"href":"https:\/\/www.unyp.cz\/cs\/wp-json\/wp\/v2\/pages"}],"about":[{"href":"https:\/\/www.unyp.cz\/cs\/wp-json\/wp\/v2\/types\/page"}],"author":[{"embeddable":true,"href":"https:\/\/www.unyp.cz\/cs\/wp-json\/wp\/v2\/users\/1"}],"replies":[{"embeddable":true,"href":"https:\/\/www.unyp.cz\/cs\/wp-json\/wp\/v2\/comments?post=19642"}],"version-history":[{"count":34,"href":"https:\/\/www.unyp.cz\/cs\/wp-json\/wp\/v2\/pages\/19642\/revisions"}],"predecessor-version":[{"id":72493,"href":"https:\/\/www.unyp.cz\/cs\/wp-json\/wp\/v2\/pages\/19642\/revisions\/72493"}],"wp:attachment":[{"href":"https:\/\/www.unyp.cz\/cs\/wp-json\/wp\/v2\/media?parent=19642"}],"wp:term":[{"taxonomy":"category","embeddable":true,"href":"https:\/\/www.unyp.cz\/cs\/wp-json\/wp\/v2\/categories?post=19642"},{"taxonomy":"post_tag","embeddable":true,"href":"https:\/\/www.unyp.cz\/cs\/wp-json\/wp\/v2\/tags?post=19642"}],"curies":[{"name":"wp","href":"https:\/\/api.w.org\/{rel}","templated":true}]}}