{"id":19647,"date":"2022-09-28T11:48:50","date_gmt":"2022-09-28T10:48:50","guid":{"rendered":"https:\/\/www.unyp.cz\/partnerships\/"},"modified":"2025-11-24T16:52:49","modified_gmt":"2025-11-24T15:52:49","slug":"partnerstvi","status":"publish","type":"page","link":"https:\/\/www.unyp.cz\/cs\/partnerstvi\/","title":{"rendered":"Partnerstv\u00ed a&nbsp;\u010dlenstv\u00ed"},"content":{"rendered":"\n<p>University of New York in Prague (UNYP) aktivn\u011b spolupracuje s uzn\u00e1van\u00fdmi institucemi a organizacemi, aby student\u016fm poskytla obohacuj\u00edc\u00ed studijn\u00ed zku\u0161enosti a podpo\u0159ila sv\u00e9 vzd\u011bl\u00e1vac\u00ed posl\u00e1n\u00ed. Tato partnerstv\u00ed a \u010dlenstv\u00ed podporuj\u00ed akademickou excelenci, kulturn\u00ed v\u00fdm\u011bnu a mo\u017enosti profesn\u00edho rozvoje.<a href=\"https:\/\/www.unyp.cz\/cs\/historie-a-tradice\/?utm_source=chatgpt.com\" target=\"_blank\" rel=\"noreferrer noopener\"><\/a><\/p>\n\n\n\n<hr class=\"wp-block-separator has-alpha-channel-opacity\"\/>\n\n\n\n<h2 class=\"wp-block-heading\">Vzd\u011bl\u00e1vac\u00ed partnerstv\u00ed<\/h2>\n\n\n\n<div class=\"wp-block-media-text is-stacked-on-mobile\" style=\"grid-template-columns:16% auto\"><figure class=\"wp-block-media-text__media\"><img data-opt-id=605770048  fetchpriority=\"high\" decoding=\"async\" width=\"973\" height=\"254\" src=\"https:\/\/www.unyp.cz\/wp-content\/uploads\/2022\/10\/eo_logo_rgb_0.png\" alt=\"\" class=\"wp-image-17675 size-full\" srcset=\"https:\/\/www.unyp.cz\/wp-content\/uploads\/2022\/10\/eo_logo_rgb_0.png 973w, https:\/\/www.unyp.cz\/wp-content\/uploads\/2022\/10\/eo_logo_rgb_0.png 300w, https:\/\/www.unyp.cz\/wp-content\/uploads\/2022\/10\/eo_logo_rgb_0.png 150w, https:\/\/www.unyp.cz\/wp-content\/uploads\/2022\/10\/eo_logo_rgb_0.png 768w\" sizes=\"(max-width: 973px) 100vw, 973px\" \/><\/figure><div class=\"wp-block-media-text__content\">\n<p>UNYP jako hlavn\u00ed vzd\u011bl\u00e1vac\u00ed partner <a href=\"https:\/\/ekonomickaolympiada.cz\/\">Ekonomick\u00e9 olympi\u00e1dy<\/a> podporuje tuto mezin\u00e1rodn\u00ed sout\u011b\u017e s c\u00edlem zv\u00fd\u0161it ekonomick\u00e9 vzd\u011bl\u00e1n\u00ed a finan\u010dn\u00ed gramotnost student\u016f.<a href=\"https:\/\/www.unyp.cz\/cs\/partnerstvi\/?utm_source=chatgpt.com\" target=\"_blank\" rel=\"noreferrer noopener\"><\/a><\/p>\n<\/div><\/div>\n\n\n\n<div style=\"height:20px\" aria-hidden=\"true\" class=\"wp-block-spacer\"><\/div>\n\n\n\n<div class=\"wp-block-media-text is-stacked-on-mobile\" style=\"grid-template-columns:16% auto\"><figure class=\"wp-block-media-text__media\"><img data-opt-id=282896283  fetchpriority=\"high\" decoding=\"async\" width=\"1200\" height=\"630\" src=\"https:\/\/www.unyp.cz\/wp-content\/uploads\/2025\/01\/ja-czech-short.png\" alt=\"\" class=\"wp-image-57721 size-full\" srcset=\"https:\/\/www.unyp.cz\/wp-content\/uploads\/2025\/01\/ja-czech-short.png 1200w, https:\/\/www.unyp.cz\/wp-content\/uploads\/2025\/01\/ja-czech-short.png 300w, https:\/\/www.unyp.cz\/wp-content\/uploads\/2025\/01\/ja-czech-short.png 150w, https:\/\/www.unyp.cz\/wp-content\/uploads\/2025\/01\/ja-czech-short.png 768w\" sizes=\"(max-width: 1000px) 100vw, 1000px\" \/><\/figure><div class=\"wp-block-media-text__content\">\n<p>UNYP spolupracuje s <a href=\"https:\/\/jaczech.org\/\">JA Czech<\/a> na mentoringu student\u016f v sout\u011b\u017ei Studentsk\u00e1 firma, kter\u00e1 podporuje podnik\u00e1n\u00ed a ekonomick\u00e9 vzd\u011bl\u00e1n\u00ed.<\/p>\n<\/div><\/div>\n\n\n\n<div style=\"height:20px\" aria-hidden=\"true\" class=\"wp-block-spacer\"><\/div>\n\n\n\n<div class=\"wp-block-media-text is-stacked-on-mobile\" style=\"grid-template-columns:16% auto\"><figure class=\"wp-block-media-text__media\"><img data-opt-id=1229273655  fetchpriority=\"high\" decoding=\"async\" width=\"1400\" height=\"363\" src=\"https:\/\/www.unyp.cz\/wp-content\/uploads\/2025\/01\/Uptown-logo-2-1.png\" alt=\"\" class=\"wp-image-57671 size-full\" srcset=\"https:\/\/www.unyp.cz\/wp-content\/uploads\/2025\/01\/Uptown-logo-2-1.png 1400w, https:\/\/www.unyp.cz\/wp-content\/uploads\/2025\/01\/Uptown-logo-2-1.png 300w, https:\/\/www.unyp.cz\/wp-content\/uploads\/2025\/01\/Uptown-logo-2-1.png 150w, https:\/\/www.unyp.cz\/wp-content\/uploads\/2025\/01\/Uptown-logo-2-1.png 768w, https:\/\/www.unyp.cz\/wp-content\/uploads\/2025\/01\/Uptown-logo-2-1.png 1536w, https:\/\/www.unyp.cz\/wp-content\/uploads\/2025\/01\/Uptown-logo-2-1.png 2048w\" sizes=\"(max-width: 1000px) 100vw, 1000px\" \/><\/figure><div class=\"wp-block-media-text__content\">\n<p>D\u00edky partnerstv\u00ed s <a href=\"https:\/\/uischool.ae\/\">UIS<\/a>, kter\u00e1 je sou\u010d\u00e1st\u00ed skupiny <a href=\"https:\/\/taleemgroup.com\/en\">Taaleem<\/a>, nab\u00edz\u00edme student\u016fm exkluzivn\u00ed studijn\u00ed p\u0159\u00edle\u017eitosti, v\u010detn\u011b podm\u00edn\u011bn\u00e9ho p\u0159ijet\u00ed, stipendi\u00ed a semin\u00e1\u0159\u016f zam\u011b\u0159en\u00fdch na rozvoj dovednost\u00ed.<\/p>\n<\/div><\/div>\n\n\n\n<div style=\"height:20px\" aria-hidden=\"true\" class=\"wp-block-spacer\"><\/div>\n\n\n\n<div class=\"wp-block-media-text is-stacked-on-mobile\" style=\"grid-template-columns:16% auto\"><figure class=\"wp-block-media-text__media\"><img data-opt-id=372209737  fetchpriority=\"high\" decoding=\"async\" width=\"1000\" height=\"1000\" src=\"https:\/\/www.unyp.cz\/wp-content\/uploads\/2025\/01\/in-collaboration-with-ib-pos-en.png\" alt=\"\" class=\"wp-image-57715 size-full\" srcset=\"https:\/\/www.unyp.cz\/wp-content\/uploads\/2025\/01\/in-collaboration-with-ib-pos-en.png 1000w, https:\/\/www.unyp.cz\/wp-content\/uploads\/2025\/01\/in-collaboration-with-ib-pos-en.png 300w, https:\/\/www.unyp.cz\/wp-content\/uploads\/2025\/01\/in-collaboration-with-ib-pos-en.png 150w, https:\/\/www.unyp.cz\/wp-content\/uploads\/2025\/01\/in-collaboration-with-ib-pos-en.png 768w, https:\/\/www.unyp.cz\/wp-content\/uploads\/2025\/01\/in-collaboration-with-ib-pos-en.png 1536w, https:\/\/www.unyp.cz\/wp-content\/uploads\/2025\/01\/in-collaboration-with-ib-pos-en.png 2048w\" sizes=\"(max-width: 1000px) 100vw, 1000px\" \/><\/figure><div class=\"wp-block-media-text__content\">\n<div class=\"wp-block-group is-layout-constrained wp-block-group-is-layout-constrained\">\n<p>UNYP uzn\u00e1v\u00e1 studijn\u00ed program <a href=\"https:\/\/www.ibo.org\/professional-development\/about-our-workshops\/ib-collaborations\/\">IB<\/a> t\u00edm, \u017ee nab\u00edz\u00ed uzn\u00e1n\u00ed kredit\u016f, co\u017e absolvent\u016fm IB umo\u017e\u0148uje z\u00edskat titul akreditovan\u00fd v USA ji\u017e za t\u0159i roky.<\/p>\n<\/div>\n<\/div><\/div>\n\n\n\n<div style=\"height:20px\" aria-hidden=\"true\" class=\"wp-block-spacer\"><\/div>\n\n\n\n<div class=\"wp-block-media-text is-stacked-on-mobile\" style=\"grid-template-columns:16% auto\"><figure class=\"wp-block-media-text__media\"><img data-opt-id=248876566  fetchpriority=\"high\" decoding=\"async\" width=\"1400\" height=\"778\" src=\"https:\/\/www.unyp.cz\/wp-content\/uploads\/2025\/03\/Logo-Livingston_gymnazium_2_CMYK.png\" alt=\"\" class=\"wp-image-59514 size-full\" srcset=\"https:\/\/www.unyp.cz\/wp-content\/uploads\/2025\/03\/Logo-Livingston_gymnazium_2_CMYK.png 1400w, https:\/\/www.unyp.cz\/wp-content\/uploads\/2025\/03\/Logo-Livingston_gymnazium_2_CMYK.png 300w, https:\/\/www.unyp.cz\/wp-content\/uploads\/2025\/03\/Logo-Livingston_gymnazium_2_CMYK.png 150w, https:\/\/www.unyp.cz\/wp-content\/uploads\/2025\/03\/Logo-Livingston_gymnazium_2_CMYK.png 768w, https:\/\/www.unyp.cz\/wp-content\/uploads\/2025\/03\/Logo-Livingston_gymnazium_2_CMYK.png 1536w, https:\/\/www.unyp.cz\/wp-content\/uploads\/2025\/03\/Logo-Livingston_gymnazium_2_CMYK.png 2048w\" sizes=\"(max-width: 1000px) 100vw, 1000px\" \/><\/figure><div class=\"wp-block-media-text__content\">\n<div class=\"wp-block-group is-layout-constrained wp-block-group-is-layout-constrained\">\n<p>Na\u0161e partnerstv\u00ed s <a href=\"https:\/\/gymnaziumlivingston.cz\/\">Gymn\u00e1ziem Livingston<\/a> poskytuje student\u016fm v\u010dasn\u00e9 sezn\u00e1men\u00ed s univerzitn\u00edm \u017eivotem, spole\u010dn\u00e9 projekty, specializovanou podporu p\u0159i p\u0159ij\u00edmac\u00edm \u0159\u00edzen\u00ed a z\u00e1ruku p\u0159ijet\u00ed na UNYP.<\/p>\n<\/div>\n\n\n\n<p><\/p>\n\n\n\n<p><\/p>\n<\/div><\/div>\n\n\n\n<div class=\"wp-block-media-text is-stacked-on-mobile\" style=\"grid-template-columns:16% auto\"><figure class=\"wp-block-media-text__media\"><img data-opt-id=554484445  fetchpriority=\"high\" decoding=\"async\" width=\"858\" height=\"130\" src=\"https:\/\/www.unyp.cz\/wp-content\/uploads\/2025\/05\/inti_logo.png\" alt=\"\" class=\"wp-image-64044 size-full\" srcset=\"https:\/\/www.unyp.cz\/wp-content\/uploads\/2025\/05\/inti_logo.png 858w, https:\/\/www.unyp.cz\/wp-content\/uploads\/2025\/05\/inti_logo.png 300w, https:\/\/www.unyp.cz\/wp-content\/uploads\/2025\/05\/inti_logo.png 150w, https:\/\/www.unyp.cz\/wp-content\/uploads\/2025\/05\/inti_logo.png 768w\" sizes=\"(max-width: 858px) 100vw, 858px\" \/><\/figure><div class=\"wp-block-media-text__content\">\n<div class=\"wp-block-group is-layout-constrained wp-block-group-is-layout-constrained\">\n<p>UNYP a <a href=\"https:\/\/newinti.edu.my\/\">INTI International University &amp; Colleges<\/a> podepsaly memorandum o porozum\u011bn\u00ed (MoU) s c\u00edlem pos\u00edlit akademickou spolupr\u00e1ci, v\u00fdm\u011bnu student\u016f a mezin\u00e1rodn\u00ed partnersk\u00e9 iniciativy.<\/p>\n<\/div>\n<\/div><\/div>\n\n\n\n<div class=\"wp-block-media-text is-stacked-on-mobile\" style=\"grid-template-columns:16% auto\"><figure class=\"wp-block-media-text__media\"><img data-opt-id=342538394  fetchpriority=\"high\" decoding=\"async\" width=\"550\" height=\"141\" src=\"https:\/\/www.unyp.cz\/wp-content\/uploads\/2025\/11\/isp-logo-1.png\" alt=\"\" class=\"wp-image-70880 size-full\" srcset=\"https:\/\/www.unyp.cz\/wp-content\/uploads\/2025\/11\/isp-logo-1.png 550w, https:\/\/www.unyp.cz\/wp-content\/uploads\/2025\/11\/isp-logo-1.png 300w, https:\/\/www.unyp.cz\/wp-content\/uploads\/2025\/11\/isp-logo-1.png 150w\" sizes=\"(max-width: 550px) 100vw, 550px\" \/><\/figure><div class=\"wp-block-media-text__content\">\n<div style=\"height:20px\" aria-hidden=\"true\" class=\"wp-block-spacer\"><\/div>\n\n\n\n<p>UNYP a <a href=\"https:\/\/internationalschoolspartnership.com\/\">International Schools Partnership (iSP)<\/a> uzav\u0159ely strategick\u00e9 partnerstv\u00ed s c\u00edlem roz\u0161\u00ed\u0159it glob\u00e1ln\u00ed p\u016fsobnost a vytvo\u0159it nov\u00e9 mo\u017enosti pro zahrani\u010dn\u00ed studenty. Tato spolupr\u00e1ce nab\u00eddne exkluzivn\u00ed v\u00fdhody a individu\u00e1ln\u00ed poradenstv\u00ed pro studenty iSP, kte\u0159\u00ed se zaj\u00edmaj\u00ed o akreditovan\u00e9 americk\u00e9 a evropsk\u00e9 studijn\u00ed programy UNYP v Praze.<\/p>\n<\/div><\/div>\n\n\n\n<hr class=\"wp-block-separator has-alpha-channel-opacity\"\/>\n\n\n\n<h2 class=\"wp-block-heading\">Sponzoring<\/h2>\n\n\n\n<div class=\"wp-block-media-text is-stacked-on-mobile\" style=\"grid-template-columns:25% auto\"><figure class=\"wp-block-media-text__media\"><img data-opt-id=652879976  fetchpriority=\"high\" decoding=\"async\" width=\"1400\" height=\"459\" src=\"https:\/\/www.unyp.cz\/wp-content\/uploads\/2025\/09\/unyp_an_sirka-3.png\" alt=\"\" class=\"wp-image-67907 size-full\" srcset=\"https:\/\/www.unyp.cz\/wp-content\/uploads\/2025\/09\/unyp_an_sirka-3-scaled.png 1400w, https:\/\/www.unyp.cz\/wp-content\/uploads\/2025\/09\/unyp_an_sirka-3-scaled.png 300w, https:\/\/www.unyp.cz\/wp-content\/uploads\/2025\/09\/unyp_an_sirka-3-scaled.png 150w, https:\/\/www.unyp.cz\/wp-content\/uploads\/2025\/09\/unyp_an_sirka-3-scaled.png 768w, https:\/\/www.unyp.cz\/wp-content\/uploads\/2025\/09\/unyp_an_sirka-3-scaled.png 1536w, https:\/\/www.unyp.cz\/wp-content\/uploads\/2025\/09\/unyp_an_sirka-3-scaled.png 2048w\" sizes=\"(max-width: 1000px) 100vw, 1000px\" \/><\/figure><div class=\"wp-block-media-text__content\">\n<p>UNYP je ofici\u00e1ln\u00edm dodavatelem vzd\u011bl\u00e1v\u00e1n\u00ed pro <a href=\"https:\/\/www.olympijskytym.cz\/?lang=EN\">\u010cesk\u00fd olympijsk\u00fd t\u00fdm<\/a> (2022-2026) a podporuje sportovce prost\u0159ednictv\u00edm vzd\u011bl\u00e1vac\u00edch program\u016f a iniciativy Dual Career.<\/p>\n<\/div><\/div>\n\n\n\n<div style=\"height:20px\" aria-hidden=\"true\" class=\"wp-block-spacer\"><\/div>\n\n\n\n<div class=\"wp-block-media-text is-stacked-on-mobile\" style=\"grid-template-columns:25% auto\"><figure class=\"wp-block-media-text__media\"><img data-opt-id=860694522  fetchpriority=\"high\" decoding=\"async\" width=\"280\" height=\"106\" src=\"https:\/\/www.unyp.cz\/wp-content\/uploads\/2025\/01\/lvi-logo-v2.png\" alt=\"\" class=\"wp-image-57718 size-full\" srcset=\"https:\/\/www.unyp.cz\/wp-content\/uploads\/2025\/01\/lvi-logo-v2.png 280w, https:\/\/www.unyp.cz\/wp-content\/uploads\/2025\/01\/lvi-logo-v2.png 150w\" sizes=\"(max-width: 280px) 100vw, 280px\" \/><\/figure><div class=\"wp-block-media-text__content\">\n<p>Na\u0161e spolupr\u00e1ce s volejbalov\u00fdm klubem <a href=\"https:\/\/www.vk-lvipraha.cz\/\">LVI Praha<\/a> podporuje sportovn\u00ed vzd\u011bl\u00e1v\u00e1n\u00ed a mezin\u00e1rodn\u00ed spolupr\u00e1ci a nab\u00edz\u00ed student\u016fm a hr\u00e1\u010d\u016fm mo\u017enosti sportovn\u00edho managementu a stipendia pro studium na UNYP.<\/p>\n<\/div><\/div>\n\n\n\n<div style=\"height:20px\" aria-hidden=\"true\" class=\"wp-block-spacer\"><\/div>\n\n\n\n<div class=\"wp-block-media-text is-stacked-on-mobile\" style=\"grid-template-columns:25% auto\"><figure class=\"wp-block-media-text__media\"><img data-opt-id=1712362584  fetchpriority=\"high\" decoding=\"async\" width=\"1400\" height=\"557\" src=\"https:\/\/www.unyp.cz\/wp-content\/uploads\/2025\/09\/cf-master_znacka_cs_100__barevna-1.png\" alt=\"\" class=\"wp-image-67943 size-full\" srcset=\"https:\/\/www.unyp.cz\/wp-content\/uploads\/2025\/09\/cf-master_znacka_cs_100__barevna-1.png 1400w, https:\/\/www.unyp.cz\/wp-content\/uploads\/2025\/09\/cf-master_znacka_cs_100__barevna-1.png 300w, https:\/\/www.unyp.cz\/wp-content\/uploads\/2025\/09\/cf-master_znacka_cs_100__barevna-1.png 150w, https:\/\/www.unyp.cz\/wp-content\/uploads\/2025\/09\/cf-master_znacka_cs_100__barevna-1.png 768w, https:\/\/www.unyp.cz\/wp-content\/uploads\/2025\/09\/cf-master_znacka_cs_100__barevna-1.png 1536w, https:\/\/www.unyp.cz\/wp-content\/uploads\/2025\/09\/cf-master_znacka_cs_100__barevna-1.png 1783w\" sizes=\"(max-width: 1000px) 100vw, 1000px\" \/><\/figure><div class=\"wp-block-media-text__content\">\n<p>UNYP je partnerem <a href=\"https:\/\/www.ceskyflorbal.cz\/\">\u010cesk\u00e9ho florbalu<\/a> pro sez\u00f3nu 2025\/26, podporujeme ml\u00e1de\u017enick\u00e9 ligy, digit\u00e1ln\u00ed zapojen\u00ed fanou\u0161k\u016f a posilov\u00e1n\u00ed postaven\u00ed \u017een ve sportu.<\/p>\n<\/div><\/div>\n\n\n\n<hr class=\"wp-block-separator has-alpha-channel-opacity\"\/>\n\n\n\n<h2 class=\"wp-block-heading\">\u010clenstv\u00ed<\/h2>\n\n\n\n<div class=\"wp-block-media-text is-stacked-on-mobile\" style=\"grid-template-columns:16% auto\"><figure class=\"wp-block-media-text__media\"><img data-opt-id=143136169  data-opt-src=\"https:\/\/www.unyp.cz\/wp-content\/uploads\/2025\/04\/intlacac-logo-1.png\"  decoding=\"async\" width=\"522\" height=\"160\" src=\"data:image/svg+xml,%3Csvg%20viewBox%3D%220%200%20100%%20100%%22%20width%3D%22100%%22%20height%3D%22100%%22%20xmlns%3D%22http%3A%2F%2Fwww.w3.org%2F2000%2Fsvg%22%3E%3Crect%20width%3D%22100%%22%20height%3D%22100%%22%20fill%3D%22transparent%22%2F%3E%3C%2Fsvg%3E\" alt=\"\" class=\"wp-image-62377 size-full\" old-srcset=\"https:\/\/www.unyp.cz\/wp-content\/uploads\/2025\/04\/intlacac-logo-1.png 522w, https:\/\/www.unyp.cz\/wp-content\/uploads\/2025\/04\/intlacac-logo-1.png 300w, https:\/\/www.unyp.cz\/wp-content\/uploads\/2025\/04\/intlacac-logo-1.png 150w\" \/><\/figure><div class=\"wp-block-media-text__content\">\n<div class=\"wp-block-group is-layout-constrained wp-block-group-is-layout-constrained\">\n<p>\u010clenstv\u00ed UNYP v mezin\u00e1rodn\u00ed organizaci <a href=\"https:\/\/www.internationalacac.org\/\">ACAC<\/a> zviditel\u0148uje UNYP a propojuje ji s poradci a studenty po cel\u00e9m sv\u011bt\u011b.<\/p>\n<\/div>\n<\/div><\/div>\n\n\n\n<div style=\"height:20px\" aria-hidden=\"true\" class=\"wp-block-spacer\"><\/div>\n\n\n\n<div class=\"wp-block-media-text is-stacked-on-mobile\" style=\"grid-template-columns:16% auto\"><figure class=\"wp-block-media-text__media\"><img data-opt-id=1779270370  data-opt-src=\"https:\/\/www.unyp.cz\/wp-content\/uploads\/2025\/01\/pngegg.png\"  decoding=\"async\" width=\"699\" height=\"516\" src=\"data:image/svg+xml,%3Csvg%20viewBox%3D%220%200%20100%%20100%%22%20width%3D%22100%%22%20height%3D%22100%%22%20xmlns%3D%22http%3A%2F%2Fwww.w3.org%2F2000%2Fsvg%22%3E%3Crect%20width%3D%22100%%22%20height%3D%22100%%22%20fill%3D%22transparent%22%2F%3E%3C%2Fsvg%3E\" alt=\"\" class=\"wp-image-57682 size-full\" old-srcset=\"https:\/\/www.unyp.cz\/wp-content\/uploads\/2025\/01\/pngegg.png 699w, https:\/\/www.unyp.cz\/wp-content\/uploads\/2025\/01\/pngegg.png 300w, https:\/\/www.unyp.cz\/wp-content\/uploads\/2025\/01\/pngegg.png 150w\" \/><\/figure><div class=\"wp-block-media-text__content\">\n<div class=\"wp-block-group is-layout-constrained wp-block-group-is-layout-constrained\">\n<p>\u010clenstv\u00ed UNYP v <a href=\"https:\/\/www.cois.org\/\">CIS<\/a> podtrhuje n\u00e1\u0161 z\u00e1vazek k dodr\u017eov\u00e1n\u00ed mezin\u00e1rodn\u00edch vzd\u011bl\u00e1vac\u00edch standard\u016f, dobr\u00fdch \u017eivotn\u00edch podm\u00ednek student\u016f a etick\u00fdch postup\u016f.<\/p>\n<\/div>\n<\/div><\/div>\n\n\n\n<div style=\"height:20px\" aria-hidden=\"true\" class=\"wp-block-spacer\"><\/div>\n\n\n\n<div class=\"wp-block-media-text is-stacked-on-mobile\" style=\"grid-template-columns:16% auto\"><figure class=\"wp-block-media-text__media\"><img data-opt-id=1044839352  data-opt-src=\"https:\/\/www.unyp.cz\/wp-content\/uploads\/2022\/10\/absl_logo_rgb_main.png\"  decoding=\"async\" width=\"969\" height=\"270\" src=\"data:image/svg+xml,%3Csvg%20viewBox%3D%220%200%20100%%20100%%22%20width%3D%22100%%22%20height%3D%22100%%22%20xmlns%3D%22http%3A%2F%2Fwww.w3.org%2F2000%2Fsvg%22%3E%3Crect%20width%3D%22100%%22%20height%3D%22100%%22%20fill%3D%22transparent%22%2F%3E%3C%2Fsvg%3E\" alt=\"\" class=\"wp-image-17699 size-full\" old-srcset=\"https:\/\/www.unyp.cz\/wp-content\/uploads\/2022\/10\/absl_logo_rgb_main.png 969w, https:\/\/www.unyp.cz\/wp-content\/uploads\/2022\/10\/absl_logo_rgb_main.png 300w, https:\/\/www.unyp.cz\/wp-content\/uploads\/2022\/10\/absl_logo_rgb_main.png 150w, https:\/\/www.unyp.cz\/wp-content\/uploads\/2022\/10\/absl_logo_rgb_main.png 768w\" \/><\/figure><div class=\"wp-block-media-text__content\">\n<p>Jako \u010dlen <a href=\"https:\/\/absl.cz\/\">ABSL<\/a> nab\u00edz\u00ed UNYP programy MBA v oblasti obchodn\u00edch slu\u017eeb \u0161it\u00e9 na m\u00edru a speci\u00e1ln\u00ed ceny pro \u010dleny ABSL.<a href=\"https:\/\/www.unyp.cz\/cs\/partnerstvi\/?utm_source=chatgpt.com\" target=\"_blank\" rel=\"noreferrer noopener\"><\/a><\/p>\n<\/div><\/div>\n\n\n\n<div style=\"height:20px\" aria-hidden=\"true\" class=\"wp-block-spacer\"><\/div>\n\n\n\n<div class=\"wp-block-media-text is-stacked-on-mobile\" style=\"grid-template-columns:16% auto\"><figure class=\"wp-block-media-text__media\"><img data-opt-id=929631155  data-opt-src=\"https:\/\/www.unyp.cz\/wp-content\/uploads\/2025\/01\/ceeman_logo9362975350D9.png\"  decoding=\"async\" width=\"442\" height=\"284\" src=\"data:image/svg+xml,%3Csvg%20viewBox%3D%220%200%20100%%20100%%22%20width%3D%22100%%22%20height%3D%22100%%22%20xmlns%3D%22http%3A%2F%2Fwww.w3.org%2F2000%2Fsvg%22%3E%3Crect%20width%3D%22100%%22%20height%3D%22100%%22%20fill%3D%22transparent%22%2F%3E%3C%2Fsvg%3E\" alt=\"\" class=\"wp-image-57724 size-full\" old-srcset=\"https:\/\/www.unyp.cz\/wp-content\/uploads\/2025\/01\/ceeman_logo9362975350D9.png 442w, https:\/\/www.unyp.cz\/wp-content\/uploads\/2025\/01\/ceeman_logo9362975350D9.png 300w, https:\/\/www.unyp.cz\/wp-content\/uploads\/2025\/01\/ceeman_logo9362975350D9.png 150w\" \/><\/figure><div class=\"wp-block-media-text__content\">\n<p>Na\u0161e \u010dlenstv\u00ed v <a href=\"https:\/\/www.ceeman.org\/\">CEEMAN<\/a> n\u00e1s spojuje s nejv\u011bt\u0161\u00ed s\u00edt\u00ed poskytovatel\u016f podnikov\u00e9ho vzd\u011bl\u00e1v\u00e1n\u00ed ve st\u0159edn\u00ed a v\u00fdchodn\u00ed Evrop\u011b.<a href=\"https:\/\/www.unyp.cz\/cs\/partnerstvi\/?utm_source=chatgpt.com\" target=\"_blank\" rel=\"noreferrer noopener\"><\/a><\/p>\n<\/div><\/div>\n\n\n\n<div style=\"height:20px\" aria-hidden=\"true\" class=\"wp-block-spacer\"><\/div>\n\n\n\n<div class=\"wp-block-media-text is-stacked-on-mobile\" style=\"grid-template-columns:16% auto\"><figure class=\"wp-block-media-text__media\"><img data-opt-id=1902573463  data-opt-src=\"https:\/\/www.unyp.cz\/wp-content\/uploads\/2025\/01\/EFMD-logo-horizontal-colour.png\"  decoding=\"async\" width=\"1332\" height=\"520\" src=\"data:image/svg+xml,%3Csvg%20viewBox%3D%220%200%20100%%20100%%22%20width%3D%22100%%22%20height%3D%22100%%22%20xmlns%3D%22http%3A%2F%2Fwww.w3.org%2F2000%2Fsvg%22%3E%3Crect%20width%3D%22100%%22%20height%3D%22100%%22%20fill%3D%22transparent%22%2F%3E%3C%2Fsvg%3E\" alt=\"\" class=\"wp-image-57727 size-full\" old-srcset=\"https:\/\/www.unyp.cz\/wp-content\/uploads\/2025\/01\/EFMD-logo-horizontal-colour.png 1332w, https:\/\/www.unyp.cz\/wp-content\/uploads\/2025\/01\/EFMD-logo-horizontal-colour.png 300w, https:\/\/www.unyp.cz\/wp-content\/uploads\/2025\/01\/EFMD-logo-horizontal-colour.png 150w, https:\/\/www.unyp.cz\/wp-content\/uploads\/2025\/01\/EFMD-logo-horizontal-colour.png 768w\" \/><\/figure><div class=\"wp-block-media-text__content\">\n<p>P\u0159idru\u017een\u00ed UNYP k <a href=\"https:\/\/www.efmdglobal.org\/\">EFMD<\/a> a jej\u00ed celosv\u011btov\u00e9 s\u00edti odr\u00e1\u017e\u00ed na\u0161e odhodl\u00e1n\u00ed dodr\u017eovat vysoce kvalitn\u00ed akademick\u00e9 standardy a neust\u00e1le se zlep\u0161ovat.<\/p>\n<\/div><\/div>\n\n\n\n<div style=\"height:20px\" aria-hidden=\"true\" class=\"wp-block-spacer\"><\/div>\n\n\n\n<div class=\"wp-block-media-text is-stacked-on-mobile\" style=\"grid-template-columns:16% auto\"><figure class=\"wp-block-media-text__media\"><img data-opt-id=580315182  data-opt-src=\"https:\/\/mlgfjgj9j0su.i.optimole.com\/w:auto\/h:auto\/q:mauto\/f:best\/ig:avif\/https:\/\/www.unyp.cz\/wp-content\/uploads\/2025\/01\/Triple-C.svg\"  decoding=\"async\" width=\"498\" height=\"499\" src=\"data:image/svg+xml,%3Csvg%20viewBox%3D%220%200%20100%%20100%%22%20width%3D%22100%%22%20height%3D%22100%%22%20xmlns%3D%22http%3A%2F%2Fwww.w3.org%2F2000%2Fsvg%22%3E%3Crect%20width%3D%22100%%22%20height%3D%22100%%22%20fill%3D%22transparent%22%2F%3E%3C%2Fsvg%3E\" alt=\"\" class=\"optimole-lazy-only  wp-image-57693 size-full\"\/><\/figure><div class=\"wp-block-media-text__content\">\n<p>\u010clenstv\u00ed v <a href=\"https:\/\/gocanada.cz\/\">CanCham<\/a> usnad\u0148uje nav\u00e1z\u00e1n\u00ed kontakt\u016f s kanadsk\u00fdmi podniky a podporuje mezin\u00e1rodn\u00ed spolupr\u00e1ci.<\/p>\n<\/div><\/div>\n\n\n\n<div style=\"height:20px\" aria-hidden=\"true\" class=\"wp-block-spacer\"><\/div>\n\n\n\n<div class=\"wp-block-media-text is-stacked-on-mobile\" style=\"grid-template-columns:16% auto\"><figure class=\"wp-block-media-text__media\"><img data-opt-id=642213166  data-opt-src=\"https:\/\/mlgfjgj9j0su.i.optimole.com\/w:auto\/h:auto\/q:mauto\/f:best\/https:\/\/www.unyp.cz\/wp-content\/uploads\/2025\/01\/unnamed.gif\"  decoding=\"async\" width=\"512\" height=\"212\" src=\"data:image/svg+xml,%3Csvg%20viewBox%3D%220%200%20100%%20100%%22%20width%3D%22100%%22%20height%3D%22100%%22%20xmlns%3D%22http%3A%2F%2Fwww.w3.org%2F2000%2Fsvg%22%3E%3Crect%20width%3D%22100%%22%20height%3D%22100%%22%20fill%3D%22transparent%22%2F%3E%3C%2Fsvg%3E\" alt=\"\" class=\"optimole-lazy-only  wp-image-57730 size-full\"\/><\/figure><div class=\"wp-block-media-text__content\">\n<p>Prost\u0159ednictv\u00edm <a href=\"https:\/\/www.amcham.cz\/\">AmCham<\/a> se UNYP zapojuje do spolupr\u00e1ce s americk\u00fdmi podniky a podporuje tak p\u0159\u00edle\u017eitosti pro studenty i vyu\u010duj\u00edc\u00ed.<\/p>\n<\/div><\/div>\n","protected":false},"excerpt":{"rendered":"<p>University of New York in Prague (UNYP) aktivn\u011b spolupracuje s uzn\u00e1van\u00fdmi institucemi a organizacemi, aby student\u016fm poskytla obohacuj\u00edc\u00ed studijn\u00ed zku\u0161enosti a podpo\u0159ila sv\u00e9 vzd\u011bl\u00e1vac\u00ed posl\u00e1n\u00ed. Tato partnerstv\u00ed a \u010dlenstv\u00ed podporuj\u00ed akademickou excelenci, kulturn\u00ed v\u00fdm\u011bnu a mo\u017enosti profesn\u00edho rozvoje. Vzd\u011bl\u00e1vac\u00ed partnerstv\u00ed UNYP jako hlavn\u00ed vzd\u011bl\u00e1vac\u00ed partner Ekonomick\u00e9 olympi\u00e1dy podporuje tuto mezin\u00e1rodn\u00ed sout\u011b\u017e s c\u00edlem zv\u00fd\u0161it ekonomick\u00e9 [&hellip;]<\/p>\n","protected":false},"author":1,"featured_media":0,"parent":0,"menu_order":0,"comment_status":"closed","ping_status":"closed","template":"","meta":{"_acf_changed":false,"inline_featured_image":false,"advgb_blocks_editor_width":"","advgb_blocks_columns_visual_guide":"","footnotes":""},"categories":[],"tags":[],"class_list":["post-19647","page","type-page","status-publish","hentry"],"acf":[],"mb":[],"coauthors":[],"author_meta":{"author_link":"https:\/\/www.unyp.cz\/cs\/author\/kucera-centario\/","display_name":"kucera.centario"},"relative_dates":{"created":"Posted 4 years ago","modified":"Updated 5 months ago"},"absolute_dates":{"created":"Posted on September 28, 2022","modified":"Updated on November 24, 2025"},"absolute_dates_time":{"created":"Posted on September 28, 2022 11:48 AM","modified":"Updated on November 24, 2025 4:52 PM"},"featured_img_caption":"","featured_img":false,"series_order":"","mfb_rest_fields":["title","coauthors","author_meta","relative_dates","absolute_dates","absolute_dates_time","featured_img_caption","featured_img","series_order"],"_links":{"self":[{"href":"https:\/\/www.unyp.cz\/cs\/wp-json\/wp\/v2\/pages\/19647","targetHints":{"allow":["GET"]}}],"collection":[{"href":"https:\/\/www.unyp.cz\/cs\/wp-json\/wp\/v2\/pages"}],"about":[{"href":"https:\/\/www.unyp.cz\/cs\/wp-json\/wp\/v2\/types\/page"}],"author":[{"embeddable":true,"href":"https:\/\/www.unyp.cz\/cs\/wp-json\/wp\/v2\/users\/1"}],"replies":[{"embeddable":true,"href":"https:\/\/www.unyp.cz\/cs\/wp-json\/wp\/v2\/comments?post=19647"}],"version-history":[{"count":13,"href":"https:\/\/www.unyp.cz\/cs\/wp-json\/wp\/v2\/pages\/19647\/revisions"}],"predecessor-version":[{"id":70902,"href":"https:\/\/www.unyp.cz\/cs\/wp-json\/wp\/v2\/pages\/19647\/revisions\/70902"}],"wp:attachment":[{"href":"https:\/\/www.unyp.cz\/cs\/wp-json\/wp\/v2\/media?parent=19647"}],"wp:term":[{"taxonomy":"category","embeddable":true,"href":"https:\/\/www.unyp.cz\/cs\/wp-json\/wp\/v2\/categories?post=19647"},{"taxonomy":"post_tag","embeddable":true,"href":"https:\/\/www.unyp.cz\/cs\/wp-json\/wp\/v2\/tags?post=19647"}],"curies":[{"name":"wp","href":"https:\/\/api.w.org\/{rel}","templated":true}]}}