{"id":19653,"date":"2022-06-30T07:41:47","date_gmt":"2022-06-30T06:41:47","guid":{"rendered":"https:\/\/www.unyp.cz\/why-study-at-unyp\/"},"modified":"2025-12-22T11:38:03","modified_gmt":"2025-12-22T10:38:03","slug":"why-study-at-unyp","status":"publish","type":"page","link":"https:\/\/www.unyp.cz\/cs\/why-study-at-unyp\/","title":{"rendered":"Pro\u010d studovat na&nbsp;UNYP?"},"content":{"rendered":"\n<figure class=\"wp-block-embed is-type-video is-provider-youtube wp-block-embed-youtube wp-embed-aspect-16-9 wp-has-aspect-ratio\"><div class=\"wp-block-embed__wrapper\">\n<iframe title=\"UNYP Admissions: Your Top Questions Answered!\" width=\"500\" height=\"281\" src=\"https:\/\/www.youtube.com\/embed\/Hv4ZkM9L6Pg?feature=oembed\" frameborder=\"0\" allow=\"accelerometer; autoplay; clipboard-write; encrypted-media; gyroscope; picture-in-picture; web-share\" referrerpolicy=\"strict-origin-when-cross-origin\" allowfullscreen><\/iframe>\n<\/div><\/figure>\n\n\n\n<h2 class=\"wp-block-heading\" id=\"h-proc-si-vybrat-university-of-new-york-in-prague\"><strong>Pro\u010d si vybrat University of New York in Prague?<\/strong><\/h2>\n\n\n\n<p>Objevte, \u010d\u00edm je UNYP v\u00fdjime\u010dnou volbou pro studium v Praze. Od mezin\u00e1rodn\u011b uzn\u00e1van\u00fdch titul\u016f a studijn\u00edch program\u016f vyu\u010dovan\u00fdch v angli\u010dtin\u011b a\u017e po mal\u00e9 studijn\u00ed skupiny a vynikaj\u00edc\u00ed kari\u00e9rn\u00ed uplatn\u011bn\u00ed \u2013 zde je deset d\u016fvod\u016f, pro\u010d si studenti vyb\u00edraj\u00ed UNYP.<\/p>\n\n\n\n<hr class=\"wp-block-separator has-alpha-channel-opacity\"\/>\n\n\n\n<h2 class=\"wp-block-heading\" id=\"h-10-duvodu-proc-studovat-na-unyp\"><strong>10 d\u016fvod\u016f, pro\u010d studovat na UNYP<\/strong><\/h2>\n\n\n\n<figure class=\"wp-block-table\"><table class=\"has-fixed-layout\"><thead><tr><th class=\"has-text-align-left\" data-align=\"left\">Mezin\u00e1rodn\u011b akreditovan\u00e9 americk\u00e9 a evropsk\u00e9 tituly<\/th><th class=\"has-text-align-left\" data-align=\"left\">Z\u00edskejte glob\u00e1ln\u011b uzn\u00e1van\u00fd titul zalo\u017een\u00fd na americk\u00e9m vzd\u011bl\u00e1vac\u00edm modelu v srdci Evropy.<\/th><\/tr><\/thead><tbody><tr><td class=\"has-text-align-left\" data-align=\"left\"><strong>V\u0161echny programy vyu\u010dovan\u00e9 v\u00fdhradn\u011b v angli\u010dtin\u011b<\/strong><\/td><td class=\"has-text-align-left\" data-align=\"left\">Studujte pln\u011b v angli\u010dtin\u011b v mezin\u00e1rodn\u00edm akademick\u00e9m prost\u0159ed\u00ed, bez nutnosti znalosti \u010de\u0161tiny.<\/td><\/tr><tr><td class=\"has-text-align-left\" data-align=\"left\"><strong>Rozmanit\u00e1 studentsk\u00e1 komunita z v\u00edce ne\u017e 80 zem\u00ed<\/strong><\/td><td class=\"has-text-align-left\" data-align=\"left\">Studujte po boku student\u016f z cel\u00e9ho sv\u011bta a budujte skute\u010dn\u011b glob\u00e1ln\u00ed s\u00ed\u0165 kontakt\u016f.<\/td><\/tr><tr><td class=\"has-text-align-left\" data-align=\"left\"><strong>Vysoce kvalifikovan\u00ed vyu\u010duj\u00edc\u00ed s prax\u00ed z re\u00e1ln\u00e9ho sv\u011bta<\/strong><\/td><td class=\"has-text-align-left\" data-align=\"left\">U\u010dte se od profesor\u016f, kte\u0159\u00ed spojuj\u00ed akademickou excelenci s profesion\u00e1ln\u00edmi zku\u0161enostmi z praxe.<\/td><\/tr><tr><td class=\"has-text-align-left\" data-align=\"left\"><strong>Mal\u00e9 studijn\u00ed skupiny a individu\u00e1ln\u00ed p\u0159\u00edstup<\/strong><\/td><td class=\"has-text-align-left\" data-align=\"left\">Vyu\u017eijte \u00fazkou spolupr\u00e1ci s vyu\u010duj\u00edc\u00edmi a v\u00fduku zam\u011b\u0159enou na studenta.<\/td><\/tr><tr><td class=\"has-text-align-left\" data-align=\"left\"><strong>Poloha v centru Prahy<\/strong><\/td><td class=\"has-text-align-left\" data-align=\"left\">Studujte v jednom z nejp\u0159\u00edv\u011btiv\u011bj\u0161\u00edch evropsk\u00fdch m\u011bst pro studenty, p\u0159\u00edmo v centru m\u011bsta.<\/td><\/tr><tr><td class=\"has-text-align-left\" data-align=\"left\"><strong>Siln\u00e9 pracovn\u00ed uplatn\u011bn\u00ed absolvent\u016f<\/strong><\/td><td class=\"has-text-align-left\" data-align=\"left\">Vyu\u017eijte kari\u00e9rn\u00ed podporu a \u00fasp\u011b\u0161nou s\u00ed\u0165 absolvent\u016f \u2013 v\u00edce ne\u017e 90 % student\u016f je zam\u011bstn\u00e1no po ukon\u010den\u00ed studia.<\/td><\/tr><tr><td class=\"has-text-align-left\" data-align=\"left\"><strong>Mo\u017enost z\u00edsk\u00e1n\u00ed dvoj\u00edho diplomu se SUNY Empire State University<\/strong><\/td><td class=\"has-text-align-left\" data-align=\"left\">Z\u00edskejte dal\u0161\u00ed mezin\u00e1rodn\u011b uzn\u00e1van\u00fd titul prost\u0159ednictv\u00edm programu dvoj\u00edho diplomu.<\/td><\/tr><tr><td class=\"has-text-align-left\" data-align=\"left\"><strong>Stipendia a finan\u010dn\u00ed podpora<\/strong><\/td><td class=\"has-text-align-left\" data-align=\"left\">Vyu\u017eijte stipendia a mo\u017enosti finan\u010dn\u00ed pomoci, kter\u00e9 \u010din\u00ed studium na UNYP dostupn\u011bj\u0161\u00edm.<\/td><\/tr><tr><td class=\"has-text-align-left\" data-align=\"left\"><strong>Dynamick\u00fd studentsk\u00fd \u017eivot a kampusov\u00e1 zku\u0161enost<\/strong><\/td><td class=\"has-text-align-left\" data-align=\"left\">U\u017eijte si studentsk\u00e9 kluby, akce, aktivity a aktivn\u00ed mezin\u00e1rodn\u00ed komunitu na kampusu.<\/td><\/tr><\/tbody><\/table><\/figure>\n\n\n\n<div style=\"height:20px\" aria-hidden=\"true\" class=\"wp-block-spacer\"><\/div>\n\n\n\n<p>Chcete-li se dozv\u011bd\u011bt v\u00edce o jak\u00e9mkoliv aspektu studia na UNYP, po\u0161lete n\u00e1m e-mail na <a href=\"mailto:admissions@unyp.cz\">admissions@unyp.cz<\/a>.<\/p>\n","protected":false},"excerpt":{"rendered":"<p>Pro\u010d si vybrat University of New York in Prague? Objevte, \u010d\u00edm je UNYP v\u00fdjime\u010dnou volbou pro studium v Praze. Od mezin\u00e1rodn\u011b uzn\u00e1van\u00fdch titul\u016f a studijn\u00edch program\u016f vyu\u010dovan\u00fdch v angli\u010dtin\u011b a\u017e po mal\u00e9 studijn\u00ed skupiny a vynikaj\u00edc\u00ed kari\u00e9rn\u00ed uplatn\u011bn\u00ed \u2013 zde je deset d\u016fvod\u016f, pro\u010d si studenti vyb\u00edraj\u00ed UNYP. 10 d\u016fvod\u016f, pro\u010d studovat na UNYP Mezin\u00e1rodn\u011b [&hellip;]<\/p>\n","protected":false},"author":1,"featured_media":0,"parent":0,"menu_order":0,"comment_status":"closed","ping_status":"closed","template":"","meta":{"_acf_changed":false,"inline_featured_image":false,"advgb_blocks_editor_width":"","advgb_blocks_columns_visual_guide":"","footnotes":""},"categories":[],"tags":[112,143,121],"class_list":["post-19653","page","type-page","status-publish","hentry","tag-novinky","tag-study-cs","tag-suny-esc-cs"],"acf":[],"mb":[],"coauthors":[],"author_meta":{"author_link":"https:\/\/www.unyp.cz\/cs\/author\/kucera-centario\/","display_name":"kucera.centario"},"relative_dates":{"created":"Posted 4 years ago","modified":"Updated 3 months ago"},"absolute_dates":{"created":"Posted on June 30, 2022","modified":"Updated on December 22, 2025"},"absolute_dates_time":{"created":"Posted on June 30, 2022 7:41 AM","modified":"Updated on December 22, 2025 11:38 AM"},"featured_img_caption":"","featured_img":false,"series_order":"","mfb_rest_fields":["title","coauthors","author_meta","relative_dates","absolute_dates","absolute_dates_time","featured_img_caption","featured_img","series_order"],"_links":{"self":[{"href":"https:\/\/www.unyp.cz\/cs\/wp-json\/wp\/v2\/pages\/19653","targetHints":{"allow":["GET"]}}],"collection":[{"href":"https:\/\/www.unyp.cz\/cs\/wp-json\/wp\/v2\/pages"}],"about":[{"href":"https:\/\/www.unyp.cz\/cs\/wp-json\/wp\/v2\/types\/page"}],"author":[{"embeddable":true,"href":"https:\/\/www.unyp.cz\/cs\/wp-json\/wp\/v2\/users\/1"}],"replies":[{"embeddable":true,"href":"https:\/\/www.unyp.cz\/cs\/wp-json\/wp\/v2\/comments?post=19653"}],"version-history":[{"count":6,"href":"https:\/\/www.unyp.cz\/cs\/wp-json\/wp\/v2\/pages\/19653\/revisions"}],"predecessor-version":[{"id":72766,"href":"https:\/\/www.unyp.cz\/cs\/wp-json\/wp\/v2\/pages\/19653\/revisions\/72766"}],"wp:attachment":[{"href":"https:\/\/www.unyp.cz\/cs\/wp-json\/wp\/v2\/media?parent=19653"}],"wp:term":[{"taxonomy":"category","embeddable":true,"href":"https:\/\/www.unyp.cz\/cs\/wp-json\/wp\/v2\/categories?post=19653"},{"taxonomy":"post_tag","embeddable":true,"href":"https:\/\/www.unyp.cz\/cs\/wp-json\/wp\/v2\/tags?post=19653"}],"curies":[{"name":"wp","href":"https:\/\/api.w.org\/{rel}","templated":true}]}}