{"id":19655,"date":"2022-09-28T12:17:05","date_gmt":"2022-09-28T11:17:05","guid":{"rendered":"https:\/\/www.unyp.cz\/?page_id=19655"},"modified":"2026-02-09T16:57:59","modified_gmt":"2026-02-09T15:57:59","slug":"akademicky-kalendar","status":"publish","type":"page","link":"https:\/\/www.unyp.cz\/cs\/akademicky-kalendar\/","title":{"rendered":"Akademick\u00fd kalend\u00e1\u0159"},"content":{"rendered":"\n<p>M\u011bjte p\u0159ehled d\u00edky akademick\u00e9mu kalend\u00e1\u0159i UNYP.<\/p>\n\n\n\n<p><strong>Akademick\u00fd kalend\u00e1\u0159 UNYP<\/strong> obsahuje v\u0161echna d\u016fle\u017eit\u00e1 data a term\u00edny pro semestr, kter\u00e9 pot\u0159ebujete k napl\u00e1nov\u00e1n\u00ed akademick\u00e9ho roku. A\u0165 u\u017e jste nov\u00fd student, nebo pokra\u010dujete ve studiu, toto je v\u00e1\u0161 zdroj informac\u00ed, kter\u00fd v\u00e1m pom\u016f\u017ee z\u016fstat informovan\u00fd a organizovan\u00fd.<\/p>\n\n\n\n<h3 class=\"wp-block-heading\" id=\"h-co-najdete-v-akademickem-kalendari-unyp\">Co najdete v akademick\u00e9m kalend\u00e1\u0159i UNYP?<\/h3>\n\n\n\n<p>Kalend\u00e1\u0159e zahrnuj\u00ed:<\/p>\n\n\n\n<ul class=\"wp-block-list\">\n<li><strong>Term\u00edny zah\u00e1jen\u00ed a ukon\u010den\u00ed semestru<\/strong><\/li>\n\n\n\n<li><strong>Obdob\u00ed registrace<\/strong><\/li>\n\n\n\n<li><strong>Term\u00edny pro p\u0159id\u00e1n\u00ed\/odhl\u00e1\u0161en\u00ed<\/strong><\/li>\n\n\n\n<li><strong>St\u00e1tn\u00ed sv\u00e1tky a p\u0159est\u00e1vky<\/strong><\/li>\n\n\n\n<li><strong>Harmonogram z\u00e1v\u011bre\u010dn\u00fdch zkou\u0161ek<\/strong><\/li>\n\n\n\n<li><strong>Slavnostn\u00ed promoce<\/strong><\/li>\n<\/ul>\n\n\n\n<p>UNYP funguje v semestr\u00e1ln\u00edm syst\u00e9mu s podzimn\u00edm, jarn\u00edm a letn\u00edm semestrem. Konkr\u00e9tn\u00ed akademick\u00e9 kalend\u00e1\u0159e se m\u00edrn\u011b li\u0161\u00ed v z\u00e1vislosti na studijn\u00edm programu.<\/p>\n\n\n\n<hr class=\"wp-block-separator has-alpha-channel-opacity\"\/>\n\n\n\n<h2 class=\"wp-block-heading\" id=\"h-bakalarske-kalendare-a-rozvrhy\">Bakal\u00e1\u0159sk\u00e9 kalend\u00e1\u0159e a rozvrhy<\/h2>\n\n\n\n<p>N\u00ed\u017ee naleznete kalend\u00e1\u0159 bakal\u00e1\u0159sk\u00e9ho studia.<\/p>\n\n\n\n<div class=\"wp-block-file\"><a id=\"wp-block-file--media-b53b735a-65fe-4280-a1ce-93e6023b05a8\" href=\"https:\/\/www.unyp.cz\/wp-content\/uploads\/2026\/02\/undergraduate-academic-calendar-2026-2027-1.pdf\">Undergraduate Academic Calendar 2026-2027<\/a><a href=\"https:\/\/www.unyp.cz\/wp-content\/uploads\/2026\/02\/undergraduate-academic-calendar-2026-2027-1.pdf\" class=\"wp-block-file__button wp-element-button\" download aria-describedby=\"wp-block-file--media-b53b735a-65fe-4280-a1ce-93e6023b05a8\">Download<\/a><\/div>\n\n\n\n<div class=\"wp-block-file\"><a id=\"wp-block-file--media-eb636f4f-b73b-4133-86ef-f4341fbc2c97\" href=\"https:\/\/www.unyp.cz\/wp-content\/uploads\/2026\/02\/undergraduate-academic-calendar-2025-2026-2.pdf\">Undergraduate Academic Calendar 2025-2026<\/a><a href=\"https:\/\/www.unyp.cz\/wp-content\/uploads\/2026\/02\/undergraduate-academic-calendar-2025-2026-2.pdf\" class=\"wp-block-file__button wp-element-button\" download aria-describedby=\"wp-block-file--media-eb636f4f-b73b-4133-86ef-f4341fbc2c97\">Download<\/a><\/div>\n\n\n\n<p>Podrobn\u011bj\u0161\u00ed p\u0159ehled v\u0161ech pl\u00e1novan\u00fdch kurz\u016f (seznam kurz\u016f a kurz\u016f pro hostuj\u00edc\u00ed studenty) naleznete na str\u00e1nce UNYP e-Learning (v horn\u00ed li\u0161t\u011b menu na domovsk\u00e9 str\u00e1nce UNYP). Upozor\u0148ujeme, \u017ee pro p\u0159\u00edstup do e-Learningu budete pot\u0159ebovat u\u017eivatelsk\u00e9 jm\u00e9no a heslo, kter\u00e9 v\u00e1m poskytne IT odd\u011blen\u00ed.<\/p>\n\n\n\n<hr class=\"wp-block-separator has-alpha-channel-opacity\"\/>\n\n\n\n<h2 class=\"wp-block-heading\" id=\"h-magisterske-a-mba-kalendare-a-rozvrhy\">Magistersk\u00e9 a MBA kalend\u00e1\u0159e a rozvrhy<\/h2>\n\n\n\n<p>Odkaz na p\u0159ehled kalend\u00e1\u0159\u016f pro magistersk\u00e9 programy najdete <a href=\"https:\/\/airtable.com\/app4hWCbWWQhroQBd\/shrwxoAiTxljQ05lC\/tblnVEny8KbBMhMLi?date=undefined&amp;mode=undefined\">zde<\/a>.<\/p>\n\n\n\n<p>Podrobn\u00fd seznam v\u0161ech napl\u00e1novan\u00fdch lekc\u00ed naleznete na <a href=\"https:\/\/elearning.unyp.cz\/login\/index.php\">UNYP e-Learning<\/a>. Vezm\u011bte pros\u00edm na v\u011bdom\u00ed, \u017ee pro p\u0159\u00edstup k e-learningu pot\u0159ebujete u\u017eivatelsk\u00e9 jm\u00e9no a heslo, kter\u00e9 v\u00e1m poskytne IT helpdesk.<\/p>\n\n\n\n<hr class=\"wp-block-separator has-alpha-channel-opacity\"\/>\n\n\n\n<h3 class=\"wp-block-heading\" id=\"h-mate-dotazy\">M\u00e1te dotazy?<\/h3>\n\n\n\n<p>Akademick\u00e9 kalend\u00e1\u0159e se mohou m\u011bnit. Pravideln\u011b kontrolujte tuto str\u00e1nku, abyste zjistili jej\u00ed nejnov\u011bj\u0161\u00ed verzi nebo aktualizace.<\/p>\n\n\n\n<p>Pokud pot\u0159ebujete pomoci s porozum\u011bn\u00edm kalend\u00e1\u0159e sv\u00e9ho programu nebo m\u00e1te dotazy ohledn\u011b rozvrhu, kontaktujte <strong>Registrar\u2019s Office<\/strong> na adrese:<br>\ud83d\udce7&nbsp;<a>registrar@unyp.cz<\/a><br>\ud83d\udcde +420 224 221 261<\/p>\n","protected":false},"excerpt":{"rendered":"<p>M\u011bjte p\u0159ehled d\u00edky akademick\u00e9mu kalend\u00e1\u0159i UNYP. Akademick\u00fd kalend\u00e1\u0159 UNYP obsahuje v\u0161echna d\u016fle\u017eit\u00e1 data a term\u00edny pro semestr, kter\u00e9 pot\u0159ebujete k napl\u00e1nov\u00e1n\u00ed akademick\u00e9ho roku. A\u0165 u\u017e jste nov\u00fd student, nebo pokra\u010dujete ve studiu, toto je v\u00e1\u0161 zdroj informac\u00ed, kter\u00fd v\u00e1m pom\u016f\u017ee z\u016fstat informovan\u00fd a organizovan\u00fd. Co najdete v akademick\u00e9m kalend\u00e1\u0159i UNYP? Kalend\u00e1\u0159e zahrnuj\u00ed: UNYP funguje v [&hellip;]<\/p>\n","protected":false},"author":1,"featured_media":0,"parent":0,"menu_order":0,"comment_status":"closed","ping_status":"closed","template":"","meta":{"_acf_changed":false,"inline_featured_image":false,"advgb_blocks_editor_width":"","advgb_blocks_columns_visual_guide":"","footnotes":""},"categories":[],"tags":[],"class_list":["post-19655","page","type-page","status-publish","hentry"],"acf":[],"mb":[],"coauthors":[],"author_meta":{"author_link":"https:\/\/www.unyp.cz\/cs\/author\/kucera-centario\/","display_name":"kucera.centario"},"relative_dates":{"created":"Posted 4 years ago","modified":"Updated 2 months ago"},"absolute_dates":{"created":"Posted on September 28, 2022","modified":"Updated on February 9, 2026"},"absolute_dates_time":{"created":"Posted on September 28, 2022 12:17 PM","modified":"Updated on February 9, 2026 4:57 PM"},"featured_img_caption":"","featured_img":false,"series_order":"","mfb_rest_fields":["title","coauthors","author_meta","relative_dates","absolute_dates","absolute_dates_time","featured_img_caption","featured_img","series_order"],"_links":{"self":[{"href":"https:\/\/www.unyp.cz\/cs\/wp-json\/wp\/v2\/pages\/19655","targetHints":{"allow":["GET"]}}],"collection":[{"href":"https:\/\/www.unyp.cz\/cs\/wp-json\/wp\/v2\/pages"}],"about":[{"href":"https:\/\/www.unyp.cz\/cs\/wp-json\/wp\/v2\/types\/page"}],"author":[{"embeddable":true,"href":"https:\/\/www.unyp.cz\/cs\/wp-json\/wp\/v2\/users\/1"}],"replies":[{"embeddable":true,"href":"https:\/\/www.unyp.cz\/cs\/wp-json\/wp\/v2\/comments?post=19655"}],"version-history":[{"count":19,"href":"https:\/\/www.unyp.cz\/cs\/wp-json\/wp\/v2\/pages\/19655\/revisions"}],"predecessor-version":[{"id":75068,"href":"https:\/\/www.unyp.cz\/cs\/wp-json\/wp\/v2\/pages\/19655\/revisions\/75068"}],"wp:attachment":[{"href":"https:\/\/www.unyp.cz\/cs\/wp-json\/wp\/v2\/media?parent=19655"}],"wp:term":[{"taxonomy":"category","embeddable":true,"href":"https:\/\/www.unyp.cz\/cs\/wp-json\/wp\/v2\/categories?post=19655"},{"taxonomy":"post_tag","embeddable":true,"href":"https:\/\/www.unyp.cz\/cs\/wp-json\/wp\/v2\/tags?post=19655"}],"curies":[{"name":"wp","href":"https:\/\/api.w.org\/{rel}","templated":true}]}}