{"id":19659,"date":"2022-09-28T12:16:33","date_gmt":"2022-09-28T11:16:33","guid":{"rendered":"https:\/\/www.unyp.cz\/student-council\/"},"modified":"2025-07-01T13:20:50","modified_gmt":"2025-07-01T12:20:50","slug":"studentska-rada","status":"publish","type":"page","link":"https:\/\/www.unyp.cz\/cs\/studentska-rada\/","title":{"rendered":"Studentsk\u00e1 rada"},"content":{"rendered":"\n<h2 class=\"wp-block-heading\">Co je studentsk\u00e1 rada?<\/h2>\n\n\n\n<figure class=\"wp-block-image alignleft size-full is-resized\"><img data-opt-id=240531710  fetchpriority=\"high\" decoding=\"async\" width=\"1649\" height=\"2560\" src=\"https:\/\/www.unyp.cz\/wp-content\/uploads\/2025\/10\/unyp_icon_sc-1-1-scaled.png\" alt=\"\" class=\"wp-image-69487\" style=\"width:160px;height:auto\" srcset=\"https:\/\/www.unyp.cz\/wp-content\/uploads\/2025\/10\/unyp_icon_sc-1-1-scaled.png 1649w, https:\/\/www.unyp.cz\/wp-content\/uploads\/2025\/10\/unyp_icon_sc-1-1-scaled.png 193w, https:\/\/www.unyp.cz\/wp-content\/uploads\/2025\/10\/unyp_icon_sc-1-1-scaled.png 644w, https:\/\/www.unyp.cz\/wp-content\/uploads\/2025\/10\/unyp_icon_sc-1-1-scaled.png 97w, https:\/\/www.unyp.cz\/wp-content\/uploads\/2025\/10\/unyp_icon_sc-1-1-scaled.png 768w, https:\/\/www.unyp.cz\/wp-content\/uploads\/2025\/10\/unyp_icon_sc-1-1-scaled.png 990w, https:\/\/www.unyp.cz\/wp-content\/uploads\/2025\/10\/unyp_icon_sc-1-1-scaled.png 1319w\" sizes=\"(max-width: 1000px) 100vw, 1000px\" \/><\/figure>\n\n\n\n<p>Studentsk\u00e1 rada UNYP je ofici\u00e1ln\u011b zvolen\u00fd org\u00e1n, kter\u00fd zastupuje v\u0161echny studenty University of New York in Prague. Slou\u017e\u00ed jako d\u016fle\u017eit\u00fd spojovac\u00ed \u010dl\u00e1nek mezi studentsk\u00fdm sborem a veden\u00edm univerzity a zaji\u0161\u0165uje, aby byly hlasy student\u016f vysly\u0161eny a zohledn\u011bny ve v\u0161ech aspektech \u017eivota univerzity.<\/p>\n\n\n\n<p>Tato dynamick\u00e1 skupina student\u016f h\u00e1j\u00ed va\u0161e z\u00e1jmy, organizuje akce, podporuje studentsk\u00e9 iniciativy a pom\u00e1h\u00e1 utv\u00e1\u0159et celkov\u00fd studentsk\u00fd \u017eivot. A\u0165 u\u017e v\u00e1s zaj\u00edm\u00e1 budov\u00e1n\u00ed komunity, zp\u011btn\u00e1 vazba od akademik\u016f nebo zlep\u0161en\u00ed studentsk\u00e9ho \u017eivota, Studentsk\u00e1 rada je tu od toho, aby n\u011bco zm\u011bnila.<\/p>\n\n\n\n<hr class=\"wp-block-separator has-alpha-channel-opacity\" \/>\n\n\n\n<h2 class=\"wp-block-heading\">Co studentsk\u00e1 rada d\u011bl\u00e1?<\/h2>\n\n\n\n<p>Na UNYP je studentsk\u00e1 rada v\u00edce ne\u017e jen hlasem &#8211; je hybnou silou zm\u011bn. Rada hraje z\u00e1sadn\u00ed roli p\u0159i:<\/p>\n\n\n\n<ul class=\"wp-block-list\">\n<li>Zastupov\u00e1n\u00ed student\u016f p\u0159i jedn\u00e1n\u00edch s veden\u00edm univerzity, akademick\u00fdmi odd\u011blen\u00edmi a spr\u00e1vn\u00edmi org\u00e1ny.<\/li>\n\n\n\n<li>Organizov\u00e1n\u00ed spole\u010densk\u00fdch akc\u00ed, p\u0159\u00edle\u017eitost\u00ed k navazov\u00e1n\u00ed kontakt\u016f a iniciativ veden\u00fdch studenty, kter\u00e9 sbli\u017euj\u00ed komunitu.<\/li>\n\n\n\n<li>Podporovat studentsk\u00e9 kluby a spolky p\u0159id\u011blov\u00e1n\u00edm prost\u0159edk\u016f a poskytov\u00e1n\u00edm poradenstv\u00ed.<\/li>\n\n\n\n<li>P\u016fsoben\u00ed jako prost\u0159edn\u00edk pro sd\u011blov\u00e1n\u00ed pot\u0159eb student\u016f a zp\u011btn\u00e9 vazby veden\u00ed univerzity.<\/li>\n\n\n\n<li>Zlep\u0161ov\u00e1n\u00ed zku\u0161enost\u00ed student\u016f navrhov\u00e1n\u00edm nov\u00fdch n\u00e1pad\u016f, poskytov\u00e1n\u00edm \u0159e\u0161en\u00ed a spoluprac\u00ed na projektech, kter\u00e9 zlep\u0161uj\u00ed \u017eivot v kampusu.<\/li>\n\n\n\n<li>Podporovat inkluzi a rozmanitost t\u00edm, \u017ee zajist\u00ed, aby ka\u017ed\u00fd student m\u011bl mo\u017enost b\u00fdt vysly\u0161en.<\/li>\n<\/ul>\n\n\n\n<hr class=\"wp-block-separator has-alpha-channel-opacity\" \/>\n\n\n\n<h2 class=\"wp-block-heading\">Pro\u010d se zapojit?<\/h2>\n\n\n\n<p>\u010clenstv\u00ed ve studentsk\u00e9 rad\u011b nebo spolupr\u00e1ce s n\u00ed je skv\u011bl\u00fd zp\u016fsob, jak:<\/p>\n\n\n\n<ul class=\"wp-block-list\">\n<li>Rozv\u00edjet v\u016fd\u010d\u00ed schopnosti, t\u00fdmovou pr\u00e1ci a komunika\u010dn\u00ed dovednosti.<\/li>\n\n\n\n<li>Nav\u00e1zat kontakty s dal\u0161\u00edmi motivovan\u00fdmi studenty a vyu\u010duj\u00edc\u00edmi.<\/li>\n\n\n\n<li>Ovliv\u0148ovat skute\u010dn\u00e9 zm\u011bny na \u0161kole.<\/li>\n\n\n\n<li>Oboha\u0165te sv\u00e9 univerzitn\u00ed zku\u0161enosti i mimo u\u010debny.<\/li>\n<\/ul>\n\n\n\n<hr class=\"wp-block-separator has-alpha-channel-opacity\" \/>\n\n\n\n<h2 class=\"wp-block-heading\">Seznamte se se z\u00e1stupci studentsk\u00e9 rady<\/h2>\n\n\n\n<p>Studentsk\u00e1 rada se skl\u00e1d\u00e1 z volen\u00fdch \u010dlen\u016f zastupuj\u00edc\u00edch r\u016fzn\u00e9 studentsk\u00e9 skupiny. N\u00ed\u017ee je uveden aktu\u00e1ln\u00ed seznam z\u00e1stupc\u016f:<\/p>\n\n\n\n<figure class=\"wp-block-table\"><table class=\"has-fixed-layout\"><thead><tr><th><strong>Name<\/strong><\/th><th><strong>Position<\/strong><\/th><th><strong>Program \/ Role<\/strong><\/th><\/tr><\/thead><tbody><tr><td>Gligor Ligovski<\/td><td>President<\/td><td><\/td><\/tr><tr><td>Daniel Petruska<\/td><td>Vice President<\/td><td><\/td><\/tr><tr><td>Zuzanna Karp<\/td><td>Public Relations<\/td><td><\/td><\/tr><tr><td>Daria Ihnatieva<\/td><td>Secretary<\/td><td><\/td><\/tr><tr><td>Zuzana Stypova<\/td><td>Event Manager<\/td><td><\/td><\/tr><tr><td>Sara Milian Aguilera<\/td><td>Club Manager<\/td><td><\/td><\/tr><tr><td>Aruzhan Maksut<\/td><td>Treasurer<\/td><td><\/td><\/tr><\/tbody><\/table><\/figure>\n\n\n\n<p>Zapojen\u00ed do studentsk\u00e9 rady UNYP je skv\u011bl\u00fd zp\u016fsob, jak v\u00e9st, spolupracovat a utv\u00e1\u0159et \u017eivot v kampusu. Volby se konaj\u00ed ka\u017edoro\u010dn\u011b a v\u0161ichni studenti si sv\u00e9 z\u00e1stupce vyb\u00edraj\u00ed v online hlasov\u00e1n\u00ed. Po volb\u00e1ch Rada p\u0159id\u011bl\u00ed vedouc\u00ed funkce prost\u0159ednictv\u00edm intern\u00edho hlasov\u00e1n\u00ed. Studenti, kte\u0159\u00ed cht\u011bj\u00ed p\u0159isp\u011bt i mimo volebn\u00ed cyklus, se mohou zapojit jako spolupracovn\u00edci Studentsk\u00e9 rady &#8211; flexibiln\u00ed zp\u016fsob, jak podpo\u0159it projekty, ani\u017e by zast\u00e1vali n\u011bjakou funkci. T\u00fddenn\u00ed sch\u016fzky jsou otev\u0159en\u00e9 v\u0161em student\u016fm UNYP, kte\u0159\u00ed maj\u00ed n\u00e1pady nebo zp\u011btnou vazbu. Sta\u010d\u00ed poslat Rad\u011b zpr\u00e1vu, abyste se k n\u00ed p\u0159ipojili a za\u010dali ovliv\u0148ovat d\u011bn\u00ed.<\/p>\n\n\n\n<hr class=\"wp-block-separator has-alpha-channel-opacity\" \/>\n\n\n\n<h2 class=\"wp-block-heading\">Kontaktujte studentskou radu<\/h2>\n\n\n\n<p>M\u00e1te n\u00e1pady, dotazy nebo p\u0159ipom\u00ednky? Studentsk\u00e1 rada je tu pro v\u00e1s!<\/p>\n\n\n\n<p><strong>Email<\/strong>:&nbsp;<a href=\"https:\/\/www.unyp.cz\/student-council\/sc@unyp.cz\" target=\"_blank\" rel=\"noreferrer noopener\"><\/a><a href=\"mailto:sc@unyp.cz\">sc@unyp.cz<\/a><br><strong>Instagram<\/strong>:&nbsp;&nbsp;<a href=\"https:\/\/www.instagram.com\/unypsc\/\" target=\"_blank\" rel=\"noreferrer noopener\">https:\/\/www.instagram.com\/unypsc\/<\/a><\/p>\n","protected":false},"excerpt":{"rendered":"<p>Co je studentsk\u00e1 rada? Studentsk\u00e1 rada UNYP je ofici\u00e1ln\u011b zvolen\u00fd org\u00e1n, kter\u00fd zastupuje v\u0161echny studenty University of New York in Prague. Slou\u017e\u00ed jako d\u016fle\u017eit\u00fd spojovac\u00ed \u010dl\u00e1nek mezi studentsk\u00fdm sborem a veden\u00edm univerzity a zaji\u0161\u0165uje, aby byly hlasy student\u016f vysly\u0161eny a zohledn\u011bny ve v\u0161ech aspektech \u017eivota univerzity. Tato dynamick\u00e1 skupina student\u016f h\u00e1j\u00ed va\u0161e z\u00e1jmy, organizuje akce, [&hellip;]<\/p>\n","protected":false},"author":63,"featured_media":0,"parent":0,"menu_order":0,"comment_status":"closed","ping_status":"closed","template":"","meta":{"_acf_changed":false,"inline_featured_image":false,"advgb_blocks_editor_width":"","advgb_blocks_columns_visual_guide":"","footnotes":""},"categories":[],"tags":[125,127,128,143],"class_list":["post-19659","page","type-page","status-publish","hentry","tag-studentsky-zivot","tag-studium","tag-studium-v-zahranici","tag-study-cs"],"acf":[],"mb":[],"coauthors":[],"author_meta":{"author_link":"https:\/\/www.unyp.cz\/cs\/author\/vlibovickaunyp-cz\/","display_name":"Veronika Libovick\u00e1"},"relative_dates":{"created":"Posted 4 years ago","modified":"Updated 9 months ago"},"absolute_dates":{"created":"Posted on September 28, 2022","modified":"Updated on July 1, 2025"},"absolute_dates_time":{"created":"Posted on September 28, 2022 12:16 PM","modified":"Updated on July 1, 2025 1:20 PM"},"featured_img_caption":"","featured_img":false,"series_order":"","mfb_rest_fields":["title","coauthors","author_meta","relative_dates","absolute_dates","absolute_dates_time","featured_img_caption","featured_img","series_order"],"_links":{"self":[{"href":"https:\/\/www.unyp.cz\/cs\/wp-json\/wp\/v2\/pages\/19659","targetHints":{"allow":["GET"]}}],"collection":[{"href":"https:\/\/www.unyp.cz\/cs\/wp-json\/wp\/v2\/pages"}],"about":[{"href":"https:\/\/www.unyp.cz\/cs\/wp-json\/wp\/v2\/types\/page"}],"author":[{"embeddable":true,"href":"https:\/\/www.unyp.cz\/cs\/wp-json\/wp\/v2\/users\/63"}],"replies":[{"embeddable":true,"href":"https:\/\/www.unyp.cz\/cs\/wp-json\/wp\/v2\/comments?post=19659"}],"version-history":[{"count":11,"href":"https:\/\/www.unyp.cz\/cs\/wp-json\/wp\/v2\/pages\/19659\/revisions"}],"predecessor-version":[{"id":69480,"href":"https:\/\/www.unyp.cz\/cs\/wp-json\/wp\/v2\/pages\/19659\/revisions\/69480"}],"wp:attachment":[{"href":"https:\/\/www.unyp.cz\/cs\/wp-json\/wp\/v2\/media?parent=19659"}],"wp:term":[{"taxonomy":"category","embeddable":true,"href":"https:\/\/www.unyp.cz\/cs\/wp-json\/wp\/v2\/categories?post=19659"},{"taxonomy":"post_tag","embeddable":true,"href":"https:\/\/www.unyp.cz\/cs\/wp-json\/wp\/v2\/tags?post=19659"}],"curies":[{"name":"wp","href":"https:\/\/api.w.org\/{rel}","templated":true}]}}