{"id":19694,"date":"2022-09-28T12:17:51","date_gmt":"2022-09-28T11:17:51","guid":{"rendered":"https:\/\/www.unyp.cz\/it-services\/"},"modified":"2025-06-23T17:31:59","modified_gmt":"2025-06-23T16:31:59","slug":"it-sluzby","status":"publish","type":"page","link":"https:\/\/www.unyp.cz\/cs\/it-sluzby\/","title":{"rendered":"IT Slu\u017eby"},"content":{"rendered":"\n<figure class=\"wp-block-gallery has-nested-images columns-default is-cropped wp-block-gallery-2 is-layout-flex wp-block-gallery-is-layout-flex\">\n<figure class=\"wp-block-image size-large\"><a href=\"https:\/\/mlgfjgj9j0su.i.optimole.com\/w:auto\/h:auto\/q:mauto\/f:best\/https:\/\/www.unyp.cz\/wp-content\/uploads\/2022\/10\/computers-001.jpg\"><img data-opt-id=473158996  fetchpriority=\"high\" decoding=\"async\" width=\"660\" height=\"440\" data-id=\"17094\" src=\"https:\/\/mlgfjgj9j0su.i.optimole.com\/w:auto\/h:auto\/q:mauto\/f:best\/https:\/\/www.unyp.cz\/wp-content\/uploads\/2022\/10\/computers-001.jpg\" alt=\"\" class=\"wp-image-17094\" srcset=\"https:\/\/mlgfjgj9j0su.i.optimole.com\/w:660\/h:440\/q:mauto\/f:best\/https:\/\/www.unyp.cz\/wp-content\/uploads\/2022\/10\/computers-001.jpg 660w, https:\/\/mlgfjgj9j0su.i.optimole.com\/w:300\/h:200\/q:mauto\/f:best\/https:\/\/www.unyp.cz\/wp-content\/uploads\/2022\/10\/computers-001.jpg 300w, https:\/\/mlgfjgj9j0su.i.optimole.com\/w:150\/h:100\/q:mauto\/f:best\/https:\/\/www.unyp.cz\/wp-content\/uploads\/2022\/10\/computers-001.jpg 150w\" sizes=\"(max-width: 660px) 100vw, 660px\" \/><\/a><\/figure>\n\n\n\n<figure class=\"wp-block-image size-large\"><a href=\"https:\/\/mlgfjgj9j0su.i.optimole.com\/w:auto\/h:auto\/q:mauto\/f:best\/https:\/\/www.unyp.cz\/wp-content\/uploads\/2022\/10\/computers-000.jpg\"><img data-opt-id=1460337445  fetchpriority=\"high\" decoding=\"async\" width=\"660\" height=\"440\" data-id=\"17078\" src=\"https:\/\/mlgfjgj9j0su.i.optimole.com\/w:auto\/h:auto\/q:mauto\/f:best\/https:\/\/www.unyp.cz\/wp-content\/uploads\/2022\/10\/computers-000.jpg\" alt=\"\" class=\"wp-image-17078\" srcset=\"https:\/\/mlgfjgj9j0su.i.optimole.com\/w:660\/h:440\/q:mauto\/f:best\/https:\/\/www.unyp.cz\/wp-content\/uploads\/2022\/10\/computers-000.jpg 660w, https:\/\/mlgfjgj9j0su.i.optimole.com\/w:300\/h:200\/q:mauto\/f:best\/https:\/\/www.unyp.cz\/wp-content\/uploads\/2022\/10\/computers-000.jpg 300w, https:\/\/mlgfjgj9j0su.i.optimole.com\/w:150\/h:100\/q:mauto\/f:best\/https:\/\/www.unyp.cz\/wp-content\/uploads\/2022\/10\/computers-000.jpg 150w\" sizes=\"(max-width: 660px) 100vw, 660px\" \/><\/a><\/figure>\n\n\n\n<figure class=\"wp-block-image size-large\"><a href=\"https:\/\/mlgfjgj9j0su.i.optimole.com\/w:auto\/h:auto\/q:mauto\/f:best\/https:\/\/www.unyp.cz\/wp-content\/uploads\/2022\/10\/computers-002.jpg\"><img data-opt-id=1739240223  fetchpriority=\"high\" decoding=\"async\" width=\"660\" height=\"440\" data-id=\"17075\" src=\"https:\/\/mlgfjgj9j0su.i.optimole.com\/w:auto\/h:auto\/q:mauto\/f:best\/https:\/\/www.unyp.cz\/wp-content\/uploads\/2022\/10\/computers-002.jpg\" alt=\"\" class=\"wp-image-17075\" srcset=\"https:\/\/mlgfjgj9j0su.i.optimole.com\/w:660\/h:440\/q:mauto\/f:best\/https:\/\/www.unyp.cz\/wp-content\/uploads\/2022\/10\/computers-002.jpg 660w, https:\/\/mlgfjgj9j0su.i.optimole.com\/w:300\/h:200\/q:mauto\/f:best\/https:\/\/www.unyp.cz\/wp-content\/uploads\/2022\/10\/computers-002.jpg 300w, https:\/\/mlgfjgj9j0su.i.optimole.com\/w:150\/h:100\/q:mauto\/f:best\/https:\/\/www.unyp.cz\/wp-content\/uploads\/2022\/10\/computers-002.jpg 150w\" sizes=\"(max-width: 660px) 100vw, 660px\" \/><\/a><\/figure>\n\n\n\n<figure class=\"wp-block-image size-large\"><a href=\"https:\/\/mlgfjgj9j0su.i.optimole.com\/w:auto\/h:auto\/q:mauto\/f:best\/https:\/\/www.unyp.cz\/wp-content\/uploads\/2022\/10\/computers-003.jpg\"><img data-opt-id=1878239113  fetchpriority=\"high\" decoding=\"async\" width=\"660\" height=\"440\" data-id=\"17087\" src=\"https:\/\/mlgfjgj9j0su.i.optimole.com\/w:auto\/h:auto\/q:mauto\/f:best\/https:\/\/www.unyp.cz\/wp-content\/uploads\/2022\/10\/computers-003.jpg\" alt=\"\" class=\"wp-image-17087\" srcset=\"https:\/\/mlgfjgj9j0su.i.optimole.com\/w:660\/h:440\/q:mauto\/f:best\/https:\/\/www.unyp.cz\/wp-content\/uploads\/2022\/10\/computers-003.jpg 660w, https:\/\/mlgfjgj9j0su.i.optimole.com\/w:300\/h:200\/q:mauto\/f:best\/https:\/\/www.unyp.cz\/wp-content\/uploads\/2022\/10\/computers-003.jpg 300w, https:\/\/mlgfjgj9j0su.i.optimole.com\/w:150\/h:100\/q:mauto\/f:best\/https:\/\/www.unyp.cz\/wp-content\/uploads\/2022\/10\/computers-003.jpg 150w\" sizes=\"(max-width: 660px) 100vw, 660px\" \/><\/a><\/figure>\n\n\n\n<figure class=\"wp-block-image size-large\"><a href=\"https:\/\/mlgfjgj9j0su.i.optimole.com\/w:auto\/h:auto\/q:mauto\/f:best\/https:\/\/www.unyp.cz\/wp-content\/uploads\/2022\/10\/computers-004.jpg\"><img data-opt-id=1323842797  fetchpriority=\"high\" decoding=\"async\" width=\"660\" height=\"440\" data-id=\"17083\" src=\"https:\/\/mlgfjgj9j0su.i.optimole.com\/w:auto\/h:auto\/q:mauto\/f:best\/https:\/\/www.unyp.cz\/wp-content\/uploads\/2022\/10\/computers-004.jpg\" alt=\"\" class=\"wp-image-17083\" srcset=\"https:\/\/mlgfjgj9j0su.i.optimole.com\/w:660\/h:440\/q:mauto\/f:best\/https:\/\/www.unyp.cz\/wp-content\/uploads\/2022\/10\/computers-004.jpg 660w, https:\/\/mlgfjgj9j0su.i.optimole.com\/w:300\/h:200\/q:mauto\/f:best\/https:\/\/www.unyp.cz\/wp-content\/uploads\/2022\/10\/computers-004.jpg 300w, https:\/\/mlgfjgj9j0su.i.optimole.com\/w:150\/h:100\/q:mauto\/f:best\/https:\/\/www.unyp.cz\/wp-content\/uploads\/2022\/10\/computers-004.jpg 150w\" sizes=\"(max-width: 660px) 100vw, 660px\" \/><\/a><\/figure>\n\n\n\n<figure class=\"wp-block-image size-large\"><a href=\"https:\/\/mlgfjgj9j0su.i.optimole.com\/w:auto\/h:auto\/q:mauto\/f:best\/https:\/\/www.unyp.cz\/wp-content\/uploads\/2022\/10\/computers-005.jpg\"><img data-opt-id=1281767168  fetchpriority=\"high\" decoding=\"async\" width=\"660\" height=\"440\" data-id=\"17067\" src=\"https:\/\/mlgfjgj9j0su.i.optimole.com\/w:auto\/h:auto\/q:mauto\/f:best\/https:\/\/www.unyp.cz\/wp-content\/uploads\/2022\/10\/computers-005.jpg\" alt=\"\" class=\"wp-image-17067\" srcset=\"https:\/\/mlgfjgj9j0su.i.optimole.com\/w:660\/h:440\/q:mauto\/f:best\/https:\/\/www.unyp.cz\/wp-content\/uploads\/2022\/10\/computers-005.jpg 660w, https:\/\/mlgfjgj9j0su.i.optimole.com\/w:300\/h:200\/q:mauto\/f:best\/https:\/\/www.unyp.cz\/wp-content\/uploads\/2022\/10\/computers-005.jpg 300w, https:\/\/mlgfjgj9j0su.i.optimole.com\/w:150\/h:100\/q:mauto\/f:best\/https:\/\/www.unyp.cz\/wp-content\/uploads\/2022\/10\/computers-005.jpg 150w\" sizes=\"(max-width: 660px) 100vw, 660px\" \/><\/a><\/figure>\n\n\n\n<figure class=\"wp-block-image size-large\"><a href=\"https:\/\/mlgfjgj9j0su.i.optimole.com\/w:auto\/h:auto\/q:mauto\/f:best\/https:\/\/www.unyp.cz\/wp-content\/uploads\/2022\/10\/computers-006.jpg\"><img data-opt-id=1723879515  fetchpriority=\"high\" decoding=\"async\" width=\"660\" height=\"440\" data-id=\"17091\" src=\"https:\/\/mlgfjgj9j0su.i.optimole.com\/w:auto\/h:auto\/q:mauto\/f:best\/https:\/\/www.unyp.cz\/wp-content\/uploads\/2022\/10\/computers-006.jpg\" alt=\"\" class=\"wp-image-17091\" srcset=\"https:\/\/mlgfjgj9j0su.i.optimole.com\/w:660\/h:440\/q:mauto\/f:best\/https:\/\/www.unyp.cz\/wp-content\/uploads\/2022\/10\/computers-006.jpg 660w, https:\/\/mlgfjgj9j0su.i.optimole.com\/w:300\/h:200\/q:mauto\/f:best\/https:\/\/www.unyp.cz\/wp-content\/uploads\/2022\/10\/computers-006.jpg 300w, https:\/\/mlgfjgj9j0su.i.optimole.com\/w:150\/h:100\/q:mauto\/f:best\/https:\/\/www.unyp.cz\/wp-content\/uploads\/2022\/10\/computers-006.jpg 150w\" sizes=\"(max-width: 660px) 100vw, 660px\" \/><\/a><\/figure>\n\n\n\n<figure class=\"wp-block-image size-large\"><a href=\"https:\/\/mlgfjgj9j0su.i.optimole.com\/w:auto\/h:auto\/q:mauto\/f:best\/https:\/\/www.unyp.cz\/wp-content\/uploads\/2022\/10\/computers.jpg\"><img data-opt-id=8928746  fetchpriority=\"high\" decoding=\"async\" width=\"660\" height=\"440\" data-id=\"17070\" src=\"https:\/\/mlgfjgj9j0su.i.optimole.com\/w:auto\/h:auto\/q:mauto\/f:best\/https:\/\/www.unyp.cz\/wp-content\/uploads\/2022\/10\/computers.jpg\" alt=\"\" class=\"wp-image-17070\" srcset=\"https:\/\/mlgfjgj9j0su.i.optimole.com\/w:660\/h:440\/q:mauto\/f:best\/https:\/\/www.unyp.cz\/wp-content\/uploads\/2022\/10\/computers.jpg 660w, https:\/\/mlgfjgj9j0su.i.optimole.com\/w:300\/h:200\/q:mauto\/f:best\/https:\/\/www.unyp.cz\/wp-content\/uploads\/2022\/10\/computers.jpg 300w, https:\/\/mlgfjgj9j0su.i.optimole.com\/w:150\/h:100\/q:mauto\/f:best\/https:\/\/www.unyp.cz\/wp-content\/uploads\/2022\/10\/computers.jpg 150w\" sizes=\"(max-width: 660px) 100vw, 660px\" \/><\/a><\/figure>\n<\/figure>\n\n\n\n<p>Na\u0161\u00ed&nbsp;vize v\u017edy byla poskytovat&nbsp;<strong>kvalitn\u00ed IT slu\u017eby<\/strong>&nbsp;zalo\u017een\u00e9 na&nbsp;<strong>\u0161pi\u010dkov\u00fdch technologi\u00edch<\/strong>, nejmodern\u011bj\u0161\u00edm softwaru&nbsp;a&nbsp;<strong>rychl\u00e9<\/strong>&nbsp;<strong>technick\u00e9 podpo\u0159e s individu\u00e1ln\u00edm p\u0159\u00edstupem.<\/strong><\/p>\n\n\n\n<h2 class=\"wp-block-heading\">Po\u010d\u00edta\u010de a tisk\u00e1rny<\/h2>\n\n\n\n<p>Studenti maj\u00ed p\u0159\u00edstup k&nbsp;<strong>v\u00edce ne\u017e 75 po\u010d\u00edta\u010d\u016fm<\/strong>&nbsp;ve&nbsp;<strong>dvou PC u\u010debn\u00e1ch<\/strong>&nbsp;a v&nbsp;<strong><a href=\"https:\/\/www.unyp.cz\/cs\/sluzby-studentum\/sluzby-studentum\/knihovna\">knihovn\u011b<\/a><\/strong>. Jedn\u00e1 se p\u0159edev\u0161\u00edm o business-class po\u010d\u00edta\u010de zna\u010dky DELL, kter\u00e9 b\u011b\u017e\u00ed na nejnov\u011bj\u0161\u00edm opera\u010dn\u00edm syst\u00e9mu Microsoft Windows. Knihovna&nbsp;poskytuje&nbsp;dostate\u010dn\u00fd po\u010det osobn\u00edch po\u010d\u00edta\u010d\u016f ur\u010den\u00fdch pro studentskou individu\u00e1ln\u00ed pr\u00e1ci a v neposledn\u00ed \u0159ad\u011b i&nbsp;<strong>kvalitn\u00ed slu\u017eby tisku&nbsp;a kop\u00edrov\u00e1n\u00ed<\/strong>.<\/p>\n\n\n\n<h2 class=\"wp-block-heading\">Wi-Fi a internet<\/h2>\n\n\n\n<p>Cel\u00fd are\u00e1l univerzity je pokryt&nbsp;<strong>modern\u00ed&nbsp;Wi-Fi s\u00edt\u00ed se standardem<\/strong>&nbsp;<strong>802.11ax (Wi-Fi 6E) s rychl\u00fdm p\u0159\u00edpojen\u00edm k internetu<\/strong>. Ka\u017ed\u00e1 u\u010debna m\u00e1 sv\u016fj p\u0159\u00edstupov\u00fd bod, \u010d\u00edm\u017e je maximalizov\u00e1na stabilita cel\u00e9 s\u00edt\u011b. Tato jednotn\u00e1 s\u00ed\u0165 umo\u017e\u0148uje student\u016fm snadn\u00e9 p\u0159ipojen\u00ed a z\u00e1rove\u0148 z\u016fst\u00e1vaj\u00ed&nbsp;nad\u00e1le p\u0159ipojeni i&nbsp;b\u011bhem p\u0159esunu v prostor\u00e1ch univerzity.<\/p>\n\n\n\n<h2 class=\"wp-block-heading\">E-learning<\/h2>\n\n\n\n<p>N\u00e1\u0161&nbsp;<a href=\"http:\/\/elearning.unyp.cz\/\">E-learning<\/a>&nbsp;je zalo\u017een na celosv\u011btov\u011b pou\u017e\u00edvan\u00e9 v\u00fdukov\u00e9 platform\u011b&nbsp;<strong>Moodle<\/strong>&nbsp;a je u n\u00e1s hlavn\u00edm m\u00edstem pro online pr\u00e1ci student\u016f. Poskytuje p\u0159edev\u0161\u00edm d\u016fle\u017eitou funkci&nbsp;komunikace&nbsp;mezi u\u010diteli a studenty, p\u0159\u00edstup&nbsp;k v\u00fdukov\u00fdm materi\u00e1l\u016fm, diskuzn\u00ed f\u00f3ra,&nbsp;<strong>\u00fakoly<\/strong>,<strong>&nbsp;online testov\u00e1n\u00ed<\/strong>&nbsp;atd. Sou\u010d\u00e1st\u00ed E-learningu je i integrace platformy&nbsp;<strong>Turnitin.com<\/strong>&nbsp;pro&nbsp;<strong>odhalov\u00e1n\u00ed plagi\u00e1torstv\u00ed<\/strong>. Zaznamen\u00e1v\u00e1&nbsp;se zde t\u00e9\u017e doch\u00e1zka a prosp\u011bch.<\/p>\n\n\n\n<h2 class=\"wp-block-heading\">Office 365<\/h2>\n\n\n\n<p>Tato modern\u00ed paltfroma komplexn\u011b pokr\u00fdv\u00e1 ve\u0161ker\u00e9 pot\u0159eby komunikace a spolupr\u00e1ce. Studenti zde vyu\u017e\u00edvaj\u00ed&nbsp;<strong>Outlook<\/strong>&nbsp;pro emailovovu komunikaci, maj\u00ed cloudov\u00e9&nbsp;<strong>OneDrive ulo\u017ei\u0161t\u011b o velikosti 1TB<\/strong>, spolupracuj\u00ed v aplikac\u00edch jako nap\u0159.&nbsp;<strong>MS Teams<\/strong>,<strong>&nbsp;Sharepoint<\/strong>&nbsp;nebo v dal\u0161\u00edch aplikac\u00edch&nbsp;slou\u017e\u00edc\u00edch pro \u0159\u00edzen\u00ed projekt\u016f.<\/p>\n\n\n\n<p>V neposledn\u00ed \u0159ad\u011b&nbsp;v\u0161ichni&nbsp;<strong>UNYP studenti maj\u00ed k diszpozici ke<\/strong>&nbsp;<strong>sta\u017een\u00ed a instalaci bal\u00ed\u010dek n\u00e1stroj\u016f MS Office<\/strong>&nbsp;na jejich vlastn\u00ed po\u010d\u00edta\u010de a mohou je pou\u017e\u00edvat zdarma b\u011bhem jejich cel\u00e9ho studia!<\/p>\n\n\n\n<h2 class=\"wp-block-heading\">Online\/hybridn\u00ed v\u00fduka<\/h2>\n\n\n\n<p>UNYP zna\u010dn\u011b&nbsp;investoval&nbsp;do profesion\u00e1ln\u00edho videokonferen\u010dn\u00edho vybaven\u00ed do u\u010deben&nbsp;pro zaji\u0161t\u011bn\u00ed vysoce kvalitn\u00ed d\u00e1lkov\u00e9 i hybridn\u00ed&nbsp;v\u00fduky. Pou\u017e\u00edv\u00e1me moment\u00e1ln\u011b nejlep\u0161\u00ed \u0159e\u0161en\u00ed na trhu:<\/p>\n\n\n\n<ul class=\"wp-block-list\">\n<li>Videokonferen\u010dn\u00ed software&nbsp;<strong>Zoom<\/strong>&nbsp;s licencovan\u00fdmi \u00fa\u010dty pro v\u0161echny vyu\u010duj\u00edc\u00ed<\/li>\n\n\n\n<li><strong>\u0160pi\u010dkov\u00e9 videokonferen\u010dn\u00ed kamery&nbsp;<\/strong>od zna\u010dky Logitech v\u010detn\u011b audia<\/li>\n\n\n\n<li><strong>Moodle,&nbsp;<\/strong>jako\u017eto celosv\u011btov\u00fd standard pro elearning<\/li>\n\n\n\n<li>Cloudov\u00e9 platformy<strong>&nbsp;MS Office 365&nbsp;<\/strong>a<strong>&nbsp;MS Teams<\/strong><\/li>\n<\/ul>\n\n\n\n<div class=\"wp-block-group is-style-question-box is-layout-flow wp-block-group-is-layout-flow\">\n<h2 class=\"wp-block-heading\">Kontakt na IT Help Desk<\/h2>\n\n\n\n<ul class=\"wp-block-list\">\n<li>Email: &nbsp;&nbsp;&nbsp;&nbsp;&nbsp;&nbsp;<a href=\"mailto:it@unyp.cz\">it@unyp.cz<\/a><\/li>\n\n\n\n<li>Telefon:\u00a0\u00a0 +420 224 221 261<\/li>\n\n\n\n<li>Otev\u00edrac\u00ed doba:\n<ul class=\"wp-block-list\">\n<li>Po &#8211; P\u00e1&nbsp; &nbsp;8:30 &#8211; 18:30<\/li>\n\n\n\n<li>So &#8211; Ne&nbsp; &nbsp;8:30 &#8211; 13:30<\/li>\n<\/ul>\n<\/li>\n<\/ul>\n<\/div>\n","protected":false},"excerpt":{"rendered":"<p>Na\u0161\u00ed&nbsp;vize v\u017edy byla poskytovat&nbsp;kvalitn\u00ed IT slu\u017eby&nbsp;zalo\u017een\u00e9 na&nbsp;\u0161pi\u010dkov\u00fdch technologi\u00edch, nejmodern\u011bj\u0161\u00edm softwaru&nbsp;a&nbsp;rychl\u00e9&nbsp;technick\u00e9 podpo\u0159e s individu\u00e1ln\u00edm p\u0159\u00edstupem. Po\u010d\u00edta\u010de a tisk\u00e1rny Studenti maj\u00ed p\u0159\u00edstup k&nbsp;v\u00edce ne\u017e 75 po\u010d\u00edta\u010d\u016fm&nbsp;ve&nbsp;dvou PC u\u010debn\u00e1ch&nbsp;a v&nbsp;knihovn\u011b. Jedn\u00e1 se p\u0159edev\u0161\u00edm o business-class po\u010d\u00edta\u010de zna\u010dky DELL, kter\u00e9 b\u011b\u017e\u00ed na nejnov\u011bj\u0161\u00edm opera\u010dn\u00edm syst\u00e9mu Microsoft Windows. Knihovna&nbsp;poskytuje&nbsp;dostate\u010dn\u00fd po\u010det osobn\u00edch po\u010d\u00edta\u010d\u016f ur\u010den\u00fdch pro studentskou individu\u00e1ln\u00ed pr\u00e1ci a v neposledn\u00ed [&hellip;]<\/p>\n","protected":false},"author":1,"featured_media":0,"parent":0,"menu_order":0,"comment_status":"closed","ping_status":"closed","template":"","meta":{"_acf_changed":false,"inline_featured_image":false,"advgb_blocks_editor_width":"","advgb_blocks_columns_visual_guide":"","footnotes":""},"categories":[],"tags":[],"class_list":["post-19694","page","type-page","status-publish","hentry"],"acf":[],"mb":[],"coauthors":[],"author_meta":{"author_link":"https:\/\/www.unyp.cz\/cs\/author\/kucera-centario\/","display_name":"kucera.centario"},"relative_dates":{"created":"Posted 4 years ago","modified":"Updated 10 months ago"},"absolute_dates":{"created":"Posted on September 28, 2022","modified":"Updated on June 23, 2025"},"absolute_dates_time":{"created":"Posted on September 28, 2022 12:17 PM","modified":"Updated on June 23, 2025 5:31 PM"},"featured_img_caption":"","featured_img":false,"series_order":"","mfb_rest_fields":["title","coauthors","author_meta","relative_dates","absolute_dates","absolute_dates_time","featured_img_caption","featured_img","series_order"],"_links":{"self":[{"href":"https:\/\/www.unyp.cz\/cs\/wp-json\/wp\/v2\/pages\/19694","targetHints":{"allow":["GET"]}}],"collection":[{"href":"https:\/\/www.unyp.cz\/cs\/wp-json\/wp\/v2\/pages"}],"about":[{"href":"https:\/\/www.unyp.cz\/cs\/wp-json\/wp\/v2\/types\/page"}],"author":[{"embeddable":true,"href":"https:\/\/www.unyp.cz\/cs\/wp-json\/wp\/v2\/users\/1"}],"replies":[{"embeddable":true,"href":"https:\/\/www.unyp.cz\/cs\/wp-json\/wp\/v2\/comments?post=19694"}],"version-history":[{"count":5,"href":"https:\/\/www.unyp.cz\/cs\/wp-json\/wp\/v2\/pages\/19694\/revisions"}],"predecessor-version":[{"id":65304,"href":"https:\/\/www.unyp.cz\/cs\/wp-json\/wp\/v2\/pages\/19694\/revisions\/65304"}],"wp:attachment":[{"href":"https:\/\/www.unyp.cz\/cs\/wp-json\/wp\/v2\/media?parent=19694"}],"wp:term":[{"taxonomy":"category","embeddable":true,"href":"https:\/\/www.unyp.cz\/cs\/wp-json\/wp\/v2\/categories?post=19694"},{"taxonomy":"post_tag","embeddable":true,"href":"https:\/\/www.unyp.cz\/cs\/wp-json\/wp\/v2\/tags?post=19694"}],"curies":[{"name":"wp","href":"https:\/\/api.w.org\/{rel}","templated":true}]}}