{"id":19696,"date":"2022-09-28T12:17:58","date_gmt":"2022-09-28T11:17:58","guid":{"rendered":"https:\/\/www.unyp.cz\/library\/"},"modified":"2025-11-25T13:10:28","modified_gmt":"2025-11-25T12:10:28","slug":"knihovna","status":"publish","type":"page","link":"https:\/\/www.unyp.cz\/cs\/knihovna\/","title":{"rendered":"Knihovna UNYP"},"content":{"rendered":"\n<figure class=\"wp-block-image size-large\"><img data-opt-id=37494961  fetchpriority=\"high\" decoding=\"async\" width=\"1400\" height=\"934\" src=\"https:\/\/mlgfjgj9j0su.i.optimole.com\/w:1400\/h:934\/q:mauto\/f:best\/https:\/\/www.unyp.cz\/wp-content\/uploads\/2022\/10\/2020-library-photos-006_1-1.jpg\" alt=\"UNYP knihovna\" class=\"wp-image-17049\" srcset=\"https:\/\/mlgfjgj9j0su.i.optimole.com\/w:1400\/h:934\/q:mauto\/f:best\/https:\/\/www.unyp.cz\/wp-content\/uploads\/2022\/10\/2020-library-photos-006_1-1.jpg 1400w, https:\/\/mlgfjgj9j0su.i.optimole.com\/w:300\/h:200\/q:mauto\/f:best\/https:\/\/www.unyp.cz\/wp-content\/uploads\/2022\/10\/2020-library-photos-006_1-1.jpg 300w, https:\/\/mlgfjgj9j0su.i.optimole.com\/w:150\/h:100\/q:mauto\/f:best\/https:\/\/www.unyp.cz\/wp-content\/uploads\/2022\/10\/2020-library-photos-006_1-1.jpg 150w, https:\/\/mlgfjgj9j0su.i.optimole.com\/w:768\/h:513\/q:mauto\/f:best\/https:\/\/www.unyp.cz\/wp-content\/uploads\/2022\/10\/2020-library-photos-006_1-1.jpg 768w, https:\/\/mlgfjgj9j0su.i.optimole.com\/w:1500\/h:1001\/q:mauto\/f:best\/https:\/\/www.unyp.cz\/wp-content\/uploads\/2022\/10\/2020-library-photos-006_1-1.jpg 1500w\" sizes=\"(max-width: 1000px) 100vw, 1000px\" \/><\/figure>\n\n\n\n<h2 class=\"wp-block-heading\"><strong>Akademick\u00e9 zdroje pro studenty UNYP v Praze<\/strong><\/h2>\n\n\n\n<p>Knihovna University of New York in Prague je akademick\u00e9 centrum podpory pro v\u0161echny studenty UNYP. Nab\u00edz\u00ed ti\u0161t\u011bn\u00e9 i digit\u00e1ln\u00ed zdroje pro studium program\u016f v angli\u010dtin\u011b, p\u0159\u00edstup k datab\u00e1z\u00edm, pracovn\u00ed prostory a pomoc knihovn\u00edka.<\/p>\n\n\n\n<h2 class=\"wp-block-heading\"><strong>Z\u00e1kladn\u00ed slu\u017eby<\/strong><\/h2>\n\n\n\n<ul class=\"wp-block-list\">\n<li>V\u00fdp\u016fj\u010dky knih a prodlou\u017een\u00ed v\u00fdp\u016fj\u010dek (osobn\u011b nebo online)<\/li>\n\n\n\n<li>P\u0159\u00edstup k elektronick\u00fdm datab\u00e1z\u00edm (Perlego, Statista, SUNY Empire Online Library)<\/li>\n\n\n\n<li>Tisk, skenov\u00e1n\u00ed a Wi-Fi p\u0159ipojen\u00ed<\/li>\n\n\n\n<li>Studijn\u00ed a t\u00fdmov\u00e9 z\u00f3ny<\/li>\n<\/ul>\n\n\n\n<p>\ud83d\udccd <strong>Adresa:<\/strong> Lond\u00fdnsk\u00e1 32, Praha 2 \u2013 budova B<br>\ud83d\udd53 <strong>Otev\u00edrac\u00ed doba:<\/strong> Po\u2013P\u00e1 8:30 \u2013 21:00 (hodiny se mohou m\u011bnit podle akademick\u00e9ho kalend\u00e1\u0159e)<br>\ud83d\udce7 <strong>Kontakt:<\/strong> <a>library@unyp.cz<\/a> | \u260e +420 224 221 261<\/p>\n\n\n\n<h2 class=\"wp-block-heading\"><strong>Rychl\u00e9 odkazy<\/strong><\/h2>\n\n\n\n<ul class=\"wp-block-list\">\n<li><a href=\"https:\/\/unyp.tritius.cz\/\">Katalog knihovny<\/a><\/li>\n\n\n\n<li><a href=\"https:\/\/www.perlego.com\/\">Perlego<\/a><\/li>\n\n\n\n<li><a href=\"https:\/\/www.statista.com\/?srsltid=AfmBOorjZXiMMMnqLiZtBDm-S9m4KKSE0AIad2iSgaWcSmdl-VbWRN9Q\">Statista<\/a><\/li>\n\n\n\n<li><a href=\"https:\/\/login.microsoftonline.com\/50091132-5464-4f69-98c6-d089ea5e875c\/saml2?SAMLRequest=jZLbjtowEIZfJfJ9EsfkQCzCKstBRaIVXXZ7sXeWM4Alx856HNp9%2B4YgVHqz4nZO%2F%2FzfzOzpT6uDMzhU1lQkiSgJwEjbKHOsyNvrOpySp%2FkMRas7Xvf%2BZF7gowf0wdBnkI%2BJivTOcCtQITeiBeRe8n39fctZRHnnrLfSahLUiOD8ILSwBvsW3B7cWUl4e9lW5OR9hzyOrQEE4eQpwt58QtspBxE0fdyaY9w1%2BE2YRsPWHpUhwXLYRBnhx%2BVvE%2FQlF7VKOov24K3RykAkbRtnlJZJMmFhluZpmB7yMiynMg8bOi1BZDAtMhlfLDESrK2TMDquyEFoBBJslhWpi9VqsqiXeVbnyXPBitVzUSZFtqYTSpMiTUXX0GyoxZ1AVGf4143Yw8agF8ZXhFGWhTQPWfGaMJ7knLGoTKbvJPh1O8YAj1zR87HX3TH%2FGrm4gSbzh7COxGbxndRVl3X8xzB8s9xZreTnnT57%2FOha298LB8IPKLzrYUTbCv%2F1gEtENeFhLOXeCYMKjCfBfndZ6WcvtDoocA8%2BzuiQxPOryf9fef4X&amp;RelayState=https%3A%2F%2Fonesearch.sunyempire.edu%2Fdiscovery%2Fsearch%3Fvid%3D01SUNY_ESC%3A01SUNY_ESC%26tab%3DEverything%26search_scope%3DMyInst%25255Fand%25255FCI%26mode%3Dbasic%26displayMode%3Dfull%26bulkSize%3D10%26highlight%3Dtrue%26dum%3Dtrue%26query%3Dany%25252Ccontains%25252Cpsychology%26displayField%3Dall%40%4001SUNY_ESC%40%40primaws&amp;sso_reload=true\">SUNY Empire Online Library<\/a><\/li>\n\n\n\n<li><a href=\"https:\/\/elearning.unyp.cz\/course\/view.php?id=5\">E-learning \u2013 zdroje knihovny<\/a><\/li>\n<\/ul>\n\n\n\n<p>\u2139\ufe0f Dal\u0161\u00ed informace a \u00fapln\u00fd p\u0159ehled slu\u017eeb najdete na <a href=\"https:\/\/www.unyp.cz\/cs\/knihovna\/\">anglick\u00e9 verzi str\u00e1nky knihovny<\/a>.<\/p>\n","protected":false},"excerpt":{"rendered":"<p>Akademick\u00e9 zdroje pro studenty UNYP v Praze Knihovna University of New York in Prague je akademick\u00e9 centrum podpory pro v\u0161echny studenty UNYP. Nab\u00edz\u00ed ti\u0161t\u011bn\u00e9 i digit\u00e1ln\u00ed zdroje pro studium program\u016f v angli\u010dtin\u011b, p\u0159\u00edstup k datab\u00e1z\u00edm, pracovn\u00ed prostory a pomoc knihovn\u00edka. Z\u00e1kladn\u00ed slu\u017eby \ud83d\udccd Adresa: Lond\u00fdnsk\u00e1 32, Praha 2 \u2013 budova B\ud83d\udd53 Otev\u00edrac\u00ed doba: Po\u2013P\u00e1 8:30 [&hellip;]<\/p>\n","protected":false},"author":1,"featured_media":0,"parent":0,"menu_order":0,"comment_status":"closed","ping_status":"closed","template":"","meta":{"_acf_changed":false,"inline_featured_image":false,"advgb_blocks_editor_width":"","advgb_blocks_columns_visual_guide":"","footnotes":""},"categories":[],"tags":[],"class_list":["post-19696","page","type-page","status-publish","hentry"],"acf":[],"mb":[],"coauthors":[],"author_meta":{"author_link":"https:\/\/www.unyp.cz\/cs\/author\/kucera-centario\/","display_name":"kucera.centario"},"relative_dates":{"created":"Posted 4 years ago","modified":"Updated 5 months ago"},"absolute_dates":{"created":"Posted on September 28, 2022","modified":"Updated on November 25, 2025"},"absolute_dates_time":{"created":"Posted on September 28, 2022 12:17 PM","modified":"Updated on November 25, 2025 1:10 PM"},"featured_img_caption":"","featured_img":false,"series_order":"","mfb_rest_fields":["title","coauthors","author_meta","relative_dates","absolute_dates","absolute_dates_time","featured_img_caption","featured_img","series_order"],"_links":{"self":[{"href":"https:\/\/www.unyp.cz\/cs\/wp-json\/wp\/v2\/pages\/19696","targetHints":{"allow":["GET"]}}],"collection":[{"href":"https:\/\/www.unyp.cz\/cs\/wp-json\/wp\/v2\/pages"}],"about":[{"href":"https:\/\/www.unyp.cz\/cs\/wp-json\/wp\/v2\/types\/page"}],"author":[{"embeddable":true,"href":"https:\/\/www.unyp.cz\/cs\/wp-json\/wp\/v2\/users\/1"}],"replies":[{"embeddable":true,"href":"https:\/\/www.unyp.cz\/cs\/wp-json\/wp\/v2\/comments?post=19696"}],"version-history":[{"count":18,"href":"https:\/\/www.unyp.cz\/cs\/wp-json\/wp\/v2\/pages\/19696\/revisions"}],"predecessor-version":[{"id":70962,"href":"https:\/\/www.unyp.cz\/cs\/wp-json\/wp\/v2\/pages\/19696\/revisions\/70962"}],"wp:attachment":[{"href":"https:\/\/www.unyp.cz\/cs\/wp-json\/wp\/v2\/media?parent=19696"}],"wp:term":[{"taxonomy":"category","embeddable":true,"href":"https:\/\/www.unyp.cz\/cs\/wp-json\/wp\/v2\/categories?post=19696"},{"taxonomy":"post_tag","embeddable":true,"href":"https:\/\/www.unyp.cz\/cs\/wp-json\/wp\/v2\/tags?post=19696"}],"curies":[{"name":"wp","href":"https:\/\/api.w.org\/{rel}","templated":true}]}}