{"id":19713,"date":"2022-09-28T12:18:06","date_gmt":"2022-09-28T11:18:06","guid":{"rendered":"https:\/\/www.unyp.cz\/unyp-cafe\/"},"modified":"2025-07-01T11:03:33","modified_gmt":"2025-07-01T10:03:33","slug":"unyp-cafe","status":"publish","type":"page","link":"https:\/\/www.unyp.cz\/cs\/unyp-cafe\/","title":{"rendered":"Opus Caf\u00e9"},"content":{"rendered":"\n<figure class=\"wp-block-gallery has-nested-images columns-default is-cropped wp-block-gallery-2 is-layout-flex wp-block-gallery-is-layout-flex\">\n<figure class=\"wp-block-image size-large\"><img data-opt-id=1653379220  fetchpriority=\"high\" decoding=\"async\" width=\"1400\" height=\"933\" data-id=\"65663\" src=\"https:\/\/mlgfjgj9j0su.i.optimole.com\/w:1400\/h:933\/q:mauto\/f:best\/https:\/\/www.unyp.cz\/wp-content\/uploads\/2025\/07\/vlf_8264-1.jpg\" alt=\"\" class=\"wp-image-65663\" srcset=\"https:\/\/mlgfjgj9j0su.i.optimole.com\/w:1400\/h:933\/q:mauto\/f:best\/https:\/\/www.unyp.cz\/wp-content\/uploads\/2025\/07\/vlf_8264-1-scaled.jpg 1400w, https:\/\/mlgfjgj9j0su.i.optimole.com\/w:300\/h:200\/q:mauto\/f:best\/https:\/\/www.unyp.cz\/wp-content\/uploads\/2025\/07\/vlf_8264-1-scaled.jpg 300w, https:\/\/mlgfjgj9j0su.i.optimole.com\/w:150\/h:100\/q:mauto\/f:best\/https:\/\/www.unyp.cz\/wp-content\/uploads\/2025\/07\/vlf_8264-1-scaled.jpg 150w, https:\/\/mlgfjgj9j0su.i.optimole.com\/w:768\/h:512\/q:mauto\/f:best\/https:\/\/www.unyp.cz\/wp-content\/uploads\/2025\/07\/vlf_8264-1-scaled.jpg 768w, https:\/\/mlgfjgj9j0su.i.optimole.com\/w:1536\/h:1024\/q:mauto\/f:best\/https:\/\/www.unyp.cz\/wp-content\/uploads\/2025\/07\/vlf_8264-1-scaled.jpg 1536w, https:\/\/mlgfjgj9j0su.i.optimole.com\/w:1920\/h:1279\/q:mauto\/f:best\/https:\/\/www.unyp.cz\/wp-content\/uploads\/2025\/07\/vlf_8264-1-scaled.jpg 2048w\" sizes=\"(max-width: 1000px) 100vw, 1000px\" \/><\/figure>\n<\/figure>\n\n\n\n<h2 class=\"wp-block-heading\">Opus Caf\u00e9 \u2013 Studentsky p\u0159\u00edv\u011btiv\u00e1 kav\u00e1rna a studijn\u00ed prostor v Praze<\/h2>\n\n\n\n<p>Hled\u00e1te klidnou a p\u0159\u00edjemnou kav\u00e1rnu v Praze, kde si m\u016f\u017eete d\u00e1t k\u00e1vu, dob\u0159e se naj\u00edst a pracovat? Opus Caf\u00e9, kter\u00e1 se nach\u00e1z\u00ed v kampusu University of New York in Prague na Vinohradech, je otev\u0159ena student\u016fm, zam\u011bstnanc\u016fm i ve\u0159ejnosti. Dokonale se v n\u00ed snoub\u00ed modern\u00ed kav\u00e1rna a uvoln\u011bn\u00fd studijn\u00ed prostor.<\/p>\n\n\n\n<h3 class=\"wp-block-heading\">Pro\u010d vyzkou\u0161et Opus Caf\u00e9?<\/h3>\n\n\n\n<ul class=\"wp-block-list\">\n<li>Speci\u00e1ln\u00ed k\u00e1va a pr\u00e9miov\u00e9 \u010daje<\/li>\n\n\n\n<li>\u010cerstv\u00e1, zdrav\u00e1 j\u00eddla a vegetari\u00e1nsk\u00e9 pokrmy<\/li>\n\n\n\n<li>Vysokorychlostn\u00ed Wi-Fi zdarma a m\u00edsto vhodn\u00e9 ke studiu<\/li>\n\n\n\n<li>Udr\u017eiteln\u00e9 suroviny z m\u00edstn\u00edch zdroj\u016f.<\/li>\n<\/ul>\n\n\n\n<p>A\u0165 u\u017e studujete, sch\u00e1z\u00edte se s p\u0159\u00e1teli nebo pracujete na d\u00e1lku, Opus Caf\u00e9 je jednou z nejlep\u0161\u00edch skryt\u00fdch kav\u00e1ren na Praze 2, kde se soust\u0159ed\u011bn\u011b pracuje a v\u00fdborn\u011b j\u00ed.<\/p>\n\n\n\n<h3 class=\"wp-block-heading\">Skv\u011bl\u00e1 lokalita<\/h3>\n\n\n\n<p>Jsme jen kousek od stanic metra I. P. Pavlova a N\u00e1m\u011bst\u00ed M\u00edru. Nach\u00e1z\u00edme se uvnit\u0159 UNYP kampusu na adrese Lond\u00fdnsk\u00e1 41, Praha 2.<\/p>\n\n\n\n<h3 class=\"wp-block-heading\">Otev\u00edrac\u00ed doba<\/h3>\n\n\n\n<p>Pond\u011bl\u00ed a\u017e p\u00e1tek: 8:00 &#8211; 17:00<br>O v\u00edkendech a sv\u00e1tc\u00edch zav\u0159eno.<\/p>\n","protected":false},"excerpt":{"rendered":"<p>Opus Caf\u00e9 \u2013 Studentsky p\u0159\u00edv\u011btiv\u00e1 kav\u00e1rna a studijn\u00ed prostor v Praze Hled\u00e1te klidnou a p\u0159\u00edjemnou kav\u00e1rnu v Praze, kde si m\u016f\u017eete d\u00e1t k\u00e1vu, dob\u0159e se naj\u00edst a pracovat? Opus Caf\u00e9, kter\u00e1 se nach\u00e1z\u00ed v kampusu University of New York in Prague na Vinohradech, je otev\u0159ena student\u016fm, zam\u011bstnanc\u016fm i ve\u0159ejnosti. Dokonale se v n\u00ed snoub\u00ed modern\u00ed [&hellip;]<\/p>\n","protected":false},"author":1,"featured_media":0,"parent":0,"menu_order":0,"comment_status":"closed","ping_status":"closed","template":"","meta":{"_acf_changed":false,"inline_featured_image":false,"advgb_blocks_editor_width":"","advgb_blocks_columns_visual_guide":"","footnotes":""},"categories":[],"tags":[125],"class_list":["post-19713","page","type-page","status-publish","hentry","tag-studentsky-zivot"],"acf":[],"mb":[],"coauthors":[],"author_meta":{"author_link":"https:\/\/www.unyp.cz\/cs\/author\/kucera-centario\/","display_name":"kucera.centario"},"relative_dates":{"created":"Posted 4 years ago","modified":"Updated 10 months ago"},"absolute_dates":{"created":"Posted on September 28, 2022","modified":"Updated on July 1, 2025"},"absolute_dates_time":{"created":"Posted on September 28, 2022 12:18 PM","modified":"Updated on July 1, 2025 11:03 AM"},"featured_img_caption":"","featured_img":false,"series_order":"","mfb_rest_fields":["title","coauthors","author_meta","relative_dates","absolute_dates","absolute_dates_time","featured_img_caption","featured_img","series_order"],"_links":{"self":[{"href":"https:\/\/www.unyp.cz\/cs\/wp-json\/wp\/v2\/pages\/19713","targetHints":{"allow":["GET"]}}],"collection":[{"href":"https:\/\/www.unyp.cz\/cs\/wp-json\/wp\/v2\/pages"}],"about":[{"href":"https:\/\/www.unyp.cz\/cs\/wp-json\/wp\/v2\/types\/page"}],"author":[{"embeddable":true,"href":"https:\/\/www.unyp.cz\/cs\/wp-json\/wp\/v2\/users\/1"}],"replies":[{"embeddable":true,"href":"https:\/\/www.unyp.cz\/cs\/wp-json\/wp\/v2\/comments?post=19713"}],"version-history":[{"count":8,"href":"https:\/\/www.unyp.cz\/cs\/wp-json\/wp\/v2\/pages\/19713\/revisions"}],"predecessor-version":[{"id":65666,"href":"https:\/\/www.unyp.cz\/cs\/wp-json\/wp\/v2\/pages\/19713\/revisions\/65666"}],"wp:attachment":[{"href":"https:\/\/www.unyp.cz\/cs\/wp-json\/wp\/v2\/media?parent=19713"}],"wp:term":[{"taxonomy":"category","embeddable":true,"href":"https:\/\/www.unyp.cz\/cs\/wp-json\/wp\/v2\/categories?post=19713"},{"taxonomy":"post_tag","embeddable":true,"href":"https:\/\/www.unyp.cz\/cs\/wp-json\/wp\/v2\/tags?post=19713"}],"curies":[{"name":"wp","href":"https:\/\/api.w.org\/{rel}","templated":true}]}}