{"id":19742,"date":"2022-09-28T11:59:15","date_gmt":"2022-09-28T10:59:15","guid":{"rendered":"https:\/\/www.unyp.cz\/academic-writing\/"},"modified":"2025-03-21T16:32:00","modified_gmt":"2025-03-21T15:32:00","slug":"academic-writing","status":"publish","type":"page","link":"https:\/\/www.unyp.cz\/cs\/academic-writing\/","title":{"rendered":"Akademick\u00e9 psan\u00ed"},"content":{"rendered":"\n<h2 class=\"wp-block-heading\">Zlep\u0161ete sv\u00e9 dovednosti v akademick\u00e9m psan\u00ed na UNYP<\/h2>\n\n\n\n<p>Na University of New York in Prague je <strong>program Academic Writing<\/strong> navr\u017een tak, aby studenty p\u0159ipravil na psan\u00ed na vysok\u00e9 univerzitn\u00ed \u00farovni i mimo ni.<\/p>\n\n\n\n<p>Na\u0161e kurzy rozv\u00edjej\u00ed dovednosti v kompozici, kritick\u00e9m my\u0161len\u00ed a efektivn\u00ed komunikaci od esej\u00ed a v\u00fdzkumn\u00fdch prac\u00ed a\u017e po \u010dl\u00e1nky v \u010dasopisech a akademick\u00e9 pr\u00e1ce.<\/p>\n\n\n\n<p>Mezi na\u0161e lektory pat\u0159\u00ed <strong>publikuj\u00edc\u00ed auto\u0159i, lingvist\u00e9 a odborn\u00edci na ESL<\/strong>. Poskytuj\u00ed odborn\u00e9 veden\u00ed po celou dobu va\u0161\u00ed akademick\u00e9 cesty a zaji\u0161\u0165uj\u00ed, \u017ee z\u00edsk\u00e1te d\u016fv\u011bru ve sv\u00e9 schopnosti psan\u00ed.<\/p>\n\n\n\n<p>Na UNYP v\u011b\u0159\u00edme, \u017ee nau\u010dit se dob\u0159e ps\u00e1t je v\u00edc ne\u017e jen napsat slova na pap\u00edr &#8211; jde o zvl\u00e1dnut\u00ed<strong> logiky, kritick\u00e9ho my\u0161len\u00ed a jasn\u00e9ho vyjad\u0159ov\u00e1n\u00ed<\/strong>.<\/p>\n\n\n\n<p>Prozkoumejte na\u0161e Writing Lab zdroje <a href=\"https:\/\/www.unyp.cz\/writing-lab\/\">zde<\/a>.<\/p>\n\n\n\n<h2 class=\"wp-block-heading\">U\u010ditelsk\u00fd sbor akademick\u00e9ho psan\u00ed<\/h2>\n\n\n<div class=\"person person--academic default\">\n    <div class=\"person__photo\">\n        <div class=\"person__photoWrapper\">\n             \n        <\/div>\n    <\/div>\n    <div class=\"person__about\">\n        <div class=\"person__link mb-1\">\n            \n        <\/div>\n        <div class=\"person__text mb-1\"><\/div>\n        <div>\n            <a href=\"mailto:\"><\/a>\n        <\/div>\n    <\/div>\n<\/div>\n\n<div class=\"person person--academic default\">\n    <div class=\"person__photo\">\n        <div class=\"person__photoWrapper\">\n            <img data-opt-id=1516465438  fetchpriority=\"high\" decoding=\"async\" src=\"https:\/\/unyp-airtable.zvladneme.cz\/attachment\/academic-person\/reccPmBgNemudt6Dx\/att0oS05Tuk7DcQ17\/large.jpeg\" width=\"512\" height=\"512\" alt=\"Juwana Elizabeth Michelle Jenkins\" loading=\"lazy\" class=\"img-fluid rounded-circle\"> \n        <\/div>\n    <\/div>\n    <div class=\"person__about\">\n        <div class=\"person__link mb-1\">\n            <a href=\"\/cs\/academic-staff\/reccPmBgNemudt6Dx\/juwana-elizabeth-michelle-jenkins\" class=\"post-headline\">Juwana Elizabeth Michelle Jenkins<\/a>\n        <\/div>\n        <div class=\"person__text mb-1\"><\/div>\n        <div>\n            <a href=\"mailto:\"><\/a>\n        <\/div>\n    <\/div>\n<\/div>\n\n<div class=\"person person--academic default\">\n    <div class=\"person__photo\">\n        <div class=\"person__photoWrapper\">\n            <img data-opt-id=599352683  fetchpriority=\"high\" decoding=\"async\" src=\"https:\/\/unyp-airtable.zvladneme.cz\/attachment\/academic-person\/rec613Ha4D3NJpDja\/attGnlEWt1GS7jL4r\/large.jpg\" width=\"512\" height=\"512\" alt=\"Clare Elizabeth Wallace\" loading=\"lazy\" class=\"img-fluid rounded-circle\"> \n        <\/div>\n    <\/div>\n    <div class=\"person__about\">\n        <div class=\"person__link mb-1\">\n            <a href=\"\/cs\/academic-staff\/rec613Ha4D3NJpDja\/clare-elizabeth-wallace\" class=\"post-headline\">Clare Elizabeth Wallace<\/a>\n        <\/div>\n        <div class=\"person__text mb-1\"><\/div>\n        <div>\n            <a href=\"mailto:\"><\/a>\n        <\/div>\n    <\/div>\n<\/div>","protected":false},"excerpt":{"rendered":"<p>Zlep\u0161ete sv\u00e9 dovednosti v akademick\u00e9m psan\u00ed na UNYP Na University of New York in Prague je program Academic Writing navr\u017een tak, aby studenty p\u0159ipravil na psan\u00ed na vysok\u00e9 univerzitn\u00ed \u00farovni i mimo ni. Na\u0161e kurzy rozv\u00edjej\u00ed dovednosti v kompozici, kritick\u00e9m my\u0161len\u00ed a efektivn\u00ed komunikaci od esej\u00ed a v\u00fdzkumn\u00fdch prac\u00ed a\u017e po \u010dl\u00e1nky v \u010dasopisech a [&hellip;]<\/p>\n","protected":false},"author":1,"featured_media":0,"parent":0,"menu_order":0,"comment_status":"closed","ping_status":"closed","template":"","meta":{"_acf_changed":false,"inline_featured_image":false,"advgb_blocks_editor_width":"","advgb_blocks_columns_visual_guide":"","footnotes":""},"categories":[],"tags":[98],"class_list":["post-19742","page","type-page","status-publish","hentry","tag-anglicky-jazyk-a-literatura"],"acf":[],"mb":[],"coauthors":[],"author_meta":{"author_link":"https:\/\/www.unyp.cz\/cs\/author\/kucera-centario\/","display_name":"kucera.centario"},"relative_dates":{"created":"Posted 4 years ago","modified":"Updated 1 year ago"},"absolute_dates":{"created":"Posted on September 28, 2022","modified":"Updated on March 21, 2025"},"absolute_dates_time":{"created":"Posted on September 28, 2022 11:59 AM","modified":"Updated on March 21, 2025 4:32 PM"},"featured_img_caption":"","featured_img":false,"series_order":"","mfb_rest_fields":["title","coauthors","author_meta","relative_dates","absolute_dates","absolute_dates_time","featured_img_caption","featured_img","series_order"],"_links":{"self":[{"href":"https:\/\/www.unyp.cz\/cs\/wp-json\/wp\/v2\/pages\/19742","targetHints":{"allow":["GET"]}}],"collection":[{"href":"https:\/\/www.unyp.cz\/cs\/wp-json\/wp\/v2\/pages"}],"about":[{"href":"https:\/\/www.unyp.cz\/cs\/wp-json\/wp\/v2\/types\/page"}],"author":[{"embeddable":true,"href":"https:\/\/www.unyp.cz\/cs\/wp-json\/wp\/v2\/users\/1"}],"replies":[{"embeddable":true,"href":"https:\/\/www.unyp.cz\/cs\/wp-json\/wp\/v2\/comments?post=19742"}],"version-history":[{"count":9,"href":"https:\/\/www.unyp.cz\/cs\/wp-json\/wp\/v2\/pages\/19742\/revisions"}],"predecessor-version":[{"id":60859,"href":"https:\/\/www.unyp.cz\/cs\/wp-json\/wp\/v2\/pages\/19742\/revisions\/60859"}],"wp:attachment":[{"href":"https:\/\/www.unyp.cz\/cs\/wp-json\/wp\/v2\/media?parent=19742"}],"wp:term":[{"taxonomy":"category","embeddable":true,"href":"https:\/\/www.unyp.cz\/cs\/wp-json\/wp\/v2\/categories?post=19742"},{"taxonomy":"post_tag","embeddable":true,"href":"https:\/\/www.unyp.cz\/cs\/wp-json\/wp\/v2\/tags?post=19742"}],"curies":[{"name":"wp","href":"https:\/\/api.w.org\/{rel}","templated":true}]}}