{"id":19761,"date":"2022-09-28T12:18:24","date_gmt":"2022-09-28T11:18:24","guid":{"rendered":"https:\/\/www.unyp.cz\/counseling-center\/"},"modified":"2025-03-31T11:19:38","modified_gmt":"2025-03-31T10:19:38","slug":"poradna","status":"publish","type":"page","link":"https:\/\/www.unyp.cz\/cs\/poradna\/","title":{"rendered":"Poradna"},"content":{"rendered":"\n<figure class=\"wp-block-embed is-type-video is-provider-youtube wp-block-embed-youtube wp-embed-aspect-16-9 wp-has-aspect-ratio\"><div class=\"wp-block-embed__wrapper\">\n<iframe title=\"UNYP Student Counseling Center\" width=\"500\" height=\"281\" src=\"https:\/\/www.youtube.com\/embed\/UrCw4ochs2M?feature=oembed\" frameborder=\"0\" allow=\"accelerometer; autoplay; clipboard-write; encrypted-media; gyroscope; picture-in-picture; web-share\" referrerpolicy=\"strict-origin-when-cross-origin\" allowfullscreen><\/iframe>\n<\/div><\/figure>\n\n\n\n<h2 class=\"wp-block-heading\">Po\u017e\u00e1dat o pomoc je v po\u0159\u00e1dku &#8211; Jsme tu pro v\u00e1s<\/h2>\n\n\n\n<p>Studentsk\u00fd \u017eivot m\u016f\u017ee b\u00fdt n\u011bkdy n\u00e1ro\u010dn\u00fd &#8211; mezi p\u0159edn\u00e1\u0161kami, term\u00edny, vztahy a v\u0161\u00edm ostatn\u00edm. Nejste v tom sami, pokud se c\u00edt\u00edte vystresovan\u00ed, p\u0159et\u00ed\u017een\u00ed nebo ztr\u00e1c\u00edte motivaci.<\/p>\n\n\n\n<p><strong>Poradensk\u00e9 centrum UNYP<\/strong> je tu pro v\u00e1s. Nab\u00edz\u00edme bezplatn\u00e9, d\u016fv\u011brn\u00e9 poradenstv\u00ed na podporu va\u0161eho du\u0161evn\u00edho zdrav\u00ed &#8211; a\u0165 u\u017e si chcete promluvit individu\u00e1ln\u011b, p\u0159ipojit se k online sezen\u00ed nebo se z\u00fa\u010dastnit semin\u00e1\u0159e.<\/p>\n\n\n\n<p>A\u0165 u\u017e v\u00e1s tr\u00e1p\u00ed cokoli, jsme tu, abychom v\u00e1s vyslechli a pomohli v\u00e1m v\u0161e vy\u0159e\u0161it. \u017d\u00e1dn\u00e9 odsuzov\u00e1n\u00ed. Jen podpora.<\/p>\n\n\n\n<h3 class=\"wp-block-heading\">M\u016f\u017eeme nab\u00eddnout pomoc s:<\/h3>\n\n\n\n<ul class=\"wp-block-list\">\n<li>Stresem ze zkou\u0161ek<\/li>\n\n\n\n<li>P\u0159izp\u016fsoben\u00edm se \u017eivotu na vysok\u00e9 \u0161kole<\/li>\n\n\n\n<li>\u00dazkost\u00ed\/depres\u00ed<\/li>\n\n\n\n<li>N\u00edzkou sebed\u016fv\u011brou<\/li>\n\n\n\n<li>Probl\u00e9my s&nbsp;drogami nebo alkoholem<\/li>\n\n\n\n<li>\u00dazkost\u00ed&nbsp;z&nbsp;prezentac\u00ed<\/li>\n\n\n\n<li>Organizac\u00ed \u010dasu<\/li>\n\n\n\n<li>Poruchami p\u0159\u00edjmu potravy<\/li>\n\n\n\n<li>Kulturn\u00edm \u0161okem<\/li>\n\n\n\n<li>Diskriminac\u00ed<\/li>\n<\/ul>\n\n\n\n<p>a dal\u0161\u00edmi du\u0161evn\u00edmi probl\u00e9my, souvisej\u00edc\u00edmi se studiem.<\/p>\n\n\n\n<div style=\"height:19px\" aria-hidden=\"true\" class=\"wp-block-spacer\"><\/div>\n\n\n\n<h2 class=\"wp-block-heading\">Domluvte si sch\u016fzku<\/h2>\n\n\n\n<p>Jste p\u0159ipraveni si promluvit? N\u00e1sledujte n\u00ed\u017ee uveden\u00fd odkaz a domluvte si sezen\u00ed. Zobraz\u00ed se v\u00e1m informace o ka\u017ed\u00e9m z na\u0161ich poradc\u016f a jejich dostupnosti, abyste si mohli vybrat to, co v\u00e1m vyhovuje.<\/p>\n\n\n\n<p>P\u0159i rezervaci vypl\u0148te sv\u00e9 jm\u00e9no a e-mail (\u0161koln\u00ed nebo osobn\u00ed &#8211; podle toho, \u010demu d\u00e1v\u00e1te p\u0159ednost). P\u0159ekontrolujte, zda je v\u00e1\u0161 e-mail zad\u00e1n spr\u00e1vn\u011b.<\/p>\n\n\n\n<p>Pokud v\u00e1m do toho n\u011bco p\u0159ijde a vy se nebudete moci dostavit, \u017e\u00e1dn\u00fd strach &#8211; sta\u010d\u00ed pou\u017e\u00edt odkaz pro zru\u0161en\u00ed rezervace ve va\u0161em potvrzovac\u00edm e-mailu a nechat m\u00edsto obsadit n\u011bk\u00fdm jin\u00fdm.<\/p>\n\n\n\n<p>Jsme tu pro v\u00e1s, a\u017e budete p\u0159ipraveni.<\/p>\n\n\n\n<div style=\"height:22px\" aria-hidden=\"true\" class=\"wp-block-spacer\"><\/div>\n\n\n\n<div class=\"wp-block-buttons is-layout-flex wp-block-buttons-is-layout-flex\">\n<div class=\"wp-block-button\"><a class=\"wp-block-button__link wp-element-button\" href=\"https:\/\/unypcounseling.simplybook.it\/v2\/#book\">Book UNYP counselors<\/a><\/div>\n<\/div>\n\n\n\n<h2 class=\"wp-block-heading\">Adresa<\/h2>\n\n\n\n<p><strong>Belgick\u00e1 115\/40, 120 00 Praha, 4. patro<\/strong><br>(Sekund\u00e1rn\u00ed budova University of New York in Prague)<\/p>\n\n\n\n<div class=\"wp-block-advgb-map advgb-map-block\" style=\"margin:10px auto\"><div class=\"advgb-map-content\" id=\"advgbmap-69b0ee05-68aa-4d12-8fcb-a27854bc4c26\" style=\"height:300px\" data-default=\"https:\/\/maps.gstatic.com\/mapfiles\/api-3\/images\/spotlight-poi2.png\" data-lat=\"50.0741682\" data-lng=\"14.4358515\" data-zoom=\"15\" data-title=\"\" data-desc=\"\" data-shown=\"false\" data-style=\"\"><\/div><\/div>\n\n\n\n<div class=\"wp-block-group is-style-question-box is-layout-flow wp-block-group-is-layout-flow\">\n<h2 class=\"wp-block-heading\">Otev\u00edrac\u00ed hodiny<\/h2>\n\n\n\n<p><a href=\"https:\/\/elearning.unyp.cz\/course\/view.php?id=1880\">Odkaz na elearning<\/a><\/p>\n<\/div>\n\n\n\n<div class=\"wp-block-group is-style-email-box is-layout-flow wp-block-group-is-layout-flow\">\n<h2 class=\"wp-block-heading\">E-mail<\/h2>\n\n\n\n<ul class=\"wp-block-list\">\n<li><a href=\"mailto:counseling@unyp.cz\">counseling@unyp.cz<\/a><\/li>\n<\/ul>\n\n\n\n<p>D\u011bkujeme, \u017ee pou\u017e\u00edv\u00e1te rezerva\u010dn\u00ed on-line syst\u00e9m. T\u011b\u0161\u00edme se na v\u00e1s!<\/p>\n<\/div>\n","protected":false},"excerpt":{"rendered":"<p>Po\u017e\u00e1dat o pomoc je v po\u0159\u00e1dku &#8211; Jsme tu pro v\u00e1s Studentsk\u00fd \u017eivot m\u016f\u017ee b\u00fdt n\u011bkdy n\u00e1ro\u010dn\u00fd &#8211; mezi p\u0159edn\u00e1\u0161kami, term\u00edny, vztahy a v\u0161\u00edm ostatn\u00edm. Nejste v tom sami, pokud se c\u00edt\u00edte vystresovan\u00ed, p\u0159et\u00ed\u017een\u00ed nebo ztr\u00e1c\u00edte motivaci. Poradensk\u00e9 centrum UNYP je tu pro v\u00e1s. Nab\u00edz\u00edme bezplatn\u00e9, d\u016fv\u011brn\u00e9 poradenstv\u00ed na podporu va\u0161eho du\u0161evn\u00edho zdrav\u00ed &#8211; a\u0165 [&hellip;]<\/p>\n","protected":false},"author":1,"featured_media":0,"parent":0,"menu_order":0,"comment_status":"closed","ping_status":"closed","template":"","meta":{"_acf_changed":false,"inline_featured_image":false,"advgb_blocks_editor_width":"","advgb_blocks_columns_visual_guide":"","footnotes":""},"categories":[],"tags":[120,125],"class_list":["post-19761","page","type-page","status-publish","hentry","tag-psychologie","tag-studentsky-zivot"],"acf":[],"mb":[],"coauthors":[],"author_meta":{"author_link":"https:\/\/www.unyp.cz\/cs\/author\/kucera-centario\/","display_name":"kucera.centario"},"relative_dates":{"created":"Posted 4 years ago","modified":"Updated 1 year ago"},"absolute_dates":{"created":"Posted on September 28, 2022","modified":"Updated on March 31, 2025"},"absolute_dates_time":{"created":"Posted on September 28, 2022 12:18 PM","modified":"Updated on March 31, 2025 11:19 AM"},"featured_img_caption":"","featured_img":false,"series_order":"","mfb_rest_fields":["title","coauthors","author_meta","relative_dates","absolute_dates","absolute_dates_time","featured_img_caption","featured_img","series_order"],"_links":{"self":[{"href":"https:\/\/www.unyp.cz\/cs\/wp-json\/wp\/v2\/pages\/19761","targetHints":{"allow":["GET"]}}],"collection":[{"href":"https:\/\/www.unyp.cz\/cs\/wp-json\/wp\/v2\/pages"}],"about":[{"href":"https:\/\/www.unyp.cz\/cs\/wp-json\/wp\/v2\/types\/page"}],"author":[{"embeddable":true,"href":"https:\/\/www.unyp.cz\/cs\/wp-json\/wp\/v2\/users\/1"}],"replies":[{"embeddable":true,"href":"https:\/\/www.unyp.cz\/cs\/wp-json\/wp\/v2\/comments?post=19761"}],"version-history":[{"count":10,"href":"https:\/\/www.unyp.cz\/cs\/wp-json\/wp\/v2\/pages\/19761\/revisions"}],"predecessor-version":[{"id":61237,"href":"https:\/\/www.unyp.cz\/cs\/wp-json\/wp\/v2\/pages\/19761\/revisions\/61237"}],"wp:attachment":[{"href":"https:\/\/www.unyp.cz\/cs\/wp-json\/wp\/v2\/media?parent=19761"}],"wp:term":[{"taxonomy":"category","embeddable":true,"href":"https:\/\/www.unyp.cz\/cs\/wp-json\/wp\/v2\/categories?post=19761"},{"taxonomy":"post_tag","embeddable":true,"href":"https:\/\/www.unyp.cz\/cs\/wp-json\/wp\/v2\/tags?post=19761"}],"curies":[{"name":"wp","href":"https:\/\/api.w.org\/{rel}","templated":true}]}}