{"id":19765,"date":"2022-09-28T11:59:23","date_gmt":"2022-09-28T10:59:23","guid":{"rendered":"https:\/\/www.unyp.cz\/corporate-programs\/"},"modified":"2025-03-25T16:10:32","modified_gmt":"2025-03-25T15:10:32","slug":"corporate-programs","status":"publish","type":"page","link":"https:\/\/www.unyp.cz\/cs\/corporate-programs\/","title":{"rendered":"Firemn\u00ed programy"},"content":{"rendered":"\n<p>Na UNYPu jsme hrd\u00ed&nbsp;na to, \u017ee utu\u017eujeme vztahy s lok\u00e1ln\u00ed i \u0161ir\u0161\u00ed podnikatelskou komunitou. Byli bychom velmi r\u00e1di, kdybychom mohli b\u00fdt n\u00e1pomocni Va\u0161\u00ed spole\u010dnosti.&nbsp;Nab\u00edz\u00edme celou \u0159adu slu\u017eeb, kter\u00e9 by mohly b\u00fdt pro Va\u0161e \u00fa\u010dely zaj\u00edmav\u00e9.<\/p>\n\n\n\n<h2 class=\"wp-block-heading\">Vzd\u011bl\u00e1v\u00e1n\u00ed a \u0161kolen\u00ed<\/h2>\n\n\n\n<ul class=\"wp-block-list\">\n<li><a href=\"https:\/\/www.unyp.cz\/cs\/bakalarske-programy\/\">Bakal\u00e1\u0159sk\u00e9 tituly<\/a><\/li>\n\n\n\n<li><a href=\"https:\/\/www.unyp.cz\/cs\/magisterske-programy\/\">Magistersk\u00e9 tituly<\/a><\/li>\n\n\n\n<li><a href=\"https:\/\/www.unyp.cz\/cs\/magisterske-programy\/mba-programy-na-unyp\/\">MBA<\/a><\/li>\n\n\n\n<li>Mana\u017eersk\u00e9 semin\u00e1\u0159e (Executive seminars)<\/li>\n\n\n\n<li>Akademick\u00fd titul Ph.D. \u2013 ud\u011blujeme titul\u00a0<a href=\"https:\/\/www.unyp.cz\/cs\/phd-na-zaklade-vyzkumu\/\">Ph. D. na z\u00e1klad\u011b publika\u010dn\u00ed \u010dinnosti<\/a>,\u00a0co\u017e je zvl\u00e1\u0161\u0165 vhodn\u00e9 pro kandid\u00e1ty ze sv\u011bta korporac\u00ed<\/li>\n<\/ul>\n\n\n\n<h2 class=\"wp-block-heading\">Rozvoj zam\u011bstnanc\u016f<\/h2>\n\n\n\n<ul class=\"wp-block-list\">\n<li>Diplomy v&nbsp;\u0159\u00edzen\u00ed (managementu)<\/li>\n\n\n\n<li>Kurzy \u0161it\u00e9 na m\u00edru Va\u0161im zam\u011bstnanc\u016fm<\/li>\n\n\n\n<li>\u0160kolen\u00ed soft skills<\/li>\n<\/ul>\n\n\n\n<p>Chcete-li prodiskutovat va\u0161e pot\u0159eby \u0161kolen\u00ed podrobn\u011bji a zjistit jak v\u00e1m m\u016f\u017eeme pomoci, kontaktujte n\u00e1s, pros\u00edm, na&nbsp;<a href=\"mailto:corporateaffairs@unyp.cz\">corporateaffairs@unyp.cz<\/a><\/p>\n\n\n\n<h2 class=\"wp-block-heading\">Dal\u0161\u00ed obchodn\u00ed p\u0159\u00edle\u017eitosti<\/h2>\n\n\n\n<ul class=\"wp-block-list\">\n<li>P\u0159\u00edstup k&nbsp;datab\u00e1z\u00edm student\u016f a absolvent\u016f<\/li>\n\n\n\n<li>Zve\u0159ej\u0148ov\u00e1n\u00ed informac\u00ed o voln\u00fdch pracovn\u00edch pozic\u00edch<\/li>\n\n\n\n<li>St\u00e1\u017ee<\/li>\n\n\n\n<li>Pracovn\u00ed um\u00edst\u011bn\u00ed<\/li>\n<\/ul>\n\n\n\n<h2 class=\"wp-block-heading\">Prostory k pronajmut\u00ed<\/h2>\n\n\n\n<ul class=\"wp-block-list\">\n<li>Prostory pro firemn\u00ed akce<\/li>\n\n\n\n<li>Prostory pro firemn\u00ed sch\u016fzky<\/li>\n\n\n\n<li>Prostory pro extern\u00ed semin\u00e1\u0159e a lekce<\/li>\n<\/ul>\n\n\n\n<div style=\"height:20px\" aria-hidden=\"true\" class=\"wp-block-spacer\"><\/div>\n\n\n\n<p>UNYP se nach\u00e1z\u00ed v ide\u00e1ln\u00ed lokalit\u011b v centru Vinohrad na Praze 2. Jen p\u00e1r krok\u016f od budovy se nachaz\u00ed dva hlavn\u00ed uzly m\u011bstsk\u00e9 hromadn\u00e9 dopravy (I.P. Pavlova a N\u00e1m\u011bst\u00ed M\u00edru) a jen p\u00e1r minut ch\u016fze V\u00e1s zavede do sam\u00e9ho centra m\u011bsta. Na\u0161e prostory jsou pln\u011b vybaveny modern\u00edm vybaven\u00edm a k dispozici jsou m\u00edstnosti r\u016fzn\u00fdch velikost\u00ed, kter\u00e9 slou\u017e\u00ed k r\u016fzn\u00fdm p\u0159\u00edle\u017eitostem a mohou pojmout a\u017e 80 lid\u00ed. Pro v\u00edce informac\u00ed o pron\u00e1jmech na\u0161ich prostor kontaktujte n\u00e1s, pros\u00edm,\u00a0na\u00a0<a href=\"mailto:reception@unyp.cz?subject=Premises%20Rental\">reception@unyp.cz<\/a><\/p>\n","protected":false},"excerpt":{"rendered":"<p>Na UNYPu jsme hrd\u00ed&nbsp;na to, \u017ee utu\u017eujeme vztahy s lok\u00e1ln\u00ed i \u0161ir\u0161\u00ed podnikatelskou komunitou. Byli bychom velmi r\u00e1di, kdybychom mohli b\u00fdt n\u00e1pomocni Va\u0161\u00ed spole\u010dnosti.&nbsp;Nab\u00edz\u00edme celou \u0159adu slu\u017eeb, kter\u00e9 by mohly b\u00fdt pro Va\u0161e \u00fa\u010dely zaj\u00edmav\u00e9. Vzd\u011bl\u00e1v\u00e1n\u00ed a \u0161kolen\u00ed Rozvoj zam\u011bstnanc\u016f Chcete-li prodiskutovat va\u0161e pot\u0159eby \u0161kolen\u00ed podrobn\u011bji a zjistit jak v\u00e1m m\u016f\u017eeme pomoci, kontaktujte n\u00e1s, pros\u00edm, [&hellip;]<\/p>\n","protected":false},"author":1,"featured_media":0,"parent":0,"menu_order":0,"comment_status":"closed","ping_status":"closed","template":"","meta":{"_acf_changed":false,"inline_featured_image":false,"advgb_blocks_editor_width":"","advgb_blocks_columns_visual_guide":"","footnotes":""},"categories":[],"tags":[],"class_list":["post-19765","page","type-page","status-publish","hentry"],"acf":[],"mb":[],"coauthors":[],"author_meta":{"author_link":"https:\/\/www.unyp.cz\/cs\/author\/kucera-centario\/","display_name":"kucera.centario"},"relative_dates":{"created":"Posted 4 years ago","modified":"Updated 1 year ago"},"absolute_dates":{"created":"Posted on September 28, 2022","modified":"Updated on March 25, 2025"},"absolute_dates_time":{"created":"Posted on September 28, 2022 11:59 AM","modified":"Updated on March 25, 2025 4:10 PM"},"featured_img_caption":"","featured_img":false,"series_order":"","mfb_rest_fields":["title","coauthors","author_meta","relative_dates","absolute_dates","absolute_dates_time","featured_img_caption","featured_img","series_order"],"_links":{"self":[{"href":"https:\/\/www.unyp.cz\/cs\/wp-json\/wp\/v2\/pages\/19765","targetHints":{"allow":["GET"]}}],"collection":[{"href":"https:\/\/www.unyp.cz\/cs\/wp-json\/wp\/v2\/pages"}],"about":[{"href":"https:\/\/www.unyp.cz\/cs\/wp-json\/wp\/v2\/types\/page"}],"author":[{"embeddable":true,"href":"https:\/\/www.unyp.cz\/cs\/wp-json\/wp\/v2\/users\/1"}],"replies":[{"embeddable":true,"href":"https:\/\/www.unyp.cz\/cs\/wp-json\/wp\/v2\/comments?post=19765"}],"version-history":[{"count":4,"href":"https:\/\/www.unyp.cz\/cs\/wp-json\/wp\/v2\/pages\/19765\/revisions"}],"predecessor-version":[{"id":61018,"href":"https:\/\/www.unyp.cz\/cs\/wp-json\/wp\/v2\/pages\/19765\/revisions\/61018"}],"wp:attachment":[{"href":"https:\/\/www.unyp.cz\/cs\/wp-json\/wp\/v2\/media?parent=19765"}],"wp:term":[{"taxonomy":"category","embeddable":true,"href":"https:\/\/www.unyp.cz\/cs\/wp-json\/wp\/v2\/categories?post=19765"},{"taxonomy":"post_tag","embeddable":true,"href":"https:\/\/www.unyp.cz\/cs\/wp-json\/wp\/v2\/tags?post=19765"}],"curies":[{"name":"wp","href":"https:\/\/api.w.org\/{rel}","templated":true}]}}