{"id":19767,"date":"2025-10-30T14:08:54","date_gmt":"2025-10-30T13:08:54","guid":{"rendered":"https:\/\/www.unyp.cz\/jobs-at-unyp\/"},"modified":"2026-01-20T18:02:45","modified_gmt":"2026-01-20T17:02:45","slug":"jobs-at-unyp","status":"publish","type":"page","link":"https:\/\/www.unyp.cz\/cs\/jobs-at-unyp\/","title":{"rendered":"Voln\u00e9 pracovn\u00ed pozice"},"content":{"rendered":"\n<h2 class=\"wp-block-heading\" id=\"h-pripojte-se-k-nasemu-pedagogickemu-sboru\">P\u0159ipojte se k na\u0161emu pedagogick\u00e9mu sboru<\/h2>\n\n\n\n<figure class=\"wp-block-image size-full is-resized\"><img data-opt-id=1445574284  fetchpriority=\"high\" decoding=\"async\" width=\"2560\" height=\"1707\" src=\"https:\/\/mlgfjgj9j0su.i.optimole.com\/w:auto\/h:auto\/q:mauto\/f:best\/https:\/\/www.unyp.cz\/wp-content\/uploads\/2025\/04\/unyp-profil-czechcrunch_by-veronika-rollerova-1-1-scaled.jpg\" alt=\"\" class=\"wp-image-61840\" style=\"width:616px;height:auto\" srcset=\"https:\/\/mlgfjgj9j0su.i.optimole.com\/w:1920\/h:1280\/q:mauto\/f:best\/https:\/\/www.unyp.cz\/wp-content\/uploads\/2025\/04\/unyp-profil-czechcrunch_by-veronika-rollerova-1-1-scaled.jpg 2560w, https:\/\/mlgfjgj9j0su.i.optimole.com\/w:300\/h:200\/q:mauto\/f:best\/https:\/\/www.unyp.cz\/wp-content\/uploads\/2025\/04\/unyp-profil-czechcrunch_by-veronika-rollerova-1-1-scaled.jpg 300w, https:\/\/mlgfjgj9j0su.i.optimole.com\/w:1400\/h:933\/q:mauto\/f:best\/https:\/\/www.unyp.cz\/wp-content\/uploads\/2025\/04\/unyp-profil-czechcrunch_by-veronika-rollerova-1-1-scaled.jpg 1400w, https:\/\/mlgfjgj9j0su.i.optimole.com\/w:150\/h:100\/q:mauto\/f:best\/https:\/\/www.unyp.cz\/wp-content\/uploads\/2025\/04\/unyp-profil-czechcrunch_by-veronika-rollerova-1-1-scaled.jpg 150w, https:\/\/mlgfjgj9j0su.i.optimole.com\/w:768\/h:512\/q:mauto\/f:best\/https:\/\/www.unyp.cz\/wp-content\/uploads\/2025\/04\/unyp-profil-czechcrunch_by-veronika-rollerova-1-1-scaled.jpg 768w, https:\/\/mlgfjgj9j0su.i.optimole.com\/w:1536\/h:1024\/q:mauto\/f:best\/https:\/\/www.unyp.cz\/wp-content\/uploads\/2025\/04\/unyp-profil-czechcrunch_by-veronika-rollerova-1-1-scaled.jpg 1536w, https:\/\/mlgfjgj9j0su.i.optimole.com\/w:1920\/h:1279\/q:mauto\/f:best\/https:\/\/www.unyp.cz\/wp-content\/uploads\/2025\/04\/unyp-profil-czechcrunch_by-veronika-rollerova-1-1-scaled.jpg 2048w\" sizes=\"(max-width: 1000px) 100vw, 1000px\" \/><\/figure>\n\n\n\n<div style=\"height:20px\" aria-hidden=\"true\" class=\"wp-block-spacer\"><\/div>\n\n\n\n<h3 class=\"wp-block-heading\">Inspirujte, bu\u010fte mentorem a formujte budoucnost.<\/h3>\n\n\n\n<p>Na University of New York in Prague (UNYP) st\u00e1le hled\u00e1me nad\u0161en\u00e9 pedagogy, kte\u0159\u00ed cht\u011bj\u00ed zlep\u0161it sv\u011bt. Voln\u00e1 pracovn\u00ed m\u00edsta UNYP \u010dekaj\u00ed pr\u00e1v\u011b na v\u00e1s, pokud hled\u00e1te nov\u00e9 p\u0159\u00edle\u017eitosti. A\u0165 u\u017e jste zku\u0161en\u00fd akademik, nebo profesion\u00e1l se siln\u00fdm z\u00e1zem\u00edm a l\u00e1skou k v\u00fduce, zveme v\u00e1s, abyste prozkoumali mo\u017enosti, jak se p\u0159ipojit k na\u0161\u00ed \u017eiv\u00e9 mezin\u00e1rodn\u00ed komunit\u011b.<\/p>\n\n\n\n<p>Pr\u016fb\u011b\u017en\u011b p\u0159ij\u00edm\u00e1me p\u0159ihl\u00e1\u0161ky na sou\u010dasn\u00e9 i budouc\u00ed pozice pedagog\u016f v \u0161irok\u00e9 \u0161k\u00e1le obor\u016f. Ide\u00e1ln\u00ed kandid\u00e1ti budou m\u00edt vysoko\u0161kolsk\u00fd titul a prok\u00e1\u017e\u00ed siln\u00e9 v\u011bdeck\u00e9 v\u00fdsledky, ale p\u0159edev\u0161\u00edm hled\u00e1me osobnosti, kter\u00e9 p\u0159in\u00e1\u0161ej\u00ed energii, nadhled a hlubok\u00e9 odhodl\u00e1n\u00ed pro vzd\u011bl\u00e1v\u00e1n\u00ed student\u016f. Pokud v\u00e1s zaj\u00edmaj\u00ed voln\u00e1 pracovn\u00ed m\u00edsta UNYP, nev\u00e1hejte n\u00e1s kontaktovat.<\/p>\n\n\n\n<p>Pokud m\u00e1te z\u00e1jem o pedagogick\u00e9 pozice a chcete n\u00e1m o sob\u011b napsat, vypl\u0148te pros\u00edm&nbsp;<a href=\"https:\/\/airtable.com\/shrXUCMAfHb6eKKap\">tento formul\u00e1\u0159. <\/a>Tak\u00e9 nezapome\u0148te sledovat voln\u00e1 pracovn\u00ed m\u00edsta UNYP pro dal\u0161\u00ed nab\u00eddky.<\/p>\n\n\n\n<hr class=\"wp-block-separator has-alpha-channel-opacity\"\/>\n\n\n\n<h3 class=\"wp-block-heading\">Prozkoumejte dal\u0161\u00ed kari\u00e9rn\u00ed p\u0159\u00edle\u017eitosti<\/h3>\n\n\n\n<h4 class=\"wp-block-heading\">Bu\u010fte sou\u010d\u00e1st\u00ed n\u011b\u010deho v\u011bt\u0161\u00edho.<\/h4>\n\n\n\n<p>Krom\u011b pedagogick\u00fdch pozic nab\u00edz\u00edme celou \u0159adu administrativn\u00edch a odborn\u00fdch pozic, kter\u00e9 p\u0159isp\u00edvaj\u00ed k \u00fasp\u011bchu na\u0161\u00ed instituce. V\u0161echna aktu\u00e1ln\u00ed voln\u00e1 m\u00edsta jsou uvedena na na\u0161\u00ed <a href=\"https:\/\/www.linkedin.com\/school\/university-of-new-york-in-prague\/?trk=public_profile_school\">ofici\u00e1ln\u00ed str\u00e1nce na s\u00edti LinkedIn<\/a>, kde m\u016f\u017eete b\u00fdt informov\u00e1ni o nov\u00fdch p\u0159\u00edle\u017eitostech. Mimochodem, voln\u00e1 pracovn\u00ed m\u00edsta UNYP jsou pravideln\u011b aktualizov\u00e1na na t\u00e9to str\u00e1nce.<\/p>\n\n\n\n<p>M\u00e1te dotazy nebo se chcete dozv\u011bd\u011bt v\u00edce o pr\u00e1ci u n\u00e1s? N\u00e1\u0161 HR t\u00fdm (hr@unyp.cz) v\u00e1m r\u00e1d pom\u016f\u017ee. Kontaktujte n\u00e1s a pora\u010fte se s n\u00e1mi, jak by va\u0161e schopnosti a nad\u0161en\u00ed mohly zapadnout do na\u0161eho rostouc\u00edho t\u00fdmu.<\/p>\n","protected":false},"excerpt":{"rendered":"<p>P\u0159ipojte se k na\u0161emu pedagogick\u00e9mu sboru Inspirujte, bu\u010fte mentorem a formujte budoucnost. Na University of New York in Prague (UNYP) st\u00e1le hled\u00e1me nad\u0161en\u00e9 pedagogy, kte\u0159\u00ed cht\u011bj\u00ed zlep\u0161it sv\u011bt. Voln\u00e1 pracovn\u00ed m\u00edsta UNYP \u010dekaj\u00ed pr\u00e1v\u011b na v\u00e1s, pokud hled\u00e1te nov\u00e9 p\u0159\u00edle\u017eitosti. A\u0165 u\u017e jste zku\u0161en\u00fd akademik, nebo profesion\u00e1l se siln\u00fdm z\u00e1zem\u00edm a l\u00e1skou k v\u00fduce, zveme [&hellip;]<\/p>\n","protected":false},"author":1,"featured_media":0,"parent":0,"menu_order":0,"comment_status":"closed","ping_status":"closed","template":"","meta":{"_acf_changed":false,"inline_featured_image":false,"advgb_blocks_editor_width":"","advgb_blocks_columns_visual_guide":"","footnotes":""},"categories":[],"tags":[],"class_list":["post-19767","page","type-page","status-publish","hentry"],"acf":[],"mb":[],"coauthors":[],"author_meta":{"author_link":"https:\/\/www.unyp.cz\/cs\/author\/kucera-centario\/","display_name":"kucera.centario"},"relative_dates":{"created":"Posted 5 months ago","modified":"Updated 3 months ago"},"absolute_dates":{"created":"Posted on October 30, 2025","modified":"Updated on January 20, 2026"},"absolute_dates_time":{"created":"Posted on October 30, 2025 2:08 PM","modified":"Updated on January 20, 2026 6:02 PM"},"featured_img_caption":"","featured_img":false,"series_order":"","mfb_rest_fields":["title","coauthors","author_meta","relative_dates","absolute_dates","absolute_dates_time","featured_img_caption","featured_img","series_order"],"_links":{"self":[{"href":"https:\/\/www.unyp.cz\/cs\/wp-json\/wp\/v2\/pages\/19767","targetHints":{"allow":["GET"]}}],"collection":[{"href":"https:\/\/www.unyp.cz\/cs\/wp-json\/wp\/v2\/pages"}],"about":[{"href":"https:\/\/www.unyp.cz\/cs\/wp-json\/wp\/v2\/types\/page"}],"author":[{"embeddable":true,"href":"https:\/\/www.unyp.cz\/cs\/wp-json\/wp\/v2\/users\/1"}],"replies":[{"embeddable":true,"href":"https:\/\/www.unyp.cz\/cs\/wp-json\/wp\/v2\/comments?post=19767"}],"version-history":[{"count":18,"href":"https:\/\/www.unyp.cz\/cs\/wp-json\/wp\/v2\/pages\/19767\/revisions"}],"predecessor-version":[{"id":73787,"href":"https:\/\/www.unyp.cz\/cs\/wp-json\/wp\/v2\/pages\/19767\/revisions\/73787"}],"wp:attachment":[{"href":"https:\/\/www.unyp.cz\/cs\/wp-json\/wp\/v2\/media?parent=19767"}],"wp:term":[{"taxonomy":"category","embeddable":true,"href":"https:\/\/www.unyp.cz\/cs\/wp-json\/wp\/v2\/categories?post=19767"},{"taxonomy":"post_tag","embeddable":true,"href":"https:\/\/www.unyp.cz\/cs\/wp-json\/wp\/v2\/tags?post=19767"}],"curies":[{"name":"wp","href":"https:\/\/api.w.org\/{rel}","templated":true}]}}