{"id":19770,"date":"2024-09-02T06:16:24","date_gmt":"2024-09-02T05:16:24","guid":{"rendered":"https:\/\/www.unyp.cz\/sports-activities\/"},"modified":"2026-01-30T16:27:42","modified_gmt":"2026-01-30T15:27:42","slug":"sportovni-kluby","status":"publish","type":"page","link":"https:\/\/www.unyp.cz\/cs\/sportovni-kluby\/","title":{"rendered":"Sportovn\u00ed kluby"},"content":{"rendered":"\n<div class=\"wp-block-advgb-images-slider advgb-images-slider-block advg-images-slider-33bd1447-0c8d-4ec2-884b-bc679e51fa50\"><div class=\"advgb-images-slider\" dir=\"ltr\"><div class=\"advgb-image-slider-item\"><img data-opt-id=1759800463  fetchpriority=\"high\" decoding=\"async\" src=\"https:\/\/mlgfjgj9j0su.i.optimole.com\/w:auto\/h:auto\/q:mauto\/f:best\/https:\/\/www.unyp.cz\/wp-content\/uploads\/2022\/12\/untitled_610_x_350_px_3.jpg\" class=\"advgb-image-slider-img\" alt=\"\" style=\"width:100%;height:auto\"\/><div class=\"advgb-image-slider-item-info\" style=\"justify-content:center;align-items:center\"><\/div><\/div><div class=\"advgb-image-slider-item\"><img data-opt-id=1183674867  fetchpriority=\"high\" decoding=\"async\" src=\"https:\/\/mlgfjgj9j0su.i.optimole.com\/w:auto\/h:auto\/q:mauto\/f:best\/https:\/\/www.unyp.cz\/wp-content\/uploads\/2023\/02\/Floorball_FALL22-3-edited-scaled.jpg\" class=\"advgb-image-slider-img\" alt=\"\" style=\"width:100%;height:auto\"\/><div class=\"advgb-image-slider-item-info\" style=\"justify-content:center;align-items:center\"><\/div><\/div><div class=\"advgb-image-slider-item\"><img data-opt-id=1923880009  fetchpriority=\"high\" decoding=\"async\" src=\"https:\/\/mlgfjgj9j0su.i.optimole.com\/w:auto\/h:auto\/q:mauto\/f:best\/https:\/\/www.unyp.cz\/wp-content\/uploads\/2024\/01\/Untitled-design-27.jpg\" class=\"advgb-image-slider-img\" alt=\"Untitled design (27)\" style=\"width:100%;height:auto\"\/><div class=\"advgb-image-slider-item-info\" style=\"justify-content:center;align-items:center\"><h4 class=\"advgb-image-slider-title\">Untitled design (27)<\/h4><\/div><\/div><div class=\"advgb-image-slider-item\"><img data-opt-id=2013735615  fetchpriority=\"high\" decoding=\"async\" src=\"https:\/\/mlgfjgj9j0su.i.optimole.com\/w:auto\/h:auto\/q:mauto\/f:best\/https:\/\/www.unyp.cz\/wp-content\/uploads\/2024\/01\/Untitled-design-28.jpg\" class=\"advgb-image-slider-img\" alt=\"Untitled design (28)\" style=\"width:100%;height:auto\"\/><div class=\"advgb-image-slider-item-info\" style=\"justify-content:center;align-items:center\"><h4 class=\"advgb-image-slider-title\">Untitled design (28)<\/h4><\/div><\/div><\/div><\/div>\n\n\n\n<h2 class=\"wp-block-heading\" id=\"h-sport-na-unyp-hrajte-a-soutezte\">Sport na UNYP: Hrajte a sout\u011b\u017ete<\/h2>\n\n\n\n<p>A\u0165 u\u017e jste p\u0159i\u0161li reprezentovat UNYP v ofici\u00e1ln\u00edch sout\u011b\u017e\u00edch, nebo jen chcete z\u016fstat aktivn\u00ed, n\u00e1\u0161 studentsk\u00fd sportovn\u00ed program nab\u00edz\u00ed dokonalou kombinaci sout\u011b\u017een\u00ed, kondice a komunity. D\u00edky t\u00fdm\u016fm v r\u016fzn\u00fdch sportech a siln\u00e9mu syst\u00e9mu podpory si zde najde m\u00edsto ka\u017ed\u00fd &#8211; a\u0165 u\u017e jste sportovec, nebo fanou\u0161ek.<\/p>\n\n\n\n<hr class=\"wp-block-separator has-alpha-channel-opacity\"\/>\n\n\n\n<h3 class=\"wp-block-heading\" id=\"h-proc-se-stat-clenem-sportovnich-tymu\">Pro\u010d se st\u00e1t \u010dlenem sportovn\u00edch t\u00fdm\u016f?<\/h3>\n\n\n\n<p>Zapojen\u00ed do univerzitn\u00edho sportu nab\u00edz\u00ed v\u00edc ne\u017e jen pohyb. Je to zp\u016fsob, jak se rozv\u00edjet, navazovat kontakty a dosahovat \u00fasp\u011bch\u016f na h\u0159i\u0161ti i mimo n\u011bj.<\/p>\n\n\n\n<ul class=\"wp-block-list\">\n<li>Zlep\u0161ete svou fyzickou a du\u0161evn\u00ed pohodu<\/li>\n\n\n\n<li>M\u016f\u017eete nav\u00e1zat p\u0159\u00e1telstv\u00ed a st\u00e1t se sou\u010d\u00e1st\u00ed t\u00fdmu<\/li>\n\n\n\n<li>M\u016f\u017eete reprezentovat UNYP v univerzitn\u00edch sout\u011b\u017e\u00edch<\/li>\n\n\n\n<li>M\u016f\u017eete sladit sportovn\u00ed a akademick\u00fd \u017eivot d\u00edky flexibiln\u00edmu rozvrhu tr\u00e9nink\u016f.<\/li>\n<\/ul>\n\n\n\n<hr class=\"wp-block-separator has-alpha-channel-opacity\"\/>\n\n\n\n<h2 class=\"wp-block-heading\" id=\"h-nase-blazers-sportovni-tymy\">Na\u0161e Blazers sportovn\u00ed t\u00fdmy<\/h2>\n\n\n\n<p>UNYP aktu\u00e1ln\u011b hraje tyto sporty:<\/p>\n\n\n\n<figure class=\"wp-block-image alignleft size-large is-resized\"><img data-opt-id=1322095627  fetchpriority=\"high\" decoding=\"async\" width=\"1400\" height=\"990\" src=\"https:\/\/mlgfjgj9j0su.i.optimole.com\/w:1400\/h:990\/q:mauto\/f:best\/https:\/\/www.unyp.cz\/wp-content\/uploads\/2024\/02\/loga_A3-1.jpg\" alt=\"\" class=\"wp-image-42033\" style=\"width:269px;height:auto\" srcset=\"https:\/\/mlgfjgj9j0su.i.optimole.com\/w:1400\/h:990\/q:mauto\/f:best\/https:\/\/www.unyp.cz\/wp-content\/uploads\/2024\/02\/loga_A3-1.jpg 1400w, https:\/\/mlgfjgj9j0su.i.optimole.com\/w:300\/h:212\/q:mauto\/f:best\/https:\/\/www.unyp.cz\/wp-content\/uploads\/2024\/02\/loga_A3-1.jpg 300w, https:\/\/mlgfjgj9j0su.i.optimole.com\/w:150\/h:106\/q:mauto\/f:best\/https:\/\/www.unyp.cz\/wp-content\/uploads\/2024\/02\/loga_A3-1.jpg 150w, https:\/\/mlgfjgj9j0su.i.optimole.com\/w:768\/h:543\/q:mauto\/f:best\/https:\/\/www.unyp.cz\/wp-content\/uploads\/2024\/02\/loga_A3-1.jpg 768w, https:\/\/mlgfjgj9j0su.i.optimole.com\/w:1536\/h:1086\/q:mauto\/f:best\/https:\/\/www.unyp.cz\/wp-content\/uploads\/2024\/02\/loga_A3-1.jpg 1536w, https:\/\/mlgfjgj9j0su.i.optimole.com\/w:1920\/h:1357\/q:mauto\/f:best\/https:\/\/www.unyp.cz\/wp-content\/uploads\/2024\/02\/loga_A3-1.jpg 2048w\" sizes=\"(max-width: 1000px) 100vw, 1000px\" \/><\/figure>\n\n\n\n<p><\/p>\n\n\n\n<ul class=\"wp-block-list\">\n<li>Fotbal<\/li>\n\n\n\n<li>Basketbal<\/li>\n\n\n\n<li>Volejbal<\/li>\n\n\n\n<li>Florbal<\/li>\n<\/ul>\n\n\n\n<p><\/p>\n\n\n\n<p>V\u0161ichni studenti UNYP jsou v\u00edt\u00e1ni &#8211; <strong>p\u0159edchoz\u00ed zku\u0161enosti nejsou nutn\u00e9!<\/strong><\/p>\n\n\n\n<hr class=\"wp-block-separator has-alpha-channel-opacity\"\/>\n\n\n\n<h2 class=\"wp-block-heading\" id=\"h-kde-trenujeme\">Kde tr\u00e9nujeme?<\/h2>\n\n\n\n<p>T\u00fdmy UNYP tr\u00e9nuj\u00ed na r\u016fzn\u00fdch pra\u017esk\u00fdch sportovi\u0161t\u00edch, kter\u00e1 jsou snadno dostupn\u00e1 ve\u0159ejnou dopravou a rozvr\u017een\u00e1 podle akademick\u00fdch rozvrh\u016f.<\/p>\n\n\n\n<figure class=\"wp-block-table\"><table class=\"has-fixed-layout\"><thead><tr><th><strong>Budova<\/strong><\/th><th><strong>Sport<\/strong>y<\/th><th><strong>Lo<\/strong>kalita<\/th><\/tr><\/thead><tbody><tr><td><a href=\"https:\/\/maps.app.goo.gl\/W5GeKjLXPUf1TFwT8\" target=\"_blank\" rel=\"noreferrer noopener\">Z\u00e1kladn\u00ed \u0161kola Plam\u00ednkov\u00e9<\/a><\/td><td>Basketbal, Fotbal<\/td><td>Praha 9 \u2013 Libe\u0148<\/td><\/tr><tr><td><a href=\"https:\/\/maps.app.goo.gl\/FzTvcx1oNMDSTHrq5\">UNYP Arena<\/a><\/td><td>Florbal<\/td><td>Praha 9 \u2013 Vyso\u010dany<\/td><\/tr><tr><td><a href=\"https:\/\/maps.app.goo.gl\/k4kyjDXZ94RBHAH86\"><\/a><a href=\"https:\/\/maps.app.goo.gl\/PFKCtVgU2w2Di7P78\" target=\"_blank\" rel=\"noreferrer noopener\">Z\u0160 Kv\u011btnov\u00e9ho V\u00edt\u011bzstv\u00ed<\/a><\/td><td>Volejbal<\/td><td>Praha 11 &#8211; Chodov<\/td><\/tr><\/tbody><\/table><\/figure>\n\n\n\n<hr class=\"wp-block-separator has-alpha-channel-opacity\"\/>\n\n\n\n<h2 class=\"wp-block-heading\" id=\"h-treneri-a-kontakty\">Tren\u00e9\u0159i a kontakty<\/h2>\n\n\n\n<figure class=\"wp-block-table\"><table class=\"has-fixed-layout\"><thead><tr><th><strong>Sport<\/strong><\/th><th>Tren\u00e9r<\/th><th><strong>Email<\/strong><\/th><th><strong>Instagram<\/strong><\/th><\/tr><\/thead><tbody><tr><td>Fotbal<\/td><td>Mat\u011bj Kopeck\u00fd<\/td><td><a href=\"mailto:matej@myss.cz\">matej@myss.cz<\/a><\/td><td><a href=\"https:\/\/www.instagram.com\/unyp_blazers_football\/\">@unyp_blazers_football<\/a><\/td><\/tr><tr><td>Basketbal<\/td><td>Mat\u011bj Kopeck\u00fd<\/td><td><a href=\"mailto:jana.holeckova@unyp.cz\"><\/a><a href=\"mailto:unyp.basketball@gmail.com\"><\/a><a href=\"mailto:matej@myss.cz\">matej@myss.cz<\/a><\/td><td><a href=\"https:\/\/www.instagram.com\/unyp_basketball\/\">@unyp_basketball<\/a><\/td><\/tr><tr><td>Volejbal<\/td><td>Jacky Nguyen<\/td><td><a href=\"mailto:marketa.dvorakova@unyp.cz\"><\/a><a href=\"mailto:yokage37@gmail.com\">acevba0@gmail.com<\/a><\/td><td><a href=\"https:\/\/www.instagram.com\/unyp.vbclub\/\">@unyp.vbclub<\/a><\/td><\/tr><tr><td>Florbal<\/td><td>Vojt\u011bch Krupi\u010dka<\/td><td><a href=\"mailto:krupysson@gmail.com\" target=\"_blank\" rel=\"noreferrer noopener\">krupysson@gmail.com<\/a><\/td><td><a href=\"https:\/\/www.instagram.com\/unyp_blazers_floorball\/\">@unyp_blazers_floorball<\/a><\/td><\/tr><\/tbody><\/table><\/figure>\n\n\n\n<p>S obecn\u00fdmi dotazy se obra\u0165te na: studentlife@unyp.cz nebo po\u0161lete DM na IG sportovn\u00edho klubu.<\/p>\n\n\n\n<hr class=\"wp-block-separator has-alpha-channel-opacity\"\/>\n\n\n\n<h2 class=\"wp-block-heading\" id=\"h-jak-se-zapojit\">Jak se zapojit?<\/h2>\n\n\n\n<p>Za\u010dlenit se m\u016f\u017eete n\u00e1sleduj\u00edc\u00edm zp\u016fsobem:<\/p>\n\n\n\n<ul class=\"wp-block-list\">\n<li>Kontaktujte sportovn\u00ed tren\u00e9ry (viz v\u00fd\u0161e uveden\u00e9 kontaktn\u00ed informace)<\/li>\n\n\n\n<li>Po\u0161lete e-mail na adresu studentlife@unyp.cz a uve\u010fte sport, o kter\u00fd m\u00e1te z\u00e1jem<\/li>\n<\/ul>\n\n\n\n<p><strong>V\u0161ichni jsou v\u00edt\u00e1ni!!!<\/strong><\/p>\n\n\n\n<hr class=\"wp-block-separator has-alpha-channel-opacity\"\/>\n\n\n\n<h2 class=\"wp-block-heading\" id=\"h-moznosti-fitness-a-wellness\">Mo\u017enosti fitness a wellness<\/h2>\n\n\n\n<p>Nechcete hr\u00e1t v t\u00fdmu? I tak m\u016f\u017eete z\u016fstat aktivn\u00ed prost\u0159ednictv\u00edm r\u016fzn\u00fdch fitness a wellness program\u016f:<\/p>\n\n\n\n<ul class=\"wp-block-list\">\n<li>T\u00fddenn\u00ed skupinov\u00e9 sportovn\u00ed lekce<\/li>\n\n\n\n<li>Otev\u0159en\u00e9 hodiny t\u011blocvi\u010dny<\/li>\n\n\n\n<li>Dal\u0161\u00ed podrobnosti najdete na str\u00e1nce <a href=\"https:\/\/www.unyp.cz\/student-life\/https:\/\/www.unyp.cz\/student-affairs\/fitness-welness\/\">Fitness a wellness<\/a><\/li>\n<\/ul>\n","protected":false},"excerpt":{"rendered":"<p>Sport na UNYP: Hrajte a sout\u011b\u017ete A\u0165 u\u017e jste p\u0159i\u0161li reprezentovat UNYP v ofici\u00e1ln\u00edch sout\u011b\u017e\u00edch, nebo jen chcete z\u016fstat aktivn\u00ed, n\u00e1\u0161 studentsk\u00fd sportovn\u00ed program nab\u00edz\u00ed dokonalou kombinaci sout\u011b\u017een\u00ed, kondice a komunity. D\u00edky t\u00fdm\u016fm v r\u016fzn\u00fdch sportech a siln\u00e9mu syst\u00e9mu podpory si zde najde m\u00edsto ka\u017ed\u00fd &#8211; a\u0165 u\u017e jste sportovec, nebo fanou\u0161ek. Pro\u010d se st\u00e1t [&hellip;]<\/p>\n","protected":false},"author":1,"featured_media":0,"parent":0,"menu_order":0,"comment_status":"closed","ping_status":"closed","template":"","meta":{"_acf_changed":false,"inline_featured_image":false,"advgb_blocks_editor_width":"","advgb_blocks_columns_visual_guide":"","footnotes":""},"categories":[],"tags":[125,128],"class_list":["post-19770","page","type-page","status-publish","hentry","tag-studentsky-zivot","tag-studium-v-zahranici"],"acf":[],"mb":[],"coauthors":[],"author_meta":{"author_link":"https:\/\/www.unyp.cz\/cs\/author\/kucera-centario\/","display_name":"kucera.centario"},"relative_dates":{"created":"Posted 2 years ago","modified":"Updated 2 months ago"},"absolute_dates":{"created":"Posted on September 2, 2024","modified":"Updated on January 30, 2026"},"absolute_dates_time":{"created":"Posted on September 2, 2024 6:16 AM","modified":"Updated on January 30, 2026 4:27 PM"},"featured_img_caption":"","featured_img":false,"series_order":"","mfb_rest_fields":["title","coauthors","author_meta","relative_dates","absolute_dates","absolute_dates_time","featured_img_caption","featured_img","series_order"],"_links":{"self":[{"href":"https:\/\/www.unyp.cz\/cs\/wp-json\/wp\/v2\/pages\/19770","targetHints":{"allow":["GET"]}}],"collection":[{"href":"https:\/\/www.unyp.cz\/cs\/wp-json\/wp\/v2\/pages"}],"about":[{"href":"https:\/\/www.unyp.cz\/cs\/wp-json\/wp\/v2\/types\/page"}],"author":[{"embeddable":true,"href":"https:\/\/www.unyp.cz\/cs\/wp-json\/wp\/v2\/users\/1"}],"replies":[{"embeddable":true,"href":"https:\/\/www.unyp.cz\/cs\/wp-json\/wp\/v2\/comments?post=19770"}],"version-history":[{"count":15,"href":"https:\/\/www.unyp.cz\/cs\/wp-json\/wp\/v2\/pages\/19770\/revisions"}],"predecessor-version":[{"id":74361,"href":"https:\/\/www.unyp.cz\/cs\/wp-json\/wp\/v2\/pages\/19770\/revisions\/74361"}],"wp:attachment":[{"href":"https:\/\/www.unyp.cz\/cs\/wp-json\/wp\/v2\/media?parent=19770"}],"wp:term":[{"taxonomy":"category","embeddable":true,"href":"https:\/\/www.unyp.cz\/cs\/wp-json\/wp\/v2\/categories?post=19770"},{"taxonomy":"post_tag","embeddable":true,"href":"https:\/\/www.unyp.cz\/cs\/wp-json\/wp\/v2\/tags?post=19770"}],"curies":[{"name":"wp","href":"https:\/\/api.w.org\/{rel}","templated":true}]}}