{"id":19773,"date":"2022-09-28T11:51:26","date_gmt":"2022-09-28T10:51:26","guid":{"rendered":"https:\/\/www.unyp.cz\/regulations-and-compliance\/"},"modified":"2026-02-26T09:59:31","modified_gmt":"2026-02-26T08:59:31","slug":"predpisy-a-smernice","status":"publish","type":"page","link":"https:\/\/www.unyp.cz\/cs\/predpisy-a-smernice\/","title":{"rendered":"Akademick\u00e1 integrita"},"content":{"rendered":"\n<h2 class=\"wp-block-heading\" id=\"h-zajisteni-kvality-predpisu-a-jejich-dodrzovani\">Zaji\u0161t\u011bn\u00ed kvality, p\u0159edpis\u016f a jejich dodr\u017eov\u00e1n\u00ed<\/h2>\n\n\n\n<p>Na University of New York in Prague (UNYP) tvo\u0159\u00ed <strong>akademick\u00e1 integrita, zaji\u0161t\u011bn\u00ed kvality<\/strong> a <strong>dodr\u017eov\u00e1n\u00ed pr\u00e1vn\u00edch p\u0159edpis\u016f<\/strong> z\u00e1klad na\u0161ich institucion\u00e1ln\u00edch hodnot. Na\u0161e vzd\u011bl\u00e1vac\u00ed postupy spl\u0148uj\u00ed <strong>nejvy\u0161\u0161\u00ed \u010desk\u00e9 i mezin\u00e1rodn\u00ed standardy<\/strong> a zaji\u0161\u0165uj\u00ed transparentnost, neust\u00e1l\u00e9 zlep\u0161ov\u00e1n\u00ed a dodr\u017eov\u00e1n\u00ed pr\u00e1vn\u00edch p\u0159edpis\u016f na v\u0161ech akademick\u00fdch i provozn\u00edch \u00farovn\u00edch.<\/p>\n\n\n\n<hr class=\"wp-block-separator has-alpha-channel-opacity\"\/>\n\n\n\n<h3 class=\"wp-block-heading\" id=\"h-1-zajisteni-kvality\"><strong>1. Zaji\u0161t\u011bn\u00ed kvality<\/strong><\/h3>\n\n\n\n<p><strong>R\u00e1mec zaji\u0161t\u011bn\u00ed kvality<\/strong> na UNYP zaru\u010duje poskytov\u00e1n\u00ed vysoce kvalitn\u00edho vzd\u011bl\u00e1n\u00ed zam\u011b\u0159en\u00e9ho na studenty. Je strukturov\u00e1n tak, aby podporoval<strong> institucion\u00e1ln\u00ed rozvoj, tvorbu program\u016f a excelenci akademick\u00e9ho sboru<\/strong>.<\/p>\n\n\n\n<h4 class=\"wp-block-heading\" id=\"h-klicove-oblasti-zamereni\">Kl\u00ed\u010dov\u00e9 oblasti zam\u011b\u0159en\u00ed<\/h4>\n\n\n\n<p><strong>N\u00e1vrh a revize u\u010debn\u00edch pl\u00e1n\u016f<\/strong> \u2013 Nep\u0159etr\u017eit\u00fd v\u00fdvoj v souladu s mezin\u00e1rodn\u00edmi standardy a pot\u0159ebami trhu pr\u00e1ce.<\/p>\n\n\n\n<p><strong>Podpora a hodnocen\u00ed akademick\u00fdch pracovn\u00edk\u016f<\/strong> \u2013 Investice do profesn\u00edho rozvoje a inova\u010dn\u00edch v\u00fdukov\u00fdch metod.<\/p>\n\n\n\n<p><strong>Mechanismy zp\u011btn\u00e9 vazby student\u016f<\/strong> \u2013 Hodnocen\u00ed kurz\u016f a diskusn\u00ed skupiny jsou ned\u00edlnou sou\u010d\u00e1st\u00ed zlep\u0161ov\u00e1n\u00ed studijn\u00ed zku\u0161enosti.<\/p>\n\n\n\n<p><strong>Studijn\u00ed zdroje a infrastruktura<\/strong> \u2013 Pravideln\u00e9 audity knihoven, digit\u00e1ln\u00edch n\u00e1stroj\u016f a slu\u017eeb kampusu.<\/p>\n\n\n\n<p>V\u00edce informac\u00ed:<\/p>\n\n\n\n<p>\ud83d\udc49 <a href=\"https:\/\/www.unyp.cz\/cs\/zajisteni-kvality\/\">Zaji\u0161t\u011bn\u00ed kvality na UNYP<\/a><\/p>\n\n\n\n<hr class=\"wp-block-separator has-alpha-channel-opacity\"\/>\n\n\n\n<h3 class=\"wp-block-heading\" id=\"h-2-cesky-legislativni-ramec-a-vnitrni-sprava\"><strong>2. \u010cesk\u00fd legislativn\u00ed r\u00e1mec a vnit\u0159n\u00ed spr\u00e1va<\/strong><\/h3>\n\n\n\n<h4 class=\"wp-block-heading\" id=\"h-legislativni-dohled\">Legislativn\u00ed dohled<\/h4>\n\n\n\n<p>UNYP p\u016fsob\u00ed v souladu se <a href=\"https:\/\/msmt.gov.cz\/uploads\/Areas_of_work\/higher_education\/Act_No_111_1998.pdf\">z\u00e1konem o vysok\u00fdch \u0161kol\u00e1ch (z\u00e1kon \u010d. 111\/1998 Sb., o vysok\u00fdch \u0161kol\u00e1ch)<\/a>, kter\u00fd upravuje \u010dinnost akademick\u00fdch instituc\u00ed v \u010cesk\u00e9 republice.<\/p>\n\n\n\n<h4 class=\"wp-block-heading\" id=\"h-vnitrni-predpisy-a-sprava\">Vnit\u0159n\u00ed p\u0159edpisy a spr\u00e1va<\/h4>\n\n\n\n<p>UNYP vyvinul komplexn\u00ed syst\u00e9m vnit\u0159n\u00edch p\u0159edpis\u016f a politiky institucion\u00e1ln\u00ed spr\u00e1vy, kter\u00e9 stanovuj\u00ed postupy, odpov\u011bdnosti a etick\u00e9 standardy nap\u0159\u00ed\u010d v\u0161emi akademick\u00fdmi a provozn\u00edmi oblastmi.<\/p>\n\n\n\n<p>Tento syst\u00e9m zahrnuje:<\/p>\n\n\n\n<p><strong>a) Statut UNYP a vnit\u0159n\u00ed p\u0159edpisy<\/strong><br>Zaregistrov\u00e1no u Ministerstva \u0161kolstv\u00ed, ml\u00e1de\u017ee a t\u011blov\u00fdchovy \u010cR, tyto dokumenty tvo\u0159\u00ed n\u00e1\u0161 pr\u00e1vn\u00ed z\u00e1klad.<br>\ud83d\udcc4 <a href=\"https:\/\/unypcz.sharepoint.com\/:b:\/s\/RectorsOfficeTeam\/EWNCDIOES6JLia7SzPOs4t0BPX8ZJSmt_21KpXL6hqMj8g?e=R7OerT\" target=\"_blank\" rel=\"noreferrer noopener\">Statut UNYP a vnit\u0159n\u00ed p\u0159edpisy<\/a><\/p>\n\n\n\n<p><strong>b) Vnit\u0159n\u00ed pravidla a opat\u0159en\u00ed<\/strong><br>Zahrnuj\u00ed akademick\u00e9 kodexy, disciplin\u00e1rn\u00ed pravidla a administrativn\u00ed postupy:<br>\ud83d\udcd1 <a href=\"https:\/\/unypcz.sharepoint.com\/:b:\/s\/RectorsOfficeTeam\/IQCyr1IkgIOpRbP1WqBx-LsFAZ7QyVT5Lv71Zeao9jbvwqk?e=7FynFy\">UNYP Policies<\/a><br>\ud83d\udcd8 <a href=\"https:\/\/www.unyp.cz\/cs\/studentsky-kodex\/\">Studentsk\u00fd kodex<\/a><\/p>\n\n\n\n<p><strong>c) Informace o studijn\u00edch programech<\/strong><br>Prohl\u00e9dn\u011bte si akreditovan\u00e9 programy a jejich u\u010debn\u00ed pl\u00e1ny:<br>\ud83d\udcda <a href=\"https:\/\/airtable.com\/app4hWCbWWQhroQBd\/shr710gNo68kP3MAh\/tblprY2bCf0bdebro\">P\u0159ehled program\u016f<\/a><\/p>\n\n\n\n<p><strong>d) Repozit\u00e1\u0159 z\u00e1v\u011bre\u010dn\u00fdch prac\u00ed<\/strong><br>P\u0159\u00edstup k ve\u0159ejn\u011b dostupn\u00fdm studentsk\u00fdm z\u00e1v\u011bre\u010dn\u00fdm prac\u00edm pro akademickou transparentnost:<br>\ud83d\uddc2\ufe0f <a href=\"https:\/\/airtable.com\/app4hWCbWWQhroQBd\/shr4U6euHU7PatKD4\">Repozit\u00e1\u0159 z\u00e1v\u011bre\u010dn\u00fdch prac\u00ed<\/a><\/p>\n\n\n\n<p>V\u00edce informac\u00ed o souladu s p\u0159edpisy:<br>\ud83d\udc49 <a href=\"https:\/\/www.unyp.cz\/cs\/predpisy-a-smernice\/\">P\u0159edpisy na UNYP<\/a><\/p>\n\n\n\n<hr class=\"wp-block-separator has-alpha-channel-opacity\"\/>\n\n\n\n<h3 class=\"wp-block-heading\" id=\"h-3-unyp-kreditni-system\"><strong>3. UNYP Kreditn\u00ed syst\u00e9m<\/strong><\/h3>\n\n\n\n<p>UNYP vyu\u017e\u00edv\u00e1 du\u00e1ln\u00ed kreditn\u00ed syst\u00e9m podporuj\u00edc\u00ed mezin\u00e1rodn\u00ed mobilitu a srovnatelnost program\u016f:<\/p>\n\n\n\n<h4 class=\"wp-block-heading\" id=\"h-modely-kreditu\">Modely kredit\u016f<\/h4>\n\n\n\n<ul class=\"wp-block-list\">\n<li><a href=\"https:\/\/education.ec.europa.eu\/education-levels\/higher-education\/inclusive-and-connected-higher-education\/european-credit-transfer-and-accumulation-system\">Evropsk\u00fd syst\u00e9m p\u0159enosu a akumulace kredit\u016f (ECTS)<\/a><\/li>\n\n\n\n<li><a href=\"https:\/\/www.mastersportal.com\/articles\/1110\/what-you-need-to-know-about-the-american-university-credit-system.html\" target=\"_blank\" rel=\"noreferrer noopener\">Americk\u00fd syst\u00e9m semestr\u00e1ln\u00edch kredit\u016f<\/a><\/li>\n<\/ul>\n\n\n\n<p>Tento p\u0159\u00edstup odr\u00e1\u017e\u00ed na\u0161i \u00fazkou akademickou spolupr\u00e1ci se SUNY Empire State University a umo\u017e\u0148uje student\u016fm z\u00edskat dvoj\u00ed titul.<\/p>\n\n\n\n<h4 class=\"wp-block-heading\" id=\"h-ekvivalence-kreditu-a-studijni-zatez\">Ekvivalence kredit\u016f a studijn\u00ed z\u00e1t\u011b\u017e<\/h4>\n\n\n\n<ul class=\"wp-block-list\">\n<li>1 americk\u00fd kredit = 2 ECTS kredity<\/li>\n\n\n\n<li>1 kredit = 50\u201360 hodin studentsk\u00e9 pr\u00e1ce<\/li>\n\n\n\n<li>Standardn\u00ed ro\u010dn\u00ed z\u00e1t\u011b\u017e = 60 ECTS<\/li>\n<\/ul>\n\n\n\n<p>Alokace kredit\u016f je ka\u017edoro\u010dn\u011b p\u0159ezkoum\u00e1v\u00e1na na z\u00e1klad\u011b:<\/p>\n\n\n\n<ul class=\"wp-block-list\">\n<li>Hodnocen\u00ed v\u00fduky studenty<\/li>\n\n\n\n<li>V\u00fdukov\u00fdch v\u00fdsledk\u016f v sylabech<\/li>\n\n\n\n<li>Institucion\u00e1ln\u00edho porovn\u00e1n\u00ed z\u00e1t\u011b\u017ee<\/li>\n<\/ul>\n\n\n\n<p>Podrobn\u00e9 pokyny ke kredit\u016fm:<br>\ud83d\udccf <a href=\"https:\/\/unypcz.sharepoint.com\/:b:\/s\/RectorsOfficeTeam\/EQnzTp0lXIZEjO5DiHpupSYBqJN-H6_CkOV_Ivl4HEgWSQ?e=ivUaNK\" target=\"_blank\" rel=\"noreferrer noopener\">Kreditn\u00ed syst\u00e9m UNYP<\/a><\/p>\n\n\n\n<hr class=\"wp-block-separator has-alpha-channel-opacity\"\/>\n\n\n\n<h3 class=\"wp-block-heading\" id=\"h-4-akreditace-a-externi-hodnoceni\"><strong>4. Akreditace a extern\u00ed hodnocen\u00ed<\/strong><\/h3>\n\n\n\n<p>Provoz UNYP podl\u00e9h\u00e1 p\u0159\u00edsn\u00e9mu <strong>n\u00e1rodn\u00edmu i mezin\u00e1rodn\u00edmu dohledu<\/strong>:<\/p>\n\n\n\n<ul class=\"wp-block-list\">\n<li><strong><a href=\"https:\/\/msmt.gov.cz\/areas-of-work\/tertiary-education\/overview-of-private-higher-education-institutions?lang=2\">Ministerstvo \u0161kolstv\u00ed \u010cR<\/a><\/strong>: UNYP je ofici\u00e1ln\u011b akreditovan\u00e1 vysok\u00e1 \u0161kola v \u010cesk\u00e9 republice.<\/li>\n\n\n\n<li><strong>Americk\u00e1 akreditace<\/strong>: D\u00edky partnerstv\u00ed se <a href=\"https:\/\/sunyempire.edu\/\">SUNY Empire State University<\/a> spl\u0148uj\u00ed programy UNYP americk\u00e9 standardy akademick\u00e9 kvality.<\/li>\n<\/ul>\n\n\n\n<p>Extern\u00ed agentury a akademi\u010dt\u00ed partne\u0159i pravideln\u011b prov\u00e1d\u011bj\u00ed audity kvality a revize program\u016f, \u010d\u00edm\u017e zaji\u0161\u0165uj\u00ed na\u0161i glob\u00e1ln\u00ed konkurenceschopnost a m\u00edstn\u00ed soulad.<\/p>\n\n\n\n<hr class=\"wp-block-separator has-alpha-channel-opacity\"\/>\n\n\n\n<h3 class=\"wp-block-heading\" id=\"h-5-vysledky-studentu-a-zpravy-o-programech\"><strong>5. V\u00fdsledky student\u016f a zpr\u00e1vy o programech<\/strong><\/h3>\n\n\n\n<h4 class=\"wp-block-heading\" id=\"h-business-programs\">Business Programs<\/h4>\n\n\n\n<p>Excelence v oblasti obchodn\u00edho vzd\u011bl\u00e1v\u00e1n\u00ed se hodnot\u00ed na z\u00e1klad\u011b posl\u00e1n\u00ed akademick\u00e9 jednotky, strategick\u00fdch c\u00edl\u016f, v\u00fdsledk\u016f u\u010den\u00ed student\u016f a v\u00fdkonnosti. Toto hodnocen\u00ed je sou\u010d\u00e1st\u00ed procesu neust\u00e1l\u00e9ho zlep\u0161ov\u00e1n\u00ed kvality, kter\u00fd byl vyvinut v souladu s <a href=\"http:\/\/iacbe.org\/\">Mezin\u00e1rodn\u00ed akredita\u010dn\u00ed radou pro obchodn\u00ed vzd\u011bl\u00e1v\u00e1n\u00ed (IACBE).<\/a><\/p>\n\n\n\n<div class=\"wp-block-getwid-accordion has-icon-left\" data-active-element=\"none\">\n<div class=\"wp-block-getwid-accordion__header-wrapper\"><span class=\"wp-block-getwid-accordion__header\"><a href=\"#\"><span class=\"wp-block-getwid-accordion__header-title\">Zve\u0159ej\u0148ov\u00e1n\u00ed v\u00fdsledk\u016f student\u016f<\/span><span class=\"wp-block-getwid-accordion__icon is-active\"><i class=\"fas fa-plus\"><\/i><\/span><span class=\"wp-block-getwid-accordion__icon is-passive\"><i class=\"fas fa-minus\"><\/i><\/span><\/a><\/span><\/div><div class=\"wp-block-getwid-accordion__content-wrapper\"><div class=\"wp-block-getwid-accordion__content\">\n<p><a href=\"https:\/\/www.unyp.cz\/wp-content\/uploads\/2026\/01\/2024-2025-public-disclosure-of-student-achievement.pdf\">2024-2025&nbsp;Public Disclosure of Student Achievement<\/a><br><a href=\"https:\/\/unypcz.sharepoint.com\/:b:\/s\/BUS\/EfTF0-anu6pKs-84siTVDGgBL6ZRKYAVpUWqgrCkuX3itg?e=UhuvGv\">2023-2024 Public Disclosure of Student Achievement<\/a><br><a href=\"https:\/\/unypcz.sharepoint.com\/:w:\/s\/BUS\/EdICowefGGpHpG5H3kfiB2cBwEBLSAatSl496NVSp_IPpw?e=SgIu18\">2022-2023 Public Disclosure of Student Achievement<\/a><br><a href=\"https:\/\/unypcz.sharepoint.com\/:w:\/s\/BUS\/EeI-GZvmqpZJs5UZ7o0h4XsBibjWu5VaPtPmb9N3OgLvCQ?e=RC3QPM\" target=\"_blank\" rel=\"noreferrer noopener\">2021-2022 Public Disclosure of Student Achievement<\/a><br><a href=\"https:\/\/unypcz-my.sharepoint.com\/:w:\/g\/personal\/bus_unyp_cz\/EZrDIQN7uaRLj4MG-sP6Hq4Bg3X_QTNr24Vx9A3XO2tDpg?e=usrFuc\" target=\"_blank\" rel=\"noreferrer noopener\">2020-2021 Public Disclosure of Student Achievement<\/a><br><a href=\"https:\/\/unypcz-my.sharepoint.com\/:w:\/g\/personal\/bus_unyp_cz\/EVwienrP5f5GjX_32F_0j24BQapCIziuJXtStFcqyf4ftw?e=01PLa3\" target=\"_blank\" rel=\"noreferrer noopener\">2019-2020 Public Disclosure of Student Achievement<\/a><br><a href=\"https:\/\/unypcz-my.sharepoint.com\/:w:\/g\/personal\/bus_unyp_cz\/EXNID7sKrKlKu-XimkH-ciABRpVO-Xq8ddQsi-xPaELs_A?e=he3e7M\" target=\"_blank\" rel=\"noreferrer noopener\">2018-2019 Public Disclosure of Student Achievement<\/a><br><a href=\"https:\/\/www.unyp.cz\/wp-content\/uploads\/2022\/10\/2017_-_2018_public_disclosure_of_student_achievement-2.pdf\" target=\"_blank\" rel=\"noreferrer noopener\">2017-2018&nbsp;Public Disclosure of Student Achievement<\/a><br><a data-type=\"URL\" data-id=\"https:\/\/www.unyp.cz\/wp-content\/uploads\/2022\/10\/2016_-_2017_public_disclosure_of_student_achievement-2.pdf\" href=\"https:\/\/www.unyp.cz\/wp-content\/uploads\/2022\/10\/2016_-_2017_public_disclosure_of_student_achievement-2.pdf\" target=\"_blank\" rel=\"noreferrer noopener\">2016-2017&nbsp;Public Disclosure of Student Achievement<\/a><\/p>\n<\/div><\/div>\n\n\n\n<div class=\"wp-block-getwid-accordion__header-wrapper\"><span class=\"wp-block-getwid-accordion__header\"><a href=\"#\"><span class=\"wp-block-getwid-accordion__header-title\">Dvoulet\u00e9 zpr\u00e1vy BBA a MBA<\/span><span class=\"wp-block-getwid-accordion__icon is-active\"><i class=\"fas fa-plus\"><\/i><\/span><span class=\"wp-block-getwid-accordion__icon is-passive\"><i class=\"fas fa-minus\"><\/i><\/span><\/a><\/span><\/div><div class=\"wp-block-getwid-accordion__content-wrapper\"><div class=\"wp-block-getwid-accordion__content\">\n<p><a href=\"https:\/\/www.unyp.cz\/wp-content\/uploads\/2022\/10\/student_learning_outcomes_2015-2017-2.pdf\" target=\"_blank\" rel=\"noreferrer noopener\">2015-2017 Biennial BBA &amp; MBA Reports<\/a><\/p>\n<\/div><\/div>\n\n\n\n<div class=\"wp-block-getwid-accordion__header-wrapper\"><span class=\"wp-block-getwid-accordion__header\"><a href=\"#\"><span class=\"wp-block-getwid-accordion__header-title\">BBA Programy<\/span><span class=\"wp-block-getwid-accordion__icon is-active\"><i class=\"fas fa-plus\"><\/i><\/span><span class=\"wp-block-getwid-accordion__icon is-passive\"><i class=\"fas fa-minus\"><\/i><\/span><\/a><\/span><\/div><div class=\"wp-block-getwid-accordion__content-wrapper\"><div class=\"wp-block-getwid-accordion__content\">\n<p><a href=\"https:\/\/www.unyp.cz\/wp-content\/uploads\/2022\/10\/outcomes_assessment_bba_2015-2.pdf\" target=\"_blank\" rel=\"noreferrer noopener\">2015 BBA programs<\/a><br><a href=\"https:\/\/www.unyp.cz\/wp-content\/uploads\/2022\/10\/outcomes_assessment_bba_2014-3.pdf\" target=\"_blank\" rel=\"noreferrer noopener\">2014 BBA programs<\/a><br><a href=\"https:\/\/www.unyp.cz\/wp-content\/uploads\/2022\/10\/outcomes_assessment_bba_2013-2.pdf\" target=\"_blank\" rel=\"noreferrer noopener\">2013 BBA programs<\/a><br><a href=\"https:\/\/www.unyp.cz\/wp-content\/uploads\/2022\/10\/outcomes_assessment_bba_0-2.pdf\" target=\"_blank\" rel=\"noreferrer noopener\">2012 BBA programs<\/a><\/p>\n\n\n\n<div class=\"wp-block-getwid-accordion has-icon-left\" data-active-element=\"none\"><\/div>\n\n\n\n<div class=\"wp-block-getwid-accordion has-icon-left\" data-active-element=\"none\"><\/div>\n<\/div><\/div>\n\n\n\n<div class=\"wp-block-getwid-accordion__header-wrapper\"><span class=\"wp-block-getwid-accordion__header\"><a href=\"#\"><span class=\"wp-block-getwid-accordion__header-title\">MBA Programy<\/span><span class=\"wp-block-getwid-accordion__icon is-active\"><i class=\"fas fa-plus\"><\/i><\/span><span class=\"wp-block-getwid-accordion__icon is-passive\"><i class=\"fas fa-minus\"><\/i><\/span><\/a><\/span><\/div><div class=\"wp-block-getwid-accordion__content-wrapper\"><div class=\"wp-block-getwid-accordion__content\">\n<p><a href=\"https:\/\/www.unyp.cz\/wp-content\/uploads\/2022\/10\/outcomes_assessment_mba_2015-2.pdf\" target=\"_blank\" rel=\"noreferrer noopener\">2015 MBA programs<\/a><br><a href=\"https:\/\/www.unyp.cz\/wp-content\/uploads\/2022\/10\/outcomes_assessment_mba_2014-2.pdf\" target=\"_blank\" rel=\"noreferrer noopener\">2014 MBA programs<\/a><br><a href=\"https:\/\/www.unyp.cz\/wp-content\/uploads\/2022\/10\/outcomes_assessment_mba_2013-2.pdf\" target=\"_blank\" rel=\"noreferrer noopener\">2013 MBA programs<\/a><br><a href=\"https:\/\/www.unyp.cz\/wp-content\/uploads\/2022\/10\/outcomes_assessment_mba.pdf\" target=\"_blank\" rel=\"noreferrer noopener\">2012 MBA programs<\/a><\/p>\n<\/div><\/div>\n<\/div>\n\n\n\n<hr class=\"wp-block-separator has-alpha-channel-opacity\"\/>\n\n\n\n<h3 class=\"wp-block-heading\" id=\"h-6-transparentnost-odpovednost-a-verejne-informace\"><strong>6. Transparentnost, odpov\u011bdnost a ve\u0159ejn\u00e9 informace<\/strong><\/h3>\n\n\n\n<p>Transparentnost je kl\u00ed\u010dov\u00e1 pro udr\u017een\u00ed d\u016fv\u011bry ve\u0159ejnosti a akademick\u00e9 excelence. UNYP zaji\u0161\u0165uje ve\u0159ejn\u00fd p\u0159\u00edstup k:<\/p>\n\n\n\n<ul class=\"wp-block-list\">\n<li>Statut\u016fm a p\u0159edpis\u016fm<\/li>\n\n\n\n<li>Struktu\u0159e program\u016f<\/li>\n\n\n\n<li>Z\u00e1v\u011bre\u010dn\u00fdm prac\u00edm<\/li>\n\n\n\n<li>Akademick\u00e9mu kalend\u00e1\u0159i<\/li>\n\n\n\n<li>Pravidl\u016fm hodnocen\u00ed a zn\u00e1mkov\u00e1n\u00ed<\/li>\n<\/ul>\n\n\n\n<p>Pro snadn\u00fd p\u0159\u00edstup k dal\u0161\u00edm informac\u00edm o zaji\u0161t\u011bn\u00ed kvality nav\u0161tivte:<br>\ud83d\udd17 <a href=\"https:\/\/www.unyp.cz\/cs\/zajisteni-kvality\/\">Zaji\u0161t\u011bn\u00ed kvality<\/a><\/p>\n\n\n\n<hr class=\"wp-block-separator has-alpha-channel-opacity\"\/>\n\n\n\n<h3 class=\"wp-block-heading\" id=\"h-kontaktujte-nas\"><strong>Kontaktujte n\u00e1s<\/strong><\/h3>\n\n\n\n<p>Pro dotazy ohledn\u011b a<strong>kademick\u00e9 kvality, p\u0159evodu kredit\u016f, p\u0159edpis\u016f nebo institucion\u00e1ln\u00edch z\u00e1sad<\/strong> kontaktujte:<\/p>\n\n\n\n<p><strong><strong>Office of Academic Affairs<\/strong><\/strong><br>\ud83d\udce7 <a class=\"\">academicaffairs@unyp.cz<\/a><\/p>\n","protected":false},"excerpt":{"rendered":"<p>Zaji\u0161t\u011bn\u00ed kvality, p\u0159edpis\u016f a jejich dodr\u017eov\u00e1n\u00ed Na University of New York in Prague (UNYP) tvo\u0159\u00ed akademick\u00e1 integrita, zaji\u0161t\u011bn\u00ed kvality a dodr\u017eov\u00e1n\u00ed pr\u00e1vn\u00edch p\u0159edpis\u016f z\u00e1klad na\u0161ich institucion\u00e1ln\u00edch hodnot. Na\u0161e vzd\u011bl\u00e1vac\u00ed postupy spl\u0148uj\u00ed nejvy\u0161\u0161\u00ed \u010desk\u00e9 i mezin\u00e1rodn\u00ed standardy a zaji\u0161\u0165uj\u00ed transparentnost, neust\u00e1l\u00e9 zlep\u0161ov\u00e1n\u00ed a dodr\u017eov\u00e1n\u00ed pr\u00e1vn\u00edch p\u0159edpis\u016f na v\u0161ech akademick\u00fdch i provozn\u00edch \u00farovn\u00edch. 1. Zaji\u0161t\u011bn\u00ed kvality R\u00e1mec [&hellip;]<\/p>\n","protected":false},"author":1,"featured_media":0,"parent":0,"menu_order":0,"comment_status":"closed","ping_status":"closed","template":"","meta":{"_acf_changed":false,"inline_featured_image":false,"advgb_blocks_editor_width":"","advgb_blocks_columns_visual_guide":"","footnotes":""},"categories":[],"tags":[],"class_list":["post-19773","page","type-page","status-publish","hentry"],"acf":[],"mb":[],"coauthors":[],"author_meta":{"author_link":"https:\/\/www.unyp.cz\/cs\/author\/kucera-centario\/","display_name":"kucera.centario"},"relative_dates":{"created":"Posted 4 years ago","modified":"Updated 1 month ago"},"absolute_dates":{"created":"Posted on September 28, 2022","modified":"Updated on February 26, 2026"},"absolute_dates_time":{"created":"Posted on September 28, 2022 11:51 AM","modified":"Updated on February 26, 2026 9:59 AM"},"featured_img_caption":"","featured_img":false,"series_order":"","mfb_rest_fields":["title","coauthors","author_meta","relative_dates","absolute_dates","absolute_dates_time","featured_img_caption","featured_img","series_order"],"_links":{"self":[{"href":"https:\/\/www.unyp.cz\/cs\/wp-json\/wp\/v2\/pages\/19773","targetHints":{"allow":["GET"]}}],"collection":[{"href":"https:\/\/www.unyp.cz\/cs\/wp-json\/wp\/v2\/pages"}],"about":[{"href":"https:\/\/www.unyp.cz\/cs\/wp-json\/wp\/v2\/types\/page"}],"author":[{"embeddable":true,"href":"https:\/\/www.unyp.cz\/cs\/wp-json\/wp\/v2\/users\/1"}],"replies":[{"embeddable":true,"href":"https:\/\/www.unyp.cz\/cs\/wp-json\/wp\/v2\/comments?post=19773"}],"version-history":[{"count":28,"href":"https:\/\/www.unyp.cz\/cs\/wp-json\/wp\/v2\/pages\/19773\/revisions"}],"predecessor-version":[{"id":76528,"href":"https:\/\/www.unyp.cz\/cs\/wp-json\/wp\/v2\/pages\/19773\/revisions\/76528"}],"wp:attachment":[{"href":"https:\/\/www.unyp.cz\/cs\/wp-json\/wp\/v2\/media?parent=19773"}],"wp:term":[{"taxonomy":"category","embeddable":true,"href":"https:\/\/www.unyp.cz\/cs\/wp-json\/wp\/v2\/categories?post=19773"},{"taxonomy":"post_tag","embeddable":true,"href":"https:\/\/www.unyp.cz\/cs\/wp-json\/wp\/v2\/tags?post=19773"}],"curies":[{"name":"wp","href":"https:\/\/api.w.org\/{rel}","templated":true}]}}