{"id":19776,"date":"2022-09-28T11:51:18","date_gmt":"2022-09-28T10:51:18","guid":{"rendered":"https:\/\/www.unyp.cz\/quality-assurance\/"},"modified":"2026-01-21T16:05:27","modified_gmt":"2026-01-21T15:05:27","slug":"zajisteni-kvality","status":"publish","type":"page","link":"https:\/\/www.unyp.cz\/cs\/zajisteni-kvality\/","title":{"rendered":"Zaji\u0161t\u011bn\u00ed kvality"},"content":{"rendered":"\n<h3 class=\"wp-block-heading\" id=\"h-na-jakych-zakladech-jsou-postaveny-procesy-hodnoceni-a-zajistovani-kvality-unyp\">Na jak\u00fdch z\u00e1kladech jsou postaveny procesy hodnocen\u00ed a zaji\u0161\u0165ov\u00e1n\u00ed kvality UNYP?<\/h3>\n\n\n\n<ul class=\"wp-block-list\">\n<li><a href=\"https:\/\/www.unyp.cz\/about\/about-unyp\/mission-vision\" target=\"_blank\" rel=\"noreferrer noopener\">posl\u00e1n\u00ed \u0161koly<\/a> a jej\u00ed z\u00e1kladn\u00ed hodnoty jsou kl\u00ed\u010dov\u00e9 pro UNYP syst\u00e9m zaji\u0161t\u011bn\u00ed kvality.<\/li>\n\n\n\n<li><a href=\"http:\/\/www.msmt.cz\/vzdelavani\/vysoke-skolstvi\/legislativa\" target=\"_blank\" rel=\"noreferrer noopener\">po\u017eadavc\u00edch&nbsp;\u010desk\u00e9ho vysoko\u0161kolsk\u00e9ho z\u00e1kona<\/a>&nbsp;a&nbsp;<a href=\"https:\/\/www.nauvs.cz\/index.php\/cs\/predpisy\" target=\"_blank\" rel=\"noreferrer noopener\">akredita\u010dn\u00edch standardech<\/a><\/li>\n\n\n\n<li><a href=\"http:\/\/www.enqa.eu\/index.php\/home\/esg\/\" target=\"_blank\" rel=\"noreferrer noopener\">norm\u00e1ch&nbsp;a pokynech&nbsp;pro zaji\u0161t\u011bn\u00ed kvality v evropsk\u00e9m prostoru vysoko\u0161kolsk\u00e9ho vzd\u011bl\u00e1v\u00e1n\u00ed (ESG)<\/a>, kter\u00e9 p\u0159\u00edmo ovliv\u0148uj\u00ed UNYP syst\u00e9m zaji\u0161t\u011bn\u00ed kvality.<\/li>\n\n\n\n<li>jin\u00fdch mezin\u00e1rodn\u011b uzn\u00e1van\u00fdch norm\u00e1ch&nbsp;a postupech&nbsp;podporuj\u00edc\u00edch fungov\u00e1n\u00ed syst\u00e9mu zaji\u0161t\u011bn\u00ed kvality UNYP.<\/li>\n<\/ul>\n\n\n\n<p>T\u011bchto proces\u016f se \u00fa\u010dastn\u00ed&nbsp;kl\u00ed\u010dov\u00e9&nbsp;intern\u00ed&nbsp;a extern\u00ed&nbsp;strany, zahrnuj\u00ed zapojen\u00ed&nbsp;mezin\u00e1rodn\u011b uzn\u00e1van\u00fdch extern\u00edch akredit\u00e1tor\u016f. Jsou zalo\u017eeny na z\u00e1sad\u00e1ch transparentnosti, neust\u00e1l\u00e9ho zlep\u0161ov\u00e1n\u00ed a v\u010dasn\u00e9 identifikaci a n\u00e1prav\u011b nedostatk\u016f v r\u00e1mci syst\u00e9mu zaji\u0161t\u011bn\u00ed kvality UNYP.<\/p>\n\n\n\n<div style=\"height:20px\" aria-hidden=\"true\" class=\"wp-block-spacer\"><\/div>\n\n\n\n<h3 class=\"wp-block-heading\">Kdo jsou hlavn\u00ed akt\u00e9\u0159i p\u0159i zaji\u0161\u0165ov\u00e1n\u00ed a hodnocen\u00ed kvality?<\/h3>\n\n\n\n<ul class=\"wp-block-list\">\n<li>Rektor odpov\u00edd\u00e1 za kvalitu vzd\u011bl\u00e1v\u00e1n\u00ed a souvisej\u00edc\u00ed \u010dinnosti na&nbsp;UNYP a dohl\u00ed\u017e\u00ed na syst\u00e9m UNYP zaji\u0161t\u011bn\u00ed kvality.<\/li>\n\n\n\n<li>Rada pro intern\u00ed hodnocen\u00ed odpov\u00edd\u00e1 za stanoven\u00ed pravidel pro hodnocen\u00ed&nbsp;a zaji\u0161t\u011bn\u00ed kvality; p\u0159\u00edpravu hodnocen\u00ed UNYP na institucion\u00e1ln\u00ed \u00farovni; a hodnocen\u00ed \u017e\u00e1dost\u00ed o studijn\u00ed programy.<\/li>\n\n\n\n<li>Garanti program\u016f&nbsp;jsou&nbsp;zodpov\u011bdn\u00ed&nbsp;za zaji\u0161t\u011bn\u00ed kvality studijn\u00edch program\u016f, na \u010dem\u017e spolupracuj\u00ed s&nbsp;garanty&nbsp;kurz\u016f a vedouc\u00edmi kateder.<\/li>\n\n\n\n<li>Extern\u00ed hodnocen\u00ed kvality v r\u00e1mci UNYP prov\u00e1d\u00ed&nbsp;N\u00e1rodn\u00ed akredita\u010dn\u00ed \u00fa\u0159ad pro vysok\u00e9 \u0161kolstv\u00ed (NAU),&nbsp;British Accreditation Council (BAC)&nbsp;a&nbsp;International Accreditation Council for Business Education &nbsp;(IACBE). Zpr\u00e1vy BAC o hodnocen\u00ed UNYP jsou publikov\u00e1ny na webov\u00fdch str\u00e1nk\u00e1ch BAC.<\/li>\n\n\n\n<li>UNYP zve\u0159ej\u0148uje souhrnn\u00e9 v\u00fdsledky sv\u00fdch institucion\u00e1ln\u00edch hodnocen\u00ed na&nbsp;webov\u00e9 str\u00e1nce UNYP, v\u010detn\u011b p\u011btilet\u00e9ho institucion\u00e1ln\u00edho hodnocen\u00ed a ka\u017edoro\u010dn\u00edch aktualizac\u00ed. \u00dapln\u00e9 zpr\u00e1vy jsou p\u0159\u00edstupn\u00e9 akademick\u00e9 komunit\u011b UNYP a jej\u00edm&nbsp;org\u00e1n\u016fm. Souhrnn\u00e9 hodnocen\u00ed pokroku UNYP vzhledem k jej\u00edm&nbsp;dlouhodob\u00fdm strategick\u00fdm c\u00edl\u016fm je zve\u0159ejn\u011bno v ka\u017edoro\u010dn\u00ed v\u00fdro\u010dn\u00ed zpr\u00e1v\u011b. D\u016fle\u017eit\u00e9 je, \u017ee akt\u00e9\u0159i odpov\u00eddaj\u00ed za cel\u00fd UNYP syst\u00e9m zaji\u0161t\u011bn\u00ed kvality.<\/li>\n<\/ul>\n\n\n\n<div style=\"height:20px\" aria-hidden=\"true\" class=\"wp-block-spacer\"><\/div>\n\n\n\n<h3 class=\"wp-block-heading\">Jak\u00e9 zdroje zp\u011btn\u00e9 vazby vyu\u017e\u00edv\u00e1 UNYP p\u0159i zaji\u0161\u0165ov\u00e1n\u00ed a hodnocen\u00ed kvality sv\u00fdch \u010dinnost\u00ed?<\/h3>\n\n\n\n<figure class=\"wp-block-table is-style-bordered-table\"><table class=\"has-border-color has-cyan-bluish-gray-border-color\" style=\"border-style:solid;border-width:1px\"><tbody><tr><td><strong>Zp\u011btn\u00e1 vazba<\/strong><\/td><td><strong>Zdroj zp\u011btn\u00e9 vazby<\/strong><\/td><td><strong>Pravidelnost<\/strong><\/td><\/tr><tr><td>Hodnocen\u00ed kurz\u016f studenty<\/td><td>Studenti<\/td><td>Ka\u017ed\u00fd semestr v&nbsp;ka\u017ed\u00e9m kurzu<\/td><\/tr><tr><td>Hodnocen\u00ed kurz\u016f vrstevn\u00edky<\/td><td>Akademi\u010dt\u00ed poradci, akademi\u010dt\u00ed pracovn\u00edci z partnerk\u00fdch univerzit<\/td><td>Ka\u017ed\u00fd semestr<\/td><\/tr><tr><td>Vstupn\u00ed pr\u016fzkum<\/td><td>Nov\u00ed studenti<\/td><td>Ro\u010dn\u011b<\/td><\/tr><tr><td>V\u00fdstupn\u00ed pr\u016fzkum<\/td><td>Absolventi<\/td><td>Ro\u010dn\u011b<\/td><\/tr><tr><td>Pr\u016fzkum absolvent\u016f<\/td><td>Absolventi<\/td><td>Nepravideln\u011b<\/td><\/tr><tr><td>Hodnocen\u00ed zam\u011bstnanc\u016f a za\u0159\u00edzen\u00ed<\/td><td>Studenti a akademick\u00fd person\u00e1l<\/td><td>Ro\u010dn\u011b<\/td><\/tr><tr><td>Hodnocen\u00ed studijn\u00edch program\u016f<\/td><td>Garanti&nbsp;program\u016f<\/td><td>Ro\u010dn\u011b<\/td><\/tr><tr><td>V\u00fdsledky studijn\u00edch \u00fasp\u011bch\u016f (Obchodn\u00ed administrativa)<\/td><td>Vedouc\u00ed katedry Managementu a IT<\/td><td>Ro\u010dn\u011b<\/td><\/tr><tr><td>Kl\u00ed\u010dov\u00e9 ukazatele v\u00fdkonnosti (KPI)<\/td><td>R\u016fzn\u00e9 zdroje<\/td><td>Ro\u010dn\u011b<\/td><\/tr><tr><td><a href=\"https:\/\/www.unyp.cz\/cs\/business-advisory-board\/\" target=\"_blank\" rel=\"noreferrer noopener\">Zased\u00e1n\u00ed&nbsp;Business Advisory Council<\/a><\/td><td>\u010clenov\u00e9 akademick\u00e9 a obchodn\u00ed komunity<\/td><td>Dvakr\u00e1t ro\u010dn\u011b<\/td><\/tr><tr><td>Zased\u00e1n\u00ed External&nbsp;Advisory Board<\/td><td>Odborn\u00edci z akademick\u00e9, profesion\u00e1ln\u00ed a ve\u0159ejn\u00e9 sf\u00e9ry<\/td><td>Dvakr\u00e1t ro\u010dn\u011b<\/td><\/tr><tr><td>British Accreditation Council<\/td><td>Extern\u00ed hodnotitel\u00e9 BAC<\/td><td>\u00dapln\u00e1 kontrola ka\u017ed\u00e9 4 roky, pr\u016fb\u011b\u017en\u00e1&nbsp;kontrola&nbsp;ka\u017ed\u00e9 2 roky<\/td><\/tr><tr><td>International Accreditation Council for Business Education (IACBE)<\/td><td>Profesn\u00ed extern\u00ed hodnotitel\u00e9 IACBE<\/td><td>\u00dapln\u00e1 kontrola ka\u017ed\u00fdch 10 let<\/td><\/tr><\/tbody><\/table><\/figure>\n\n\n\n<h2 class=\"wp-block-heading\" id=\"h-\"><\/h2>\n","protected":false},"excerpt":{"rendered":"<p>Na jak\u00fdch z\u00e1kladech jsou postaveny procesy hodnocen\u00ed a zaji\u0161\u0165ov\u00e1n\u00ed kvality UNYP? T\u011bchto proces\u016f se \u00fa\u010dastn\u00ed&nbsp;kl\u00ed\u010dov\u00e9&nbsp;intern\u00ed&nbsp;a extern\u00ed&nbsp;strany, zahrnuj\u00ed zapojen\u00ed&nbsp;mezin\u00e1rodn\u011b uzn\u00e1van\u00fdch extern\u00edch akredit\u00e1tor\u016f. Jsou zalo\u017eeny na z\u00e1sad\u00e1ch transparentnosti, neust\u00e1l\u00e9ho zlep\u0161ov\u00e1n\u00ed a v\u010dasn\u00e9 identifikaci a n\u00e1prav\u011b nedostatk\u016f v r\u00e1mci syst\u00e9mu zaji\u0161t\u011bn\u00ed kvality UNYP. Kdo jsou hlavn\u00ed akt\u00e9\u0159i p\u0159i zaji\u0161\u0165ov\u00e1n\u00ed a hodnocen\u00ed kvality? Jak\u00e9 zdroje zp\u011btn\u00e9 vazby vyu\u017e\u00edv\u00e1 UNYP [&hellip;]<\/p>\n","protected":false},"author":1,"featured_media":0,"parent":0,"menu_order":0,"comment_status":"closed","ping_status":"closed","template":"","meta":{"_acf_changed":false,"inline_featured_image":false,"advgb_blocks_editor_width":"","advgb_blocks_columns_visual_guide":"","footnotes":""},"categories":[],"tags":[],"class_list":["post-19776","page","type-page","status-publish","hentry"],"acf":[],"mb":[],"coauthors":[],"author_meta":{"author_link":"https:\/\/www.unyp.cz\/cs\/author\/kucera-centario\/","display_name":"kucera.centario"},"relative_dates":{"created":"Posted 4 years ago","modified":"Updated 3 months ago"},"absolute_dates":{"created":"Posted on September 28, 2022","modified":"Updated on January 21, 2026"},"absolute_dates_time":{"created":"Posted on September 28, 2022 11:51 AM","modified":"Updated on January 21, 2026 4:05 PM"},"featured_img_caption":"","featured_img":false,"series_order":"","mfb_rest_fields":["title","coauthors","author_meta","relative_dates","absolute_dates","absolute_dates_time","featured_img_caption","featured_img","series_order"],"_links":{"self":[{"href":"https:\/\/www.unyp.cz\/cs\/wp-json\/wp\/v2\/pages\/19776","targetHints":{"allow":["GET"]}}],"collection":[{"href":"https:\/\/www.unyp.cz\/cs\/wp-json\/wp\/v2\/pages"}],"about":[{"href":"https:\/\/www.unyp.cz\/cs\/wp-json\/wp\/v2\/types\/page"}],"author":[{"embeddable":true,"href":"https:\/\/www.unyp.cz\/cs\/wp-json\/wp\/v2\/users\/1"}],"replies":[{"embeddable":true,"href":"https:\/\/www.unyp.cz\/cs\/wp-json\/wp\/v2\/comments?post=19776"}],"version-history":[{"count":16,"href":"https:\/\/www.unyp.cz\/cs\/wp-json\/wp\/v2\/pages\/19776\/revisions"}],"predecessor-version":[{"id":73811,"href":"https:\/\/www.unyp.cz\/cs\/wp-json\/wp\/v2\/pages\/19776\/revisions\/73811"}],"wp:attachment":[{"href":"https:\/\/www.unyp.cz\/cs\/wp-json\/wp\/v2\/media?parent=19776"}],"wp:term":[{"taxonomy":"category","embeddable":true,"href":"https:\/\/www.unyp.cz\/cs\/wp-json\/wp\/v2\/categories?post=19776"},{"taxonomy":"post_tag","embeddable":true,"href":"https:\/\/www.unyp.cz\/cs\/wp-json\/wp\/v2\/tags?post=19776"}],"curies":[{"name":"wp","href":"https:\/\/api.w.org\/{rel}","templated":true}]}}