{"id":19781,"date":"2022-10-12T10:51:16","date_gmt":"2022-10-12T09:51:16","guid":{"rendered":"https:\/\/www.unyp.cz\/student-codes\/"},"modified":"2022-10-20T17:49:57","modified_gmt":"2022-10-20T17:49:57","slug":"studentsky-kodex","status":"publish","type":"page","link":"https:\/\/www.unyp.cz\/cs\/studentsky-kodex\/","title":{"rendered":"Studentsk\u00fd kodex"},"content":{"rendered":"\n<p><strong>ACADEMIC HONESTY<\/strong><\/p>\n\n\n\n<p>Akademick\u00e1 integrita je prvo\u0159ad\u00e1 p\u0159i studiu jak\u00e9hokoliv univerzitn\u00edho studijn\u00edho programu. Plagi\u00e1torstv\u00ed, pad\u011bl\u00e1n\u00ed nebo fal\u0161ov\u00e1n\u00ed&nbsp;dat \u010di informac\u00ed se \u0159ad\u00ed mezi v\u00e1\u017en\u00e9 poru\u0161en\u00ed norem, jejich\u017e dodr\u017eov\u00e1n\u00ed je od student\u016f vy\u017eadov\u00e1no, takov\u00e9to poru\u0161en\u00ed m\u016f\u017ee ovlivnit pokra\u010dov\u00e1n\u00ed ve studiu dan\u00e9ho programu.<\/p>\n\n\n\n<p>Od v\u0161ech student\u016f V\u0160 UNYP se o\u010dek\u00e1v\u00e1, \u017ee budou jednat v souladu s akademick\u00fdmi pravidly a p\u0159edpisy, kter\u00e9 jsou n\u00ed\u017ee uvedeny. Studenti, kte\u0159\u00ed kodex poru\u0161\u00ed, mohou \u010delit z\u00e1va\u017en\u00fdm sankc\u00edm, v\u010detn\u011b p\u0159\u00edpadn\u00e9ho vylou\u010den\u00ed z vysoko\u0161kolsk\u00e9ho studia.<\/p>\n\n\n\n<p>M\u00e1te-li dotazy t\u00fdkaj\u00edc\u00ed se jak\u00e9hokoliv aspektu tohoto studentsk\u00e9ho kodexu, obra\u0165te se na vedouc\u00edho programu nebo na studijn\u00edho poradce.<\/p>\n\n\n\n<p><strong>ACADEMIC HONESTY POLICY<\/strong><\/p>\n\n\n\n<p>Od student\u016f UNYP se o\u010dek\u00e1v\u00e1, \u017ee nebudou poskytovat ani p\u0159ij\u00edmat nepovolenou podporu v&nbsp;r\u00e1mci \u017e\u00e1dn\u00e9 posuzovan\u00e9 (zn\u00e1mkovan\u00e9) t\u0159\u00eddn\u00ed pr\u00e1ce, ani usilovat o nespravedliv\u00e9 studijn\u00ed v\u00fdhody pro sebe nebo pro ostatn\u00ed studenty, a\u0165 u\u017e \u00famysln\u011b nebo ne\u00famysln\u011b.<\/p>\n\n\n\n<p>Mezi p\u0159\u00edklady neopr\u00e1vn\u011bn\u00e9 a nespravedliv\u00e9 studijn\u00ed v\u00fdhody pat\u0159\u00ed podv\u00e1d\u011bn\u00ed, plagi\u00e1torstv\u00ed, odevzd\u00e1n\u00ed zakoupen\u00e9 eseje, nepoctiv\u00e9 jedn\u00e1n\u00ed a neopr\u00e1vn\u011bn\u00e1 spolupr\u00e1ce.<\/p>\n\n\n\n<p><strong>Za plagi\u00e1torstv\u00ed se pova\u017euje mimo jin\u00e9 i:<\/strong><\/p>\n\n\n\n<p>\u2022 \u010c\u00e1ste\u010dn\u00e9 nebo \u00fapln\u00e9 okop\u00edrov\u00e1n\u00ed ciz\u00ed eseje, \u00fakolu, projektu.<\/p>\n\n\n\n<p>\u2022 Kop\u00edrov\u00e1n\u00ed materi\u00e1lu z internetu, bez spr\u00e1vn\u00e9 citace.<\/p>\n\n\n\n<p>\u2022 Opakov\u00e1n\u00ed pas\u00e1\u017ee z knih nebo jin\u00fdch text\u016f bez zahrnut\u00ed \u0159\u00e1dn\u00fdch odkaz\u016f, citac\u00ed a\/nebo uvozovek.<\/p>\n\n\n\n<p>\u2022 Kop\u00edrov\u00e1n\u00ed materi\u00e1lu z jak\u00e9hokoli zdroje a p\u0159edkl\u00e1d\u00e1n\u00ed jej jako vlastn\u00ed pr\u00e1ci.<\/p>\n\n\n\n<p>Studenti by m\u011bli v\u017edy v\u011bnovat pozornost tomu, aby odli\u0161ili sv\u00e9 vlastn\u00ed my\u0161lenky, n\u00e1zory a poznatky od informac\u00ed z\u00edskan\u00fdch z jin\u00fdch zdroj\u016f. Pojem &#8220;zdroje&#8221; zahrnuje nejen zve\u0159ejn\u011bn\u00fd prim\u00e1rn\u00ed a sekund\u00e1rn\u00ed materi\u00e1l (v\u010detn\u011b materi\u00e1lu z internetu), ale tak\u00e9 informace a n\u00e1zory z\u00edskan\u00e9 p\u0159\u00edmo od ostatn\u00edch lid\u00ed.<\/p>\n\n\n\n<p><strong>Za podv\u00e1d\u011bn\u00ed se pova\u017euje mimo jin\u00e9 i:<\/strong><\/p>\n\n\n\n<p>\u2022 Nepovolen\u00e9 vyu\u017eit\u00ed pozn\u00e1mek, textu nebo jin\u00fdch pom\u016fcek b\u011bhem zkou\u0161ek, nebo v r\u00e1mci jak\u00e9koli hodnocen\u00e9 pr\u00e1ce.<\/p>\n\n\n\n<p>\u2022 Vyu\u017e\u00edv\u00e1n\u00ed nepovolen\u00fdch materi\u00e1l\u016f nebo jin\u00e9 formy ti\u0161t\u011bn\u00fdch materi\u00e1l\u016f&nbsp;k&nbsp;zodpov\u011bzen\u00ed ot\u00e1zek p\u0159i zkou\u0161ce.<\/p>\n\n\n\n<p>\u2022 Opisov\u00e1n\u00ed od jin\u00e9ho studenta.<\/p>\n\n\n\n<p>\u2022 Ochotn\u00e9 poskytov\u00e1n\u00ed odpov\u011bd\u00ed ot\u00e1zek b\u011bhem zkou\u0161ky, a\u0165 u\u017e verb\u00e1ln\u011b, p\u00edsemn\u011b nebo pomoc\u00ed posunk\u016f.<\/p>\n\n\n\n<p>\u2022 Poskytov\u00e1n\u00ed zn\u011bn\u00ed zkou\u0161ky ostatn\u00edm student\u016fm, kte\u0159\u00ed zkou\u0161ku je\u0161t\u011b neabsolvovali.<\/p>\n\n\n\n<p>\u2022 Zastra\u0161ov\u00e1n\u00ed, vy\u017eadov\u00e1n\u00ed&nbsp;odpov\u011bd\u00ed na ot\u00e1zky od ostatn\u00edch student\u016f p\u0159ed anebo v&nbsp;pr\u016fb\u011bhu zkou\u0161ky.<\/p>\n\n\n\n<p>\u2022 Pou\u017e\u00edv\u00e1n\u00ed mobiln\u00edho telefonu k&nbsp;p\u0159ed\u00e1v\u00e1n\u00ed jak\u00fdchkoli informac\u00ed b\u011bhem zkou\u0161ky (v\u010detn\u011b, ale nikoli v\u00fdhradn\u011b pou\u017eit\u00edm SMS zpr\u00e1v).<\/p>\n\n\n\n<p><strong>PRAVIDLA CHOV\u00c1N\u00cd STUDENT\u016e<\/strong><\/p>\n\n\n\n<p>Od student\u016f se o\u010dek\u00e1v\u00e1, \u017ee se budou k&nbsp;ostatn\u00edm student\u016fm, instruktor\u016fm, zam\u011bstnanc\u016fm a ostatn\u00edm \u010dlen\u016fm UNYP komunity chovat odpov\u011bdn\u011b a profesion\u00e1ln\u011b. To sam\u00e9 se o\u010dek\u00e1v\u00e1 p\u0159i kontaktu s jin\u00fdmi lidmi nebo organizacemi ve chv\u00edli, kdy studenti zastupuj\u00ed UNYP jako\u017eto jej\u00ed studenti (nap\u0159. konference, sout\u011b\u017ee, apod.).<\/p>\n\n\n\n<p>Zam\u011bstnanci a u\u010ditel\u00e9 UNYP by m\u011bli hl\u00e1sit rektorovi p\u0159\u00edpady, kdy chov\u00e1n\u00ed studenta poru\u0161uje \u0161koln\u00ed politiku (formul\u00e1\u0159&nbsp;&#8220;Zpr\u00e1va o disciplin\u00e1rn\u00edm probl\u00e9mu\/probl\u00e9mu v chov\u00e1n\u00ed&#8221;).<\/p>\n\n\n\n<p>Poru\u0161en\u00ed pravidel chov\u00e1n\u00ed m\u016f\u017ee m\u00edt za n\u00e1sledek disciplin\u00e1rn\u00ed opat\u0159en\u00ed&nbsp;v\u010detn\u011b vylou\u010den\u00ed z UNYPu.<\/p>\n\n\n\n<p><strong>Pravidla chov\u00e1n\u00ed<\/strong><\/p>\n\n\n\n<p>N\u00e1siln\u00e9 \u010diny, v\u00fdhru\u017eky, ru\u0161iv\u00e9 chov\u00e1n\u00ed a ur\u00e1\u017eliv\u00e9 nebo neuctiv\u00e9 pozn\u00e1mky nebo chov\u00e1n\u00ed nebude tolerov\u00e1no.<\/p>\n\n\n\n<p>Obt\u011b\u017eov\u00e1n\u00ed jak\u00e9hokoli druhu (v\u010detn\u011b sexu\u00e1ln\u00edho, rasov\u00e9ho a n\u00e1bo\u017eensk\u00e9ho) nen\u00ed tolerov\u00e1no&nbsp;a m\u016f\u017ee m\u00edt za n\u00e1sledek vylou\u010den\u00ed z univerzity. Pokud se stanete ob\u011bt\u00ed obt\u011b\u017eov\u00e1n\u00ed, obra\u0165te se na UNYP Affirmative Action Officer.<\/p>\n\n\n\n<p>Kou\u0159en\u00ed nen\u00ed povoleno v&nbsp;prostor\u00e1ch UNYP.<\/p>\n\n\n\n<p>Alkohol, drogy a nebezpe\u010dn\u00e9 l\u00e1tky nejsou povoleny v&nbsp;prostor\u00e1ch UNYP. Studenti, kte\u0159\u00ed jsou pod vlivem alkoholu nebo drog nemaj\u00ed povoleno se \u00fa\u010dastnit v\u00fduky nebo akc\u00ed po\u0159\u00e1dan\u00fdch&nbsp;UNYP.<\/p>\n\n\n\n<p>Studenti jsou odpov\u011bdni za sv\u00e9 osobn\u00ed v\u011bci, kter\u00e9 by nem\u011bly b\u00fdt ponech\u00e1ny bez dozoru. Ve\u0161ker\u00e9 p\u0159edm\u011bty nalezen\u00e9 v prostor\u00e1ch UNYP by m\u011bly b\u00fdt odevzd\u00e1ny na recepci v Lond\u00fdnsk\u00e9 41 nebo Belgick\u00e9 40. UNYP nen\u00ed odpov\u011bdn\u00e1 za ztr\u00e1ty, odcizen\u00ed nebo po\u0161kozen\u00ed majetku.<\/p>\n\n\n\n<p>Studenti jsou odpov\u011bdni za \u0161kody, je\u017e zp\u016fsob\u00ed, p\u0159\u00edmo nebo nep\u0159\u00edmo, na majetku UNYP.<\/p>\n\n\n\n<p>Studenti jsou povinni informovat zam\u011bstnance UNYP nebo u\u010ditele&nbsp;o jak\u00e9mkoli zran\u011bn\u00ed, kter\u00e9 se p\u0159ihod\u00ed v prostor\u00e1ch UNYP nebo na akc\u00edch j\u00ed po\u0159\u00e1dan\u00fdch.<\/p>\n\n\n\n<p><strong>BEZPE\u010cNOSTN\u00cd A PROTIPO\u017d\u00c1RN\u00cd OPAT\u0158EN\u00cd<\/strong><\/p>\n\n\n\n<p>BEZPE\u010cNOST PR\u00c1CE<\/p>\n\n\n\n<p>Jednou ze z\u00e1kladn\u00edch povinnost\u00ed v\u0161ech vysok\u00fdch \u0161kol a jejich za\u0159\u00edzen\u00ed je zajistit bezpe\u010dnost a ochranu zdrav\u00ed v\u0161ech osob p\u0159\u00edtomn\u00fdch v jej\u00edch prostor\u00e1ch a \/ nebo osob, kter\u00e9 vykon\u00e1vaj\u00ed \u010dinnosti veden\u00e9 org\u00e1ny univerzity.<\/p>\n\n\n\n<p>POVINNOSTI STUDENT\u016e<\/p>\n\n\n\n<p>Studenti jsou povinni chr\u00e1nit sv\u00e9 zdrav\u00ed a zdrav\u00ed ostatn\u00edch, koho by jejich chov\u00e1n\u00ed mohlo ovlivnit. Studenti mus\u00ed konat tak, aby nedo\u0161lo k po\u0161kozen\u00ed jejich zdrav\u00ed nebo zdrav\u00ed ostatn\u00edch lid\u00ed. Jsou povinni dodr\u017eovat z\u00e1sady bezpe\u010dn\u00e9ho chov\u00e1n\u00ed v&nbsp;prostor\u00e1ch univerzity. To zejm\u00e9na znamen\u00e1 b\u00fdt opatrn\u00fd p\u0159i ch\u016fzi a neb\u011bhat po schodech ani po chodb\u00e1ch. Studenti jsou povinni se chovat opatrn\u011b p\u0159i manipulaci a p\u0159en\u00e1\u0161en\u00ed p\u0159edm\u011bt\u016f.<\/p>\n\n\n\n<p>Je zak\u00e1z\u00e1no po\u017e\u00edvat alkohol a jin\u00e9 n\u00e1vykov\u00e9 l\u00e1tky v prostor\u00e1ch univerzity, stejn\u011b jako se \u00fa\u010dastnit t\u0159\u00eddy a nav\u0161t\u011bvovat akce po\u0159\u00e1dan\u00e9 univerzitou, kdy\u017e je student pod vlivem takov\u00fdch l\u00e1tek.<\/p>\n\n\n\n<p>Studenti nesm\u00ed vstupovat do technick\u00fdch prostor univerzity &#8211; rozvad\u011b\u010de, stanice pro v\u00fdm\u011bnu tepla, klimatiza\u010dn\u00ed strojovny atd.<\/p>\n\n\n\n<p>Studenti jsou povinni dodr\u017eovat v\u0161echny p\u0159\u00edkazy a z\u00e1kazy od jejich u\u010ditel\u016f a univerzitn\u00edch pracovn\u00edk\u016f; zejm\u00e9na respektovat a dodr\u017eovat bezpe\u010dnostn\u00ed a po\u017e\u00e1rn\u00ed tabulky.<\/p>\n\n\n\n<p>Studenti maj\u00ed zak\u00e1z\u00e1no chovat se tak, aby do\u0161lo k&nbsp;po\u0161kozen\u00ed na zdrav\u00ed a majetku. Je zak\u00e1z\u00e1no vn\u00e1\u0161et jak\u00e9koliv zbran\u011b, st\u0159elivo a v\u00fdbu\u0161niny do prostor univerzity a na akce po\u0159\u00e1dan\u00e9 univerzitou.<\/p>\n\n\n\n<p>Stroje, za\u0159\u00edzen\u00ed, n\u00e1bytek a v\u0161echny elektrick\u00e9 spot\u0159ebi\u010de mohou b\u00fdt pou\u017eity pouze v souladu s p\u0159edpisy v\u00fdrobce. V p\u0159\u00edpad\u011b, \u017ee manu\u00e1l na\u0159izuje pou\u017eit\u00ed ochrann\u00fdch pom\u016fcek, tyto mus\u00ed b\u00fdt pou\u017eity.<\/p>\n\n\n\n<p>Studenti jsou povinni udr\u017eovat \u010distotu a po\u0159\u00e1dek v prostor\u00e1ch univerzity. Aby se zabr\u00e1nilo mo\u017en\u00fdm p\u00e1d\u016fm osob a br\u00e1n\u011bn\u00ed pr\u016fchodu, studenti nesm\u011bj\u00ed, a to zejm\u00e9na v chodb\u00e1ch a schodi\u0161t\u00edch, blokovat \u00fanikov\u00e9 cesty, p\u0159\u00edstupy k hasic\u00edm p\u0159\u00edstroj\u016fm, po\u017e\u00e1rn\u00edm hydrant\u016fm a elektrick\u00fdm rozvad\u011b\u010d\u016fm. Krom\u011b toho studenti nesm\u00ed pou\u017e\u00edvat nepovolen\u00e1 elektrick\u00e1 a topn\u00e1 za\u0159\u00edzen\u00ed v&nbsp;prostor\u00e1ch univerzity.<\/p>\n\n\n\n<p>Studenti nesm\u00ed \u00famysln\u011b zasahovat do elektrick\u00fdch spot\u0159ebi\u010d\u016f a dal\u0161\u00edho technick\u00e9ho vybaven\u00ed, v\u010detn\u011b plynov\u00fdch spot\u0159ebi\u010d\u016f, nena\u0159\u00edd\u00ed-li jim to u\u010ditel.<\/p>\n\n\n\n<p>P\u0159i nakl\u00e1d\u00e1n\u00ed s nebezpe\u010dn\u00fdmi chemick\u00fdmi l\u00e1tkami a p\u0159\u00edpravky je nutn\u00e9 se chovat velmi opatrn\u011b a postupovat podle pokyn\u016f uveden\u00fdch na obalu. D\u00e1le je zak\u00e1z\u00e1no j\u00edst, p\u00edt a kou\u0159it p\u0159i nakl\u00e1d\u00e1n\u00ed s chemick\u00fdmi l\u00e1tkami a p\u0159\u00edpravky, jako\u017e i manipulace s otev\u0159en\u00fdm ohn\u011bm p\u0159i pr\u00e1ci s ho\u0159lav\u00fdmi l\u00e1tkami. \u010cistic\u00ed prost\u0159edky mus\u00ed b\u00fdt skladov\u00e1ny v ur\u010den\u00fdch oblastech a n\u00e1hradn\u00ed n\u00e1doby musej\u00ed m\u00edt visa\u010dku s obsahem.<\/p>\n\n\n\n<p><strong>PROTIPO\u017d\u00c1RN\u00cd OCHRANA<\/strong><\/p>\n\n\n\n<p>V\u0161ichni jsou povinni se chovat tak, aby nevzniklo nebezpe\u010d\u00ed vzniku po\u017e\u00e1ru, a aby neohrozili \u017eivot a zdrav\u00ed lid\u00ed, zv\u00ed\u0159at a nedo\u0161lo k&nbsp;po\u0161kozen\u00ed majetku nebo \u017eivotn\u00edho prost\u0159ed\u00ed. P\u0159i manipulaci s tepeln\u00fdm, elektrick\u00fdm, plynov\u00fdm a jin\u00fdm za\u0159\u00edzen\u00edm mus\u00ed b\u00fdt v\u0161ichni nanejv\u00fd\u0161 opatrn\u00ed. Krom\u011b toho je t\u0159eba db\u00e1t zv\u00fd\u0161en\u00e9 opatrnosti p\u0159i skladov\u00e1n\u00ed a manipulaci s ho\u0159lav\u00fdmi l\u00e1tkami a \u010dinnost\u00ed s otev\u0159en\u00fdm ohn\u011bm.<\/p>\n\n\n\n<p>P\u0159i likvidov\u00e1n\u00ed ohn\u011b a jin\u00fdch nehod&nbsp;je ka\u017ed\u00fd povinen poskytnout osobn\u00ed nebo materi\u00e1ln\u00ed pomoc hasic\u00edm jednotk\u00e1m, pokud tomu nebr\u00e1n\u00ed z\u00e1va\u017en\u00e9 okolnosti. V\u0161ichni mus\u00ed db\u00e1t p\u0159\u00edkaz\u016f a dodr\u017eovat z\u00e1kazy na ur\u010den\u00fdch m\u00edstech a to zejm\u00e9na z\u00e1kazu kou\u0159en\u00ed a manipulace s otev\u0159en\u00fdm ohn\u011bm. Studenti nesm\u00ed prov\u00e1d\u011bt \u010dinnosti, kter\u00e9 by mohly zp\u016fsobit po\u017e\u00e1r. D\u00e1le je zak\u00e1z\u00e1no zneu\u017e\u00edvat a po\u0161kozovat za\u0159\u00edzen\u00ed po\u017e\u00e1rn\u00ed ochrany &#8211; hasic\u00ed p\u0159\u00edstroje a hydranty. Je t\u0159eba v\u011bnovat zv\u00fd\u0161enou opatrnost p\u0159i manipulaci s&nbsp;otev\u0159en\u00fdm ohn\u011bm. Je zak\u00e1z\u00e1no su\u0161it oble\u010den\u00ed a dal\u0161\u00ed materi\u00e1l na topen\u00ed. V\u0161ichni maj\u00ed povinnost dodr\u017eovat pravidla p\u0159i po\u017e\u00e1rn\u00edm alarmu, dodr\u017eovat evakua\u010dn\u00ed pl\u00e1n a dal\u0161\u00ed organiza\u010dn\u00ed sm\u011brnice univerzity.<\/p>\n\n\n\n<p><strong>CHOV\u00c1N\u00cd P\u0158I PO\u017d\u00c1RU<\/strong><\/p>\n\n\n\n<p>V p\u0159\u00edpad\u011b po\u017e\u00e1ru je ka\u017ed\u00fd povinen informovat v\u0161echny osoby, kter\u00e9 by mohly b\u00fdt ohro\u017een\u00e9 po\u017e\u00e1rem vol\u00e1n\u00edm &#8220;ohe\u0148&#8221;. Pokud je to mo\u017en\u00e9, mus\u00ed uhasit ohe\u0148 samy; odstranit ho\u0159lav\u00e9 nebo jin\u00e9 nebezpe\u010dn\u00e9 l\u00e1tky z jeho bl\u00edzkosti.<\/p>\n\n\n\n<p>V p\u0159\u00edpad\u011b po\u017e\u00e1rn\u00edho poplachu, v\u0161echny osoby mus\u00ed okam\u017eit\u011b opustit posti\u017eenou oblast. P\u0159i odchodu z m\u00edstnost\u00ed, je nutn\u00e9 z\u016fstat v klidu; opatrn\u011b sej\u00edt po schodech, v \u017e\u00e1dn\u00e9m p\u0159\u00edpad\u011b nen\u00ed povoleno pou\u017e\u00edt v\u00fdtah. V\u00fdtah nen\u00ed ur\u010den k evakuaci osob.<\/p>\n\n\n\n<p>Je nutn\u00e9 okam\u017eit\u011b p\u0159ivolat hasi\u010de na \u010d\u00edsle 150 nebo 112. Je rovn\u011b\u017e t\u0159eba neprodlen\u011b informovat Fire Call Centrum (univerzitn\u00ed p\u0159\u00edjem tel .: 224 216 661).<\/p>\n\n\n\n<p>Pou\u017e\u00edv\u00e1n\u00ed p\u0159enosn\u00fdch hasic\u00edch p\u0159\u00edstroj\u016f:<\/p>\n\n\n\n<p>P\u0159ed pou\u017eit\u00edm hasic\u00edho p\u0159\u00edstroje, je t\u0159eba si uv\u011bdomit, zda existuje nebezpe\u010d\u00ed \u00farazu elektrick\u00fdm proudem p\u0159i jeho pou\u017eit\u00ed. Je p\u0159\u00edsn\u011b zak\u00e1z\u00e1no hasit elektrick\u00e1 za\u0159\u00edzen\u00ed vodou nebo vodou hasic\u00edch p\u0159\u00edstroj\u016f. Pr\u00e1\u0161kov\u00e9 hasic\u00ed p\u0159\u00edstroje nebo CO2 se pou\u017e\u00edvaj\u00ed v podstat\u011b pro v\u0161echny typy po\u017e\u00e1r\u016f, v\u010detn\u011b elektrick\u00fdch za\u0159\u00edzen\u00ed; has\u00edc\u00ed p\u0159\u00edstroje CO2 jsou tak\u00e9 pou\u017e\u00edv\u00e1ny p\u0159i ha\u0161en\u00ed pap\u00edru a jin\u00fdch pevn\u00fdch l\u00e1tek. P\u0159i pou\u017eit\u00ed hasic\u00edch p\u0159\u00edstroj\u016f&nbsp;je nutn\u00e9 postupovat podle pokyn\u016f uveden\u00fdch na ka\u017ed\u00e9m hasic\u00edm p\u0159\u00edstroji.<\/p>\n\n\n\n<p>Znalost bezpe\u010dnosti pr\u00e1ce a po\u017e\u00e1rn\u00ed ochrany hraje ve v\u00e1\u0161 prosp\u011bch nejen p\u0159i studiu, ale p\u0159edev\u0161\u00edm v pozd\u011bj\u0161\u00edm \u017eivot\u011b. Chra\u0148&nbsp;sv\u016fj \u017eivot a zdrav\u00ed, stejn\u011b jako \u017eivot a zdrav\u00ed ostatn\u00edch.<\/p>\n","protected":false},"excerpt":{"rendered":"<p>ACADEMIC HONESTY Akademick\u00e1 integrita je prvo\u0159ad\u00e1 p\u0159i studiu jak\u00e9hokoliv univerzitn\u00edho studijn\u00edho programu. Plagi\u00e1torstv\u00ed, pad\u011bl\u00e1n\u00ed nebo fal\u0161ov\u00e1n\u00ed&nbsp;dat \u010di informac\u00ed se \u0159ad\u00ed mezi v\u00e1\u017en\u00e9 poru\u0161en\u00ed norem, jejich\u017e dodr\u017eov\u00e1n\u00ed je od student\u016f vy\u017eadov\u00e1no, takov\u00e9to poru\u0161en\u00ed m\u016f\u017ee ovlivnit pokra\u010dov\u00e1n\u00ed ve studiu dan\u00e9ho programu. Od v\u0161ech student\u016f V\u0160 UNYP se o\u010dek\u00e1v\u00e1, \u017ee budou jednat v souladu s akademick\u00fdmi pravidly a [&hellip;]<\/p>\n","protected":false},"author":1,"featured_media":0,"parent":0,"menu_order":0,"comment_status":"closed","ping_status":"closed","template":"","meta":{"_acf_changed":false,"inline_featured_image":false,"advgb_blocks_editor_width":"","advgb_blocks_columns_visual_guide":"","footnotes":""},"categories":[],"tags":[],"class_list":["post-19781","page","type-page","status-publish","hentry"],"acf":[],"mb":[],"coauthors":[],"author_meta":{"author_link":"https:\/\/www.unyp.cz\/cs\/author\/kucera-centario\/","display_name":"kucera.centario"},"relative_dates":{"created":"Posted 3 years ago","modified":"Updated 3 years ago"},"absolute_dates":{"created":"Posted on October 12, 2022","modified":"Updated on October 20, 2022"},"absolute_dates_time":{"created":"Posted on October 12, 2022 10:51 AM","modified":"Updated on October 20, 2022 5:49 PM"},"featured_img_caption":"","featured_img":false,"series_order":"","mfb_rest_fields":["title","coauthors","author_meta","relative_dates","absolute_dates","absolute_dates_time","featured_img_caption","featured_img","series_order"],"_links":{"self":[{"href":"https:\/\/www.unyp.cz\/cs\/wp-json\/wp\/v2\/pages\/19781","targetHints":{"allow":["GET"]}}],"collection":[{"href":"https:\/\/www.unyp.cz\/cs\/wp-json\/wp\/v2\/pages"}],"about":[{"href":"https:\/\/www.unyp.cz\/cs\/wp-json\/wp\/v2\/types\/page"}],"author":[{"embeddable":true,"href":"https:\/\/www.unyp.cz\/cs\/wp-json\/wp\/v2\/users\/1"}],"replies":[{"embeddable":true,"href":"https:\/\/www.unyp.cz\/cs\/wp-json\/wp\/v2\/comments?post=19781"}],"version-history":[{"count":1,"href":"https:\/\/www.unyp.cz\/cs\/wp-json\/wp\/v2\/pages\/19781\/revisions"}],"predecessor-version":[{"id":19783,"href":"https:\/\/www.unyp.cz\/cs\/wp-json\/wp\/v2\/pages\/19781\/revisions\/19783"}],"wp:attachment":[{"href":"https:\/\/www.unyp.cz\/cs\/wp-json\/wp\/v2\/media?parent=19781"}],"wp:term":[{"taxonomy":"category","embeddable":true,"href":"https:\/\/www.unyp.cz\/cs\/wp-json\/wp\/v2\/categories?post=19781"},{"taxonomy":"post_tag","embeddable":true,"href":"https:\/\/www.unyp.cz\/cs\/wp-json\/wp\/v2\/tags?post=19781"}],"curies":[{"name":"wp","href":"https:\/\/api.w.org\/{rel}","templated":true}]}}