{"id":19815,"date":"2022-09-28T12:19:03","date_gmt":"2022-09-28T11:19:03","guid":{"rendered":"https:\/\/www.unyp.cz\/alumni-of-the-year\/"},"modified":"2025-05-26T16:20:37","modified_gmt":"2025-05-26T15:20:37","slug":"absolvent-roku","status":"publish","type":"page","link":"https:\/\/www.unyp.cz\/cs\/absolvent-roku\/","title":{"rendered":"Absolvent roku"},"content":{"rendered":"\n<figure class=\"wp-block-embed is-type-video is-provider-youtube wp-block-embed-youtube wp-embed-aspect-16-9 wp-has-aspect-ratio\"><div class=\"wp-block-embed__wrapper\">\n<iframe title=\"UNYP Alumni Reunion 2024\" width=\"500\" height=\"281\" src=\"https:\/\/www.youtube.com\/embed\/CUS8_dUfesM?feature=oembed\" frameborder=\"0\" allow=\"accelerometer; autoplay; clipboard-write; encrypted-media; gyroscope; picture-in-picture; web-share\" referrerpolicy=\"strict-origin-when-cross-origin\" allowfullscreen><\/iframe>\n<\/div><\/figure>\n\n\n\n<h2 class=\"wp-block-heading\">Oslava vlivu absolvent\u016f UNYP<\/h2>\n\n\n\n<p>Ocen\u011bn\u00ed Absolvent roku UNYP je ka\u017edoro\u010dn\u011b ud\u011blov\u00e1no jednomu absolventovi za jeho mimo\u0159\u00e1dn\u00e9 \u00fasp\u011bchy a p\u0159\u00ednos. A\u0165 u\u017e jde o slu\u017ebu komunit\u011b, vedouc\u00ed postaven\u00ed v profesi nebo podporu University of New York in Prague, v\u011b\u0159\u00edme, \u017ee na\u0161i absolventi maj\u00ed skute\u010dn\u00fd p\u0159\u00ednos &#8211; na m\u00edstn\u00ed i celosv\u011btov\u00e9 \u00farovni.<\/p>\n\n\n\n<p>Zn\u00e1te n\u011bkoho, jeho\u017e p\u0159\u00edb\u011bh vynik\u00e1? Nominujte absolventa UNYP na cenu Absolvent roku prost\u0159ednictv\u00edm n\u00ed\u017ee uveden\u00e9ho nomina\u010dn\u00edho formul\u00e1\u0159e a pomozte n\u00e1m ocenit ty, kte\u0159\u00ed reprezentuj\u00ed to nejlep\u0161\u00ed z na\u0161\u00ed komunity.<\/p>\n\n\n\n<p>Okno pro pod\u00e1v\u00e1n\u00ed n\u00e1vrh\u016f na rok 2025 bylo uzav\u0159eno 25. dubna.<\/p>\n\n\n\n<hr class=\"wp-block-separator has-alpha-channel-opacity\"\/>\n\n\n\n<h2 class=\"wp-block-heading\">Pro\u010d vyhla\u0161ujeme absolventa roku?<\/h2>\n\n\n\n<p>Na\u0161i absolventi vytv\u00e1\u0159ej\u00ed hodnoty, m\u011bn\u00ed \u017eivoty a buduj\u00ed lep\u0161\u00ed sv\u011bt. Upozor\u0148ov\u00e1n\u00edm na \u00fasp\u011b\u0161n\u00e9 p\u0159\u00edb\u011bhy absolvent\u016f posilujeme vazby v r\u00e1mci s\u00edt\u011b UNYP a inspirujeme sou\u010dasn\u00e9 studenty i ostatn\u00ed absolventy.<\/p>\n\n\n\n<p>Toto ocen\u011bn\u00ed je v\u00edc ne\u017e jen titul &#8211; je to smyslupln\u00fd zp\u016fsob, jak oslavit \u00fasp\u011b\u0161n\u00e9 absolventy UNYP a udr\u017eet na\u0161i s\u00ed\u0165 absolvent\u016f ve spojen\u00ed.<\/p>\n\n\n\n<h5 class=\"wp-block-heading\">\ud83c\udfc6\u00a0Zobrazte si p\u0159ede\u0161l\u00e9 v\u00edt\u011bze na tomto <a href=\"https:\/\/www.unyp.cz\/past-alumni-winners\/\">odkazu<\/a>.<\/h5>\n\n\n\n<hr class=\"wp-block-separator has-alpha-channel-opacity\"\/>\n\n\n\n<h2 class=\"wp-block-heading\">Kdo m\u016f\u017ee b\u00fdt nominov\u00e1n na tuto cenu?<\/h2>\n\n\n\n<p>Kandid\u00e1t mus\u00ed spl\u0148ovat ob\u011b n\u00e1sleduj\u00edc\u00ed krit\u00e9ria:<\/p>\n\n\n\n<ol class=\"wp-block-list\">\n<li>B\u00fdt absolventem University of New York in Prague nebo partnersk\u00e9ho univerzitn\u00edho programu vyu\u010dovan\u00e9ho na UNYP.<\/li>\n\n\n\n<li>Nesm\u00ed m\u00edt neuhrazen\u00e9 \u0161koln\u00e9 ani \u017e\u00e1dn\u00e9 dluhy v\u016f\u010di instituci<\/li>\n<\/ol>\n\n\n\n<p>A\u0165 u\u017e absolventi zah\u00e1jili inspirativn\u00ed projekt, nebo podpo\u0159ili posl\u00e1n\u00ed univerzity, ka\u017ed\u00e1 nominace se po\u010d\u00edt\u00e1.<\/p>\n\n\n\n<hr class=\"wp-block-separator has-alpha-channel-opacity\"\/>\n\n\n\n<h2 class=\"wp-block-heading\">Jak nominovat absolventa UNYP?<\/h2>\n\n\n\n<p>Nominaci m\u016f\u017ee podat kdokoli &#8211; p\u0159\u00e1tel\u00e9, vyu\u010duj\u00edc\u00ed, studenti, kolegov\u00e9 nebo i samotn\u00ed absolventi.<\/p>\n\n\n\n<h3 class=\"wp-block-heading\">Zde jsou informace, kter\u00e9 byste m\u011bli v\u011bd\u011bt:<\/h3>\n\n\n\n<ul class=\"wp-block-list\">\n<li>Po\u010det nominac\u00ed, kter\u00e9 m\u016f\u017ee jedna osoba p\u0159edlo\u017eit, nen\u00ed omezen.<\/li>\n\n\n\n<li>P\u0159ij\u00edmaj\u00ed se vlastn\u00ed nominace<\/li>\n\n\n\n<li>Nominace mus\u00ed b\u00fdt pod\u00e1ny prost\u0159ednictv\u00edm ofici\u00e1ln\u00edho online formul\u00e1\u0159e (viz spodn\u00ed \u010d\u00e1st str\u00e1nky).<\/li>\n\n\n\n<li>N\u00e1vrhy jsou p\u0159ij\u00edm\u00e1ny pouze v r\u00e1mci ofici\u00e1ln\u00edho nomina\u010dn\u00edho obdob\u00ed ka\u017ed\u00e9ho roku<\/li>\n<\/ul>\n\n\n\n<h3 class=\"wp-block-heading\">Nominace je platn\u00e1 pouze v p\u0159\u00edpad\u011b:<\/h3>\n\n\n\n<ul class=\"wp-block-list\">\n<li>Kandid\u00e1t nominaci p\u00edsemn\u011b p\u0159ij\u00edm\u00e1.<\/li>\n\n\n\n<li>Kandid\u00e1t p\u0159edlo\u017e\u00ed sv\u016fj \u017eivotopis <\/li>\n\n\n\n<li>(Nepovinn\u011b) kandid\u00e1t p\u0159ilo\u017e\u00ed stru\u010dn\u00fd motiva\u010dn\u00ed dopis popisuj\u00edc\u00ed jeho vliv.<\/li>\n<\/ul>\n\n\n\n<p>V\u0161echny osobn\u00ed \u00fadaje jsou d\u016fv\u011brn\u00e9 a slou\u017e\u00ed v\u00fdhradn\u011b k intern\u00edmu hodnocen\u00ed V\u00fdborem pro ud\u011blov\u00e1n\u00ed cen absolvent\u016fm UNYP.<\/p>\n\n\n\n<hr class=\"wp-block-separator has-alpha-channel-opacity\"\/>\n\n\n\n<h2 class=\"wp-block-heading\">Co d\u011bl\u00e1 kandid\u00e1ta skv\u011bl\u00fdm?<\/h2>\n\n\n\n<p>Hled\u00e1me absolventy, kte\u0159\u00ed prok\u00e1zali vynikaj\u00edc\u00ed v\u00fdsledky alespo\u0148 v jedn\u00e9 z t\u011bchto oblast\u00ed:<\/p>\n\n\n\n<ul class=\"wp-block-list\">\n<li>Slu\u017eba komunit\u011b<\/li>\n\n\n\n<li>Vedouc\u00ed postaven\u00ed nebo inovace ve sv\u00e9 profesi<\/li>\n\n\n\n<li>V\u00fdznamn\u00fd p\u0159\u00ednos pro komunitu UNYP<\/li>\n<\/ul>\n\n\n\n<hr class=\"wp-block-separator has-alpha-channel-opacity\"\/>\n\n\n\n<h2 class=\"wp-block-heading\">Zp\u016fsob v\u00fdb\u011bru v\u00edt\u011bze<\/h2>\n\n\n\n<p>V\u00fdbor pro ud\u011blov\u00e1n\u00ed ceny UNYP Alumni Award vyhodnot\u00ed v\u0161echny nominace a vybere t\u0159i finalisty. Z t\u00e9to skupiny je vybr\u00e1n kone\u010dn\u00fd v\u00edt\u011bz, kter\u00fd je ozn\u00e1men komunit\u011b UNYP.<\/p>\n\n\n\n<p>V\u00fdbor tvo\u0159\u00ed:<\/p>\n\n\n\n<ul class=\"wp-block-list\">\n<li>UNYP General Manager<\/li>\n\n\n\n<li>UNYP Rector<\/li>\n\n\n\n<li>Marketing Director<\/li>\n\n\n\n<li>Alumni Office Coordinator<\/li>\n\n\n\n<li>Two representatives from the UNYP Alumni Association<\/li>\n\n\n\n<li>One Student Council representative<\/li>\n\n\n\n<li>One Faculty representative<\/li>\n\n\n\n<li>One Dean<\/li>\n<\/ul>\n\n\n\n<p>V\u00fdbor m\u00e1 plnou volnost v rozhodov\u00e1n\u00ed, v\u010detn\u011b \u0159e\u0161en\u00ed p\u0159\u00edpad\u016f, na kter\u00e9 se nevztahuj\u00ed standardn\u00ed pravidla.<\/p>\n\n\n\n<hr class=\"wp-block-separator has-alpha-channel-opacity\"\/>\n\n\n\n<h2 class=\"wp-block-heading\">Ud\u011blen\u00ed ceny<\/h2>\n\n\n\n<p>Cena Absolvent roku se ud\u011bluje na ud\u00e1losti UNYP, kterou vybere v\u00fdbor. Ocen\u011bn\u00fd m\u016f\u017ee cenu p\u0159evz\u00edt osobn\u011b nebo m\u016f\u017ee ur\u010dit n\u011bkoho, kdo ho bude zastupovat. Formu ocen\u011bn\u00ed ur\u010duje v\u00fdbor.<\/p>\n\n\n\n<hr class=\"wp-block-separator has-alpha-channel-opacity\"\/>\n\n\n\n<h2 class=\"wp-block-heading\">Dal\u0161\u00ed pravidla a pokyny<\/h2>\n\n\n\n<ul class=\"wp-block-list\">\n<li>Kandid\u00e1t nem\u016f\u017ee vyhr\u00e1t v\u00edce ne\u017e jednou<\/li>\n\n\n\n<li>Minul\u00ed nominovan\u00ed mohou b\u00fdt v n\u00e1sleduj\u00edc\u00edch letech nominov\u00e1ni znovu.<\/li>\n\n\n\n<li>V\u00fdjimky mohou b\u00fdt ud\u011bleny na z\u00e1klad\u011b rozhodnut\u00ed v\u00fdboru v\u011bt\u0161inou hlas\u016f.<\/li>\n<\/ul>\n\n\n\n<hr class=\"wp-block-separator has-alpha-channel-opacity\"\/>\n\n\n\n<h2 class=\"wp-block-heading\">Nominujte absolventa na ocen\u011bn\u00ed Absolvent roku na UNYP<\/h2>\n\n\n\n<p>Pokud jste p\u0159ipraveni nominovat \u00fasp\u011b\u0161n\u00e9ho absolventa UNYP, za\u0161lete svou nominaci prost\u0159ednictv\u00edm n\u00ed\u017ee uveden\u00e9ho nomina\u010dn\u00edho formul\u00e1\u0159e.<\/p>\n\n\n\n<div style=\"height:24px\" aria-hidden=\"true\" class=\"wp-block-spacer\"><\/div>\n\n\n<div class=\"everest-forms\"><script type='text\/javascript'>\n\/* <![CDATA[ *\/\nvar evf_settings = {\"currency_code\":\"USD\",\"currency_thousands\":\",\",\"currency_decimal\":\".\",\"currency_symbol\":\"$\",\"currency_symbol_pos\":\"left\"}\n\/* ]]> *\/\n<\/script>\n<div class=\"evf-container default\" id=\"evf-19628\"><form id=\"evf-form-19628\" class=\"everest-form\" data-formid=\"19628\" data-ajax_submission=\"1\" data-keyboard_friendly_form=\"0\" data-form_state_type=\"\" method=\"post\" enctype=\"multipart\/form-data\" action=\"\/cs\/wp-json\/wp\/v2\/pages\/19815\"><div class=\"evf-field-container\"><input type=\"hidden\" id=\"_wpnonce19628\" name=\"_wpnonce19628\" value=\"73e3d69bb7\" \/><input type=\"hidden\" name=\"_wp_http_referer\" value=\"\/cs\/wp-json\/wp\/v2\/pages\/19815\" \/><div class=\"evf-frontend-row\" data-row=\"row_1\" conditional_rules=\"[]\"><div class=\"evf-frontend-grid evf-grid-1\" data-grid=\"grid_1\"><div id=\"evf-19628-field_RxhFYZhF8s-1-container\" class=\"evf-field evf-field-text form-row validate-required\" data-required-field-message=\"This field is required.\" data-field-id=\"RxhFYZhF8s-1\"><label class=\"evf-field-label\" for=\"evf-19628-field_RxhFYZhF8s-1\"><span class=\"evf-label\">Cel\u00e9 jm\u00e9no nominovan\u00e9ho<\/span> <abbr class=\"required\" title=\"Required\">*<\/abbr><\/label><input type=\"text\" id=\"evf-19628-field_RxhFYZhF8s-1\" class=\"input-text\" name=\"everest_forms[form_fields][RxhFYZhF8s-1]\" conditional_id=\"RxhFYZhF8s-1\" required><\/div><div id=\"evf-19628-field_7NFFE6yX9O-3-container\" class=\"evf-field evf-field-textarea form-row validate-required\" data-required-field-message=\"This field is required.\" data-field-id=\"7NFFE6yX9O-3\"><label class=\"evf-field-label\" for=\"evf-19628-field_7NFFE6yX9O-3\"><span class=\"evf-label\">D\u016fvody pro nominaci<\/span> <abbr class=\"required\" title=\"Required\">*<\/abbr><\/label><textarea id=\"evf-19628-field_7NFFE6yX9O-3\" class=\"input-text\" name=\"everest_forms[form_fields][7NFFE6yX9O-3]\" conditional_id=\"7NFFE6yX9O-3\" required ><\/textarea><\/div><div id=\"evf-19628-field_s6j2eE8qHV-2-container\" class=\"evf-field evf-field-text form-row validate-required\" data-required-field-message=\"This field is required.\" data-field-id=\"s6j2eE8qHV-2\"><label class=\"evf-field-label\" for=\"evf-19628-field_s6j2eE8qHV-2\"><span class=\"evf-label\">Va\u0161e cel\u00e9 jm\u00e9no<\/span> <abbr class=\"required\" title=\"Required\">*<\/abbr><\/label><input type=\"text\" id=\"evf-19628-field_s6j2eE8qHV-2\" class=\"input-text\" name=\"everest_forms[form_fields][s6j2eE8qHV-2]\" conditional_id=\"s6j2eE8qHV-2\" required><\/div><div id=\"evf-19628-field_8r2BUsWrW3-4-container\" class=\"evf-field evf-field-email form-row validate-required validate-email\" data-required-field-message=\"Please enter a valid email address.\" data-field-id=\"8r2BUsWrW3-4\"><label class=\"evf-field-label\" for=\"evf-19628-field_8r2BUsWrW3-4\"><span class=\"evf-label\">V\u00e1\u0161 email<\/span> <abbr class=\"required\" title=\"Required\">*<\/abbr><\/label><input type=\"email\" id=\"evf-19628-field_8r2BUsWrW3-4\" class=\"input-text\" name=\"everest_forms[form_fields][8r2BUsWrW3-4]\" conditional_id=\"8r2BUsWrW3-4\" required ><\/div><div id=\"evf-19628-field_rKhsrCLANx-5-container\" class=\"evf-field evf-field-textarea form-row\" data-field-id=\"rKhsrCLANx-5\"><label class=\"evf-field-label\" for=\"evf-19628-field_rKhsrCLANx-5\"><span class=\"evf-label\">Kontaktn\u00ed \u00fadaje na nominovan\u00e9ho<\/span> <\/label><textarea id=\"evf-19628-field_rKhsrCLANx-5\" class=\"input-text\" name=\"everest_forms[form_fields][rKhsrCLANx-5]\" conditional_id=\"rKhsrCLANx-5\"  ><\/textarea><\/div><\/div><\/div><\/div><div class=\"evf-honeypot-container evf-field-hp\"><label for=\"evf-19628-field-hp\" class=\"evf-field-label\">Website<\/label><input type=\"text\" name=\"everest_forms[hp]\" id=\"evf-19628-field-hp\" class=\"input-text\"><\/div><div class=\"evf-recaptcha-container recaptcha-hidden\" style=\"display:block\"><div class=\"g-recaptcha\" data-sitekey=\"6Lfg31crAAAAALmbbQnFYMk2zBHtsMu9XTXhCr0O\" data-size=\"invisible\"><\/div><\/div><div class=\"evf-submit-container \" ><input type=\"hidden\" name=\"everest_forms[id]\" value=\"19628\"><input type=\"hidden\" name=\"everest_forms[author]\" value=\"1\"><button type='submit' name='everest_forms[submit]' class='everest-forms-submit-button button evf-submit ' id='evf-submit-19628' value='evf-submit' data-process-text=\"Odes\u00edl\u00e1m...\" conditional_rules='&quot;&quot;' conditional_id='evf-submit-19628'  id=\"evf-submit-19628\" aria-live=\"assertive\">Odeslat<\/button><\/div><\/form><\/div><!-- .evf-container --><\/div>\n\n\n<div class=\"wp-block-getwid-accordion has-icon-left\" data-active-element=\"none\"><\/div>\n\n\n\n<p><\/p>\n","protected":false},"excerpt":{"rendered":"<p>Oslava vlivu absolvent\u016f UNYP Ocen\u011bn\u00ed Absolvent roku UNYP je ka\u017edoro\u010dn\u011b ud\u011blov\u00e1no jednomu absolventovi za jeho mimo\u0159\u00e1dn\u00e9 \u00fasp\u011bchy a p\u0159\u00ednos. A\u0165 u\u017e jde o slu\u017ebu komunit\u011b, vedouc\u00ed postaven\u00ed v profesi nebo podporu University of New York in Prague, v\u011b\u0159\u00edme, \u017ee na\u0161i absolventi maj\u00ed skute\u010dn\u00fd p\u0159\u00ednos &#8211; na m\u00edstn\u00ed i celosv\u011btov\u00e9 \u00farovni. Zn\u00e1te n\u011bkoho, jeho\u017e p\u0159\u00edb\u011bh vynik\u00e1? [&hellip;]<\/p>\n","protected":false},"author":1,"featured_media":0,"parent":0,"menu_order":0,"comment_status":"closed","ping_status":"closed","template":"","meta":{"_acf_changed":false,"inline_featured_image":false,"advgb_blocks_editor_width":"","advgb_blocks_columns_visual_guide":"","footnotes":""},"categories":[],"tags":[],"class_list":["post-19815","page","type-page","status-publish","hentry"],"acf":[],"mb":[],"coauthors":[],"author_meta":{"author_link":"https:\/\/www.unyp.cz\/cs\/author\/kucera-centario\/","display_name":"kucera.centario"},"relative_dates":{"created":"Posted 4 years ago","modified":"Updated 11 months ago"},"absolute_dates":{"created":"Posted on September 28, 2022","modified":"Updated on May 26, 2025"},"absolute_dates_time":{"created":"Posted on September 28, 2022 12:19 PM","modified":"Updated on May 26, 2025 4:20 PM"},"featured_img_caption":"","featured_img":false,"series_order":"","mfb_rest_fields":["title","coauthors","author_meta","relative_dates","absolute_dates","absolute_dates_time","featured_img_caption","featured_img","series_order"],"_links":{"self":[{"href":"https:\/\/www.unyp.cz\/cs\/wp-json\/wp\/v2\/pages\/19815","targetHints":{"allow":["GET"]}}],"collection":[{"href":"https:\/\/www.unyp.cz\/cs\/wp-json\/wp\/v2\/pages"}],"about":[{"href":"https:\/\/www.unyp.cz\/cs\/wp-json\/wp\/v2\/types\/page"}],"author":[{"embeddable":true,"href":"https:\/\/www.unyp.cz\/cs\/wp-json\/wp\/v2\/users\/1"}],"replies":[{"embeddable":true,"href":"https:\/\/www.unyp.cz\/cs\/wp-json\/wp\/v2\/comments?post=19815"}],"version-history":[{"count":6,"href":"https:\/\/www.unyp.cz\/cs\/wp-json\/wp\/v2\/pages\/19815\/revisions"}],"predecessor-version":[{"id":63934,"href":"https:\/\/www.unyp.cz\/cs\/wp-json\/wp\/v2\/pages\/19815\/revisions\/63934"}],"wp:attachment":[{"href":"https:\/\/www.unyp.cz\/cs\/wp-json\/wp\/v2\/media?parent=19815"}],"wp:term":[{"taxonomy":"category","embeddable":true,"href":"https:\/\/www.unyp.cz\/cs\/wp-json\/wp\/v2\/categories?post=19815"},{"taxonomy":"post_tag","embeddable":true,"href":"https:\/\/www.unyp.cz\/cs\/wp-json\/wp\/v2\/tags?post=19815"}],"curies":[{"name":"wp","href":"https:\/\/api.w.org\/{rel}","templated":true}]}}