{"id":19828,"date":"2022-09-28T12:18:15","date_gmt":"2022-09-28T11:18:15","guid":{"rendered":"https:\/\/www.unyp.cz\/writing-lab\/"},"modified":"2025-07-22T19:28:22","modified_gmt":"2025-07-22T18:28:22","slug":"centrum-psani","status":"publish","type":"page","link":"https:\/\/www.unyp.cz\/cs\/centrum-psani\/","title":{"rendered":"Writing Lab"},"content":{"rendered":"\n<figure class=\"wp-block-image size-large\"><img data-opt-id=877247378  fetchpriority=\"high\" decoding=\"async\" width=\"1400\" height=\"933\" src=\"https:\/\/mlgfjgj9j0su.i.optimole.com\/w:1400\/h:933\/q:mauto\/f:best\/https:\/\/www.unyp.cz\/wp-content\/uploads\/2025\/07\/vlf_6837-1.jpg\" alt=\"\" class=\"wp-image-65679\" srcset=\"https:\/\/mlgfjgj9j0su.i.optimole.com\/w:1400\/h:933\/q:mauto\/f:best\/https:\/\/www.unyp.cz\/wp-content\/uploads\/2025\/07\/vlf_6837-1-scaled.jpg 1400w, https:\/\/mlgfjgj9j0su.i.optimole.com\/w:300\/h:200\/q:mauto\/f:best\/https:\/\/www.unyp.cz\/wp-content\/uploads\/2025\/07\/vlf_6837-1-scaled.jpg 300w, https:\/\/mlgfjgj9j0su.i.optimole.com\/w:150\/h:100\/q:mauto\/f:best\/https:\/\/www.unyp.cz\/wp-content\/uploads\/2025\/07\/vlf_6837-1-scaled.jpg 150w, https:\/\/mlgfjgj9j0su.i.optimole.com\/w:768\/h:512\/q:mauto\/f:best\/https:\/\/www.unyp.cz\/wp-content\/uploads\/2025\/07\/vlf_6837-1-scaled.jpg 768w, https:\/\/mlgfjgj9j0su.i.optimole.com\/w:1536\/h:1024\/q:mauto\/f:best\/https:\/\/www.unyp.cz\/wp-content\/uploads\/2025\/07\/vlf_6837-1-scaled.jpg 1536w, https:\/\/mlgfjgj9j0su.i.optimole.com\/w:1920\/h:1279\/q:mauto\/f:best\/https:\/\/www.unyp.cz\/wp-content\/uploads\/2025\/07\/vlf_6837-1-scaled.jpg 2048w\" sizes=\"(max-width: 1000px) 100vw, 1000px\" \/><\/figure>\n\n\n\n<h3 class=\"wp-block-heading\">K \u010demu je Writing Lab?<\/h3>\n\n\n\n<p>Vzhledem k tomu, \u017ee UNYP se nach\u00e1z\u00ed v \u010cesk\u00e9 republice, kde angli\u010dtina nen\u00ed prim\u00e1rn\u00edm jazykem, nab\u00edz\u00ed Writing Lab student\u016fm cenn\u00fd prostor pro rozvoj jejich dovednost\u00ed psan\u00ed a komunikace v angli\u010dtin\u011b. Je to podp\u016frn\u00e9 prost\u0159ed\u00ed, kde se studenti mohou sebev\u011bdom\u011b vyjad\u0159ovat v psan\u00e9 i mluven\u00e9 angli\u010dtin\u011b.<\/p>\n\n\n\n<p>Na\u0161i lekto\u0159i vedou studenty ke zdroj\u016fm v knihovn\u011b, kter\u00e9 jim mohou pomoci s vypracov\u00e1n\u00edm \u00fakol\u016f. Tuto\u0159i WRL za studenty \u00fakoly neupravuj\u00ed ani nedopl\u0148uj\u00ed. Nam\u00edsto toho \u0159\u00edd\u00ed strukturu, srozumitelnost a p\u0159\u00edstup a pom\u00e1haj\u00ed student\u016fm z\u00edskat jistotu p\u0159i vypracov\u00e1v\u00e1n\u00ed kurz\u016f a projekt\u016f.<\/p>\n\n\n\n<h3 class=\"wp-block-heading\">Jak si napl\u00e1novat sch\u016fzku<\/h3>\n\n\n\n<p>Sch\u016fzky prob\u00edhaj\u00ed jako obvykle po cel\u00fd semestr prost\u0159ednictv\u00edm n\u00ed\u017ee uveden\u00e9ho online rezerva\u010dn\u00edho zdroje.<\/p>\n\n\n\n<div class=\"wp-block-buttons is-content-justification-center is-layout-flex wp-container-core-buttons-is-layout-a89b3969 wp-block-buttons-is-layout-flex\">\n<div class=\"wp-block-button\"><a class=\"wp-block-button__link has-text-align-center wp-element-button\" href=\"https:\/\/outlook.office.com\/book\/EnglishCompositionandWritingLab@unyp.cz\">Online booking<\/a><\/div>\n<\/div>\n\n\n\n<p>Chcete-li se p\u0159ipojit ke sv\u00e9 sch\u016fzce, pou\u017eijte MS Teams odkaz z potvrzovac\u00edho emailu nebo kalend\u00e1\u0159e.<\/p>\n\n\n\n<p>Pro co nejproduktivn\u011bj\u0161\u00ed sezen\u00ed, pros\u00edm:<\/p>\n\n\n\n<ul class=\"wp-block-list\">\n<li>P\u0159ipravte si konkr\u00e9tn\u00ed ot\u00e1zky (nap\u0159. \u201eJsou m\u00e9 tematick\u00e9 v\u011bty jasn\u00e9?\u201c nebo \u201eJe to spr\u00e1vn\u00fd zp\u016fsob citace videa?\u201c).<\/li>\n\n\n\n<li>P\u0159ipravte si p\u00edsemn\u00e9 pr\u00e1ce v dokumentu MS Word, abyste je mohli v p\u0159\u00edpad\u011b pot\u0159eby sd\u00edlet.<\/li>\n<\/ul>\n","protected":false},"excerpt":{"rendered":"<p>K \u010demu je Writing Lab? Vzhledem k tomu, \u017ee UNYP se nach\u00e1z\u00ed v \u010cesk\u00e9 republice, kde angli\u010dtina nen\u00ed prim\u00e1rn\u00edm jazykem, nab\u00edz\u00ed Writing Lab student\u016fm cenn\u00fd prostor pro rozvoj jejich dovednost\u00ed psan\u00ed a komunikace v angli\u010dtin\u011b. Je to podp\u016frn\u00e9 prost\u0159ed\u00ed, kde se studenti mohou sebev\u011bdom\u011b vyjad\u0159ovat v psan\u00e9 i mluven\u00e9 angli\u010dtin\u011b. Na\u0161i lekto\u0159i vedou studenty ke [&hellip;]<\/p>\n","protected":false},"author":1,"featured_media":0,"parent":0,"menu_order":0,"comment_status":"closed","ping_status":"closed","template":"","meta":{"_acf_changed":false,"inline_featured_image":false,"advgb_blocks_editor_width":"","advgb_blocks_columns_visual_guide":"","footnotes":""},"categories":[],"tags":[],"class_list":["post-19828","page","type-page","status-publish","hentry"],"acf":[],"mb":[],"coauthors":[],"author_meta":{"author_link":"https:\/\/www.unyp.cz\/cs\/author\/kucera-centario\/","display_name":"kucera.centario"},"relative_dates":{"created":"Posted 4 years ago","modified":"Updated 9 months ago"},"absolute_dates":{"created":"Posted on September 28, 2022","modified":"Updated on July 22, 2025"},"absolute_dates_time":{"created":"Posted on September 28, 2022 12:18 PM","modified":"Updated on July 22, 2025 7:28 PM"},"featured_img_caption":"","featured_img":false,"series_order":"","mfb_rest_fields":["title","coauthors","author_meta","relative_dates","absolute_dates","absolute_dates_time","featured_img_caption","featured_img","series_order"],"_links":{"self":[{"href":"https:\/\/www.unyp.cz\/cs\/wp-json\/wp\/v2\/pages\/19828","targetHints":{"allow":["GET"]}}],"collection":[{"href":"https:\/\/www.unyp.cz\/cs\/wp-json\/wp\/v2\/pages"}],"about":[{"href":"https:\/\/www.unyp.cz\/cs\/wp-json\/wp\/v2\/types\/page"}],"author":[{"embeddable":true,"href":"https:\/\/www.unyp.cz\/cs\/wp-json\/wp\/v2\/users\/1"}],"replies":[{"embeddable":true,"href":"https:\/\/www.unyp.cz\/cs\/wp-json\/wp\/v2\/comments?post=19828"}],"version-history":[{"count":6,"href":"https:\/\/www.unyp.cz\/cs\/wp-json\/wp\/v2\/pages\/19828\/revisions"}],"predecessor-version":[{"id":66629,"href":"https:\/\/www.unyp.cz\/cs\/wp-json\/wp\/v2\/pages\/19828\/revisions\/66629"}],"wp:attachment":[{"href":"https:\/\/www.unyp.cz\/cs\/wp-json\/wp\/v2\/media?parent=19828"}],"wp:term":[{"taxonomy":"category","embeddable":true,"href":"https:\/\/www.unyp.cz\/cs\/wp-json\/wp\/v2\/categories?post=19828"},{"taxonomy":"post_tag","embeddable":true,"href":"https:\/\/www.unyp.cz\/cs\/wp-json\/wp\/v2\/tags?post=19828"}],"curies":[{"name":"wp","href":"https:\/\/api.w.org\/{rel}","templated":true}]}}