{"id":19847,"date":"2022-09-28T12:11:37","date_gmt":"2022-09-28T11:11:37","guid":{"rendered":"https:\/\/www.unyp.cz\/campus-visit\/"},"modified":"2025-01-02T17:10:59","modified_gmt":"2025-01-02T16:10:59","slug":"navsteva-kampusu","status":"publish","type":"page","link":"https:\/\/www.unyp.cz\/cs\/navsteva-kampusu\/","title":{"rendered":"N\u00e1v\u0161t\u011bva kampusu"},"content":{"rendered":"\n<figure class=\"wp-block-image size-full\"><img data-opt-id=347812546  fetchpriority=\"high\" decoding=\"async\" width=\"2560\" height=\"1707\" src=\"https:\/\/mlgfjgj9j0su.i.optimole.com\/w:auto\/h:auto\/q:mauto\/f:best\/https:\/\/www.unyp.cz\/wp-content\/uploads\/2024\/12\/0054-scaled.jpg\" alt=\"\" class=\"wp-image-54613\" srcset=\"https:\/\/mlgfjgj9j0su.i.optimole.com\/w:1920\/h:1280\/q:mauto\/f:best\/https:\/\/www.unyp.cz\/wp-content\/uploads\/2024\/12\/0054-scaled.jpg 2560w, https:\/\/mlgfjgj9j0su.i.optimole.com\/w:300\/h:200\/q:mauto\/f:best\/https:\/\/www.unyp.cz\/wp-content\/uploads\/2024\/12\/0054-scaled.jpg 300w, https:\/\/mlgfjgj9j0su.i.optimole.com\/w:1400\/h:934\/q:mauto\/f:best\/https:\/\/www.unyp.cz\/wp-content\/uploads\/2024\/12\/0054-scaled.jpg 1400w, https:\/\/mlgfjgj9j0su.i.optimole.com\/w:150\/h:100\/q:mauto\/f:best\/https:\/\/www.unyp.cz\/wp-content\/uploads\/2024\/12\/0054-scaled.jpg 150w, https:\/\/mlgfjgj9j0su.i.optimole.com\/w:768\/h:512\/q:mauto\/f:best\/https:\/\/www.unyp.cz\/wp-content\/uploads\/2024\/12\/0054-scaled.jpg 768w, https:\/\/mlgfjgj9j0su.i.optimole.com\/w:1536\/h:1024\/q:mauto\/f:best\/https:\/\/www.unyp.cz\/wp-content\/uploads\/2024\/12\/0054-scaled.jpg 1536w, https:\/\/mlgfjgj9j0su.i.optimole.com\/w:1920\/h:1280\/q:mauto\/f:best\/https:\/\/www.unyp.cz\/wp-content\/uploads\/2024\/12\/0054-scaled.jpg 2048w\" sizes=\"(max-width: 1000px) 100vw, 1000px\" \/><\/figure>\n\n\n\n<h2 class=\"wp-block-heading\">Objevte UNYP: Nav\u0161tivte n\u00e1s nebo se z\u00fa\u010dastn\u011bte n\u011bkter\u00e9ho z na\u0161ich dn\u016f otev\u0159en\u00fdch dve\u0159\u00ed!<\/h2>\n\n\n\n<p>M\u00e1te pot\u00ed\u017ee s v\u00fdb\u011brem spr\u00e1vn\u00e9ho oboru? Nejste si jist\u00ed, jestli byste rad\u011bji studovali na ve\u0159ejn\u00e9, nebo na soukrom\u00e9 \u0161kole? Nav\u0161tivte n\u00e1s a seznamte se s pracovn\u00edky pro\u00a0p\u0159ij\u00edmac\u00ed \u0159\u00edzen\u00ed, s\u00a0<a href=\"https:\/\/www.unyp.cz\/cs\/prijimaci-rizeni\/zjistete-vice\/zkusenosti-studentu\">na\u0161imi studenty<\/a>, nebo dokonce s\u00a0<a href=\"https:\/\/www.unyp.cz\/cs\/o-nas\/akademici\/pedagogicky-sbor\">pedagogick\u00fdm sborem<\/a>\u00a0a\u00a0<a href=\"https:\/\/www.unyp.cz\/cs\/o-nas\/akademici\/katedry\">vedouc\u00edmi kateder<\/a>. <\/p>\n\n\n\n<p>V\u0161ichni se s v\u00e1mi r\u00e1di setkaj\u00ed a na z\u00e1klad\u011b va\u0161ich pot\u0159eb v\u00e1m doporu\u010d\u00ed\u00a0to nejlep\u0161\u00ed pro va\u0161i budoucnost. R\u00e1di v\u00e1m uk\u00e1\u017eeme\u00a0n\u00e1\u0161 nov\u00fd kampus i studentskou rezidenci!<\/p>\n\n\n\n<p>Zavolejte n\u00e1m na +420 224 221 261 nebo n\u00e1m napi\u0161te na admissions@unyp.cz a my se s v\u00e1mi r\u00e1di domluv\u00edme na setk\u00e1n\u00ed.<\/p>\n\n\n\n<h2 class=\"wp-block-heading\">Dny otev\u0159en\u00fdch dve\u0159\u00ed &nbsp;<\/h2>\n\n\n\n<p>Pravideln\u011b tak\u00e9 po\u0159\u00e1d\u00e1me&nbsp;Dny otev\u0159en\u00fdch dve\u0159\u00ed &nbsp;\u2013 pod\u00edvejte se do&nbsp;<a href=\"https:\/\/www.unyp.cz\/events\">Kalend\u00e1\u0159e ud\u00e1lost\u00ed,<\/a>&nbsp;kdy bude dal\u0161\u00ed, zaregistrujte se a p\u0159ij\u010fte se pod\u00edvat na UNYP osobn\u011b.&nbsp;<\/p>\n\n\n\n<h5 class=\"wp-block-heading\">T\u011b\u0161\u00edme se na v\u00e1s!<\/h5>\n\n\n\n<div style=\"height:26px\" aria-hidden=\"true\" class=\"wp-block-spacer\"><\/div>\n","protected":false},"excerpt":{"rendered":"<p>Objevte UNYP: Nav\u0161tivte n\u00e1s nebo se z\u00fa\u010dastn\u011bte n\u011bkter\u00e9ho z na\u0161ich dn\u016f otev\u0159en\u00fdch dve\u0159\u00ed! M\u00e1te pot\u00ed\u017ee s v\u00fdb\u011brem spr\u00e1vn\u00e9ho oboru? Nejste si jist\u00ed, jestli byste rad\u011bji studovali na ve\u0159ejn\u00e9, nebo na soukrom\u00e9 \u0161kole? Nav\u0161tivte n\u00e1s a seznamte se s pracovn\u00edky pro\u00a0p\u0159ij\u00edmac\u00ed \u0159\u00edzen\u00ed, s\u00a0na\u0161imi studenty, nebo dokonce s\u00a0pedagogick\u00fdm sborem\u00a0a\u00a0vedouc\u00edmi kateder. V\u0161ichni se s v\u00e1mi r\u00e1di setkaj\u00ed a [&hellip;]<\/p>\n","protected":false},"author":1,"featured_media":0,"parent":0,"menu_order":0,"comment_status":"closed","ping_status":"closed","template":"","meta":{"_acf_changed":false,"inline_featured_image":false,"advgb_blocks_editor_width":"","advgb_blocks_columns_visual_guide":"","footnotes":""},"categories":[],"tags":[125],"class_list":["post-19847","page","type-page","status-publish","hentry","tag-studentsky-zivot"],"acf":[],"mb":[],"coauthors":[],"author_meta":{"author_link":"https:\/\/www.unyp.cz\/cs\/author\/kucera-centario\/","display_name":"kucera.centario"},"relative_dates":{"created":"Posted 4 years ago","modified":"Updated 1 year ago"},"absolute_dates":{"created":"Posted on September 28, 2022","modified":"Updated on January 2, 2025"},"absolute_dates_time":{"created":"Posted on September 28, 2022 12:11 PM","modified":"Updated on January 2, 2025 5:10 PM"},"featured_img_caption":"","featured_img":false,"series_order":"","mfb_rest_fields":["title","coauthors","author_meta","relative_dates","absolute_dates","absolute_dates_time","featured_img_caption","featured_img","series_order"],"_links":{"self":[{"href":"https:\/\/www.unyp.cz\/cs\/wp-json\/wp\/v2\/pages\/19847","targetHints":{"allow":["GET"]}}],"collection":[{"href":"https:\/\/www.unyp.cz\/cs\/wp-json\/wp\/v2\/pages"}],"about":[{"href":"https:\/\/www.unyp.cz\/cs\/wp-json\/wp\/v2\/types\/page"}],"author":[{"embeddable":true,"href":"https:\/\/www.unyp.cz\/cs\/wp-json\/wp\/v2\/users\/1"}],"replies":[{"embeddable":true,"href":"https:\/\/www.unyp.cz\/cs\/wp-json\/wp\/v2\/comments?post=19847"}],"version-history":[{"count":3,"href":"https:\/\/www.unyp.cz\/cs\/wp-json\/wp\/v2\/pages\/19847\/revisions"}],"predecessor-version":[{"id":56283,"href":"https:\/\/www.unyp.cz\/cs\/wp-json\/wp\/v2\/pages\/19847\/revisions\/56283"}],"wp:attachment":[{"href":"https:\/\/www.unyp.cz\/cs\/wp-json\/wp\/v2\/media?parent=19847"}],"wp:term":[{"taxonomy":"category","embeddable":true,"href":"https:\/\/www.unyp.cz\/cs\/wp-json\/wp\/v2\/categories?post=19847"},{"taxonomy":"post_tag","embeddable":true,"href":"https:\/\/www.unyp.cz\/cs\/wp-json\/wp\/v2\/tags?post=19847"}],"curies":[{"name":"wp","href":"https:\/\/api.w.org\/{rel}","templated":true}]}}