{"id":19855,"date":"2025-09-10T10:42:20","date_gmt":"2025-09-10T09:42:20","guid":{"rendered":"https:\/\/www.unyp.cz\/center-for-global-engagement\/"},"modified":"2026-03-17T17:24:00","modified_gmt":"2026-03-17T16:24:00","slug":"studium-v-zahranici","status":"publish","type":"page","link":"https:\/\/www.unyp.cz\/cs\/studium-v-zahranici\/","title":{"rendered":"Studium v&nbsp;zahrani\u010d\u00ed a&nbsp;v\u00fdm\u011bnn\u00e9 programy na&nbsp;UNYP"},"content":{"rendered":"\n<p id=\"h-center-for-global-engagement-cge-koordinuje-mezinarodni-mobilitu-na-university-of-new-york-in-prague-cge-podporuje-predevsim-studenty-unyp-pri-studiu-v-zahranici-a-zaroven-zajistuje-prijezdy-zahranicnich-studentu-do-prahy-v-ramci-vymennych-a-study-abroad-programu\">Center for Global Engagement (CGE) koordinuje studium v zahrani\u010d\u00ed a v\u00fdm\u011bnn\u00e9 programy na <a href=\"http:\/\/www.unyp.cz\/cs\/\">University of New York in Prague<\/a>. Prost\u0159ednictv\u00edm programu Erasmus+ a partnersk\u00fdch univerzit umo\u017e\u0148uje student\u016fm UNYP z\u00edskat mezin\u00e1rodn\u00ed akademickou zku\u0161enost a studovat v zahrani\u010d\u00ed b\u011bhem sv\u00e9ho studia.<\/p>\n\n\n\n<p>Tato str\u00e1nka poskytuje p\u0159ehled mo\u017enost\u00ed studia v zahrani\u010d\u00ed, v\u00fdm\u011bnn\u00fdch program\u016f a slu\u017eeb, kter\u00e9 CGE student\u016fm nab\u00edz\u00ed.<\/p>\n\n\n\n<figure class=\"wp-block-image size-full is-resized\"><img data-opt-id=207121531  fetchpriority=\"high\" decoding=\"async\" width=\"610\" height=\"350\" src=\"https:\/\/mlgfjgj9j0su.i.optimole.com\/w:auto\/h:auto\/q:mauto\/f:best\/https:\/\/www.unyp.cz\/wp-content\/uploads\/2026\/03\/studenti-unyp-praha-studium-v-zahranici-kostel.jpg.webp\" alt=\"Studenti UNYP v Praze p\u0159ed historick\u00fdm kostelem b\u011bhem studijn\u00edho pobytu\" class=\"wp-image-77606\" style=\"width:736px;height:auto\" srcset=\"https:\/\/mlgfjgj9j0su.i.optimole.com\/w:610\/h:350\/q:mauto\/f:best\/https:\/\/www.unyp.cz\/wp-content\/uploads\/2026\/03\/studenti-unyp-praha-studium-v-zahranici-kostel.jpg.webp 610w, https:\/\/mlgfjgj9j0su.i.optimole.com\/w:300\/h:172\/q:mauto\/f:best\/https:\/\/www.unyp.cz\/wp-content\/uploads\/2026\/03\/studenti-unyp-praha-studium-v-zahranici-kostel.jpg.webp 300w, https:\/\/mlgfjgj9j0su.i.optimole.com\/w:150\/h:86\/q:mauto\/f:best\/https:\/\/www.unyp.cz\/wp-content\/uploads\/2026\/03\/studenti-unyp-praha-studium-v-zahranici-kostel.jpg.webp 150w\" sizes=\"(max-width: 610px) 100vw, 610px\" \/><\/figure>\n\n\n\n<div style=\"height:20px\" aria-hidden=\"true\" class=\"wp-block-spacer\"><\/div>\n\n\n\n<h2 class=\"wp-block-heading\" id=\"h-studium-v-zahranici-pro-studenty-unyp\"><strong>Studium v zahrani\u010d\u00ed pro studenty UNYP<\/strong><\/h2>\n\n\n\n<p>Studenti UNYP mohou b\u011bhem studia vyjet na semestr na partnerskou univerzitu a z\u00edskat mezin\u00e1rodn\u00ed akademickou i osobn\u00ed zku\u0161enost.<\/p>\n\n\n\n<p>Center for Global Engagement (CGE) studenty prov\u00e1z\u00ed cel\u00fdm procesem:<\/p>\n\n\n\n<ul class=\"wp-block-list\">\n<li>v\u00fdb\u011brem vhodn\u00e9ho programu<\/li>\n\n\n\n<li>p\u0159\u00edpravou p\u0159ihl\u00e1\u0161ky<\/li>\n\n\n\n<li>pl\u00e1nov\u00e1n\u00edm uzn\u00e1n\u00ed p\u0159edm\u011bt\u016f<\/li>\n\n\n\n<li>administrativou spojenou se studiem v zahrani\u010d\u00ed<\/li>\n<\/ul>\n\n\n\n<p>Studium v zahrani\u010d\u00ed je pln\u011b integrov\u00e1no do studijn\u00edch program\u016f UNYP, tak\u017ee studenti mohou pokra\u010dovat ve studiu bez prodlou\u017een\u00ed jeho d\u00e9lky.<\/p>\n\n\n\n<p>Dal\u0161\u00ed informace o konkr\u00e9tn\u00edch mo\u017enostech studia v zahrani\u010d\u00ed najdete v jednotliv\u00fdch sekc\u00edch t\u00e9to str\u00e1nky.<\/p>\n\n\n\n<hr class=\"wp-block-separator has-alpha-channel-opacity\"\/>\n\n\n\n<h2 class=\"wp-block-heading\"><strong>Erasmus+ program<\/strong><\/h2>\n\n\n\n<p>Program Erasmus+ je hlavn\u00ed mo\u017enost\u00ed studia v zahrani\u010d\u00ed pro studenty UNYP.<\/p>\n\n\n\n<p>Studenti mohou v r\u00e1mci programu Erasmus+:<\/p>\n\n\n\n<ul class=\"wp-block-list\">\n<li>studovat na partnersk\u00fdch univerzit\u00e1ch v Evrop\u011b<\/li>\n\n\n\n<li>z\u00edskat kredity uznateln\u00e9 v r\u00e1mci studia na UNYP<\/li>\n\n\n\n<li>z\u00edskat finan\u010dn\u00ed podporu<\/li>\n\n\n\n<li>poznat nov\u00e9 akademick\u00e9 i kulturn\u00ed prost\u0159ed\u00ed<\/li>\n<\/ul>\n\n\n\n<p>CGE poskytuje podporu p\u0159i pod\u00e1v\u00e1n\u00ed p\u0159ihl\u00e1\u0161ek, p\u0159\u00edprav\u011b studijn\u00edch smluv i uzn\u00e1v\u00e1n\u00ed kredit\u016f.<\/p>\n\n\n\n<p><a href=\"https:\/\/www.unyp.cz\/cs\/program-erasmus\/\">V\u00edce informac\u00ed o programu Erasmus+<\/a>.<\/p>\n\n\n\n<hr class=\"wp-block-separator has-alpha-channel-opacity\"\/>\n\n\n\n<h2 class=\"wp-block-heading\"><strong>V\u00fdm\u011bnn\u00e9 programy<\/strong><\/h2>\n\n\n\n<p>UNYP spolupracuje s partnersk\u00fdmi univerzitami po cel\u00e9m sv\u011bt\u011b, co\u017e umo\u017e\u0148uje student\u016fm \u00fa\u010dastnit se v\u00fdm\u011bnn\u00fdch program\u016f mimo Evropu.<\/p>\n\n\n\n<p>V\u00fdm\u011bnn\u00e9 programy umo\u017e\u0148uj\u00ed:<\/p>\n\n\n\n<ul class=\"wp-block-list\">\n<li>student\u016fm UNYP studovat na zahrani\u010dn\u00ed univerzit\u011b<\/li>\n\n\n\n<li>student\u016fm partnersk\u00fdch univerzit studovat na UNYP<\/li>\n<\/ul>\n\n\n\n<p>CGE koordinuje spolupr\u00e1ci s partnersk\u00fdmi institucemi, schvalov\u00e1n\u00ed p\u0159edm\u011bt\u016f i akademick\u00e9 poradenstv\u00ed.<\/p>\n\n\n\n<p><a href=\"https:\/\/www.unyp.cz\/cs\/studentsky-vymenny-program\/\">V\u00edce informac\u00ed o v\u00fdm\u011bnn\u00fdch programech.<\/a><\/p>\n\n\n\n<hr class=\"wp-block-separator has-alpha-channel-opacity\"\/>\n\n\n\n<h2 class=\"wp-block-heading\"><strong>Studium v Praze pro zahrani\u010dn\u00ed studenty<\/strong><\/h2>\n\n\n\n<p>Tato \u010d\u00e1st je ur\u010dena p\u0159edev\u0161\u00edm pro studenty ze zahrani\u010dn\u00edch univerzit, kte\u0159\u00ed cht\u011bj\u00ed studovat na University of New York in Prague.<\/p>\n\n\n\n<p>Studenti mohou str\u00e1vit semestr nebo akademick\u00fd rok v Praze v r\u00e1mci study abroad nebo v\u00fdm\u011bnn\u00fdch program\u016f.<\/p>\n\n\n\n<p>Studium na UNYP nab\u00edz\u00ed:<\/p>\n\n\n\n<ul class=\"wp-block-list\">\n<li>v\u00fduku v angli\u010dtin\u011b<\/li>\n\n\n\n<li>mal\u00e9 studijn\u00ed skupiny a individu\u00e1ln\u00ed p\u0159\u00edstup<\/li>\n\n\n\n<li>mezin\u00e1rodn\u00ed prost\u0159ed\u00ed student\u016f<\/li>\n\n\n\n<li>akademickou podporu<\/li>\n\n\n\n<li>kampus v centru Prahy<\/li>\n<\/ul>\n\n\n\n<p><a href=\"https:\/\/www.unyp.cz\/study-abroad-in-prague\/\">V\u00edce informac\u00ed o studiu v Praze na UNYP.<\/a><\/p>\n\n\n\n<hr class=\"wp-block-separator has-alpha-channel-opacity\"\/>\n\n\n\n<h2 class=\"wp-block-heading\"><strong>Zku\u0161enosti student\u016f<\/strong><\/h2>\n\n\n\n<p>Studenti UNYP i zahrani\u010dn\u00ed studenti pravideln\u011b sd\u00edlej\u00ed sv\u00e9 zku\u0161enosti se studiem v zahrani\u010d\u00ed a v\u00fdm\u011bnn\u00fdmi programy.<\/p>\n\n\n\n<p>Jejich p\u0159\u00edb\u011bhy ukazuj\u00ed p\u0159\u00ednos mezin\u00e1rodn\u00ed zku\u0161enosti z akademick\u00e9ho i osobn\u00edho hlediska.<\/p>\n\n\n\n<p><a href=\"https:\/\/www.unyp.cz\/cs\/zkusenosti-studentu-2\/\">Zobrazit zku\u0161enosti student\u016f<\/a><\/p>\n\n\n\n<hr class=\"wp-block-separator has-alpha-channel-opacity\"\/>\n\n\n\n<h2 class=\"wp-block-heading\"><strong>Kurzy pro studijn\u00ed pobyty a v\u00fdm\u011bnn\u00e9 studenty<\/strong><\/h2>\n\n\n\n<p>Studenti zapojen\u00ed do studijn\u00edch pobyt\u016f nebo v\u00fdm\u011bnn\u00fdch program\u016f si mohou vyb\u00edrat z \u0161irok\u00e9 nab\u00eddky kurz\u016f vyu\u010dovan\u00fdch v angli\u010dtin\u011b.<\/p>\n\n\n\n<p>Studijn\u00ed oblasti zahrnuj\u00ed nap\u0159\u00edklad:<\/p>\n\n\n\n<ul class=\"wp-block-list\">\n<li>Business<\/li>\n\n\n\n<li>Psychologie<\/li>\n\n\n\n<li>Komunikace a m\u00e9dia<\/li>\n\n\n\n<li>Mezin\u00e1rodn\u00ed vztahy<\/li>\n\n\n\n<li>Humanitn\u00ed a spole\u010densk\u00e9 v\u011bdy<\/li>\n<\/ul>\n\n\n\n<p>Kurzy spl\u0148uj\u00ed americk\u00e9 i evropsk\u00e9 akademick\u00e9 standardy, co\u017e usnad\u0148uje uzn\u00e1v\u00e1n\u00ed kredit\u016f.<\/p>\n\n\n\n<p><a href=\"https:\/\/www.unyp.cz\/study-abroad-courses\/\">Prozkoumat nab\u00eddku kurz\u016f.<\/a><\/p>\n\n\n\n<hr class=\"wp-block-separator has-alpha-channel-opacity\"\/>\n\n\n\n<h2 class=\"wp-block-heading\"><strong>T\u00fdm Center for Global Engagement<\/strong><\/h2>\n\n\n\n<p id=\"h-mate-otazky-ohledne-studia-v-zahranici-nebo-vymennych-programu-na-unyp-nas-tym-cge-vam-rad-pomuze\">M\u00e1te ot\u00e1zky ohledn\u011b studia v zahrani\u010d\u00ed nebo v\u00fdm\u011bnn\u00fdch program\u016f na UNYP? N\u00e1\u0161 t\u00fdm CGE v\u00e1m r\u00e1d pom\u016f\u017ee.<\/p>\n\n\n\n<div class=\"wp-block-media-text is-stacked-on-mobile is-vertically-aligned-top\" style=\"grid-template-columns:19% auto\"><figure class=\"wp-block-media-text__media\"><img data-opt-id=1372310691  fetchpriority=\"high\" decoding=\"async\" width=\"1000\" height=\"1000\" src=\"https:\/\/mlgfjgj9j0su.i.optimole.com\/w:1000\/h:1000\/q:mauto\/f:best\/https:\/\/www.unyp.cz\/wp-content\/uploads\/2026\/03\/marie-stanovska.jpg\" alt=\"\" class=\"wp-image-77621 size-full\" srcset=\"https:\/\/mlgfjgj9j0su.i.optimole.com\/w:1000\/h:1000\/q:mauto\/f:best\/https:\/\/www.unyp.cz\/wp-content\/uploads\/2026\/03\/marie-stanovska.jpg 1000w, https:\/\/mlgfjgj9j0su.i.optimole.com\/w:300\/h:300\/q:mauto\/f:best\/https:\/\/www.unyp.cz\/wp-content\/uploads\/2026\/03\/marie-stanovska.jpg 300w, https:\/\/mlgfjgj9j0su.i.optimole.com\/w:150\/h:150\/q:mauto\/f:best\/https:\/\/www.unyp.cz\/wp-content\/uploads\/2026\/03\/marie-stanovska.jpg 150w, https:\/\/mlgfjgj9j0su.i.optimole.com\/w:768\/h:768\/q:mauto\/f:best\/https:\/\/www.unyp.cz\/wp-content\/uploads\/2026\/03\/marie-stanovska.jpg 768w, https:\/\/mlgfjgj9j0su.i.optimole.com\/w:1080\/h:1080\/q:mauto\/f:best\/https:\/\/www.unyp.cz\/wp-content\/uploads\/2026\/03\/marie-stanovska.jpg 1080w\" sizes=\"(max-width: 1000px) 100vw, 1000px\" \/><\/figure><div class=\"wp-block-media-text__content\">\n<p><strong>Marie Stanovsk\u00e1<\/strong><br>Director<br><a href=\"mailto:mstanovska@unyp.cz\">mstanovska@unyp.cz<\/a><\/p>\n<\/div><\/div>\n\n\n\n<div class=\"wp-block-media-text is-stacked-on-mobile is-vertically-aligned-top\" style=\"grid-template-columns:19% auto\"><figure class=\"wp-block-media-text__media\"><img data-opt-id=1275385732  fetchpriority=\"high\" decoding=\"async\" width=\"1000\" height=\"1000\" src=\"https:\/\/www.unyp.cz\/wp-content\/uploads\/2026\/03\/natalia.png\" alt=\"\" class=\"wp-image-77622 size-full\" srcset=\"https:\/\/www.unyp.cz\/wp-content\/uploads\/2026\/03\/natalia.png 1000w, https:\/\/www.unyp.cz\/wp-content\/uploads\/2026\/03\/natalia.png 300w, https:\/\/www.unyp.cz\/wp-content\/uploads\/2026\/03\/natalia.png 150w, https:\/\/www.unyp.cz\/wp-content\/uploads\/2026\/03\/natalia.png 768w, https:\/\/www.unyp.cz\/wp-content\/uploads\/2026\/03\/natalia.png 1080w\" sizes=\"(max-width: 1000px) 100vw, 1000px\" \/><\/figure><div class=\"wp-block-media-text__content\">\n<p><strong>Nataliia Bogachova<br><\/strong>Academic Manager<br><a href=\"mailto:nbogachova@unyp.cz\">nbogachova@unyp.cz<\/a><\/p>\n<\/div><\/div>\n\n\n\n<div class=\"wp-block-media-text is-stacked-on-mobile is-vertically-aligned-top\" style=\"grid-template-columns:19% auto\"><figure class=\"wp-block-media-text__media\"><img data-opt-id=691847491  fetchpriority=\"high\" decoding=\"async\" width=\"1000\" height=\"1000\" src=\"https:\/\/mlgfjgj9j0su.i.optimole.com\/w:1000\/h:1000\/q:mauto\/f:best\/https:\/\/www.unyp.cz\/wp-content\/uploads\/2026\/03\/petr-kocourek.jpg\" alt=\"\" class=\"wp-image-77623 size-full\" srcset=\"https:\/\/mlgfjgj9j0su.i.optimole.com\/w:1000\/h:1000\/q:mauto\/f:best\/https:\/\/www.unyp.cz\/wp-content\/uploads\/2026\/03\/petr-kocourek.jpg 1000w, https:\/\/mlgfjgj9j0su.i.optimole.com\/w:300\/h:300\/q:mauto\/f:best\/https:\/\/www.unyp.cz\/wp-content\/uploads\/2026\/03\/petr-kocourek.jpg 300w, https:\/\/mlgfjgj9j0su.i.optimole.com\/w:150\/h:150\/q:mauto\/f:best\/https:\/\/www.unyp.cz\/wp-content\/uploads\/2026\/03\/petr-kocourek.jpg 150w, https:\/\/mlgfjgj9j0su.i.optimole.com\/w:768\/h:768\/q:mauto\/f:best\/https:\/\/www.unyp.cz\/wp-content\/uploads\/2026\/03\/petr-kocourek.jpg 768w, https:\/\/mlgfjgj9j0su.i.optimole.com\/w:1080\/h:1080\/q:mauto\/f:best\/https:\/\/www.unyp.cz\/wp-content\/uploads\/2026\/03\/petr-kocourek.jpg 1080w\" sizes=\"(max-width: 1000px) 100vw, 1000px\" \/><\/figure><div class=\"wp-block-media-text__content\">\n<p><strong>Petr Kocourek<br><\/strong>Senior Coordinator<br><a href=\"mailto:pkocourek@unyp.cz\">pkocourek@unyp.cz<\/a><\/p>\n<\/div><\/div>\n\n\n\n<div class=\"wp-block-media-text is-stacked-on-mobile is-vertically-aligned-top\" style=\"grid-template-columns:19% auto\"><figure class=\"wp-block-media-text__media\"><img data-opt-id=575959796  fetchpriority=\"high\" decoding=\"async\" width=\"1000\" height=\"1000\" src=\"https:\/\/mlgfjgj9j0su.i.optimole.com\/w:1000\/h:1000\/q:mauto\/f:best\/https:\/\/www.unyp.cz\/wp-content\/uploads\/2026\/03\/stepanka-spackova.jpg\" alt=\"\" class=\"wp-image-77624 size-full\" srcset=\"https:\/\/mlgfjgj9j0su.i.optimole.com\/w:1000\/h:1000\/q:mauto\/f:best\/https:\/\/www.unyp.cz\/wp-content\/uploads\/2026\/03\/stepanka-spackova.jpg 1000w, https:\/\/mlgfjgj9j0su.i.optimole.com\/w:300\/h:300\/q:mauto\/f:best\/https:\/\/www.unyp.cz\/wp-content\/uploads\/2026\/03\/stepanka-spackova.jpg 300w, https:\/\/mlgfjgj9j0su.i.optimole.com\/w:150\/h:150\/q:mauto\/f:best\/https:\/\/www.unyp.cz\/wp-content\/uploads\/2026\/03\/stepanka-spackova.jpg 150w, https:\/\/mlgfjgj9j0su.i.optimole.com\/w:768\/h:768\/q:mauto\/f:best\/https:\/\/www.unyp.cz\/wp-content\/uploads\/2026\/03\/stepanka-spackova.jpg 768w, https:\/\/mlgfjgj9j0su.i.optimole.com\/w:1080\/h:1080\/q:mauto\/f:best\/https:\/\/www.unyp.cz\/wp-content\/uploads\/2026\/03\/stepanka-spackova.jpg 1080w\" sizes=\"(max-width: 1000px) 100vw, 1000px\" \/><\/figure><div class=\"wp-block-media-text__content\">\n<p><strong>\u0160t\u011bp\u00e1nka \u0160pa\u010dkov\u00e1<br><\/strong>Coordinator<br><a href=\"mailto:sspackova@unyp.cz\">sspackova@unyp.cz<\/a><\/p>\n<\/div><\/div>\n\n\n\n<div class=\"wp-block-media-text is-stacked-on-mobile is-vertically-aligned-top\" style=\"grid-template-columns:19% auto\"><figure class=\"wp-block-media-text__media\"><img data-opt-id=1252488798  fetchpriority=\"high\" decoding=\"async\" width=\"1000\" height=\"1000\" src=\"https:\/\/www.unyp.cz\/wp-content\/uploads\/2026\/03\/coline-grand.png\" alt=\"\" class=\"wp-image-77625 size-full\" srcset=\"https:\/\/www.unyp.cz\/wp-content\/uploads\/2026\/03\/coline-grand.png 1000w, https:\/\/www.unyp.cz\/wp-content\/uploads\/2026\/03\/coline-grand.png 300w, https:\/\/www.unyp.cz\/wp-content\/uploads\/2026\/03\/coline-grand.png 150w, https:\/\/www.unyp.cz\/wp-content\/uploads\/2026\/03\/coline-grand.png 768w, https:\/\/www.unyp.cz\/wp-content\/uploads\/2026\/03\/coline-grand.png 1080w\" sizes=\"(max-width: 1000px) 100vw, 1000px\" \/><\/figure><div class=\"wp-block-media-text__content\">\n<p><strong>Coline Grand<br><\/strong>Coordinator<br><a href=\"mailto:cgrand@unyp.cz\">cgrand@unyp.cz<\/a><\/p>\n<\/div><\/div>\n\n\n\n<p><\/p>\n","protected":false},"excerpt":{"rendered":"<p>Center for Global Engagement (CGE) koordinuje studium v zahrani\u010d\u00ed a v\u00fdm\u011bnn\u00e9 programy na University of New York in Prague. Prost\u0159ednictv\u00edm programu Erasmus+ a partnersk\u00fdch univerzit umo\u017e\u0148uje student\u016fm UNYP z\u00edskat mezin\u00e1rodn\u00ed akademickou zku\u0161enost a studovat v zahrani\u010d\u00ed b\u011bhem sv\u00e9ho studia. Tato str\u00e1nka poskytuje p\u0159ehled mo\u017enost\u00ed studia v zahrani\u010d\u00ed, v\u00fdm\u011bnn\u00fdch program\u016f a slu\u017eeb, kter\u00e9 CGE student\u016fm nab\u00edz\u00ed. [&hellip;]<\/p>\n","protected":false},"author":1,"featured_media":0,"parent":0,"menu_order":0,"comment_status":"closed","ping_status":"closed","template":"","meta":{"_acf_changed":false,"inline_featured_image":false,"advgb_blocks_editor_width":"","advgb_blocks_columns_visual_guide":"","footnotes":""},"categories":[],"tags":[],"class_list":["post-19855","page","type-page","status-publish","hentry"],"acf":[],"mb":[],"coauthors":[],"author_meta":{"author_link":"https:\/\/www.unyp.cz\/cs\/author\/kucera-centario\/","display_name":"kucera.centario"},"relative_dates":{"created":"Posted 7 months ago","modified":"Updated 3 weeks ago"},"absolute_dates":{"created":"Posted on September 10, 2025","modified":"Updated on March 17, 2026"},"absolute_dates_time":{"created":"Posted on September 10, 2025 10:42 AM","modified":"Updated on March 17, 2026 5:24 PM"},"featured_img_caption":"","featured_img":false,"series_order":"","mfb_rest_fields":["title","coauthors","author_meta","relative_dates","absolute_dates","absolute_dates_time","featured_img_caption","featured_img","series_order"],"_links":{"self":[{"href":"https:\/\/www.unyp.cz\/cs\/wp-json\/wp\/v2\/pages\/19855","targetHints":{"allow":["GET"]}}],"collection":[{"href":"https:\/\/www.unyp.cz\/cs\/wp-json\/wp\/v2\/pages"}],"about":[{"href":"https:\/\/www.unyp.cz\/cs\/wp-json\/wp\/v2\/types\/page"}],"author":[{"embeddable":true,"href":"https:\/\/www.unyp.cz\/cs\/wp-json\/wp\/v2\/users\/1"}],"replies":[{"embeddable":true,"href":"https:\/\/www.unyp.cz\/cs\/wp-json\/wp\/v2\/comments?post=19855"}],"version-history":[{"count":35,"href":"https:\/\/www.unyp.cz\/cs\/wp-json\/wp\/v2\/pages\/19855\/revisions"}],"predecessor-version":[{"id":77635,"href":"https:\/\/www.unyp.cz\/cs\/wp-json\/wp\/v2\/pages\/19855\/revisions\/77635"}],"wp:attachment":[{"href":"https:\/\/www.unyp.cz\/cs\/wp-json\/wp\/v2\/media?parent=19855"}],"wp:term":[{"taxonomy":"category","embeddable":true,"href":"https:\/\/www.unyp.cz\/cs\/wp-json\/wp\/v2\/categories?post=19855"},{"taxonomy":"post_tag","embeddable":true,"href":"https:\/\/www.unyp.cz\/cs\/wp-json\/wp\/v2\/tags?post=19855"}],"curies":[{"name":"wp","href":"https:\/\/api.w.org\/{rel}","templated":true}]}}