{"id":19859,"date":"2022-07-11T11:14:10","date_gmt":"2022-07-11T10:14:10","guid":{"rendered":"https:\/\/www.unyp.cz\/for-alumni\/"},"modified":"2025-08-01T14:58:16","modified_gmt":"2025-08-01T13:58:16","slug":"pro-absolventy","status":"publish","type":"page","link":"https:\/\/www.unyp.cz\/cs\/pro-absolventy\/","title":{"rendered":"Pro absolventy"},"content":{"rendered":"\n<figure class=\"wp-block-image size-large\"><img data-opt-id=515072482  fetchpriority=\"high\" decoding=\"async\" width=\"1333\" height=\"1000\" src=\"https:\/\/mlgfjgj9j0su.i.optimole.com\/w:1333\/h:1000\/q:mauto\/f:best\/https:\/\/www.unyp.cz\/wp-content\/uploads\/2025\/03\/MBA-classes-1.jpeg\" alt=\"\" class=\"wp-image-59586\" srcset=\"https:\/\/mlgfjgj9j0su.i.optimole.com\/w:1333\/h:1000\/q:mauto\/f:best\/https:\/\/www.unyp.cz\/wp-content\/uploads\/2025\/03\/MBA-classes-1.jpeg 1333w, https:\/\/mlgfjgj9j0su.i.optimole.com\/w:300\/h:225\/q:mauto\/f:best\/https:\/\/www.unyp.cz\/wp-content\/uploads\/2025\/03\/MBA-classes-1.jpeg 300w, https:\/\/mlgfjgj9j0su.i.optimole.com\/w:150\/h:113\/q:mauto\/f:best\/https:\/\/www.unyp.cz\/wp-content\/uploads\/2025\/03\/MBA-classes-1.jpeg 150w, https:\/\/mlgfjgj9j0su.i.optimole.com\/w:768\/h:576\/q:mauto\/f:best\/https:\/\/www.unyp.cz\/wp-content\/uploads\/2025\/03\/MBA-classes-1.jpeg 768w, https:\/\/mlgfjgj9j0su.i.optimole.com\/w:1536\/h:1152\/q:mauto\/f:best\/https:\/\/www.unyp.cz\/wp-content\/uploads\/2025\/03\/MBA-classes-1.jpeg 1536w, https:\/\/mlgfjgj9j0su.i.optimole.com\/w:1920\/h:1440\/q:mauto\/f:best\/https:\/\/www.unyp.cz\/wp-content\/uploads\/2025\/03\/MBA-classes-1.jpeg 2048w\" sizes=\"(max-width: 1000px) 100vw, 1000px\" \/><\/figure>\n\n\n\n<h2 class=\"wp-block-heading\">Poradenstv\u00ed a kou\u010dov\u00e1n\u00ed<\/h2>\n\n\n\n<p>Pokud hled\u00e1te nov\u00e9 zam\u011bstn\u00e1n\u00ed, rozhodli jste se zm\u011bnit obor sv\u00e9ho povol\u00e1n\u00ed, nebo se chcete jen poradit, m\u016f\u017eete n\u00e1s kontaktovat a domluvit si sch\u016fzku (osobn\u00ed, telefonickou).<\/p>\n\n\n\n<p>Pokud chcete zve\u0159ejnit inzer\u00e1t ohledn\u011b st\u00e1\u017e\u00ed, projekt\u016f nebo pracovn\u00edch nab\u00eddek ve Va\u0161\u00ed spole\u010dmosti, za\u0161lete n\u00e1m pros\u00edm e-mail na&nbsp;careeroffice@unyp.cz. Velmi n\u00e1s t\u011b\u0161\u00ed, kdy\u017e se na n\u00e1s obr\u00e1t\u00ed s&nbsp; podobn\u00fdmi nab\u00eddkami i na\u0161i absolventi.&nbsp;<\/p>\n\n\n\n<h2 class=\"wp-block-heading\">Pracovn\u00ed nab\u00eddky<\/h2>\n\n\n\n<p>Pokud se chyst\u00e1te zm\u011bnit profesi, doporu\u010dujeme sledovat\u00a0<strong>platformu elearning<\/strong>\u00a0na webu UNYP, kde najdete\u00a0<strong>aktu\u00e1ln\u00ed nab\u00eddky pr\u00e1ce<\/strong>.<\/p>\n\n\n\n<p>Pakli\u017ee do e-learningu z technick\u00fdch d\u016fvod\u016f ji\u017e nebudete m\u00edt p\u0159\u00edstup, nev\u00e1hejte n\u00e1s kontaktovat na adrese <a href=\"https:\/\/elearning.unyp.cz\/course\/view.php?id=363\">alumni@unyp.cz<\/a> .<\/p>\n\n\n\n<h2 class=\"wp-block-heading\">Obchodn\u00ed partne\u0159i a kontakty<\/h2>\n\n\n\n<p>Instituce a organizace z r\u016fzn\u00fdch obor\u016f a odv\u011btv\u00ed, a\u0165 u\u017e v \u010cesk\u00e9 republice nebo v zahrani\u010d\u00ed, si UNYP obl\u00edbily a s&nbsp;univerzitou udr\u017euj\u00ed \u00fazk\u00e9 vztahy. Za\u0159adily se tak na seznam aktivn\u00edch partner\u016f UNYP.<\/p>\n","protected":false},"excerpt":{"rendered":"<p>Poradenstv\u00ed a kou\u010dov\u00e1n\u00ed Pokud hled\u00e1te nov\u00e9 zam\u011bstn\u00e1n\u00ed, rozhodli jste se zm\u011bnit obor sv\u00e9ho povol\u00e1n\u00ed, nebo se chcete jen poradit, m\u016f\u017eete n\u00e1s kontaktovat a domluvit si sch\u016fzku (osobn\u00ed, telefonickou). Pokud chcete zve\u0159ejnit inzer\u00e1t ohledn\u011b st\u00e1\u017e\u00ed, projekt\u016f nebo pracovn\u00edch nab\u00eddek ve Va\u0161\u00ed spole\u010dmosti, za\u0161lete n\u00e1m pros\u00edm e-mail na&nbsp;careeroffice@unyp.cz. Velmi n\u00e1s t\u011b\u0161\u00ed, kdy\u017e se na n\u00e1s obr\u00e1t\u00ed s&nbsp; [&hellip;]<\/p>\n","protected":false},"author":1,"featured_media":0,"parent":0,"menu_order":0,"comment_status":"closed","ping_status":"closed","template":"","meta":{"_acf_changed":false,"inline_featured_image":false,"advgb_blocks_editor_width":"","advgb_blocks_columns_visual_guide":"","footnotes":""},"categories":[],"tags":[90,125,143],"class_list":["post-19859","page","type-page","status-publish","hentry","tag-kariera","tag-studentsky-zivot","tag-study-cs"],"acf":[],"mb":[],"coauthors":[],"author_meta":{"author_link":"https:\/\/www.unyp.cz\/cs\/author\/kucera-centario\/","display_name":"kucera.centario"},"relative_dates":{"created":"Posted 4 years ago","modified":"Updated 9 months ago"},"absolute_dates":{"created":"Posted on July 11, 2022","modified":"Updated on August 1, 2025"},"absolute_dates_time":{"created":"Posted on July 11, 2022 11:14 AM","modified":"Updated on August 1, 2025 2:58 PM"},"featured_img_caption":"","featured_img":false,"series_order":"","mfb_rest_fields":["title","coauthors","author_meta","relative_dates","absolute_dates","absolute_dates_time","featured_img_caption","featured_img","series_order"],"_links":{"self":[{"href":"https:\/\/www.unyp.cz\/cs\/wp-json\/wp\/v2\/pages\/19859","targetHints":{"allow":["GET"]}}],"collection":[{"href":"https:\/\/www.unyp.cz\/cs\/wp-json\/wp\/v2\/pages"}],"about":[{"href":"https:\/\/www.unyp.cz\/cs\/wp-json\/wp\/v2\/types\/page"}],"author":[{"embeddable":true,"href":"https:\/\/www.unyp.cz\/cs\/wp-json\/wp\/v2\/users\/1"}],"replies":[{"embeddable":true,"href":"https:\/\/www.unyp.cz\/cs\/wp-json\/wp\/v2\/comments?post=19859"}],"version-history":[{"count":5,"href":"https:\/\/www.unyp.cz\/cs\/wp-json\/wp\/v2\/pages\/19859\/revisions"}],"predecessor-version":[{"id":66971,"href":"https:\/\/www.unyp.cz\/cs\/wp-json\/wp\/v2\/pages\/19859\/revisions\/66971"}],"wp:attachment":[{"href":"https:\/\/www.unyp.cz\/cs\/wp-json\/wp\/v2\/media?parent=19859"}],"wp:term":[{"taxonomy":"category","embeddable":true,"href":"https:\/\/www.unyp.cz\/cs\/wp-json\/wp\/v2\/categories?post=19859"},{"taxonomy":"post_tag","embeddable":true,"href":"https:\/\/www.unyp.cz\/cs\/wp-json\/wp\/v2\/tags?post=19859"}],"curies":[{"name":"wp","href":"https:\/\/api.w.org\/{rel}","templated":true}]}}