{"id":19861,"date":"2022-09-28T12:16:51","date_gmt":"2022-09-28T11:16:51","guid":{"rendered":"https:\/\/www.unyp.cz\/?page_id=19861"},"modified":"2025-06-05T13:41:12","modified_gmt":"2025-06-05T12:41:12","slug":"studijni-poradci","status":"publish","type":"page","link":"https:\/\/www.unyp.cz\/cs\/studijni-poradci\/","title":{"rendered":"Studijn\u00ed poradci"},"content":{"rendered":"\n<figure class=\"wp-block-image size-large\"><img data-opt-id=1270628957  fetchpriority=\"high\" decoding=\"async\" width=\"1400\" height=\"933\" src=\"https:\/\/mlgfjgj9j0su.i.optimole.com\/w:1400\/h:933\/q:mauto\/f:best\/https:\/\/www.unyp.cz\/wp-content\/uploads\/2025\/03\/unyp-profil-czechcrunch_by-veronika-rollerova-11.jpg\" alt=\"\" class=\"wp-image-60096\" srcset=\"https:\/\/mlgfjgj9j0su.i.optimole.com\/w:1400\/h:933\/q:mauto\/f:best\/https:\/\/www.unyp.cz\/wp-content\/uploads\/2025\/03\/unyp-profil-czechcrunch_by-veronika-rollerova-11-scaled.jpg 1400w, https:\/\/mlgfjgj9j0su.i.optimole.com\/w:300\/h:200\/q:mauto\/f:best\/https:\/\/www.unyp.cz\/wp-content\/uploads\/2025\/03\/unyp-profil-czechcrunch_by-veronika-rollerova-11-scaled.jpg 300w, https:\/\/mlgfjgj9j0su.i.optimole.com\/w:150\/h:100\/q:mauto\/f:best\/https:\/\/www.unyp.cz\/wp-content\/uploads\/2025\/03\/unyp-profil-czechcrunch_by-veronika-rollerova-11-scaled.jpg 150w, https:\/\/mlgfjgj9j0su.i.optimole.com\/w:768\/h:512\/q:mauto\/f:best\/https:\/\/www.unyp.cz\/wp-content\/uploads\/2025\/03\/unyp-profil-czechcrunch_by-veronika-rollerova-11-scaled.jpg 768w, https:\/\/mlgfjgj9j0su.i.optimole.com\/w:1536\/h:1024\/q:mauto\/f:best\/https:\/\/www.unyp.cz\/wp-content\/uploads\/2025\/03\/unyp-profil-czechcrunch_by-veronika-rollerova-11-scaled.jpg 1536w, https:\/\/mlgfjgj9j0su.i.optimole.com\/w:1920\/h:1279\/q:mauto\/f:best\/https:\/\/www.unyp.cz\/wp-content\/uploads\/2025\/03\/unyp-profil-czechcrunch_by-veronika-rollerova-11-scaled.jpg 2048w\" sizes=\"(max-width: 1000px) 100vw, 1000px\" \/><\/figure>\n\n\n\n<h2 class=\"wp-block-heading\">Z\u00edskejte individu\u00e1ln\u00ed akademickou podporu od prvn\u00edho dne<\/h2>\n\n\n\n<p>Na University of New York in Prague v\u011b\u0159\u00edme, \u017ee individu\u00e1ln\u00ed podpora je kl\u00ed\u010dem k \u00fasp\u011bchu na\u0161ich student\u016f. Proto je ka\u017ed\u00e9mu studentovi od prvn\u00edho dne p\u0159id\u011blen specializovan\u00fd akademick\u00fd poradce &#8211; \u010dlen fakulty, kter\u00fd v\u00e1m poskytne soustavnou individu\u00e1ln\u00ed podporu od prvn\u00edho semestru a\u017e do ukon\u010den\u00ed studia.<\/p>\n\n\n\n<h3 class=\"wp-block-heading\">Pro\u010d je akademick\u00fd poradce d\u016fle\u017eit\u00fd?<\/h3>\n\n\n\n<p>Na\u0161e slu\u017eby akademick\u00e9ho poradenstv\u00ed jsou navr\u017eeny tak, aby v\u00e1m pomohly udr\u017eet si spr\u00e1vn\u00fd sm\u011br, \u010dinit informovan\u00e1 rozhodnut\u00ed a co nejl\u00e9pe si u\u017e\u00edt studium. S pomoc\u00ed poradce se m\u016f\u017eete s jistotou a p\u0159ehledem orientovat ve sv\u00e9m akademick\u00e9m programu.<\/p>\n\n\n\n<h3 class=\"wp-block-heading\">Kl\u00ed\u010dov\u00e9 benefity <\/h3>\n\n\n\n<ul class=\"wp-block-list\">\n<li><strong>Individu\u00e1ln\u00ed studijn\u00ed pl\u00e1ny:<\/strong> Vypracujte a kontrolujte svou studijn\u00ed cestu na z\u00e1klad\u011b sv\u00fdch c\u00edl\u016f a pokroku.<\/li>\n\n\n\n<li><strong>Poradenstv\u00ed p\u0159i v\u00fdb\u011bru p\u0159edm\u011bt\u016f:<\/strong> V\u00fdb\u011br spr\u00e1vn\u00fdch p\u0159edm\u011bt\u016f v ka\u017ed\u00e9m semestru, abyste splnili po\u017eadavky na studium a naplnili sv\u00e9 osobn\u00ed z\u00e1jmy.<\/li>\n\n\n\n<li><strong>Sledov\u00e1n\u00ed pokroku: <\/strong>Z\u016fsta\u0148te informov\u00e1ni o sv\u00e9m studijn\u00edm pokroku a z\u00edskejte v\u010dasnou zp\u011btnou vazbu.<\/li>\n\n\n\n<li><strong>P\u0159\u00edprava na kari\u00e9ru a postgradu\u00e1ln\u00ed studium:<\/strong> Diskutujte o budouc\u00edch pl\u00e1nech, od st\u00e1\u017e\u00ed a\u017e po p\u0159ihl\u00e1\u0161ky na postgradu\u00e1ln\u00ed studium.<\/li>\n\n\n\n<li><strong>Doporu\u010den\u00ed akademick\u00e9 podpory: <\/strong>V p\u0159\u00edpad\u011b pot\u0159eby jsou pro v\u00e1s k dispozici dou\u010dov\u00e1n\u00ed, poradenstv\u00ed a vzd\u011bl\u00e1vac\u00ed zdroje.<\/li>\n\n\n\n<li><strong>Pravideln\u00e1 setk\u00e1n\u00ed:<\/strong> Napl\u00e1nujte si opakovan\u00e9 sch\u016fzky nebo sch\u016fzky na vy\u017e\u00e1d\u00e1n\u00ed se sv\u00fdm poradcem, abyste z\u00edskali st\u00e1lou podporu.<\/li>\n<\/ul>\n\n\n\n<h3 class=\"wp-block-heading\">V\u00e1\u0161 akademick\u00fd \u00fasp\u011bch za\u010d\u00edn\u00e1 rozhovorem<\/h3>\n\n\n\n<p>A\u0165 u\u017e pl\u00e1nujete semestr, \u010del\u00edte aktu\u00e1ln\u00ed v\u00fdzv\u011b nebo si jen pot\u0159ebujete s n\u011bk\u00fdm promluvit o sv\u00fdch c\u00edlech, v\u00e1\u0161 akademick\u00fd poradce je tu, aby v\u00e1m pomohl.<\/p>\n\n\n\n<p>Pot\u0159ebujete v\u00edce informac\u00ed nebo m\u00e1te dotazy ohledn\u011b akademick\u00e9ho poradenstv\u00ed na UNYP?<\/p>\n\n\n\n<p>\ud83d\udce9 Nav\u0161tivte na\u0161i <a href=\"https:\/\/www.unyp.cz\/cs\/kontakt\/\">kontaktn\u00ed str\u00e1nku<\/a> a kontaktujte sv\u00e9ho akademick\u00e9ho poradce nebo koordin\u00e1tora na va\u0161\u00ed \u0161kole prost\u0159ednictv\u00edm e-mailu.<\/p>\n\n\n\n<p>V\u00edce informac\u00ed z\u00edsk\u00e1te od sv\u00e9ho studijn\u00edho poradce nebo koordin\u00e1tora va\u0161\u00ed katedry.<\/p>\n\n\n\n<div style=\"height:18px\" aria-hidden=\"true\" class=\"wp-block-spacer\"><\/div>\n\n\n\n<div class=\"wp-block-group content-block content-block--message is-style-question-box has-unyp-light-blue-background-color has-background is-layout-flow wp-block-group-is-layout-flow\">\n<h3 class=\"wp-block-heading\">M\u00e1te dotaz? Chcete podat p\u0159ihl\u00e1\u0161ku?<\/h3>\n\n\n\n<div class=\"wp-block-buttons is-layout-flex wp-block-buttons-is-layout-flex\">\n<div class=\"wp-block-button\"><a class=\"wp-block-button__link wp-element-button\" href=\"https:\/\/www.unyp.cz\/contact\/\">Kontaktujte n\u00e1s<\/a><\/div>\n\n\n\n<div class=\"wp-block-button is-style-btn-apply-online\"><a class=\"wp-block-button__link wp-element-button\" href=\"https:\/\/application.unyp.cz\/\" target=\"_blank\" rel=\"noreferrer noopener\"><span class=\"icon-student\"><\/span> P\u0159ihlaste se online<\/a><\/div>\n<\/div>\n<\/div>\n","protected":false},"excerpt":{"rendered":"<p>Z\u00edskejte individu\u00e1ln\u00ed akademickou podporu od prvn\u00edho dne Na University of New York in Prague v\u011b\u0159\u00edme, \u017ee individu\u00e1ln\u00ed podpora je kl\u00ed\u010dem k \u00fasp\u011bchu na\u0161ich student\u016f. Proto je ka\u017ed\u00e9mu studentovi od prvn\u00edho dne p\u0159id\u011blen specializovan\u00fd akademick\u00fd poradce &#8211; \u010dlen fakulty, kter\u00fd v\u00e1m poskytne soustavnou individu\u00e1ln\u00ed podporu od prvn\u00edho semestru a\u017e do ukon\u010den\u00ed studia. Pro\u010d je akademick\u00fd poradce [&hellip;]<\/p>\n","protected":false},"author":1,"featured_media":0,"parent":0,"menu_order":0,"comment_status":"closed","ping_status":"closed","template":"","meta":{"_acf_changed":false,"inline_featured_image":false,"advgb_blocks_editor_width":"","advgb_blocks_columns_visual_guide":"","footnotes":""},"categories":[],"tags":[],"class_list":["post-19861","page","type-page","status-publish","hentry"],"acf":[],"mb":[],"coauthors":[],"author_meta":{"author_link":"https:\/\/www.unyp.cz\/cs\/author\/kucera-centario\/","display_name":"kucera.centario"},"relative_dates":{"created":"Posted 4 years ago","modified":"Updated 10 months ago"},"absolute_dates":{"created":"Posted on September 28, 2022","modified":"Updated on June 5, 2025"},"absolute_dates_time":{"created":"Posted on September 28, 2022 12:16 PM","modified":"Updated on June 5, 2025 1:41 PM"},"featured_img_caption":"","featured_img":false,"series_order":"","mfb_rest_fields":["title","coauthors","author_meta","relative_dates","absolute_dates","absolute_dates_time","featured_img_caption","featured_img","series_order"],"_links":{"self":[{"href":"https:\/\/www.unyp.cz\/cs\/wp-json\/wp\/v2\/pages\/19861","targetHints":{"allow":["GET"]}}],"collection":[{"href":"https:\/\/www.unyp.cz\/cs\/wp-json\/wp\/v2\/pages"}],"about":[{"href":"https:\/\/www.unyp.cz\/cs\/wp-json\/wp\/v2\/types\/page"}],"author":[{"embeddable":true,"href":"https:\/\/www.unyp.cz\/cs\/wp-json\/wp\/v2\/users\/1"}],"replies":[{"embeddable":true,"href":"https:\/\/www.unyp.cz\/cs\/wp-json\/wp\/v2\/comments?post=19861"}],"version-history":[{"count":7,"href":"https:\/\/www.unyp.cz\/cs\/wp-json\/wp\/v2\/pages\/19861\/revisions"}],"predecessor-version":[{"id":64472,"href":"https:\/\/www.unyp.cz\/cs\/wp-json\/wp\/v2\/pages\/19861\/revisions\/64472"}],"wp:attachment":[{"href":"https:\/\/www.unyp.cz\/cs\/wp-json\/wp\/v2\/media?parent=19861"}],"wp:term":[{"taxonomy":"category","embeddable":true,"href":"https:\/\/www.unyp.cz\/cs\/wp-json\/wp\/v2\/categories?post=19861"},{"taxonomy":"post_tag","embeddable":true,"href":"https:\/\/www.unyp.cz\/cs\/wp-json\/wp\/v2\/tags?post=19861"}],"curies":[{"name":"wp","href":"https:\/\/api.w.org\/{rel}","templated":true}]}}