{"id":19881,"date":"2022-09-28T11:47:02","date_gmt":"2022-09-28T10:47:02","guid":{"rendered":"https:\/\/www.unyp.cz\/message-from-the-president\/"},"modified":"2025-06-06T15:43:47","modified_gmt":"2025-06-06T14:43:47","slug":"slovo-prezidenta","status":"publish","type":"page","link":"https:\/\/www.unyp.cz\/cs\/slovo-prezidenta\/","title":{"rendered":"Zpr\u00e1va prezidenta"},"content":{"rendered":"\n<figure class=\"wp-block-image size-full\"><img data-opt-id=310297452  fetchpriority=\"high\" decoding=\"async\" width=\"1400\" height=\"788\" src=\"https:\/\/mlgfjgj9j0su.i.optimole.com\/w:auto\/h:auto\/q:mauto\/f:best\/https:\/\/www.unyp.cz\/wp-content\/uploads\/2025\/03\/Website-News-Articles-12-1400x788-1.jpg\" alt=\"\nPrezident University of New York in Prague v\u00edt\u00e1 zahrani\u010dn\u00ed studenty na glob\u00e1ln\u011b propojen\u00e9 akademick\u00e9 cest\u011b v Praze.\" class=\"wp-image-59975\" srcset=\"https:\/\/mlgfjgj9j0su.i.optimole.com\/w:1400\/h:788\/q:mauto\/f:best\/https:\/\/www.unyp.cz\/wp-content\/uploads\/2025\/03\/Website-News-Articles-12-1400x788-1.jpg 1400w, https:\/\/mlgfjgj9j0su.i.optimole.com\/w:300\/h:169\/q:mauto\/f:best\/https:\/\/www.unyp.cz\/wp-content\/uploads\/2025\/03\/Website-News-Articles-12-1400x788-1.jpg 300w, https:\/\/mlgfjgj9j0su.i.optimole.com\/w:150\/h:84\/q:mauto\/f:best\/https:\/\/www.unyp.cz\/wp-content\/uploads\/2025\/03\/Website-News-Articles-12-1400x788-1.jpg 150w, https:\/\/mlgfjgj9j0su.i.optimole.com\/w:768\/h:432\/q:mauto\/f:best\/https:\/\/www.unyp.cz\/wp-content\/uploads\/2025\/03\/Website-News-Articles-12-1400x788-1.jpg 768w\" sizes=\"(max-width: 1000px) 100vw, 1000px\" \/><\/figure>\n\n\n\n<h2 class=\"wp-block-heading\">P\u0159\u00e1n\u00ed prezidenta &#8211; Z\u00e1\u017eitek z glob\u00e1ln\u00edho vzd\u011bl\u00e1v\u00e1n\u00ed v Praze<\/h2>\n\n\n\n<hr class=\"wp-block-separator has-alpha-channel-opacity\"\/>\n\n\n\n<h3 class=\"wp-block-heading\">Draz\u00ed studenti,<\/h3>\n\n\n\n<p>Pro\u017e\u00edv\u00e1me obdob\u00ed mimo\u0159\u00e1dn\u00e9 glob\u00e1ln\u00ed transformace, kter\u00e1 je poh\u00e1n\u011bna rychl\u00fdm technologick\u00fdm pokrokem a roz\u0161i\u0159uj\u00edc\u00edm se mezin\u00e1rodn\u00edm propojen\u00edm.<\/p>\n\n\n\n<p>Dne\u0161n\u00ed digit\u00e1ln\u00ed v\u011bk zp\u016fsobil revoluci ve zp\u016fsobu komunikace, spolupr\u00e1ce a p\u0159\u00edstupu k informac\u00edm. S t\u00edm, jak se st\u00edraj\u00ed hranice, prol\u00ednaj\u00ed kultury a roz\u0161i\u0159uj\u00ed trhy, se sv\u011bt m\u011bn\u00ed v \u00fazce propojenou glob\u00e1ln\u00ed vesnici, kde my\u0161lenky, inovace a p\u0159\u00edle\u017eitosti proud\u00ed nap\u0159\u00ed\u010d kontinenty.<\/p>\n\n\n\n<p>Z\u00e1rove\u0148 se st\u00edraj\u00ed tradi\u010dn\u00ed hranice mezi technologiemi, vzd\u011bl\u00e1v\u00e1n\u00edm, obchodem a kulturou. A\u0165 u\u017e poch\u00e1z\u00edme z r\u016fzn\u00fdch prost\u0159ed\u00ed, mluv\u00edme r\u016fzn\u00fdmi jazyky nebo vyzn\u00e1v\u00e1me r\u016fzn\u00e9 tradice, v\u0161ichni jsme sou\u010d\u00e1st\u00ed jedn\u00e9 propojen\u00e9 glob\u00e1ln\u00ed spole\u010dnosti.<\/p>\n\n\n\n<p>V tomto nov\u00e9m prost\u0159ed\u00ed je proz\u00edrav\u00e9 vzd\u011bl\u00e1n\u00ed d\u016fle\u017eit\u011bj\u0161\u00ed ne\u017e kdy jindy.<\/p>\n\n\n\n<h3 class=\"wp-block-heading\">Pro\u010d si vybrat mezin\u00e1rodn\u00ed vysokou \u0161kolu v Praze?<\/h3>\n\n\n\n<p>Aby se student\u016fm da\u0159ilo v dne\u0161n\u00edm globalizovan\u00e9m prost\u0159ed\u00ed, mus\u00ed b\u00fdt vybaveni v\u00edce ne\u017e jen znalostmi &#8211; pot\u0159ebuj\u00ed multikulturn\u00ed vzd\u011bl\u00e1n\u00ed, kter\u00e9 podporuje p\u0159izp\u016fsobivost, inovace a kritick\u00e9 my\u0161len\u00ed. Celosv\u011btov\u011b uzn\u00e1van\u00fd titul z renomovan\u00e9 univerzity m\u016f\u017ee m\u00edt na konkuren\u010dn\u00edm trhu pr\u00e1ce velk\u00fd v\u00fdznam.<\/p>\n\n\n\n<p>Na University of New York in Prague (UNYP) jsme hrd\u00ed na to, \u017ee m\u016f\u017eeme spolupracovat se \u0161pi\u010dkov\u00fdmi mezin\u00e1rodn\u00edmi institucemi a poskytovat vzd\u011bl\u00e1n\u00ed, kter\u00e9 je glob\u00e1ln\u011b relevantn\u00ed a z\u00e1rove\u0148 m\u00edstn\u011b zakotven\u00e9. V\u00fdb\u011brem UNYP vyu\u017e\u00edv\u00e1te p\u0159\u00edle\u017eitosti studovat v srdci Evropy a z\u00e1rove\u0148 z\u00edskat titul, kter\u00fd v\u00e1m otev\u0159e dve\u0159e po cel\u00e9m sv\u011bt\u011b.<\/p>\n\n\n\n<h3 class=\"wp-block-heading\">Roz\u0161i\u0159ov\u00e1n\u00ed glob\u00e1ln\u00edch obzor\u016f na UNYP<\/h3>\n\n\n\n<p>Na\u0161e posl\u00e1n\u00ed je prost\u00e9, ale siln\u00e9: p\u0159ipravit studenty na osobn\u00ed a profesn\u00ed \u00fasp\u011bch v rychle se vyv\u00edjej\u00edc\u00edm sv\u011bt\u011b. UNYP nab\u00edz\u00ed \u0161irokou \u0161k\u00e1lu akreditovan\u00fdch bakal\u00e1\u0159sk\u00fdch a magistersk\u00fdch program\u016f vyu\u010dovan\u00fdch v angli\u010dtin\u011b v\u00fdznamn\u00fdmi mezin\u00e1rodn\u00edmi pedagogy.<\/p>\n\n\n\n<p>Zavazujeme se:<\/p>\n\n\n\n<ul class=\"wp-block-list\">\n<li>Poskytov\u00e1n\u00ed vysoce kvalitn\u00edho interaktivn\u00edho vzd\u011bl\u00e1v\u00e1n\u00ed zam\u011b\u0159en\u00e9ho na zapojen\u00ed student\u016f.<\/li>\n\n\n\n<li>Podpora kulturn\u00ed rozmanitosti a glob\u00e1ln\u00edho pov\u011bdom\u00ed.<\/li>\n\n\n\n<li>Podpora vynikaj\u00edc\u00edho akademick\u00e9ho vzd\u011bl\u00e1n\u00ed prost\u0159ednictv\u00edm individu\u00e1ln\u00edho poradenstv\u00ed a mal\u00fdch t\u0159\u00edd.<\/li>\n\n\n\n<li>Pom\u00e1hat ka\u017ed\u00e9mu studentovi odhalit jeho potenci\u00e1l ve v\u00fdchovn\u00e9m a intelektu\u00e1ln\u011b podn\u011btn\u00e9m prost\u0159ed\u00ed.<\/li>\n<\/ul>\n\n\n\n<p>Na UNYP v\u011b\u0159\u00edme, \u017ee vzd\u011bl\u00e1v\u00e1n\u00ed by m\u011blo inspirovat k p\u0159em\u011bn\u011b, podn\u011bcovat zv\u011bdavost a umo\u017e\u0148ovat jednotlivc\u016fm, aby smyslupln\u011b p\u0159isp\u00edvali ke sv\u00e9 komunit\u011b a kari\u00e9\u0159e.<\/p>\n\n\n\n<h3 class=\"wp-block-heading\">V\u0159el\u00e9 p\u0159iv\u00edt\u00e1n\u00ed na UNYP<\/h3>\n\n\n\n<p>Je mi pot\u011b\u0161en\u00edm p\u0159iv\u00edtat v\u00e1s na University of New York in Prague. A\u0165 u\u017e se vyd\u00e1v\u00e1te na akademickou dr\u00e1hu, p\u0159estupujete z jin\u00e9 instituce nebo pokra\u010dujete v postgradu\u00e1ln\u00edm studiu, jste nyn\u00ed sou\u010d\u00e1st\u00ed \u017eiv\u00e9 mezin\u00e1rodn\u00ed komunity, kter\u00e1 se v\u011bnuje r\u016fstu, u\u010den\u00ed a pozitivn\u00edmu glob\u00e1ln\u00edmu dopadu.<\/p>\n\n\n\n<p>T\u011b\u0161\u00edme se, \u017ee v\u00e1s budeme podporovat na ka\u017ed\u00e9m kroku.<\/p>\n\n\n\n<div style=\"height:15px\" aria-hidden=\"true\" class=\"wp-block-spacer\"><\/div>\n\n\n\n<h4 class=\"wp-block-heading\"><strong>Ilias Foutsis, Hon Ph.D<\/strong>.<\/h4>\n\n\n\n<p>Prezident<br>University of New York in Prague &amp;\u00a0New York College Educational<\/p>\n","protected":false},"excerpt":{"rendered":"<p>P\u0159\u00e1n\u00ed prezidenta &#8211; Z\u00e1\u017eitek z glob\u00e1ln\u00edho vzd\u011bl\u00e1v\u00e1n\u00ed v Praze Draz\u00ed studenti, Pro\u017e\u00edv\u00e1me obdob\u00ed mimo\u0159\u00e1dn\u00e9 glob\u00e1ln\u00ed transformace, kter\u00e1 je poh\u00e1n\u011bna rychl\u00fdm technologick\u00fdm pokrokem a roz\u0161i\u0159uj\u00edc\u00edm se mezin\u00e1rodn\u00edm propojen\u00edm. Dne\u0161n\u00ed digit\u00e1ln\u00ed v\u011bk zp\u016fsobil revoluci ve zp\u016fsobu komunikace, spolupr\u00e1ce a p\u0159\u00edstupu k informac\u00edm. S t\u00edm, jak se st\u00edraj\u00ed hranice, prol\u00ednaj\u00ed kultury a roz\u0161i\u0159uj\u00ed trhy, se sv\u011bt m\u011bn\u00ed v [&hellip;]<\/p>\n","protected":false},"author":1,"featured_media":0,"parent":0,"menu_order":0,"comment_status":"closed","ping_status":"closed","template":"","meta":{"_acf_changed":false,"inline_featured_image":false,"advgb_blocks_editor_width":"","advgb_blocks_columns_visual_guide":"","footnotes":""},"categories":[],"tags":[],"class_list":["post-19881","page","type-page","status-publish","hentry"],"acf":[],"mb":[],"coauthors":[],"author_meta":{"author_link":"https:\/\/www.unyp.cz\/cs\/author\/kucera-centario\/","display_name":"kucera.centario"},"relative_dates":{"created":"Posted 4 years ago","modified":"Updated 10 months ago"},"absolute_dates":{"created":"Posted on September 28, 2022","modified":"Updated on June 6, 2025"},"absolute_dates_time":{"created":"Posted on September 28, 2022 11:47 AM","modified":"Updated on June 6, 2025 3:43 PM"},"featured_img_caption":"","featured_img":false,"series_order":"","mfb_rest_fields":["title","coauthors","author_meta","relative_dates","absolute_dates","absolute_dates_time","featured_img_caption","featured_img","series_order"],"_links":{"self":[{"href":"https:\/\/www.unyp.cz\/cs\/wp-json\/wp\/v2\/pages\/19881","targetHints":{"allow":["GET"]}}],"collection":[{"href":"https:\/\/www.unyp.cz\/cs\/wp-json\/wp\/v2\/pages"}],"about":[{"href":"https:\/\/www.unyp.cz\/cs\/wp-json\/wp\/v2\/types\/page"}],"author":[{"embeddable":true,"href":"https:\/\/www.unyp.cz\/cs\/wp-json\/wp\/v2\/users\/1"}],"replies":[{"embeddable":true,"href":"https:\/\/www.unyp.cz\/cs\/wp-json\/wp\/v2\/comments?post=19881"}],"version-history":[{"count":5,"href":"https:\/\/www.unyp.cz\/cs\/wp-json\/wp\/v2\/pages\/19881\/revisions"}],"predecessor-version":[{"id":64595,"href":"https:\/\/www.unyp.cz\/cs\/wp-json\/wp\/v2\/pages\/19881\/revisions\/64595"}],"wp:attachment":[{"href":"https:\/\/www.unyp.cz\/cs\/wp-json\/wp\/v2\/media?parent=19881"}],"wp:term":[{"taxonomy":"category","embeddable":true,"href":"https:\/\/www.unyp.cz\/cs\/wp-json\/wp\/v2\/categories?post=19881"},{"taxonomy":"post_tag","embeddable":true,"href":"https:\/\/www.unyp.cz\/cs\/wp-json\/wp\/v2\/tags?post=19881"}],"curies":[{"name":"wp","href":"https:\/\/api.w.org\/{rel}","templated":true}]}}