{"id":19888,"date":"2022-09-28T11:47:37","date_gmt":"2022-09-28T10:47:37","guid":{"rendered":"https:\/\/www.unyp.cz\/history-tradition\/"},"modified":"2026-01-23T13:01:47","modified_gmt":"2026-01-23T12:01:47","slug":"historie-tradice-unyp","status":"publish","type":"page","link":"https:\/\/www.unyp.cz\/cs\/historie-tradice-unyp\/","title":{"rendered":"N\u00e1\u0161 p\u0159\u00edb\u011bh: Odkaz, vize a&nbsp;hodnoty na&nbsp;UNYP"},"content":{"rendered":"\n<figure class=\"wp-block-embed is-type-video is-provider-youtube wp-block-embed-youtube wp-embed-aspect-16-9 wp-has-aspect-ratio\"><div class=\"wp-block-embed__wrapper\">\n<iframe title=\"Graduation Ceremony 2024 (Short Version)\" width=\"500\" height=\"281\" src=\"https:\/\/www.youtube.com\/embed\/zj9gX8LayVs?feature=oembed\" frameborder=\"0\" allow=\"accelerometer; autoplay; clipboard-write; encrypted-media; gyroscope; picture-in-picture; web-share\" referrerpolicy=\"strict-origin-when-cross-origin\" allowfullscreen><\/iframe>\n<\/div><\/figure>\n\n\n\n<div style=\"height:20px\" aria-hidden=\"true\" class=\"wp-block-spacer\"><\/div>\n\n\n\n<h2 class=\"wp-block-heading\" id=\"h-americka-vysoka-skola-v-evrope-nabizejici-cenove-dostupne-mezinarodne-akreditovane-tituly\">Americk\u00e1 vysok\u00e1 \u0161kola v Evrop\u011b nab\u00edzej\u00edc\u00ed cenov\u011b dostupn\u00e9, mezin\u00e1rodn\u011b akreditovan\u00e9 tituly<\/h2>\n\n\n\n<p>Ji\u017e t\u00e9m\u011b\u0159 30 let poskytuje\u00a0<strong>University of New York in Prague (UNYP)<\/strong>\u00a0student\u016fm p\u0159\u00edstup k <strong>americk\u00e9mu a evropsk\u00e9mu univerzitn\u00edmu vzd\u011bl\u00e1n\u00ed<\/strong>\u00a0sv\u011btov\u00e9 \u00farovn\u011b v \u010cesk\u00e9 republice prost\u0159ednictv\u00edm partnerstv\u00ed se SUNY, Empire State University.<\/p>\n\n\n\n<p>UNYP se nach\u00e1z\u00ed v centru Prahy a poskytuje mezin\u00e1rodn\u011b uzn\u00e1van\u00e9 akademick\u00e9 zku\u0161enosti zalo\u017een\u00e9 na inovac\u00edch, rozmanitosti a excelenci.<\/p>\n\n\n\n<p>Jako p\u0159edn\u00ed&nbsp;<strong>anglicky mluv\u00edc\u00ed vysok\u00e1 \u0161kola ve st\u0159edn\u00ed Evrop\u011b<\/strong>&nbsp;spojuje UNYP akademick\u00e9 tradice s v\u00fdukov\u00fdm prost\u0159ed\u00edm zam\u011b\u0159en\u00fdm na budoucnost a umo\u017e\u0148uje student\u016fm usp\u011bt v globalizovan\u00e9m sv\u011bt\u011b.<\/p>\n\n\n\n<hr class=\"wp-block-separator has-alpha-channel-opacity\"\/>\n\n\n\n<h2 class=\"wp-block-heading\" id=\"h-nase-koreny-historie-a-akademicka-tradice\">Na\u0161e ko\u0159eny: historie a akademick\u00e1 tradice<\/h2>\n\n\n\n<p>UNYP byla zalo\u017eena v roce 1998 jako akademick\u00fd partner&nbsp;<strong>State University of New York, Empire State College<\/strong>. Od po\u010d\u00e1tku bylo na\u0161\u00edm c\u00edlem nab\u00edzet mezin\u00e1rodn\u00ed vysoko\u0161kolsk\u00e9 programy v Praze postaven\u00e9 na akademick\u00e9 excelenci a glob\u00e1ln\u00ed dostupnosti.<\/p>\n\n\n\n<p>V pr\u016fb\u011bhu let se UNYP stala&nbsp;<strong>nejv\u011bt\u0161\u00ed a nejuzn\u00e1van\u011bj\u0161\u00ed anglickojazy\u010dnou vysoko\u0161kolskou instituc\u00ed<\/strong>&nbsp;<strong>v \u010cesk\u00e9 republice<\/strong>, kter\u00e1 p\u0159itahuje studenty z v\u00edce ne\u017e 80 zem\u00ed. Na\u0161i absolventi vedou kari\u00e9ry po cel\u00e9m sv\u011bt\u011b, rozv\u00edjej\u00ed se v oblasti obchodu, komunikace, psychologie, pr\u00e1va, technologi\u00ed a dal\u0161\u00edch obor\u016f.<\/p>\n\n\n\n<hr class=\"wp-block-separator has-alpha-channel-opacity\"\/>\n\n\n\n<h2 class=\"wp-block-heading\" id=\"h-nase-poslani-poskytovat-globalni-vyuku-v-anglictine-zamerenou-na-studenty\">Na\u0161e posl\u00e1n\u00ed: Poskytovat glob\u00e1ln\u00ed v\u00fduku v angli\u010dtin\u011b zam\u011b\u0159enou na studenty<\/h2>\n\n\n\n<p>Zavazujeme se k:<\/p>\n\n\n\n<ul class=\"wp-block-list\">\n<li>Poskytov\u00e1n\u00ed cenov\u011b dostupn\u00e9ho a kvalitn\u00edho americk\u00e9ho vzd\u011bl\u00e1v\u00e1n\u00ed v Evrop\u011b.<\/li>\n\n\n\n<li>Vytv\u00e1\u0159en\u00ed podp\u016frn\u00e9ho mezin\u00e1rodn\u00edho akademick\u00e9ho prost\u0159ed\u00ed, kter\u00e9 podporuje osobn\u00ed r\u016fst.<\/li>\n\n\n\n<li>Budov\u00e1n\u00ed kritick\u00e9ho my\u0161len\u00ed a praktick\u00fdch dovednost\u00ed, kter\u00e9 studenti pot\u0159ebuj\u00ed k tomu, aby se jim da\u0159ilo i po ukon\u010den\u00ed studia.<\/li>\n\n\n\n<li>Podpora modelu vzd\u011bl\u00e1v\u00e1n\u00ed, kter\u00fd je zalo\u017een na v\u00fdsledc\u00edch a podporuje v\u016fd\u010d\u00ed schopnosti, kreativitu a celo\u017eivotn\u00ed u\u010den\u00ed.<\/li>\n<\/ul>\n\n\n\n<p>C\u00edlem UNYP je vychov\u00e1vat v\u0161estrann\u011b vzd\u011blan\u00e9 jedince, kte\u0159\u00ed jsou p\u0159ipraveni smyslupln\u011b p\u0159isp\u00edvat ke komplexn\u00edmu a propojen\u00e9mu sv\u011btu.<\/p>\n\n\n\n<hr class=\"wp-block-separator has-alpha-channel-opacity\"\/>\n\n\n\n<h2 class=\"wp-block-heading\" id=\"h-nase-hodnoty-zaklady-pro-mezinarodni-akademickou-excelenci\">Na\u0161e hodnoty: Z\u00e1klady pro mezin\u00e1rodn\u00ed akademickou excelenci<\/h2>\n\n\n\n<p>Na UNYP se \u0159\u00edd\u00edme n\u00e1sleduj\u00edc\u00edmi z\u00e1kladn\u00edmi hodnotami:<\/p>\n\n\n\n<ul class=\"wp-block-list\">\n<li><strong>Integrita&nbsp;<\/strong>\u2013 akademick\u00e1 poctivost, transparentnost a etick\u00e9 chov\u00e1n\u00ed.<\/li>\n\n\n\n<li><strong>Rozmanitost<\/strong>&nbsp;\u2013 oslava mezin\u00e1rodn\u00edch perspektiv a inkluzivn\u00edch komunit.<\/li>\n\n\n\n<li><strong>Inovace<\/strong>&nbsp;\u2013 podpora zv\u00eddavosti, p\u0159izp\u016fsobivosti a odv\u00e1\u017en\u00fdch n\u00e1pad\u016f.<\/li>\n\n\n\n<li><strong>Zam\u011b\u0159en\u00ed na studenty<\/strong>&nbsp;\u2013 up\u0159ednost\u0148ov\u00e1n\u00ed student\u016f v ka\u017ed\u00e9m institucion\u00e1ln\u00edm rozhodnut\u00ed.<\/li>\n\n\n\n<li><strong>Celo\u017eivotn\u00ed vzd\u011bl\u00e1v\u00e1n\u00ed<\/strong>&nbsp;\u2013 P\u0159ij\u00edm\u00e1n\u00ed neust\u00e1l\u00e9ho rozvoje po cel\u00fd \u017eivot.<\/li>\n<\/ul>\n\n\n\n<hr class=\"wp-block-separator has-alpha-channel-opacity\"\/>\n\n\n\n<h2 class=\"wp-block-heading\" id=\"h-unyp-2027-vize-pro-vedouci-postaveni-ve-vysokoskolskem-vzdelavani\">UNYP 2027: Vize pro vedouc\u00ed postaven\u00ed ve vysoko\u0161kolsk\u00e9m vzd\u011bl\u00e1v\u00e1n\u00ed<\/h2>\n\n\n\n<p>Na\u0161\u00ed viz\u00ed je st\u00e1t se do roku 2027 univerzitou prvn\u00ed volby v angli\u010dtin\u011b ve st\u0159edn\u00ed Evrop\u011b a pos\u00edlit svou pov\u011bst akademick\u00e9 excelence, glob\u00e1ln\u00edho rozhledu a v\u00fduky zam\u011b\u0159en\u00e9 na studenty, kter\u00e1 p\u0159ipravuje absolventy na to, aby se jim da\u0159ilo a vedli v rychle se m\u011bn\u00edc\u00edm sv\u011bt\u011b.<\/p>\n\n\n\n<hr class=\"wp-block-separator has-alpha-channel-opacity\"\/>\n\n\n\n<h2 class=\"wp-block-heading\" id=\"h-klicove-milniky-na-nasi-ceste\">Kl\u00ed\u010dov\u00e9 miln\u00edky na na\u0161\u00ed cest\u011b<\/h2>\n\n\n\n<h3 class=\"wp-block-heading\" id=\"h-2023-2024-celosvetove-uznani-a-strategicka-partnerstvi\">2023\u20132024: Celosv\u011btov\u00e9 uzn\u00e1n\u00ed a strategick\u00e1 partnerstv\u00ed<\/h3>\n\n\n\n<ul class=\"wp-block-list\">\n<li>Na z\u00e1klad\u011b hodnocen\u00ed student\u016f (pr\u016fzkum EDUopinions) byl UNYP uzn\u00e1n jako jedna z 10 nejlep\u0161\u00edch instituc\u00ed v Evrop\u011b. (<a href=\"https:\/\/www.eduopinions.com\/blog\/university-rankings\/best-rated-universities-in-europe-2025-so-far\/\">EDUopinions survey<\/a>)<\/li>\n\n\n\n<li>GoAbroad ozna\u010dil UNYP za nejl\u00e9pe hodnocen\u00e9ho poskytovatele zahrani\u010dn\u00edch studijn\u00edch program\u016f.<\/li>\n\n\n\n<li>UNYP nav\u00e1zal partnerstv\u00ed s Inteli (Braz\u00edlie) a Recruitment Academy Awards.<\/li>\n\n\n\n<li>Studenti psychologie z\u00edskali ocen\u011bn\u00ed na Mezin\u00e1rodn\u00edch dnech psychologie pro studenty v Bratislav\u011b v roce 2025.<\/li>\n\n\n\n<li>UNYP zah\u00e1jil iniciativy v oblasti udr\u017eitelnosti a zapojen\u00ed komunity.<\/li>\n<\/ul>\n\n\n\n<h3 class=\"wp-block-heading\" id=\"h-2021-2022-rozvoj-zkusenosti-a-flexibility-studentu\">2021\u20132022: Rozvoj zku\u0161enost\u00ed a flexibility student\u016f<\/h3>\n\n\n\n<ul class=\"wp-block-list\">\n<li>Uspo\u0159\u00e1dali jsme nejv\u011bt\u0161\u00ed slavnostn\u00ed promoci v historii UNYP v Obecn\u00edm dom\u011b v Praze.<\/li>\n\n\n\n<li>Zavedli jsme hybridn\u00ed formy v\u00fduky, abychom podpo\u0159ili na\u0161e hodnoty zam\u011b\u0159en\u00e9 na studenty.<\/li>\n\n\n\n<li>Roz\u0161\u00ed\u0159ili jsme digit\u00e1ln\u00ed v\u00fdukov\u00e9 n\u00e1stroje a v\u00fdzkumn\u00e9 mo\u017enosti.<\/li>\n<\/ul>\n\n\n\n<h3 class=\"wp-block-heading\" id=\"h-2019-2020-posilovani-odolnosti-a-akademickych-inovaci\">2019\u20132020: Posilov\u00e1n\u00ed odolnosti a akademick\u00fdch inovac\u00ed<\/h3>\n\n\n\n<ul class=\"wp-block-list\">\n<li>Zv\u00fd\u0161en\u00fd po\u010det student\u016f z v\u00edce ne\u017e 60 zem\u00ed.<\/li>\n\n\n\n<li>P\u0159echod na pln\u011b online v\u00fduku b\u011bhem pandemie COVID-19.<\/li>\n\n\n\n<li>Zaveden\u00ed diplom\u016f zabezpe\u010den\u00fdch blockchainem.<\/li>\n\n\n\n<li>Z\u00edskali jsme ocen\u011bn\u00ed Czech Superbrands Award po\u010dtvrt\u00e9 za sebou.<\/li>\n<\/ul>\n\n\n\n<h3 class=\"wp-block-heading\" id=\"h-2015-2018-vedouci-postaveni-v-akreditovanych-mezinarodnich-programech\">2015\u20132018: Vedouc\u00ed postaven\u00ed v akreditovan\u00fdch mezin\u00e1rodn\u00edch programech<\/h3>\n\n\n\n<ul class=\"wp-block-list\">\n<li>Prvn\u00ed \u010desk\u00e1 vysok\u00e1 \u0161kola, kter\u00e1 nab\u00edz\u00ed americk\u00e9 bakal\u00e1\u0159sk\u00e9 tituly registrovan\u00e9 M\u0160MT.<\/li>\n\n\n\n<li>Z\u00edsk\u00e1n\u00ed desetilet\u00e9 n\u00e1rodn\u00ed akreditace programu Communication and Media.<\/li>\n\n\n\n<li>Mgr. studium psychologie akreditovan\u00e9 M\u0160MT, kter\u00e9 umo\u017e\u0148uje absolvent\u016fm z\u00edskat titul \u201eMagistr\u201c.<\/li>\n<\/ul>\n\n\n\n<h3 class=\"wp-block-heading\" id=\"h-2010-2014-rozsireni-vzdelavani-a-mezinarodnich-vazeb\">2010\u20132014: Roz\u0161\u00ed\u0159en\u00ed vzd\u011bl\u00e1v\u00e1n\u00ed a mezin\u00e1rodn\u00edch vazeb<\/h3>\n\n\n\n<ul class=\"wp-block-list\">\n<li>IACBE akreditovalo na\u0161e Business programy (BBA a MBA).<\/li>\n\n\n\n<li>Zah\u00e1jen\u00ed magistersk\u00e9ho studia mezin\u00e1rodn\u00edho managementu ve spolupr\u00e1ci s University of Bolton.<\/li>\n\n\n\n<li>P\u0159ipojen\u00ed se k organizaci CEEMAN, kter\u00e1 posiluje vedouc\u00ed postaven\u00ed v oblasti rozvoje managementu.<\/li>\n<\/ul>\n\n\n\n<h3 class=\"wp-block-heading\" id=\"h-2005-2009-rozsireni-nabidky-pravnich-a-postgradualnich-sluzeb\">2005\u20132009: Roz\u0161\u00ed\u0159en\u00ed nab\u00eddky pr\u00e1vn\u00edch a postgradu\u00e1ln\u00edch slu\u017eeb<\/h3>\n\n\n\n<ul class=\"wp-block-list\">\n<li>Zaveden\u00ed magistersk\u00e9ho studia mezin\u00e1rodn\u00edho a obchodn\u00edho pr\u00e1va na Greenwichsk\u00e9 univerzit\u011b.<\/li>\n\n\n\n<li>Otev\u0159en\u00ed programu MBA akreditovan\u00e9ho IACBE.<\/li>\n\n\n\n<li>Otev\u0159en\u00ed doktorsk\u00e9ho programu ve spolupr\u00e1ci s University of Bolton.<\/li>\n<\/ul>\n\n\n\n<h3 class=\"wp-block-heading\" id=\"h-2002-2004-pokrok-v-globalnim-uznavani-a-rozsirovani-programu\">2002\u20132004: Pokrok v glob\u00e1ln\u00edm uzn\u00e1v\u00e1n\u00ed a roz\u0161i\u0159ov\u00e1n\u00ed program\u016f<\/h3>\n\n\n\n<ul class=\"wp-block-list\">\n<li>Otev\u0159en\u00ed magistersk\u00e9ho studia komunikace ve spolupr\u00e1ci s La Salle University.<\/li>\n\n\n\n<li>Otev\u0159en\u00ed evropsky akreditovan\u00e9ho titulu MBA s IUKB.<\/li>\n\n\n\n<li>Z\u00edskali jsme \u010dlenstv\u00ed v AACSB a uzn\u00e1n\u00ed ACCA v oblasti obchodu a financ\u00ed.<\/li>\n<\/ul>\n\n\n\n<h3 class=\"wp-block-heading\" id=\"h-1998-2001-budovani-akademickych-zakladu\">1998\u20132001: Budov\u00e1n\u00ed akademick\u00fdch z\u00e1klad\u016f<\/h3>\n\n\n\n<ul class=\"wp-block-list\">\n<li>Akreditace Britskou akredita\u010dn\u00ed radou (BAC).<\/li>\n\n\n\n<li>Zah\u00e1jen\u00ed poskytov\u00e1n\u00ed americk\u00fdch titul\u016f prost\u0159ednictv\u00edm partnerstv\u00ed se SUNY.<\/li>\n\n\n\n<li>UNYP byl uzn\u00e1n Ministerstvem \u0161kolstv\u00ed \u010cR (M\u0160MT) jako soukrom\u00e1 vysok\u00e1 \u0161kola.<\/li>\n<\/ul>\n\n\n\n<hr class=\"wp-block-separator has-alpha-channel-opacity\"\/>\n\n\n\n<h2 class=\"wp-block-heading\" id=\"h-utvareni-budoucnosti-mezinarodniho-vysokoskolskeho-vzdelavani-v-evrope\">Utv\u00e1\u0159en\u00ed budoucnosti mezin\u00e1rodn\u00edho vysoko\u0161kolsk\u00e9ho vzd\u011bl\u00e1v\u00e1n\u00ed v Evrop\u011b<\/h2>\n\n\n\n<p>A\u0165 u\u017e chcete v Praze z\u00edskat americk\u00fd bakal\u00e1\u0159sk\u00fd titul, pokra\u010dovat v magistersk\u00e9m studiu v anglick\u00e9m jazyce nebo se p\u0159ipojit k multikulturn\u00ed akademick\u00e9 komunit\u011b, University of New York in Prague je va\u0161\u00ed branou k mezin\u00e1rodn\u00edmu akademick\u00e9mu a profesn\u00edmu \u00fasp\u011bchu.<\/p>\n\n\n\n<p><\/p>\n","protected":false},"excerpt":{"rendered":"<p>Americk\u00e1 vysok\u00e1 \u0161kola v Evrop\u011b nab\u00edzej\u00edc\u00ed cenov\u011b dostupn\u00e9, mezin\u00e1rodn\u011b akreditovan\u00e9 tituly Ji\u017e t\u00e9m\u011b\u0159 30 let poskytuje\u00a0University of New York in Prague (UNYP)\u00a0student\u016fm p\u0159\u00edstup k americk\u00e9mu a evropsk\u00e9mu univerzitn\u00edmu vzd\u011bl\u00e1n\u00ed\u00a0sv\u011btov\u00e9 \u00farovn\u011b v \u010cesk\u00e9 republice prost\u0159ednictv\u00edm partnerstv\u00ed se SUNY, Empire State University. UNYP se nach\u00e1z\u00ed v centru Prahy a poskytuje mezin\u00e1rodn\u011b uzn\u00e1van\u00e9 akademick\u00e9 zku\u0161enosti zalo\u017een\u00e9 na inovac\u00edch, [&hellip;]<\/p>\n","protected":false},"author":1,"featured_media":0,"parent":0,"menu_order":0,"comment_status":"closed","ping_status":"closed","template":"","meta":{"_acf_changed":false,"inline_featured_image":false,"advgb_blocks_editor_width":"","advgb_blocks_columns_visual_guide":"","footnotes":""},"categories":[],"tags":[],"class_list":["post-19888","page","type-page","status-publish","hentry"],"acf":[],"mb":[],"coauthors":[],"author_meta":{"author_link":"https:\/\/www.unyp.cz\/cs\/author\/kucera-centario\/","display_name":"kucera.centario"},"relative_dates":{"created":"Posted 4 years ago","modified":"Updated 3 months ago"},"absolute_dates":{"created":"Posted on September 28, 2022","modified":"Updated on January 23, 2026"},"absolute_dates_time":{"created":"Posted on September 28, 2022 11:47 AM","modified":"Updated on January 23, 2026 1:01 PM"},"featured_img_caption":"","featured_img":false,"series_order":"","mfb_rest_fields":["title","coauthors","author_meta","relative_dates","absolute_dates","absolute_dates_time","featured_img_caption","featured_img","series_order"],"_links":{"self":[{"href":"https:\/\/www.unyp.cz\/cs\/wp-json\/wp\/v2\/pages\/19888","targetHints":{"allow":["GET"]}}],"collection":[{"href":"https:\/\/www.unyp.cz\/cs\/wp-json\/wp\/v2\/pages"}],"about":[{"href":"https:\/\/www.unyp.cz\/cs\/wp-json\/wp\/v2\/types\/page"}],"author":[{"embeddable":true,"href":"https:\/\/www.unyp.cz\/cs\/wp-json\/wp\/v2\/users\/1"}],"replies":[{"embeddable":true,"href":"https:\/\/www.unyp.cz\/cs\/wp-json\/wp\/v2\/comments?post=19888"}],"version-history":[{"count":17,"href":"https:\/\/www.unyp.cz\/cs\/wp-json\/wp\/v2\/pages\/19888\/revisions"}],"predecessor-version":[{"id":73911,"href":"https:\/\/www.unyp.cz\/cs\/wp-json\/wp\/v2\/pages\/19888\/revisions\/73911"}],"wp:attachment":[{"href":"https:\/\/www.unyp.cz\/cs\/wp-json\/wp\/v2\/media?parent=19888"}],"wp:term":[{"taxonomy":"category","embeddable":true,"href":"https:\/\/www.unyp.cz\/cs\/wp-json\/wp\/v2\/categories?post=19888"},{"taxonomy":"post_tag","embeddable":true,"href":"https:\/\/www.unyp.cz\/cs\/wp-json\/wp\/v2\/tags?post=19888"}],"curies":[{"name":"wp","href":"https:\/\/api.w.org\/{rel}","templated":true}]}}