{"id":19921,"date":"2022-09-28T11:46:31","date_gmt":"2022-09-28T10:46:31","guid":{"rendered":"https:\/\/www.unyp.cz\/o-unyp\/"},"modified":"2026-02-23T10:35:57","modified_gmt":"2026-02-23T09:35:57","slug":"o-unyp","status":"publish","type":"page","link":"https:\/\/www.unyp.cz\/cs\/o-unyp\/","title":{"rendered":"University of&nbsp;New York in&nbsp;Prague (UNYP)"},"content":{"rendered":"\n<p id=\"h-\"><a href=\"https:\/\/www.unyp.cz\/cs\/\">University of New York in Prague (UNYP)<\/a> je soukrom\u00e1 vysok\u00e1 \u0161kola zam\u011b\u0159en\u00e1 na studenta, s\u00eddl\u00edc\u00ed v Praze v \u010cesk\u00e9 republice. <strong>Byla zalo\u017eena v roce 1998<\/strong> a poskytuje vysoko\u0161kolsk\u00e9 vzd\u011bl\u00e1n\u00ed v <strong>americk\u00e9m stylu<\/strong>, <strong>vyu\u010dovan\u00e9 v\u00fdhradn\u011b v angli\u010dtin\u011b<\/strong> v r\u00e1mci evropsk\u00e9ho akademick\u00e9ho syst\u00e9mu. Jako nejv\u011bt\u0161\u00ed anglicky vyu\u010duj\u00edc\u00ed vysok\u00e1 \u0161kola v \u010cesk\u00e9 republice vzd\u011bl\u00e1v\u00e1 <strong>studenty z v\u00edce ne\u017e 80 zem\u00ed sv\u011bta<\/strong>.<\/p>\n\n\n\n<figure class=\"wp-block-embed is-type-video is-provider-youtube wp-block-embed-youtube wp-embed-aspect-16-9 wp-has-aspect-ratio\"><div class=\"wp-block-embed__wrapper\">\n<iframe title=\"Welcome to the University of New York in Prague\" width=\"500\" height=\"281\" src=\"https:\/\/www.youtube.com\/embed\/7DN9oEtqhbg?feature=oembed\" frameborder=\"0\" allow=\"accelerometer; autoplay; clipboard-write; encrypted-media; gyroscope; picture-in-picture; web-share\" referrerpolicy=\"strict-origin-when-cross-origin\" allowfullscreen><\/iframe>\n<\/div><\/figure>\n\n\n\n<div style=\"height:20px\" aria-hidden=\"true\" class=\"wp-block-spacer\"><\/div>\n\n\n\n<h2 class=\"wp-block-heading\" id=\"h-akademicky-pristup\"><strong>Akademick\u00fd p\u0159\u00edstup<\/strong><\/h2>\n\n\n\n<p>Studijn\u00ed programy UNYP jsou strukturov\u00e1ny podle <strong>modelu vysoko\u0161kolsk\u00e9ho vzd\u011bl\u00e1v\u00e1n\u00ed v USA<\/strong> a kladou d\u016fraz na v\u00fduku zalo\u017eenou na diskusi, prakticky orientovan\u00e9 p\u0159edm\u011bty a \u00fazkou akademickou podporu ze strany vyu\u010duj\u00edc\u00edch. <strong>Mal\u00e9 studijn\u00ed skupiny<\/strong> podporuj\u00ed <strong>aktivn\u00ed zapojen\u00ed student\u016f<\/strong> a <strong>individu\u00e1ln\u00ed akademick\u00fd rozvoj<\/strong>.<\/p>\n\n\n\n<p>Studenti si osvojuj\u00ed kritick\u00e9 my\u0161len\u00ed, analytick\u00e9 uva\u017eov\u00e1n\u00ed a profesion\u00e1ln\u00ed komunika\u010dn\u00ed dovednosti, kter\u00e9 je p\u0159ipravuj\u00ed na kari\u00e9ru v Evrop\u011b i na mezin\u00e1rodn\u00ed \u00farovni.<\/p>\n\n\n\n<hr class=\"wp-block-separator has-alpha-channel-opacity\"\/>\n\n\n\n<h2 class=\"wp-block-heading\" id=\"h-tituly-a-akreditace\"><strong>Tituly a akreditace<\/strong><\/h2>\n\n\n\n<p>UNYP nab\u00edz\u00ed americk\u00e9 tituly ud\u011blovan\u00e9 ve spolupr\u00e1ci s <a href=\"https:\/\/international-education.sunyempire.edu\/international-education\/prague-czech-republic\/\">SUNY Empire State University<\/a> a evropsk\u00e9 tituly akreditovan\u00e9 <a href=\"https:\/\/msmt.gov.cz\/?lang=1\">Ministerstvem \u0161kolstv\u00ed, ml\u00e1de\u017ee a t\u011blov\u00fdchovy \u010cesk\u00e9 republiky<\/a>. V\u0161echny studijn\u00ed programy jsou vytv\u00e1\u0159eny v souladu s uzn\u00e1van\u00fdmi mezin\u00e1rodn\u00edmi akademick\u00fdmi standardy.<\/p>\n\n\n\n<p>Univerzita nab\u00edz\u00ed<a href=\"https:\/\/www.unyp.cz\/cs\/bakalarske-programy\/\"> bakal\u00e1\u0159sk\u00e9<\/a> a <a href=\"https:\/\/www.unyp.cz\/cs\/magisterske-programy\/\">magistersk\u00e9<\/a> studijn\u00ed programy v oblasti <strong>podnik\u00e1n\u00ed, informa\u010dn\u00edch technologi\u00ed, mezin\u00e1rodn\u00edch vztah\u016f, psychologie, komunikace a m\u00e9di\u00ed, digit\u00e1ln\u00edch m\u00e9di\u00ed a anglick\u00e9 literatury.<\/strong><\/p>\n\n\n\n<hr class=\"wp-block-separator has-alpha-channel-opacity\"\/>\n\n\n\n<h2 class=\"wp-block-heading\" id=\"h-mezinarodni-komunita\"><strong>Mezin\u00e1rodn\u00ed komunita<\/strong><\/h2>\n\n\n\n<p>Se studenty z <strong>v\u00edce ne\u017e 80 zem\u00ed sv\u011bta<\/strong> a vyu\u010duj\u00edc\u00edmi poch\u00e1zej\u00edc\u00edmi z rozmanit\u00fdch akademick\u00fdch i profesn\u00edch prost\u0159ed\u00ed vytv\u00e1\u0159\u00ed UNYP mezin\u00e1rodn\u011b orientovan\u00e9 akademick\u00e9 prost\u0159ed\u00ed zalo\u017een\u00e9 na <strong>intelektu\u00e1ln\u00ed n\u00e1ro\u010dnosti<\/strong> a <strong>mezikulturn\u00ed v\u00fdm\u011bn\u011b.<\/strong><\/p>\n\n\n\n<hr class=\"wp-block-separator has-alpha-channel-opacity\"\/>\n\n\n\n<h2 class=\"wp-block-heading\" id=\"h-lokalita\"><strong>Lokalita<\/strong><\/h2>\n\n\n\n<p><strong>UNYP s\u00eddl\u00ed v centru Prahy,<\/strong> jednoho z nejhistori\u010dt\u011bj\u0161\u00edch a mezin\u00e1rodn\u011b nejpropojen\u011bj\u0161\u00edch m\u011bst v Evrop\u011b. Univerzita tak nab\u00edz\u00ed p\u0159\u00edstup ke kulturn\u00edm, akademick\u00fdm i profesn\u00edm s\u00edt\u00edm nap\u0159\u00ed\u010d st\u0159edn\u00ed Evropou. Bezpe\u010dnost a dobr\u00e1 dostupnost m\u011bsta p\u0159isp\u00edvaj\u00ed k prost\u0159ed\u00ed, kter\u00e9 podporuje jak<strong> studijn\u00ed \u00fasp\u011bch<\/strong>, <strong>tak osobn\u00ed rozvoj.<\/strong><\/p>\n\n\n\n<figure class=\"wp-block-embed is-type-video is-provider-youtube wp-block-embed-youtube wp-embed-aspect-16-9 wp-has-aspect-ratio\"><div class=\"wp-block-embed__wrapper\">\n<iframe title=\"Autumn in Historical Prague | Life at UNYP\" width=\"500\" height=\"281\" src=\"https:\/\/www.youtube.com\/embed\/nSUzU7Wj_94?feature=oembed\" frameborder=\"0\" allow=\"accelerometer; autoplay; clipboard-write; encrypted-media; gyroscope; picture-in-picture; web-share\" referrerpolicy=\"strict-origin-when-cross-origin\" allowfullscreen><\/iframe>\n<\/div><\/figure>\n\n\n\n<div style=\"height:20px\" aria-hidden=\"true\" class=\"wp-block-spacer\"><\/div>\n\n\n\n<h2 class=\"wp-block-heading\"><strong>\u010casto kladen\u00e9 ot\u00e1zky<\/strong><\/h2>\n\n\n\n<h3 class=\"wp-block-heading\">Je UNYP akreditovan\u00e1 vysok\u00e1 \u0161kola?<\/h3>\n\n\n\n<p>Ano. UNYP nab\u00edz\u00ed americk\u00e9 tituly ud\u011blovan\u00e9 ve spolupr\u00e1ci se SUNY Empire State University a programy akreditovan\u00e9 Ministerstvem \u0161kolstv\u00ed, ml\u00e1de\u017ee a t\u011blov\u00fdchovy \u010cesk\u00e9 republiky. \u0160kola funguje v souladu s mezin\u00e1rodn\u00edmi akademick\u00fdmi standardy.<\/p>\n\n\n\n<hr class=\"wp-block-separator has-alpha-channel-opacity\"\/>\n\n\n\n<h3 class=\"wp-block-heading\">Je UNYP soukrom\u00e1 vysok\u00e1 \u0161kola?<\/h3>\n\n\n\n<p>Ano. UNYP je soukrom\u00e1 vysok\u00e1 \u0161kola p\u016fsob\u00edc\u00ed v Praze.<\/p>\n\n\n\n<hr class=\"wp-block-separator has-alpha-channel-opacity\"\/>\n\n\n\n<h3 class=\"wp-block-heading\">Prob\u00edh\u00e1 v\u00fduka na UNYP v angli\u010dtin\u011b?<\/h3>\n\n\n\n<p>Ano. V\u0161echny studijn\u00ed programy jsou vyu\u010dov\u00e1ny v\u00fdhradn\u011b v angli\u010dtin\u011b podle americk\u00e9ho vzd\u011bl\u00e1vac\u00edho modelu.<\/p>\n\n\n\n<hr class=\"wp-block-separator has-alpha-channel-opacity\"\/>\n\n\n\n<h3 class=\"wp-block-heading\">Jak\u00e9 studijn\u00ed programy UNYP nab\u00edz\u00ed?<\/h3>\n\n\n\n<p>UNYP nab\u00edz\u00ed akreditovan\u00e9 bakal\u00e1\u0159sk\u00e9 a magistersk\u00e9 programy v oblastech:<\/p>\n\n\n\n<p><strong>Business Administration | Mezin\u00e1rodn\u00ed vztahy | Psychologie | Komunikace a m\u00e9dia | Digit\u00e1ln\u00ed m\u00e9dia | Informa\u010dn\u00ed technologie | Anglick\u00fd jazyk a literatura<\/strong><\/p>\n\n\n\n<p>Programy kombinuj\u00ed teoretick\u00fd z\u00e1klad s praktickou aplikac\u00ed a p\u0159ipravuj\u00ed studenty na profesn\u00ed uplatn\u011bn\u00ed v mezin\u00e1rodn\u00edm prost\u0159ed\u00ed.<\/p>\n\n\n\n<hr class=\"wp-block-separator has-alpha-channel-opacity\"\/>\n\n\n\n<h3 class=\"wp-block-heading\">Kde UNYP s\u00eddl\u00ed?<\/h3>\n\n\n\n<p>UNYP p\u016fsob\u00ed v Praze, hlavn\u00edm m\u011bst\u011b \u010cesk\u00e9 republiky. Kampus se nach\u00e1z\u00ed v \u0161ir\u0161\u00edm centru m\u011bsta s dobrou dostupnost\u00ed MHD a slu\u017eeb.<\/p>\n\n\n\n<hr class=\"wp-block-separator has-alpha-channel-opacity\"\/>\n\n\n\n<h2 class=\"wp-block-heading\" id=\"h-\"><\/h2>\n","protected":false},"excerpt":{"rendered":"<p>University of New York in Prague (UNYP) je soukrom\u00e1 vysok\u00e1 \u0161kola zam\u011b\u0159en\u00e1 na studenta, s\u00eddl\u00edc\u00ed v Praze v \u010cesk\u00e9 republice. Byla zalo\u017eena v roce 1998 a poskytuje vysoko\u0161kolsk\u00e9 vzd\u011bl\u00e1n\u00ed v americk\u00e9m stylu, vyu\u010dovan\u00e9 v\u00fdhradn\u011b v angli\u010dtin\u011b v r\u00e1mci evropsk\u00e9ho akademick\u00e9ho syst\u00e9mu. Jako nejv\u011bt\u0161\u00ed anglicky vyu\u010duj\u00edc\u00ed vysok\u00e1 \u0161kola v \u010cesk\u00e9 republice vzd\u011bl\u00e1v\u00e1 studenty z v\u00edce ne\u017e [&hellip;]<\/p>\n","protected":false},"author":1,"featured_media":0,"parent":0,"menu_order":0,"comment_status":"closed","ping_status":"closed","template":"","meta":{"_acf_changed":false,"inline_featured_image":false,"advgb_blocks_editor_width":"","advgb_blocks_columns_visual_guide":"","footnotes":""},"categories":[],"tags":[129,131],"class_list":["post-19921","page","type-page","status-publish","hentry","tag-tedxunyp-cs","tag-unyp-cs"],"acf":[],"mb":[],"coauthors":[],"author_meta":{"author_link":"https:\/\/www.unyp.cz\/cs\/author\/kucera-centario\/","display_name":"kucera.centario"},"relative_dates":{"created":"Posted 4 years ago","modified":"Updated 2 months ago"},"absolute_dates":{"created":"Posted on September 28, 2022","modified":"Updated on February 23, 2026"},"absolute_dates_time":{"created":"Posted on September 28, 2022 11:46 AM","modified":"Updated on February 23, 2026 10:35 AM"},"featured_img_caption":"","featured_img":false,"series_order":"","mfb_rest_fields":["title","coauthors","author_meta","relative_dates","absolute_dates","absolute_dates_time","featured_img_caption","featured_img","series_order"],"_links":{"self":[{"href":"https:\/\/www.unyp.cz\/cs\/wp-json\/wp\/v2\/pages\/19921","targetHints":{"allow":["GET"]}}],"collection":[{"href":"https:\/\/www.unyp.cz\/cs\/wp-json\/wp\/v2\/pages"}],"about":[{"href":"https:\/\/www.unyp.cz\/cs\/wp-json\/wp\/v2\/types\/page"}],"author":[{"embeddable":true,"href":"https:\/\/www.unyp.cz\/cs\/wp-json\/wp\/v2\/users\/1"}],"replies":[{"embeddable":true,"href":"https:\/\/www.unyp.cz\/cs\/wp-json\/wp\/v2\/comments?post=19921"}],"version-history":[{"count":43,"href":"https:\/\/www.unyp.cz\/cs\/wp-json\/wp\/v2\/pages\/19921\/revisions"}],"predecessor-version":[{"id":76209,"href":"https:\/\/www.unyp.cz\/cs\/wp-json\/wp\/v2\/pages\/19921\/revisions\/76209"}],"wp:attachment":[{"href":"https:\/\/www.unyp.cz\/cs\/wp-json\/wp\/v2\/media?parent=19921"}],"wp:term":[{"taxonomy":"category","embeddable":true,"href":"https:\/\/www.unyp.cz\/cs\/wp-json\/wp\/v2\/categories?post=19921"},{"taxonomy":"post_tag","embeddable":true,"href":"https:\/\/www.unyp.cz\/cs\/wp-json\/wp\/v2\/tags?post=19921"}],"curies":[{"name":"wp","href":"https:\/\/api.w.org\/{rel}","templated":true}]}}