{"id":20013,"date":"2022-09-28T11:49:54","date_gmt":"2022-09-28T10:49:54","guid":{"rendered":"https:\/\/www.unyp.cz\/?page_id=20013"},"modified":"2025-05-06T11:51:00","modified_gmt":"2025-05-06T10:51:00","slug":"rektor","status":"publish","type":"page","link":"https:\/\/www.unyp.cz\/cs\/rektor\/","title":{"rendered":"Seznamte se&nbsp;s rektorem"},"content":{"rendered":"\n<figure class=\"wp-block-image size-large\"><img data-opt-id=970843319  fetchpriority=\"high\" decoding=\"async\" width=\"1400\" height=\"933\" src=\"https:\/\/mlgfjgj9j0su.i.optimole.com\/w:1400\/h:933\/q:mauto\/f:best\/https:\/\/www.unyp.cz\/wp-content\/uploads\/2025\/01\/Andreas-Antonopoulos_3-1.jpg\" alt=\"\" class=\"wp-image-57612\" srcset=\"https:\/\/mlgfjgj9j0su.i.optimole.com\/w:1400\/h:933\/q:mauto\/f:best\/https:\/\/www.unyp.cz\/wp-content\/uploads\/2025\/01\/Andreas-Antonopoulos_3-1-scaled.jpg 1400w, https:\/\/mlgfjgj9j0su.i.optimole.com\/w:300\/h:200\/q:mauto\/f:best\/https:\/\/www.unyp.cz\/wp-content\/uploads\/2025\/01\/Andreas-Antonopoulos_3-1-scaled.jpg 300w, https:\/\/mlgfjgj9j0su.i.optimole.com\/w:150\/h:100\/q:mauto\/f:best\/https:\/\/www.unyp.cz\/wp-content\/uploads\/2025\/01\/Andreas-Antonopoulos_3-1-scaled.jpg 150w, https:\/\/mlgfjgj9j0su.i.optimole.com\/w:768\/h:512\/q:mauto\/f:best\/https:\/\/www.unyp.cz\/wp-content\/uploads\/2025\/01\/Andreas-Antonopoulos_3-1-scaled.jpg 768w, https:\/\/mlgfjgj9j0su.i.optimole.com\/w:1536\/h:1024\/q:mauto\/f:best\/https:\/\/www.unyp.cz\/wp-content\/uploads\/2025\/01\/Andreas-Antonopoulos_3-1-scaled.jpg 1536w, https:\/\/mlgfjgj9j0su.i.optimole.com\/w:1920\/h:1279\/q:mauto\/f:best\/https:\/\/www.unyp.cz\/wp-content\/uploads\/2025\/01\/Andreas-Antonopoulos_3-1-scaled.jpg 2048w\" sizes=\"(max-width: 1000px) 100vw, 1000px\" \/><\/figure>\n\n\n\n<div style=\"height:20px\" aria-hidden=\"true\" class=\"wp-block-spacer\"><\/div>\n\n\n\n<h2 class=\"wp-block-heading\">Poselstv\u00ed rektora University of New York in Prague<\/h2>\n\n\n\n<p>V\u00edtejte na University of New York in Prague, skute\u010dn\u011b mezin\u00e1rodn\u00ed vysok\u00e9 \u0161kole v srdci Evropy. Jako rektor University of New York in Prague jsem hrd\u00fd na to, \u017ee mohu v\u00e9st rozmanitou akademickou komunitu, kter\u00e1 usiluje o excelenci ve vysoko\u0161kolsk\u00e9m vzd\u011bl\u00e1v\u00e1n\u00ed.<\/p>\n\n\n\n<p>D\u00edky v\u00edce ne\u017e 25 let\u016fm veden\u00ed v oblasti mezin\u00e1rodn\u00edho vzd\u011bl\u00e1v\u00e1n\u00ed je na\u0161\u00edm c\u00edlem poskytovat v Praze univerzitn\u00ed vzd\u011bl\u00e1n\u00ed americk\u00e9ho typu, kter\u00e9 p\u0159ipravuje studenty na glob\u00e1ln\u00ed \u00fasp\u011bch. A\u0165 u\u017e jste budouc\u00ed student zkoumaj\u00edc\u00ed svou akademickou budoucnost, nebo partnersk\u00e1 instituce se z\u00e1jmem o spolupr\u00e1ci, vyz\u00fdv\u00e1m v\u00e1s, abyste se dozv\u011bd\u011bli v\u00edce o na\u0161em posl\u00e1n\u00ed a hodnot\u00e1ch.<\/p>\n\n\n\n<h4 class=\"wp-block-heading\">Filozofie na\u0161eho veden\u00ed<\/h4>\n\n\n\n<p>Na UNYP v\u011b\u0159\u00edme, \u017ee vzd\u011bl\u00e1n\u00ed je v\u00edc ne\u017e jen o znalostech &#8211; jde o inspiraci budouc\u00edch l\u00eddr\u016f v mezin\u00e1rodn\u00edm univerzitn\u00edm prost\u0159ed\u00ed. \u00dakolem rektora je \u0159\u00eddit akademickou a strategickou vizi instituce a podporovat fakulty i studenty v dosahov\u00e1n\u00ed jejich c\u00edl\u016f.<\/p>\n\n\n\n<p>Jsme hrd\u00ed na to, \u017ee jsme v Praze uzn\u00e1v\u00e1ni pro na\u0161e vzd\u011bl\u00e1v\u00e1n\u00ed zam\u011b\u0159en\u00e9 na studenty, s mal\u00fdmi t\u0159\u00eddami, zku\u0161en\u00fdmi vyu\u010duj\u00edc\u00edmi a programy, kter\u00e9 propojuj\u00ed teoretick\u00e9 u\u010den\u00ed s aplikac\u00ed v re\u00e1ln\u00e9m sv\u011bt\u011b.<\/p>\n\n\n\n<h4 class=\"wp-block-heading\">Mezin\u00e1rodn\u00ed vysok\u00e1 \u0161kola s glob\u00e1ln\u00ed viz\u00ed<\/h4>\n\n\n\n<p>Na\u0161e komunita sdru\u017euje studenty a vyu\u010duj\u00edc\u00ed z v\u00edce ne\u017e 60 zem\u00ed, co\u017e z UNYP \u010din\u00ed jednu z nejv\u00edce multikulturn\u00edch a inkluzivn\u00edch instituc\u00ed v regionu. Jako rektor se sna\u017e\u00edm vytv\u00e1\u0159et bezpe\u010dn\u00e9 prost\u0159ed\u00ed, kde mohou studenti r\u016fst, kl\u00e1st si ot\u00e1zky a rozv\u00edjet se &#8211; intelektu\u00e1ln\u011b i osobn\u011b.<\/p>\n\n\n\n<p>D\u00edky program\u016fm vyu\u010dovan\u00fdm v\u00fdhradn\u011b v angli\u010dtin\u011b a akreditovan\u00fdm v USA i v Evrop\u011b nab\u00edz\u00ed UNYP jedine\u010dnou akademickou zku\u0161enost. Jsme odhodl\u00e1ni poskytovat mezin\u00e1rodn\u00ed vysoko\u0161kolsk\u00e9 vzd\u011bl\u00e1v\u00e1n\u00ed v \u010cesk\u00e9 republice, kter\u00e9 je hodnotn\u00e9 a z\u00e1rove\u0148 na vysok\u00e9 \u00farovni.<\/p>\n\n\n\n<h4 class=\"wp-block-heading\">Osobn\u00ed pozv\u00e1nka pro budouc\u00ed studenty<\/h4>\n\n\n\n<p>P\u0159edpokl\u00e1dejme, \u017ee hled\u00e1te \u0161pi\u010dkovou americkou univerzitu v Praze nebo uva\u017eujete o bakal\u00e1\u0159sk\u00e9m \u010di magistersk\u00e9m studiu vyu\u010dovan\u00e9m v angli\u010dtin\u011b ve st\u0159edn\u00ed Evrop\u011b. V tom p\u0159\u00edpad\u011b v\u00e1s zvu, abyste prozkoumali, co v\u00e1m UNYP nab\u00edz\u00ed. Jako rektor se t\u011b\u0161\u00edm, \u017ee budu moci ka\u017ed\u00fd rok p\u0159iv\u00edtat nov\u00e9 studenty, kte\u0159\u00ed si s sebou p\u0159inesou ambice, zv\u011bdavost a touhu n\u011bco dok\u00e1zat.<\/p>\n\n\n\n<p>Srde\u010dn\u011b v\u00e1s zdrav\u00edm,<\/p>\n\n\n\n<h4 class=\"wp-block-heading\">PhDr. Andreas Antonopoulos, MBA, Ph.D.<br>Rector, University of New York in Prague<\/h4>\n\n\n\n<div class=\"wp-block-buttons is-layout-flex wp-block-buttons-is-layout-flex\">\n<div class=\"wp-block-button is-style-fill\"><a class=\"wp-block-button__link has-white-color has-unyp-blue-background-color has-text-color has-background has-link-color has-text-align-center wp-element-button\" href=\"https:\/\/www.linkedin.com\/in\/andreas-antonopoulos-89b786\/\" style=\"border-width:5px;border-radius:100px\">Link to bio<\/a><\/div>\n<\/div>\n","protected":false},"excerpt":{"rendered":"<p>Poselstv\u00ed rektora University of New York in Prague V\u00edtejte na University of New York in Prague, skute\u010dn\u011b mezin\u00e1rodn\u00ed vysok\u00e9 \u0161kole v srdci Evropy. Jako rektor University of New York in Prague jsem hrd\u00fd na to, \u017ee mohu v\u00e9st rozmanitou akademickou komunitu, kter\u00e1 usiluje o excelenci ve vysoko\u0161kolsk\u00e9m vzd\u011bl\u00e1v\u00e1n\u00ed. D\u00edky v\u00edce ne\u017e 25 let\u016fm veden\u00ed v [&hellip;]<\/p>\n","protected":false},"author":1,"featured_media":0,"parent":0,"menu_order":0,"comment_status":"closed","ping_status":"closed","template":"","meta":{"_acf_changed":false,"inline_featured_image":false,"advgb_blocks_editor_width":"","advgb_blocks_columns_visual_guide":"","footnotes":""},"categories":[],"tags":[],"class_list":["post-20013","page","type-page","status-publish","hentry"],"acf":[],"mb":[],"coauthors":[],"author_meta":{"author_link":"https:\/\/www.unyp.cz\/cs\/author\/kucera-centario\/","display_name":"kucera.centario"},"relative_dates":{"created":"Posted 4 years ago","modified":"Updated 11 months ago"},"absolute_dates":{"created":"Posted on September 28, 2022","modified":"Updated on May 6, 2025"},"absolute_dates_time":{"created":"Posted on September 28, 2022 11:49 AM","modified":"Updated on May 6, 2025 11:51 AM"},"featured_img_caption":"","featured_img":false,"series_order":"","mfb_rest_fields":["title","coauthors","author_meta","relative_dates","absolute_dates","absolute_dates_time","featured_img_caption","featured_img","series_order"],"_links":{"self":[{"href":"https:\/\/www.unyp.cz\/cs\/wp-json\/wp\/v2\/pages\/20013","targetHints":{"allow":["GET"]}}],"collection":[{"href":"https:\/\/www.unyp.cz\/cs\/wp-json\/wp\/v2\/pages"}],"about":[{"href":"https:\/\/www.unyp.cz\/cs\/wp-json\/wp\/v2\/types\/page"}],"author":[{"embeddable":true,"href":"https:\/\/www.unyp.cz\/cs\/wp-json\/wp\/v2\/users\/1"}],"replies":[{"embeddable":true,"href":"https:\/\/www.unyp.cz\/cs\/wp-json\/wp\/v2\/comments?post=20013"}],"version-history":[{"count":7,"href":"https:\/\/www.unyp.cz\/cs\/wp-json\/wp\/v2\/pages\/20013\/revisions"}],"predecessor-version":[{"id":63104,"href":"https:\/\/www.unyp.cz\/cs\/wp-json\/wp\/v2\/pages\/20013\/revisions\/63104"}],"wp:attachment":[{"href":"https:\/\/www.unyp.cz\/cs\/wp-json\/wp\/v2\/media?parent=20013"}],"wp:term":[{"taxonomy":"category","embeddable":true,"href":"https:\/\/www.unyp.cz\/cs\/wp-json\/wp\/v2\/categories?post=20013"},{"taxonomy":"post_tag","embeddable":true,"href":"https:\/\/www.unyp.cz\/cs\/wp-json\/wp\/v2\/tags?post=20013"}],"curies":[{"name":"wp","href":"https:\/\/api.w.org\/{rel}","templated":true}]}}