{"id":20015,"date":"2022-09-28T12:15:26","date_gmt":"2022-09-28T11:15:26","guid":{"rendered":"https:\/\/www.unyp.cz\/?page_id=20015"},"modified":"2022-10-21T09:28:05","modified_gmt":"2022-10-21T09:28:05","slug":"pro-firmy","status":"publish","type":"page","link":"https:\/\/www.unyp.cz\/cs\/pro-firmy\/","title":{"rendered":"Pro firmy"},"content":{"rendered":"\n<figure class=\"wp-block-image size-large\"><img data-opt-id=1227294468  fetchpriority=\"high\" decoding=\"async\" width=\"1400\" height=\"934\" src=\"https:\/\/mlgfjgj9j0su.i.optimole.com\/w:1400\/h:934\/q:mauto\/f:best\/https:\/\/www.unyp.cz\/wp-content\/uploads\/2022\/10\/for_companies_page_2.jpeg\" alt=\"\" class=\"wp-image-17332\" srcset=\"https:\/\/mlgfjgj9j0su.i.optimole.com\/w:1400\/h:934\/q:mauto\/f:best\/https:\/\/www.unyp.cz\/wp-content\/uploads\/2022\/10\/for_companies_page_2.jpeg 1400w, https:\/\/mlgfjgj9j0su.i.optimole.com\/w:300\/h:200\/q:mauto\/f:best\/https:\/\/www.unyp.cz\/wp-content\/uploads\/2022\/10\/for_companies_page_2.jpeg 300w, https:\/\/mlgfjgj9j0su.i.optimole.com\/w:150\/h:100\/q:mauto\/f:best\/https:\/\/www.unyp.cz\/wp-content\/uploads\/2022\/10\/for_companies_page_2.jpeg 150w, https:\/\/mlgfjgj9j0su.i.optimole.com\/w:768\/h:513\/q:mauto\/f:best\/https:\/\/www.unyp.cz\/wp-content\/uploads\/2022\/10\/for_companies_page_2.jpeg 768w, https:\/\/mlgfjgj9j0su.i.optimole.com\/w:1500\/h:1001\/q:mauto\/f:best\/https:\/\/www.unyp.cz\/wp-content\/uploads\/2022\/10\/for_companies_page_2.jpeg 1500w\" sizes=\"(max-width: 1000px) 100vw, 1000px\" \/><\/figure>\n\n\n\n<h2 class=\"wp-block-heading advgb-dyn-6367c000\">Partne\u0159i v kari\u00e9rn\u00ed oblasti<\/h2>\n\n\n\n<p>UNYP se od sv\u00e9ho zalo\u017een\u00ed postupn\u011b stala vzd\u011bl\u00e1vac\u00ed instituc\u00ed na mezin\u00e1rodn\u00ed \u00farovni se zam\u011b\u0159en\u00edm zejm\u00e9na na ekonomii a obchod. &nbsp;Za tento \u00fasp\u011bch vd\u011b\u010d\u00edme na\u0161\u00ed siln\u00e9 vizi a tvrd\u00e9 pr\u00e1ci, jako\u017e i na\u0161im obchodn\u00edm partner\u016fm, kte\u0159\u00ed s n\u00e1mi spolupracuj\u00ed.<\/p>\n\n\n\n<p>Na\u0161i firemn\u00ed partne\u0159i oce\u0148uj\u00ed vysokou \u00farove\u0148 kvality vzd\u011bl\u00e1v\u00e1n\u00ed, v\u00fdzkumu a v\u00fdvoje na UNYP. R\u00e1di bychom v\u00e1s t\u00edmto motivovali, abyste i vy vyu\u017eili t\u00e9to webov\u00e9 platformy a m\u011bli tak mo\u017enost se st\u00e1t je\u0161t\u011b atraktivn\u011bj\u0161\u00edm zam\u011bstnavatelem! Kari\u00e9rn\u00ed kancel\u00e1\u0159 nab\u00edz\u00ed \u0161irokou \u0161k\u00e1lu podpory ve form\u011b p\u0159\u00edsp\u011bvk\u016f na webov\u00fdch str\u00e1nk\u00e1ch UNYP, na soci\u00e1ln\u00edch s\u00edt\u00edch, b\u011bhem vzd\u011bl\u00e1vac\u00edch\/kari\u00e9rn\u00edch akc\u00ed a formou PR p\u0159\u00edle\u017eitost\u00ed.<\/p>\n\n\n\n<h2 class=\"wp-block-heading advgb-dyn-8ab4988d\">Kari\u00e9rn\u00ed dny<\/h2>\n\n\n\n<p>Kari\u00e9rn\u00ed dny jsou po\u0159\u00e1d\u00e1ny za \u00fa\u010dasti presti\u017en\u00edch spole\u010dnost\u00ed, organizac\u00ed a person\u00e1ln\u00edch agentur p\u016fsob\u00edc\u00edch na \u010desk\u00e9m trhu. Akce je organizov\u00e1na pro studenty a absolventy, kte\u0159\u00ed se sna\u017e\u00ed naj\u00edt sv\u00e9 prvn\u00ed zam\u011bstn\u00e1n\u00ed, zm\u011bnit sou\u010dasn\u00e9 zam\u011bstn\u00e1n\u00ed nebo z\u00edskat st\u00e1\u017e.<\/p>\n\n\n\n<h2 class=\"wp-block-heading advgb-dyn-014abacf\">St\u00e1\u017ee a pracovn\u00ed nab\u00eddky<\/h2>\n\n\n\n<p>Pokud m\u00e1te volnou pracovn\u00ed nab\u00eddku zam\u011bstn\u00e1n\u00ed na pln\u00fd\/\u010d\u00e1ste\u010dn\u00fd \u00favazek nebo pracovn\u00ed st\u00e1\u017e, m\u016f\u017eete n\u00e1m zaslat propaga\u010dn\u00ed materi\u00e1ly\/inzer\u00e1t nejl\u00e9pe ve form\u00e1tu doc \/ pdf a my je zdarma zve\u0159ejn\u00edme prost\u0159ednictv\u00edm na\u0161ich online komunika\u010dn\u00edch kan\u00e1lech.<\/p>\n","protected":false},"excerpt":{"rendered":"<p>Partne\u0159i v kari\u00e9rn\u00ed oblasti UNYP se od sv\u00e9ho zalo\u017een\u00ed postupn\u011b stala vzd\u011bl\u00e1vac\u00ed instituc\u00ed na mezin\u00e1rodn\u00ed \u00farovni se zam\u011b\u0159en\u00edm zejm\u00e9na na ekonomii a obchod. &nbsp;Za tento \u00fasp\u011bch vd\u011b\u010d\u00edme na\u0161\u00ed siln\u00e9 vizi a tvrd\u00e9 pr\u00e1ci, jako\u017e i na\u0161im obchodn\u00edm partner\u016fm, kte\u0159\u00ed s n\u00e1mi spolupracuj\u00ed. Na\u0161i firemn\u00ed partne\u0159i oce\u0148uj\u00ed vysokou \u00farove\u0148 kvality vzd\u011bl\u00e1v\u00e1n\u00ed, v\u00fdzkumu a v\u00fdvoje na UNYP. [&hellip;]<\/p>\n","protected":false},"author":1,"featured_media":0,"parent":0,"menu_order":0,"comment_status":"closed","ping_status":"closed","template":"","meta":{"_acf_changed":false,"inline_featured_image":false,"advgb_blocks_editor_width":"","advgb_blocks_columns_visual_guide":"","footnotes":""},"categories":[],"tags":[90,125,127,143],"class_list":["post-20015","page","type-page","status-publish","hentry","tag-kariera","tag-studentsky-zivot","tag-studium","tag-study-cs"],"acf":[],"mb":[],"coauthors":[],"author_meta":{"author_link":"https:\/\/www.unyp.cz\/cs\/author\/kucera-centario\/","display_name":"kucera.centario"},"relative_dates":{"created":"Posted 4 years ago","modified":"Updated 4 years ago"},"absolute_dates":{"created":"Posted on September 28, 2022","modified":"Updated on October 21, 2022"},"absolute_dates_time":{"created":"Posted on September 28, 2022 12:15 PM","modified":"Updated on October 21, 2022 9:28 AM"},"featured_img_caption":"","featured_img":false,"series_order":"","mfb_rest_fields":["title","coauthors","author_meta","relative_dates","absolute_dates","absolute_dates_time","featured_img_caption","featured_img","series_order"],"_links":{"self":[{"href":"https:\/\/www.unyp.cz\/cs\/wp-json\/wp\/v2\/pages\/20015","targetHints":{"allow":["GET"]}}],"collection":[{"href":"https:\/\/www.unyp.cz\/cs\/wp-json\/wp\/v2\/pages"}],"about":[{"href":"https:\/\/www.unyp.cz\/cs\/wp-json\/wp\/v2\/types\/page"}],"author":[{"embeddable":true,"href":"https:\/\/www.unyp.cz\/cs\/wp-json\/wp\/v2\/users\/1"}],"replies":[{"embeddable":true,"href":"https:\/\/www.unyp.cz\/cs\/wp-json\/wp\/v2\/comments?post=20015"}],"version-history":[{"count":2,"href":"https:\/\/www.unyp.cz\/cs\/wp-json\/wp\/v2\/pages\/20015\/revisions"}],"predecessor-version":[{"id":33016,"href":"https:\/\/www.unyp.cz\/cs\/wp-json\/wp\/v2\/pages\/20015\/revisions\/33016"}],"wp:attachment":[{"href":"https:\/\/www.unyp.cz\/cs\/wp-json\/wp\/v2\/media?parent=20015"}],"wp:term":[{"taxonomy":"category","embeddable":true,"href":"https:\/\/www.unyp.cz\/cs\/wp-json\/wp\/v2\/categories?post=20015"},{"taxonomy":"post_tag","embeddable":true,"href":"https:\/\/www.unyp.cz\/cs\/wp-json\/wp\/v2\/tags?post=20015"}],"curies":[{"name":"wp","href":"https:\/\/api.w.org\/{rel}","templated":true}]}}