{"id":20020,"date":"2022-09-28T12:15:11","date_gmt":"2022-09-28T11:15:11","guid":{"rendered":"https:\/\/www.unyp.cz\/for-students\/"},"modified":"2025-03-06T07:46:22","modified_gmt":"2025-03-06T06:46:22","slug":"karierni-kancelar","status":"publish","type":"page","link":"https:\/\/www.unyp.cz\/cs\/karierni-kancelar\/","title":{"rendered":"Kari\u00e9rn\u00ed kancel\u00e1\u0159 UNYP"},"content":{"rendered":"\n<figure class=\"wp-block-image size-large\"><img data-opt-id=1138719080  fetchpriority=\"high\" decoding=\"async\" width=\"1920\" height=\"1080\" src=\"https:\/\/mlgfjgj9j0su.i.optimole.com\/w:1400\/h:788\/q:mauto\/f:best\/https:\/\/www.unyp.cz\/wp-content\/uploads\/2025\/01\/8.jpg\" alt=\"\" class=\"wp-image-57035\" srcset=\"https:\/\/mlgfjgj9j0su.i.optimole.com\/w:1400\/h:788\/q:mauto\/f:best\/https:\/\/www.unyp.cz\/wp-content\/uploads\/2025\/01\/8.jpg 1400w, https:\/\/mlgfjgj9j0su.i.optimole.com\/w:300\/h:169\/q:mauto\/f:best\/https:\/\/www.unyp.cz\/wp-content\/uploads\/2025\/01\/8.jpg 300w, https:\/\/mlgfjgj9j0su.i.optimole.com\/w:150\/h:84\/q:mauto\/f:best\/https:\/\/www.unyp.cz\/wp-content\/uploads\/2025\/01\/8.jpg 150w, https:\/\/mlgfjgj9j0su.i.optimole.com\/w:768\/h:432\/q:mauto\/f:best\/https:\/\/www.unyp.cz\/wp-content\/uploads\/2025\/01\/8.jpg 768w, https:\/\/mlgfjgj9j0su.i.optimole.com\/w:1536\/h:864\/q:mauto\/f:best\/https:\/\/www.unyp.cz\/wp-content\/uploads\/2025\/01\/8.jpg 1536w, https:\/\/mlgfjgj9j0su.i.optimole.com\/w:1920\/h:1080\/q:mauto\/f:best\/https:\/\/www.unyp.cz\/wp-content\/uploads\/2025\/01\/8.jpg 1920w\" sizes=\"(max-width: 1000px) 100vw, 1000px\" \/><\/figure>\n\n\n\n<h2 class=\"wp-block-heading\">Slu\u017eby na podporu kari\u00e9ry na UNYP<\/h2>\n\n\n\n<p>Na\u0161e Kari\u00e9rn\u00ed kancel\u00e1\u0159 poskytuje na m\u00edru \u0161itou podporu, n\u00e1stroje a kontakty, kter\u00e9 p\u0159eklenou propast mezi vzd\u011bl\u00e1n\u00edm a pracovn\u00edm trhem a zajist\u00ed, \u017ee budete vybaveni k dosa\u017een\u00ed sv\u00fdch kari\u00e9rn\u00edch c\u00edl\u016f.<\/p>\n\n\n\n<p>Pro v\u00edce informac\u00ed nebo pomoc kontaktujte Career Office na adrese\u00a0<a href=\"mailto:careeroffice@unyp.cz\">careeroffice@unyp.cz<\/a>.<\/p>\n\n\n\n<hr class=\"wp-block-separator has-alpha-channel-opacity\"\/>\n\n\n\n<h3 class=\"wp-block-heading\">Komplexn\u00ed kari\u00e9rn\u00ed slu\u017eby<\/h3>\n\n\n\n<h4 class=\"wp-block-heading\"><strong>Kari\u00e9rn\u00ed poradenstv\u00ed<\/strong><\/h4>\n\n\n\n<p>Na\u0161i specializovan\u00ed kari\u00e9rn\u00ed poradci nab\u00edzej\u00ed individu\u00e1ln\u00ed sezen\u00ed, kter\u00e1 v\u00e1m pomohou:<\/p>\n\n\n\n<ul class=\"wp-block-list\">\n<li>Ur\u010dit sv\u00e9 kari\u00e9rn\u00ed ambice<\/li>\n\n\n\n<li>Prozkoumat trendy na trhu pr\u00e1ce<\/li>\n\n\n\n<li>Vypracovat strategii k dosa\u017een\u00ed profesn\u00edch c\u00edl\u016f<\/li>\n<\/ul>\n\n\n\n<h4 class=\"wp-block-heading\"><strong>Pomoc s \u017eivotopisem a motiva\u010dn\u00edm dopisem<\/strong><\/h4>\n\n\n\n<p>Vynikn\u011bte na trhu pr\u00e1ce d\u00edky odborn\u00e9mu poradenstv\u00ed v oblasti tvorby:<\/p>\n\n\n\n<ul class=\"wp-block-list\">\n<li>Profesn\u00edch \u017eivotopis\u016f<\/li>\n\n\n\n<li>Motiva\u010dn\u00edch dopis\u016f na m\u00edru, kter\u00e9 zd\u016frazn\u00ed va\u0161e jedine\u010dn\u00e9 dovednosti a zku\u0161enosti<\/li>\n<\/ul>\n\n\n\n<h4 class=\"wp-block-heading\"><strong>Pracovn\u00ed p\u0159\u00edle\u017eitosti a st\u00e1\u017ee<\/strong><\/h4>\n\n\n\n<p>Z\u00edskejte p\u0159\u00edstup k \u0161irok\u00e9 s\u00edti zam\u011bstnavatel\u016f prost\u0159ednictv\u00edm na\u0161eho pracovn\u00edho port\u00e1lu a najd\u011bte pozice, kter\u00e9 odpov\u00eddaj\u00ed va\u0161emu zam\u011b\u0159en\u00ed. A\u0165 u\u017e hled\u00e1te st\u00e1\u017e, \u010d\u00e1ste\u010dn\u00fd \u00favazek nebo pr\u00e1ci na pln\u00fd \u00favazek, spoj\u00edme v\u00e1s s p\u0159\u00edle\u017eitostmi, jak z\u00edskat cenn\u00e9 zku\u0161enosti.<\/p>\n\n\n\n<hr class=\"wp-block-separator has-alpha-channel-opacity\"\/>\n\n\n\n<h3 class=\"wp-block-heading\">Semin\u00e1\u0159e na rozvoj dovednost\u00ed<\/h3>\n\n\n\n<p>Na\u0161e Kari\u00e9rn\u00ed kancel\u00e1\u0159 po\u0159\u00e1d\u00e1 semin\u00e1\u0159e, kter\u00e9 v\u00e1m poskytnou konkuren\u010dn\u00ed v\u00fdhodu, v\u010detn\u011b:<\/p>\n\n\n\n<ul class=\"wp-block-list\">\n<li><strong>P\u0159\u00edprava na pohovor: <\/strong>Zvl\u00e1dn\u011bte um\u011bn\u00ed sebev\u011bdom\u00e9ho vystupov\u00e1n\u00ed p\u0159i pohovoru.<\/li>\n\n\n\n<li><strong>Strategie navazov\u00e1n\u00ed kontakt\u016f:<\/strong> Nau\u010dte se, jak budovat a udr\u017eovat profesion\u00e1ln\u00ed vztahy.<\/li>\n\n\n\n<li><strong>Osobn\u00ed zna\u010dka: <\/strong>Optimalizujte sv\u016fj profil na s\u00edti LinkedIn a vytvo\u0159te si silnou profesn\u00ed identitu.<\/li>\n\n\n\n<li><strong>Vyjedn\u00e1v\u00e1n\u00ed o platu:<\/strong> Z\u00edskejte sebed\u016fv\u011bru k efektivn\u00edmu vyjedn\u00e1v\u00e1n\u00ed a zajist\u011bte si spravedlivou odm\u011bnu.<\/li>\n<\/ul>\n\n\n\n<hr class=\"wp-block-separator has-alpha-channel-opacity\"\/>\n\n\n\n<h3 class=\"wp-block-heading\">Kari\u00e9rn\u00ed veletrhy a networking <\/h3>\n\n\n\n<p>Kari\u00e9rn\u00ed kancel\u00e1\u0159 UNYP po\u0159\u00e1d\u00e1 pravideln\u00e9 akce, kter\u00e9 v\u00e1m pomohou nav\u00e1zat kontakty s vedouc\u00edmi pracovn\u00edky v oboru a potenci\u00e1ln\u00edmi zam\u011bstnavateli:<\/p>\n\n\n\n<ul class=\"wp-block-list\">\n<li><strong>Veletrhy pracovn\u00edch p\u0159\u00edle\u017eitost\u00ed:<\/strong> Setkejte se se z\u00e1stupci \u0161pi\u010dkov\u00fdch spole\u010dnost\u00ed a prozkoumejte pracovn\u00ed p\u0159\u00edle\u017eitosti.<\/li>\n\n\n\n<li><strong>Panelov\u00e9 diskuse:<\/strong> Z\u00edskejte informace od odborn\u00edk\u016f z r\u016fzn\u00fdch odv\u011btv\u00ed.<\/li>\n\n\n\n<li><strong>Akce pro navazov\u00e1n\u00ed kontakt\u016f:<\/strong> Navazujte vztahy, kter\u00e9 mohou v\u00e9st k mentorstv\u00ed, st\u00e1\u017e\u00edm nebo pracovn\u00edm nab\u00eddk\u00e1m.<\/li>\n<\/ul>\n\n\n\n<hr class=\"wp-block-separator has-alpha-channel-opacity\"\/>\n\n\n\n<h3 class=\"wp-block-heading\">Va\u0161e cesta k profesn\u00edmu \u00fasp\u011bchu<\/h3>\n\n\n\n<p>Kari\u00e9rn\u00ed kancel\u00e1\u0159 UNYP je va\u0161\u00edm partnerem p\u0159i dosahov\u00e1n\u00ed profesion\u00e1ln\u00ed dokonalosti. A\u0165 u\u017e pot\u0159ebujete poradenstv\u00ed, zdroje nebo p\u0159\u00edle\u017eitosti, podpo\u0159\u00edme v\u00e1s na ka\u017ed\u00e9m kroku. Pom\u016f\u017eeme v\u00e1m vyu\u017e\u00edt v\u00e1\u0161 potenci\u00e1l a usp\u011bt ve va\u0161\u00ed kari\u00e9\u0159e.<\/p>\n\n\n\n<p><\/p>\n","protected":false},"excerpt":{"rendered":"<p>Slu\u017eby na podporu kari\u00e9ry na UNYP Na\u0161e Kari\u00e9rn\u00ed kancel\u00e1\u0159 poskytuje na m\u00edru \u0161itou podporu, n\u00e1stroje a kontakty, kter\u00e9 p\u0159eklenou propast mezi vzd\u011bl\u00e1n\u00edm a pracovn\u00edm trhem a zajist\u00ed, \u017ee budete vybaveni k dosa\u017een\u00ed sv\u00fdch kari\u00e9rn\u00edch c\u00edl\u016f. Pro v\u00edce informac\u00ed nebo pomoc kontaktujte Career Office na adrese\u00a0careeroffice@unyp.cz. Komplexn\u00ed kari\u00e9rn\u00ed slu\u017eby Kari\u00e9rn\u00ed poradenstv\u00ed Na\u0161i specializovan\u00ed kari\u00e9rn\u00ed poradci nab\u00edzej\u00ed [&hellip;]<\/p>\n","protected":false},"author":1,"featured_media":0,"parent":0,"menu_order":0,"comment_status":"closed","ping_status":"closed","template":"","meta":{"_acf_changed":false,"inline_featured_image":false,"advgb_blocks_editor_width":"","advgb_blocks_columns_visual_guide":"","footnotes":""},"categories":[],"tags":[90,125,127,143],"class_list":["post-20020","page","type-page","status-publish","hentry","tag-kariera","tag-studentsky-zivot","tag-studium","tag-study-cs"],"acf":[],"mb":[],"coauthors":[],"author_meta":{"author_link":"https:\/\/www.unyp.cz\/cs\/author\/kucera-centario\/","display_name":"kucera.centario"},"relative_dates":{"created":"Posted 4 years ago","modified":"Updated 1 year ago"},"absolute_dates":{"created":"Posted on September 28, 2022","modified":"Updated on March 6, 2025"},"absolute_dates_time":{"created":"Posted on September 28, 2022 12:15 PM","modified":"Updated on March 6, 2025 7:46 AM"},"featured_img_caption":"","featured_img":false,"series_order":"","mfb_rest_fields":["title","coauthors","author_meta","relative_dates","absolute_dates","absolute_dates_time","featured_img_caption","featured_img","series_order"],"_links":{"self":[{"href":"https:\/\/www.unyp.cz\/cs\/wp-json\/wp\/v2\/pages\/20020","targetHints":{"allow":["GET"]}}],"collection":[{"href":"https:\/\/www.unyp.cz\/cs\/wp-json\/wp\/v2\/pages"}],"about":[{"href":"https:\/\/www.unyp.cz\/cs\/wp-json\/wp\/v2\/types\/page"}],"author":[{"embeddable":true,"href":"https:\/\/www.unyp.cz\/cs\/wp-json\/wp\/v2\/users\/1"}],"replies":[{"embeddable":true,"href":"https:\/\/www.unyp.cz\/cs\/wp-json\/wp\/v2\/comments?post=20020"}],"version-history":[{"count":8,"href":"https:\/\/www.unyp.cz\/cs\/wp-json\/wp\/v2\/pages\/20020\/revisions"}],"predecessor-version":[{"id":57129,"href":"https:\/\/www.unyp.cz\/cs\/wp-json\/wp\/v2\/pages\/20020\/revisions\/57129"}],"wp:attachment":[{"href":"https:\/\/www.unyp.cz\/cs\/wp-json\/wp\/v2\/media?parent=20020"}],"wp:term":[{"taxonomy":"category","embeddable":true,"href":"https:\/\/www.unyp.cz\/cs\/wp-json\/wp\/v2\/categories?post=20020"},{"taxonomy":"post_tag","embeddable":true,"href":"https:\/\/www.unyp.cz\/cs\/wp-json\/wp\/v2\/tags?post=20020"}],"curies":[{"name":"wp","href":"https:\/\/api.w.org\/{rel}","templated":true}]}}