{"id":20029,"date":"2022-09-28T11:57:29","date_gmt":"2022-09-28T10:57:29","guid":{"rendered":"https:\/\/www.unyp.cz\/ph-d-by-research\/"},"modified":"2026-01-15T16:24:48","modified_gmt":"2026-01-15T15:24:48","slug":"phd-na-zaklade-vyzkumu","status":"publish","type":"page","link":"https:\/\/www.unyp.cz\/cs\/phd-na-zaklade-vyzkumu\/","title":{"rendered":"Ph.D. na&nbsp;z\u00e1klad\u011b v\u00fdzkumu"},"content":{"rendered":"\n<h2 class=\"wp-block-heading\" id=\"h-studium-ph-d-na-unyp\">Studium Ph.D. na UNYP<\/h2>\n\n\n\n<p>Jednou ze z\u00e1kladn\u00edch hodnot <strong>University of New York in Prague (UNYP)<\/strong> je <strong>excelence ve v\u00fdzkumu<\/strong>. Doktorsk\u00e9 studium na UNYP je ur\u010deno ambici\u00f3zn\u00edm student\u016fm a absolvent\u016fm, kte\u0159\u00ed cht\u011bj\u00ed rozv\u00edjet sv\u00e9 odborn\u00e9 znalosti, p\u0159isp\u00edvat k nov\u00e9mu pozn\u00e1n\u00ed a z\u00edskat nejvy\u0161\u0161\u00ed akademick\u00fd titul \u2013 <strong>Ph.D.<\/strong>, p\u0159\u00edpadn\u011b <strong>MPhil<\/strong>.<\/p>\n\n\n\n<p>Ve spolupr\u00e1ci s <strong>New York College Athens<\/strong> a <strong>University of Greater Manchester<\/strong> nab\u00edz\u00ed UNYP mo\u017enost studovat doktorsk\u00e9 nebo magistersk\u00e9 studium zam\u011b\u0159en\u00e9 na v\u00fdzkum v \u0161irok\u00e9 \u0161k\u00e1le obor\u016f.<\/p>\n\n\n\n<hr class=\"wp-block-separator has-alpha-channel-opacity\"\/>\n\n\n\n<h2 class=\"wp-block-heading\">Pro\u010d studovat Ph.D. na UNYP<\/h2>\n\n\n\n<p>Doktorsk\u00e9 studium na UNYP kombinuje <strong>mezin\u00e1rodn\u00ed akademick\u00e9 z\u00e1zem\u00ed<\/strong>, individu\u00e1ln\u00ed p\u0159\u00edstup a podporu zku\u0161en\u00fdch v\u00fdzkumn\u00edk\u016f. Studenti pracuj\u00ed na vlastn\u00edm v\u00fdzkumn\u00e9m projektu pod odborn\u00fdm dohledem a jsou sou\u010d\u00e1st\u00ed akademick\u00fdch skupin, v\u00fdzkumn\u00fdch center nebo institut\u016f podle zam\u011b\u0159en\u00ed sv\u00e9 pr\u00e1ce.<\/p>\n\n\n\n<p>Program je vhodn\u00fd pro ty, kte\u0159\u00ed:<\/p>\n\n\n\n<ul class=\"wp-block-list\">\n<li>cht\u011bj\u00ed realizovat <strong>nez\u00e1visl\u00fd a p\u016fvodn\u00ed v\u00fdzkum<\/strong>,<\/li>\n\n\n\n<li>pl\u00e1nuj\u00ed akademickou nebo v\u00fdzkumnou kari\u00e9ru,<\/li>\n\n\n\n<li>usiluj\u00ed o odborn\u00fd r\u016fst v mezin\u00e1rodn\u00edm prost\u0159ed\u00ed.<\/li>\n<\/ul>\n\n\n\n<p>Uchaze\u010di se mohou hl\u00e1sit <strong>p\u0159\u00edmo do doktorsk\u00e9ho studia (Ph.D.)<\/strong>, nebo zvolit postupnou cestu prost\u0159ednictv\u00edm <strong>MPhil<\/strong>.<\/p>\n\n\n\n<hr class=\"wp-block-separator has-alpha-channel-opacity\"\/>\n\n\n\n<h2 class=\"wp-block-heading\">Charakteristika doktorsk\u00e9ho studia<\/h2>\n\n\n\n<p>Titul <strong>Ph.D.<\/strong> je ud\u011blov\u00e1n kandid\u00e1t\u016fm, kte\u0159\u00ed:<\/p>\n\n\n\n<ul class=\"wp-block-list\">\n<li>vypracuj\u00ed a \u00fasp\u011b\u0161n\u011b obh\u00e1j\u00ed <strong>diserta\u010dn\u00ed pr\u00e1ci<\/strong> zalo\u017eenou na p\u016fvodn\u00edm v\u00fdzkumu,<\/li>\n\n\n\n<li>prok\u00e1\u017eou hlubok\u00e9 porozum\u011bn\u00ed zvolen\u00e9 discipl\u00edn\u011b a v\u00fdzkumn\u00fdm metod\u00e1m,<\/li>\n\n\n\n<li>v\u00fdznamn\u011b p\u0159isp\u011bj\u00ed k rozvoji pozn\u00e1n\u00ed ve sv\u00e9m oboru.<\/li>\n<\/ul>\n\n\n\n<p>V\u00fdsledkem studia je pr\u00e1ce odpov\u00eddaj\u00edc\u00ed mezin\u00e1rodn\u00edm akademick\u00fdm standard\u016fm a vhodn\u00e1 k publikaci.<\/p>\n\n\n\n<hr class=\"wp-block-separator has-alpha-channel-opacity\"\/>\n\n\n\n<h2 class=\"wp-block-heading\">Oblasti v\u00fdzkumu<\/h2>\n\n\n\n<p>UNYP ve spolupr\u00e1ci s New York College Athens a University of Greater Manchester podporuje doktorsk\u00e9 a magistersk\u00e9 studium zam\u011b\u0159en\u00e9 na v\u00fdzkum v n\u00e1sleduj\u00edc\u00edch oblastech:<\/p>\n\n\n\n<p>Accounting &amp; Business | Art &amp; Design | Built Environment &amp; Civil Engineering | Community Studies | Computer Science | Education | Engineering | English &amp; Creative Writing | Health &amp; Well-Being | Information Systems | Islamic Finance | Mass Observation &amp; Worktown Studies | Materials, Research &amp; Innovation | Medical, Biomedical &amp; Life Sciences | Photography | Renewable Energy &amp; Environmental Technologies | Sport, Performance, Recovery &amp; Rehabilitation | Sports Sociology and Policy<\/p>\n\n\n\n<hr class=\"wp-block-separator has-alpha-channel-opacity\"\/>\n\n\n\n<h2 class=\"wp-block-heading\">Kvalifika\u010dn\u00ed krit\u00e9ria<\/h2>\n\n\n\n<p>Doktor\u00e1t je ud\u011blen kandid\u00e1t\u016fm, kte\u0159\u00ed prok\u00e1\u017eou:<\/p>\n\n\n\n<ul class=\"wp-block-list\">\n<li>schopnost vytv\u00e1\u0159et a interpretovat <strong>nov\u00e9 znalosti<\/strong> prost\u0159ednictv\u00edm origin\u00e1ln\u00edho v\u00fdzkumu,<\/li>\n\n\n\n<li>systematick\u00e9 porozum\u011bn\u00ed odborn\u00e9 discipl\u00edn\u011b na nejvy\u0161\u0161\u00ed akademick\u00e9 \u00farovni,<\/li>\n\n\n\n<li>schopnost <strong>navrhnout, realizovat a p\u0159izp\u016fsobit v\u00fdzkumn\u00fd projekt<\/strong>,<\/li>\n\n\n\n<li>pokro\u010dilou znalost v\u00fdzkumn\u00fdch metod a akademick\u00fdch technik.<\/li>\n<\/ul>\n\n\n\n<p>Od Ph.D. kandid\u00e1t\u016f se d\u00e1le o\u010dek\u00e1v\u00e1 schopnost:<\/p>\n\n\n\n<ul class=\"wp-block-list\">\n<li>formulovat a obhajovat odborn\u00e9 z\u00e1v\u011bry i p\u0159i ne\u00fapln\u00fdch datech,<\/li>\n\n\n\n<li>komunikovat v\u00fdsledky v\u00fdzkumu odborn\u00e9mu i laick\u00e9mu publiku,<\/li>\n\n\n\n<li>pracovat samostatn\u011b, zodpov\u011bdn\u011b a s vysokou m\u00edrou iniciativy v akademick\u00e9m i profesn\u00edm prost\u0159ed\u00ed.<\/li>\n<\/ul>\n\n\n\n<hr class=\"wp-block-separator has-alpha-channel-opacity\"\/>\n\n\n\n<h2 class=\"wp-block-heading\">D\u016fle\u017eit\u00e9 informace o programu<\/h2>\n\n\n\n<ul class=\"wp-block-list\">\n<li><strong>D\u00e9lka studia:<\/strong>\n<ul class=\"wp-block-list\">\n<li>3\u20134 roky (pln\u00fd \u00favazek)<\/li>\n\n\n\n<li>5\u20137 let (\u010d\u00e1ste\u010dn\u00fd \u00favazek)<\/li>\n<\/ul>\n<\/li>\n\n\n\n<li><strong>Podpora UNYP:<\/strong> pomoc s registrac\u00ed, p\u0159\u00edstup ke knihovn\u00e1m a akademick\u00fdm zdroj\u016fm<\/li>\n\n\n\n<li><strong>Ud\u011blovan\u00fd titul:<\/strong> University of Greater Manchester<\/li>\n\n\n\n<li><strong>Program zaji\u0161\u0165uje:<\/strong> New York College Athens<\/li>\n<\/ul>\n\n\n\n<hr class=\"wp-block-separator has-alpha-channel-opacity\"\/>\n\n\n\n<h2 class=\"wp-block-heading\">Po\u017eadavky na p\u0159ijet\u00ed<\/h2>\n\n\n\n<p>Uchaze\u010di o studium Ph.D. na UNYP mus\u00ed splnit n\u00e1sleduj\u00edc\u00ed podm\u00ednky:<\/p>\n\n\n\n<ul class=\"wp-block-list\">\n<li>ukon\u010den\u00e9 vysoko\u0161kolsk\u00e9 vzd\u011bl\u00e1n\u00ed odpov\u00eddaj\u00edc\u00ed \u00farovni <strong>2.1<\/strong> nebo ekvivalent v relevantn\u00edm oboru,<\/li>\n\n\n\n<li>postgradu\u00e1ln\u00ed kvalifikaci, v\u00fdzkumnou praxi nebo odpov\u00eddaj\u00edc\u00ed profesn\u00ed zku\u0161enosti,<\/li>\n\n\n\n<li>\u00fasp\u011b\u0161n\u00e9 absolvov\u00e1n\u00ed osobn\u00edho pohovoru (osobn\u011b nebo online),<\/li>\n\n\n\n<li>znalost anglick\u00e9ho jazyka na \u00farovni <strong>IELTS 6.5<\/strong> (nebo ekvivalent), pokud nen\u00ed angli\u010dtina mate\u0159sk\u00fdm jazykem.<\/li>\n<\/ul>\n\n\n\n<hr class=\"wp-block-separator has-alpha-channel-opacity\"\/>\n\n\n\n<h2 class=\"wp-block-heading\">Jak se p\u0159ihl\u00e1sit<\/h2>\n\n\n\n<p>M\u00e1te-li z\u00e1jem o doktorsk\u00e9 studium, doporu\u010dujeme nejprve kontaktovat <strong>p\u0159ij\u00edmac\u00ed t\u00fdm UNYP<\/strong> a prodiskutovat:<\/p>\n\n\n\n<ul class=\"wp-block-list\">\n<li>zam\u00fd\u0161len\u00fd obor v\u00fdzkumu,<\/li>\n\n\n\n<li>v\u00fdzkumn\u00fd z\u00e1m\u011br a c\u00edle studia.<\/li>\n<\/ul>\n\n\n\n<p>Postgradu\u00e1ln\u00ed poradce v\u00e1m pom\u016f\u017ee ov\u011b\u0159it, zda je va\u0161e specializace podporov\u00e1na, a provede v\u00e1s procesem registrace do programu prost\u0159ednictv\u00edm <strong>New York College Athens<\/strong>. v\u00e1m s registrac\u00ed do programu na New York College Athens. Poradce pro postgradu\u00e1ln\u00ed studium v\u00e1m pom\u016f\u017ee ur\u010dit, zda lze va\u0161i specializaci podpo\u0159it.<\/p>\n\n\n\n<div style=\"height:20px\" aria-hidden=\"true\" class=\"wp-block-spacer\"><\/div>\n\n\n\n<div class=\"wp-block-group content-block content-block--message is-style-question-box has-unyp-light-blue-background-color has-background is-layout-flow wp-block-group-is-layout-flow\">\n<h3 class=\"wp-block-heading\">M\u00e1te dotaz? Chcete podat p\u0159ihl\u00e1\u0161ku?<\/h3>\n\n\n\n<div class=\"wp-block-buttons is-layout-flex wp-block-buttons-is-layout-flex\">\n<div class=\"wp-block-button\"><a class=\"wp-block-button__link wp-element-button\" href=\"https:\/\/www.unyp.cz\/contact\/\">Kontaktujte n\u00e1s<\/a><\/div>\n\n\n\n<div class=\"wp-block-button is-style-btn-apply-online\"><a class=\"wp-block-button__link wp-element-button\" href=\"https:\/\/application.unyp.cz\/\" target=\"_blank\" rel=\"noreferrer noopener\"><span class=\"icon-student\"><\/span> P\u0159ihlaste se online<\/a><\/div>\n<\/div>\n<\/div>\n","protected":false},"excerpt":{"rendered":"<p>Studium Ph.D. na UNYP Jednou ze z\u00e1kladn\u00edch hodnot University of New York in Prague (UNYP) je excelence ve v\u00fdzkumu. Doktorsk\u00e9 studium na UNYP je ur\u010deno ambici\u00f3zn\u00edm student\u016fm a absolvent\u016fm, kte\u0159\u00ed cht\u011bj\u00ed rozv\u00edjet sv\u00e9 odborn\u00e9 znalosti, p\u0159isp\u00edvat k nov\u00e9mu pozn\u00e1n\u00ed a z\u00edskat nejvy\u0161\u0161\u00ed akademick\u00fd titul \u2013 Ph.D., p\u0159\u00edpadn\u011b MPhil. Ve spolupr\u00e1ci s New York College Athens [&hellip;]<\/p>\n","protected":false},"author":1,"featured_media":0,"parent":0,"menu_order":0,"comment_status":"closed","ping_status":"closed","template":"","meta":{"_acf_changed":false,"inline_featured_image":false,"advgb_blocks_editor_width":"","advgb_blocks_columns_visual_guide":"","footnotes":""},"categories":[],"tags":[],"class_list":["post-20029","page","type-page","status-publish","hentry"],"acf":[],"mb":[],"coauthors":[],"author_meta":{"author_link":"https:\/\/www.unyp.cz\/cs\/author\/kucera-centario\/","display_name":"kucera.centario"},"relative_dates":{"created":"Posted 4 years ago","modified":"Updated 3 months ago"},"absolute_dates":{"created":"Posted on September 28, 2022","modified":"Updated on January 15, 2026"},"absolute_dates_time":{"created":"Posted on September 28, 2022 11:57 AM","modified":"Updated on January 15, 2026 4:24 PM"},"featured_img_caption":"","featured_img":false,"series_order":"","mfb_rest_fields":["title","coauthors","author_meta","relative_dates","absolute_dates","absolute_dates_time","featured_img_caption","featured_img","series_order"],"_links":{"self":[{"href":"https:\/\/www.unyp.cz\/cs\/wp-json\/wp\/v2\/pages\/20029","targetHints":{"allow":["GET"]}}],"collection":[{"href":"https:\/\/www.unyp.cz\/cs\/wp-json\/wp\/v2\/pages"}],"about":[{"href":"https:\/\/www.unyp.cz\/cs\/wp-json\/wp\/v2\/types\/page"}],"author":[{"embeddable":true,"href":"https:\/\/www.unyp.cz\/cs\/wp-json\/wp\/v2\/users\/1"}],"replies":[{"embeddable":true,"href":"https:\/\/www.unyp.cz\/cs\/wp-json\/wp\/v2\/comments?post=20029"}],"version-history":[{"count":8,"href":"https:\/\/www.unyp.cz\/cs\/wp-json\/wp\/v2\/pages\/20029\/revisions"}],"predecessor-version":[{"id":73646,"href":"https:\/\/www.unyp.cz\/cs\/wp-json\/wp\/v2\/pages\/20029\/revisions\/73646"}],"wp:attachment":[{"href":"https:\/\/www.unyp.cz\/cs\/wp-json\/wp\/v2\/media?parent=20029"}],"wp:term":[{"taxonomy":"category","embeddable":true,"href":"https:\/\/www.unyp.cz\/cs\/wp-json\/wp\/v2\/categories?post=20029"},{"taxonomy":"post_tag","embeddable":true,"href":"https:\/\/www.unyp.cz\/cs\/wp-json\/wp\/v2\/tags?post=20029"}],"curies":[{"name":"wp","href":"https:\/\/api.w.org\/{rel}","templated":true}]}}