{"id":20032,"date":"2022-09-28T11:50:30","date_gmt":"2022-09-28T10:50:30","guid":{"rendered":"https:\/\/www.unyp.cz\/university-degree-partners\/"},"modified":"2025-03-07T16:55:00","modified_gmt":"2025-03-07T15:55:00","slug":"partnerske-univerzity","status":"publish","type":"page","link":"https:\/\/www.unyp.cz\/cs\/partnerske-univerzity\/","title":{"rendered":"Partnersk\u00e9 univerzity"},"content":{"rendered":"\n<h4 class=\"wp-block-heading\"><strong>UNYP<\/strong>&nbsp;spolupracuje&nbsp;s&nbsp;presti\u017en\u00edmi univerzitami a vysok\u00fdmi \u0161kolami v USA a EU.<\/h4>\n\n\n\n<div style=\"height:21px\" aria-hidden=\"true\" class=\"wp-block-spacer\"><\/div>\n\n\n\n<h2 class=\"wp-block-heading\"><a href=\"https:\/\/www.sunyempire.edu\/\">State University of New York, Empire State University<\/a><\/h2>\n\n\n\n<div class=\"wp-block-media-text is-stacked-on-mobile\" style=\"grid-template-columns:25% auto\"><figure class=\"wp-block-media-text__media\"><img data-opt-id=1050522660  fetchpriority=\"high\" decoding=\"async\" width=\"1400\" height=\"989\" src=\"https:\/\/mlgfjgj9j0su.i.optimole.com\/w:1400\/h:989\/q:mauto\/f:best\/https:\/\/www.unyp.cz\/wp-content\/uploads\/2023\/10\/SUNY-ESU-logo-Stacked-1.jpg\" alt=\"\" class=\"wp-image-36224 size-full\" srcset=\"https:\/\/mlgfjgj9j0su.i.optimole.com\/w:1400\/h:989\/q:mauto\/f:best\/https:\/\/www.unyp.cz\/wp-content\/uploads\/2023\/10\/SUNY-ESU-logo-Stacked-1.jpg 1400w, https:\/\/mlgfjgj9j0su.i.optimole.com\/w:300\/h:212\/q:mauto\/f:best\/https:\/\/www.unyp.cz\/wp-content\/uploads\/2023\/10\/SUNY-ESU-logo-Stacked-1.jpg 300w, https:\/\/mlgfjgj9j0su.i.optimole.com\/w:150\/h:106\/q:mauto\/f:best\/https:\/\/www.unyp.cz\/wp-content\/uploads\/2023\/10\/SUNY-ESU-logo-Stacked-1.jpg 150w, https:\/\/mlgfjgj9j0su.i.optimole.com\/w:768\/h:543\/q:mauto\/f:best\/https:\/\/www.unyp.cz\/wp-content\/uploads\/2023\/10\/SUNY-ESU-logo-Stacked-1.jpg 768w, https:\/\/mlgfjgj9j0su.i.optimole.com\/w:1536\/h:1086\/q:mauto\/f:best\/https:\/\/www.unyp.cz\/wp-content\/uploads\/2023\/10\/SUNY-ESU-logo-Stacked-1.jpg 1536w, https:\/\/mlgfjgj9j0su.i.optimole.com\/w:1814\/h:1282\/q:mauto\/f:best\/https:\/\/www.unyp.cz\/wp-content\/uploads\/2023\/10\/SUNY-ESU-logo-Stacked-1.jpg 1814w\" sizes=\"(max-width: 1000px) 100vw, 1000px\" \/><\/figure><div class=\"wp-block-media-text__content\">\n<p>Jako\u017eto sou\u010d\u00e1st syst\u00e9mu State University of New York (nejv\u011bt\u0161\u00edho syst\u00e9mu st\u00e1tn\u00edho univerzitn\u00edho vzd\u011bl\u00e1v\u00e1n\u00ed v USA), nab\u00edz\u00ed Empire State University&nbsp;student\u016fm z cel\u00e9ho sv\u011bta p\u0159\u00edle\u017eitost z\u00edskat americk\u00fd bakal\u00e1\u0159sk\u00fd titul v \u0159ad\u011b r\u016fzn\u00fdch obor\u016f. Empire State University je akreditov\u00e1na p\u0159\u00edslu\u0161nou komis\u00ed&nbsp;<a rel=\"noreferrer noopener\" href=\"http:\/\/www.msche.org\/\" target=\"_blank\">Middle States Association of Colleges and Schools<\/a>.<\/p>\n<\/div><\/div>\n\n\n\n<div style=\"height:20px\" aria-hidden=\"true\" class=\"wp-block-spacer\"><\/div>\n\n\n\n<h2 class=\"wp-block-heading\"><a href=\"https:\/\/www.dbs.ie\/\" target=\"_blank\" rel=\"noreferrer noopener\">Dublin Business School (DBS)<\/a><\/h2>\n\n\n\n<div class=\"wp-block-media-text is-stacked-on-mobile\" style=\"grid-template-columns:25% auto\"><figure class=\"wp-block-media-text__media\"><img data-opt-id=2023004197  fetchpriority=\"high\" decoding=\"async\" width=\"200\" height=\"142\" src=\"https:\/\/mlgfjgj9j0su.i.optimole.com\/w:auto\/h:auto\/q:mauto\/f:best\/https:\/\/www.unyp.cz\/wp-content\/uploads\/2022\/10\/01_dbs_primary_logo_200x142px.jpg\" alt=\"\" class=\"wp-image-21466 size-full\" srcset=\"https:\/\/mlgfjgj9j0su.i.optimole.com\/w:200\/h:142\/q:mauto\/f:best\/https:\/\/www.unyp.cz\/wp-content\/uploads\/2022\/10\/01_dbs_primary_logo_200x142px.jpg 200w, https:\/\/mlgfjgj9j0su.i.optimole.com\/w:150\/h:107\/q:mauto\/f:best\/https:\/\/www.unyp.cz\/wp-content\/uploads\/2022\/10\/01_dbs_primary_logo_200x142px.jpg 150w\" sizes=\"(max-width: 200px) 100vw, 200px\" \/><\/figure><div class=\"wp-block-media-text__content\">\n<p>Dublin Business School je s dev\u00edti tis\u00edci studenty v sou\u010dasn\u00e9 dob\u011b nejv\u011bt\u0161\u00ed nez\u00e1vislou vysoko\u0161kolskou instituc\u00ed v Irsku, p\u0159i\u010dem\u017e nab\u00edz\u00ed rozs\u00e1hl\u00fd v\u00fdb\u011br prezen\u010dn\u00edch i distan\u010dn\u00edch bakal\u00e1\u0159sk\u00fdch, magistersk\u00fdch, ve\u010dern\u00edch a spoustu jin\u00fdch program\u016f. Dohromady m\u00e1 v portfoliu p\u0159es 100 akreditovan\u00fdch program\u016f nap\u0159\u00ed\u010d v\u0161emi \u00farovn\u011bmi. V Dublinu na DBS moment\u00e1ln\u011b studuje okolo t\u0159\u00ed tis\u00edc mezin\u00e1rodn\u00edch student\u016f z v\u00edce ne\u017e 70 zem\u00ed sv\u011bta.<\/p>\n<\/div><\/div>\n\n\n\n<div style=\"height:22px\" aria-hidden=\"true\" class=\"wp-block-spacer\"><\/div>\n\n\n\n<h2 class=\"wp-block-heading\"><a href=\"https:\/\/www.bolton.ac.uk\/\">University of Greater Manchester<\/a><\/h2>\n\n\n\n<div class=\"wp-block-media-text is-stacked-on-mobile\" style=\"grid-template-columns:25% auto\"><figure class=\"wp-block-media-text__media\"><img data-opt-id=1733101181  fetchpriority=\"high\" decoding=\"async\" width=\"1400\" height=\"313\" src=\"https:\/\/www.unyp.cz\/wp-content\/uploads\/2025\/02\/UOGM_logo.png\" alt=\"\" class=\"wp-image-58090 size-full\" srcset=\"https:\/\/www.unyp.cz\/wp-content\/uploads\/2025\/02\/UOGM_logo.png 1400w, https:\/\/www.unyp.cz\/wp-content\/uploads\/2025\/02\/UOGM_logo.png 300w, https:\/\/www.unyp.cz\/wp-content\/uploads\/2025\/02\/UOGM_logo.png 150w, https:\/\/www.unyp.cz\/wp-content\/uploads\/2025\/02\/UOGM_logo.png 768w, https:\/\/www.unyp.cz\/wp-content\/uploads\/2025\/02\/UOGM_logo.png 1536w, https:\/\/www.unyp.cz\/wp-content\/uploads\/2025\/02\/UOGM_logo.png 1747w\" sizes=\"(max-width: 1000px) 100vw, 1000px\" \/><\/figure><div class=\"wp-block-media-text__content\">\n<p>University of Greater Manchester, d\u0159\u00edve zn\u00e1m\u00e1 jako University of Bolton, stopuje sv\u016fj p\u016fvod do 1824 kdy\u017e byla zalo\u017eena jako Bolton Mechanics&#8217; Institute. Nach\u00e1z\u00ed se v Boltonu ve Velk\u00e9m Manchesteru a slou\u017e\u00ed p\u0159ibli\u017en\u011b 11 000 student\u016f se zam\u011b\u0159en\u00edm na odborn\u00e9 a aplikovan\u00e9 v\u00fdzkumn\u00e9 programy. Instituce nab\u00edz\u00ed \u0159adu bakal\u00e1\u0159sk\u00fdch a postgradu\u00e1ln\u00edch studijn\u00edch program\u016f v r\u016fzn\u00fdch oborech a klade d\u016fraz na mal\u00e9 po\u010dty student\u016f ve t\u0159\u00edd\u00e1ch a vybaven\u00ed odpov\u00eddaj\u00edc\u00ed standard\u016fm dan\u00e9ho odv\u011btv\u00ed. V prosinci 2024 univerzita ofici\u00e1ln\u011b p\u0159ijala nov\u00fd n\u00e1zev, aby se v\u00edce p\u0159ibl\u00ed\u017eila regionu Velk\u00e9ho Manchesteru a zv\u00fd\u0161ila sv\u00e9 celosv\u011btov\u00e9 uzn\u00e1n\u00ed.<\/p>\n<\/div><\/div>\n","protected":false},"excerpt":{"rendered":"<p>UNYP&nbsp;spolupracuje&nbsp;s&nbsp;presti\u017en\u00edmi univerzitami a vysok\u00fdmi \u0161kolami v USA a EU. State University of New York, Empire State University Jako\u017eto sou\u010d\u00e1st syst\u00e9mu State University of New York (nejv\u011bt\u0161\u00edho syst\u00e9mu st\u00e1tn\u00edho univerzitn\u00edho vzd\u011bl\u00e1v\u00e1n\u00ed v USA), nab\u00edz\u00ed Empire State University&nbsp;student\u016fm z cel\u00e9ho sv\u011bta p\u0159\u00edle\u017eitost z\u00edskat americk\u00fd bakal\u00e1\u0159sk\u00fd titul v \u0159ad\u011b r\u016fzn\u00fdch obor\u016f. Empire State University je akreditov\u00e1na p\u0159\u00edslu\u0161nou komis\u00ed&nbsp;Middle [&hellip;]<\/p>\n","protected":false},"author":1,"featured_media":0,"parent":0,"menu_order":0,"comment_status":"closed","ping_status":"closed","template":"","meta":{"_acf_changed":false,"inline_featured_image":false,"advgb_blocks_editor_width":"","advgb_blocks_columns_visual_guide":"","footnotes":""},"categories":[],"tags":[],"class_list":["post-20032","page","type-page","status-publish","hentry"],"acf":[],"mb":[],"coauthors":[],"author_meta":{"author_link":"https:\/\/www.unyp.cz\/cs\/author\/kucera-centario\/","display_name":"kucera.centario"},"relative_dates":{"created":"Posted 4 years ago","modified":"Updated 1 year ago"},"absolute_dates":{"created":"Posted on September 28, 2022","modified":"Updated on March 7, 2025"},"absolute_dates_time":{"created":"Posted on September 28, 2022 11:50 AM","modified":"Updated on March 7, 2025 4:55 PM"},"featured_img_caption":"","featured_img":false,"series_order":"","mfb_rest_fields":["title","coauthors","author_meta","relative_dates","absolute_dates","absolute_dates_time","featured_img_caption","featured_img","series_order"],"_links":{"self":[{"href":"https:\/\/www.unyp.cz\/cs\/wp-json\/wp\/v2\/pages\/20032","targetHints":{"allow":["GET"]}}],"collection":[{"href":"https:\/\/www.unyp.cz\/cs\/wp-json\/wp\/v2\/pages"}],"about":[{"href":"https:\/\/www.unyp.cz\/cs\/wp-json\/wp\/v2\/types\/page"}],"author":[{"embeddable":true,"href":"https:\/\/www.unyp.cz\/cs\/wp-json\/wp\/v2\/users\/1"}],"replies":[{"embeddable":true,"href":"https:\/\/www.unyp.cz\/cs\/wp-json\/wp\/v2\/comments?post=20032"}],"version-history":[{"count":7,"href":"https:\/\/www.unyp.cz\/cs\/wp-json\/wp\/v2\/pages\/20032\/revisions"}],"predecessor-version":[{"id":59986,"href":"https:\/\/www.unyp.cz\/cs\/wp-json\/wp\/v2\/pages\/20032\/revisions\/59986"}],"wp:attachment":[{"href":"https:\/\/www.unyp.cz\/cs\/wp-json\/wp\/v2\/media?parent=20032"}],"wp:term":[{"taxonomy":"category","embeddable":true,"href":"https:\/\/www.unyp.cz\/cs\/wp-json\/wp\/v2\/categories?post=20032"},{"taxonomy":"post_tag","embeddable":true,"href":"https:\/\/www.unyp.cz\/cs\/wp-json\/wp\/v2\/tags?post=20032"}],"curies":[{"name":"wp","href":"https:\/\/api.w.org\/{rel}","templated":true}]}}