{"id":20036,"date":"2022-09-28T12:09:45","date_gmt":"2022-09-28T11:09:45","guid":{"rendered":"https:\/\/www.unyp.cz\/admissions-requirements\/"},"modified":"2026-04-09T12:58:07","modified_gmt":"2026-04-09T11:58:07","slug":"predpoklady-pro-prijeti","status":"publish","type":"page","link":"https:\/\/www.unyp.cz\/cs\/predpoklady-pro-prijeti\/","title":{"rendered":"P\u0159edpoklady pro p\u0159ijet\u00ed"},"content":{"rendered":"\n<figure class=\"wp-block-image size-large\"><img data-opt-id=817585935  fetchpriority=\"high\" decoding=\"async\" src=\"https:\/\/mlgfjgj9j0su.i.optimole.com\/w:1400\/h:933\/q:mauto\/f:best\/https:\/\/www.unyp.cz\/wp-content\/uploads\/2024\/12\/2G3A1783-2.jpeg\" alt=\"\" class=\"wp-image-55093\"\/><\/figure>\n\n\n\n<p>N\u00e1\u0161 <strong>pr\u016fb\u011b\u017en\u00fd p\u0159ij\u00edmac\u00ed proces<\/strong> umo\u017e\u0148uje podat p\u0159ihl\u00e1\u0161ku do kter\u00e9hokoli studijn\u00edho programu <strong>kdykoliv b\u011bhem roku<\/strong>. Tato mo\u017enost plat\u00ed pro <strong>bakal\u00e1\u0159sk\u00e9 | magistersk\u00e9 | MBA programy<\/strong>.<\/p>\n\n\n\n<p>N\u00ed\u017ee naleznete <strong>minim\u00e1ln\u00ed p\u0159ij\u00edmac\u00ed po\u017eadavky<\/strong>, kter\u00e9 mus\u00ed uchaze\u010di splnit. Sou\u010d\u00e1st\u00ed p\u0159ij\u00edmac\u00edho \u0159\u00edzen\u00ed je tak\u00e9 <strong>pohovor se studijn\u00edm poradcem<\/strong>, b\u011bhem kter\u00e9ho uchaze\u010di prok\u00e1\u017eou svou motivaci a vhodnost ke studiu na UNYP.<\/p>\n\n\n\n<p>V souladu s filozofi\u00ed <strong>americk\u00e9ho stylu vzd\u011bl\u00e1v\u00e1n\u00ed<\/strong> UNYP nab\u00edz\u00ed p\u0159\u00edle\u017eitost ke studiu v\u0161em kvalifikovan\u00fdm a motivovan\u00fdm kandid\u00e1t\u016fm. P\u0159ijat\u00ed studenti jsou povinni udr\u017eovat <strong>dobr\u00fd studijn\u00ed prosp\u011bch<\/strong>, aby mohli ve studiu pokra\u010dovat. <strong>Cel\u00fd p\u0159ij\u00edmac\u00ed proces lze absolvovat online<\/strong>, bez nutnosti osobn\u00ed n\u00e1v\u0161t\u011bvy.<\/p>\n\n\n\n<p><strong>Upozorn\u011bn\u00ed:<\/strong> Ve\u0161ker\u00e9 dokumenty, kter\u00e9 nejsou v origin\u00e1le v angli\u010dtin\u011b, mus\u00ed b\u00fdt p\u0159edlo\u017eeny spolu s <strong>\u00fa\u0159edn\u011b ov\u011b\u0159en\u00fdm p\u0159ekladem do anglick\u00e9ho jazyka<\/strong>.<\/p>\n\n\n\n<div class=\"wp-block-getwid-accordion has-icon-left\" data-active-element=\"none\">\n<div class=\"wp-block-getwid-accordion__header-wrapper\"><span class=\"wp-block-getwid-accordion__header\"><a href=\"#\"><span class=\"wp-block-getwid-accordion__header-title\">Po\u017eadavky na p\u0159ijet\u00ed do bakal\u00e1\u0159sk\u00fdch program\u016f UNYP<\/span><span class=\"wp-block-getwid-accordion__icon is-active\"><i class=\"fas fa-plus\"><\/i><\/span><span class=\"wp-block-getwid-accordion__icon is-passive\"><i class=\"fas fa-minus\"><\/i><\/span><\/a><\/span><\/div><div class=\"wp-block-getwid-accordion__content-wrapper\"><div class=\"wp-block-getwid-accordion__content\">\n<p><\/p>\n\n\n\n<ul class=\"wp-block-list\">\n<li>Vypln\u011bn\u00e1 p\u0159ihl\u00e1\u0161ka UNYP;<\/li>\n\n\n\n<li>Ov\u011b\u0159en\u00e1&nbsp;kopie&nbsp;maturitn\u00edho vysv\u011bd\u010den\u00ed (pokud ji v dob\u011b, kdy se p\u0159ihla\u0161ujete, nem\u00e1te k dispozici, m\u016f\u017eete ji zaslat a\u017e do z\u00e1\u0159\u00ed);<\/li>\n\n\n\n<li>Ov\u011b\u0159en\u00e9 potvrzen\u00ed o studiu; <\/li>\n\n\n\n<li>Osobn\u00ed prohl\u00e1\u0161en\u00ed (motiva\u010dn\u00ed dopis, ve kter\u00e9m pop\u00ed\u0161ete, jak v\u00e1m zvolen\u00fd program pom\u016f\u017ee ke&nbsp;spln\u011bn\u00ed&nbsp;va\u0161ich&nbsp;profesn\u00edch a osobn\u00edch c\u00edl\u016f);<\/li>\n\n\n\n<li>Doporu\u010duj\u00edc\u00ed dopis&nbsp;(dopis od va\u0161eho vyu\u010duj\u00edc\u00edho, kter\u00fd m\u016f\u017ee potvrdit va\u0161e schopnosti a motivaci k zaps\u00e1n\u00ed do programu); <\/li>\n\n\n\n<li>Certifik\u00e1t z&nbsp;anglick\u00e9ho jazyka:\n<ul class=\"wp-block-list\">\n<li>TOEFL test na internetu&nbsp;(ibt) 72 a v\u00edce bod\u016f<\/li>\n\n\n\n<li>UNYP English test 72 a vice bod\u016f<\/li>\n\n\n\n<li>IELTS akademick\u00fd test 6.0 a v\u00edce bod\u016f<\/li>\n\n\n\n<li>Duolingo 105 a v\u00edce bod\u016f<\/li>\n\n\n\n<li>FCE A, B<\/li>\n\n\n\n<li>CAE A, B, C<\/li>\n\n\n\n<li>CPE A, B, C<\/li>\n\n\n\n<li>ACT z&nbsp;angli\u010dtiny, hodnocen\u00ed 23 a v\u00edce bod\u016f<\/li>\n\n\n\n<li>SAT Critical, hodnocen\u00ed \u010dten\u00ed a psan\u00ed 550 a v\u00edce bod\u016f<\/li>\n\n\n\n<li>City &amp; Guilds C1, C2<\/li>\n\n\n\n<li>\u010cesk\u00e1\/slovensk\u00e1 st\u00e1tn\u00ed zkou\u0161ka z&nbsp;angli\u010dtiny<\/li>\n\n\n\n<li>\u010cesk\u00e1\/slovensk\u00e1 maturitn\u00ed zkou\u0161ka z&nbsp;angli\u010dtiny, zn\u00e1mka 1<\/li>\n\n\n\n<li>Diplom IB A3<\/li>\n\n\n\n<li>NOCN ESOL International: \u00darove\u0148 2 \/ C1<\/li>\n\n\n\n<li>Pearson PTE 50 points<\/li>\n<\/ul>\n<\/li>\n\n\n\n<li>Kopii ob\u010dansk\u00e9ho pr\u016fkazu nebo pasu; <\/li>\n\n\n\n<li>Poplatek za pod\u00e1n\u00ed \u017e\u00e1dosti ve v\u00fd\u0161i 2000 K\u010d (nevratn\u00fd);<\/li>\n\n\n\n<li>Po zasl\u00e1n\u00ed&nbsp;v\u0161ech po\u017eadovan\u00fdch dokument\u016f jsou studenti p\u0159izv\u00e1ni k \u00fastn\u00edmu pohovoru s vedouc\u00edm katedry. Tento rozhovor rozhodne o va\u0161em p\u0159ijet\u00ed do programu&nbsp;a lze jej uskute\u010dnit i jako telefonn\u00ed&nbsp;nebo video hovor v&nbsp;p\u0159\u00edpad\u011b zahrani\u010dn\u00edch uchaze\u010d\u016f.<\/li>\n<\/ul>\n<\/div><\/div>\n\n\n\n<div class=\"wp-block-getwid-accordion__header-wrapper\"><span class=\"wp-block-getwid-accordion__header\"><a href=\"#\"><span class=\"wp-block-getwid-accordion__header-title\">Roz\u0159azovac\u00ed testy pro nov\u00e9 studenty bakal\u00e1\u0159sk\u00e9ho studia<\/span><span class=\"wp-block-getwid-accordion__icon is-active\"><i class=\"fas fa-plus\"><\/i><\/span><span class=\"wp-block-getwid-accordion__icon is-passive\"><i class=\"fas fa-minus\"><\/i><\/span><\/a><\/span><\/div><div class=\"wp-block-getwid-accordion__content-wrapper\"><div class=\"wp-block-getwid-accordion__content\">\n<h3 class=\"wp-block-heading\" id=\"h-vstupni-test-z-matematiky\">Vstupn\u00ed test z matematiky<\/h3>\n\n\n\n<p>Matematick\u00fd zp\u016fsobilostn\u00ed test je povinn\u00fd pro <strong>studenty obor\u016f Obchodn\u00ed administrativa a Informatika.<\/strong> Test zahrnuje dovednosti z p\u0159edalgebry a algebry na \u00farovni vysok\u00e9 \u0161koly a zajist\u00ed um\u00edst\u011bn\u00ed student\u016f do kurz\u016f odpov\u00eddaj\u00edc\u00edch jejich dovednostem, co\u017e je kl\u00ed\u010dov\u00e9 pro jejich \u00fasp\u011bch.<\/p>\n\n\n\n<p>Studenti mohou absolvovat Matematick\u00fd zp\u016fsobilostn\u00ed test pouze jednou a to p\u0159ed zah\u00e1jen\u00edm sv\u00fdch studi\u00ed na UNYP. Matematick\u00fd zp\u016fsobilostn\u00ed test trv\u00e1 v z\u00e1vislosti na v\u00fdkonu a\u017e 90 minut.<\/p>\n\n\n\n<p>Studenti jsou vyzv\u00e1ni, aby tento test brali v\u00e1\u017en\u011b, proto\u017ee ur\u010duje um\u00edst\u011bn\u00ed do jejich prvn\u00edho matematick\u00e9ho kurzu (Dovednosti algebry nebo Algebra na \u00farovni vysok\u00e9 \u0161koly).<\/p>\n\n\n\n<p>Studenti, kte\u0159\u00ed dos\u00e1hnou sk\u00f3re 0-29 bod\u016f ze 100, jsou um\u00edst\u011bni do kurz\u016f z\u00e1klad\u016f Dovednost\u00ed algebry. Studenti, kte\u0159\u00ed dos\u00e1hnou 30-79 bod\u016f, studuj\u00ed Algebru na \u00farovni vysok\u00e9 \u0161koly podle po\u017eadavk\u016f sv\u00e9ho studijn\u00edho programu v matematice. Studenti, kte\u0159\u00ed dos\u00e1hnou 80-100 bod\u016f, jsou osvobozeni od kurzu Algebry na \u00farovni vysok\u00e9 \u0161koly a mohou studovat pokro\u010dilej\u0161\u00ed kurz, Kalkulus.<\/p>\n\n\n\n<p>Pro zobrazen\u00ed a procvi\u010den\u00ed v\u0161ech dovednost\u00ed vhodn\u00fdch pro Matematick\u00fd zp\u016fsobilostn\u00ed test klikn\u011bte na n\u00e1sleduj\u00edc\u00ed odkazy: <br><a href=\"https:\/\/www.khanacademy.org\/math\/pre-algebra\">https:\/\/www.khanacademy.org\/math\/pre-algebra<\/a> <a href=\"https:\/\/www.khanacademy.org\/math\/algebra\">https:\/\/www.khanacademy.org\/math\/algebra<\/a><\/p>\n\n\n\n<p>Studenti v\u0161ech obor\u016f, kte\u0159\u00ed \u017e\u00e1daj\u00ed o stipendium zalo\u017een\u00e9 na z\u00e1sluh\u00e1ch, absolvuj\u00ed Matematick\u00fd zp\u016fsobilostn\u00ed test jako sou\u010d\u00e1st sv\u00e9 p\u0159ihl\u00e1\u0161ky. Pro v\u00edce informac\u00ed o stipendi\u00edch zalo\u017een\u00fdch na z\u00e1sluh\u00e1ch klikn\u011bte <a href=\"https:\/\/www.unyp.cz\/cs\/stipendia-a-financni-pomoc\/\">zde<\/a>.<\/p>\n<\/div><\/div>\n\n\n\n<div class=\"wp-block-getwid-accordion__header-wrapper\"><span class=\"wp-block-getwid-accordion__header\"><a href=\"#\"><span class=\"wp-block-getwid-accordion__header-title\">Po\u017eadavky na p\u0159ijet\u00ed do magistersk\u00fdch program\u016f UNYP<\/span><span class=\"wp-block-getwid-accordion__icon is-active\"><i class=\"fas fa-plus\"><\/i><\/span><span class=\"wp-block-getwid-accordion__icon is-passive\"><i class=\"fas fa-minus\"><\/i><\/span><\/a><\/span><\/div><div class=\"wp-block-getwid-accordion__content-wrapper\"><div class=\"wp-block-getwid-accordion__content\">\n<h3 class=\"wp-block-heading\" id=\"h-master-in-business-administration\">Master in Business Administration<\/h3>\n\n\n\n<ul class=\"wp-block-list\">\n<li>Vypln\u011bn\u00e1 p\u0159ihl\u00e1\u0161ka UNYP;<\/li>\n\n\n\n<li>Ov\u011b\u0159en\u00e1 kopie diplomu z p\u0159edchoz\u00edho studia&nbsp;\u2013 minim\u00e1ln\u011b bakal\u00e1\u0159sk\u00fdch diplom&nbsp;(pokud ho nem\u00e1te v&nbsp;dob\u011b, kdy pod\u00e1v\u00e1te p\u0159ihl\u00e1\u0161ku k&nbsp;dispozici, m\u016f\u017eete ho p\u0159edlo\u017eit a\u017e do z\u00e1\u0159\u00ed);<\/li>\n\n\n\n<li>Ov\u011b\u0159en\u00e9 potvrzen\u00ed o studiu;<\/li>\n\n\n\n<li>Osobn\u00ed prohl\u00e1\u0161en\u00ed;<br>Motiva\u010dn\u00ed dopis, ve kter\u00e9m pop\u00ed\u0161ete, jak v\u00e1m zvolen\u00fd program pom\u016f\u017ee k dosa\u017een\u00ed va\u0161ich&nbsp;profesn\u00edch a osobn\u00edch c\u00edl\u016f.<\/li>\n\n\n\n<li>Dva doporu\u010duj\u00edc\u00ed dopisy va\u0161ich vyu\u010duj\u00edc\u00edch nebo \u0161kolitel\u016f, kte\u0159\u00ed mohou potvrdit va\u0161e schopnosti a motivaci k zaps\u00e1n\u00ed do programu;<\/li>\n\n\n\n<li>\u017divotopis;<\/li>\n\n\n\n<li>3+ roky relevantn\u00ed pracovn\u00ed zku\u0161enosti;<\/li>\n\n\n\n<li>Certifik\u00e1t z&nbsp;anglick\u00e9ho jazyka:\n<ul class=\"wp-block-list\">\n<li>TOEFL internetov\u00fd test (ibt) 79 nebo vy\u0161\u0161\u00ed<\/li>\n\n\n\n<li>IELTS Academic 6.5 nebo vy\u0161\u0161\u00ed<\/li>\n\n\n\n<li>CAE A, B, C<\/li>\n\n\n\n<li>CPE A, B, C<\/li>\n\n\n\n<li>Duolingo 110 +<\/li>\n\n\n\n<li>Pearson PTE 53 points<\/li>\n<\/ul>\n<\/li>\n\n\n\n<li>Kopii ob\u010dansk\u00e9ho pr\u016fkazu nebo pasu;<\/li>\n\n\n\n<li>Poplatek za pod\u00e1n\u00ed \u017e\u00e1dosti ve v\u00fd\u0161i 2000 K\u010d (nevratn\u00fd);<\/li>\n\n\n\n<li>Po zasl\u00e1n\u00ed&nbsp;v\u0161ech po\u017eadovan\u00fdch dokument\u016f jsou studenti p\u0159izv\u00e1ni k \u00fastn\u00edmu pohovoru s vedouc\u00edm katedry. Tento rozhovor rozhodne o p\u0159ijet\u00ed do programu a lze jej uskute\u010dnit jako telefonn\u00ed nebo video rozhovor u zahrani\u010dn\u00edch \u017eadatel\u016f. <\/li>\n<\/ul>\n\n\n\n<p><\/p>\n\n\n\n<h3 class=\"wp-block-heading\" id=\"h-master-in-psychology\">Master in Psychology<\/h3>\n\n\n\n<ul class=\"wp-block-list\">\n<li>Vypln\u011bn\u00e1 p\u0159ihl\u00e1\u0161ka UNYP;<\/li>\n\n\n\n<li>Ov\u011b\u0159en\u00e1 kopie diplomu z p\u0159edchoz\u00edho studia&nbsp;\u2013 minim\u00e1ln\u011b bakal\u00e1\u0159sk\u00fdch diplom&nbsp;<\/li>\n\n\n\n<li>Ov\u011b\u0159en\u00e9 potvrzen\u00ed o studiu;<\/li>\n\n\n\n<li>Osobn\u00ed prohl\u00e1\u0161en\u00ed;<br>Motiva\u010dn\u00ed dopis, ve kter\u00e9m pop\u00ed\u0161ete, jak v\u00e1m zvolen\u00fd program pom\u016f\u017ee k dosa\u017een\u00ed va\u0161ich&nbsp;profesn\u00edch a osobn\u00edch c\u00edl\u016f.<\/li>\n\n\n\n<li>Dva doporu\u010duj\u00edc\u00ed dopisy va\u0161ich vyu\u010duj\u00edc\u00edch nebo \u0161kolitel\u016f, kte\u0159\u00ed mohou potvrdit va\u0161e schopnosti a motivaci k zaps\u00e1n\u00ed do programu; <\/li>\n\n\n\n<li>P\u0159\u00edslu\u0161n\u00fd bakal\u00e1\u0159sk\u00fd titul; <\/li>\n\n\n\n<li>Uzn\u00e1n\u00ed zahrani\u010dn\u00edho bakal\u00e1\u0159sk\u00e9ho diplomu v \u010cesk\u00e9 republice, pokud je to p\u0159\u00edpadn\u00e9;<\/li>\n\n\n\n<li>Certifik\u00e1t z&nbsp;anglick\u00e9ho jazyka:\n<ul class=\"wp-block-list\">\n<li>TOEFL internetov\u00fd test (ibt) 79 nebo vy\u0161\u0161\u00ed<\/li>\n\n\n\n<li>IELTS Academic 6.5 nebo vy\u0161\u0161\u00ed<\/li>\n\n\n\n<li>CAE A, B, C<\/li>\n\n\n\n<li>CPE A, B, C<\/li>\n\n\n\n<li>Duolingo 110 +<\/li>\n\n\n\n<li>Pearson PTE 53 points<\/li>\n<\/ul>\n<\/li>\n\n\n\n<li>Kopii ob\u010dansk\u00e9ho pr\u016fkazu nebo pasu;<\/li>\n\n\n\n<li>Poplatek za pod\u00e1n\u00ed \u017e\u00e1dosti ve v\u00fd\u0161i 2000 K\u010d (nevratn\u00fd);<\/li>\n\n\n\n<li>Po zasl\u00e1n\u00ed&nbsp;v\u0161ech po\u017eadovan\u00fdch dokument\u016f jsou studenti p\u0159izv\u00e1ni k \u00fastn\u00edmu pohovoru s vedouc\u00edm katedry. Tento rozhovor rozhodne o p\u0159ijet\u00ed do programu a lze jej uskute\u010dnit jako telefonn\u00ed nebo video rozhovor u zahrani\u010dn\u00edch \u017eadatel\u016f. <\/li>\n<\/ul>\n\n\n\n<p><\/p>\n\n\n\n<h3 class=\"wp-block-heading\" id=\"h-master-in-digital-marketing-and-analytics-amp-business-analytics\">Master in Digital Marketing and Analytics &amp; Business Analytics<\/h3>\n\n\n\n<ul class=\"wp-block-list\">\n<li>Vypln\u011bn\u00e1 p\u0159ihl\u00e1\u0161ka UNYP;<\/li>\n\n\n\n<li>Minim\u00e1ln\u00ed druh\u00e1 t\u0159\u00edda \u00farovn\u011b 8 s vyznamen\u00e1n\u00edm (H22) v p\u0159\u00edbuzn\u00e9m oboru ze t\u0159et\u00ed \u00farovn\u011b uzn\u00e1van\u00e9 instituce (p\u0159\u00edbuzn\u00e9 obory jsou definov\u00e1ny jako marketing, obchod, finance, IT s komponentou marketingu nebo p\u0159\u00edbuzn\u00fd obor) nebo ekvivalentn\u00ed odborn\u00e1 kvalifikace, jako je MMII;<br><strong>nebo<\/strong><br>Uchaze\u010di, kte\u0159\u00ed nemaj\u00ed kvalifikaci \u00farovn\u011b 8, ale maj\u00ed alespo\u0148 3 roky relevantn\u00ed pracovn\u00ed zku\u0161enosti, mohou b\u00fdt tak\u00e9 zva\u017eov\u00e1ni prost\u0159ednictv\u00edm b\u011b\u017en\u00fdch postup\u016f uzn\u00e1v\u00e1n\u00ed p\u0159edchoz\u00edch zku\u0161enost\u00ed v DBS. Relevantn\u00ed profesn\u00ed zku\u0161enosti budou br\u00e1ny v \u00favahu a jednotlivci budou posuzov\u00e1ni individu\u00e1ln\u011b prost\u0159ednictv\u00edm postup\u016f uzn\u00e1v\u00e1n\u00ed p\u0159edchoz\u00edch zku\u0161enost\u00ed DBS;<\/li>\n\n\n\n<li>Osobn\u00ed prohl\u00e1\u0161en\u00ed;<br>Motiva\u010dn\u00ed dopis, ve kter\u00e9m pop\u00ed\u0161ete, jak v\u00e1m zvolen\u00fd program pom\u016f\u017ee k dosa\u017een\u00ed va\u0161ich&nbsp;profesn\u00edch a osobn\u00edch c\u00edl\u016f.<\/li>\n\n\n\n<li>Dva doporu\u010duj\u00edc\u00ed dopisy va\u0161ich vyu\u010duj\u00edc\u00edch nebo \u0161kolitel\u016f, kte\u0159\u00ed mohou potvrdit va\u0161e schopnosti a motivaci k zaps\u00e1n\u00ed do programu; <\/li>\n\n\n\n<li>\u017divotopis;<\/li>\n\n\n\n<li>Certifik\u00e1t z&nbsp;anglick\u00e9ho jazyka;<br>Pro uchaze\u010de, jejich\u017e mate\u0159sk\u00fdm jazykem nen\u00ed angli\u010dtina a kte\u0159\u00ed ned\u011blali sv\u016fj bakal\u00e1\u0159sk\u00fd titul anglicky, je vy\u017eadov\u00e1no n\u00e1sleduj\u00edc\u00ed: Minim\u00e1ln\u00ed po\u017eadavek pro mluv\u010d\u00ed nenucen\u00e9 angli\u010dtiny je roven nebo vy\u0161\u0161\u00ed ne\u017e B2+ v Sjednocen\u00e9m evropsk\u00e9m referen\u010dn\u00edm r\u00e1mci pro jazyky pro p\u0159ijet\u00ed.<\/li>\n\n\n\n<li>Kopii ob\u010dansk\u00e9ho pr\u016fkazu nebo pasu;<\/li>\n\n\n\n<li>Poplatek za pod\u00e1n\u00ed \u017e\u00e1dosti ve v\u00fd\u0161i 2000 K\u010d (nevratn\u00fd);<\/li>\n\n\n\n<li>Po zasl\u00e1n\u00ed&nbsp;v\u0161ech po\u017eadovan\u00fdch dokument\u016f jsou studenti p\u0159izv\u00e1ni k \u00fastn\u00edmu pohovoru s vedouc\u00edm katedry. Tento rozhovor rozhodne o p\u0159ijet\u00ed do programu a lze jej uskute\u010dnit jako telefonn\u00ed nebo video rozhovor u zahrani\u010dn\u00edch \u017eadatel\u016f. <\/li>\n<\/ul>\n<\/div><\/div>\n\n\n\n<div class=\"wp-block-getwid-accordion__header-wrapper\"><span class=\"wp-block-getwid-accordion__header\"><a href=\"#\"><span class=\"wp-block-getwid-accordion__header-title\">Studenti, kte\u0159\u00ed p\u0159estupuj\u00ed z jin\u00e9 \u0161koly<\/span><span class=\"wp-block-getwid-accordion__icon is-active\"><i class=\"fas fa-plus\"><\/i><\/span><span class=\"wp-block-getwid-accordion__icon is-passive\"><i class=\"fas fa-minus\"><\/i><\/span><\/a><\/span><\/div><div class=\"wp-block-getwid-accordion__content-wrapper\"><div class=\"wp-block-getwid-accordion__content\">\n<p>UNYP p\u0159ij\u00edm\u00e1 ke&nbsp;studiu v&nbsp;\u010cesk\u00e9 republice kvalifikovan\u00e9 kandid\u00e1ty z&nbsp;\u0159ad akreditovan\u00fdch dvou a \u010dty\u0159let\u00fdch vysoko\u0161kolsk\u00fdch \u010di univerzitn\u00edch studijn\u00edch program\u016f. Uchaze\u010di, kte\u0159\u00ed maj\u00ed z\u00e1jem o p\u0159estup, mus\u00ed&nbsp;p\u0159edlo\u017eit sv\u00e9 pr\u016fm\u011brn\u00e9 bodov\u00e9 hodnocen\u00ed&nbsp;v&nbsp;kreditech, kter\u00e9ho dos\u00e1hli za celou svou p\u0159edchoz\u00ed a akreditovanou pr\u00e1ci na&nbsp;\u0161kole, aby mohlo b\u00fdt zv\u00e1\u017eeno jejich p\u0159ijet\u00ed. P\u0159estupuj\u00edc\u00ed kandid\u00e1ti,&nbsp;kte\u0159\u00ed disponuj\u00ed dobr\u00fdmi studijn\u00edmi v\u00fdsledky, ale dos\u00e1hli m\u00e9n\u011b&nbsp;ne\u017e 24 kredit\u016f, mus\u00ed p\u0159edlo\u017eit krom\u011b ofici\u00e1ln\u00edch studijn\u00edch dokument\u016f z&nbsp;vysok\u00e9 \u0161koly tak\u00e9 ofici\u00e1ln\u00ed dokumenty o dosavadn\u00edm studiu na st\u0159edn\u00ed \u0161kole, diplom a&nbsp;ofici\u00e1ln\u00ed certifik\u00e1t zkou\u0161ek z anglick\u00e9ho jazyka (TOEFL nad 197 bod\u016f (CBT); 530 bod\u016f (PBT) nebo 72 bod\u016f (internet, IBT).<\/p>\n\n\n\n<p>Studenti anglick\u00fdch st\u0159edn\u00edch a vysok\u00fdch \u0161kol maj\u00ed z&nbsp;po\u017eadavk\u016f na TOEFL v\u00fdjimku.<\/p>\n\n\n\n<h4 class=\"wp-block-heading\" id=\"h-terminy-predani-studijnich-dokumentu\">Term\u00edny p\u0159ed\u00e1n\u00ed studijn\u00edch dokument\u016f<\/h4>\n\n\n\n<p>Ofici\u00e1ln\u00ed dokumenty mus\u00ed b\u00fdt doru\u010deny prod\u011bkanovi do 1. srpna pro podzimn\u00ed a do 2. ledna pro jarn\u00ed p\u0159ij\u00edmac\u00ed \u0159\u00edzen\u00ed.<\/p>\n\n\n\n<p>Budete-li m\u00edt jak\u00e9koli dotazy, kontaktujte pros\u00edm na\u0161i&nbsp;p\u0159ij\u00edmac\u00ed kancel\u00e1\u0159 na&nbsp;<a href=\"mailto:admissions@unyp.cz?subject=P%C5%99edpoklady%20pro%20p%C5%99ijet%C3%AD\">admissions@unyp.cz<\/a>.<\/p>\n\n\n\n<h4 class=\"wp-block-heading\" id=\"h-ke-stazeni\">Ke sta\u017een\u00ed<\/h4>\n\n\n\n<p>Pokyny pro p\u0159evod kredit\u016f pro UNYP a Empire State University<\/p>\n\n\n\n<p>Pr\u016fvodce p\u0159evodem kredit\u016f na UNYP a Empire State University, v\u010detn\u011b po\u017eadavk\u016f na v\u00fdpis zn\u00e1mek, postup\u016f hodnocen\u00ed, poplatk\u016f a term\u00edn\u016f.<\/p>\n\n\n\n<div class=\"wp-block-file\"><a id=\"wp-block-file--media-25660fc4-5e1d-4953-93a3-9782fa7a6fe2\" href=\"https:\/\/www.unyp.cz\/wp-content\/uploads\/2025\/11\/suny_transfer-of-credits-from-another-university_ib-diploma_a-levels_ap-scores-1.pdf\">SUNY_TRANSFER OF CREDITS FROM ANOTHER UNIVERSITY_IB Diploma_A levels_AP scores<\/a><a href=\"https:\/\/www.unyp.cz\/wp-content\/uploads\/2025\/11\/suny_transfer-of-credits-from-another-university_ib-diploma_a-levels_ap-scores-1.pdf\" class=\"wp-block-file__button wp-element-button\" download aria-describedby=\"wp-block-file--media-25660fc4-5e1d-4953-93a3-9782fa7a6fe2\">Download<\/a><\/div>\n\n\n\n<div class=\"wp-block-file\"><a id=\"wp-block-file--media-506b029b-9448-4182-84c9-0817af2d37db\" href=\"https:\/\/www.unyp.cz\/wp-content\/uploads\/2025\/11\/3-year-european-business-administration_transfer-of-credits-from-another-university_ib-diploma_a-levels_ap-scores-2.pdf\">3 YEAR European Business administration_TRANSFER OF CREDITS FROM ANOTHER UNIVERSITY_IB Diploma_A levels_AP scores<\/a><a href=\"https:\/\/www.unyp.cz\/wp-content\/uploads\/2025\/11\/3-year-european-business-administration_transfer-of-credits-from-another-university_ib-diploma_a-levels_ap-scores-2.pdf\" class=\"wp-block-file__button wp-element-button\" download aria-describedby=\"wp-block-file--media-506b029b-9448-4182-84c9-0817af2d37db\">Download<\/a><\/div>\n\n\n\n<p>ESC Policy on IB Diploma Evaluation<\/p>\n\n\n\n<p>Z\u00e1sady hodnocen\u00ed kredit\u016f pro SUNY Empire Prague, podrobn\u011b popisuj\u00edc\u00ed podm\u00ednky pro p\u0159evod kredit\u016f a po\u017eadavky na dokumentaci pro IB, A-Levels, AP zkou\u0161ky, \u010desk\u00e9 a mezin\u00e1rodn\u00ed univerzity a Sophia Learning.<\/p>\n\n\n\n<div class=\"wp-block-file\"><a id=\"wp-block-file--media-059291a2-cf4c-402a-b7bf-5fc73dfe7321\" href=\"https:\/\/www.unyp.cz\/wp-content\/uploads\/2025\/09\/suny-empire-credit-evaluation-policies-prague-updated-16-09-2025-1.pdf\">SUNY Empire Credit Evaluation Policies (Prague) UPDATED 16-09-2025<\/a><a href=\"https:\/\/www.unyp.cz\/wp-content\/uploads\/2025\/09\/suny-empire-credit-evaluation-policies-prague-updated-16-09-2025-1.pdf\" class=\"wp-block-file__button wp-element-button\" download aria-describedby=\"wp-block-file--media-059291a2-cf4c-402a-b7bf-5fc73dfe7321\">Download<\/a><\/div>\n\n\n\n<p><a href=\"https:\/\/naces.org\/members\/\">Extern\u00ed hodnotitel\u00e9 vysv\u011bd\u010den\u00ed (hodnocen\u00ed \u201ekurz po kurzu\u201c)<\/a><\/p>\n\n\n\n<p>NACES je sdru\u017een\u00ed uzn\u00e1van\u00fdch agentur, kter\u00e9 hodnot\u00ed mezin\u00e1rodn\u00ed akademick\u00e9 kvalifikace pro americk\u00e9 instituce. Studenti p\u0159estupuj\u00edc\u00ed z neamerick\u00fdch nebo ne\u010desk\u00fdch univerzit mus\u00ed k ov\u011b\u0159en\u00ed sv\u00fdch kredit\u016f vyu\u017e\u00edt slu\u017eby \u010dlena NACES.<\/p>\n<\/div><\/div>\n\n\n\n<div class=\"wp-block-getwid-accordion__header-wrapper\"><span class=\"wp-block-getwid-accordion__header\"><a href=\"#\"><span class=\"wp-block-getwid-accordion__header-title\">Uzn\u00e1v\u00e1n\u00ed zahrani\u010dn\u00edho vzd\u011bl\u00e1n\u00ed v \u010cesk\u00e9 republice<\/span><span class=\"wp-block-getwid-accordion__icon is-active\"><i class=\"fas fa-plus\"><\/i><\/span><span class=\"wp-block-getwid-accordion__icon is-passive\"><i class=\"fas fa-minus\"><\/i><\/span><\/a><\/span><\/div><div class=\"wp-block-getwid-accordion__content-wrapper\"><div class=\"wp-block-getwid-accordion__content\">\n<p>Pokud pl\u00e1nujete studium v akreditovan\u00e9m programu na UNYP a m\u00e1te zahrani\u010dn\u00ed st\u0159edo\u0161kolsk\u00e9 vzd\u011bl\u00e1n\u00ed, m\u016f\u017ee b\u00fdt nutn\u00e9 jeho ofici\u00e1ln\u00ed uzn\u00e1n\u00ed v \u010cesk\u00e9 republice (tzv. nostrifikace).<\/p>\n\n\n\n<p>Tento proces se t\u00fdk\u00e1 p\u0159edev\u0161\u00edm zahrani\u010dn\u00edch uchaze\u010d\u016f, ale m\u016f\u017ee se vztahovat i na n\u011bkter\u00e9 \u010desk\u00e9 studenty se zahrani\u010dn\u00ed maturitou. V\u00edce informac\u00ed najdete zde:<br>\u2192 <a href=\"https:\/\/www.unyp.cz\/cs\/?page_id=78781\">https:\/\/www.unyp.cz\/recognition-of-foreign-education\/<\/a><\/p>\n<\/div><\/div>\n<\/div>\n\n\n\n<p><em><strong>Upozorn\u011bn\u00ed:<\/strong> Obsah t\u011bchto str\u00e1nek slou\u017e\u00ed pouze k informa\u010dn\u00edm \u00fa\u010del\u016fm. UNYP nenese \u017e\u00e1dnou pr\u00e1vn\u00ed ani jinou odpov\u011bdnost za p\u0159\u00edpadn\u00e9 chyby, opomenut\u00ed \u010di nep\u0159esnosti uveden\u00e9 na t\u011bchto str\u00e1nk\u00e1ch ani na str\u00e1nk\u00e1ch, na kter\u00e9 vedou odkazy. UNYP neodpov\u00edd\u00e1 za obsah, dostupnost ani n\u00e1zory prezentovan\u00e9 na extern\u00edch webov\u00fdch str\u00e1nk\u00e1ch.<\/em><\/p>\n","protected":false},"excerpt":{"rendered":"<p>N\u00e1\u0161 pr\u016fb\u011b\u017en\u00fd p\u0159ij\u00edmac\u00ed proces umo\u017e\u0148uje podat p\u0159ihl\u00e1\u0161ku do kter\u00e9hokoli studijn\u00edho programu kdykoliv b\u011bhem roku. Tato mo\u017enost plat\u00ed pro bakal\u00e1\u0159sk\u00e9 | magistersk\u00e9 | MBA programy. N\u00ed\u017ee naleznete minim\u00e1ln\u00ed p\u0159ij\u00edmac\u00ed po\u017eadavky, kter\u00e9 mus\u00ed uchaze\u010di splnit. Sou\u010d\u00e1st\u00ed p\u0159ij\u00edmac\u00edho \u0159\u00edzen\u00ed je tak\u00e9 pohovor se studijn\u00edm poradcem, b\u011bhem kter\u00e9ho uchaze\u010di prok\u00e1\u017eou svou motivaci a vhodnost ke studiu na UNYP. V [&hellip;]<\/p>\n","protected":false},"author":1,"featured_media":0,"parent":0,"menu_order":0,"comment_status":"closed","ping_status":"closed","template":"","meta":{"_acf_changed":false,"inline_featured_image":false,"advgb_blocks_editor_width":"","advgb_blocks_columns_visual_guide":"","footnotes":""},"categories":[],"tags":[],"class_list":["post-20036","page","type-page","status-publish","hentry"],"acf":[],"mb":[],"coauthors":[],"author_meta":{"author_link":"https:\/\/www.unyp.cz\/cs\/author\/kucera-centario\/","display_name":"kucera.centario"},"relative_dates":{"created":"Posted 4 years ago","modified":"Updated 42 minutes ago"},"absolute_dates":{"created":"Posted on September 28, 2022","modified":"Updated on April 9, 2026"},"absolute_dates_time":{"created":"Posted on September 28, 2022 12:09 PM","modified":"Updated on April 9, 2026 12:58 PM"},"featured_img_caption":"","featured_img":false,"series_order":"","mfb_rest_fields":["title","coauthors","author_meta","relative_dates","absolute_dates","absolute_dates_time","featured_img_caption","featured_img","series_order"],"_links":{"self":[{"href":"https:\/\/www.unyp.cz\/cs\/wp-json\/wp\/v2\/pages\/20036","targetHints":{"allow":["GET"]}}],"collection":[{"href":"https:\/\/www.unyp.cz\/cs\/wp-json\/wp\/v2\/pages"}],"about":[{"href":"https:\/\/www.unyp.cz\/cs\/wp-json\/wp\/v2\/types\/page"}],"author":[{"embeddable":true,"href":"https:\/\/www.unyp.cz\/cs\/wp-json\/wp\/v2\/users\/1"}],"replies":[{"embeddable":true,"href":"https:\/\/www.unyp.cz\/cs\/wp-json\/wp\/v2\/comments?post=20036"}],"version-history":[{"count":36,"href":"https:\/\/www.unyp.cz\/cs\/wp-json\/wp\/v2\/pages\/20036\/revisions"}],"predecessor-version":[{"id":78796,"href":"https:\/\/www.unyp.cz\/cs\/wp-json\/wp\/v2\/pages\/20036\/revisions\/78796"}],"wp:attachment":[{"href":"https:\/\/www.unyp.cz\/cs\/wp-json\/wp\/v2\/media?parent=20036"}],"wp:term":[{"taxonomy":"category","embeddable":true,"href":"https:\/\/www.unyp.cz\/cs\/wp-json\/wp\/v2\/categories?post=20036"},{"taxonomy":"post_tag","embeddable":true,"href":"https:\/\/www.unyp.cz\/cs\/wp-json\/wp\/v2\/tags?post=20036"}],"curies":[{"name":"wp","href":"https:\/\/api.w.org\/{rel}","templated":true}]}}