{"id":20045,"date":"2022-09-28T12:04:58","date_gmt":"2022-09-28T11:04:58","guid":{"rendered":"https:\/\/www.unyp.cz\/?page_id=20045"},"modified":"2025-02-12T10:59:44","modified_gmt":"2025-02-12T09:59:44","slug":"privedte-kamarada","status":"publish","type":"page","link":"https:\/\/www.unyp.cz\/cs\/privedte-kamarada\/","title":{"rendered":"P\u0159ive\u010fte kamar\u00e1da"},"content":{"rendered":"\n<figure class=\"wp-block-image size-full\"><img data-opt-id=2072236038  fetchpriority=\"high\" decoding=\"async\" width=\"2400\" height=\"1600\" src=\"https:\/\/mlgfjgj9j0su.i.optimole.com\/w:auto\/h:auto\/q:mauto\/f:best\/https:\/\/www.unyp.cz\/wp-content\/uploads\/2024\/12\/2G3A1737.jpeg\" alt=\"\" class=\"wp-image-54913\" srcset=\"https:\/\/mlgfjgj9j0su.i.optimole.com\/w:1920\/h:1280\/q:mauto\/f:best\/https:\/\/www.unyp.cz\/wp-content\/uploads\/2024\/12\/2G3A1737.jpeg 2400w, https:\/\/mlgfjgj9j0su.i.optimole.com\/w:300\/h:200\/q:mauto\/f:best\/https:\/\/www.unyp.cz\/wp-content\/uploads\/2024\/12\/2G3A1737.jpeg 300w, https:\/\/mlgfjgj9j0su.i.optimole.com\/w:1400\/h:933\/q:mauto\/f:best\/https:\/\/www.unyp.cz\/wp-content\/uploads\/2024\/12\/2G3A1737.jpeg 1400w, https:\/\/mlgfjgj9j0su.i.optimole.com\/w:150\/h:100\/q:mauto\/f:best\/https:\/\/www.unyp.cz\/wp-content\/uploads\/2024\/12\/2G3A1737.jpeg 150w, https:\/\/mlgfjgj9j0su.i.optimole.com\/w:768\/h:512\/q:mauto\/f:best\/https:\/\/www.unyp.cz\/wp-content\/uploads\/2024\/12\/2G3A1737.jpeg 768w, https:\/\/mlgfjgj9j0su.i.optimole.com\/w:1536\/h:1024\/q:mauto\/f:best\/https:\/\/www.unyp.cz\/wp-content\/uploads\/2024\/12\/2G3A1737.jpeg 1536w, https:\/\/mlgfjgj9j0su.i.optimole.com\/w:1920\/h:1279\/q:mauto\/f:best\/https:\/\/www.unyp.cz\/wp-content\/uploads\/2024\/12\/2G3A1737.jpeg 2048w\" sizes=\"(max-width: 1000px) 100vw, 1000px\" \/><\/figure>\n\n\n\n<h2 class=\"wp-block-heading\">Z\u00edskejte 15 000 K\u010d za doporu\u010den\u00ed kamar\u00e1da<\/h2>\n\n\n\n<h3 class=\"wp-block-heading\">Odm\u011bnu 15 000 K\u010d z\u00edsk\u00e1 ka\u017ed\u00fd student\/absolvent, kter\u00fd p\u0159ivede sv\u00e9ho kamar\u00e1da ke studiu jak\u00e9hokoli programu na UNYP.<\/h3>\n\n\n\n<p>Kamar\u00e1d mus\u00ed b\u00fdt nov\u00fdm studentem denn\u00edho studia po dobu nejm\u00e9n\u011b jednoho roku.<\/p>\n\n\n\n<p>Nov\u00fd student mus\u00ed b\u00fdt p\u0159edstaven bu\u010f p\u0159\u00edmo studentem\/absolventem v p\u0159ij\u00edmac\u00ed kancel\u00e1\u0159i, nebo nep\u0159\u00edmo poskytnut\u00edm jm\u00e9na a identifika\u010dn\u00edho \u010d\u00edsla sou\u010dasn\u00e9ho studenta p\u0159i prvn\u00edm kontaktu s UNYP.<\/p>\n\n\n\n<p>Kamar\u00e1d nesm\u00ed b\u00fdt s UNYP v kontaktu ji\u017e d\u0159\u00edve.<\/p>\n\n\n\n<p>P\u0159estupuj\u00edc\u00ed studenti maj\u00ed n\u00e1rok na podporu, pokud studuj\u00ed prezen\u010dn\u011b alespo\u0148 jeden rok.<\/p>\n\n\n\n<p>Odm\u011bna je ud\u011blena pot\u00e9, co se nov\u00fd student zap\u00ed\u0161e, zaplat\u00ed ro\u010dn\u00ed \u0161koln\u00e9, uhrad\u00ed spl\u00e1tkov\u00fd kalend\u00e1\u0159 a dokon\u010d\u00ed druh\u00e9 obdob\u00ed Drop and Add.<\/p>\n\n\n\n<p>Sou\u010dasn\u00fd student mus\u00ed b\u00fdt v dan\u00e9m semestru aktivn\u00ed.<\/p>\n\n\n\n<p>Odm\u011bna je p\u0159ips\u00e1na na student\u016fv \u00fa\u010det \u0161koln\u00e9ho nebo vr\u00e1cena, pokud v n\u00e1sleduj\u00edc\u00edm semestru ukon\u010d\u00ed studium.<\/p>\n\n\n\n<p>Studenti, kte\u0159\u00ed \u017e\u00e1daj\u00ed prost\u0159ednictv\u00edm zprost\u0159edkovatel\u016f, nemaj\u00ed n\u00e1rok na p\u0159\u00edsp\u011bvek; \u017e\u00e1dosti mus\u00ed b\u00fdt zasl\u00e1ny p\u0159\u00edmo do Admissions office.<\/p>\n\n\n\n<p>Chcete se dozv\u011bd\u011bt v\u00edce? Po\u0161lete e-mail Admissons t\u00fdmu na adrese <a href=\"admissions@unyp.cz\">admissions@unyp.cz.<\/a><\/p>\n","protected":false},"excerpt":{"rendered":"<p>Z\u00edskejte 15 000 K\u010d za doporu\u010den\u00ed kamar\u00e1da Odm\u011bnu 15 000 K\u010d z\u00edsk\u00e1 ka\u017ed\u00fd student\/absolvent, kter\u00fd p\u0159ivede sv\u00e9ho kamar\u00e1da ke studiu jak\u00e9hokoli programu na UNYP. Kamar\u00e1d mus\u00ed b\u00fdt nov\u00fdm studentem denn\u00edho studia po dobu nejm\u00e9n\u011b jednoho roku. Nov\u00fd student mus\u00ed b\u00fdt p\u0159edstaven bu\u010f p\u0159\u00edmo studentem\/absolventem v p\u0159ij\u00edmac\u00ed kancel\u00e1\u0159i, nebo nep\u0159\u00edmo poskytnut\u00edm jm\u00e9na a identifika\u010dn\u00edho \u010d\u00edsla sou\u010dasn\u00e9ho [&hellip;]<\/p>\n","protected":false},"author":1,"featured_media":0,"parent":0,"menu_order":0,"comment_status":"closed","ping_status":"closed","template":"","meta":{"_acf_changed":false,"inline_featured_image":false,"advgb_blocks_editor_width":"","advgb_blocks_columns_visual_guide":"","footnotes":""},"categories":[],"tags":[],"class_list":["post-20045","page","type-page","status-publish","hentry"],"acf":[],"mb":[],"coauthors":[],"author_meta":{"author_link":"https:\/\/www.unyp.cz\/cs\/author\/kucera-centario\/","display_name":"kucera.centario"},"relative_dates":{"created":"Posted 4 years ago","modified":"Updated 1 year ago"},"absolute_dates":{"created":"Posted on September 28, 2022","modified":"Updated on February 12, 2025"},"absolute_dates_time":{"created":"Posted on September 28, 2022 12:04 PM","modified":"Updated on February 12, 2025 10:59 AM"},"featured_img_caption":"","featured_img":false,"series_order":"","mfb_rest_fields":["title","coauthors","author_meta","relative_dates","absolute_dates","absolute_dates_time","featured_img_caption","featured_img","series_order"],"_links":{"self":[{"href":"https:\/\/www.unyp.cz\/cs\/wp-json\/wp\/v2\/pages\/20045","targetHints":{"allow":["GET"]}}],"collection":[{"href":"https:\/\/www.unyp.cz\/cs\/wp-json\/wp\/v2\/pages"}],"about":[{"href":"https:\/\/www.unyp.cz\/cs\/wp-json\/wp\/v2\/types\/page"}],"author":[{"embeddable":true,"href":"https:\/\/www.unyp.cz\/cs\/wp-json\/wp\/v2\/users\/1"}],"replies":[{"embeddable":true,"href":"https:\/\/www.unyp.cz\/cs\/wp-json\/wp\/v2\/comments?post=20045"}],"version-history":[{"count":4,"href":"https:\/\/www.unyp.cz\/cs\/wp-json\/wp\/v2\/pages\/20045\/revisions"}],"predecessor-version":[{"id":58436,"href":"https:\/\/www.unyp.cz\/cs\/wp-json\/wp\/v2\/pages\/20045\/revisions\/58436"}],"wp:attachment":[{"href":"https:\/\/www.unyp.cz\/cs\/wp-json\/wp\/v2\/media?parent=20045"}],"wp:term":[{"taxonomy":"category","embeddable":true,"href":"https:\/\/www.unyp.cz\/cs\/wp-json\/wp\/v2\/categories?post=20045"},{"taxonomy":"post_tag","embeddable":true,"href":"https:\/\/www.unyp.cz\/cs\/wp-json\/wp\/v2\/tags?post=20045"}],"curies":[{"name":"wp","href":"https:\/\/api.w.org\/{rel}","templated":true}]}}