{"id":20061,"date":"2022-09-28T12:04:49","date_gmt":"2022-09-28T11:04:49","guid":{"rendered":"https:\/\/www.unyp.cz\/scholarships-financial-aid\/"},"modified":"2026-01-13T18:00:41","modified_gmt":"2026-01-13T17:00:41","slug":"stipendia-a-financni-pomoc","status":"publish","type":"page","link":"https:\/\/www.unyp.cz\/cs\/stipendia-a-financni-pomoc\/","title":{"rendered":"Stipendia a&nbsp;finan\u010dn\u00ed pomoc"},"content":{"rendered":"\n<figure class=\"wp-block-image size-large\"><img data-opt-id=1136928166  fetchpriority=\"high\" decoding=\"async\" width=\"1400\" height=\"933\" src=\"https:\/\/mlgfjgj9j0su.i.optimole.com\/w:1400\/h:933\/q:mauto\/f:best\/https:\/\/www.unyp.cz\/wp-content\/uploads\/2024\/12\/2G3A1836-2.jpeg\" alt=\"\" class=\"wp-image-54918\" srcset=\"https:\/\/mlgfjgj9j0su.i.optimole.com\/w:1400\/h:933\/q:mauto\/f:best\/https:\/\/www.unyp.cz\/wp-content\/uploads\/2024\/12\/2G3A1836-2.jpeg 1400w, https:\/\/mlgfjgj9j0su.i.optimole.com\/w:300\/h:200\/q:mauto\/f:best\/https:\/\/www.unyp.cz\/wp-content\/uploads\/2024\/12\/2G3A1836-2.jpeg 300w, https:\/\/mlgfjgj9j0su.i.optimole.com\/w:150\/h:100\/q:mauto\/f:best\/https:\/\/www.unyp.cz\/wp-content\/uploads\/2024\/12\/2G3A1836-2.jpeg 150w, https:\/\/mlgfjgj9j0su.i.optimole.com\/w:768\/h:512\/q:mauto\/f:best\/https:\/\/www.unyp.cz\/wp-content\/uploads\/2024\/12\/2G3A1836-2.jpeg 768w, https:\/\/mlgfjgj9j0su.i.optimole.com\/w:1536\/h:1024\/q:mauto\/f:best\/https:\/\/www.unyp.cz\/wp-content\/uploads\/2024\/12\/2G3A1836-2.jpeg 1536w, https:\/\/mlgfjgj9j0su.i.optimole.com\/w:1920\/h:1279\/q:mauto\/f:best\/https:\/\/www.unyp.cz\/wp-content\/uploads\/2024\/12\/2G3A1836-2.jpeg 2048w\" sizes=\"(max-width: 1000px) 100vw, 1000px\" \/><\/figure>\n\n\n\n<p>Na <strong>UNYP<\/strong> usilujeme o to, aby bylo <strong>vysoko\u0161kolsk\u00e9 vzd\u011bl\u00e1n\u00ed dostupn\u00e9 co nej\u0161ir\u0161\u00edmu okruhu student\u016f<\/strong>. V r\u00e1mci tohoto posl\u00e1n\u00ed nab\u00edz\u00edme r\u016fzn\u00e9 formy <strong>stipendi\u00ed, slev na \u0161koln\u00e9m a finan\u010dn\u00ed podpory<\/strong> pro studenty:<\/p>\n\n\n\n<ul class=\"wp-block-list\">\n<li>bakal\u00e1\u0159sk\u00fdch program\u016f<\/li>\n\n\n\n<li>magistersk\u00fdch program\u016f<\/li>\n\n\n\n<li>MBA program\u016f<\/li>\n\n\n\n<li>doktorsk\u00fdch program\u016f<\/li>\n<\/ul>\n\n\n\n<p>V p\u0159\u00edpad\u011b jak\u00fdchkoli dotaz\u016f se nev\u00e1hejte obr\u00e1tit na <strong>admissions department UNYP<\/strong> na e-mailu <strong><a>admissions@unyp.cz<\/a><\/strong>, kter\u00e9 v\u00e1m r\u00e1do poskytne dal\u0161\u00ed informace a podporu.<\/p>\n\n\n\n<h2 class=\"wp-block-heading\">Pokyny ke stipendi\u00edm a finan\u010dn\u00ed podpo\u0159e<\/h2>\n\n\n\n<ul class=\"wp-block-list\">\n<li>Ve\u0161ker\u00e1 <strong>prosp\u011bchov\u00e1 stipendia, ocen\u011bn\u00ed a slevy na \u0161koln\u00e9m<\/strong> mus\u00ed b\u00fdt <strong>za\u017e\u00e1d\u00e1ny a schv\u00e1leny p\u0159ed zah\u00e1jen\u00edm studia<\/strong> v p\u0159ijat\u00e9m programu.<\/li>\n\n\n\n<li>Stipendia a slevy se vztahuj\u00ed <strong>v\u00fdhradn\u011b na kurzy a kredity vyu\u010dovan\u00e9 p\u0159\u00edmo na UNYP<\/strong> a <strong>nevztahuj\u00ed se na p\u0159edm\u011bty partnersk\u00fdch univerzit<\/strong> (nap\u0159. SUNY Empire State University).<\/li>\n\n\n\n<li>Pokud student spl\u0148uje podm\u00ednky pro v\u00edce forem finan\u010dn\u00ed podpory (nap\u0159. <strong>Graduate Scholarship<\/strong>), bude nejprve uplatn\u011bna <strong>sleva za v\u010dasnou platbu<\/strong>, n\u00e1sledovan\u00e1 dal\u0161\u00ed schv\u00e1lenou slevou.<\/li>\n\n\n\n<li><strong>Slevy na \u0161koln\u00e9m nelze kombinovat<\/strong>, s v\u00fdjimkou jejich kombinace se <strong>slevou za v\u010dasnou platbu<\/strong>.<\/li>\n\n\n\n<li>Pro \u00fa\u010dely posuzov\u00e1n\u00ed \u017e\u00e1dost\u00ed o stipendium jsou br\u00e1ny v \u00favahu <strong>pouze v\u00fdsledky z prvn\u00edho pokusu o zkou\u0161ku<\/strong>.<\/li>\n<\/ul>\n\n\n\n<div style=\"height:19px\" aria-hidden=\"true\" class=\"wp-block-spacer\"><\/div>\n\n\n\n<div class=\"wp-block-getwid-accordion has-icon-left\" data-active-element=\"none\">\n<div class=\"wp-block-getwid-accordion__header-wrapper\"><span class=\"wp-block-getwid-accordion__header\"><a href=\"#\"><span class=\"wp-block-getwid-accordion__header-title\">P\u0159ij\u00edmac\u00ed stipendia a odm\u011bny pro uchaze\u010de o bakal\u00e1\u0159sk\u00e9 studium<\/span><span class=\"wp-block-getwid-accordion__icon is-active\"><i class=\"fas fa-plus\"><\/i><\/span><span class=\"wp-block-getwid-accordion__icon is-passive\"><i class=\"fas fa-minus\"><\/i><\/span><\/a><\/span><\/div><div class=\"wp-block-getwid-accordion__content-wrapper\"><div class=\"wp-block-getwid-accordion__content\">\n<h4 class=\"wp-block-heading\" id=\"h-unyp-merit-scholarships-reduce-tuition-fees-based-on-academic-achievements-and-are-deducted-directly-from-tuition-students-must-maintain-full-time-status-and-meet-specific-criteria\"><strong>UNYP Merit Scholarships<\/strong> reduce tuition fees based on academic achievements and are deducted directly from tuition. Students must maintain full-time status and meet specific criteria.<\/h4>\n\n\n\n<p><strong>50% Tuition Reduction:<\/strong><\/p>\n\n\n\n<ul class=\"wp-block-list\">\n<li><strong>English Scores:<\/strong> UNYP English test 100+, TOEFL CBT 250, TOEFL IBT 100, or IELTS 8<\/li>\n\n\n\n<li><strong>Math Scores:<\/strong> UNYP math test 93+<\/li>\n\n\n\n<li><strong>Alternative:<\/strong> SAT Math and English 700+<\/li>\n<\/ul>\n\n\n\n<p><strong>30% Tuition Reduction:<\/strong><\/p>\n\n\n\n<ul class=\"wp-block-list\">\n<li><strong>English Scores:<\/strong> UNYP English test 92+, TOEFL CBT 237, TOEFL IBT 92, or IELTS 7<\/li>\n\n\n\n<li><strong>Math Scores:<\/strong> UNYP math test 88+<\/li>\n\n\n\n<li><strong>Alternative:<\/strong> SAT Math and English 650+<\/li>\n<\/ul>\n\n\n\n<p><strong>15% Tuition Reduction:<\/strong><\/p>\n\n\n\n<ul class=\"wp-block-list\">\n<li><strong>English Scores:<\/strong> UNYP English test 84+, TOEFL CBT 220, TOEFL IBT 84, IELTS 6.5, or FCE \u2013 A<\/li>\n\n\n\n<li><strong>Math Scores:<\/strong> UNYP math test 80+<\/li>\n\n\n\n<li><strong>Alternative:<\/strong> SAT Math and English 600+<\/li>\n<\/ul>\n\n\n\n<p><strong>Transfer Students:<\/strong> Must have a GPA of 2.8\/4.0 or equivalent to qualify. This replaces the high school ranking requirement, with all other criteria unchanged.<\/p>\n\n\n\n<hr class=\"wp-block-separator has-alpha-channel-opacity\" \/>\n\n\n\n<h4 class=\"wp-block-heading\" id=\"h-barbara-adams-hasek-scholarship-is-awarded-annually-for-one-full-tuition-to-a-czech-or-slovak-student-facing-financial-hardship\"><strong>Barbara Adams Hasek Scholarship<\/strong> is awarded annually for one full tuition to a Czech or Slovak student facing financial hardship. <\/h4>\n\n\n\n<p>Applicants must:<\/p>\n\n\n\n<ul class=\"wp-block-list\">\n<li>Prove financial need (state authority confirmation)<\/li>\n\n\n\n<li>Meet minimum English and math scores (UNYP English test 84+, UNYP math test 80)<\/li>\n\n\n\n<li>Submit a motivation letter<\/li>\n\n\n\n<li>Apply by April 30th<\/li>\n<\/ul>\n\n\n\n<hr class=\"wp-block-separator has-alpha-channel-opacity\" \/>\n\n\n\n<h4 class=\"wp-block-heading\" id=\"h-sports-achievement-scholarships-are-intended-for-exceptional-athletes-who-can-qualify-under-the-following-conditions\"><strong>Sports Achievement Scholarships<\/strong> are intended for exceptional athletes, who can qualify under the following conditions:<\/h4>\n\n\n\n<ul class=\"wp-block-list\">\n<li><strong>20% Reduction:<\/strong> Represented national team internationally<\/li>\n\n\n\n<li><strong>10% Reduction:<\/strong> Ranked in the top three nationally (individual or team)<\/li>\n<\/ul>\n\n\n\n<hr class=\"wp-block-separator has-alpha-channel-opacity\" \/>\n\n\n\n<h4 class=\"wp-block-heading\" id=\"h-npo-npa-and-public-employee-tuition-waivers-represent-a-15-waiver-for-full-time-czech-or-slovak-employees-of-non-profits-or-public-service-organizations-minimum-one-year-of-service-applies-to-their-children-but-not-spouses-employer-confirmation-is-required\"><strong>NPO\/NPA and Public Employee Tuition Waivers<\/strong> represent a 15% waiver for full-time Czech or Slovak employees of non-profits or public service organizations (minimum one year of service). Applies to their children but not spouses. Employer confirmation is required.<\/h4>\n<\/div><\/div>\n\n\n\n<div class=\"wp-block-getwid-accordion__header-wrapper\"><span class=\"wp-block-getwid-accordion__header\"><a href=\"#\"><span class=\"wp-block-getwid-accordion__header-title\">Slevy a sn\u00ed\u017een\u00ed \u0161koln\u00e9ho pro bakal\u00e1\u0159sk\u00e9 programy<\/span><span class=\"wp-block-getwid-accordion__icon is-active\"><i class=\"fas fa-plus\"><\/i><\/span><span class=\"wp-block-getwid-accordion__icon is-passive\"><i class=\"fas fa-minus\"><\/i><\/span><\/a><\/span><\/div><div class=\"wp-block-getwid-accordion__content-wrapper\"><div class=\"wp-block-getwid-accordion__content\">\n<h4 class=\"wp-block-heading\" id=\"h-early-payment-discount\">Early Payment Discount<\/h4>\n\n\n\n<ul class=\"wp-block-list\">\n<li><strong>Eligibility:<\/strong> Applicants and students paying a CZK 60,000 deposit for tuition.<\/li>\n\n\n\n<li><strong>Discount:<\/strong> 5% off UNYP credits.<\/li>\n\n\n\n<li><strong>Deadlines:<\/strong>\n<ul class=\"wp-block-list\">\n<li>Fall Semester: Full payment by <strong>June 30th<\/strong>.<\/li>\n\n\n\n<li>Spring Semester: Full payment by <strong>October 31st<\/strong>.<\/li>\n<\/ul>\n<\/li>\n<\/ul>\n\n\n\n<hr class=\"wp-block-separator has-alpha-channel-opacity\" \/>\n\n\n\n<h4 class=\"wp-block-heading\" id=\"h-academic-achievement-award\">Academic Achievement Award<\/h4>\n\n\n\n<ul class=\"wp-block-list\">\n<li><strong>Eligibility:<\/strong> Bachelor\u2019s students (excluding first-semester students) enrolled in <strong>13+ US credits (26 ECTS)<\/strong> with no incomplete courses.<\/li>\n\n\n\n<li><strong>Scholarship Fund:<\/strong> CZK 500,000 annually, divided equally between the Fall and Spring semesters.<\/li>\n\n\n\n<li><strong>Award Amount:<\/strong> CZK 15,000 for the top 30 students with the highest GPA from the previous semester.\n<ul class=\"wp-block-list\">\n<li>In case of ties, overall GPAs will be reviewed.<\/li>\n\n\n\n<li>Grading revisions must be completed within four weeks after the semester&#8217;s grading deadline.<\/li>\n<\/ul>\n<\/li>\n\n\n\n<li><strong>Application:<\/strong> The award applies to tuition for the next semester.<\/li>\n\n\n\n<li><strong>Additional Requirement:<\/strong> Recipients may assist weaker students, as decided by the Academic Council.<\/li>\n<\/ul>\n\n\n\n<hr class=\"wp-block-separator has-alpha-channel-opacity\" \/>\n\n\n\n<h4 class=\"wp-block-heading\" id=\"h-housing-stipends\">Housing Stipends<\/h4>\n\n\n\n<ul class=\"wp-block-list\">\n<li><strong>Eligibility:<\/strong> Full-time students living outside Prague who have a Czech-accredited bachelor\u2019s and master\u2019s program.<\/li>\n\n\n\n<li><strong>Programs Covered:<\/strong> Business Administration, Communication &amp; Media, International Relations, Psychology, etc.<\/li>\n\n\n\n<li><strong>Amount:<\/strong> Approx. CZK 540\/month for 10 months.<\/li>\n\n\n\n<li><strong>Funding:<\/strong> Distributed by the Ministry of Education if granted.<\/li>\n<\/ul>\n\n\n\n<hr class=\"wp-block-separator has-alpha-channel-opacity\" \/>\n\n\n\n<h4 class=\"wp-block-heading\" id=\"h-social-stipends\">Social Stipends<\/h4>\n\n\n\n<p><strong>Funding:<\/strong> Distributed by the Ministry of Education if approved.<\/p>\n\n\n\n<p><strong>Eligibility:<\/strong> Students receiving enhanced-level child benefits from the State Support Office.<\/p>\n\n\n\n<p><strong>Amount:<\/strong> Determined by the government.<\/p>\n<\/div><\/div>\n\n\n\n<div class=\"wp-block-getwid-accordion__header-wrapper\"><span class=\"wp-block-getwid-accordion__header\"><a href=\"#\"><span class=\"wp-block-getwid-accordion__header-title\">P\u0159ij\u00edmac\u00ed stipendia a odm\u011bny pro uchaze\u010de o magistersk\u00e9 studium<\/span><span class=\"wp-block-getwid-accordion__icon is-active\"><i class=\"fas fa-plus\"><\/i><\/span><span class=\"wp-block-getwid-accordion__icon is-passive\"><i class=\"fas fa-minus\"><\/i><\/span><\/a><\/span><\/div><div class=\"wp-block-getwid-accordion__content-wrapper\"><div class=\"wp-block-getwid-accordion__content\">\n<p>Merit awards are available based on the following criteria:<\/p>\n\n\n\n<div style=\"height:20px\" aria-hidden=\"true\" class=\"wp-block-spacer\"><\/div>\n\n\n\n<h4 class=\"wp-block-heading\" id=\"h-test-results\">Test Results<\/h4>\n\n\n\n<ul class=\"wp-block-list\">\n<li><strong>GMAT 700 \/ GRE Verbal &amp; Math 160<\/strong>: CZK 120,000<\/li>\n\n\n\n<li><strong>GMAT 650 \/ GRE Verbal &amp; Math 155<\/strong>: CZK 60,000<\/li>\n\n\n\n<li><strong>GMAT 600 \/ GRE Verbal &amp; Math 150<\/strong>: CZK 30,000<\/li>\n<\/ul>\n\n\n\n<p>(To qualify, scores must be submitted before the program starts.)<\/p>\n\n\n\n<div style=\"height:20px\" aria-hidden=\"true\" class=\"wp-block-spacer\"><\/div>\n\n\n\n<h4 class=\"wp-block-heading\" id=\"h-work-experience\">Work Experience<\/h4>\n\n\n\n<ul class=\"wp-block-list\">\n<li><strong>Managerial experience (8+ years)<\/strong>: CZK 15,000<\/li>\n\n\n\n<li><strong>Managerial experience (5+ years)<\/strong>: CZK 10,000<\/li>\n<\/ul>\n\n\n\n<div style=\"height:20px\" aria-hidden=\"true\" class=\"wp-block-spacer\"><\/div>\n\n\n\n<p><span style=\"text-decoration: underline\">Important Note:<\/span><\/p>\n\n\n\n<p><em>Students may qualify for multiple Merit Awards and discounts; however, the total award amount cannot exceed CZK 120,000.<\/em><\/p>\n<\/div><\/div>\n\n\n\n<div class=\"wp-block-getwid-accordion__header-wrapper\"><span class=\"wp-block-getwid-accordion__header\"><a href=\"#\"><span class=\"wp-block-getwid-accordion__header-title\">Slevy a sn\u00ed\u017een\u00ed \u0161koln\u00e9ho pro magistersk\u00e9 programy<\/span><span class=\"wp-block-getwid-accordion__icon is-active\"><i class=\"fas fa-plus\"><\/i><\/span><span class=\"wp-block-getwid-accordion__icon is-passive\"><i class=\"fas fa-minus\"><\/i><\/span><\/a><\/span><\/div><div class=\"wp-block-getwid-accordion__content-wrapper\"><div class=\"wp-block-getwid-accordion__content\">\n<h4 class=\"wp-block-heading\" id=\"h-full-payment-in-advance-discount\">Full Payment in Advance Discount<\/h4>\n\n\n\n<ul class=\"wp-block-list\">\n<li><strong>Eligibility:<\/strong> Students in graduate programs who pay tuition and fees in full at least one week before their studies begin.<\/li>\n\n\n\n<li><strong>Benefit:<\/strong> 5% discount on tuition, directly deducted.<\/li>\n<\/ul>\n\n\n\n<div style=\"height:20px\" aria-hidden=\"true\" class=\"wp-block-spacer\"><\/div>\n\n\n\n<h4 class=\"wp-block-heading\" id=\"h-early-registration-discount\">Early Registration Discount<\/h4>\n\n\n\n<ul class=\"wp-block-list\">\n<li><strong>Eligibility:<\/strong> Students who pay a CZK 75,000 deposit by June 30.<\/li>\n\n\n\n<li><strong>Benefit:<\/strong> Additional 5% tuition discount.<\/li>\n<\/ul>\n\n\n\n<div style=\"height:20px\" aria-hidden=\"true\" class=\"wp-block-spacer\"><\/div>\n\n\n\n<h4 class=\"wp-block-heading\" id=\"h-graduate-research-assistants-program\">Graduate Research Assistants Program<\/h4>\n\n\n\n<p>Availability depends on university needs.<\/p>\n\n\n\n<ul class=\"wp-block-list\">\n<li><strong>Eligibility:<\/strong> EU citizens or permanent residents accepted for a Graduate Research Assistant role.<\/li>\n\n\n\n<li><strong>Benefit:<\/strong> 75% tuition waiver for their graduate program.<\/li>\n\n\n\n<li><strong>Requirements:<\/strong>\n<ul class=\"wp-block-list\">\n<li>Commit to 24 hours\/week of research assistant work.<\/li>\n\n\n\n<li>Notify admissions of interest during the application process.<\/li>\n<\/ul>\n<\/li>\n<\/ul>\n<\/div><\/div>\n\n\n\n<div class=\"wp-block-getwid-accordion__header-wrapper\"><span class=\"wp-block-getwid-accordion__header\"><a href=\"#\"><span class=\"wp-block-getwid-accordion__header-title\">Rodinn\u00e9 slevy<\/span><span class=\"wp-block-getwid-accordion__icon is-active\"><i class=\"fas fa-plus\"><\/i><\/span><span class=\"wp-block-getwid-accordion__icon is-passive\"><i class=\"fas fa-minus\"><\/i><\/span><\/a><\/span><\/div><div class=\"wp-block-getwid-accordion__content-wrapper\"><div class=\"wp-block-getwid-accordion__content\">\n<ul class=\"wp-block-list\">\n<li>If two or more family members (parent, child, sibling, or spouse) enroll at UNYP, subsequent family members receive a 10% tuition discount. This also applies if the first family member is a UNYP graduate (alumnus).<\/li>\n\n\n\n<li>The discount is granted only after the subsequent family member registers at UNYP and pays 25% of their tuition for the next academic year (for full-time studies).<\/li>\n\n\n\n<li>Once applied, the tuition fee waiver is non-refundable if the student interrupts their studies. The waiver is directly deducted from the student\u2019s tuition.<\/li>\n<\/ul>\n<\/div><\/div>\n\n\n\n<div class=\"wp-block-getwid-accordion__header-wrapper\"><span class=\"wp-block-getwid-accordion__header\"><a href=\"#\"><span class=\"wp-block-getwid-accordion__header-title\">Slevy pro absolventy UNYP<\/span><span class=\"wp-block-getwid-accordion__icon is-active\"><i class=\"fas fa-plus\"><\/i><\/span><span class=\"wp-block-getwid-accordion__icon is-passive\"><i class=\"fas fa-minus\"><\/i><\/span><\/a><\/span><\/div><div class=\"wp-block-getwid-accordion__content-wrapper\"><div class=\"wp-block-getwid-accordion__content\">\n<h4 class=\"wp-block-heading\" id=\"h-graduate-discount\">Graduate Discount<\/h4>\n\n\n\n<p>Graduates of any UNYP program who enroll in another degree program at UNYP receive:<\/p>\n\n\n\n<ul class=\"wp-block-list\">\n<li>A CZK 50,000 one-time tuition fee waiver<\/li>\n\n\n\n<li>An application fee waiver<\/li>\n<\/ul>\n\n\n\n<div style=\"height:20px\" aria-hidden=\"true\" class=\"wp-block-spacer\"><\/div>\n\n\n\n<h4 class=\"wp-block-heading\" id=\"h-certificate-discount\">Certificate Discount<\/h4>\n\n\n\n<p>UNYP Bachelor\u2019s and Master\u2019s alumni pursuing additional courses for certificates in new areas\/specializations are eligible for:<\/p>\n\n\n\n<ul class=\"wp-block-list\">\n<li>A 50% discount on the tuition for specific courses<\/li>\n<\/ul>\n\n\n\n<div style=\"height:20px\" aria-hidden=\"true\" class=\"wp-block-spacer\"><\/div>\n\n\n\n<p>This discount also applies to Master\u2019s students taking Bachelor\u2019s-level courses for certificate purposes. However:<\/p>\n\n\n\n<p>It cannot be combined with other discounts or scholarships.<\/p>\n\n\n\n<p>It cannot be used for credits toward a degree\/diploma.<\/p>\n<\/div><\/div>\n\n\n\n<div class=\"wp-block-getwid-accordion__header-wrapper\"><span class=\"wp-block-getwid-accordion__header\"><a href=\"#\"><span class=\"wp-block-getwid-accordion__header-title\">P\u0159ive\u010f kamar\u00e1da (BAFA)<\/span><span class=\"wp-block-getwid-accordion__icon is-active\"><i class=\"fas fa-plus\"><\/i><\/span><span class=\"wp-block-getwid-accordion__icon is-passive\"><i class=\"fas fa-minus\"><\/i><\/span><\/a><\/span><\/div><div class=\"wp-block-getwid-accordion__content-wrapper\"><div class=\"wp-block-getwid-accordion__content\">\n<p>Current students or alumni can earn a 15,000 CZK award by introducing a new full-time student to UNYP. To qualify, the referred &#8220;friend&#8221; must:<\/p>\n\n\n\n<ul class=\"wp-block-list\">\n<li>Be a first-time applicant to UNYP, with no prior contact with the university.<\/li>\n\n\n\n<li>Enroll as a full-time student for at least one year, including transfer students.<\/li>\n<\/ul>\n\n\n\n<div style=\"height:20px\" aria-hidden=\"true\" class=\"wp-block-spacer\"><\/div>\n\n\n\n<h3 class=\"wp-block-heading\" id=\"h-application-process\">Application Process:<\/h3>\n\n\n\n<ul class=\"wp-block-list\">\n<li>The referrer must personally introduce the new student to the Admissions Office or ensure the new student provides their name and student ID when first contacting UNYP.<\/li>\n\n\n\n<li>The new student must apply directly, not through an educational consultant (agent).<\/li>\n<\/ul>\n\n\n\n<div style=\"height:20px\" aria-hidden=\"true\" class=\"wp-block-spacer\"><\/div>\n\n\n\n<h3 class=\"wp-block-heading\" id=\"h-award-conditions\">Award Conditions:<\/h3>\n\n\n\n<ul class=\"wp-block-list\">\n<li>The award is credited after the new student\u2019s second Drop and Add period, provided they have fully paid their tuition or installment plan.<\/li>\n\n\n\n<li>The referring student must be active during that semester.<\/li>\n\n\n\n<li>The award can be applied to tuition or refunded if the referring student graduates in the following semester.<\/li>\n<\/ul>\n\n\n\n<div style=\"height:20px\" aria-hidden=\"true\" class=\"wp-block-spacer\"><\/div>\n\n\n\n<p>This incentive does not apply to students referred via educational consultants (agents).<\/p>\n\n\n\n<p>For more information, please contact the UNYP Admissions team (<a href=\"mailto:admissions@unyp.cz\">admissions@unyp.cz<\/a>).<\/p>\n<\/div><\/div>\n\n\n\n<div class=\"wp-block-getwid-accordion__header-wrapper\"><span class=\"wp-block-getwid-accordion__header\"><a href=\"#\"><span class=\"wp-block-getwid-accordion__header-title\">Spl\u00e1tkov\u00e9 kalend\u00e1\u0159e na \u0161koln\u00e9<\/span><span class=\"wp-block-getwid-accordion__icon is-active\"><i class=\"fas fa-plus\"><\/i><\/span><span class=\"wp-block-getwid-accordion__icon is-passive\"><i class=\"fas fa-minus\"><\/i><\/span><\/a><\/span><\/div><div class=\"wp-block-getwid-accordion__content-wrapper\"><div class=\"wp-block-getwid-accordion__content\">\n<p>UNYP provides <em>Tuition Payment Plans<\/em>, allowing students to divide their tuition into equal monthly payments over the semester. These plans include a small installment fee, calculated as a percentage of the remaining tuition\u20142% for daily programs and 3% for weekend programs. Payment plans are available for all UNYP study programs.<\/p>\n<\/div><\/div>\n<\/div>\n","protected":false},"excerpt":{"rendered":"<p>Na UNYP usilujeme o to, aby bylo vysoko\u0161kolsk\u00e9 vzd\u011bl\u00e1n\u00ed dostupn\u00e9 co nej\u0161ir\u0161\u00edmu okruhu student\u016f. V r\u00e1mci tohoto posl\u00e1n\u00ed nab\u00edz\u00edme r\u016fzn\u00e9 formy stipendi\u00ed, slev na \u0161koln\u00e9m a finan\u010dn\u00ed podpory pro studenty: V p\u0159\u00edpad\u011b jak\u00fdchkoli dotaz\u016f se nev\u00e1hejte obr\u00e1tit na admissions department UNYP na e-mailu admissions@unyp.cz, kter\u00e9 v\u00e1m r\u00e1do poskytne dal\u0161\u00ed informace a podporu. Pokyny ke stipendi\u00edm [&hellip;]<\/p>\n","protected":false},"author":1,"featured_media":0,"parent":0,"menu_order":0,"comment_status":"closed","ping_status":"closed","template":"","meta":{"_acf_changed":false,"inline_featured_image":false,"advgb_blocks_editor_width":"","advgb_blocks_columns_visual_guide":"","footnotes":""},"categories":[],"tags":[],"class_list":["post-20061","page","type-page","status-publish","hentry"],"acf":[],"mb":[],"coauthors":[],"author_meta":{"author_link":"https:\/\/www.unyp.cz\/cs\/author\/kucera-centario\/","display_name":"kucera.centario"},"relative_dates":{"created":"Posted 4 years ago","modified":"Updated 4 months ago"},"absolute_dates":{"created":"Posted on September 28, 2022","modified":"Updated on January 13, 2026"},"absolute_dates_time":{"created":"Posted on September 28, 2022 12:04 PM","modified":"Updated on January 13, 2026 6:00 PM"},"featured_img_caption":"","featured_img":false,"series_order":"","mfb_rest_fields":["title","coauthors","author_meta","relative_dates","absolute_dates","absolute_dates_time","featured_img_caption","featured_img","series_order"],"_links":{"self":[{"href":"https:\/\/www.unyp.cz\/cs\/wp-json\/wp\/v2\/pages\/20061","targetHints":{"allow":["GET"]}}],"collection":[{"href":"https:\/\/www.unyp.cz\/cs\/wp-json\/wp\/v2\/pages"}],"about":[{"href":"https:\/\/www.unyp.cz\/cs\/wp-json\/wp\/v2\/types\/page"}],"author":[{"embeddable":true,"href":"https:\/\/www.unyp.cz\/cs\/wp-json\/wp\/v2\/users\/1"}],"replies":[{"embeddable":true,"href":"https:\/\/www.unyp.cz\/cs\/wp-json\/wp\/v2\/comments?post=20061"}],"version-history":[{"count":22,"href":"https:\/\/www.unyp.cz\/cs\/wp-json\/wp\/v2\/pages\/20061\/revisions"}],"predecessor-version":[{"id":78018,"href":"https:\/\/www.unyp.cz\/cs\/wp-json\/wp\/v2\/pages\/20061\/revisions\/78018"}],"wp:attachment":[{"href":"https:\/\/www.unyp.cz\/cs\/wp-json\/wp\/v2\/media?parent=20061"}],"wp:term":[{"taxonomy":"category","embeddable":true,"href":"https:\/\/www.unyp.cz\/cs\/wp-json\/wp\/v2\/categories?post=20061"},{"taxonomy":"post_tag","embeddable":true,"href":"https:\/\/www.unyp.cz\/cs\/wp-json\/wp\/v2\/tags?post=20061"}],"curies":[{"name":"wp","href":"https:\/\/api.w.org\/{rel}","templated":true}]}}