{"id":20132,"date":"2022-09-28T11:58:49","date_gmt":"2022-09-28T10:58:49","guid":{"rendered":"https:\/\/www.unyp.cz\/foundation-program\/"},"modified":"2026-03-10T17:41:35","modified_gmt":"2026-03-10T16:41:35","slug":"foundation-program-priprava-na-studium","status":"publish","type":"page","link":"https:\/\/www.unyp.cz\/cs\/foundation-program-priprava-na-studium\/","title":{"rendered":"English Foundation Program \u2013 P\u0159\u00edprava na&nbsp;studium v&nbsp;angli\u010dtin\u011b na&nbsp;UNYP"},"content":{"rendered":"\n<p>University of New York in Prague nab\u00edz\u00ed v\u0161echny studijn\u00ed programy v angli\u010dtin\u011b. Studenti proto mus\u00ed m\u00edt dostate\u010dnou \u00farove\u0148 akademick\u00e9 angli\u010dtiny, aby se mohli plnohodnotn\u011b zapojit do p\u0159edn\u00e1\u0161ek, diskus\u00ed a p\u00edsemn\u00fdch studijn\u00edch \u00fakol\u016f.<\/p>\n\n\n\n<p>Uchaze\u010di, kte\u0159\u00ed spl\u0148uj\u00ed akademick\u00e9 po\u017eadavky pro p\u0159ijet\u00ed, ale pot\u0159ebuj\u00ed pos\u00edlit sv\u00e9 jazykov\u00e9 dovednosti, mohou b\u00fdt za\u0159azeni do <strong>UNYP English Foundation Programu<\/strong>. Tento program pom\u00e1h\u00e1 student\u016fm rozv\u00edjet akademickou angli\u010dtinu pot\u0159ebnou pro \u00fasp\u011b\u0161n\u00e9 studium na univerzit\u011b.<\/p>\n\n\n\n<p>Foundation Program je <strong>p\u0159\u00edpravn\u00fd program pro budouc\u00ed studenty bakal\u00e1\u0159sk\u00fdch program\u016f UNYP<\/strong>. Po \u00fasp\u011b\u0161n\u00e9m dokon\u010den\u00ed mohou studenti pokra\u010dovat ve sv\u00e9m studiu. Studenti za\u0159azen\u00ed do <strong>ESL Level 2<\/strong> mohou z\u00e1rove\u0148 absolvovat omezen\u00fd po\u010det univerzitn\u00edch p\u0159edm\u011bt\u016f, kter\u00e9 se mohou zapo\u010d\u00edtat do bakal\u00e1\u0159sk\u00e9ho studia.<\/p>\n\n\n\n<figure class=\"wp-block-image size-full\"><img data-opt-id=2107912485  fetchpriority=\"high\" decoding=\"async\" width=\"2560\" height=\"1707\" src=\"https:\/\/mlgfjgj9j0su.i.optimole.com\/w:auto\/h:auto\/q:mauto\/f:best\/https:\/\/www.unyp.cz\/wp-content\/uploads\/2025\/07\/vlf_7633-1-scaled.jpg\" alt=\"\" class=\"wp-image-65655\" srcset=\"https:\/\/mlgfjgj9j0su.i.optimole.com\/w:1920\/h:1280\/q:mauto\/f:best\/https:\/\/www.unyp.cz\/wp-content\/uploads\/2025\/07\/vlf_7633-1-scaled.jpg 2560w, https:\/\/mlgfjgj9j0su.i.optimole.com\/w:300\/h:200\/q:mauto\/f:best\/https:\/\/www.unyp.cz\/wp-content\/uploads\/2025\/07\/vlf_7633-1-scaled.jpg 300w, https:\/\/mlgfjgj9j0su.i.optimole.com\/w:1400\/h:933\/q:mauto\/f:best\/https:\/\/www.unyp.cz\/wp-content\/uploads\/2025\/07\/vlf_7633-1-scaled.jpg 1400w, https:\/\/mlgfjgj9j0su.i.optimole.com\/w:150\/h:100\/q:mauto\/f:best\/https:\/\/www.unyp.cz\/wp-content\/uploads\/2025\/07\/vlf_7633-1-scaled.jpg 150w, https:\/\/mlgfjgj9j0su.i.optimole.com\/w:768\/h:512\/q:mauto\/f:best\/https:\/\/www.unyp.cz\/wp-content\/uploads\/2025\/07\/vlf_7633-1-scaled.jpg 768w, https:\/\/mlgfjgj9j0su.i.optimole.com\/w:1536\/h:1024\/q:mauto\/f:best\/https:\/\/www.unyp.cz\/wp-content\/uploads\/2025\/07\/vlf_7633-1-scaled.jpg 1536w, https:\/\/mlgfjgj9j0su.i.optimole.com\/w:1920\/h:1279\/q:mauto\/f:best\/https:\/\/www.unyp.cz\/wp-content\/uploads\/2025\/07\/vlf_7633-1-scaled.jpg 2048w\" sizes=\"(max-width: 1000px) 100vw, 1000px\" \/><\/figure>\n\n\n\n<div style=\"height:20px\" aria-hidden=\"true\" class=\"wp-block-spacer\"><\/div>\n\n\n\n<div style=\"height:20px\" aria-hidden=\"true\" class=\"wp-block-spacer\"><\/div>\n\n\n\n<h2 class=\"wp-block-heading\">Pro koho je program ur\u010den<\/h2>\n\n\n\n<p>English Foundation Program je ur\u010den pro uchaze\u010de, kte\u0159\u00ed:<\/p>\n\n\n\n<ul class=\"wp-block-list\">\n<li>podali p\u0159ihl\u00e1\u0161ku ke studiu na UNYP<\/li>\n\n\n\n<li>spl\u0148uj\u00ed akademick\u00e9 p\u0159ij\u00edmac\u00ed po\u017eadavky<\/li>\n\n\n\n<li>pot\u0159ebuj\u00ed zlep\u0161it svou akademickou angli\u010dtinu<\/li>\n\n\n\n<li>pl\u00e1nuj\u00ed studovat bakal\u00e1\u0159sk\u00fd program vyu\u010dovan\u00fd v angli\u010dtin\u011b<\/li>\n<\/ul>\n\n\n\n<p>Uchaze\u010di, kte\u0159\u00ed z\u00edskaj\u00ed <strong>49\u201369 bod\u016f v institucion\u00e1ln\u00edm testu angli\u010dtiny UNYP<\/strong> nebo p\u0159edlo\u017e\u00ed ekvivalentn\u00ed v\u00fdsledek z jin\u00e9ho uzn\u00e1van\u00e9ho testu, mohou b\u00fdt p\u0159ijati <strong>podm\u00edn\u011bn\u011b s povinnost\u00ed absolvovat Foundation Program<\/strong>.<\/p>\n\n\n\n<hr class=\"wp-block-separator has-alpha-channel-opacity\"\/>\n\n\n\n<h2 class=\"wp-block-heading\">Jak program funguje<\/h2>\n\n\n\n<p>Po p\u0159ijet\u00ed studenti absolvuj\u00ed <strong>roz\u0159azovac\u00ed test z angli\u010dtiny<\/strong> nebo p\u0159edlo\u017e\u00ed v\u00fdsledky uzn\u00e1van\u00e9ho jazykov\u00e9ho testu. Na z\u00e1klad\u011b v\u00fdsledk\u016f jsou za\u0159azeni do jedn\u00e9 ze dvou \u00farovn\u00ed programu:<\/p>\n\n\n\n<ul class=\"wp-block-list\">\n<li><strong>ESL Level 1<\/strong><\/li>\n\n\n\n<li><strong>ESL Level 2<\/strong><\/li>\n<\/ul>\n\n\n\n<p>Po dosa\u017een\u00ed po\u017eadovan\u00e9 \u00farovn\u011b angli\u010dtiny mohou studenti p\u0159ej\u00edt do \u0159\u00e1dn\u00e9ho bakal\u00e1\u0159sk\u00e9ho studia.<\/p>\n\n\n\n<hr class=\"wp-block-separator has-alpha-channel-opacity\"\/>\n\n\n\n<h2 class=\"wp-block-heading\">Struktura programu<\/h2>\n\n\n\n<p>Foundation Program zahrnuje dv\u011b \u00farovn\u011b zam\u011b\u0159en\u00e9 na rozvoj akademick\u00fdch jazykov\u00fdch dovednost\u00ed pot\u0159ebn\u00fdch pro studium na univerzit\u011b.<\/p>\n\n\n\n<figure class=\"wp-block-table\"><table class=\"has-fixed-layout\"><thead><tr><th>Vlastnost<\/th><th>ESL Level 1<\/th><th>ESL Level 2<\/th><\/tr><\/thead><tbody><tr><td>D\u00e9lka programu<\/td><td>1 semestr<\/td><td>1 semestr<\/td><\/tr><tr><td>T\u00fddenn\u00ed v\u00fduka<\/td><td>15 hodin<\/td><td>9 hodin<\/td><\/tr><tr><td>Gramatika<\/td><td>6 hodin<\/td><td>3 hodiny<\/td><\/tr><tr><td>\u010cten\u00ed a psan\u00ed<\/td><td>6 hodin<\/td><td>3 hodiny<\/td><\/tr><tr><td>Poslech<\/td><td>3 hodiny<\/td><td>3 hodiny<\/td><\/tr><tr><td>Samostatn\u00e9 studium<\/td><td>~45 hodin t\u00fddn\u011b<\/td><td>~27 hodin t\u00fddn\u011b<\/td><\/tr><\/tbody><\/table><\/figure>\n\n\n\n<hr class=\"wp-block-separator has-alpha-channel-opacity\"\/>\n\n\n\n<h2 class=\"wp-block-heading\">Univerzitn\u00ed p\u0159edm\u011bty b\u011bhem programu<\/h2>\n\n\n\n<p>Studenti za\u0159azen\u00ed do <strong>ESL Level 2<\/strong> mohou b\u011bhem studia absolvovat omezen\u00fd po\u010det \u00favodn\u00edch univerzitn\u00edch p\u0159edm\u011bt\u016f.<\/p>\n\n\n\n<figure class=\"wp-block-table\"><table class=\"has-fixed-layout\"><thead><tr><th>Vlastnost<\/th><th>ESL Level 1<\/th><th>ESL Level 2<\/th><\/tr><\/thead><tbody><tr><td>P\u0159\u00edstup k univerzitn\u00edm p\u0159edm\u011bt\u016fm<\/td><td>ne<\/td><td>ano (3\u20134 kredity)<\/td><\/tr><tr><td>Dostupn\u00e9 p\u0159edm\u011bty<\/td><td>\u2014<\/td><td>Introduction to University Studies<\/td><\/tr><tr><td><\/td><td><\/td><td>Computers and Applications<\/td><\/tr><tr><td>Podm\u00ednka postupu<\/td><td>\u2014<\/td><td>v\u00fdsledek \u226572 v z\u00e1v\u011bre\u010dn\u00e9 zkou\u0161ce<\/td><\/tr><tr><td>Hodnocen\u00ed<\/td><td>Pass\/Fail<\/td><td>Pass\/Fail<\/td><\/tr><\/tbody><\/table><\/figure>\n\n\n\n<hr class=\"wp-block-separator has-alpha-channel-opacity\"\/>\n\n\n\n<h2 class=\"wp-block-heading\">Jazykov\u00e9 za\u0159azen\u00ed<\/h2>\n\n\n\n<p>Za\u0159azen\u00ed student\u016f do jednotliv\u00fdch \u00farovn\u00ed Foundation Programu se \u0159\u00edd\u00ed v\u00fdsledky jazykov\u00fdch test\u016f. Uveden\u00e9 v\u00fdsledky jsou orienta\u010dn\u00ed a univerzita m\u016f\u017ee po\u017eadovat dal\u0161\u00ed diagnostick\u00e9 testov\u00e1n\u00ed.<\/p>\n\n\n\n<figure class=\"wp-block-table\"><table class=\"has-fixed-layout\"><thead><tr><th>TOEFL iBT \/ UNYP English Test<\/th><th>IELTS<\/th><th>Dal\u0161\u00ed uzn\u00e1van\u00e9 testy<\/th><th>Za\u0159azen\u00ed<\/th><\/tr><\/thead><tbody><tr><td>69\u201371<\/td><td>\u2014<\/td><td>Czech Maturita English Leaving Exam 2<\/td><td>English Composition Skills<\/td><\/tr><tr><td><\/td><td><\/td><td>FCE Grade C + diagnostick\u00e1 esej<\/td><td><\/td><\/tr><tr><td>57\u201368<\/td><td>5.0\u20135.5<\/td><td>Czech Maturita English Leaving Exam 3<\/td><td>ESL Level 2<\/td><\/tr><tr><td><\/td><td><\/td><td>EIKEN Pre-2 nebo 2 (CEFR B1\/A2)<\/td><td><\/td><\/tr><tr><td>49\u201356<\/td><td>4.5<\/td><td>m\u016f\u017ee b\u00fdt zohledn\u011bn pohovor a esej<\/td><td>ESL Level 1<\/td><\/tr><tr><td>m\u00e9n\u011b ne\u017e 49<\/td><td>m\u00e9n\u011b ne\u017e 4.5<\/td><td>\u2014<\/td><td>p\u0159ijet\u00ed nen\u00ed ud\u011bleno<\/td><\/tr><\/tbody><\/table><\/figure>\n\n\n\n<hr class=\"wp-block-separator has-alpha-channel-opacity\"\/>\n\n\n\n<h2 class=\"wp-block-heading\">Testov\u00e1n\u00ed a jazykov\u00e9 po\u017eadavky<\/h2>\n\n\n\n<p>Uveden\u00e9 zkou\u0161ky nep\u0159edstavuj\u00ed \u00fapln\u00fd seznam v\u0161ech uzn\u00e1van\u00fdch jazykov\u00fdch test\u016f. UNYP m\u016f\u017ee se souhlasem akademick\u00e9ho veden\u00ed uznat i dal\u0161\u00ed mezin\u00e1rodn\u011b uzn\u00e1van\u00e9 jazykov\u00e9 zkou\u0161ky.<\/p>\n\n\n\n<p>Studenti Foundation Programu mus\u00ed z\u00edskat souhlas <strong>Foundation Program Advisor nebo rektora<\/strong>, pokud cht\u011bj\u00ed znovu absolvovat institucion\u00e1ln\u00ed test angli\u010dtiny UNYP.<\/p>\n\n\n\n<p>Test UNYP nebo ofici\u00e1ln\u00ed <strong>TOEFL<\/strong> m\u016f\u017ee b\u00fdt organizov\u00e1n b\u011bhem obdob\u00ed z\u00e1v\u011bre\u010dn\u00fdch zkou\u0161ek. Na z\u00e1klad\u011b v\u00fdsledk\u016f <strong>Registrar\u2019s Office<\/strong> uprav\u00ed z\u00e1pis student\u016f do kurz\u016f pro n\u00e1sleduj\u00edc\u00ed semestr.<\/p>\n\n\n\n<hr class=\"wp-block-separator has-alpha-channel-opacity\"\/>\n\n\n\n<h2 class=\"wp-block-heading\">Postup do bakal\u00e1\u0159sk\u00e9ho studia<\/h2>\n\n\n\n<p>Studenti, kte\u0159\u00ed dokon\u010d\u00ed Foundation Program, ale je\u0161t\u011b nejsou p\u0159ipraveni na kurz <strong>Composition I<\/strong>, budou za\u0159azeni do kurzu <strong>English Composition Skills<\/strong>.<\/p>\n\n\n\n<p>Tyto kurzy se <strong>nezapo\u010d\u00edt\u00e1vaj\u00ed do kredit\u016f bakal\u00e1\u0159sk\u00e9ho studia<\/strong>, ale mohou b\u00fdt absolvov\u00e1ny sou\u010dasn\u011b se studijn\u00edm programem.<\/p>\n\n\n\n<p>Studenti, kte\u0159\u00ed:<\/p>\n\n\n\n<ul class=\"wp-block-list\">\n<li>nepostoup\u00ed po <strong>dvou semestrech<\/strong>, nebo<\/li>\n\n\n\n<li>nez\u00edskaj\u00ed status \u0159\u00e1dn\u00e9ho studenta do <strong>t\u0159\u00ed semestr\u016f<\/strong>,<\/li>\n<\/ul>\n\n\n\n<p>budou z UNYP vylou\u010deni.<\/p>\n\n\n\n<hr class=\"wp-block-separator has-alpha-channel-opacity\"\/>\n\n\n\n<h2 class=\"wp-block-heading\">Doch\u00e1zka<\/h2>\n\n\n\n<p>Na studenty Foundation Programu se vztahuj\u00ed <strong>pravidla doch\u00e1zky UNYP<\/strong>.<\/p>\n\n\n\n<p>Studenti, kte\u0159\u00ed p\u0159ekro\u010d\u00ed povolen\u00fd po\u010det neomluven\u00fdch absenc\u00ed v n\u011bkter\u00e9m p\u0159edm\u011btu:<\/p>\n\n\n\n<ul class=\"wp-block-list\">\n<li>obdr\u017e\u00ed hodnocen\u00ed <strong>F<\/strong>,<\/li>\n\n\n\n<li>budou pro dan\u00fd semestr z programu vy\u0159azeni.<\/li>\n<\/ul>\n\n\n\n<p>Do programu se mohou znovu zapsat <strong>ve stejn\u00e9 \u00farovni v n\u00e1sleduj\u00edc\u00edm semestru<\/strong>.<\/p>\n\n\n\n<div style=\"height:20px\" aria-hidden=\"true\" class=\"wp-block-spacer\"><\/div>\n\n\n\n<div class=\"wp-block-group content-block content-block--message is-style-question-box has-unyp-light-blue-background-color has-background is-layout-flow wp-block-group-is-layout-flow\">\n<h3 class=\"wp-block-heading\">M\u00e1te dotaz? Chcete podat p\u0159ihl\u00e1\u0161ku?<\/h3>\n\n\n\n<div class=\"wp-block-buttons is-layout-flex wp-block-buttons-is-layout-flex\">\n<div class=\"wp-block-button\"><a class=\"wp-block-button__link wp-element-button\" href=\"https:\/\/www.unyp.cz\/contact\/\">Kontaktujte n\u00e1s<\/a><\/div>\n\n\n\n<div class=\"wp-block-button is-style-btn-apply-online\"><a class=\"wp-block-button__link wp-element-button\" href=\"https:\/\/application.unyp.cz\/\" target=\"_blank\" rel=\"noreferrer noopener\"><span class=\"icon-student\"><\/span> P\u0159ihlaste se online<\/a><\/div>\n<\/div>\n<\/div>\n\n\n\n<p><\/p>\n","protected":false},"excerpt":{"rendered":"<p>University of New York in Prague nab\u00edz\u00ed v\u0161echny studijn\u00ed programy v angli\u010dtin\u011b. Studenti proto mus\u00ed m\u00edt dostate\u010dnou \u00farove\u0148 akademick\u00e9 angli\u010dtiny, aby se mohli plnohodnotn\u011b zapojit do p\u0159edn\u00e1\u0161ek, diskus\u00ed a p\u00edsemn\u00fdch studijn\u00edch \u00fakol\u016f. Uchaze\u010di, kte\u0159\u00ed spl\u0148uj\u00ed akademick\u00e9 po\u017eadavky pro p\u0159ijet\u00ed, ale pot\u0159ebuj\u00ed pos\u00edlit sv\u00e9 jazykov\u00e9 dovednosti, mohou b\u00fdt za\u0159azeni do UNYP English Foundation Programu. Tento program [&hellip;]<\/p>\n","protected":false},"author":1,"featured_media":0,"parent":0,"menu_order":0,"comment_status":"closed","ping_status":"closed","template":"","meta":{"_acf_changed":false,"inline_featured_image":false,"advgb_blocks_editor_width":"","advgb_blocks_columns_visual_guide":"","footnotes":""},"categories":[],"tags":[],"class_list":["post-20132","page","type-page","status-publish","hentry"],"acf":[],"mb":[],"coauthors":[],"author_meta":{"author_link":"https:\/\/www.unyp.cz\/cs\/author\/kucera-centario\/","display_name":"kucera.centario"},"relative_dates":{"created":"Posted 4 years ago","modified":"Updated 1 month ago"},"absolute_dates":{"created":"Posted on September 28, 2022","modified":"Updated on March 10, 2026"},"absolute_dates_time":{"created":"Posted on September 28, 2022 11:58 AM","modified":"Updated on March 10, 2026 5:41 PM"},"featured_img_caption":"","featured_img":false,"series_order":"","mfb_rest_fields":["title","coauthors","author_meta","relative_dates","absolute_dates","absolute_dates_time","featured_img_caption","featured_img","series_order"],"_links":{"self":[{"href":"https:\/\/www.unyp.cz\/cs\/wp-json\/wp\/v2\/pages\/20132","targetHints":{"allow":["GET"]}}],"collection":[{"href":"https:\/\/www.unyp.cz\/cs\/wp-json\/wp\/v2\/pages"}],"about":[{"href":"https:\/\/www.unyp.cz\/cs\/wp-json\/wp\/v2\/types\/page"}],"author":[{"embeddable":true,"href":"https:\/\/www.unyp.cz\/cs\/wp-json\/wp\/v2\/users\/1"}],"replies":[{"embeddable":true,"href":"https:\/\/www.unyp.cz\/cs\/wp-json\/wp\/v2\/comments?post=20132"}],"version-history":[{"count":13,"href":"https:\/\/www.unyp.cz\/cs\/wp-json\/wp\/v2\/pages\/20132\/revisions"}],"predecessor-version":[{"id":77329,"href":"https:\/\/www.unyp.cz\/cs\/wp-json\/wp\/v2\/pages\/20132\/revisions\/77329"}],"wp:attachment":[{"href":"https:\/\/www.unyp.cz\/cs\/wp-json\/wp\/v2\/media?parent=20132"}],"wp:term":[{"taxonomy":"category","embeddable":true,"href":"https:\/\/www.unyp.cz\/cs\/wp-json\/wp\/v2\/categories?post=20132"},{"taxonomy":"post_tag","embeddable":true,"href":"https:\/\/www.unyp.cz\/cs\/wp-json\/wp\/v2\/tags?post=20132"}],"curies":[{"name":"wp","href":"https:\/\/api.w.org\/{rel}","templated":true}]}}