{"id":20168,"date":"2022-09-28T12:17:26","date_gmt":"2022-09-28T11:17:26","guid":{"rendered":"https:\/\/www.unyp.cz\/course-catalogs\/"},"modified":"2026-03-04T12:26:33","modified_gmt":"2026-03-04T11:26:33","slug":"course-catalogues","status":"publish","type":"page","link":"https:\/\/www.unyp.cz\/cs\/course-catalogues\/","title":{"rendered":"Katalogy kurz\u016f"},"content":{"rendered":"\n<p>V\u00edtejte v ofici\u00e1ln\u00edm archivu katalogu kurz\u016f University of New York in Prague (UNYP). Tyto dokumenty poskytuj\u00ed komplexn\u00ed akademick\u00e9 informace pro budouc\u00ed i st\u00e1vaj\u00edc\u00ed studenty. A\u0165 u\u017e usilujete o z\u00edsk\u00e1n\u00ed bakal\u00e1\u0159sk\u00e9ho titulu, nebo se hl\u00e1s\u00edte do n\u011bkter\u00e9ho z na\u0161ich magistersk\u00fdch program\u016f, na\u0161e katalogy jsou va\u0161\u00edm hlavn\u00edm zdrojem informac\u00ed pro pl\u00e1nov\u00e1n\u00ed va\u0161\u00ed akademick\u00e9 dr\u00e1hy.<\/p>\n\n\n\n<p>Ka\u017ed\u00fd katalog kurz\u016f UNYP obsahuje:<\/p>\n\n\n\n<ul class=\"wp-block-list\">\n<li>\u00dapln\u00fd popis p\u0159edm\u011bt\u016f a p\u0159id\u011blen\u00ed kredit\u016f<\/li>\n\n\n\n<li>P\u0159edpoklady a akademick\u00e9 po\u017eadavky<\/li>\n\n\n\n<li>Struktury program\u016f pro bakal\u00e1\u0159sk\u00e9 a magistersk\u00e9 studium<\/li>\n\n\n\n<li>Voliteln\u00e9 p\u0159edm\u011bty a mo\u017enosti specializace<\/li>\n<\/ul>\n\n\n\n<p>Na\u0161e akademick\u00e9 programy od obchodn\u00ed administrativy po psychologii a od komunikace a m\u00e9di\u00ed po informa\u010dn\u00ed technologie se uskute\u010d\u0148uje v angli\u010dtin\u011b podle americk\u00fdch studijn\u00edch pl\u00e1n\u016f v srdci Evropy.<\/p>\n\n\n\n<hr class=\"wp-block-separator has-alpha-channel-opacity\"\/>\n\n\n\n<h2 class=\"wp-block-heading\">Reference a katalogy kurz\u016f ke sta\u017een\u00ed<\/h2>\n\n\n\n<p><strong>2024\u20132025 Katalog kurz\u016f pro bakal\u00e1\u0159sk\u00e9 programy<\/strong><br>Podrobnosti o bakal\u00e1\u0159sk\u00fdch programech Business Administration, Psychology, Communication &amp; Media, IT a International Relations.<\/p>\n\n\n\n<ul class=\"wp-block-list\">\n<li><a href=\"https:\/\/airtable.com\/shrh4px9YFuxm5mqS\">Download Undergraduate Catalogue (Airtable)<\/a><\/li>\n<\/ul>\n\n\n\n<p><strong>2024\u20132025 Katalog kurz\u016f pro magistersk\u00e9 programy<\/strong><br>Zahrnuje magistersk\u00e9 programy Psychologie, MBA, Digital Marketing and Analytics a Business Analytics.<\/p>\n\n\n\n<ul class=\"wp-block-list\">\n<li><a href=\"https:\/\/unypcz.sharepoint.com\/:f:\/s\/RectorsOfficeTeam\/EkwMt76MDF1JpqO2g-OONmYBDEIy5sj2luLbdbkt4utW9w?e=TOgSAD\">Download Graduate Syllabi and Sourcebooks (PDF)<\/a><\/li>\n<\/ul>\n\n\n\n<p><strong>Archivovan\u00e9 katalogy kurz\u016f<\/strong><br>Prohl\u00e9dn\u011bte si minul\u00e9 akademick\u00e9 roky pro srovn\u00e1n\u00ed a porovn\u00e1n\u00ed u\u010debn\u00edch pl\u00e1n\u016f:<\/p>\n\n\n\n<ul class=\"wp-block-list\">\n<li><a href=\"https:\/\/unypcz.sharepoint.com\/:f:\/s\/RectorsOfficeTeam\/Et4CGIwZIalFmSQmCBaQw1sBUjbRAkwm1KB4-hZDYrFmIA?e=pecRCW\" target=\"_blank\" rel=\"noreferrer noopener\">Undergraduate Programs Syllabi<\/a>\u00a0(PDF, a\u017e do podzimu 2023)<\/li>\n\n\n\n<li><a href=\"https:\/\/airtable.com\/appYNywuY2ElEXfY0\/shrvvjG7P85kJhSfr\">Undergraduate Programs Syllabi<\/a>\u00a0(Airtable, od podzimu 2023)<\/li>\n<\/ul>\n\n\n\n<hr class=\"wp-block-separator has-alpha-channel-opacity\"\/>\n\n\n\n<h2 class=\"wp-block-heading\">Obl\u00edben\u00e9 programy uveden\u00e9 v kataloz\u00edch<\/h2>\n\n\n\n<ul class=\"wp-block-list\">\n<li><a href=\"https:\/\/www.unyp.cz\/cs\/bakalarske-programy\/bakalarsky-program-psychologie\/\">Bachelor of\u00a0Arts in\u00a0Psychology<\/a><\/li>\n\n\n\n<li><a href=\"https:\/\/www.unyp.cz\/cs\/bakalarske-programy\/bakalarsky-program-business-administration\/\">Bachelor of Science in\u00a0Business Administration<\/a>\u00a0(American)<\/li>\n\n\n\n<li><a href=\"https:\/\/www.unyp.cz\/cs\/bachelor-of-business-administration-bba\/\">Bachelor of Arts in\u00a0Business Administration<\/a>\u00a0(European)<\/li>\n\n\n\n<li><a href=\"https:\/\/www.unyp.cz\/cs\/bakalarske-programy\/bakalarsky-program-informacni-technologie\/\">Bachelor of\u00a0Arts in\u00a0Information Technology<\/a><\/li>\n\n\n\n<li><a href=\"https:\/\/www.unyp.cz\/cs\/bakalarske-programy\/bakalarsky-program-mezinarodni-vztahy\/\">Bachelor of Arts in\u00a0International Relations<\/a><\/li>\n\n\n\n<li><a href=\"https:\/\/www.unyp.cz\/cs\/bakalarske-programy\/bakalarsky-program-komunikace-a-media\/\">Bachelor of Arts in\u00a0Communication &amp; Media<\/a><\/li>\n\n\n\n<li><a href=\"https:\/\/www.unyp.cz\/cs\/bakalarske-programy\/bakalarsky-program-umeni-digitalnich-medii\/\">Bachelor of Arts in\u00a0Digital Media Arts<\/a><\/li>\n\n\n\n<li><a href=\"https:\/\/www.unyp.cz\/undergraduate-programs\/bachelor-of-english-language-literature\/\">Bachelor of\u00a0Arts in\u00a0English Literature<\/a><\/li>\n\n\n\n<li><a href=\"https:\/\/www.unyp.cz\/cs\/magisterske-programy\/mba-programy-na-unyp\/\">Master\u2019s in Business Administration, MBA<\/a><\/li>\n\n\n\n<li><a href=\"https:\/\/www.unyp.cz\/cs\/magisterske-programy\/magistersky-program-psychologie\/\">Master\u2019s in Psychology, M.A.<\/a><\/li>\n\n\n\n<li><a href=\"https:\/\/www.unyp.cz\/cs\/magistersky-program-digital-marketing-and-analytics-msc\/\">Master\u2019s in Digital Marketing and Analytics, MSc.<\/a><\/li>\n<\/ul>\n\n\n\n<hr class=\"wp-block-separator has-alpha-channel-opacity\"\/>\n\n\n\n<h2 class=\"wp-block-heading\">\u010casto kladen\u00e9 ot\u00e1zky ke katalog\u016fm kurz\u016f UNYP<\/h2>\n\n\n\n<p><strong>Kde najdu podrobn\u00e9 popisy kurz\u016f pro programy?<\/strong><\/p>\n\n\n\n<p>V\u0161echny popisy kurz\u016f, p\u0159ehledy program\u016f a akademick\u00e9 z\u00e1sady jsou obsa\u017eeny v kataloz\u00edch kurz\u016f ve form\u00e1tu PDF ke sta\u017een\u00ed, kter\u00e9 jsou k dispozici v\u00fd\u0161e.<\/p>\n\n\n\n<p><strong>Jak \u010dasto jsou katalogy kurz\u016f aktualizov\u00e1ny?<\/strong><\/p>\n\n\n\n<p>Katalogy kurz\u016f jsou aktualizov\u00e1ny ka\u017edoro\u010dn\u011b, aby odr\u00e1\u017eely vylep\u0161en\u00ed studijn\u00edch program\u016f, novou nab\u00eddku kurz\u016f a po\u017eadavky univerzitn\u00ed akreditace.<\/p>\n\n\n\n<p><strong>Jsou tyto katalogy k dispozici pro zahrani\u010dn\u00ed studenty?<\/strong><\/p>\n\n\n\n<p>Ano. Jako anglicky mluv\u00edc\u00ed vysok\u00e1 \u0161kola v Praze jsou na\u0161e katalogy ur\u010deny pro podporu zahrani\u010dn\u00edch uchaze\u010d\u016f.<\/p>\n","protected":false},"excerpt":{"rendered":"<p>V\u00edtejte v ofici\u00e1ln\u00edm archivu katalogu kurz\u016f University of New York in Prague (UNYP). Tyto dokumenty poskytuj\u00ed komplexn\u00ed akademick\u00e9 informace pro budouc\u00ed i st\u00e1vaj\u00edc\u00ed studenty. A\u0165 u\u017e usilujete o z\u00edsk\u00e1n\u00ed bakal\u00e1\u0159sk\u00e9ho titulu, nebo se hl\u00e1s\u00edte do n\u011bkter\u00e9ho z na\u0161ich magistersk\u00fdch program\u016f, na\u0161e katalogy jsou va\u0161\u00edm hlavn\u00edm zdrojem informac\u00ed pro pl\u00e1nov\u00e1n\u00ed va\u0161\u00ed akademick\u00e9 dr\u00e1hy. Ka\u017ed\u00fd katalog kurz\u016f [&hellip;]<\/p>\n","protected":false},"author":1,"featured_media":0,"parent":0,"menu_order":0,"comment_status":"closed","ping_status":"closed","template":"","meta":{"_acf_changed":false,"inline_featured_image":false,"advgb_blocks_editor_width":"","advgb_blocks_columns_visual_guide":"","footnotes":""},"categories":[],"tags":[],"class_list":["post-20168","page","type-page","status-publish","hentry"],"acf":[],"mb":[],"coauthors":[],"author_meta":{"author_link":"https:\/\/www.unyp.cz\/cs\/author\/kucera-centario\/","display_name":"kucera.centario"},"relative_dates":{"created":"Posted 4 years ago","modified":"Updated 1 month ago"},"absolute_dates":{"created":"Posted on September 28, 2022","modified":"Updated on March 4, 2026"},"absolute_dates_time":{"created":"Posted on September 28, 2022 12:17 PM","modified":"Updated on March 4, 2026 12:26 PM"},"featured_img_caption":"","featured_img":false,"series_order":"","mfb_rest_fields":["title","coauthors","author_meta","relative_dates","absolute_dates","absolute_dates_time","featured_img_caption","featured_img","series_order"],"_links":{"self":[{"href":"https:\/\/www.unyp.cz\/cs\/wp-json\/wp\/v2\/pages\/20168","targetHints":{"allow":["GET"]}}],"collection":[{"href":"https:\/\/www.unyp.cz\/cs\/wp-json\/wp\/v2\/pages"}],"about":[{"href":"https:\/\/www.unyp.cz\/cs\/wp-json\/wp\/v2\/types\/page"}],"author":[{"embeddable":true,"href":"https:\/\/www.unyp.cz\/cs\/wp-json\/wp\/v2\/users\/1"}],"replies":[{"embeddable":true,"href":"https:\/\/www.unyp.cz\/cs\/wp-json\/wp\/v2\/comments?post=20168"}],"version-history":[{"count":8,"href":"https:\/\/www.unyp.cz\/cs\/wp-json\/wp\/v2\/pages\/20168\/revisions"}],"predecessor-version":[{"id":65701,"href":"https:\/\/www.unyp.cz\/cs\/wp-json\/wp\/v2\/pages\/20168\/revisions\/65701"}],"wp:attachment":[{"href":"https:\/\/www.unyp.cz\/cs\/wp-json\/wp\/v2\/media?parent=20168"}],"wp:term":[{"taxonomy":"category","embeddable":true,"href":"https:\/\/www.unyp.cz\/cs\/wp-json\/wp\/v2\/categories?post=20168"},{"taxonomy":"post_tag","embeddable":true,"href":"https:\/\/www.unyp.cz\/cs\/wp-json\/wp\/v2\/tags?post=20168"}],"curies":[{"name":"wp","href":"https:\/\/api.w.org\/{rel}","templated":true}]}}