{"id":20171,"date":"2022-09-28T11:57:19","date_gmt":"2022-09-28T10:57:19","guid":{"rendered":"https:\/\/www.unyp.cz\/?page_id=20171"},"modified":"2026-03-11T12:46:40","modified_gmt":"2026-03-11T11:46:40","slug":"magisterske-programy","status":"publish","type":"page","link":"https:\/\/www.unyp.cz\/cs\/magisterske-programy\/","title":{"rendered":"Magistersk\u00e9 studium v&nbsp;Praze na&nbsp;UNYP"},"content":{"rendered":"\n<p>Prozkoumejte magistersk\u00e9 programy a MBA vyu\u010dovan\u00e9 v angli\u010dtin\u011b na University of New York in Prague.<\/p>\n\n\n\n<p>UNYP nab\u00edz\u00ed postgradu\u00e1ln\u00ed studium ur\u010den\u00e9 pro absolventy vysok\u00fdch \u0161kol i profesion\u00e1ly, kte\u0159\u00ed cht\u011bj\u00ed rozv\u00edjet sv\u00e9 kari\u00e9rn\u00ed mo\u017enosti v mezin\u00e1rodn\u00edm prost\u0159ed\u00ed. Programy kombinuj\u00ed americk\u00e9 akademick\u00e9 standardy s dynamick\u00fdm prost\u0159ed\u00edm Prahy.<\/p>\n\n\n\n<p>N\u00ed\u017ee najdete p\u0159ehled magistersk\u00fdch program\u016f na UNYP. Podrobn\u00e9 informace o studijn\u00edm pl\u00e1nu, p\u0159ij\u00edmac\u00edch po\u017eadavc\u00edch a kari\u00e9rn\u00edch mo\u017enostech naleznete na str\u00e1nk\u00e1ch jednotliv\u00fdch program\u016f.<\/p>\n\n\n\n<hr class=\"wp-block-separator has-alpha-channel-opacity\"\/>\n\n\n\n<h2 class=\"wp-block-heading\" id=\"h-rychle-odkazy\"><strong>Rychl\u00e9 odkazy<\/strong><\/h2>\n\n\n\n<ul class=\"wp-block-list\">\n<li><a href=\"#mba\">MBA<\/a><\/li>\n\n\n\n<li><a href=\"#mdma\">MSc in Digital Marketing and Analytics<\/a><\/li>\n\n\n\n<li><a href=\"#ba\">MSc in Business Analytics<\/a><\/li>\n\n\n\n<li><a href=\"#psych\">MA in Psychology<\/a><\/li>\n<\/ul>\n\n\n\n<figure class=\"wp-block-image\"><img data-opt-id=844915960  fetchpriority=\"high\" decoding=\"async\" width=\"1400\" height=\"934\" src=\"https:\/\/mlgfjgj9j0su.i.optimole.com\/w:1400\/h:934\/q:mauto\/f:best\/https:\/\/www.unyp.cz\/wp-content\/uploads\/2025\/11\/660a8805.jpg\" alt=\"UNYP Master's degree students on a day out in Prague together.\" class=\"wp-image-71149\" srcset=\"https:\/\/mlgfjgj9j0su.i.optimole.com\/w:1400\/h:934\/q:mauto\/f:best\/https:\/\/www.unyp.cz\/wp-content\/uploads\/2025\/11\/660a8805.jpg 1400w, https:\/\/mlgfjgj9j0su.i.optimole.com\/w:300\/h:200\/q:mauto\/f:best\/https:\/\/www.unyp.cz\/wp-content\/uploads\/2025\/11\/660a8805.jpg 300w, https:\/\/mlgfjgj9j0su.i.optimole.com\/w:150\/h:100\/q:mauto\/f:best\/https:\/\/www.unyp.cz\/wp-content\/uploads\/2025\/11\/660a8805.jpg 150w, https:\/\/mlgfjgj9j0su.i.optimole.com\/w:768\/h:512\/q:mauto\/f:best\/https:\/\/www.unyp.cz\/wp-content\/uploads\/2025\/11\/660a8805.jpg 768w, https:\/\/mlgfjgj9j0su.i.optimole.com\/w:1536\/h:1025\/q:mauto\/f:best\/https:\/\/www.unyp.cz\/wp-content\/uploads\/2025\/11\/660a8805.jpg 1536w\" sizes=\"(max-width: 1000px) 100vw, 1000px\" \/><\/figure>\n\n\n\n<div style=\"height:20px\" aria-hidden=\"true\" class=\"wp-block-spacer\"><\/div>\n\n\n\n<h2 class=\"wp-block-heading\"><strong>Dostupn\u00e9 magistersk\u00e9 programy<\/strong><\/h2>\n\n\n\n<h3 class=\"wp-block-heading\" id=\"mba\">\ud83d\udd37 Master of Business Administration (MBA)<\/h3>\n\n\n\n<p>Program MBA na UNYP je ur\u010den profesion\u00e1l\u016fm, kte\u0159\u00ed cht\u011bj\u00ed rozv\u00edjet sv\u00e9 mana\u017eersk\u00e9 a strategick\u00e9 dovednosti a posunout svou kari\u00e9ru v oblasti mezin\u00e1rodn\u00edho byznysu.<\/p>\n\n\n\n<p>\u2192 <a href=\"https:\/\/www.unyp.cz\/cs\/magisterske-programy\/mba-programy-na-unyp\/\">Zobrazit detail programu MBA<\/a><\/p>\n\n\n\n<hr class=\"wp-block-separator has-alpha-channel-opacity\"\/>\n\n\n\n<h3 class=\"wp-block-heading\" id=\"mdma\">\ud83d\udd37 MSc in Digital Marketing and Analytics<\/h3>\n\n\n\n<p>Jednolet\u00fd magistersk\u00fd program zam\u011b\u0159en\u00fd na modern\u00ed marketingov\u00e9 strategie a pr\u00e1ci s daty, kter\u00fd p\u0159ipravuje studenty na kari\u00e9ru v oblasti digit\u00e1ln\u00edho marketingu a analytiky.<\/p>\n\n\n\n<p>\u2192 <a href=\"https:\/\/www.unyp.cz\/cs\/magistersky-program-digital-marketing-and-analytics-msc\/\">Zobrazit detail programu<\/a><\/p>\n\n\n\n<hr class=\"wp-block-separator has-alpha-channel-opacity\"\/>\n\n\n\n<h3 class=\"wp-block-heading\" id=\"ba\">\ud83d\udd37 MSc in Business Analytics<\/h3>\n\n\n\n<p>Anglicky vyu\u010dovan\u00fd magistersk\u00fd program, kter\u00fd p\u0159ipravuje studenty na pr\u00e1ci s daty a jejich vyu\u017eit\u00ed p\u0159i strategick\u00e9m rozhodov\u00e1n\u00ed ve firm\u00e1ch.<\/p>\n\n\n\n<p>\u2192 <a href=\"https:\/\/www.unyp.cz\/cs\/msc-in-business-analytics\/\">Zobrazit detail programu<\/a><\/p>\n\n\n\n<hr class=\"wp-block-separator has-alpha-channel-opacity\"\/>\n\n\n\n<h3 class=\"wp-block-heading\" id=\"psych\">\ud83d\udd37 MA in Psychology<\/h3>\n\n\n\n<p>Magistersk\u00fd program zam\u011b\u0159en\u00fd na pokro\u010dil\u00e9 studium lidsk\u00e9ho chov\u00e1n\u00ed a psychologick\u00e9ho v\u00fdzkumu.<\/p>\n\n\n\n<p>Status programu:<br>Program MA in Psychology moment\u00e1ln\u011b nep\u0159ij\u00edm\u00e1 nov\u00e9 p\u0159ihl\u00e1\u0161ky. Akreditace z\u016fst\u00e1v\u00e1 platn\u00e1 do roku 2028 pro aktu\u00e1ln\u011b zapsan\u00e9 studenty.<\/p>\n\n\n\n<p>\u2192 <a href=\"https:\/\/www.unyp.cz\/cs\/magisterske-programy\/magistersky-program-psychologie\/\">Zobrazit detail programu<\/a> (existuj\u00edci program)<\/p>\n\n\n\n<hr class=\"wp-block-separator has-alpha-channel-opacity\"\/>\n\n\n\n<h2 class=\"wp-block-heading\"><strong>Jak si vybrat magistersk\u00fd program<\/strong><\/h2>\n\n\n\n<p>Magistersk\u00e9 programy na UNYP kombinuj\u00ed americk\u00e9 akademick\u00e9 standardy s mezin\u00e1rodn\u00edm prost\u0159ed\u00edm Prahy. Studium prob\u00edh\u00e1 v angli\u010dtin\u011b a propojuje teoretick\u00e9 znalosti s praktick\u00fdmi zku\u0161enostmi.<\/p>\n\n\n\n<p>Studenti profituj\u00ed z men\u0161\u00edch studijn\u00edch skupin, mezin\u00e1rodn\u00edho akademick\u00e9ho t\u00fdmu a studijn\u00edho prost\u0159ed\u00ed zam\u011b\u0159en\u00e9ho na rozvoj kari\u00e9ry.<\/p>\n\n\n\n<p>Pro informace o p\u0159ij\u00edmac\u00edm \u0159\u00edzen\u00ed, \u0161koln\u00e9m a term\u00ednech p\u0159ihl\u00e1\u0161ek nav\u0161tivte str\u00e1nky jednotliv\u00fdch program\u016f.<\/p>\n\n\n\n<hr class=\"wp-block-separator has-alpha-channel-opacity\"\/>\n\n\n\n<h2 class=\"wp-block-heading\"><strong>Dal\u0161\u00ed kroky<\/strong><\/h2>\n\n\n\n<p>M\u00e1te z\u00e1jem o magistersk\u00e9 studium na University of New York in Prague?<\/p>\n\n\n\n<p>Pro v\u00edce informac\u00ed o p\u0159ihl\u00e1\u0161ce, p\u0159ij\u00edmac\u00edch po\u017eadavc\u00edch a mo\u017enostech studia nav\u0161tivte n\u00e1sleduj\u00edc\u00ed str\u00e1nky:<\/p>\n\n\n\n<p><a href=\"https:\/\/www.unyp.cz\/cs\/skolne\/\">P\u0159ij\u00edmac\u00ed po\u017eadavky \u2192<\/a><br>Zjist\u011bte, jak\u00e9 dokumenty jsou pot\u0159eba a kdo se m\u016f\u017ee p\u0159ihl\u00e1sit.<\/p>\n\n\n\n<p><a href=\"https:\/\/www.unyp.cz\/cs\/skolne\/\">\u0160koln\u00e9 a stipendia \u2192<\/a><br>Informace o v\u00fd\u0161i \u0161koln\u00e9ho, mo\u017enostech plateb a dostupn\u00fdch stipendi\u00edch.<\/p>\n\n\n\n<p><a href=\"https:\/\/application.unyp.cz\/\">Jak podat p\u0159ihl\u00e1\u0161ku \u2192<\/a><br>Pr\u016fvodce procesem p\u0159ihl\u00e1\u0161ky a dal\u0161\u00edmi kroky po jej\u00edm odesl\u00e1n\u00ed.<\/p>\n\n\n\n<p><a href=\"https:\/\/www.unyp.cz\/cs\/kontakt\/\">Kontaktujte UNYP Admissions Team \u2192<\/a><br>Pot\u0159ebujete poradit s v\u00fdb\u011brem programu nebo p\u0159ihl\u00e1\u0161kou? Obra\u0165te se na n\u00e1\u0161 admissions t\u00fdm.<\/p>\n","protected":false},"excerpt":{"rendered":"<p>Prozkoumejte magistersk\u00e9 programy a MBA vyu\u010dovan\u00e9 v angli\u010dtin\u011b na University of New York in Prague. UNYP nab\u00edz\u00ed postgradu\u00e1ln\u00ed studium ur\u010den\u00e9 pro absolventy vysok\u00fdch \u0161kol i profesion\u00e1ly, kte\u0159\u00ed cht\u011bj\u00ed rozv\u00edjet sv\u00e9 kari\u00e9rn\u00ed mo\u017enosti v mezin\u00e1rodn\u00edm prost\u0159ed\u00ed. Programy kombinuj\u00ed americk\u00e9 akademick\u00e9 standardy s dynamick\u00fdm prost\u0159ed\u00edm Prahy. N\u00ed\u017ee najdete p\u0159ehled magistersk\u00fdch program\u016f na UNYP. Podrobn\u00e9 informace o studijn\u00edm [&hellip;]<\/p>\n","protected":false},"author":1,"featured_media":0,"parent":0,"menu_order":0,"comment_status":"closed","ping_status":"closed","template":"","meta":{"_acf_changed":false,"inline_featured_image":false,"advgb_blocks_editor_width":"","advgb_blocks_columns_visual_guide":"","footnotes":""},"categories":[],"tags":[],"class_list":["post-20171","page","type-page","status-publish","hentry"],"acf":[],"mb":[],"coauthors":[],"author_meta":{"author_link":"https:\/\/www.unyp.cz\/cs\/author\/kucera-centario\/","display_name":"kucera.centario"},"relative_dates":{"created":"Posted 4 years ago","modified":"Updated 4 weeks ago"},"absolute_dates":{"created":"Posted on September 28, 2022","modified":"Updated on March 11, 2026"},"absolute_dates_time":{"created":"Posted on September 28, 2022 11:57 AM","modified":"Updated on March 11, 2026 12:46 PM"},"featured_img_caption":"","featured_img":false,"series_order":"","mfb_rest_fields":["title","coauthors","author_meta","relative_dates","absolute_dates","absolute_dates_time","featured_img_caption","featured_img","series_order"],"_links":{"self":[{"href":"https:\/\/www.unyp.cz\/cs\/wp-json\/wp\/v2\/pages\/20171","targetHints":{"allow":["GET"]}}],"collection":[{"href":"https:\/\/www.unyp.cz\/cs\/wp-json\/wp\/v2\/pages"}],"about":[{"href":"https:\/\/www.unyp.cz\/cs\/wp-json\/wp\/v2\/types\/page"}],"author":[{"embeddable":true,"href":"https:\/\/www.unyp.cz\/cs\/wp-json\/wp\/v2\/users\/1"}],"replies":[{"embeddable":true,"href":"https:\/\/www.unyp.cz\/cs\/wp-json\/wp\/v2\/comments?post=20171"}],"version-history":[{"count":34,"href":"https:\/\/www.unyp.cz\/cs\/wp-json\/wp\/v2\/pages\/20171\/revisions"}],"predecessor-version":[{"id":77367,"href":"https:\/\/www.unyp.cz\/cs\/wp-json\/wp\/v2\/pages\/20171\/revisions\/77367"}],"wp:attachment":[{"href":"https:\/\/www.unyp.cz\/cs\/wp-json\/wp\/v2\/media?parent=20171"}],"wp:term":[{"taxonomy":"category","embeddable":true,"href":"https:\/\/www.unyp.cz\/cs\/wp-json\/wp\/v2\/categories?post=20171"},{"taxonomy":"post_tag","embeddable":true,"href":"https:\/\/www.unyp.cz\/cs\/wp-json\/wp\/v2\/tags?post=20171"}],"curies":[{"name":"wp","href":"https:\/\/api.w.org\/{rel}","templated":true}]}}