{"id":20173,"date":"2023-02-09T10:51:02","date_gmt":"2023-02-09T09:51:02","guid":{"rendered":"https:\/\/www.unyp.cz\/magisterske-programy\/master-of-psychology-mgr\/"},"modified":"2026-04-17T11:42:40","modified_gmt":"2026-04-17T10:42:40","slug":"magistersky-program-psychologie","status":"publish","type":"page","link":"https:\/\/www.unyp.cz\/cs\/magisterske-programy\/magistersky-program-psychologie\/","title":{"rendered":"Master of&nbsp;Psychology (Mgr.) \u2013 Stav programu"},"content":{"rendered":"\n<h2 class=\"wp-block-heading\" id=\"h-stav-programu-uzavren-pro-nove-uchazece\"><strong>Stav programu: Uzav\u0159en pro nov\u00e9 uchaze\u010de<\/strong><\/h2>\n\n\n\n<p>Tento program ji\u017e nep\u0159ij\u00edm\u00e1 nov\u00e9 p\u0159ihl\u00e1\u0161ky a je aktu\u00e1ln\u011b realizov\u00e1n pouze pro ji\u017e zapsan\u00e9 studenty.<\/p>\n\n\n\n<h3 class=\"wp-block-heading\" id=\"h-akreditace-a-pokracovani-programu\">Akreditace a pokra\u010dov\u00e1n\u00ed programu<\/h3>\n\n\n\n<p>Program Master of Psychology (Mgr.) na <a href=\"http:\/\/unyp.cz\/cs\">University of New York in Prague<\/a> z\u016fst\u00e1v\u00e1 akreditovan\u00fd do roku 2028. Program je nad\u00e1le vyu\u010dov\u00e1n pro aktu\u00e1ln\u011b zapsan\u00e9 studenty, kte\u0159\u00ed dokon\u010duj\u00ed studium dle p\u016fvodn\u011b stanoven\u00e9ho studijn\u00edho pl\u00e1nu a po\u017eadavk\u016f.<\/p>\n\n\n\n<h3 class=\"wp-block-heading\" id=\"h-o-tomto-programu\">O tomto programu<\/h3>\n\n\n\n<p>N\u00ed\u017ee uveden\u00e9 informace popisuj\u00ed strukturu, obsah a studijn\u00ed v\u00fdstupy programu Master of Psychology (Mgr.) tak, jak je realizov\u00e1n pro aktu\u00e1ln\u011b zapsan\u00e9 studenty.<\/p>\n\n\n\n<h3 class=\"wp-block-heading\" id=\"h-\u2139-budouci-moznosti-studia-psychologie-na-unyp\">\u2139\ufe0f Budouc\u00ed mo\u017enosti studia psychologie na UNYP<\/h3>\n\n\n\n<p>UNYP aktu\u00e1ln\u011b posuzuje budouc\u00ed podobu sv\u00fdch navazuj\u00edc\u00edch program\u016f v oblasti psychologie. Z\u00e1jemci o navazuj\u00edc\u00ed studium psychologie <a href=\"mailto:admissions@unyp.cz\">mohou kontaktovat na\u0161e odd\u011blen\u00ed admissions<\/a> a konzultovat mo\u017en\u00e9 budouc\u00ed studijn\u00ed mo\u017enosti.<\/p>\n\n\n\n<hr class=\"wp-block-separator has-alpha-channel-opacity\"\/>\n\n\n\n<h2 class=\"wp-block-heading\"><strong>O navazuj\u00edc\u00edm programu psychologie<\/strong><\/h2>\n\n\n\n<p>Program Master of Psychology (Mgr.) na University of New York in Prague je navazuj\u00edc\u00ed magistersk\u00fd program ur\u010den\u00fd pro studenty, kte\u0159\u00ed ji\u017e maj\u00ed bakal\u00e1\u0159sk\u00fd titul z psychologie nebo p\u0159\u00edbuzn\u00e9ho oboru. Program je sou\u010d\u00e1st\u00ed <a href=\"https:\/\/www.unyp.cz\/cs\/katedra-psychologie\/\">School of Psychology na UNYP<\/a>.<\/p>\n\n\n\n<p>Program poskytuje pokro\u010dil\u00e9 vzd\u011bl\u00e1n\u00ed v oblasti psychologick\u00e9 teorie, v\u00fdzkumn\u00fdch metod a profesn\u00ed praxe. Je strukturov\u00e1n tak, aby podporoval hlub\u0161\u00ed specializaci v psychologii a p\u0159ipravil studenty na dal\u0161\u00ed akademickou nebo profesn\u00ed dr\u00e1hu.<\/p>\n\n\n\n<p>Studenti se v r\u00e1mci programu v\u011bnuj\u00ed oblastem, jako jsou klinick\u00e1 a zdravotn\u00ed psychologie, soci\u00e1ln\u00ed a v\u00fdvojov\u00e1 psychologie nebo psychologie organizac\u00ed, a z\u00e1rove\u0148 rozv\u00edjej\u00ed analytick\u00e9, v\u00fdzkumn\u00e9 a praktick\u00e9 dovednosti.<\/p>\n\n\n\n<p>School of Psychology na UNYP p\u0159edstavuje mezin\u00e1rodn\u00ed akademick\u00e9 prost\u0159ed\u00ed zam\u011b\u0159en\u00e9 na v\u00fdzkum, mezioborovou spolupr\u00e1ci a individu\u00e1ln\u00ed p\u0159\u00edstup ke student\u016fm.<\/p>\n\n\n\n<hr class=\"wp-block-separator has-alpha-channel-opacity\"\/>\n\n\n\n<h2 class=\"wp-block-heading\"><strong>Zam\u011b\u0159en\u00ed studia (Graduate Curriculum Focus)<\/strong><\/h2>\n\n\n\n<p>Program Master of Psychology klade d\u016fraz na pokro\u010dil\u00e9 akademick\u00e9 a profesn\u00ed vzd\u011bl\u00e1n\u00ed, kter\u00e9 propojuje teoretick\u00e9 z\u00e1klady s aplikovan\u00fdm v\u00fdzkumem a prax\u00ed.<\/p>\n\n\n\n<p>Hlavn\u00ed oblasti studia zahrnuj\u00ed:<\/p>\n\n\n\n<ul class=\"wp-block-list\">\n<li>Klinick\u00e1 a zdravotn\u00ed psychologie<\/li>\n\n\n\n<li>Soci\u00e1ln\u00ed a v\u00fdvojov\u00e1 psychologie<\/li>\n\n\n\n<li>Psychologie organizac\u00ed a pr\u00e1ce<\/li>\n\n\n\n<li>V\u00fdzkumn\u00e9 metody v psychologii<\/li>\n\n\n\n<li>Etika a profesn\u00ed praxe<\/li>\n<\/ul>\n\n\n\n<p>V pr\u016fb\u011bhu studia si studenti osvojuj\u00ed kompetence v oblasti n\u00e1vrhu v\u00fdzkumu, psychologick\u00e9 anal\u00fdzy a aplikace poznatk\u016f v akademick\u00e9m i profesn\u00edm prost\u0159ed\u00ed.<\/p>\n\n\n\n<hr class=\"wp-block-separator has-alpha-channel-opacity\"\/>\n\n\n\n<h2 class=\"wp-block-heading\"><strong>Kari\u00e9rn\u00ed uplatn\u011bn\u00ed v psychologii<\/strong><\/h2>\n\n\n\n<p>Magistersk\u00e9 vzd\u011bl\u00e1n\u00ed v oblasti psychologie p\u0159ipravuje absolventy na \u0161irok\u00e9 spektrum kari\u00e9rn\u00edch mo\u017enost\u00ed ve zdravotnictv\u00ed, v\u00fdzkumu, vzd\u011bl\u00e1v\u00e1n\u00ed i firemn\u00edm prost\u0159ed\u00ed.<\/p>\n\n\n\n<p>V z\u00e1vislosti na specializaci a n\u00e1rodn\u00edch licen\u010dn\u00edch po\u017eadavc\u00edch mohou absolventi p\u016fsobit nap\u0159\u00edklad jako:<\/p>\n\n\n\n<ul class=\"wp-block-list\">\n<li>Klinick\u00fd nebo poradensk\u00fd psycholog <em>(ve v\u011bt\u0161in\u011b zem\u00ed je vy\u017eadov\u00e1no dal\u0161\u00ed vzd\u011bl\u00e1n\u00ed nebo certifikace)<\/em><\/li>\n\n\n\n<li>\u0160koln\u00ed nebo pedagogick\u00fd psycholog<\/li>\n\n\n\n<li>Psycholog ve zdravotnictv\u00ed nebo rehabilitaci<\/li>\n\n\n\n<li>Psycholog organizac\u00ed a pr\u00e1ce<\/li>\n\n\n\n<li>V\u00fdzkumn\u00edk v oblasti kognitivn\u00ed, soci\u00e1ln\u00ed nebo aplikovan\u00e9 psychologie<\/li>\n<\/ul>\n\n\n\n<p>\u0158ada absolvent\u016f pokra\u010duje v doktorsk\u00e9m studiu (PhD nebo PsyD) v psychologii nebo p\u0159\u00edbuzn\u00fdch oborech.<\/p>\n\n\n\n<hr class=\"wp-block-separator has-alpha-channel-opacity\"\/>\n\n\n\n<h2 class=\"wp-block-heading\"><strong>Veden\u00ed programu<\/strong><\/h2>\n\n\n\n<p><strong>Talar Agopian, M.A., Ph.D.<\/strong><br>\u0158editelka programu psychologie<\/p>\n\n\n\n<div class=\"wp-block-media-text is-stacked-on-mobile\" style=\"grid-template-columns:27% auto\"><figure class=\"wp-block-media-text__media\"><img data-opt-id=1795729331  fetchpriority=\"high\" decoding=\"async\" width=\"667\" height=\"1000\" src=\"https:\/\/mlgfjgj9j0su.i.optimole.com\/w:auto\/h:auto\/q:mauto\/f:best\/https:\/\/www.unyp.cz\/wp-content\/uploads\/2026\/04\/2g3a0478-edited-rotated-1.webp\" alt=\"Talar Agopian, \u0159editelka programu psychologie na UNYP\" class=\"wp-image-79010 size-full\" srcset=\"https:\/\/mlgfjgj9j0su.i.optimole.com\/w:667\/h:1000\/q:mauto\/f:best\/https:\/\/www.unyp.cz\/wp-content\/uploads\/2026\/04\/2g3a0478-edited-rotated-1.webp 667w, https:\/\/mlgfjgj9j0su.i.optimole.com\/w:200\/h:300\/q:mauto\/f:best\/https:\/\/www.unyp.cz\/wp-content\/uploads\/2026\/04\/2g3a0478-edited-rotated-1.webp 200w, https:\/\/mlgfjgj9j0su.i.optimole.com\/w:100\/h:150\/q:mauto\/f:best\/https:\/\/www.unyp.cz\/wp-content\/uploads\/2026\/04\/2g3a0478-edited-rotated-1.webp 100w\" sizes=\"(max-width: 667px) 100vw, 667px\" \/><\/figure><div class=\"wp-block-media-text__content\">\n<p>Dr. Agopian z\u00edskala titul Ph.D. v oboru vzd\u011bl\u00e1v\u00e1n\u00ed na Univerzit\u011b Karlov\u011b v Praze a titul M.A. v oboru \u0161koln\u00edho poradenstv\u00ed na Haigazian University, kde tak\u00e9 absolvovala s vyznamen\u00e1n\u00edm bakal\u00e1\u0159sk\u00e9 studium pedagogiky.<\/p>\n\n\n\n<p>P\u0159ed n\u00e1stupem na UNYP p\u016fsobila na univerzit\u00e1ch v Bejr\u00fatu, kde zast\u00e1vala pedagogick\u00e9 i vedouc\u00ed pozice, v\u010detn\u011b funkce vedouc\u00ed katedry. Na UNYP vede magistersk\u00fd program psychologie a podporuje studenty v rozvoji pokro\u010dil\u00fdch akademick\u00fdch znalost\u00ed, v\u00fdzkumn\u00fdch dovednost\u00ed a profesn\u00edch kompetenc\u00ed.<\/p>\n<\/div><\/div>\n\n\n\n<hr class=\"wp-block-separator has-alpha-channel-opacity\"\/>\n\n\n\n<h2 class=\"wp-block-heading\"><strong>Zaj\u00edm\u00e1 v\u00e1s studium psychologie na UNYP?<\/strong><\/h2>\n\n\n\n<p>P\u0159esto\u017ee tento konkr\u00e9tn\u00ed program ji\u017e nep\u0159ij\u00edm\u00e1 nov\u00e9 uchaze\u010de, UNYP nad\u00e1le komunikuje se z\u00e1jemci o navazuj\u00edc\u00ed studium psychologie.<\/p>\n\n\n\n<p>Z\u00e1jemc\u016fm doporu\u010dujeme kontaktovat odd\u011blen\u00ed admissions, kde mohou konzultovat sv\u00e9 studijn\u00ed z\u00e1zem\u00ed, z\u00e1jmy a mo\u017en\u00e9 budouc\u00ed studijn\u00ed cesty na UNYP.<\/p>\n\n\n\n<p>\u2192 <a href=\"mailto:admissions@unyp.cz\">Kontaktujte admissions t\u00fdm UNYP a proberte sv\u00e9 mo\u017enosti studia.<\/a><\/p>\n\n\n\n<p>Studenti, kte\u0159\u00ed jsou na za\u010d\u00e1tku sv\u00e9 studijn\u00ed cesty, mohou zv\u00e1\u017eit tak\u00e9 <strong>Bachelor of Psychology na UNYP<\/strong>, kter\u00fd poskytuje z\u00e1klad pro navazuj\u00edc\u00ed studium v oblasti psychologie.<\/p>\n\n\n\n<p>\u2192 <a href=\"https:\/\/www.unyp.cz\/cs\/bakalarske-programy\/bakalarsky-program-psychologie\/\">Zjist\u011bte v\u00edce o bakal\u00e1\u0159sk\u00e9m programu psychologie na UNYP.<\/a><\/p>\n\n\n\n<div style=\"height:21px\" aria-hidden=\"true\" class=\"wp-block-spacer\"><\/div>\n\n\n\n<div class=\"wp-block-group content-block content-block--message is-style-question-box has-unyp-light-blue-background-color has-background is-layout-flow wp-block-group-is-layout-flow\">\n<h3 class=\"wp-block-heading\">M\u00e1te dotaz? Chcete podat p\u0159ihl\u00e1\u0161ku?<\/h3>\n\n\n\n<div class=\"wp-block-buttons is-layout-flex wp-block-buttons-is-layout-flex\">\n<div class=\"wp-block-button\"><a class=\"wp-block-button__link wp-element-button\" href=\"https:\/\/www.unyp.cz\/contact\/\">Kontaktujte n\u00e1s<\/a><\/div>\n\n\n\n<div class=\"wp-block-button is-style-btn-apply-online\"><a class=\"wp-block-button__link wp-element-button\" href=\"https:\/\/application.unyp.cz\/\" target=\"_blank\" rel=\"noreferrer noopener\"><span class=\"icon-student\"><\/span> P\u0159ihlaste se online<\/a><\/div>\n<\/div>\n<\/div>\n\n\n\n<p><\/p>\n","protected":false},"excerpt":{"rendered":"<p>Stav programu: Uzav\u0159en pro nov\u00e9 uchaze\u010de Tento program ji\u017e nep\u0159ij\u00edm\u00e1 nov\u00e9 p\u0159ihl\u00e1\u0161ky a je aktu\u00e1ln\u011b realizov\u00e1n pouze pro ji\u017e zapsan\u00e9 studenty. Akreditace a pokra\u010dov\u00e1n\u00ed programu Program Master of Psychology (Mgr.) na University of New York in Prague z\u016fst\u00e1v\u00e1 akreditovan\u00fd do roku 2028. Program je nad\u00e1le vyu\u010dov\u00e1n pro aktu\u00e1ln\u011b zapsan\u00e9 studenty, kte\u0159\u00ed dokon\u010duj\u00ed studium dle p\u016fvodn\u011b [&hellip;]<\/p>\n","protected":false},"author":1,"featured_media":0,"parent":20171,"menu_order":0,"comment_status":"closed","ping_status":"closed","template":"","meta":{"_acf_changed":false,"inline_featured_image":false,"advgb_blocks_editor_width":"","advgb_blocks_columns_visual_guide":"","footnotes":""},"categories":[],"tags":[120],"class_list":["post-20173","page","type-page","status-publish","hentry","tag-psychologie"],"acf":[],"mb":[],"coauthors":[],"author_meta":{"author_link":"https:\/\/www.unyp.cz\/cs\/author\/kucera-centario\/","display_name":"kucera.centario"},"relative_dates":{"created":"Posted 3 years ago","modified":"Updated 1 week ago"},"absolute_dates":{"created":"Posted on February 9, 2023","modified":"Updated on April 17, 2026"},"absolute_dates_time":{"created":"Posted on February 9, 2023 10:51 AM","modified":"Updated on April 17, 2026 11:42 AM"},"featured_img_caption":"","featured_img":false,"series_order":"","mfb_rest_fields":["title","coauthors","author_meta","relative_dates","absolute_dates","absolute_dates_time","featured_img_caption","featured_img","series_order"],"_links":{"self":[{"href":"https:\/\/www.unyp.cz\/cs\/wp-json\/wp\/v2\/pages\/20173","targetHints":{"allow":["GET"]}}],"collection":[{"href":"https:\/\/www.unyp.cz\/cs\/wp-json\/wp\/v2\/pages"}],"about":[{"href":"https:\/\/www.unyp.cz\/cs\/wp-json\/wp\/v2\/types\/page"}],"author":[{"embeddable":true,"href":"https:\/\/www.unyp.cz\/cs\/wp-json\/wp\/v2\/users\/1"}],"replies":[{"embeddable":true,"href":"https:\/\/www.unyp.cz\/cs\/wp-json\/wp\/v2\/comments?post=20173"}],"version-history":[{"count":22,"href":"https:\/\/www.unyp.cz\/cs\/wp-json\/wp\/v2\/pages\/20173\/revisions"}],"predecessor-version":[{"id":79017,"href":"https:\/\/www.unyp.cz\/cs\/wp-json\/wp\/v2\/pages\/20173\/revisions\/79017"}],"up":[{"embeddable":true,"href":"https:\/\/www.unyp.cz\/cs\/wp-json\/wp\/v2\/pages\/20171"}],"wp:attachment":[{"href":"https:\/\/www.unyp.cz\/cs\/wp-json\/wp\/v2\/media?parent=20173"}],"wp:term":[{"taxonomy":"category","embeddable":true,"href":"https:\/\/www.unyp.cz\/cs\/wp-json\/wp\/v2\/categories?post=20173"},{"taxonomy":"post_tag","embeddable":true,"href":"https:\/\/www.unyp.cz\/cs\/wp-json\/wp\/v2\/tags?post=20173"}],"curies":[{"name":"wp","href":"https:\/\/api.w.org\/{rel}","templated":true}]}}