{"id":20182,"date":"2022-09-28T11:50:52","date_gmt":"2022-09-28T10:50:52","guid":{"rendered":"https:\/\/www.unyp.cz\/dual-degree\/"},"modified":"2026-02-20T11:39:27","modified_gmt":"2026-02-20T10:39:27","slug":"dvoji-titul","status":"publish","type":"page","link":"https:\/\/www.unyp.cz\/cs\/dvoji-titul\/","title":{"rendered":"Z\u00edskejte dva akreditovan\u00e9 bakal\u00e1\u0159sk\u00e9 tituly \u2014 americk\u00fd a&nbsp;evropsk\u00fd"},"content":{"rendered":"\n<div class=\"wp-block-media-text is-stacked-on-mobile is-vertically-aligned-top\" style=\"grid-template-columns:40% auto\"><figure class=\"wp-block-media-text__media\"><img data-opt-id=821271338  fetchpriority=\"high\" decoding=\"async\" width=\"556\" height=\"1000\" src=\"https:\/\/mlgfjgj9j0su.i.optimole.com\/w:auto\/h:auto\/q:mauto\/f:best\/https:\/\/www.unyp.cz\/wp-content\/uploads\/2025\/09\/untitled-design.jpg\" alt=\"\" class=\"wp-image-68458 size-full\" srcset=\"https:\/\/mlgfjgj9j0su.i.optimole.com\/w:556\/h:1000\/q:mauto\/f:best\/https:\/\/www.unyp.cz\/wp-content\/uploads\/2025\/09\/untitled-design.jpg 556w, https:\/\/mlgfjgj9j0su.i.optimole.com\/w:167\/h:300\/q:mauto\/f:best\/https:\/\/www.unyp.cz\/wp-content\/uploads\/2025\/09\/untitled-design.jpg 167w, https:\/\/mlgfjgj9j0su.i.optimole.com\/w:83\/h:150\/q:mauto\/f:best\/https:\/\/www.unyp.cz\/wp-content\/uploads\/2025\/09\/untitled-design.jpg 83w\" sizes=\"(max-width: 556px) 100vw, 556px\" \/><\/figure><div class=\"wp-block-media-text__content\">\n<p>Na <a href=\"https:\/\/www.unyp.cz\/cs\/\">University of New York in Prague<\/a> (UNYP) mohou studenti v r\u00e1mci jednoho integrovan\u00e9ho studijn\u00edho programu z\u00edskat dva pln\u011b uzn\u00e1van\u00e9 bakal\u00e1\u0159sk\u00e9 tituly.<\/p>\n\n\n\n<p>Po absolvov\u00e1n\u00ed programu Dual Degree obdr\u017e\u00edte:<\/p>\n\n\n\n<ul class=\"wp-block-list\">\n<li>Americk\u00fd bakal\u00e1\u0159sk\u00fd titul ud\u011blovan\u00fd <a href=\"https:\/\/international-education.sunyempire.edu\/international-education\/prague-czech-republic\/\">SUNY Empire State University<\/a><\/li>\n\n\n\n<li>Evropsk\u00fd titul (Bc.) akreditovan\u00fd Ministerstvem \u0161kolstv\u00ed \u010cR a ud\u011blovan\u00fd UNYP<\/li>\n<\/ul>\n\n\n\n<p>Studium prob\u00edh\u00e1 kompletn\u011b v angli\u010dtin\u011b v Praze. Pln\u00edte jeden ucelen\u00fd studijn\u00ed pl\u00e1n a po jeho dokon\u010den\u00ed z\u00edsk\u00e1te dva samostatn\u00e9 diplomy, kter\u00e9 jsou uzn\u00e1van\u00e9 jak v USA, tak v Evrop\u011b.<\/p>\n\n\n\n<p>Nejde o v\u00fdm\u011bnn\u00fd pobyt ani o certifika\u010dn\u00ed program. Jedn\u00e1 se o promy\u0161len\u011b strukturovan\u00fd americko-evropsk\u00fd model vzd\u011bl\u00e1v\u00e1n\u00ed, kter\u00fd nab\u00edz\u00ed mezin\u00e1rodn\u00ed uzn\u00e1n\u00ed a v\u011bt\u0161\u00ed flexibilitu pro budouc\u00ed kari\u00e9ru.<\/p>\n<\/div><\/div>\n\n\n\n<hr class=\"wp-block-separator has-alpha-channel-opacity\"\/>\n\n\n\n<h2 class=\"wp-block-heading\" id=\"h-titul-uznavany-ve-spojenych-statech-i-napric-evropou\"><strong>Titul uzn\u00e1van\u00fd ve Spojen\u00fdch st\u00e1tech i nap\u0159\u00ed\u010d Evropou<\/strong><\/h2>\n\n\n\n<p>Mnoho student\u016f hled\u00e1 mo\u017enost z\u00edskat americk\u00fd titul v Evrop\u011b nebo mezin\u00e1rodn\u011b uzn\u00e1van\u00fd bakal\u00e1\u0159sk\u00fd titul, kter\u00fd podporuje glob\u00e1ln\u00ed mobilitu. Program Dual Degree na University of New York in Prague (UNYP) tento c\u00edl p\u0159\u00edmo napl\u0148uje.<\/p>\n\n\n\n<p>Americk\u00fd titul je ud\u011blov\u00e1n ve spolupr\u00e1ci s SUNY Empire State University, kter\u00e1 je sou\u010d\u00e1st\u00ed syst\u00e9mu State University of New York (SUNY). SUNY m\u00e1 region\u00e1ln\u00ed akreditaci ve Spojen\u00fdch st\u00e1tech, co\u017e zaru\u010duje akademickou kvalitu i mezin\u00e1rodn\u00ed uzn\u00e1n\u00ed.<\/p>\n\n\n\n<p>Evropsk\u00fd titul (Bc.) je akreditov\u00e1n Ministerstvem \u0161kolstv\u00ed, ml\u00e1de\u017ee a t\u011blov\u00fdchovy \u010cR a je uzn\u00e1v\u00e1n v r\u00e1mci Evropsk\u00e9ho prostoru vysoko\u0161kolsk\u00e9ho vzd\u011bl\u00e1v\u00e1n\u00ed.<\/p>\n\n\n\n<p id=\"h-\">Absolventi tak z\u00edsk\u00e1vaj\u00ed dva nez\u00e1visle akreditovan\u00e9 tituly \u2014 co\u017e posiluje jejich profesn\u00ed d\u016fv\u011bryhodnost, mo\u017enosti pokra\u010dovat v navazuj\u00edc\u00edm studiu i uplatn\u011bn\u00ed na mezin\u00e1rodn\u00edm trhu pr\u00e1ce.<\/p>\n\n\n\n<hr class=\"wp-block-separator has-alpha-channel-opacity\"\/>\n\n\n\n<h2 class=\"wp-block-heading\" id=\"h-proc-ziskat-dvoji-titul\"><strong>Pro\u010d z\u00edskat Dvoj\u00ed titul?<\/strong><\/h2>\n\n\n\n<h3 class=\"wp-block-heading\" id=\"h-globalni-flexibilita-pro-karieru\">Glob\u00e1ln\u00ed flexibilita pro kari\u00e9ru<\/h3>\n\n\n\n<p id=\"h-globalni-flexibilita-pro-karieru-zamestnavatele-hodnoti-akademicke-kvalifikace-podle-akreditacnich-systemu-ktere-znaji-drzeni-jak-americkeho-tak-evropskeho-titulu-snizuje-nejasnosti-a-podporuje-uplatneni-v-eu-usa-i-na-mezinarodnich-trzich-prace\">Zam\u011bstnavatel\u00e9 hodnot\u00ed akademick\u00e9 kvalifikace podle akredita\u010dn\u00edch syst\u00e9m\u016f, kter\u00e9 znaj\u00ed. Dr\u017een\u00ed jak americk\u00e9ho, tak evropsk\u00e9ho titulu sni\u017euje nejasnosti a podporuje uplatn\u011bn\u00ed v EU, USA i na mezin\u00e1rodn\u00edch trz\u00edch pr\u00e1ce.<\/p>\n\n\n\n<h3 class=\"wp-block-heading\" id=\"h-silnejsi-moznosti-pro-navazujici-studium\">Siln\u011bj\u0161\u00ed mo\u017enosti pro navazuj\u00edc\u00ed studium<\/h3>\n\n\n\n<p>Studenti pl\u00e1nuj\u00edc\u00ed magistersk\u00e9 studium, MBA nebo jin\u00e9 postgradu\u00e1ln\u00ed programy z\u00edskaj\u00ed v\u00fdhodu, pokud maj\u00ed americk\u00fd bakal\u00e1\u0159sk\u00fd titul spolu s evropsk\u00fdm diplomem. To m\u016f\u017ee usnadnit p\u0159ijet\u00ed na americk\u00e9 programy a z\u00e1rove\u0148 zachovat uzn\u00e1n\u00ed v Evrop\u011b.<\/p>\n\n\n\n<h3 class=\"wp-block-heading\" id=\"h-jedno-misto-dva-tituly\">Jedno m\u00edsto, dva tituly<\/h3>\n\n\n\n<p>Cel\u00fd program prob\u00edh\u00e1 v Praze. Nen\u00ed pot\u0159eba se st\u011bhovat do USA ani p\u0159ech\u00e1zet na jinou \u0161kolu. Studijn\u00ed pl\u00e1n je z\u00e1m\u011brn\u011b strukturov\u00e1n tak, aby spl\u0148oval po\u017eadavky obou akademick\u00fdch syst\u00e9m\u016f v r\u00e1mci jednoho koordinovan\u00e9ho programu.<\/p>\n\n\n\n<h3 class=\"wp-block-heading\" id=\"h-mezinarodni-akademicke-prostredi\">Mezin\u00e1rodn\u00ed akademick\u00e9 prost\u0159ed\u00ed<\/h3>\n\n\n\n<p id=\"h-\">UNYP nab\u00edz\u00ed v\u0161echny programy v angli\u010dtin\u011b v r\u00e1mci rozmanit\u00e9 akademick\u00e9 komunity student\u016f a pedagog\u016f z cel\u00e9ho sv\u011bta. Dual Degree je sou\u010d\u00e1st\u00ed tohoto glob\u00e1ln\u00edho vzd\u011bl\u00e1vac\u00edho prost\u0159ed\u00ed.<\/p>\n\n\n\n<hr class=\"wp-block-separator has-alpha-channel-opacity\"\/>\n\n\n\n<h2 class=\"wp-block-heading\" id=\"h-programy-dual-degree-na-unyp\"><strong>Programy Dual Degree na UNYP<\/strong><\/h2>\n\n\n\n<p>Mo\u017enost americko-evropsk\u00e9ho Dual Degree je k dispozici u n\u00e1sleduj\u00edc\u00edch bakal\u00e1\u0159sk\u00fdch program\u016f:<\/p>\n\n\n\n<ul class=\"wp-block-list\">\n<li><a href=\"https:\/\/www.unyp.cz\/cs\/bakalarske-programy\/bakalarsky-program-business-administration\/\" target=\"_blank\" rel=\"noreferrer noopener\">Business Administration<\/a><\/li>\n\n\n\n<li><a href=\"https:\/\/www.unyp.cz\/cs\/bakalarske-programy\/bakalarsky-program-psychologie\/\">Psychology<\/a><\/li>\n\n\n\n<li><a href=\"https:\/\/www.unyp.cz\/cs\/bakalarske-programy\/bakalarsky-program-komunikace-a-media\/\">Communication &amp; Media<\/a><\/li>\n\n\n\n<li><a href=\"https:\/\/www.unyp.cz\/cs\/bakalarske-programy\/bakalarsky-program-mezinarodni-vztahy\/\">International Relations<\/a><\/li>\n<\/ul>\n\n\n\n<p id=\"h-d\">Ka\u017ed\u00fd program zachov\u00e1v\u00e1 odbornou n\u00e1ro\u010dnost dan\u00e9ho oboru a z\u00e1rove\u0148 spl\u0148uje po\u017eadavky pro americk\u00fd i evropsk\u00fd titul. Studenti se p\u0159ihla\u0161uj\u00ed p\u0159\u00edmo na University of New York in Prague a vyb\u00edraj\u00ed si sv\u016fj obor v r\u00e1mci struktury Dual Degree.<\/p>\n\n\n\n<div style=\"height:20px\" aria-hidden=\"true\" class=\"wp-block-spacer\"><\/div>\n\n\n\n<hr class=\"wp-block-separator has-alpha-channel-opacity\"\/>\n\n\n\n<h2 class=\"wp-block-heading\" id=\"h-zkusenosti-studentu\"><strong>Zku\u0161enosti student\u016f<\/strong><\/h2>\n\n\n\n<blockquote class=\"wp-block-quote is-layout-flow wp-block-quote-is-layout-flow\">\n<p class=\"has-text-align-left\">Studium programu Dual Degree na University of New York in Prague mi umo\u017enilo propojit mezin\u00e1rodn\u00ed akademick\u00e9 standardy s multikulturn\u00edm vzd\u011bl\u00e1vac\u00edm prost\u0159ed\u00edm. Z\u00edskala jsem tak praktick\u00e9 dovednosti i glob\u00e1ln\u00ed perspektivu, kter\u00e9 p\u0159\u00edmo posiluj\u00ed m\u016fj profesn\u00ed rozvoj v Evrop\u011b i v zahrani\u010d\u00ed.<\/p>\n\n\n\n<p class=\"has-text-align-left\"><em>\u2013 <a href=\"https:\/\/www.linkedin.com\/in\/danai-baouraki\/\">Danai Baouraki<\/a>,<\/em> Dual Degree v oboru Communication and Media<\/p>\n\n\n\n<p class=\"has-text-align-left\"><\/p>\n<\/blockquote>\n\n\n\n<hr class=\"wp-block-separator has-alpha-channel-opacity\"\/>\n\n\n\n<h2 class=\"wp-block-heading\" id=\"h-jak-program-dual-degree-funguje\"><strong>Jak program Dual Degree funguje<\/strong><\/h2>\n\n\n\n<p>Studenti se p\u0159ihla\u0161uj\u00ed na University of New York in Prague a zapisuj\u00ed se do jednoho z opr\u00e1vn\u011bn\u00fdch bakal\u00e1\u0159sk\u00fdch program\u016f. Ve\u0161ker\u00e9 kurzy prob\u00edhaj\u00ed v angli\u010dtin\u011b v Praze a jsou slad\u011bny s americk\u00fdmi i \u010desk\u00fdmi akredita\u010dn\u00edmi standardy.<\/p>\n\n\n\n<p>B\u011bhem programu studenti pln\u00ed v\u0161echny po\u017eadovan\u00e9 akademick\u00e9 komponenty pro ob\u011b instituce. Pro z\u00edsk\u00e1n\u00ed evropsk\u00e9ho titulu je z\u00e1rove\u0148 t\u0159eba splnit po\u017eadavky st\u00e1tn\u00ed z\u00e1v\u011bre\u010dn\u00e9 zkou\u0161ky podle \u010desk\u00fdch p\u0159edpis\u016f.<\/p>\n\n\n\n<p>Po absolvov\u00e1n\u00ed studenti obdr\u017e\u00ed dva samostatn\u00e9 diplomy:<\/p>\n\n\n\n<ul class=\"wp-block-list\">\n<li>Americk\u00fd bakal\u00e1\u0159sk\u00fd titul od SUNY Empire State University<\/li>\n\n\n\n<li>Evropsk\u00fd titul Bc. od UNYP<\/li>\n<\/ul>\n\n\n\n<p>Program je strukturov\u00e1n tak, aby bylo mo\u017en\u00e9 oba tituly z\u00edskat v r\u00e1mci koordinovan\u00e9ho studijn\u00edho pl\u00e1nu.<\/p>\n\n\n\n<figure class=\"wp-block-image size-large\"><img data-opt-id=1932852912  fetchpriority=\"high\" decoding=\"async\" src=\"https:\/\/www.unyp.cz\/wp-content\/uploads\/2026\/01\/untitled-design-51-1.png\" alt=\"Students walking into the University of New York in Prague building during a during an orientation day event.\" class=\"wp-image-76128\"\/><\/figure>\n\n\n\n<h2 class=\"wp-block-heading\"><strong>Akademick\u00e9 partnerstv\u00ed a akreditace<\/strong><\/h2>\n\n\n\n<p>Program Dual Degree na University of New York in Prague<strong> <\/strong>je zalo\u017een na dlouhodob\u00e9m akademick\u00e9m partnerstv\u00ed se SUNY Empire State University. Tato spolupr\u00e1ce zaji\u0161\u0165uje slad\u011bn\u00ed studijn\u00edho pl\u00e1nu, akademick\u00fd dohled a kontrolu kvality v souladu s americk\u00fdmi standardy vysok\u00e9ho \u0161kolstv\u00ed.<\/p>\n\n\n\n<p>Evropsk\u00fd titul je akreditov\u00e1n Ministerstvem \u0161kolstv\u00ed, ml\u00e1de\u017ee a t\u011blov\u00fdchovy \u010cR, co\u017e zaji\u0161\u0165uje soulad s n\u00e1rodn\u00edmi i evropsk\u00fdmi r\u00e1mci vysoko\u0161kolsk\u00e9ho vzd\u011bl\u00e1v\u00e1n\u00ed.<\/p>\n\n\n\n<p>Tento syst\u00e9m dvoj\u00ed akreditace poskytuje transparentnost, d\u016fv\u011bryhodnost instituce a mezin\u00e1rodn\u011b uzn\u00e1van\u00e9 akademick\u00e9 kvalifikace.<\/p>\n\n\n\n<hr class=\"wp-block-separator has-alpha-channel-opacity\"\/>\n\n\n\n<h2 class=\"wp-block-heading\"><strong>\u010casto kladen\u00e9 ot\u00e1zky<\/strong><\/h2>\n\n\n\n<h3 class=\"wp-block-heading\" id=\"h-jaky-je-rozdil-mezi-dual-degree-a-joint-degree\">Jak\u00fd je rozd\u00edl mezi dual degree a joint degree?<\/h3>\n\n\n\n<p>Dual degree ud\u011bluje dva samostatn\u00e9 diplomy od dvou akreditovan\u00fdch instituc\u00ed. Joint degree obvykle vede k jednomu diplomu vydan\u00e9mu spole\u010dn\u011b. Program UNYP poskytuje dva plnohodnotn\u00e9 bakal\u00e1\u0159sk\u00e9 tituly.<\/p>\n\n\n\n<h3 class=\"wp-block-heading\" id=\"h-je-americky-titul-uznavan-ve-spojenych-statech\">Je americk\u00fd titul uzn\u00e1v\u00e1n ve Spojen\u00fdch st\u00e1tech?<\/h3>\n\n\n\n<p>Ano. Titul je ud\u011blov\u00e1n SUNY Empire State University, kter\u00e1 je sou\u010d\u00e1st\u00ed syst\u00e9mu State University of New York, a m\u00e1 region\u00e1ln\u00ed akreditaci v USA.<\/p>\n\n\n\n<h3 class=\"wp-block-heading\" id=\"h-je-evropsky-titul-uznavan-v-cele-eu\">Je evropsk\u00fd titul uzn\u00e1v\u00e1n v cel\u00e9 EU?<\/h3>\n\n\n\n<p id=\"h-je-evropsky-titul-uznavan-v-cele-eu-ano-evropsky-titul-bc-je-akreditovan-ministerstvem-skolstvi-cr-a-uznavan-v-ramci-evropskeho-prostoru-vysokoskolskeho-vzdelavani\">Ano. Evropsk\u00fd titul Bc. je akreditov\u00e1n Ministerstvem \u0161kolstv\u00ed \u010cR a uzn\u00e1v\u00e1n v r\u00e1mci Evropsk\u00e9ho prostoru vysoko\u0161kolsk\u00e9ho vzd\u011bl\u00e1v\u00e1n\u00ed.<\/p>\n\n\n\n<h3 class=\"wp-block-heading\" id=\"h-musim-studovat-v-usa\">Mus\u00edm studovat v USA?<\/h3>\n\n\n\n<p>Ne. Cel\u00fd program prob\u00edh\u00e1 v Praze.<\/p>\n\n\n\n<h3 class=\"wp-block-heading\" id=\"h-ziskani-dvou-titulu-trva-dele\">Z\u00edsk\u00e1n\u00ed dvou titul\u016f trv\u00e1 d\u00e9le?<\/h3>\n\n\n\n<p>Ne. Studijn\u00ed pl\u00e1n je navr\u017een tak, aby studenti splnili po\u017eadavky pro oba tituly v r\u00e1mci jednoho strukturovan\u00e9ho programu.<\/p>\n\n\n\n<hr class=\"wp-block-separator has-alpha-channel-opacity\"\/>\n\n\n\n<p>Program americko-evropsk\u00e9ho Dual Degree na UNYP je ur\u010den student\u016fm, kte\u0159\u00ed cht\u011bj\u00ed mezin\u00e1rodn\u00ed akademick\u00e9 uzn\u00e1n\u00ed, mobilitu a dlouhodobou flexibilitu kari\u00e9ry.<\/p>\n\n\n\n<p>Pro v\u00edce informac\u00ed o zp\u016fsobilosti, p\u0159ij\u00edmac\u00edch po\u017eadavc\u00edch nebo nab\u00edzen\u00fdch programech kontaktujte Admissions Office na <strong><a>admissions@unyp.cz<\/a><\/strong> nebo prozkoumejte jednotliv\u00e9 bakal\u00e1\u0159sk\u00e9 programy, kter\u00e9 nab\u00edz\u00ed mo\u017enost Dual Degree.<\/p>\n\n\n\n<p><\/p>\n","protected":false},"excerpt":{"rendered":"<p>Titul uzn\u00e1van\u00fd ve Spojen\u00fdch st\u00e1tech i nap\u0159\u00ed\u010d Evropou Mnoho student\u016f hled\u00e1 mo\u017enost z\u00edskat americk\u00fd titul v Evrop\u011b nebo mezin\u00e1rodn\u011b uzn\u00e1van\u00fd bakal\u00e1\u0159sk\u00fd titul, kter\u00fd podporuje glob\u00e1ln\u00ed mobilitu. Program Dual Degree na University of New York in Prague (UNYP) tento c\u00edl p\u0159\u00edmo napl\u0148uje. Americk\u00fd titul je ud\u011blov\u00e1n ve spolupr\u00e1ci s SUNY Empire State University, kter\u00e1 je sou\u010d\u00e1st\u00ed [&hellip;]<\/p>\n","protected":false},"author":1,"featured_media":0,"parent":0,"menu_order":0,"comment_status":"closed","ping_status":"closed","template":"","meta":{"_acf_changed":false,"inline_featured_image":false,"advgb_blocks_editor_width":"","advgb_blocks_columns_visual_guide":"","footnotes":""},"categories":[],"tags":[],"class_list":["post-20182","page","type-page","status-publish","hentry"],"acf":[],"mb":[],"coauthors":[],"author_meta":{"author_link":"https:\/\/www.unyp.cz\/cs\/author\/kucera-centario\/","display_name":"kucera.centario"},"relative_dates":{"created":"Posted 4 years ago","modified":"Updated 2 months ago"},"absolute_dates":{"created":"Posted on September 28, 2022","modified":"Updated on February 20, 2026"},"absolute_dates_time":{"created":"Posted on September 28, 2022 11:50 AM","modified":"Updated on February 20, 2026 11:39 AM"},"featured_img_caption":"","featured_img":false,"series_order":"","mfb_rest_fields":["title","coauthors","author_meta","relative_dates","absolute_dates","absolute_dates_time","featured_img_caption","featured_img","series_order"],"_links":{"self":[{"href":"https:\/\/www.unyp.cz\/cs\/wp-json\/wp\/v2\/pages\/20182","targetHints":{"allow":["GET"]}}],"collection":[{"href":"https:\/\/www.unyp.cz\/cs\/wp-json\/wp\/v2\/pages"}],"about":[{"href":"https:\/\/www.unyp.cz\/cs\/wp-json\/wp\/v2\/types\/page"}],"author":[{"embeddable":true,"href":"https:\/\/www.unyp.cz\/cs\/wp-json\/wp\/v2\/users\/1"}],"replies":[{"embeddable":true,"href":"https:\/\/www.unyp.cz\/cs\/wp-json\/wp\/v2\/comments?post=20182"}],"version-history":[{"count":20,"href":"https:\/\/www.unyp.cz\/cs\/wp-json\/wp\/v2\/pages\/20182\/revisions"}],"predecessor-version":[{"id":76138,"href":"https:\/\/www.unyp.cz\/cs\/wp-json\/wp\/v2\/pages\/20182\/revisions\/76138"}],"wp:attachment":[{"href":"https:\/\/www.unyp.cz\/cs\/wp-json\/wp\/v2\/media?parent=20182"}],"wp:term":[{"taxonomy":"category","embeddable":true,"href":"https:\/\/www.unyp.cz\/cs\/wp-json\/wp\/v2\/categories?post=20182"},{"taxonomy":"post_tag","embeddable":true,"href":"https:\/\/www.unyp.cz\/cs\/wp-json\/wp\/v2\/tags?post=20182"}],"curies":[{"name":"wp","href":"https:\/\/api.w.org\/{rel}","templated":true}]}}