{"id":20227,"date":"2022-09-28T11:48:11","date_gmt":"2022-09-28T10:48:11","guid":{"rendered":"https:\/\/www.unyp.cz\/external-advisory-board\/"},"modified":"2025-06-10T15:00:44","modified_gmt":"2025-06-10T14:00:44","slug":"externi-poradni-komise","status":"publish","type":"page","link":"https:\/\/www.unyp.cz\/cs\/externi-poradni-komise\/","title":{"rendered":"Extern\u00ed poradn\u00ed komise"},"content":{"rendered":"\n<h3 class=\"wp-block-heading\">UNYP Extern\u00ed poradn\u00ed sbor: Pr\u016fvodce mezin\u00e1rodn\u00edm vysoko\u0161kolsk\u00fdm vzd\u011bl\u00e1v\u00e1n\u00edm v Praze<\/h3>\n\n\n\n<p>Extern\u00ed poradn\u00ed sbor <strong>University of New York in Prague (UNYP)<\/strong> hraje d\u016fle\u017eitou roli p\u0159i formov\u00e1n\u00ed strategick\u00e9ho sm\u011b\u0159ov\u00e1n\u00ed univerzity a zaji\u0161\u0165ov\u00e1n\u00ed trval\u00e9 excelence jej\u00edch <strong>mezin\u00e1rodn\u00edch vysoko\u0161kolsk\u00fdch program\u016f v \u010cesk\u00e9 republice<\/strong>. Rada se sch\u00e1z\u00ed dvakr\u00e1t ro\u010dn\u011b a poskytuje veden\u00ed UNYP odborn\u00e9 poradenstv\u00ed ohledn\u011b toho, jak pos\u00edlit postaven\u00ed univerzity v r\u00e1mci \u010desk\u00e9ho i sv\u011btov\u00e9ho akademick\u00e9ho prost\u0159ed\u00ed.<\/p>\n\n\n\n<p>Rada hodnot\u00ed kvalitu <strong>anglickojazy\u010dn\u00fdch vysoko\u0161kolsk\u00fdch program\u016f v Praze<\/strong>, kter\u00e9 UNYP nab\u00edz\u00ed, a doporu\u010duje zlep\u0161en\u00ed koncepce studijn\u00edch program\u016f, metodik v\u00fduky a slad\u011bn\u00ed s aktu\u00e1ln\u00edmi spole\u010densk\u00fdmi a ekonomick\u00fdmi pot\u0159ebami. T\u00edm je zaji\u0161t\u011bno, \u017ee studenti z\u00edskaj\u00ed modern\u00ed, profesn\u011b relevantn\u00ed vzd\u011bl\u00e1n\u00ed, kter\u00e9 odpov\u00edd\u00e1 mezin\u00e1rodn\u00edm standard\u016fm.<\/p>\n\n\n\n<p>Extern\u00ed poradn\u00ed sbor UNYP, slo\u017een\u00fd z dev\u00edti uzn\u00e1van\u00fdch osobnost\u00ed z<strong> akademick\u00e9 sf\u00e9ry, ve\u0159ejn\u00e9ho \u017eivota a podnikatelsk\u00e9 sf\u00e9ry<\/strong>, sdru\u017euje poradce v oblasti vysoko\u0161kolsk\u00e9ho vzd\u011bl\u00e1v\u00e1n\u00ed a odborn\u00edky z oboru ve st\u0159edn\u00ed Evrop\u011b. Jejich rozmanit\u00e9 n\u00e1zory v\u00fdznamn\u011b p\u0159isp\u00edvaj\u00ed k<strong> <\/strong>r\u016fstu UNYP, jej\u00edmu dlouhodob\u00e9mu vlivu a z\u00e1vazku p\u0159ipravovat absolventy na po\u017eadavky glob\u00e1ln\u00ed pracovn\u00ed s\u00edly.<\/p>\n\n\n\n<hr class=\"wp-block-separator has-alpha-channel-opacity\"\/>\n\n\n\n<h3 class=\"wp-block-heading\">Ing. Andrea Ferancov\u00e1 Barto\u0148ov\u00e1 &#8211; Chair of the Board &amp; Founding Partner at ESPIRA Investments<\/h3>\n\n\n\n<figure class=\"wp-block-image alignleft size-full is-resized has-custom-border is-style-rounded wp-duotone-grayscale\" style=\"margin-top:0;margin-bottom:0\"><img data-opt-id=824165218  fetchpriority=\"high\" decoding=\"async\" width=\"141\" height=\"178\" src=\"https:\/\/mlgfjgj9j0su.i.optimole.com\/w:auto\/h:auto\/q:mauto\/f:best\/https:\/\/www.unyp.cz\/wp-content\/uploads\/2022\/10\/ferencova.jpg\" alt=\"\" class=\"wp-image-20221\" style=\"border-radius:100px;aspect-ratio:1;object-fit:cover;width:140px\" srcset=\"https:\/\/mlgfjgj9j0su.i.optimole.com\/w:141\/h:178\/q:mauto\/f:best\/https:\/\/www.unyp.cz\/wp-content\/uploads\/2022\/10\/ferencova.jpg 141w, https:\/\/mlgfjgj9j0su.i.optimole.com\/w:119\/h:150\/q:mauto\/f:best\/https:\/\/www.unyp.cz\/wp-content\/uploads\/2022\/10\/ferencova.jpg 119w\" sizes=\"(max-width: 141px) 100vw, 141px\" \/><\/figure>\n\n\n\n<p>Pan\u00ed Ferancov\u00e1 Barto\u0148ov\u00e1 m\u00e1 v\u00edce ne\u017e 20 let zku\u0161enost\u00ed s financov\u00e1n\u00edm rozv\u00edjej\u00edc\u00edch se trh\u016f.<\/p>\n\n\n\n<p>P\u0159ed n\u00e1stupem do spole\u010dnosti ESPIRA byla spolumajitelkou spole\u010dnosti Wood &amp; Company, p\u0159edn\u00ed st\u0159edoevropsk\u00e9 investi\u010dn\u00ed banky a makl\u00e9\u0159sk\u00e9 spole\u010dnosti.<\/p>\n\n\n\n<p>Pod jej\u00edm veden\u00edm vzrostl tr\u017en\u00ed pod\u00edl Wood &amp; Company na \u010desk\u00e9m akciov\u00e9m trhu z 5 % na 30 %, co\u017e je pozice, kterou si firma st\u00e1le dr\u017e\u00ed. Byla tak\u00e9 pr\u016fkopnic\u00ed elektronick\u00e9ho p\u0159\u00edstupu k obchodov\u00e1n\u00ed v Praze, Var\u0161av\u011b, Budape\u0161ti, V\u00eddni, Frankfurtu, Istanbulu a Dubaji.<\/p>\n\n\n\n<p>Andrea byla n\u011bkolikr\u00e1t za\u0159azena mezi 25 nejlep\u0161\u00edch podnikatelek v \u010cesk\u00e9 republice podle Hospod\u00e1\u0159sk\u00fdch novin a \u010dasopisu Forbes. V\u00edce informac\u00ed o pan\u00ed Ferancov\u00e9 Barto\u0148ov\u00e9 naleznete<a href=\"https:\/\/www.linkedin.com\/in\/andrea-ferancova-bartonova\/\"> zde<\/a>.<\/p>\n\n\n\n<div style=\"height:21px\" aria-hidden=\"true\" class=\"wp-block-spacer\"><\/div>\n\n\n\n<h3 class=\"wp-block-heading\">Dr. William Barnard, Ph.D. &#8211; Former Dean of Academic Development at UNYP Center Director of Council on International Educational Exchange<\/h3>\n\n\n\n<figure class=\"wp-block-image alignleft size-full is-resized is-style-rounded wp-duotone-grayscale\"><img data-opt-id=27599690  fetchpriority=\"high\" decoding=\"async\" width=\"181\" height=\"181\" src=\"https:\/\/mlgfjgj9j0su.i.optimole.com\/w:auto\/h:auto\/q:mauto\/f:best\/https:\/\/www.unyp.cz\/wp-content\/uploads\/2025\/05\/1516209579205.jpeg\" alt=\"\" class=\"wp-image-63937\" style=\"aspect-ratio:1;object-fit:cover;width:140px\" srcset=\"https:\/\/mlgfjgj9j0su.i.optimole.com\/w:181\/h:181\/q:mauto\/f:best\/https:\/\/www.unyp.cz\/wp-content\/uploads\/2025\/05\/1516209579205.jpeg 181w, https:\/\/mlgfjgj9j0su.i.optimole.com\/w:150\/h:150\/q:mauto\/f:best\/https:\/\/www.unyp.cz\/wp-content\/uploads\/2025\/05\/1516209579205.jpeg 150w\" sizes=\"(max-width: 181px) 100vw, 181px\" \/><\/figure>\n\n\n\n<p>Will poch\u00e1z\u00ed ze Spojen\u00fdch st\u00e1t\u016f a m\u00e1 dvacetilet\u00e9 zku\u0161enosti s mezin\u00e1rodn\u00edm vzd\u011bl\u00e1v\u00e1n\u00edm v \u010cesk\u00e9 republice.<\/p>\n\n\n\n<p>Z\u00edskal bakal\u00e1\u0159sk\u00fd titul na Princetonsk\u00e9 univerzit\u011b, magistersk\u00fd titul na Univerzit\u011b Severn\u00ed Karol\u00edny v Chapel Hill a doktorsk\u00fd titul na Michigansk\u00e9 univerzit\u011b.<\/p>\n\n\n\n<p>Will m\u00e1 v\u00edce ne\u017e patn\u00e1ctiletou praxi na UNYP, kde d\u0159\u00edve p\u016fsobil mimo jin\u00e9 jako viceprezident pro akademick\u00e9 z\u00e1le\u017eitosti a provozn\u00ed \u0159editel.<\/p>\n\n\n\n<p>V sou\u010dasn\u00e9 dob\u011b je \u0159editelem centra v Praze pro CIEE: Radu pro mezin\u00e1rodn\u00ed vzd\u011bl\u00e1vac\u00ed v\u00fdm\u011bnu. V\u00edce informac\u00ed o panu Barnardovi naleznete <a href=\"https:\/\/www.linkedin.com\/in\/will-barnard-a3818a\/\">zde<\/a>.<\/p>\n\n\n\n<div style=\"height:21px\" aria-hidden=\"true\" class=\"wp-block-spacer\"><\/div>\n\n\n\n<h3 class=\"wp-block-heading\">Ing. Senta \u010cerm\u00e1kov\u00e1 &#8211; CEO of Czechitasl, Teacher at CEMS \u2013 The Global Alliance in Management Education<\/h3>\n\n\n\n<figure class=\"wp-block-image alignleft size-medium is-resized is-style-rounded wp-duotone-grayscale\"><img data-opt-id=244890745  fetchpriority=\"high\" decoding=\"async\" width=\"225\" height=\"300\" src=\"https:\/\/www.unyp.cz\/wp-content\/uploads\/2025\/03\/senta.png\" alt=\"\" class=\"wp-image-60596\" style=\"aspect-ratio:1;object-fit:cover;width:140px\" srcset=\"https:\/\/www.unyp.cz\/wp-content\/uploads\/2025\/03\/senta.png 225w, https:\/\/www.unyp.cz\/wp-content\/uploads\/2025\/03\/senta.png 113w, https:\/\/www.unyp.cz\/wp-content\/uploads\/2025\/03\/senta.png 333w\" sizes=\"(max-width: 225px) 100vw, 225px\" \/><\/figure>\n\n\n\n<p>Pan\u00ed \u010cerm\u00e1kov\u00e1 vystudovala biokybernetiku na Elektrotechnick\u00e9 fakult\u011b \u010cVUT.<\/p>\n\n\n\n<p>Vyv\u00edj\u00ed strategick\u00e9 projekty v oblasti nov\u00fdch technologi\u00ed a inovac\u00ed, podporuje startupy na lok\u00e1ln\u00ed i mezin\u00e1rodn\u00ed \u00farovni a vyu\u010duje kritick\u00e9 my\u0161len\u00ed ve futurologii v mezin\u00e1rodn\u00edm programu CEMS. Je tak\u00e9 aktivn\u00ed v oblasti soci\u00e1ln\u00edch inovac\u00ed ve vzd\u011bl\u00e1v\u00e1n\u00ed a mentoringu.<\/p>\n\n\n\n<p>Pan\u00ed \u010cerm\u00e1kov\u00e1 vede program SheXO pro \u017eeny ve veden\u00ed firem, KidsXO pro talentovan\u00e9 d\u011bti v oblasti technologi\u00ed a 3XO, kter\u00fd propojuje seniorn\u00ed profesion\u00e1ly z byznysu. Ve spole\u010dnosti Deloitte \u010cesk\u00e1 republika spustila a \u0159\u00edd\u00ed program st\u00e1\u017e\u00ed.<\/p>\n\n\n\n<p>Dvakr\u00e1t z\u00edskala ocen\u011bn\u00ed Deloitte Regional Impact Award pro st\u0159edn\u00ed Evropu za programy pro startupy a transformaci firem. V roce 2011 se stala prvn\u00ed \u017eenou, kter\u00e1 z\u00edskala ocen\u011bn\u00ed Mana\u017eer roku. V\u00edce informac\u00ed o pan\u00ed \u010cerm\u00e1kov\u00e9 naleznete <a href=\"https:\/\/www.linkedin.com\/in\/sentacermakova\/\">zde<\/a>.<\/p>\n\n\n\n<div style=\"height:19px\" aria-hidden=\"true\" class=\"wp-block-spacer\"><\/div>\n\n\n\n<h3 class=\"wp-block-heading\">Ing. Jan Fischer, CSc. &#8211; Former Czech Prime Minister<\/h3>\n\n\n\n<figure class=\"wp-block-image alignleft size-full is-resized is-style-rounded wp-duotone-grayscale\"><img data-opt-id=1886721276  fetchpriority=\"high\" decoding=\"async\" width=\"140\" height=\"180\" src=\"https:\/\/mlgfjgj9j0su.i.optimole.com\/w:auto\/h:auto\/q:mauto\/f:best\/https:\/\/www.unyp.cz\/wp-content\/uploads\/2022\/10\/jan_fischer_photo.jpg\" alt=\"\" class=\"wp-image-20185\" style=\"aspect-ratio:1;object-fit:cover;width:140px\" srcset=\"https:\/\/mlgfjgj9j0su.i.optimole.com\/w:140\/h:180\/q:mauto\/f:best\/https:\/\/www.unyp.cz\/wp-content\/uploads\/2022\/10\/jan_fischer_photo.jpg 140w, https:\/\/mlgfjgj9j0su.i.optimole.com\/w:117\/h:150\/q:mauto\/f:best\/https:\/\/www.unyp.cz\/wp-content\/uploads\/2022\/10\/jan_fischer_photo.jpg 117w\" sizes=\"(max-width: 140px) 100vw, 140px\" \/><\/figure>\n\n\n\n<p>Jan Fischer je b\u00fdval\u00fd p\u0159edseda vl\u00e1dy \u010cesk\u00e9 republiky a m\u00edstop\u0159edseda Evropsk\u00e9 banky pro obnovu a rozvoj. V sou\u010dasn\u00e9 dob\u011b je poradcem p\u0159edsedy \u010cesk\u00e9ho statistick\u00e9ho \u00fa\u0159adu a vyu\u010duje na Vysok\u00e9 \u0161kole ekonomick\u00e9 v Praze.<\/p>\n\n\n\n<p>Jan Fischer z\u00edskal doktor\u00e1t z ekonomick\u00e9 statistiky a svou kari\u00e9ru zah\u00e1jil na Spolkov\u00e9m statistick\u00e9m \u00fa\u0159ad\u011b. Vedl t\u00fdmy zab\u00fdvaj\u00edc\u00ed se v\u00fdsledky voleb a \u0159\u00eddil vztahy s Eurostatem, v letech 2003-2009 p\u016fsobil jako p\u0159edseda \u010cesk\u00e9ho statistick\u00e9ho \u00fa\u0159adu.<\/p>\n\n\n\n<p>V soukrom\u00e9m sektoru p\u016fsobil Fischer jako \u0159editel produkce ve spole\u010dnosti Taylor Nelson Sofres Factum a \u0159editel pro strategick\u00e9 projekty ve spole\u010dnosti CE Group. V roce 2001 se tak\u00e9 pod\u00edlel na zalo\u017een\u00ed statistick\u00e9 slu\u017eby ve V\u00fdchodn\u00edm Timoru ve spolupr\u00e1ci s MMF.<\/p>\n\n\n\n<p>V letech 2010 a\u017e 2012 byl Fischer viceprezidentem EBRD a vedl v\u00fdzkumn\u00e1 centra na Vysok\u00e9 \u0161kole ekonomick\u00e9. Jako p\u0159edseda vl\u00e1dy (2009-2010) vedl \u010deskou vl\u00e1du b\u011bhem jej\u00edho p\u0159edsednictv\u00ed v Rad\u011b EU a pozd\u011bji p\u016fsobil jako m\u00edstop\u0159edseda vl\u00e1dy a ministr financ\u00ed.<\/p>\n\n\n\n<p>Je \u010dlenem n\u011bkolika akademick\u00fdch a vl\u00e1dn\u00edch rad, v\u010detn\u011b spr\u00e1vn\u00ed rady Vysok\u00e9 \u0161koly ekonomick\u00e9 v Praze.<\/p>\n\n\n\n<div style=\"height:23px\" aria-hidden=\"true\" class=\"wp-block-spacer\"><\/div>\n\n\n\n<h3 class=\"wp-block-heading\" id=\"phdr-jindrich-fryc-8f70b739-7a19-4217-8ad5-de5133b9e97e\">PhDr. Jind\u0159ich Fry\u010d &#8211; Chief State Secretary<\/h3>\n\n\n\n<figure class=\"wp-block-image alignleft size-large is-resized is-style-rounded wp-duotone-grayscale\"><img data-opt-id=1388624669  fetchpriority=\"high\" decoding=\"async\" width=\"747\" height=\"1000\" src=\"https:\/\/mlgfjgj9j0su.i.optimole.com\/w:747\/h:1000\/q:mauto\/f:best\/https:\/\/www.unyp.cz\/wp-content\/uploads\/2023\/12\/Mr.-Fryc-e1701869003936.jpg\" alt=\"\" class=\"wp-image-38868\" style=\"aspect-ratio:1;object-fit:cover;width:140px\"\/><\/figure>\n\n\n\n<p class=\"has-text-align-left\">Jind\u0159ich Fry\u010d vystudoval Pedagogickou fakultu Univerzity Karlovy v Praze a svou kari\u00e9ru budoval na Ministerstvu \u0161kolstv\u00ed, ml\u00e1de\u017ee a t\u011blov\u00fdchovy.<\/p>\n\n\n\n<p>Pro\u0161el kl\u00ed\u010dov\u00fdmi pozicemi, mezi n\u011b\u017e pat\u0159il \u0159editel odboru pro ml\u00e1de\u017e, gener\u00e1ln\u00ed \u0159editel pro mezin\u00e1rodn\u00ed vztahy a evropsk\u00e9 z\u00e1le\u017eitosti, n\u00e1m\u011bstek ministra (2012-2014) a pozd\u011bji gener\u00e1ln\u00ed sekret\u00e1\u0159. Jeho odbornost spo\u010d\u00edv\u00e1 v oblasti vzd\u011bl\u00e1v\u00e1n\u00ed a mezin\u00e1rodn\u00edch vztah\u016f.<\/p>\n\n\n\n<p>Za sv\u016fj p\u0159\u00ednos v oblasti vzd\u011bl\u00e1v\u00e1n\u00ed, v\u011bdy a kultury obdr\u017eel francouzsk\u00fd \u0158\u00e1d akademick\u00fdch palem a n\u011bmeck\u00fd Velk\u00fd k\u0159\u00ed\u017e za z\u00e1sluhy.<\/p>\n\n\n\n<p class=\"has-text-align-left\">V sou\u010dasn\u00e9 dob\u011b p\u016fsob\u00ed jako hlavn\u00ed st\u00e1tn\u00ed tajemn\u00edk na ministerstvu vnitra, kde se zam\u011b\u0159uje na zlep\u0161ov\u00e1n\u00ed ve\u0159ejn\u00e9 spr\u00e1vy a posilov\u00e1n\u00ed role st\u00e1tn\u00edch zam\u011bstnanc\u016f. V\u00edce informac\u00ed o panu Fry\u010dovi naleznete <a href=\"https:\/\/www.linkedin.com\/in\/jind%C5%99ich-fry%C4%8D-90638a21a\/\">zde<\/a>.<\/p>\n\n\n\n<div style=\"height:24px\" aria-hidden=\"true\" class=\"wp-block-spacer\"><\/div>\n\n\n\n<h3 class=\"wp-block-heading\" id=\"ing-jan-fischer-csc--234f1d18-1dea-4607-a1d4-cf0806e2213d\">Dr. Hadi Salavitabar &#8211; Former Dean of SUNY New Paltz University, Founder &amp; CEO of Summit Academic Leadership Advisors<\/h3>\n\n\n\n<figure class=\"wp-block-image alignleft size-medium is-resized is-style-rounded wp-duotone-grayscale\"><img data-opt-id=147076930  fetchpriority=\"high\" decoding=\"async\" width=\"214\" height=\"300\" src=\"https:\/\/mlgfjgj9j0su.i.optimole.com\/w:214\/h:300\/q:mauto\/f:best\/https:\/\/www.unyp.cz\/wp-content\/uploads\/2025\/03\/dr-hadi-salavitabar-usb-board-of-trustees.jpg\" alt=\"\" class=\"wp-image-60593\" style=\"aspect-ratio:1;object-fit:cover;width:140px\" srcset=\"https:\/\/mlgfjgj9j0su.i.optimole.com\/w:214\/h:300\/q:mauto\/f:best\/https:\/\/www.unyp.cz\/wp-content\/uploads\/2025\/03\/dr-hadi-salavitabar-usb-board-of-trustees.jpg 214w, https:\/\/mlgfjgj9j0su.i.optimole.com\/w:714\/h:1000\/q:mauto\/f:best\/https:\/\/www.unyp.cz\/wp-content\/uploads\/2025\/03\/dr-hadi-salavitabar-usb-board-of-trustees.jpg 714w, https:\/\/mlgfjgj9j0su.i.optimole.com\/w:107\/h:150\/q:mauto\/f:best\/https:\/\/www.unyp.cz\/wp-content\/uploads\/2025\/03\/dr-hadi-salavitabar-usb-board-of-trustees.jpg 107w, https:\/\/mlgfjgj9j0su.i.optimole.com\/w:768\/h:1075\/q:mauto\/f:best\/https:\/\/www.unyp.cz\/wp-content\/uploads\/2025\/03\/dr-hadi-salavitabar-usb-board-of-trustees.jpg 768w, https:\/\/mlgfjgj9j0su.i.optimole.com\/w:1097\/h:1536\/q:mauto\/f:best\/https:\/\/www.unyp.cz\/wp-content\/uploads\/2025\/03\/dr-hadi-salavitabar-usb-board-of-trustees.jpg 1097w, https:\/\/mlgfjgj9j0su.i.optimole.com\/w:1286\/h:1800\/q:mauto\/f:best\/https:\/\/www.unyp.cz\/wp-content\/uploads\/2025\/03\/dr-hadi-salavitabar-usb-board-of-trustees.jpg 1286w\" sizes=\"(max-width: 214px) 100vw, 214px\" \/><\/figure>\n\n\n\n<p>Dr. Hadi Salavitabar z\u00edskal doktor\u00e1t na St\u00e1tn\u00ed univerzit\u011b New York v Binghamtonu v roce 1982.<\/p>\n\n\n\n<p>P\u016fsobil na fakult\u011b a v administrativ\u011b na SUNY New Paltz, The College of Saint Rose a University at Albany &#8211; SUNY. Jeho v\u011bdeck\u00e9 \u010dl\u00e1nky a knihy byly publikov\u00e1ny v mezin\u00e1rodn\u011b uzn\u00e1van\u00fdch nakladatelstv\u00edch.<\/p>\n\n\n\n<p>Dr. Salavitabar p\u016fsobil v mnoha n\u00e1rodn\u00edch a mezin\u00e1rodn\u00edch komis\u00edch. V sou\u010dasn\u00e9 dob\u011b je \u010dlenem spr\u00e1vn\u00ed rady Ulster Savings Bank, spr\u00e1vn\u00ed rady Mohonk Mountain House a podnikatelsk\u00e9ho poradn\u00edho sboru University of New York in Prague.<\/p>\n\n\n\n<p>Obdr\u017eel \u0159adu ocen\u011bn\u00ed, v\u010detn\u011b ceny rektora SUNY a ceny pro absolventy. V kv\u011btnu 2013 byl uveden do S\u00edn\u011b sl\u00e1vy SUNY New Paltz School of Business. V\u00edce informac\u00ed o panu Salavitabarovi naleznete <a href=\"https:\/\/www.linkedin.com\/in\/hadi-salavitabar-a237a53\/\">zde<\/a>.<\/p>\n\n\n\n<div style=\"height:19px\" aria-hidden=\"true\" class=\"wp-block-spacer\"><\/div>\n\n\n\n<h3 class=\"wp-block-heading\" id=\"ing-miroslav-singer-ph-d--1c10e5bd-c9eb-459c-b275-26916de3b62a\">Ing. Miroslav Singer, Ph.D. &#8211; Former Governor, Czech National Bank, Director of Institutional Affairs, Chief Economist CEE, Generali CEE Holding, BVV<\/h3>\n\n\n\n<figure class=\"wp-block-image alignleft size-medium is-resized is-style-rounded wp-duotone-grayscale\"><img data-opt-id=1864894983  fetchpriority=\"high\" decoding=\"async\" width=\"233\" height=\"300\" src=\"https:\/\/mlgfjgj9j0su.i.optimole.com\/w:233\/h:300\/q:mauto\/f:best\/https:\/\/www.unyp.cz\/wp-content\/uploads\/2022\/10\/m._singer_photo.jpg\" alt=\"\" class=\"wp-image-20201\" style=\"aspect-ratio:1;object-fit:cover;width:140px\" srcset=\"https:\/\/mlgfjgj9j0su.i.optimole.com\/w:233\/h:300\/q:mauto\/f:best\/https:\/\/www.unyp.cz\/wp-content\/uploads\/2022\/10\/m._singer_photo.jpg 233w, https:\/\/mlgfjgj9j0su.i.optimole.com\/w:117\/h:150\/q:mauto\/f:best\/https:\/\/www.unyp.cz\/wp-content\/uploads\/2022\/10\/m._singer_photo.jpg 117w, https:\/\/mlgfjgj9j0su.i.optimole.com\/w:461\/h:593\/q:mauto\/f:best\/https:\/\/www.unyp.cz\/wp-content\/uploads\/2022\/10\/m._singer_photo.jpg 461w\" sizes=\"(max-width: 233px) 100vw, 233px\" \/><\/figure>\n\n\n\n<p>Miroslav Singer je v\u00fdznamn\u00fd \u010desk\u00fd ekonom.<\/p>\n\n\n\n<p>Vystudoval obor matematick\u00e9 metody v ekonomii na Vysok\u00e9 \u0161kole ekonomick\u00e9 v Praze a v roce 1995 z\u00edskal doktor\u00e1t na Pittsbursk\u00e9 univerzit\u011b.<\/p>\n\n\n\n<p>P\u0159ed n\u00e1stupem do \u010cesk\u00e9 n\u00e1rodn\u00ed banky (\u010cNB) p\u016fsobil Singer ve vedouc\u00edch funkc\u00edch ve spole\u010dnostech Expandia a PricewaterhouseCoopers se zam\u011b\u0159en\u00edm na finance, pr\u016fmysl a restrukturalizaci.<\/p>\n\n\n\n<p>V roce 2005 se stal \u010dlenem bankovn\u00ed rady \u010cNB a do roku 2010 zast\u00e1val funkci viceguvern\u00e9ra. Pot\u00e9 byl jmenov\u00e1n guvern\u00e9rem, kter\u00fdm byl a\u017e do roku 2016.<\/p>\n\n\n\n<p>Od ledna 2017 je Singer \u0159editelem pro vztahy s institucemi a hlavn\u00edm ekonomem Generali CEE Holding, kde dohl\u00ed\u017e\u00ed na aktivity v Rakousku, st\u0159edn\u00ed a v\u00fdchodn\u00ed Evrop\u011b a Rusku. V lednu 2018 se stal \u010dlenem v\u00fdkonn\u00e9ho v\u00fdboru spole\u010dnosti.<\/p>\n\n\n\n<p>Krom\u011b toho p\u0159edsed\u00e1 dozor\u010d\u00edm rad\u00e1m \u010cesk\u00e9 poji\u0161\u0165ovny a Generali Poji\u0161\u0165ovny (CZ) a p\u016fsob\u00ed jako m\u00edstop\u0159edseda dozor\u010d\u00ed rady Moneta Money Bank. Mezi jeho ocen\u011bn\u00ed pat\u0159\u00ed nap\u0159,<\/p>\n\n\n\n<p>Singer byl v roce 2014 vyhl\u00e1\u0161en \u201eCentr\u00e1ln\u00edm bank\u00e9\u0159em roku v Evrop\u011b\u201c \u010dasopisem The Banker, kter\u00fd vyd\u00e1v\u00e1 Financial Times. Dal\u0161\u00ed informace o panu Singerovi naleznete <a href=\"https:\/\/www.linkedin.com\/in\/miroslav-singer-3bbbaa131\/?originalSubdomain=cz\">zde<\/a>.<\/p>\n\n\n\n<div style=\"height:21px\" aria-hidden=\"true\" class=\"wp-block-spacer\"><\/div>\n\n\n\n<h3 class=\"wp-block-heading\">prof. PaedDr. Radka Wildov\u00e1, CSc. &#8211; Chief Director of the Higher Education, Science and Research Section at M\u0160MT<\/h3>\n\n\n\n<figure class=\"wp-block-image alignleft size-medium is-resized is-style-rounded wp-duotone-grayscale\"><img data-opt-id=1962364033  fetchpriority=\"high\" decoding=\"async\" width=\"200\" height=\"300\" src=\"https:\/\/www.unyp.cz\/wp-content\/uploads\/2024\/11\/photo.png\" alt=\"\" class=\"wp-image-53430\" style=\"aspect-ratio:1;object-fit:cover;width:140px\" srcset=\"https:\/\/www.unyp.cz\/wp-content\/uploads\/2024\/11\/photo.png 200w, https:\/\/www.unyp.cz\/wp-content\/uploads\/2024\/11\/photo.png 100w, https:\/\/www.unyp.cz\/wp-content\/uploads\/2024\/11\/photo.png 373w\" sizes=\"(max-width: 200px) 100vw, 200px\" \/><\/figure>\n\n\n\n<p>Radka Wildov\u00e1 vystudovala Pedagogickou fakultu Univerzity Karlovy, obor u\u010ditelstv\u00ed pro z\u00e1kladn\u00ed \u0161koly.<\/p>\n\n\n\n<p>Od roku 1989 p\u016fsob\u00ed na kated\u0159e preprim\u00e1rn\u00edho a prim\u00e1rn\u00edho vzd\u011bl\u00e1v\u00e1n\u00ed, kde se v\u00fdzkumn\u011b a pedagogicky zam\u011b\u0159uje na ranou gramotnost a pregramotnost.<\/p>\n\n\n\n<p>Na Univerzit\u011b Karlov\u011b zast\u00e1vala n\u011bkolik vedouc\u00edch funkc\u00ed, mj. prod\u011bkanka pro studium (2003-2009), d\u011bkanka Pedagogick\u00e9 fakulty (2009-2017) a \u010dlenka kolegia rektora (2016-2017).<\/p>\n\n\n\n<p>V sou\u010dasn\u00e9 dob\u011b je \u010dlenkou kolegia d\u011bkana, prorektorkou pro kvalitu vzd\u011bl\u00e1vac\u00ed \u010dinnosti a vrchn\u00ed \u0159editelkou pro vysok\u00e9 \u0161kolstv\u00ed, v\u011bdu a v\u00fdzkum M\u0160MT.<\/p>\n\n\n\n<p>Radka je tak\u00e9 aktivn\u00ed v odborn\u00fdch organizac\u00edch, mimo jin\u00e9 v Mezin\u00e1rodn\u00ed asociaci pro \u010dten\u00ed a ve V\u00fdboru pro rozvoj vzd\u011bl\u00e1vac\u00ed \u010dinnosti Rady Evropy.<\/p>\n\n\n\n<div style=\"height:18px\" aria-hidden=\"true\" class=\"wp-block-spacer\"><\/div>\n\n\n\n<h3 class=\"wp-block-heading\">Blake Wittman, B.S. &#8211; CGO of GoodCall<\/h3>\n\n\n\n<figure class=\"wp-block-image alignleft size-full is-resized is-style-rounded wp-duotone-grayscale\"><img data-opt-id=310506034  fetchpriority=\"high\" decoding=\"async\" width=\"435\" height=\"648\" src=\"https:\/\/mlgfjgj9j0su.i.optimole.com\/w:auto\/h:auto\/q:mauto\/f:best\/https:\/\/www.unyp.cz\/wp-content\/uploads\/2025\/03\/blake-olj1-1024x683-2.jpg\" alt=\"\" class=\"wp-image-60580\" style=\"aspect-ratio:1;object-fit:cover;width:140px\" srcset=\"https:\/\/mlgfjgj9j0su.i.optimole.com\/w:435\/h:648\/q:mauto\/f:best\/https:\/\/www.unyp.cz\/wp-content\/uploads\/2025\/03\/blake-olj1-1024x683-2.jpg 435w, https:\/\/mlgfjgj9j0su.i.optimole.com\/w:201\/h:300\/q:mauto\/f:best\/https:\/\/www.unyp.cz\/wp-content\/uploads\/2025\/03\/blake-olj1-1024x683-2.jpg 201w, https:\/\/mlgfjgj9j0su.i.optimole.com\/w:101\/h:150\/q:mauto\/f:best\/https:\/\/www.unyp.cz\/wp-content\/uploads\/2025\/03\/blake-olj1-1024x683-2.jpg 101w\" sizes=\"(max-width: 435px) 100vw, 435px\" \/><\/figure>\n\n\n\n<p>Blake Wittman je evropsk\u00fdm obchodn\u00edm \u0159editelem spole\u010dnosti GoodCall. Spolupracoval jak s korporacemi z \u017eeb\u0159\u00ed\u010dku Fortune 100, tak s mal\u00fdmi startupy a v obou prost\u0159ed\u00edch se mu da\u0159\u00ed.<\/p>\n\n\n\n<p>M\u00e1 v\u00edce ne\u017e 20 let zku\u0161enost\u00ed a jeho hnac\u00edm motorem jsou lid\u00e9 a c\u00edlev\u011bdomost. Po kr\u00e1tk\u00e9m p\u016fsoben\u00ed v Citibank nastoupil do n\u00e1boru a svou kari\u00e9ru zalo\u017eil na siln\u00fdch vztaz\u00edch, etice a odhodl\u00e1n\u00ed m\u00edt pozitivn\u00ed dopad.<\/p>\n\n\n\n<p>Zalo\u017eil a roz\u0161\u00ed\u0159il firmu SpenglerFox zab\u00fdvaj\u00edc\u00ed se vyhled\u00e1v\u00e1n\u00edm mana\u017eer\u016f po cel\u00e9 st\u0159edn\u00ed Evrop\u011b, kde poskytuje slu\u017eby \u0161pi\u010dkov\u00fdm finan\u010dn\u00edm instituc\u00edm. Pozd\u011bji nastoupil do spole\u010dnosti Philip Morris International jako HR Business Partner pro oblast prodeje a marketingu. Nejv\u011bt\u0161\u00ed posun p\u0159i\u0161el se spole\u010dnost\u00ed Lime&amp;Tonic, startupem podporovan\u00fdm rizikov\u00fdm kapit\u00e1lem, kter\u00fd vyost\u0159il jeho pohled na podnik\u00e1n\u00ed a vliv na trh.<\/p>\n\n\n\n<p>Nyn\u00ed je akcion\u00e1\u0159em a \u0159editelem pro Evropu ve spole\u010dnosti Good Group &#8211; zahrnuj\u00edc\u00ed GoodCall, Recruitment Academy a Datacruit &#8211; a Blake se zam\u011b\u0159uje na transformaci n\u00e1borov\u00e9ho pr\u016fmyslu a rozvoj trhu s lidsk\u00fdmi vztahy. V\u00edce informac\u00ed o panu Wittmanovi naleznete <a href=\"https:\/\/www.linkedin.com\/in\/blakewittman\/?miniProfileUrn=urn%3Ali%3Afs_miniProfile%3AACoAAAALrdsBaLZ9ixJfnZTcgnQm3DXx3gBxVHg\">zde<\/a>.<\/p>\n","protected":false},"excerpt":{"rendered":"<p>UNYP Extern\u00ed poradn\u00ed sbor: Pr\u016fvodce mezin\u00e1rodn\u00edm vysoko\u0161kolsk\u00fdm vzd\u011bl\u00e1v\u00e1n\u00edm v Praze Extern\u00ed poradn\u00ed sbor University of New York in Prague (UNYP) hraje d\u016fle\u017eitou roli p\u0159i formov\u00e1n\u00ed strategick\u00e9ho sm\u011b\u0159ov\u00e1n\u00ed univerzity a zaji\u0161\u0165ov\u00e1n\u00ed trval\u00e9 excelence jej\u00edch mezin\u00e1rodn\u00edch vysoko\u0161kolsk\u00fdch program\u016f v \u010cesk\u00e9 republice. Rada se sch\u00e1z\u00ed dvakr\u00e1t ro\u010dn\u011b a poskytuje veden\u00ed UNYP odborn\u00e9 poradenstv\u00ed ohledn\u011b toho, jak pos\u00edlit postaven\u00ed [&hellip;]<\/p>\n","protected":false},"author":1,"featured_media":0,"parent":0,"menu_order":0,"comment_status":"closed","ping_status":"closed","template":"","meta":{"_acf_changed":false,"inline_featured_image":false,"advgb_blocks_editor_width":"","advgb_blocks_columns_visual_guide":"","footnotes":""},"categories":[],"tags":[],"class_list":["post-20227","page","type-page","status-publish","hentry"],"acf":[],"mb":[],"coauthors":[],"author_meta":{"author_link":"https:\/\/www.unyp.cz\/cs\/author\/kucera-centario\/","display_name":"kucera.centario"},"relative_dates":{"created":"Posted 4 years ago","modified":"Updated 10 months ago"},"absolute_dates":{"created":"Posted on September 28, 2022","modified":"Updated on June 10, 2025"},"absolute_dates_time":{"created":"Posted on September 28, 2022 11:48 AM","modified":"Updated on June 10, 2025 3:00 PM"},"featured_img_caption":"","featured_img":false,"series_order":"","mfb_rest_fields":["title","coauthors","author_meta","relative_dates","absolute_dates","absolute_dates_time","featured_img_caption","featured_img","series_order"],"_links":{"self":[{"href":"https:\/\/www.unyp.cz\/cs\/wp-json\/wp\/v2\/pages\/20227","targetHints":{"allow":["GET"]}}],"collection":[{"href":"https:\/\/www.unyp.cz\/cs\/wp-json\/wp\/v2\/pages"}],"about":[{"href":"https:\/\/www.unyp.cz\/cs\/wp-json\/wp\/v2\/types\/page"}],"author":[{"embeddable":true,"href":"https:\/\/www.unyp.cz\/cs\/wp-json\/wp\/v2\/users\/1"}],"replies":[{"embeddable":true,"href":"https:\/\/www.unyp.cz\/cs\/wp-json\/wp\/v2\/comments?post=20227"}],"version-history":[{"count":11,"href":"https:\/\/www.unyp.cz\/cs\/wp-json\/wp\/v2\/pages\/20227\/revisions"}],"predecessor-version":[{"id":64763,"href":"https:\/\/www.unyp.cz\/cs\/wp-json\/wp\/v2\/pages\/20227\/revisions\/64763"}],"wp:attachment":[{"href":"https:\/\/www.unyp.cz\/cs\/wp-json\/wp\/v2\/media?parent=20227"}],"wp:term":[{"taxonomy":"category","embeddable":true,"href":"https:\/\/www.unyp.cz\/cs\/wp-json\/wp\/v2\/categories?post=20227"},{"taxonomy":"post_tag","embeddable":true,"href":"https:\/\/www.unyp.cz\/cs\/wp-json\/wp\/v2\/tags?post=20227"}],"curies":[{"name":"wp","href":"https:\/\/api.w.org\/{rel}","templated":true}]}}