{"id":20245,"date":"2022-09-28T11:56:59","date_gmt":"2022-09-28T10:56:59","guid":{"rendered":"https:\/\/www.unyp.cz\/academic-programs\/"},"modified":"2026-04-10T15:11:43","modified_gmt":"2026-04-10T14:11:43","slug":"studijni-programy","status":"publish","type":"page","link":"https:\/\/www.unyp.cz\/cs\/studijni-programy\/","title":{"rendered":"P\u0159ehled studijn\u00edch program\u016f UNYP pro budouc\u00ed studenty"},"content":{"rendered":"\n<h2 class=\"wp-block-heading\" id=\"h-bakalarske-programy\">\ud83d\udd37 <strong>Bakal\u00e1\u0159sk\u00e9 programy<\/strong><\/h2>\n\n\n\n<div class=\"wp-block-group is-layout-constrained wp-block-group-is-layout-constrained\">\n<div class=\"wp-block-group is-layout-constrained wp-block-group-is-layout-constrained\">\n<h3 class=\"wp-block-heading\" id=\"h-psychologie\"><a href=\"https:\/\/www.unyp.cz\/cs\/bakalarske-programy\/bakalarsky-program-psychologie\/\">Psychologie<\/a><\/h3>\n\n\n\n<h3 class=\"wp-block-heading\" id=\"h-business-administration\"><a href=\"https:\/\/www.unyp.cz\/cs\/bakalarske-programy\/bakalarsky-program-business-administration\/\">Business Administration<\/a><\/h3>\n\n\n\n<ul class=\"wp-block-list\">\n<li><a href=\"https:\/\/www.unyp.cz\/cs\/bakalarske-programy\/bakalarsky-program-obchodni-administrativa-se-zamerenim-na-sportovni-management\/#Sports-Management\" target=\"_blank\" rel=\"noreferrer noopener\">Koncentrace &#8211; Sportovn\u00ed management<\/a><\/li>\n\n\n\n<li><a href=\"https:\/\/www.unyp.cz\/cs\/bakalarske-programy\/bakalarsky-program-obchodni-administrativa-se-zamerenim-na-sportovni-management\/#Finance\" target=\"_blank\" rel=\"noreferrer noopener\">Koncentrace &#8211; Finance<\/a><\/li>\n\n\n\n<li><a href=\"https:\/\/www.unyp.cz\/cs\/bakalarske-programy\/bakalarsky-program-obchodni-administrativa-se-zamerenim-na-sportovni-management\/#Human-Resources\" target=\"_blank\" rel=\"noreferrer noopener\">Koncentrace &#8211; Lidsk\u00e9 zdroje<\/a><\/li>\n\n\n\n<li><a href=\"https:\/\/www.unyp.cz\/cs\/bakalarske-programy\/bakalarsky-program-obchodni-administrativa-se-zamerenim-na-sportovni-management\/#Data-Analytics\" target=\"_blank\" rel=\"noreferrer noopener\">Koncentrace &#8211; Datov\u00e1 analytika<\/a><\/li>\n\n\n\n<li><a href=\"https:\/\/www.unyp.cz\/cs\/bakalarske-programy\/bakalarsky-program-obchodni-administrativa-se-zamerenim-na-sportovni-management\/#Marketing\" target=\"_blank\" rel=\"noreferrer noopener\">Koncentrace &#8211; Marketing<\/a><\/li>\n\n\n\n<li><a href=\"https:\/\/www.unyp.cz\/cs\/bakalarske-programy\/bakalarsky-program-obchodni-administrativa-se-zamerenim-na-sportovni-management\/#Behavioral-Economics\" target=\"_blank\" rel=\"noreferrer noopener\">Koncentrace &#8211; Behavior\u00e1ln\u00ed ekonomika<\/a><\/li>\n\n\n\n<li><a href=\"https:\/\/www.unyp.cz\/cs\/bakalarske-programy\/bakalarsky-program-obchodni-administrativa-se-zamerenim-na-sportovni-management\/#Entrepreneurship\" target=\"_blank\" rel=\"noreferrer noopener\">Koncentrace &#8211; Podnik\u00e1n\u00ed<\/a><\/li>\n<\/ul>\n\n\n\n<h3 class=\"wp-block-heading\" id=\"h-informacni-technologie\"><a href=\"https:\/\/www.unyp.cz\/cs\/bakalarske-programy\/bakalarsky-program-informacni-technologie\/\">Informa\u010dn\u00ed technologie<\/a><\/h3>\n\n\n\n<h3 class=\"wp-block-heading\" id=\"h-komunikace-a-media\"><a href=\"https:\/\/www.unyp.cz\/cs\/bakalarske-programy\/bakalarsky-program-komunikace-a-media\/\">Komunikace a m\u00e9dia<\/a><\/h3>\n\n\n\n<ul class=\"wp-block-list\">\n<li><a href=\"https:\/\/www.unyp.cz\/cs\/bakalarske-programy\/bakalar-v-oboru-komunikace-a-media-koncentrace-v-multimedialni-zurnalistice\/\" target=\"_blank\" rel=\"noreferrer noopener\">Koncentrace &#8211; Vztahy s ve\u0159ejnost\u00ed<\/a><\/li>\n\n\n\n<li><a href=\"https:\/\/www.unyp.cz\/cs\/bakalarske-programy\/bakalar-v-oboru-komunikace-a-media-koncentrace-v-multimedialni-zurnalistice\/\" target=\"_blank\" rel=\"noreferrer noopener\">Koncentrace &#8211; Medi\u00e1ln\u00ed marketing<\/a><\/li>\n\n\n\n<li><a href=\"https:\/\/www.unyp.cz\/cs\/bakalarske-programy\/bakalar-v-oboru-komunikace-a-media-koncentrace-v-multimedialni-zurnalistice\/\" target=\"_blank\" rel=\"noreferrer noopener\">Koncentrace &#8211; Multimedi\u00e1ln\u00ed \u017eurnalistika<\/a><\/li>\n<\/ul>\n\n\n\n<h3 class=\"wp-block-heading\" id=\"h-mezinarodni-vztahy\"><a href=\"https:\/\/www.unyp.cz\/cs\/bakalarske-programy\/bakalarsky-program-mezinarodni-vztahy\/\">Mezin\u00e1rodn\u00ed vztahy<\/a><\/h3>\n\n\n\n<ul class=\"wp-block-list\">\n<li><a href=\"https:\/\/www.unyp.cz\/cs\/bakalarske-programy\/bakalar-v-oboru-mezinarodni-vztahy-koncentrace-v-diplomacii-a-mezinarodnim-pravu\/\">Koncentrace &#8211; Diplomacie a mezin\u00e1rodn\u00ed pr\u00e1vo<\/a><\/li>\n\n\n\n<li><a href=\"https:\/\/www.unyp.cz\/cs\/bakalarske-programy\/bakalar-v-oboru-mezinarodni-vztahy-koncentrace-v-diplomacii-a-mezinarodnim-pravu\/\">Koncentrace &#8211; Glob\u00e1ln\u00ed \u0159\u00edzen\u00ed<\/a><\/li>\n\n\n\n<li><a href=\"https:\/\/www.unyp.cz\/cs\/bakalarske-programy\/bakalar-v-oboru-mezinarodni-vztahy-koncentrace-v-diplomacii-a-mezinarodnim-pravu\/\">Koncentrace &#8211; Konfliktn\u00ed a bezpe\u010dnostn\u00ed studia<\/a><\/li>\n<\/ul>\n\n\n\n<h3 class=\"wp-block-heading\" id=\"h-digital-media-arts\"><a href=\"https:\/\/www.unyp.cz\/cs\/bakalarske-programy\/bakalarsky-program-umeni-digitalnich-medii\/\">Digital Media Arts<\/a><\/h3>\n\n\n\n<h3 class=\"wp-block-heading\" id=\"h-anglicka-literatura\"><a href=\"https:\/\/www.unyp.cz\/cs\/bakalarske-programy\/cs-bakalarske-programy-anglicka-literatura\/\">Anglick\u00e1 literatura<\/a><\/h3>\n<\/div>\n<\/div>\n\n\n\n<hr class=\"wp-block-separator has-alpha-channel-opacity\"\/>\n\n\n\n<h2 class=\"wp-block-heading\" id=\"h-magisterske-programy\">\ud83d\udd37 <strong>Magistersk\u00e9 programy<\/strong><\/h2>\n\n\n\n<div class=\"wp-block-group is-layout-constrained wp-block-group-is-layout-constrained\">\n<div class=\"wp-block-group is-layout-constrained wp-block-group-is-layout-constrained\">\n<div class=\"wp-block-group is-layout-constrained wp-block-group-is-layout-constrained\">\n<div class=\"wp-block-group is-layout-constrained wp-block-group-is-layout-constrained\">\n<h3 class=\"wp-block-heading\" id=\"h-msc-digitalni-marketing-a-analytika\"><a href=\"https:\/\/www.unyp.cz\/cs\/magistersky-program-digital-marketing-and-analytics-msc\/\">MSc. Digit\u00e1ln\u00ed marketing a analytika<\/a><\/h3>\n\n\n\n<h3 class=\"wp-block-heading\" id=\"h-msc-obchodni-analytika\"><a href=\"https:\/\/www.unyp.cz\/cs\/msc-in-business-analytics\/\">MSc. Obchodn\u00ed analytika<\/a><\/h3>\n\n\n\n<h3 class=\"wp-block-heading\" id=\"h-mba-programy\"><a href=\"https:\/\/www.unyp.cz\/cs\/magisterske-programy\/mba-programy-na-unyp\/\">MBA Programy<\/a><\/h3>\n\n\n\n<ul class=\"wp-block-list\">\n<li><a href=\"https:\/\/www.unyp.cz\/cs\/magisterske-programy\/mba-program-se-zamerenim-na-management\/\">MBA &#8211; Podnik\u00e1n\u00ed<\/a><\/li>\n\n\n\n<li><a href=\"https:\/\/www.unyp.cz\/cs\/magisterske-programy\/mba-program-se-zamerenim-na-management\/\">MBA &#8211; Finance<\/a><\/li>\n\n\n\n<li><a href=\"https:\/\/www.unyp.cz\/cs\/magisterske-programy\/mba-program-se-zamerenim-na-management\/\">MBA &#8211; Management<\/a><\/li>\n\n\n\n<li><a href=\"https:\/\/www.unyp.cz\/cs\/magisterske-programy\/mba-program-se-zamerenim-na-management\/\">MBA &#8211; Marketing<\/a><\/li>\n\n\n\n<li><a href=\"https:\/\/www.unyp.cz\/cs\/magisterske-programy\/mba-program-se-zamerenim-na-management\/\">MBA &#8211; Neuromanagement<\/a><\/li>\n\n\n\n<li><a href=\"https:\/\/www.unyp.cz\/cs\/magisterske-programy\/mba-program-se-zamerenim-na-management\/\">MBA &#8211; Global Business Services<\/a><\/li>\n<\/ul>\n\n\n\n<h3 class=\"wp-block-heading\" id=\"h-psychologie-0\"><a href=\"https:\/\/www.unyp.cz\/cs\/magisterske-programy\/magistersky-program-psychologie\/\">Psychologie<\/a><\/h3>\n<\/div>\n<\/div>\n<\/div>\n<\/div>\n\n\n\n<hr class=\"wp-block-separator has-alpha-channel-opacity\"\/>\n\n\n\n<div class=\"wp-block-group is-layout-constrained wp-block-group-is-layout-constrained\">\n<div class=\"wp-block-group is-layout-constrained wp-block-group-is-layout-constrained\">\n<h2 class=\"wp-block-heading\" id=\"h-ph-d-program\">\ud83d\udd37 <strong><a href=\"https:\/\/www.unyp.cz\/cs\/phd-na-zaklade-vyzkumu\/\">Ph.D. Program<\/a><\/strong><\/h2>\n<\/div>\n<\/div>\n\n\n\n<hr class=\"wp-block-separator has-alpha-channel-opacity\"\/>\n\n\n\n<div class=\"wp-block-group is-layout-constrained wp-block-group-is-layout-constrained\">\n<div class=\"wp-block-group is-layout-constrained wp-block-group-is-layout-constrained\">\n<h2 class=\"wp-block-heading\" id=\"h-programy-bez-titulu\">\ud83d\udd37 <strong>Programy bez titulu<\/strong><\/h2>\n\n\n\n<h3 class=\"wp-block-heading\" id=\"h-zakladni-kurz-anglictiny\"><a href=\"https:\/\/www.unyp.cz\/cs\/english-foundation-program\/\">Z\u00e1kladn\u00ed kurz angli\u010dtiny<\/a><\/h3>\n\n\n\n<h3 class=\"wp-block-heading\" id=\"h-letni-akceleracni-program\"><a href=\"https:\/\/www.unyp.cz\/introducing-the-unyp-summer-acceleration-program\/\">Letn\u00ed akcelera\u010dn\u00ed program<\/a><\/h3>\n\n\n\n<h3 class=\"wp-block-heading\" id=\"h-unyp-certifikaty\"><a href=\"https:\/\/www.unyp.cz\/cs\/unyp-certifikaty\/\">UNYP certifik\u00e1ty<\/a><\/h3>\n\n\n\n<h3 class=\"wp-block-heading\" id=\"h-akademicke-psani\"><a href=\"https:\/\/www.unyp.cz\/cs\/academic-writing\/\">Akademick\u00e9 psan\u00ed<\/a><\/h3>\n<\/div>\n<\/div>\n","protected":false},"excerpt":{"rendered":"<p>\ud83d\udd37 Bakal\u00e1\u0159sk\u00e9 programy Psychologie Business Administration Informa\u010dn\u00ed technologie Komunikace a m\u00e9dia Mezin\u00e1rodn\u00ed vztahy Digital Media Arts Anglick\u00e1 literatura \ud83d\udd37 Magistersk\u00e9 programy MSc. Digit\u00e1ln\u00ed marketing a analytika MSc. Obchodn\u00ed analytika MBA Programy Psychologie \ud83d\udd37 Ph.D. Program \ud83d\udd37 Programy bez titulu Z\u00e1kladn\u00ed kurz angli\u010dtiny Letn\u00ed akcelera\u010dn\u00ed program UNYP certifik\u00e1ty Akademick\u00e9 psan\u00ed<\/p>\n","protected":false},"author":1,"featured_media":0,"parent":0,"menu_order":0,"comment_status":"closed","ping_status":"closed","template":"","meta":{"_acf_changed":false,"inline_featured_image":false,"advgb_blocks_editor_width":"","advgb_blocks_columns_visual_guide":"","footnotes":""},"categories":[],"tags":[],"class_list":["post-20245","page","type-page","status-publish","hentry"],"acf":[],"mb":[],"coauthors":[],"author_meta":{"author_link":"https:\/\/www.unyp.cz\/cs\/author\/kucera-centario\/","display_name":"kucera.centario"},"relative_dates":{"created":"Posted 4 years ago","modified":"Updated 1 week ago"},"absolute_dates":{"created":"Posted on September 28, 2022","modified":"Updated on April 10, 2026"},"absolute_dates_time":{"created":"Posted on September 28, 2022 11:56 AM","modified":"Updated on April 10, 2026 3:11 PM"},"featured_img_caption":"","featured_img":false,"series_order":"","mfb_rest_fields":["title","coauthors","author_meta","relative_dates","absolute_dates","absolute_dates_time","featured_img_caption","featured_img","series_order"],"_links":{"self":[{"href":"https:\/\/www.unyp.cz\/cs\/wp-json\/wp\/v2\/pages\/20245","targetHints":{"allow":["GET"]}}],"collection":[{"href":"https:\/\/www.unyp.cz\/cs\/wp-json\/wp\/v2\/pages"}],"about":[{"href":"https:\/\/www.unyp.cz\/cs\/wp-json\/wp\/v2\/types\/page"}],"author":[{"embeddable":true,"href":"https:\/\/www.unyp.cz\/cs\/wp-json\/wp\/v2\/users\/1"}],"replies":[{"embeddable":true,"href":"https:\/\/www.unyp.cz\/cs\/wp-json\/wp\/v2\/comments?post=20245"}],"version-history":[{"count":44,"href":"https:\/\/www.unyp.cz\/cs\/wp-json\/wp\/v2\/pages\/20245\/revisions"}],"predecessor-version":[{"id":76810,"href":"https:\/\/www.unyp.cz\/cs\/wp-json\/wp\/v2\/pages\/20245\/revisions\/76810"}],"wp:attachment":[{"href":"https:\/\/www.unyp.cz\/cs\/wp-json\/wp\/v2\/media?parent=20245"}],"wp:term":[{"taxonomy":"category","embeddable":true,"href":"https:\/\/www.unyp.cz\/cs\/wp-json\/wp\/v2\/categories?post=20245"},{"taxonomy":"post_tag","embeddable":true,"href":"https:\/\/www.unyp.cz\/cs\/wp-json\/wp\/v2\/tags?post=20245"}],"curies":[{"name":"wp","href":"https:\/\/api.w.org\/{rel}","templated":true}]}}