{"id":20252,"date":"2025-09-17T11:42:52","date_gmt":"2025-09-17T10:42:52","guid":{"rendered":"https:\/\/www.unyp.cz\/open-days\/"},"modified":"2026-03-12T11:50:49","modified_gmt":"2026-03-12T10:50:49","slug":"dny-otevrenych-dveri","status":"publish","type":"page","link":"https:\/\/www.unyp.cz\/cs\/dny-otevrenych-dveri\/","title":{"rendered":"Dny otev\u0159en\u00fdch dve\u0159\u00ed na&nbsp;UNYP"},"content":{"rendered":"\n<p><strong>Zjist\u011bte, jak\u00e9 je studium na <a href=\"http:\/\/www.unyp.cz\/cs\/\">University of New York in Prague<\/a>.<\/strong> B\u011bhem Dn\u016f otev\u0159en\u00fdch dve\u0159\u00ed se m\u016f\u017eete sezn\u00e1mit s na\u0161imi studijn\u00edmi programy, setkat se se z\u00e1stupci p\u0159ij\u00edmac\u00edho odd\u011blen\u00ed a zjistit v\u00edce o studiu na UNYP. UNYP poskytuje americk\u00e9 vysoko\u0161kolsk\u00e9 vzd\u011bl\u00e1n\u00ed v Praze v angli\u010dtin\u011b a nab\u00edz\u00ed student\u016fm mezin\u00e1rodn\u00ed studijn\u00ed prost\u0159ed\u00ed.<\/p>\n\n\n\n<p>M\u016f\u017eete se p\u0159ipojit osobn\u011b na na\u0161em kampusu v Praze nebo <strong>se z\u00fa\u010dastnit virtu\u00e1ln\u00edho Dne otev\u0159en\u00fdch dve\u0159\u00ed online odkudkoli na sv\u011bt\u011b.<\/strong><\/p>\n\n\n\n<hr class=\"wp-block-separator has-alpha-channel-opacity\"\/>\n\n\n\n<h2 class=\"wp-block-heading\"><strong>Nadch\u00e1zej\u00edc\u00ed dny otev\u0159en\u00fdch dve\u0159\u00ed<\/strong><\/h2>\n\n\n\n<p>UNYP po\u0159\u00e1d\u00e1 <strong>prezen\u010dn\u00ed i virtu\u00e1ln\u00ed dny otev\u0159en\u00fdch dve\u0159\u00ed b\u011bhem cel\u00e9ho roku<\/strong>. Virtu\u00e1ln\u00ed setk\u00e1n\u00ed prob\u00edhaj\u00ed pravideln\u011b a umo\u017e\u0148uj\u00ed student\u016fm z cel\u00e9ho sv\u011bta dozv\u011bd\u011bt se v\u00edce o studiu na UNYP.<\/p>\n\n\n\n<p>Vyberte si v kalend\u00e1\u0159i n\u00ed\u017ee term\u00edn, kter\u00fd v\u00e1m vyhovuje, a zaregistrujte se na vybran\u00fd Den otev\u0159en\u00fdch dve\u0159\u00ed.<\/p>\n\n\n\n<div class=\"event\">\n\t<div class=\"event__image\">\n\t\t<a href=\"https:\/\/www.unyp.cz\/cs\/udalosti\/virtualnyj-den-otkrytyh-dverej-2\/\">\n\t\t\t<img data-opt-id=1080600198  fetchpriority=\"high\" decoding=\"async\" width=\"150\" height=\"89\" src=\"https:\/\/www.unyp.cz\/wp-content\/uploads\/2026\/03\/open-day-840-500-russian.png\" class=\"img-fluid wp-post-image\" alt=\"\" srcset=\"https:\/\/www.unyp.cz\/wp-content\/uploads\/2026\/03\/open-day-840-500-russian.png 150w, https:\/\/www.unyp.cz\/wp-content\/uploads\/2026\/03\/open-day-840-500-russian.png 300w, https:\/\/www.unyp.cz\/wp-content\/uploads\/2026\/03\/open-day-840-500-russian.png 768w, https:\/\/www.unyp.cz\/wp-content\/uploads\/2026\/03\/open-day-840-500-russian.png 840w\" sizes=\"(max-width: 150px) 100vw, 150px\" \/>\t\t<\/a>\n\t<\/div>\n\t<div>\n\t\t<div class=\"event__title\">\n\t\t\t<a href=\"https:\/\/www.unyp.cz\/cs\/udalosti\/virtualnyj-den-otkrytyh-dverej-2\/\" class=\"fw-bold\">\u0412\u0438\u0440\u0442\u0443\u0430\u043b\u044c\u043d\u044b\u0439 \u0414\u0435\u043d\u044c \u043e\u0442\u043a\u0440\u044b\u0442\u044b\u0445 \u0434\u0432\u0435\u0440\u0435\u0439 <\/a>\n\t\t<\/div>\n\t\t<div>\n\t\t\t<span class=\"event__date me-5\">\n\t\t\t\t<span class=\"icon-calendar me-2\"><\/span><span class=\"valign-middle\">April 14<\/span>\n\t\t\t<\/span>\n\t\t\t\t\t\t\t<span class=\"event__time\">\n\t\t\t\t\t<span class=\"icon-clock me-2\"><\/span><span class=\"valign-middle\">16:00<\/span>\n\t\t\t\t<\/span>\n\t\t\t\t\t<\/div>\n\t<\/div>\n<\/div>\n<div class=\"event\">\n\t<div class=\"event__image\">\n\t\t<a href=\"https:\/\/www.unyp.cz\/cs\/udalosti\/unyp-virtual-open-day-25\/\">\n\t\t\t<img data-opt-id=1938656227  fetchpriority=\"high\" decoding=\"async\" width=\"150\" height=\"89\" src=\"https:\/\/www.unyp.cz\/wp-content\/uploads\/2026\/03\/open-day-840-500.png\" class=\"img-fluid wp-post-image\" alt=\"\" srcset=\"https:\/\/www.unyp.cz\/wp-content\/uploads\/2026\/03\/open-day-840-500.png 150w, https:\/\/www.unyp.cz\/wp-content\/uploads\/2026\/03\/open-day-840-500.png 300w, https:\/\/www.unyp.cz\/wp-content\/uploads\/2026\/03\/open-day-840-500.png 768w, https:\/\/www.unyp.cz\/wp-content\/uploads\/2026\/03\/open-day-840-500.png 840w\" sizes=\"(max-width: 150px) 100vw, 150px\" \/>\t\t<\/a>\n\t<\/div>\n\t<div>\n\t\t<div class=\"event__title\">\n\t\t\t<a href=\"https:\/\/www.unyp.cz\/cs\/udalosti\/unyp-virtual-open-day-25\/\" class=\"fw-bold\">UNYP Virtual Open Day <\/a>\n\t\t<\/div>\n\t\t<div>\n\t\t\t<span class=\"event__date me-5\">\n\t\t\t\t<span class=\"icon-calendar me-2\"><\/span><span class=\"valign-middle\">April 15<\/span>\n\t\t\t<\/span>\n\t\t\t\t\t\t\t<span class=\"event__time\">\n\t\t\t\t\t<span class=\"icon-clock me-2\"><\/span><span class=\"valign-middle\">16:00<\/span>\n\t\t\t\t<\/span>\n\t\t\t\t\t<\/div>\n\t<\/div>\n<\/div>\n<div class=\"event\">\n\t<div class=\"event__image\">\n\t\t<a href=\"https:\/\/www.unyp.cz\/cs\/udalosti\/unyp-open-day-communication-media\/\">\n\t\t\t<img data-opt-id=733935940  fetchpriority=\"high\" decoding=\"async\" width=\"150\" height=\"79\" src=\"https:\/\/www.unyp.cz\/wp-content\/uploads\/2026\/04\/open-day-1200-628-1.png\" class=\"img-fluid wp-post-image\" alt=\"\" srcset=\"https:\/\/www.unyp.cz\/wp-content\/uploads\/2026\/04\/open-day-1200-628-1.png 150w, https:\/\/www.unyp.cz\/wp-content\/uploads\/2026\/04\/open-day-1200-628-1.png 300w, https:\/\/www.unyp.cz\/wp-content\/uploads\/2026\/04\/open-day-1200-628-1.png 768w, https:\/\/www.unyp.cz\/wp-content\/uploads\/2026\/04\/open-day-1200-628-1.png 1200w\" sizes=\"(max-width: 150px) 100vw, 150px\" \/>\t\t<\/a>\n\t<\/div>\n\t<div>\n\t\t<div class=\"event__title\">\n\t\t\t<a href=\"https:\/\/www.unyp.cz\/cs\/udalosti\/unyp-open-day-communication-media\/\" class=\"fw-bold\">Communication and Media Virtual Open Day in Prague | UNYP <\/a>\n\t\t<\/div>\n\t\t<div>\n\t\t\t<span class=\"event__date me-5\">\n\t\t\t\t<span class=\"icon-calendar me-2\"><\/span><span class=\"valign-middle\">April 21<\/span>\n\t\t\t<\/span>\n\t\t\t\t\t\t\t<span class=\"event__time\">\n\t\t\t\t\t<span class=\"icon-clock me-2\"><\/span><span class=\"valign-middle\">15:30<\/span>\n\t\t\t\t<\/span>\n\t\t\t\t\t<\/div>\n\t<\/div>\n<\/div>\n\n\n\n<p>U ka\u017ed\u00e9 ud\u00e1losti najdete: form\u00e1t akce (online nebo osobn\u011b), datum a \u010das, odkaz na registraci.<\/p>\n\n\n\n<div style=\"height:10px\" aria-hidden=\"true\" class=\"wp-block-spacer\"><\/div>\n\n\n\n<figure class=\"wp-block-image size-large\"><img data-opt-id=1537590663  fetchpriority=\"high\" decoding=\"async\" width=\"1400\" height=\"754\" src=\"https:\/\/mlgfjgj9j0su.i.optimole.com\/w:1400\/h:754\/q:mauto\/f:best\/https:\/\/www.unyp.cz\/wp-content\/uploads\/2026\/03\/den-otevrenych-dveri-unyp-praha.jpeg\" alt=\"Den otev\u0159en\u00fdch dve\u0159\u00ed UNYP \u2013 prezentace pro uchaze\u010de o studium na kampusu v Praze\" class=\"wp-image-77460\" srcset=\"https:\/\/mlgfjgj9j0su.i.optimole.com\/w:1400\/h:754\/q:mauto\/f:best\/https:\/\/www.unyp.cz\/wp-content\/uploads\/2026\/03\/den-otevrenych-dveri-unyp-praha.jpeg 1400w, https:\/\/mlgfjgj9j0su.i.optimole.com\/w:300\/h:162\/q:mauto\/f:best\/https:\/\/www.unyp.cz\/wp-content\/uploads\/2026\/03\/den-otevrenych-dveri-unyp-praha.jpeg 300w, https:\/\/mlgfjgj9j0su.i.optimole.com\/w:150\/h:81\/q:mauto\/f:best\/https:\/\/www.unyp.cz\/wp-content\/uploads\/2026\/03\/den-otevrenych-dveri-unyp-praha.jpeg 150w, https:\/\/mlgfjgj9j0su.i.optimole.com\/w:768\/h:414\/q:mauto\/f:best\/https:\/\/www.unyp.cz\/wp-content\/uploads\/2026\/03\/den-otevrenych-dveri-unyp-praha.jpeg 768w, https:\/\/mlgfjgj9j0su.i.optimole.com\/w:1536\/h:827\/q:mauto\/f:best\/https:\/\/www.unyp.cz\/wp-content\/uploads\/2026\/03\/den-otevrenych-dveri-unyp-praha.jpeg 1536w, https:\/\/mlgfjgj9j0su.i.optimole.com\/w:1851\/h:997\/q:mauto\/f:best\/https:\/\/www.unyp.cz\/wp-content\/uploads\/2026\/03\/den-otevrenych-dveri-unyp-praha.jpeg 1851w\" sizes=\"(max-width: 1000px) 100vw, 1000px\" \/><\/figure>\n\n\n\n<div style=\"height:20px\" aria-hidden=\"true\" class=\"wp-block-spacer\"><\/div>\n\n\n\n<h2 class=\"wp-block-heading\"><strong>Form\u00e1ty dn\u016f otev\u0159en\u00fdch dve\u0159\u00ed<\/strong><\/h2>\n\n\n\n<h3 class=\"wp-block-heading\">Prezen\u010dn\u00ed dny otev\u0159en\u00fdch dve\u0159\u00ed<\/h3>\n\n\n\n<p>Nav\u0161tivte n\u00e1\u0161 kampus v Praze a seznamte se s UNYP osobn\u011b.<\/p>\n\n\n\n<p>B\u011bhem prezen\u010dn\u00edho Dne otev\u0159en\u00fdch dve\u0159\u00ed m\u016f\u017eete:<\/p>\n\n\n\n<ul class=\"wp-block-list\">\n<li>prohl\u00e9dnout si kampus v centru Prahy<\/li>\n\n\n\n<li>setkat se s vyu\u010duj\u00edc\u00edmi a p\u0159ij\u00edmac\u00edm odd\u011blen\u00edm<\/li>\n\n\n\n<li>mluvit se sou\u010dasn\u00fdmi studenty<\/li>\n\n\n\n<li>dozv\u011bd\u011bt se v\u00edce o studijn\u00edch programech, p\u0159ij\u00edmac\u00edm \u0159\u00edzen\u00ed a stipendi\u00edch<\/li>\n<\/ul>\n\n\n\n<hr class=\"wp-block-separator has-alpha-channel-opacity\"\/>\n\n\n\n<h3 class=\"wp-block-heading\">Virtu\u00e1ln\u00ed dny otev\u0159en\u00fdch dve\u0159\u00ed<\/h3>\n\n\n\n<p>Virtu\u00e1ln\u00ed dny otev\u0159en\u00fdch dve\u0159\u00ed v\u00e1m umo\u017en\u00ed sezn\u00e1mit se s UNYP odkudkoli na sv\u011bt\u011b.<\/p>\n\n\n\n<p>B\u011bhem online setk\u00e1n\u00ed m\u016f\u017eete:<\/p>\n\n\n\n<ul class=\"wp-block-list\">\n<li>zjistit v\u00edce o na\u0161ich studijn\u00edch programech<\/li>\n\n\n\n<li>sezn\u00e1mit se s procesem p\u0159ijet\u00ed ke studiu<\/li>\n\n\n\n<li>polo\u017eit ot\u00e1zky p\u0159ij\u00edmac\u00edmu odd\u011blen\u00ed<\/li>\n\n\n\n<li>dozv\u011bd\u011bt se, jak\u00e9 je studovat v Praze<\/li>\n<\/ul>\n\n\n\n<p>Virtu\u00e1ln\u00ed setk\u00e1n\u00ed jsou obzvl\u00e1\u0161\u0165 vhodn\u00e1 pro <strong>zahrani\u010dn\u00ed studenty, kte\u0159\u00ed nemohou p\u0159ijet do Prahy osobn\u011b<\/strong>.<\/p>\n\n\n\n<hr class=\"wp-block-separator has-alpha-channel-opacity\"\/>\n\n\n\n<h2 class=\"wp-block-heading\"><strong>N\u00e1v\u0161t\u011bva kampusu<\/strong><\/h2>\n\n\n\n<p>Pokud chcete nav\u0161t\u00edvit kampus mimo term\u00edny dn\u016f otev\u0159en\u00fdch dve\u0159\u00ed, m\u016f\u017eete si <span style=\"box-sizing: border-box; margin: 0px; padding: 0px;\">domluvit<strong>&nbsp;individu\u00e1ln\u00ed<\/strong><\/span><strong> n\u00e1v\u0161t\u011bvu UNYP.<\/strong><\/p>\n\n\n\n<p>B\u011bhem n\u00e1v\u0161t\u011bvy m\u016f\u017eete:<\/p>\n\n\n\n<ul class=\"wp-block-list\">\n<li>proj\u00edt si kampus UNYP<\/li>\n\n\n\n<li>setkat se se z\u00e1stupcem p\u0159ij\u00edmac\u00edho odd\u011blen\u00ed<\/li>\n\n\n\n<li>probrat studijn\u00ed mo\u017enosti a p\u0159ij\u00edmac\u00ed proces<\/li>\n<\/ul>\n\n\n\n<p>Individu\u00e1ln\u00ed n\u00e1v\u0161t\u011bvu si m\u016f\u017eete domluvit na telefonu +420 224 221 261 nebo e-mailem <a href=\"maito:admissions@unyp.cz\">admissions@unyp.cz<\/a>.<\/p>\n\n\n\n<hr class=\"wp-block-separator has-alpha-channel-opacity\"\/>\n\n\n\n<h2 class=\"wp-block-heading\"><strong>\u010casto kladen\u00e9 ot\u00e1zky<\/strong><\/h2>\n\n\n\n<h3 class=\"wp-block-heading\">Mus\u00edm se na Den otev\u0159en\u00fdch dve\u0159\u00ed registrovat?<\/h3>\n\n\n\n<p>Ano. Registrace je nutn\u00e1 jak pro virtu\u00e1ln\u00ed, tak pro prezen\u010dn\u00ed dny otev\u0159en\u00fdch dve\u0159\u00ed, abychom mohli ka\u017ed\u00e9 setk\u00e1n\u00ed p\u0159ipravit a zaslat v\u00e1m pot\u0159ebn\u00e9 informace.<\/p>\n\n\n\n<h3 class=\"wp-block-heading\" id=\"h-jak-dlouho-trva-den-otevrenych-dveri\">Jak dlouho trv\u00e1 Den otev\u0159en\u00fdch dve\u0159\u00ed?<\/h3>\n\n\n\n<p>Virtu\u00e1ln\u00ed dny otev\u0159en\u00fdch dve\u0159\u00ed obvykle trvaj\u00ed p\u0159ibli\u017en\u011b <strong>jednu hodinu<\/strong>. Prezen\u010dn\u00ed setk\u00e1n\u00ed na kampusu trv\u00e1 v\u011bt\u0161inou <strong>p\u0159ibli\u017en\u011b dv\u011b hodiny<\/strong>, v\u010detn\u011b prezentac\u00ed a prostoru pro dotazy.<\/p>\n\n\n\n<h3 class=\"wp-block-heading\">Mohou se z\u00fa\u010dastnit i rodi\u010de?<\/h3>\n\n\n\n<p>Ano. Rodi\u010de a rodinn\u00ed p\u0159\u00edslu\u0161n\u00edci jsou v\u00edt\u00e1ni jak na virtu\u00e1ln\u00edch, tak na prezen\u010dn\u00edch dnech otev\u0159en\u00fdch dve\u0159\u00ed.<\/p>\n\n\n\n<h3 class=\"wp-block-heading\">Jsou virtu\u00e1ln\u00ed dny otev\u0159en\u00fdch dve\u0159\u00ed dostupn\u00e9 i pro zahrani\u010dn\u00ed studenty?<\/h3>\n\n\n\n<p>Ano. Virtu\u00e1ln\u00ed setk\u00e1n\u00ed umo\u017e\u0148uje student\u016fm z cel\u00e9ho sv\u011bta dozv\u011bd\u011bt se v\u00edce o studiu na UNYP a polo\u017eit ot\u00e1zky na\u0161emu p\u0159ij\u00edmac\u00edmu odd\u011blen\u00ed.<\/p>\n\n\n\n<h3 class=\"wp-block-heading\">Mohu nav\u0161t\u00edvit kampus i mimo Dny otev\u0159en\u00fdch dve\u0159\u00ed?<\/h3>\n\n\n\n<p>Ano. Pokud se nem\u016f\u017eete z\u00fa\u010dastnit pl\u00e1novan\u00e9ho Dne otev\u0159en\u00fdch dve\u0159\u00ed, m\u016f\u017eete si domluvit <strong>individu\u00e1ln\u00ed n\u00e1v\u0161t\u011bvu kampusu<\/strong>.<\/p>\n","protected":false},"excerpt":{"rendered":"<p>Zjist\u011bte, jak\u00e9 je studium na University of New York in Prague. B\u011bhem Dn\u016f otev\u0159en\u00fdch dve\u0159\u00ed se m\u016f\u017eete sezn\u00e1mit s na\u0161imi studijn\u00edmi programy, setkat se se z\u00e1stupci p\u0159ij\u00edmac\u00edho odd\u011blen\u00ed a zjistit v\u00edce o studiu na UNYP. UNYP poskytuje americk\u00e9 vysoko\u0161kolsk\u00e9 vzd\u011bl\u00e1n\u00ed v Praze v angli\u010dtin\u011b a nab\u00edz\u00ed student\u016fm mezin\u00e1rodn\u00ed studijn\u00ed prost\u0159ed\u00ed. M\u016f\u017eete se p\u0159ipojit osobn\u011b na [&hellip;]<\/p>\n","protected":false},"author":1,"featured_media":0,"parent":0,"menu_order":0,"comment_status":"closed","ping_status":"closed","template":"","meta":{"_acf_changed":false,"inline_featured_image":false,"advgb_blocks_editor_width":"","advgb_blocks_columns_visual_guide":"","footnotes":""},"categories":[],"tags":[113],"class_list":["post-20252","page","type-page","status-publish","hentry","tag-open-days-cs"],"acf":[],"mb":[],"coauthors":[],"author_meta":{"author_link":"https:\/\/www.unyp.cz\/cs\/author\/kucera-centario\/","display_name":"kucera.centario"},"relative_dates":{"created":"Posted 7 months ago","modified":"Updated 4 weeks ago"},"absolute_dates":{"created":"Posted on September 17, 2025","modified":"Updated on March 12, 2026"},"absolute_dates_time":{"created":"Posted on September 17, 2025 11:42 AM","modified":"Updated on March 12, 2026 11:50 AM"},"featured_img_caption":"","featured_img":false,"series_order":"","mfb_rest_fields":["title","coauthors","author_meta","relative_dates","absolute_dates","absolute_dates_time","featured_img_caption","featured_img","series_order"],"_links":{"self":[{"href":"https:\/\/www.unyp.cz\/cs\/wp-json\/wp\/v2\/pages\/20252","targetHints":{"allow":["GET"]}}],"collection":[{"href":"https:\/\/www.unyp.cz\/cs\/wp-json\/wp\/v2\/pages"}],"about":[{"href":"https:\/\/www.unyp.cz\/cs\/wp-json\/wp\/v2\/types\/page"}],"author":[{"embeddable":true,"href":"https:\/\/www.unyp.cz\/cs\/wp-json\/wp\/v2\/users\/1"}],"replies":[{"embeddable":true,"href":"https:\/\/www.unyp.cz\/cs\/wp-json\/wp\/v2\/comments?post=20252"}],"version-history":[{"count":19,"href":"https:\/\/www.unyp.cz\/cs\/wp-json\/wp\/v2\/pages\/20252\/revisions"}],"predecessor-version":[{"id":77463,"href":"https:\/\/www.unyp.cz\/cs\/wp-json\/wp\/v2\/pages\/20252\/revisions\/77463"}],"wp:attachment":[{"href":"https:\/\/www.unyp.cz\/cs\/wp-json\/wp\/v2\/media?parent=20252"}],"wp:term":[{"taxonomy":"category","embeddable":true,"href":"https:\/\/www.unyp.cz\/cs\/wp-json\/wp\/v2\/categories?post=20252"},{"taxonomy":"post_tag","embeddable":true,"href":"https:\/\/www.unyp.cz\/cs\/wp-json\/wp\/v2\/tags?post=20252"}],"curies":[{"name":"wp","href":"https:\/\/api.w.org\/{rel}","templated":true}]}}