{"id":20291,"date":"2022-09-28T11:51:02","date_gmt":"2022-09-28T10:51:02","guid":{"rendered":"https:\/\/www.unyp.cz\/blockchain-diplomas\/"},"modified":"2022-10-22T11:19:35","modified_gmt":"2022-10-22T11:19:35","slug":"blockchain-diplomy","status":"publish","type":"page","link":"https:\/\/www.unyp.cz\/cs\/blockchain-diplomy\/","title":{"rendered":"Blockchain diplomy"},"content":{"rendered":"\n<figure class=\"wp-block-image size-full\"><img data-opt-id=1822518258  fetchpriority=\"high\" decoding=\"async\" width=\"610\" height=\"350\" src=\"https:\/\/www.unyp.cz\/wp-content\/uploads\/2022\/10\/blockchain_diplomas_about_section.png\" alt=\"\" class=\"wp-image-17825\" srcset=\"https:\/\/www.unyp.cz\/wp-content\/uploads\/2022\/10\/blockchain_diplomas_about_section.png 610w, https:\/\/www.unyp.cz\/wp-content\/uploads\/2022\/10\/blockchain_diplomas_about_section.png 300w, https:\/\/www.unyp.cz\/wp-content\/uploads\/2022\/10\/blockchain_diplomas_about_section.png 150w\" sizes=\"(max-width: 610px) 100vw, 610px\" \/><\/figure>\n\n\n\n<p>University of New York in Prague vyd\u00e1v\u00e1 pro v\u0161echny studijn\u00ed programy akreditovan\u00fdmi M\u0160MT krom\u011b tradi\u010dn\u00edch pap\u00edrov\u00fdch diplom\u016f i&nbsp;digit\u00e1ln\u00ed diplomy v r\u00e1mci blockchain technologie. T\u00edmto krokem UNYP navazuje na neust\u00e1lou snahu p\u0159in\u00e1\u0161et inovaci, nejmodern\u011bj\u0161\u00ed technologie a nov\u00e1 praktick\u00e1 \u0159e\u0161en\u00ed do vzd\u011bl\u00e1v\u00e1n\u00ed.&nbsp;<\/p>\n\n\n\n<p>Univerzitn\u00ed diplom digit\u00e1ln\u011b \u201evystaven\u00fd\u201c v&nbsp;blockchainu zahrnuje v\u0161echny v\u00fdhody, kter\u00e9 technologie nab\u00edz\u00ed. V&nbsp;porovn\u00e1n\u00ed s&nbsp;naskenovanou kopi\u00ed pap\u00edrov\u00e9ho diplomu nem\u016f\u017ee b\u00fdt pad\u011bl\u00e1n, je pro kohokoli lehce dohledateln\u00fd a ov\u011b\u0159iteln\u00fd a po celou dobu bezpe\u010dn\u011b ulo\u017een\u00fd. Ve sv\u011bt\u011b bez centr\u00e1ln\u00ed autority ov\u011b\u0159uj\u00edc\u00ed pravost dokument\u016f jde o skv\u011bl\u00fd n\u00e1stroj na zv\u00fd\u0161en\u00ed a podporu studentsk\u00e9 a pracovn\u00ed mobility. Dal\u0161\u00edm benefitem je fakt, \u017ee blockchainov\u00e9 diplomy, kter\u00e9 vyd\u00e1v\u00e1me na&nbsp;<a href=\"https:\/\/www.bcdiploma.com\/en\" target=\"_blank\" rel=\"noreferrer noopener\">platform\u011b BCdiploma<\/a>&nbsp;jsou v&nbsp;podstat\u011b jen hyperlinkem. Zat\u00edmco pap\u00edrov\u00e9 diplomy jsou st\u00e1le z\u00e1le\u017eitost\u00ed presti\u017ee a tradice, mlad\u00e1 generace pot\u0159ebuje v&nbsp;jejich st\u00e1le v\u00edce digitalizovan\u00e9m sv\u011bt\u011b prakti\u010dt\u011bj\u0161\u00ed \u0159e\u0161en\u00ed. Hyperlink se d\u00e1 velmi jednodu\u0161e sd\u00edlet na soci\u00e1ln\u00edch a profesn\u00edch s\u00edt\u00edch, diplom lze snadno ulo\u017eit jako soubor obsahuj\u00edc\u00ed QR k\u00f3d, kter\u00fd m\u016f\u017ee jak\u00e1koli univerzita nebo zam\u011bstnavatel st\u00e1hnout a velmi rychle ov\u011b\u0159it jeho pravost.<\/p>\n\n\n\n<h2 class=\"wp-block-heading\">Pro v\u0161echny dr\u017eitele digit\u00e1ln\u00edch diplom\u016f je velmi jednoduch\u00e9 s t\u00edmto form\u00e1tem pracovat &#8211; je rychle ov\u011b\u0159iteln\u00fd, bezpe\u010dn\u011b ulo\u017een\u00fd a nelze jej ztratit.&nbsp;<\/h2>\n\n\n\n<p>Jednou z nejv\u011bt\u0161\u00edch v\u00fdhod je transparentnost blockchainov\u00e9ho syst\u00e9mu, co\u017e m\u016f\u017ee v n\u011bkter\u00fdch p\u0159\u00edpadech \u0159e\u0161it probl\u00e9my s nostrifikac\u00ed pro studenty, kte\u0159\u00ed se rozhodnout studovat nebo pracovat v zahrani\u010d\u00ed. Budoucnost t\u00e9to technologie se zd\u00e1 b\u00fdt p\u0159\u00edzniv\u00e1 hlavn\u011b pro transparentnost jej\u00ed minulosti. V\u0161echny p\u0159ede\u0161l\u00e9 transakce ulo\u017een\u00e9 v&nbsp;blockchainu jsou z&nbsp;principu zabezpe\u010den\u00e9, transparentn\u00ed, lehce ov\u011b\u0159iteln\u00e9 a nez\u00e1visl\u00e9 na jak\u00e9koli centr\u00e1ln\u00ed autorit\u011b. Jde o zcela unik\u00e1tn\u00ed koncept, kter\u00fd skv\u011ble reflektuje trendy v&nbsp;rychle se vyv\u00edjej\u00edc\u00edm digit\u00e1ln\u00edm sv\u011bt\u011b.<\/p>\n","protected":false},"excerpt":{"rendered":"<p>University of New York in Prague vyd\u00e1v\u00e1 pro v\u0161echny studijn\u00ed programy akreditovan\u00fdmi M\u0160MT krom\u011b tradi\u010dn\u00edch pap\u00edrov\u00fdch diplom\u016f i&nbsp;digit\u00e1ln\u00ed diplomy v r\u00e1mci blockchain technologie. T\u00edmto krokem UNYP navazuje na neust\u00e1lou snahu p\u0159in\u00e1\u0161et inovaci, nejmodern\u011bj\u0161\u00ed technologie a nov\u00e1 praktick\u00e1 \u0159e\u0161en\u00ed do vzd\u011bl\u00e1v\u00e1n\u00ed.&nbsp; Univerzitn\u00ed diplom digit\u00e1ln\u011b \u201evystaven\u00fd\u201c v&nbsp;blockchainu zahrnuje v\u0161echny v\u00fdhody, kter\u00e9 technologie nab\u00edz\u00ed. V&nbsp;porovn\u00e1n\u00ed s&nbsp;naskenovanou kopi\u00ed pap\u00edrov\u00e9ho [&hellip;]<\/p>\n","protected":false},"author":1,"featured_media":0,"parent":0,"menu_order":0,"comment_status":"closed","ping_status":"closed","template":"","meta":{"_acf_changed":false,"inline_featured_image":false,"advgb_blocks_editor_width":"","advgb_blocks_columns_visual_guide":"","footnotes":""},"categories":[],"tags":[130,131],"class_list":["post-20291","page","type-page","status-publish","hentry","tag-technologie","tag-unyp-cs"],"acf":[],"mb":[],"coauthors":[],"author_meta":{"author_link":"https:\/\/www.unyp.cz\/cs\/author\/kucera-centario\/","display_name":"kucera.centario"},"relative_dates":{"created":"Posted 4 years ago","modified":"Updated 3 years ago"},"absolute_dates":{"created":"Posted on September 28, 2022","modified":"Updated on October 22, 2022"},"absolute_dates_time":{"created":"Posted on September 28, 2022 11:51 AM","modified":"Updated on October 22, 2022 11:19 AM"},"featured_img_caption":"","featured_img":false,"series_order":"","mfb_rest_fields":["title","coauthors","author_meta","relative_dates","absolute_dates","absolute_dates_time","featured_img_caption","featured_img","series_order"],"_links":{"self":[{"href":"https:\/\/www.unyp.cz\/cs\/wp-json\/wp\/v2\/pages\/20291","targetHints":{"allow":["GET"]}}],"collection":[{"href":"https:\/\/www.unyp.cz\/cs\/wp-json\/wp\/v2\/pages"}],"about":[{"href":"https:\/\/www.unyp.cz\/cs\/wp-json\/wp\/v2\/types\/page"}],"author":[{"embeddable":true,"href":"https:\/\/www.unyp.cz\/cs\/wp-json\/wp\/v2\/users\/1"}],"replies":[{"embeddable":true,"href":"https:\/\/www.unyp.cz\/cs\/wp-json\/wp\/v2\/comments?post=20291"}],"version-history":[{"count":1,"href":"https:\/\/www.unyp.cz\/cs\/wp-json\/wp\/v2\/pages\/20291\/revisions"}],"predecessor-version":[{"id":20292,"href":"https:\/\/www.unyp.cz\/cs\/wp-json\/wp\/v2\/pages\/20291\/revisions\/20292"}],"wp:attachment":[{"href":"https:\/\/www.unyp.cz\/cs\/wp-json\/wp\/v2\/media?parent=20291"}],"wp:term":[{"taxonomy":"category","embeddable":true,"href":"https:\/\/www.unyp.cz\/cs\/wp-json\/wp\/v2\/categories?post=20291"},{"taxonomy":"post_tag","embeddable":true,"href":"https:\/\/www.unyp.cz\/cs\/wp-json\/wp\/v2\/tags?post=20291"}],"curies":[{"name":"wp","href":"https:\/\/api.w.org\/{rel}","templated":true}]}}