{"id":20306,"date":"2022-09-28T11:49:46","date_gmt":"2022-09-28T10:49:46","guid":{"rendered":"https:\/\/www.unyp.cz\/accreditations\/"},"modified":"2026-02-24T10:54:52","modified_gmt":"2026-02-24T09:54:52","slug":"akreditace","status":"publish","type":"page","link":"https:\/\/www.unyp.cz\/cs\/akreditace\/","title":{"rendered":"Akreditace a&nbsp;ofici\u00e1ln\u00ed uzn\u00e1n\u00ed University of&nbsp;New York in&nbsp;Prague"},"content":{"rendered":"\n<p><a href=\"https:\/\/www.unyp.cz\/cs\/\">University of New York in Prague (UNYP) <\/a>je pr\u00e1vn\u011b uzn\u00e1van\u00e1 \u010desk\u00e1 vysok\u00e1 \u0161kola, kter\u00e1 prost\u0159ednictv\u00edm sv\u00e9 partnersk\u00e9 univerzity v USA poskytuje akreditovan\u00e9 americk\u00e9 studijn\u00ed programy. UNYP p\u016fsob\u00ed v r\u00e1mci \u010desk\u00e9ho z\u00e1kona o vysok\u00fdch \u0161kol\u00e1ch a v p\u0159\u00edslu\u0161n\u00fdch p\u0159\u00edpadech na z\u00e1klad\u011b akademick\u00e9 akreditace sv\u00e9ho americk\u00e9ho partnera, kter\u00fd ud\u011bluje akademick\u00e9 tituly.<\/p>\n\n\n\n<p>Tato struktura zaji\u0161\u0165uje, \u017ee studenti absolvuj\u00ed studium s tituly vydan\u00fdmi v r\u00e1mci regulovan\u00fdch akademick\u00fdch syst\u00e9m\u016f, kter\u00e9 spl\u0148uj\u00ed stanoven\u00e9 n\u00e1rodn\u00ed a mezin\u00e1rodn\u00ed standardy.<\/p>\n\n\n\n<hr class=\"wp-block-separator has-alpha-channel-opacity\"\/>\n\n\n\n<h2 class=\"wp-block-heading\" id=\"h-stav-akreditace-strucny-prehled\"><strong>Stav akreditace \u2013 stru\u010dn\u00fd p\u0159ehled<\/strong><\/h2>\n\n\n\n<figure class=\"wp-block-table\"><table class=\"has-fixed-layout\"><thead><tr><td><strong>Kategorie<\/strong><\/td><td><strong>Autorita \/ Status<\/strong><\/td><\/tr><\/thead><tbody><tr><td><strong>Institucion\u00e1ln\u00ed uzn\u00e1n\u00ed (\u010cesk\u00e1 republika)<\/strong><\/td><td>Uzn\u00e1na podle z\u00e1kona \u010d. 111\/1998 Sb.; vedena v registru Ministerstva \u0161kolstv\u00ed, ml\u00e1de\u017ee a t\u011blov\u00fdchovy \u010cR (M\u0160MT).<\/td><\/tr><tr><td><strong>Institucion\u00e1ln\u00ed akreditace v USA<\/strong><\/td><td>Tituly ud\u011blovan\u00e9 ve spolupr\u00e1ci se SUNY Empire State University, akreditovanou MSCHE.<\/td><\/tr><tr><td><strong>Programov\u00e1 akreditace (Business)<\/strong><\/td><td>MBA akreditov\u00e1no organizacemi IACBE a CAMBAS.<\/td><\/tr><tr><td><strong>Mezin\u00e1rodn\u00ed institucion\u00e1ln\u00ed akreditace<\/strong><\/td><td>Akreditov\u00e1no British Accreditation Council (BAC).<\/td><\/tr><tr><td><strong>Magistersk\u00e9 tituly ud\u011blovan\u00e9 partnery<\/strong><\/td><td>Vybran\u00e9 programy MSc realizovan\u00e9 ve spolupr\u00e1ci s Dublin Business School.<\/td><\/tr><\/tbody><\/table><\/figure>\n\n\n\n<div class=\"wp-block-group alignfull is-vertical is-layout-flex wp-container-core-group-is-layout-fe9cc265 wp-block-group-is-layout-flex\">\n<figure class=\"wp-block-gallery has-nested-images columns-6 unyp-logo-row wp-block-gallery-2 is-layout-flex wp-block-gallery-is-layout-flex\">\n<figure class=\"wp-block-image size-full\"><img data-opt-id=1065469976  fetchpriority=\"high\" decoding=\"async\" width=\"2560\" height=\"569\" data-id=\"76374\" src=\"https:\/\/www.unyp.cz\/wp-content\/uploads\/2026\/02\/iacbe-1-scaled.png\" alt=\"\" class=\"wp-image-76374\" srcset=\"https:\/\/www.unyp.cz\/wp-content\/uploads\/2026\/02\/iacbe-1-scaled.png 2560w, https:\/\/www.unyp.cz\/wp-content\/uploads\/2026\/02\/iacbe-1-scaled.png 300w, https:\/\/www.unyp.cz\/wp-content\/uploads\/2026\/02\/iacbe-1-scaled.png 1400w, https:\/\/www.unyp.cz\/wp-content\/uploads\/2026\/02\/iacbe-1-scaled.png 150w, https:\/\/www.unyp.cz\/wp-content\/uploads\/2026\/02\/iacbe-1-scaled.png 768w, https:\/\/www.unyp.cz\/wp-content\/uploads\/2026\/02\/iacbe-1-scaled.png 1536w, https:\/\/www.unyp.cz\/wp-content\/uploads\/2026\/02\/iacbe-1-scaled.png 2048w\" sizes=\"(max-width: 1000px) 100vw, 1000px\" \/><\/figure>\n\n\n\n<figure class=\"wp-block-image size-full\"><img data-opt-id=1056531104  fetchpriority=\"high\" decoding=\"async\" width=\"900\" height=\"359\" data-id=\"76371\" src=\"https:\/\/www.unyp.cz\/wp-content\/uploads\/2026\/02\/middlestateslogo-grey-1.png\" alt=\"\" class=\"wp-image-76371\" srcset=\"https:\/\/www.unyp.cz\/wp-content\/uploads\/2026\/02\/middlestateslogo-grey-1.png 900w, https:\/\/www.unyp.cz\/wp-content\/uploads\/2026\/02\/middlestateslogo-grey-1.png 300w, https:\/\/www.unyp.cz\/wp-content\/uploads\/2026\/02\/middlestateslogo-grey-1.png 150w, https:\/\/www.unyp.cz\/wp-content\/uploads\/2026\/02\/middlestateslogo-grey-1.png 768w\" sizes=\"(max-width: 900px) 100vw, 900px\" \/><\/figure>\n\n\n\n<figure class=\"wp-block-image size-full\"><img data-opt-id=1658704360  fetchpriority=\"high\" decoding=\"async\" width=\"1146\" height=\"736\" data-id=\"76373\" src=\"https:\/\/www.unyp.cz\/wp-content\/uploads\/2026\/02\/bac-main-logo1-grey-1.png\" alt=\"\" class=\"wp-image-76373\" srcset=\"https:\/\/www.unyp.cz\/wp-content\/uploads\/2026\/02\/bac-main-logo1-grey-1.png 1146w, https:\/\/www.unyp.cz\/wp-content\/uploads\/2026\/02\/bac-main-logo1-grey-1.png 300w, https:\/\/www.unyp.cz\/wp-content\/uploads\/2026\/02\/bac-main-logo1-grey-1.png 150w, https:\/\/www.unyp.cz\/wp-content\/uploads\/2026\/02\/bac-main-logo1-grey-1.png 768w\" sizes=\"(max-width: 1000px) 100vw, 1000px\" \/><\/figure>\n\n\n\n<figure class=\"wp-block-image size-full\"><img data-opt-id=692736044  fetchpriority=\"high\" decoding=\"async\" width=\"600\" height=\"400\" data-id=\"76375\" src=\"https:\/\/www.unyp.cz\/wp-content\/uploads\/2026\/02\/m-mt-1.png\" alt=\"\" class=\"wp-image-76375\" srcset=\"https:\/\/www.unyp.cz\/wp-content\/uploads\/2026\/02\/m-mt-1.png 600w, https:\/\/www.unyp.cz\/wp-content\/uploads\/2026\/02\/m-mt-1.png 300w, https:\/\/www.unyp.cz\/wp-content\/uploads\/2026\/02\/m-mt-1.png 150w\" sizes=\"(max-width: 600px) 100vw, 600px\" \/><\/figure>\n\n\n\n<figure class=\"wp-block-image size-full\"><img data-opt-id=910423832  fetchpriority=\"high\" decoding=\"async\" width=\"1701\" height=\"975\" data-id=\"76376\" src=\"https:\/\/www.unyp.cz\/wp-content\/uploads\/2026\/02\/cambas_mba_accredited-1.png\" alt=\"\" class=\"wp-image-76376\" srcset=\"https:\/\/www.unyp.cz\/wp-content\/uploads\/2026\/02\/cambas_mba_accredited-1.png 1701w, https:\/\/www.unyp.cz\/wp-content\/uploads\/2026\/02\/cambas_mba_accredited-1.png 300w, https:\/\/www.unyp.cz\/wp-content\/uploads\/2026\/02\/cambas_mba_accredited-1.png 1400w, https:\/\/www.unyp.cz\/wp-content\/uploads\/2026\/02\/cambas_mba_accredited-1.png 150w, https:\/\/www.unyp.cz\/wp-content\/uploads\/2026\/02\/cambas_mba_accredited-1.png 768w, https:\/\/www.unyp.cz\/wp-content\/uploads\/2026\/02\/cambas_mba_accredited-1.png 1536w\" sizes=\"(max-width: 1000px) 100vw, 1000px\" \/><\/figure>\n\n\n\n<figure class=\"wp-block-image size-full\"><img data-opt-id=1139637407  fetchpriority=\"high\" decoding=\"async\" width=\"1722\" height=\"504\" data-id=\"76372\" src=\"https:\/\/www.unyp.cz\/wp-content\/uploads\/2026\/02\/na-grey.png\" alt=\"\" class=\"wp-image-76372\" srcset=\"https:\/\/www.unyp.cz\/wp-content\/uploads\/2026\/02\/na-grey.png 1722w, https:\/\/www.unyp.cz\/wp-content\/uploads\/2026\/02\/na-grey.png 300w, https:\/\/www.unyp.cz\/wp-content\/uploads\/2026\/02\/na-grey.png 1400w, https:\/\/www.unyp.cz\/wp-content\/uploads\/2026\/02\/na-grey.png 150w, https:\/\/www.unyp.cz\/wp-content\/uploads\/2026\/02\/na-grey.png 768w, https:\/\/www.unyp.cz\/wp-content\/uploads\/2026\/02\/na-grey.png 1536w\" sizes=\"(max-width: 1000px) 100vw, 1000px\" \/><\/figure>\n<\/figure>\n<\/div>\n\n\n\n<hr class=\"wp-block-separator has-alpha-channel-opacity\"\/>\n\n\n\n<h2 class=\"wp-block-heading\" id=\"h-akreditace-v-ramci-ceskeho-vysokoskolskeho-vzdelavani\"><strong>Akreditace v r\u00e1mci \u010desk\u00e9ho vysoko\u0161kolsk\u00e9ho vzd\u011bl\u00e1v\u00e1n\u00ed<\/strong><\/h2>\n\n\n\n<p>UNYP je ofici\u00e1ln\u011b uzn\u00e1na podle \u010desk\u00e9ho vysoko\u0161kolsk\u00e9ho z\u00e1kona a registrov\u00e1na jako soukrom\u00e1 vysok\u00e1 \u0161kola v souladu se z\u00e1konem \u010d. 111\/1998 Sb., o vysok\u00fdch \u0161kol\u00e1ch. Tento status oprav\u0148uje UNYP p\u016fsobit jako vysok\u00e1 \u0161kola, zaji\u0161\u0165uje soulad s \u010desk\u00fdmi regula\u010dn\u00edmi standardy, potvrzuje, \u017ee diplomy vydan\u00e9 v tomto r\u00e1mci jsou pr\u00e1vn\u011b platn\u00e9, a umo\u017e\u0148uje student\u016fm splnit v\u00edzov\u00e9 po\u017eadavky a pokra\u010dovat v dal\u0161\u00edm akademick\u00e9m studiu v r\u00e1mci \u010desk\u00e9ho vysoko\u0161kolsk\u00e9ho syst\u00e9mu.<\/p>\n\n\n\n<p>Nez\u00e1visl\u00fdm org\u00e1nem odpov\u011bdn\u00fdm za hodnocen\u00ed vysok\u00fdch \u0161kol a studijn\u00edch program\u016f v \u010cesk\u00e9 republice je <a href=\"https:\/\/www.nauvs.cz\/\">N\u00e1rodn\u00ed akredita\u010dn\u00ed \u00fa\u0159ad pro vysok\u00e9 \u0161kolstv\u00ed (NA\u00da)<\/a>. Ofici\u00e1ln\u00ed ov\u011b\u0159en\u00ed statusu instituce lze prov\u00e9st prost\u0159ednictv\u00edm <a href=\"https:\/\/www.msmt.cz\/\">Ministerstva \u0161kolstv\u00ed, ml\u00e1de\u017ee a t\u011blov\u00fdchovy \u010cR.<\/a><\/p>\n\n\n\n<hr class=\"wp-block-separator has-alpha-channel-opacity\"\/>\n\n\n\n<h2 class=\"wp-block-heading\"><strong>Akreditace americk\u00fdch titul\u016f<\/strong><\/h2>\n\n\n\n<p>Krom\u011b \u010desk\u00e9ho uzn\u00e1n\u00ed nab\u00edz\u00ed UNYP americk\u00e9 studijn\u00ed programy ve spolupr\u00e1ci s SUNY Empire State University, ve\u0159ejnou instituc\u00ed v r\u00e1mci syst\u00e9mu State University of New York (SUNY).<\/p>\n\n\n\n<p>Empire State University je institucion\u00e1ln\u011b akreditov\u00e1na komis\u00ed Middle States Commission on Higher Education (MSCHE), co\u017e je americk\u00fd akredita\u010dn\u00ed org\u00e1n uznan\u00fd Ministerstvem \u0161kolstv\u00ed USA. MSCHE hodnot\u00ed spr\u00e1vu instituce, akademickou kvalitu, kvalifikaci pedagog\u016f a v\u00fdsledky u\u010den\u00ed student\u016f, aby zajistila soulad se stanoven\u00fdmi standardy vysoko\u0161kolsk\u00e9ho vzd\u011bl\u00e1v\u00e1n\u00ed.<\/p>\n\n\n\n<p>Studenti zapsan\u00ed do t\u011bchto program\u016f z\u00edsk\u00e1vaj\u00ed tituly vydan\u00e9 v r\u00e1mci pravomoci akreditovan\u00e9 americk\u00e9 instituce.<\/p>\n\n\n\n<hr class=\"wp-block-separator has-alpha-channel-opacity\"\/>\n\n\n\n<h2 class=\"wp-block-heading\"><strong>Akreditace magistersk\u00fdch program\u016f<\/strong><\/h2>\n\n\n\n<p>Magistersk\u00e9 programy UNYP funguj\u00ed v r\u00e1mci v\u00fd\u0161e popsan\u00fdch r\u00e1mc\u016f institucion\u00e1ln\u00edho uzn\u00e1n\u00ed a akreditace. Konkr\u00e9tn\u00ed akredita\u010dn\u00ed nebo ud\u011bluj\u00edc\u00ed org\u00e1n z\u00e1vis\u00ed na struktu\u0159e programu a titulu.<\/p>\n\n\n\n<h3 class=\"wp-block-heading\">Magistersk\u00e9 programy v r\u00e1mci \u010desk\u00e9ho vysoko\u0161kolsk\u00e9ho syst\u00e9mu<\/h3>\n\n\n\n<p>Magistersk\u00fd program Psychologie funguje pod \u010desk\u00fdm uzn\u00e1n\u00edm vysoko\u0161kolsk\u00e9ho vzd\u011bl\u00e1v\u00e1n\u00ed a v r\u00e1mci regula\u010dn\u00edho r\u00e1mce Ministerstva \u0161kolstv\u00ed, ml\u00e1de\u017ee a t\u011blov\u00fdchovy \u010cR.<\/p>\n\n\n\n<h3 class=\"wp-block-heading\">Akreditace programu MBA<\/h3>\n\n\n\n<p>Program MBA na UNYP je akreditov\u00e1n organizac\u00ed <a href=\"https:\/\/iacbe.org\/\">International Accreditation Council for Business Education (IACBE)<\/a>, americk\u00fdm programov\u00fdm akredita\u010dn\u00edm org\u00e1nem uznan\u00fdm Radou pro akreditaci vysoko\u0161kolsk\u00e9ho vzd\u011bl\u00e1v\u00e1n\u00ed (CHEA).<\/p>\n\n\n\n<p>Program MBA je rovn\u011b\u017e akreditov\u00e1n <a href=\"https:\/\/cambas.cz\/\">\u010ceskou asociac\u00ed \u0161kol MBA (CAMBAS)<\/a>, kter\u00e1 hodnot\u00ed programy MBA podle stanoven\u00fdch standard\u016f postgradu\u00e1ln\u00edho mana\u017eersk\u00e9ho vzd\u011bl\u00e1v\u00e1n\u00ed.<\/p>\n\n\n\n<h3 class=\"wp-block-heading\">Magistersk\u00e9 programy realizovan\u00e9 ve spolupr\u00e1ci s Dublin Business School<\/h3>\n\n\n\n<p>N\u011bkter\u00e9 magistersk\u00e9 programy (Master of Science), v\u010detn\u011b obor\u016f Marketing and Digital Analytics a Business Analytics, jsou realizov\u00e1ny ve spolupr\u00e1ci s <a href=\"https:\/\/www.dbs.ie\/\">Dublin Business School<\/a>. Tituly jsou ud\u011blov\u00e1ny v souladu s akredita\u010dn\u00edm a regula\u010dn\u00edm r\u00e1mcem partnersk\u00e9 instituce.<\/p>\n\n\n\n<p>Z\u00e1jemc\u016fm o studium, kte\u0159\u00ed hledaj\u00ed podrobn\u00e9 informace o akreditaci konkr\u00e9tn\u00edch program\u016f, doporu\u010dujeme kontaktovat odd\u011blen\u00ed Admissions pro up\u0159esn\u011bn\u00ed na \u00farovni jednotliv\u00fdch program\u016f.<\/p>\n\n\n\n<hr class=\"wp-block-separator has-alpha-channel-opacity\"\/>\n\n\n\n<h2 class=\"wp-block-heading\"><strong>Institucion\u00e1ln\u00ed akreditace (mezin\u00e1rodn\u00ed)<\/strong><\/h2>\n\n\n\n<p>UNYP je akreditov\u00e1na organizac\u00ed <a href=\"https:\/\/www.the-bac.org\/\">British Accreditation Council (BAC)<\/a> jako nez\u00e1visl\u00e1 vysok\u00e1 \u0161kola (Independent Higher Education Institution).<\/p>\n\n\n\n<hr class=\"wp-block-separator has-alpha-channel-opacity\"\/>\n\n\n\n<h2 class=\"wp-block-heading\"><strong>Profesn\u00ed a oborov\u00e1 uzn\u00e1n\u00ed<\/strong><\/h2>\n\n\n\n<p>Studenti MBA, kte\u0159\u00ed \u00fasp\u011b\u0161n\u011b absolvuj\u00ed kurz Coaching and Mentoring, mohou po spln\u011bn\u00ed p\u0159\u00edslu\u0161n\u00fdch po\u017eadavk\u016f z\u00edskat individu\u00e1ln\u00ed akreditaci od<a href=\"https:\/\/www.emccglobal.org\/\"> European Mentoring and Coaching Council (EMCC).<\/a><\/p>\n\n\n\n<hr class=\"wp-block-separator has-alpha-channel-opacity\"\/>\n\n\n\n<h2 class=\"wp-block-heading\"><strong>Jak funguje akademick\u00e1 struktura UNYP<\/strong><\/h2>\n\n\n\n<p>UNYP vyu\u017e\u00edv\u00e1 integrovan\u00fd akademick\u00fd model v r\u00e1mci jednoho kampusu a nab\u00edz\u00ed programy poskytovan\u00e9 pod r\u016fzn\u00fdmi uzn\u00e1van\u00fdmi akredita\u010dn\u00edmi a ud\u011bluj\u00edc\u00edmi r\u00e1mci.<\/p>\n\n\n\n<p>V z\u00e1vislosti na programu mohou b\u00fdt tituly vyd\u00e1v\u00e1ny:<\/p>\n\n\n\n<ul class=\"wp-block-list\">\n<li>V r\u00e1mci \u010desk\u00e9ho uzn\u00e1n\u00ed vysoko\u0161kolsk\u00e9ho vzd\u011bl\u00e1v\u00e1n\u00ed<\/li>\n\n\n\n<li>Ve spolupr\u00e1ci s akreditovan\u00fdmi mezin\u00e1rodn\u00edmi partnersk\u00fdmi institucemi<\/li>\n\n\n\n<li>V r\u00e1mci programov\u00fdch akredita\u010dn\u00edch r\u00e1mc\u016f specifick\u00fdch pro dan\u00fd obor studia<\/li>\n<\/ul>\n\n\n\n<p>V\u0161echny akademick\u00e9 programy se \u0159\u00edd\u00ed regula\u010dn\u00edmi po\u017eadavky a po\u017eadavky na zaji\u0161t\u011bn\u00ed kvality p\u0159\u00edslu\u0161n\u00fdch akredita\u010dn\u00edch nebo ud\u011bluj\u00edc\u00edch org\u00e1n\u016f.<\/p>\n\n\n\n<p>Podrobn\u00e9 vysv\u011btlen\u00ed fungov\u00e1n\u00ed modelu dvoj\u00edho diplomu (dual degree) pro americk\u00e9 bakal\u00e1\u0159sk\u00e9 programy, v\u010detn\u011b vyd\u00e1v\u00e1n\u00ed diplom\u016f a akademick\u00e9ho dohledu, naleznete na vyhrazen\u00e9 <a href=\"http:\/\/www.unyp.cz\/dual-degree\/\">str\u00e1nce Dual Degree<\/a>.<\/p>\n\n\n\n<hr class=\"wp-block-separator has-alpha-channel-opacity\"\/>\n\n\n\n<h2 class=\"wp-block-heading\"><strong>Pro\u010d na akreditaci a uzn\u00e1n\u00ed z\u00e1le\u017e\u00ed<\/strong><\/h2>\n\n\n\n<p>Akreditace a ofici\u00e1ln\u00ed uzn\u00e1n\u00ed jsou z\u00e1kladn\u00edmi kameny zaji\u0161t\u011bn\u00ed kvality vysoko\u0161kolsk\u00e9ho vzd\u011bl\u00e1v\u00e1n\u00ed. Poskytuj\u00ed transparentnost, regula\u010dn\u00ed dohled a akademickou odpov\u011bdnost.<\/p>\n\n\n\n<p>Pro studenty a absolventy to znamen\u00e1:<\/p>\n\n\n\n<ul class=\"wp-block-list\">\n<li>Tituly vydan\u00e9 v r\u00e1mci leg\u00e1ln\u011b regulovan\u00fdch syst\u00e9m\u016f<\/li>\n\n\n\n<li>Zp\u016fsobilost k pod\u00e1n\u00ed p\u0159ihl\u00e1\u0161ky k postgradu\u00e1ln\u00edmu studiu v mezin\u00e1rodn\u00edm m\u011b\u0159\u00edtku<\/li>\n\n\n\n<li>D\u016fv\u011bru zam\u011bstnavatel\u016f v akademickou kvalifikaci<\/li>\n\n\n\n<li>Soulad s n\u00e1rodn\u00edmi i mezin\u00e1rodn\u00edmi akademick\u00fdmi standardy<\/li>\n\n\n\n<li>Institucion\u00e1ln\u00ed odpov\u011bdnost v\u016f\u010di uzn\u00e1van\u00fdm org\u00e1n\u016fm<\/li>\n<\/ul>\n\n\n\n<p>Struktura akreditac\u00ed a uzn\u00e1n\u00ed UNYP zaji\u0161\u0165uje, \u017ee akademick\u00e1 \u010dinnost prob\u00edh\u00e1 v r\u00e1mci stanoven\u00fdch regula\u010dn\u00edch a kvalitativn\u00edch r\u00e1mc\u016f.<\/p>\n\n\n\n<hr class=\"wp-block-separator has-alpha-channel-opacity\"\/>\n\n\n\n<h2 class=\"wp-block-heading\"><strong>Jak ov\u011b\u0159it akreditaci a uzn\u00e1n\u00ed UNYP<\/strong><\/h2>\n\n\n\n<p>Z\u00e1jemci o studium, instituce a zam\u011bstnavatel\u00e9 si mohou nez\u00e1visle ov\u011b\u0159it status uzn\u00e1n\u00ed a akreditace UNYP u p\u0159\u00edslu\u0161n\u00fdch regula\u010dn\u00edch a akredita\u010dn\u00edch org\u00e1n\u016f uveden\u00fdch v\u00fd\u0161e.<\/p>\n\n\n\n<p>Pro form\u00e1ln\u00ed potvrzen\u00ed nebo dokumentaci ke konkr\u00e9tn\u00edmu programu m\u016f\u017ee studijn\u00ed odd\u011blen\u00ed (Admissions Office) na vy\u017e\u00e1d\u00e1n\u00ed poskytnout dal\u0161\u00ed informace.<\/p>\n\n\n\n<hr class=\"wp-block-separator has-alpha-channel-opacity\"\/>\n\n\n\n<h2 class=\"wp-block-heading\"><strong>\u010casto kladen\u00e9 dotazy<\/strong><\/h2>\n\n\n\n<p><strong>Je University of New York in Prague akreditovan\u00e1?<\/strong> <\/p>\n\n\n\n<p>Ano. UNYP je uzn\u00e1van\u00e1 \u010desk\u00e1 vysok\u00e1 \u0161kola a nab\u00edz\u00ed programy, kter\u00e9 funguj\u00ed v r\u00e1mci zaveden\u00fdch n\u00e1rodn\u00edch i mezin\u00e1rodn\u00edch akredita\u010dn\u00edch r\u00e1mc\u016f.<\/p>\n\n\n\n<p><strong>Je UNYP uzn\u00e1v\u00e1na v \u010cesk\u00e9 republice?<\/strong> <\/p>\n\n\n\n<p>Ano. UNYP je ofici\u00e1ln\u011b uzn\u00e1na podle \u010desk\u00e9ho vysoko\u0161kolsk\u00e9ho z\u00e1kona a je uvedena v seznamu Ministerstva \u0161kolstv\u00ed, ml\u00e1de\u017ee a t\u011blov\u00fdchovy \u010cR.<\/p>\n\n\n\n<p><strong>Je titul z UNYP platn\u00fd v zahrani\u010d\u00ed?<\/strong><\/p>\n\n\n\n<p>Tituly UNYP jsou vyd\u00e1v\u00e1ny v r\u00e1mci regulovan\u00fdch akademick\u00fdch syst\u00e9m\u016f pod uzn\u00e1van\u00fdmi akredita\u010dn\u00edmi nebo ud\u011bluj\u00edc\u00edmi org\u00e1ny. Uzn\u00e1n\u00ed pro \u00fa\u010dely zam\u011bstn\u00e1n\u00ed nebo profesn\u00ed licencov\u00e1n\u00ed m\u016f\u017ee z\u00e1viset na p\u0159edpisech konkr\u00e9tn\u00ed zem\u011b.<\/p>\n\n\n\n<p><strong>Mohou absolventi UNYP pokra\u010dovat v magistersk\u00e9m nebo doktorsk\u00e9m studiu?<\/strong><\/p>\n\n\n\n<p>Ano. Absolventi se mohou hl\u00e1sit do postgradu\u00e1ln\u00edch program\u016f v souladu s p\u0159ij\u00edmac\u00edmi po\u017eadavky p\u0159ij\u00edmaj\u00edc\u00ed instituce.<\/p>\n\n\n\n<p><strong>Kdo reguluje UNYP?<\/strong><\/p>\n\n\n\n<p>UNYP podl\u00e9h\u00e1 \u010desk\u00fdm p\u0159edpis\u016fm pro vysok\u00e9 \u0161koly a v z\u00e1vislosti na programu tak\u00e9 akredita\u010dn\u00edm r\u00e1mc\u016fm nebo r\u00e1mc\u016fm pro zaji\u0161t\u011bn\u00ed kvality p\u0159\u00edslu\u0161n\u00fdch akredita\u010dn\u00edch \u010di ud\u011bluj\u00edc\u00edch org\u00e1n\u016f.<\/p>\n\n\n\n<p><\/p>\n","protected":false},"excerpt":{"rendered":"<p>University of New York in Prague (UNYP) je pr\u00e1vn\u011b uzn\u00e1van\u00e1 \u010desk\u00e1 vysok\u00e1 \u0161kola, kter\u00e1 prost\u0159ednictv\u00edm sv\u00e9 partnersk\u00e9 univerzity v USA poskytuje akreditovan\u00e9 americk\u00e9 studijn\u00ed programy. UNYP p\u016fsob\u00ed v r\u00e1mci \u010desk\u00e9ho z\u00e1kona o vysok\u00fdch \u0161kol\u00e1ch a v p\u0159\u00edslu\u0161n\u00fdch p\u0159\u00edpadech na z\u00e1klad\u011b akademick\u00e9 akreditace sv\u00e9ho americk\u00e9ho partnera, kter\u00fd ud\u011bluje akademick\u00e9 tituly. Tato struktura zaji\u0161\u0165uje, \u017ee studenti absolvuj\u00ed [&hellip;]<\/p>\n","protected":false},"author":1,"featured_media":0,"parent":0,"menu_order":0,"comment_status":"closed","ping_status":"closed","template":"","meta":{"_acf_changed":false,"inline_featured_image":false,"advgb_blocks_editor_width":"","advgb_blocks_columns_visual_guide":"","footnotes":""},"categories":[],"tags":[],"class_list":["post-20306","page","type-page","status-publish","hentry"],"acf":[],"mb":[],"coauthors":[],"author_meta":{"author_link":"https:\/\/www.unyp.cz\/cs\/author\/kucera-centario\/","display_name":"kucera.centario"},"relative_dates":{"created":"Posted 4 years ago","modified":"Updated 1 month ago"},"absolute_dates":{"created":"Posted on September 28, 2022","modified":"Updated on February 24, 2026"},"absolute_dates_time":{"created":"Posted on September 28, 2022 11:49 AM","modified":"Updated on February 24, 2026 10:54 AM"},"featured_img_caption":"","featured_img":false,"series_order":"","mfb_rest_fields":["title","coauthors","author_meta","relative_dates","absolute_dates","absolute_dates_time","featured_img_caption","featured_img","series_order"],"_links":{"self":[{"href":"https:\/\/www.unyp.cz\/cs\/wp-json\/wp\/v2\/pages\/20306","targetHints":{"allow":["GET"]}}],"collection":[{"href":"https:\/\/www.unyp.cz\/cs\/wp-json\/wp\/v2\/pages"}],"about":[{"href":"https:\/\/www.unyp.cz\/cs\/wp-json\/wp\/v2\/types\/page"}],"author":[{"embeddable":true,"href":"https:\/\/www.unyp.cz\/cs\/wp-json\/wp\/v2\/users\/1"}],"replies":[{"embeddable":true,"href":"https:\/\/www.unyp.cz\/cs\/wp-json\/wp\/v2\/comments?post=20306"}],"version-history":[{"count":16,"href":"https:\/\/www.unyp.cz\/cs\/wp-json\/wp\/v2\/pages\/20306\/revisions"}],"predecessor-version":[{"id":76431,"href":"https:\/\/www.unyp.cz\/cs\/wp-json\/wp\/v2\/pages\/20306\/revisions\/76431"}],"wp:attachment":[{"href":"https:\/\/www.unyp.cz\/cs\/wp-json\/wp\/v2\/media?parent=20306"}],"wp:term":[{"taxonomy":"category","embeddable":true,"href":"https:\/\/www.unyp.cz\/cs\/wp-json\/wp\/v2\/categories?post=20306"},{"taxonomy":"post_tag","embeddable":true,"href":"https:\/\/www.unyp.cz\/cs\/wp-json\/wp\/v2\/tags?post=20306"}],"curies":[{"name":"wp","href":"https:\/\/api.w.org\/{rel}","templated":true}]}}