{"id":20377,"date":"2022-10-20T18:23:09","date_gmt":"2022-10-20T17:23:09","guid":{"rendered":"https:\/\/www.unyp.cz\/bachelor-of-business-administration\/"},"modified":"2025-12-22T11:23:25","modified_gmt":"2025-12-22T10:23:25","slug":"bakalarsky-program-business-administration","status":"publish","type":"page","link":"https:\/\/www.unyp.cz\/cs\/bakalarske-programy\/bakalarsky-program-business-administration\/","title":{"rendered":"Bachelor of\u00a0Business Administration"},"content":{"rendered":"\n<figure class=\"wp-block-image size-large\"><img data-opt-id=1491962048  fetchpriority=\"high\" decoding=\"async\" width=\"1400\" height=\"934\" src=\"https:\/\/mlgfjgj9j0su.i.optimole.com\/w:1400\/h:934\/q:mauto\/f:best\/https:\/\/www.unyp.cz\/wp-content\/uploads\/2025\/11\/660a7650.jpg\" alt=\"\" class=\"wp-image-70914\" srcset=\"https:\/\/mlgfjgj9j0su.i.optimole.com\/w:1400\/h:934\/q:mauto\/f:best\/https:\/\/www.unyp.cz\/wp-content\/uploads\/2025\/11\/660a7650-scaled.jpg 1400w, https:\/\/mlgfjgj9j0su.i.optimole.com\/w:300\/h:200\/q:mauto\/f:best\/https:\/\/www.unyp.cz\/wp-content\/uploads\/2025\/11\/660a7650-scaled.jpg 300w, https:\/\/mlgfjgj9j0su.i.optimole.com\/w:150\/h:100\/q:mauto\/f:best\/https:\/\/www.unyp.cz\/wp-content\/uploads\/2025\/11\/660a7650-scaled.jpg 150w, https:\/\/mlgfjgj9j0su.i.optimole.com\/w:768\/h:512\/q:mauto\/f:best\/https:\/\/www.unyp.cz\/wp-content\/uploads\/2025\/11\/660a7650-scaled.jpg 768w, https:\/\/mlgfjgj9j0su.i.optimole.com\/w:1536\/h:1024\/q:mauto\/f:best\/https:\/\/www.unyp.cz\/wp-content\/uploads\/2025\/11\/660a7650-scaled.jpg 1536w, https:\/\/mlgfjgj9j0su.i.optimole.com\/w:1920\/h:1280\/q:mauto\/f:best\/https:\/\/www.unyp.cz\/wp-content\/uploads\/2025\/11\/660a7650-scaled.jpg 2048w\" sizes=\"(max-width: 1000px) 100vw, 1000px\" \/><\/figure>\n\n\n\n<h2 class=\"wp-block-heading\" id=\"h-studujte-business-administration-v-praze-ziskejte-dva-tituly-americky-amp-evropsky\"><strong>Studujte Business Administration v Praze \u2014 z\u00edskejte dva tituly: americk\u00fd &amp; evropsk\u00fd<\/strong><\/h2>\n\n\n\n<p>Nastartujte svou glob\u00e1ln\u00ed kari\u00e9ru v oblasti businessu s bakal\u00e1\u0159sk\u00fdm programem <strong>Business Administration<\/strong> na <strong>University of New York in Prague<\/strong>. Tento <strong>du\u00e1ln\u00ed studijn\u00ed program<\/strong> v\u00e1m umo\u017en\u00ed z\u00edskat <strong>dva pln\u011b akreditovan\u00e9 tituly<\/strong> \u2014 americk\u00fd <strong>B.S. in Business, Management &amp; Economics<\/strong> ze <strong>SUNY Empire State University<\/strong> a \u010desk\u00fd akreditovan\u00fd titul <strong>Bc.<\/strong> z UNYP.<\/p>\n\n\n\n<p>Studujte <strong>v angli\u010dtin\u011b<\/strong> na na\u0161em pra\u017esk\u00e9m kampusu \u2014 a rozv\u00edjejte praktick\u00e9 mana\u017eersk\u00e9 dovednosti, strategick\u00e9 my\u0161len\u00ed a mezin\u00e1rodn\u00ed zku\u0161enosti, kter\u00e9 v\u00e1s p\u0159iprav\u00ed na vedouc\u00ed pozice v dne\u0161n\u00ed glob\u00e1ln\u00ed ekonomice.<\/p>\n\n\n\n<hr class=\"wp-block-separator has-alpha-channel-opacity\"\/>\n\n\n\n<h2 class=\"wp-block-heading\" id=\"h-proc-si-vybrat-business-administration-na-unyp\"><strong>Pro\u010d si vybrat Business Administration na UNYP?<\/strong><\/h2>\n\n\n\n<ul class=\"wp-block-list\">\n<li><strong>Dva tituly v jednom programu:<\/strong> Absolvujte s americk\u00fdm titulem <strong>B.S. in Business, Management &amp; Economics<\/strong> ze SUNY Empire State University a \u010desk\u00fdm titulem <strong>Bc.<\/strong> akreditovan\u00fdm v \u010cR.<\/li>\n\n\n\n<li><strong>Povinn\u00e1 odborn\u00e1 praxe (Professional Immersion Experience):<\/strong> Z\u00edskejte re\u00e1ln\u00e9 pracovn\u00ed zku\u0161enosti d\u00edky povinn\u00e9 st\u00e1\u017ei v nadn\u00e1rodn\u00ed nebo \u0161pi\u010dkov\u00e9 lok\u00e1ln\u00ed spole\u010dnosti. Pos\u00edl\u00edte sv\u00e9 dovednosti, sebev\u011bdom\u00ed, profesn\u00ed s\u00ed\u0165 i p\u0159ipravenost na kari\u00e9ru je\u0161t\u011b p\u0159ed absolvov\u00e1n\u00edm studia.<\/li>\n\n\n\n<li><strong>Studium businessu v angli\u010dtin\u011b v Praze:<\/strong> Studujte v jednom z nejdynami\u010dt\u011bj\u0161\u00edch evropsk\u00fdch business hub\u016f, obklopeni glob\u00e1ln\u00edmi firmami, technologick\u00fdmi startupy a mezin\u00e1rodn\u00edm prost\u0159ed\u00edm.<\/li>\n\n\n\n<li><strong>Prakticky zam\u011b\u0159en\u00fd studijn\u00ed pl\u00e1n:<\/strong> Pracujte na re\u00e1ln\u00fdch p\u0159\u00edpadov\u00fdch studi\u00edch, projektech a strategick\u00fdch v\u00fdzv\u00e1ch, kter\u00e9 v\u00e1s p\u0159iprav\u00ed na kari\u00e9ru v mezin\u00e1rodn\u00edm businessu.<\/li>\n\n\n\n<li><strong>Volba specializace:<\/strong> P\u0159izp\u016fsobte si studium d\u00edky specializac\u00edm jako Finance, Marketing, Human Resources, Entrepreneurship, Data Analytics, Sports Management nebo Behavioral Economics.<\/li>\n\n\n\n<li><strong>Individu\u00e1ln\u00ed p\u0159\u00edstup:<\/strong> Men\u0161\u00ed studijn\u00ed skupiny, mentoring a vyu\u010duj\u00edc\u00ed, kte\u0159\u00ed podporuj\u00ed v\u00e1\u0161 akademick\u00fd i profesn\u00ed rozvoj.<\/li>\n<\/ul>\n\n\n\n<figure class=\"wp-block-embed is-type-video is-provider-youtube wp-block-embed-youtube wp-embed-aspect-16-9 wp-has-aspect-ratio\"><div class=\"wp-block-embed__wrapper\">\n<iframe title=\"Meet the Dean of Business at UNYP | University of New York in Prague\" width=\"500\" height=\"281\" src=\"https:\/\/www.youtube.com\/embed\/43yCI--1zhU?feature=oembed\" frameborder=\"0\" allow=\"accelerometer; autoplay; clipboard-write; encrypted-media; gyroscope; picture-in-picture; web-share\" referrerpolicy=\"strict-origin-when-cross-origin\" allowfullscreen><\/iframe>\n<\/div><\/figure>\n\n\n\n<h2 class=\"wp-block-heading\"><strong>Hlavn\u00ed p\u0159ednosti programu<\/strong><\/h2>\n\n\n\n<ul class=\"wp-block-list\">\n<li><strong>Siln\u00e9 z\u00e1klady businessu:<\/strong> Zvl\u00e1dn\u011bte kl\u00ed\u010dov\u00e9 oblasti marketingu, financ\u00ed, managementu, operac\u00ed a ekonomie.<\/li>\n\n\n\n<li><strong>Strategick\u00e9 a analytick\u00e9 my\u0161len\u00ed:<\/strong> Rozv\u00edjejte leadership, t\u00fdmovou spolupr\u00e1ci, schopnost \u0159e\u0161it probl\u00e9my a rozhodov\u00e1n\u00ed nezbytn\u00e9 v modern\u00edm businessu.<\/li>\n\n\n\n<li><strong>Glob\u00e1ln\u00ed business perspektiva:<\/strong> Porozum\u011bjte mezikulturn\u00edm trh\u016fm, mezin\u00e1rodn\u00edm organizac\u00edm a glob\u00e1ln\u00edm obchodn\u00edm strategi\u00edm.<\/li>\n\n\n\n<li><strong>Aplikovan\u00e9 u\u010den\u00ed a praxe:<\/strong> Z\u00edskejte praktick\u00e9 zku\u0161enosti prost\u0159ednictv\u00edm st\u00e1\u017e\u00ed, z\u00e1v\u011bre\u010dn\u00fdch projekt\u016f a spolupr\u00e1ce s firmami.<\/li>\n\n\n\n<li><strong>P\u0159ipravenost na kari\u00e9ru:<\/strong> Absolventi jsou p\u0159ipraveni na kari\u00e9ru v poradenstv\u00ed, podnik\u00e1n\u00ed, mezin\u00e1rodn\u00edch firm\u00e1ch nebo na navazuj\u00edc\u00ed studium.<\/li>\n<\/ul>\n\n\n\n<blockquote class=\"wp-block-quote is-layout-flow wp-block-quote-is-layout-flow\">\n<p>\u201eKdy\u017e jsem se rozhodoval, kde studovat, cht\u011bl jsem vzd\u011bl\u00e1n\u00ed, kter\u00e9 je mezin\u00e1rodn\u00ed, praktick\u00e9 a propojen\u00e9 s re\u00e1ln\u00fdm sv\u011btem. Pr\u00e1v\u011b to m\u011b p\u0159ivedlo na UNYP.\u201c \u2013 <strong>Amit G.<\/strong><\/p>\n<\/blockquote>\n\n\n\n<hr class=\"wp-block-separator has-alpha-channel-opacity\"\/>\n\n\n\n<h2 class=\"wp-block-heading\"><strong>P\u0159ehled studijn\u00edho programu<\/strong><\/h2>\n\n\n\n<h3 class=\"wp-block-heading\">Povinn\u00e9 p\u0159edm\u011bty (v\u00fdb\u011br):<\/h3>\n\n\n\n<p>Principles of Management \u2022 Principles of Marketing \u2022 Financial Accounting \u2022 Corporate Finance \u2022 Microeconomics \u2022 Macroeconomics \u2022 Statistics &amp; Data Analysis \u2022 Organizational Behavior \u2022 Strategic Management \u2022 Senior Project \/ Thesis<\/p>\n\n\n\n<h3 class=\"wp-block-heading\">Voliteln\u00e9 p\u0159edm\u011bty (v\u00fdb\u011br):<\/h3>\n\n\n\n<p>Operations Management \u2022 Investment Analysis &amp; Portfolio Management \u2022 Women in Management \u2022 Persuasion &amp; Propaganda \u2022 Career Self-Management and Self-Marketing \u2022 Public Speaking \u2022 Entrepreneurship Essentials<\/p>\n\n\n\n<hr class=\"wp-block-separator has-alpha-channel-opacity\"\/>\n\n\n\n<h2 class=\"wp-block-heading\" id=\"h-koncentrace-programu-business-administration\"><strong>Koncentrace programu Business Administration<\/strong><\/h2>\n\n\n\n<p>Vyberte si jednu ze sedmi koncentrac\u00ed a p\u0159izp\u016fsobte si sv\u00e9 <strong>du\u00e1ln\u00ed studium Business Administration na UNYP<\/strong><br>(americk\u00fd bakal\u00e1\u0159 ze SUNY Empire State University + evropsk\u00fd titul Bc. z UNYP):<\/p>\n\n\n\n<ul class=\"wp-block-list\">\n<li><strong>Human Resources:<\/strong> Rozv\u00edjejte dovednosti v oblasti \u0159\u00edzen\u00ed lid\u00ed, rozvoje talent\u016f a firemn\u00ed kultury.<\/li>\n\n\n\n<li><strong>Marketing:<\/strong> Nau\u010dte se budov\u00e1n\u00ed zna\u010dky, digit\u00e1ln\u00ed strategii a anal\u00fdzu spot\u0159ebitelsk\u00e9ho chov\u00e1n\u00ed.<\/li>\n\n\n\n<li><strong>Sports Management:<\/strong> Poznejte business sportu \u2014 eventy, sponzoring a \u0159\u00edzen\u00ed sportovn\u00edch organizac\u00ed.<\/li>\n\n\n\n<li><strong>Entrepreneurship:<\/strong> P\u0159etv\u00e1\u0159ejte n\u00e1pady ve funk\u010dn\u00ed podniky d\u00edky inovac\u00edm, strategii a startupov\u00e9 exekuci.<\/li>\n\n\n\n<li><strong>Finance:<\/strong> Zam\u011b\u0159te se na finan\u010dn\u00ed rozhodov\u00e1n\u00ed, investice a \u0159\u00edzen\u00ed v\u00fdkonnosti firem.<\/li>\n\n\n\n<li><strong>Data Analytics:<\/strong> Rozv\u00edjejte datov\u011b orientovan\u00e9 my\u0161len\u00ed pomoc\u00ed anal\u00fdz, reportingu a business intelligence n\u00e1stroj\u016f.<\/li>\n\n\n\n<li><strong>Behavioral Economics:<\/strong> Pochopte, jak lid\u00e9 skute\u010dn\u011b rozhoduj\u00ed \u2014 a jak to ovliv\u0148uje trhy a business strategie.<\/li>\n<\/ul>\n\n\n\n<p>\ud83d\udc49 <strong>Prozkoumejte v\u0161echny koncentrace \u2013 <a href=\"https:\/\/www.unyp.cz\/cs\/bakalarske-programy\/bakalarsky-program-business-administration-koncentrace\/\">klikn\u011bte zde<\/a><\/strong><\/p>\n\n\n\n<figure class=\"wp-block-image size-large\"><img data-opt-id=1780600159  fetchpriority=\"high\" decoding=\"async\" src=\"https:\/\/mlgfjgj9j0su.i.optimole.com\/w:1400\/h:934\/q:mauto\/f:best\/https:\/\/www.unyp.cz\/wp-content\/uploads\/2025\/11\/660a7634.jpg\" alt=\"\" class=\"wp-image-70917\"\/><\/figure>\n\n\n\n<h2 class=\"wp-block-heading\"><strong>Kari\u00e9rn\u00ed uplatn\u011bn\u00ed<\/strong><\/h2>\n\n\n\n<p>Absolventi bakal\u00e1\u0159sk\u00e9ho studia Business Administration jsou p\u0159ipraveni na \u0161irokou \u0161k\u00e1lu mezin\u00e1rodn\u00edch kari\u00e9r, nap\u0159\u00edklad:<\/p>\n\n\n\n<p><strong>Business Analyst | Marketing Coordinator | Financial Advisor | Human Resources Specialist | Data Analyst | Sports Program Manager | Startup Founder \/ Entrepreneur | Consultant v oblasti managementu nebo digit\u00e1ln\u00edho businessu<\/strong><\/p>\n\n\n\n<p>D\u00edky americky akreditovan\u00e9mu bakal\u00e1\u0159sk\u00e9mu titulu a studiu v Evrop\u011b z\u00edsk\u00e1te siln\u00fd z\u00e1klad pro kari\u00e9ru v korpor\u00e1tn\u00edm prost\u0159ed\u00ed i pro navazuj\u00edc\u00ed magistersk\u00e9 studium v oblasti businessu, managementu nebo ekonomie.<\/p>\n\n\n\n<p>Pokud budete cht\u00edt po absolvov\u00e1n\u00ed tohoto programu pokra\u010dovat ve studiu na UNYP, nab\u00edz\u00edme \u0159adu <a href=\"https:\/\/www.unyp.cz\/cs\/magisterske-programy\/\">navazuj\u00edc\u00edch studijn\u00edch program\u016f<\/a> podporuj\u00edc\u00edch v\u00e1\u0161 akademick\u00fd rozvoj.<\/p>\n\n\n\n<hr class=\"wp-block-separator has-alpha-channel-opacity\"\/>\n\n\n\n<h2 class=\"wp-block-heading\"><strong>Specifikace titul\u016f<\/strong><\/h2>\n\n\n\n<figure class=\"wp-block-table\"><table class=\"has-fixed-layout\"><thead><tr><th>Titul<\/th><th>Oblast studia<\/th><th>Specializace<\/th><\/tr><\/thead><tbody><tr><td><strong>Americk\u00fd titul<\/strong><\/td><td>Bachelor of Science (B.S.)<\/td><td>Business, Management and Economics \u2013 Business Administration<\/td><\/tr><tr><td><strong>Evropsk\u00fd titul (voliteln\u00fd)<\/strong><\/td><td>\u010cesk\u00fd \u201eBakal\u00e1\u0159\u201c (Bc.)<\/td><td>Business, Management and Economics \u2013 Business Administration<\/td><\/tr><\/tbody><\/table><\/figure>\n\n\n\n<p>Pro v\u00edce informac\u00ed o spolupr\u00e1ci se <strong>State University of New York, Empire State University<\/strong> nav\u0161tivte <a href=\"https:\/\/sunyempire.edu\/academics\/center-for-international-education\/prague.html\">tuto str\u00e1nku<\/a>.<\/p>\n\n\n\n<p><strong>Matematick\u00fd aptitude test<\/strong> je povinn\u00fd pro uchaze\u010de o studium Business, IT a pro uchaze\u010de o stipendia. Test slou\u017e\u00ed k ur\u010den\u00ed, do jak\u00e9ho matematick\u00e9ho kurzu budete za\u0159azeni.<br>Test trv\u00e1 a\u017e <strong>2 hodiny<\/strong> a doporu\u010duje se p\u0159\u00edprava.<br>Pro v\u00edce informac\u00ed kontaktujte <strong>UNYP Admissions Team<\/strong>.<\/p>\n\n\n\n<hr class=\"wp-block-separator has-alpha-channel-opacity\"\/>\n\n\n\n<h2 class=\"wp-block-heading\" id=\"h-stahnout-prehled-studijniho-programu\"><strong>St\u00e1hnout p\u0159ehled studijn\u00edho programu<\/strong><\/h2>\n\n\n\n<div class=\"wp-block-file\"><a id=\"wp-block-file--media-fd57e2bf-45cb-49dd-9034-502e813cb50b\" href=\"https:\/\/mlgfjgj9j0su.i.optimole.com\/w:auto\/h:auto\/q:mauto\/f:best\/https:\/\/www.unyp.cz\/wp-content\/uploads\/2025\/11\/suny-ba-scaled.jpg\">BBA Program Single Page Overview for Download (.jpg)<\/a><a href=\"https:\/\/mlgfjgj9j0su.i.optimole.com\/w:auto\/h:auto\/q:mauto\/f:best\/https:\/\/www.unyp.cz\/wp-content\/uploads\/2025\/11\/suny-ba-scaled.jpg\" class=\"wp-block-file__button wp-element-button\" download aria-describedby=\"wp-block-file--media-fd57e2bf-45cb-49dd-9034-502e813cb50b\">Download<\/a><\/div>\n\n\n\n<hr class=\"wp-block-separator has-alpha-channel-opacity\"\/>\n\n\n\n<h2 class=\"wp-block-heading\" id=\"h-jste-pripraveni-nastartovat-vasi-globalni-karieru\"><strong>Jste p\u0159ipraveni nastartovat va\u0161i glob\u00e1ln\u00ed kari\u00e9ru?<\/strong><\/h2>\n\n\n\n<p>Ud\u011blejte prvn\u00ed krok ke studiu <strong>Business Administration<\/strong> v Praze.<\/p>\n\n\n\n<div style=\"height:20px\" aria-hidden=\"true\" class=\"wp-block-spacer\"><\/div>\n\n\n\n<div class=\"wp-block-group content-block content-block--message is-style-question-box has-unyp-light-blue-background-color has-background is-layout-flow wp-block-group-is-layout-flow\">\n<h3 class=\"wp-block-heading\">M\u00e1te dotaz? Chcete podat p\u0159ihl\u00e1\u0161ku?<\/h3>\n\n\n\n<div class=\"wp-block-buttons is-layout-flex wp-block-buttons-is-layout-flex\">\n<div class=\"wp-block-button\"><a class=\"wp-block-button__link wp-element-button\" href=\"https:\/\/www.unyp.cz\/contact\/\">Kontaktujte n\u00e1s<\/a><\/div>\n\n\n\n<div class=\"wp-block-button is-style-btn-apply-online\"><a class=\"wp-block-button__link wp-element-button\" href=\"https:\/\/application.unyp.cz\/\" target=\"_blank\" rel=\"noreferrer noopener\"><span class=\"icon-student\"><\/span> P\u0159ihlaste se online<\/a><\/div>\n<\/div>\n<\/div>\n\n\n\n<p><\/p>\n","protected":false},"excerpt":{"rendered":"<p>Studujte Business Administration v Praze \u2014 z\u00edskejte dva tituly: americk\u00fd &amp; evropsk\u00fd Nastartujte svou glob\u00e1ln\u00ed kari\u00e9ru v oblasti businessu s bakal\u00e1\u0159sk\u00fdm programem Business Administration na University of New York in Prague. Tento du\u00e1ln\u00ed studijn\u00ed program v\u00e1m umo\u017en\u00ed z\u00edskat dva pln\u011b akreditovan\u00e9 tituly \u2014 americk\u00fd B.S. in Business, Management &amp; Economics ze SUNY Empire State University [&hellip;]<\/p>\n","protected":false},"author":1,"featured_media":70914,"parent":20443,"menu_order":0,"comment_status":"closed","ping_status":"closed","template":"","meta":{"_acf_changed":false,"inline_featured_image":false,"advgb_blocks_editor_width":"","advgb_blocks_columns_visual_guide":"","footnotes":""},"categories":[],"tags":[89],"class_list":["post-20377","page","type-page","status-publish","has-post-thumbnail","hentry","tag-business-administration-cs"],"acf":[],"mb":[],"coauthors":[],"author_meta":{"author_link":"https:\/\/www.unyp.cz\/cs\/author\/kucera-centario\/","display_name":"kucera.centario"},"relative_dates":{"created":"Posted 3 years ago","modified":"Updated 4 months ago"},"absolute_dates":{"created":"Posted on October 20, 2022","modified":"Updated on December 22, 2025"},"absolute_dates_time":{"created":"Posted on October 20, 2022 6:23 PM","modified":"Updated on December 22, 2025 11:23 AM"},"featured_img_caption":"","featured_img":"https:\/\/mlgfjgj9j0su.i.optimole.com\/w:auto\/h:auto\/q:mauto\/f:best\/https:\/\/www.unyp.cz\/wp-content\/uploads\/2025\/11\/660a7650-scaled.jpg","series_order":"","mfb_rest_fields":["title","coauthors","author_meta","relative_dates","absolute_dates","absolute_dates_time","featured_img_caption","featured_img","series_order"],"_links":{"self":[{"href":"https:\/\/www.unyp.cz\/cs\/wp-json\/wp\/v2\/pages\/20377","targetHints":{"allow":["GET"]}}],"collection":[{"href":"https:\/\/www.unyp.cz\/cs\/wp-json\/wp\/v2\/pages"}],"about":[{"href":"https:\/\/www.unyp.cz\/cs\/wp-json\/wp\/v2\/types\/page"}],"author":[{"embeddable":true,"href":"https:\/\/www.unyp.cz\/cs\/wp-json\/wp\/v2\/users\/1"}],"replies":[{"embeddable":true,"href":"https:\/\/www.unyp.cz\/cs\/wp-json\/wp\/v2\/comments?post=20377"}],"version-history":[{"count":50,"href":"https:\/\/www.unyp.cz\/cs\/wp-json\/wp\/v2\/pages\/20377\/revisions"}],"predecessor-version":[{"id":72759,"href":"https:\/\/www.unyp.cz\/cs\/wp-json\/wp\/v2\/pages\/20377\/revisions\/72759"}],"up":[{"embeddable":true,"href":"https:\/\/www.unyp.cz\/cs\/wp-json\/wp\/v2\/pages\/20443"}],"wp:featuredmedia":[{"embeddable":true,"href":"https:\/\/www.unyp.cz\/cs\/wp-json\/wp\/v2\/media\/70914"}],"wp:attachment":[{"href":"https:\/\/www.unyp.cz\/cs\/wp-json\/wp\/v2\/media?parent=20377"}],"wp:term":[{"taxonomy":"category","embeddable":true,"href":"https:\/\/www.unyp.cz\/cs\/wp-json\/wp\/v2\/categories?post=20377"},{"taxonomy":"post_tag","embeddable":true,"href":"https:\/\/www.unyp.cz\/cs\/wp-json\/wp\/v2\/tags?post=20377"}],"curies":[{"name":"wp","href":"https:\/\/api.w.org\/{rel}","templated":true}]}}