{"id":20391,"date":"2022-10-20T17:28:20","date_gmt":"2022-10-20T16:28:20","guid":{"rendered":"https:\/\/www.unyp.cz\/bachelor-of-information-technology\/"},"modified":"2025-12-04T17:12:17","modified_gmt":"2025-12-04T16:12:17","slug":"bakalarsky-program-informacni-technologie","status":"publish","type":"page","link":"https:\/\/www.unyp.cz\/cs\/bakalarske-programy\/bakalarsky-program-informacni-technologie\/","title":{"rendered":"Bachelor of\u00a0Information Technology"},"content":{"rendered":"\n<figure class=\"wp-block-image size-large\"><img data-opt-id=1175485645  fetchpriority=\"high\" decoding=\"async\" width=\"1400\" height=\"933\" src=\"https:\/\/mlgfjgj9j0su.i.optimole.com\/w:1400\/h:933\/q:mauto\/f:best\/https:\/\/www.unyp.cz\/wp-content\/uploads\/2025\/11\/vlf_7405.jpg\" alt=\"\" class=\"wp-image-70556\" srcset=\"https:\/\/mlgfjgj9j0su.i.optimole.com\/w:1400\/h:933\/q:mauto\/f:best\/https:\/\/www.unyp.cz\/wp-content\/uploads\/2025\/11\/vlf_7405-scaled.jpg 1400w, https:\/\/mlgfjgj9j0su.i.optimole.com\/w:300\/h:200\/q:mauto\/f:best\/https:\/\/www.unyp.cz\/wp-content\/uploads\/2025\/11\/vlf_7405-scaled.jpg 300w, https:\/\/mlgfjgj9j0su.i.optimole.com\/w:150\/h:100\/q:mauto\/f:best\/https:\/\/www.unyp.cz\/wp-content\/uploads\/2025\/11\/vlf_7405-scaled.jpg 150w, https:\/\/mlgfjgj9j0su.i.optimole.com\/w:768\/h:512\/q:mauto\/f:best\/https:\/\/www.unyp.cz\/wp-content\/uploads\/2025\/11\/vlf_7405-scaled.jpg 768w, https:\/\/mlgfjgj9j0su.i.optimole.com\/w:1536\/h:1024\/q:mauto\/f:best\/https:\/\/www.unyp.cz\/wp-content\/uploads\/2025\/11\/vlf_7405-scaled.jpg 1536w, https:\/\/mlgfjgj9j0su.i.optimole.com\/w:1920\/h:1279\/q:mauto\/f:best\/https:\/\/www.unyp.cz\/wp-content\/uploads\/2025\/11\/vlf_7405-scaled.jpg 2048w\" sizes=\"(max-width: 1000px) 100vw, 1000px\" \/><\/figure>\n\n\n\n<h2 class=\"wp-block-heading\"><strong>Studujte Informa\u010dn\u00ed Technologie v Praze a Z\u00edskejte Americk\u00fd Titul<\/strong><\/h2>\n\n\n\n<p>P\u0159ipravte se na digit\u00e1ln\u00ed budoucnost s <strong>Bakal\u00e1\u0159sk\u00fdm studiem Informa\u010dn\u00edch Technologi\u00ed (B.S.)<\/strong> na University of New York in Prague. Studujte v angli\u010dtin\u011b v srdci Prahy, rozv\u00edjejte siln\u00e9 technick\u00e9 a obchodn\u00ed dovednosti a z\u00edskejte respektovan\u00fd <strong>americk\u00fd akreditovan\u00fd titul<\/strong>, kter\u00fd otev\u00edr\u00e1 dve\u0159e ke glob\u00e1ln\u00ed kari\u00e9\u0159e v technologi\u00edch.<\/p>\n\n\n\n<hr class=\"wp-block-separator has-alpha-channel-opacity\"\/>\n\n\n\n<h2 class=\"wp-block-heading\"><strong>Pro\u010d si vybrat Program Informa\u010dn\u00edch Technologi\u00ed na UNYP?<\/strong><\/h2>\n\n\n\n<ul class=\"wp-block-list\">\n<li><strong>Americk\u00fd akreditovan\u00fd titul:<\/strong> Z\u00edskejte americk\u00fd bakal\u00e1\u0159sk\u00fd titul od <strong>SUNY Empire State University<\/strong> p\u0159i studiu v Evrop\u011b.<\/li>\n\n\n\n<li><strong>Mezin\u00e1rodn\u00ed studijn\u00ed prost\u0159ed\u00ed:<\/strong> Studujte IT v angli\u010dtin\u011b se studenty a fakultou z cel\u00e9ho sv\u011bta.<\/li>\n\n\n\n<li><strong>Kombinace technologi\u00ed a byznysu:<\/strong> Spojte programov\u00e1n\u00ed, kybernetickou bezpe\u010dnost a cloudov\u00e9 syst\u00e9my s managementem, strategi\u00ed a veden\u00edm operac\u00ed.<\/li>\n\n\n\n<li><strong>Dovednosti p\u0159ipraven\u00e9 pro kari\u00e9ru:<\/strong> Rozv\u00edjejte kombinaci technick\u00fdch dovednost\u00ed a obchodn\u00edho porozum\u011bn\u00ed, kterou glob\u00e1ln\u00ed zam\u011bstnavatel\u00e9 vyhled\u00e1vaj\u00ed.<\/li>\n\n\n\n<li><strong>Studujte v evropsk\u00e9m technologick\u00e9m centru:<\/strong> Praha nab\u00edz\u00ed dynamickou sc\u00e9nu s rostouc\u00edmi p\u0159\u00edle\u017eitostmi v oblasti softwaru, AI, fintechu a digit\u00e1ln\u00edch inovac\u00ed.<\/li>\n<\/ul>\n\n\n\n<figure class=\"wp-block-embed is-type-video is-provider-youtube wp-block-embed-youtube wp-embed-aspect-16-9 wp-has-aspect-ratio\"><div class=\"wp-block-embed__wrapper\">\n<iframe title=\"Meet the Program Director of the Bachelor of Information Technology Program at UNYP\" width=\"500\" height=\"281\" src=\"https:\/\/www.youtube.com\/embed\/r_PNy5MDyOA?feature=oembed\" frameborder=\"0\" allow=\"accelerometer; autoplay; clipboard-write; encrypted-media; gyroscope; picture-in-picture; web-share\" referrerpolicy=\"strict-origin-when-cross-origin\" allowfullscreen><\/iframe>\n<\/div><\/figure>\n\n\n\n<hr class=\"wp-block-separator has-alpha-channel-opacity\"\/>\n\n\n\n<h2 class=\"wp-block-heading\"><strong>Hlavn\u00ed body Programu<\/strong><\/h2>\n\n\n\n<ul class=\"wp-block-list\">\n<li><strong>Praktick\u00e9 technick\u00e9 \u0161kolen\u00ed:<\/strong> Nau\u010dte se programov\u00e1n\u00ed, syst\u00e9movou anal\u00fdzu, s\u00edt\u011b, kybernetickou bezpe\u010dnost a IT architekturu.<\/li>\n\n\n\n<li><strong>Kurikulum slad\u011bn\u00e9 s byznysem:<\/strong> Pochopte, jak IT podporuje strategick\u00e9 rozhodov\u00e1n\u00ed, operace, finance a projektov\u00e9 \u0159\u00edzen\u00ed.<\/li>\n\n\n\n<li><strong>P\u0159ipravenost na bezpe\u010dnost a cloud:<\/strong> Vybudujte praktick\u00e9 dovednosti v cloud computingu, virtualizaci, prevenci kybernetick\u00e9 kriminality a informa\u010dn\u00ed bezpe\u010dnosti.<\/li>\n\n\n\n<li><strong>Flexibiln\u00ed voliteln\u00e9 p\u0159edm\u011bty:<\/strong> P\u0159izp\u016fsobte si titul datov\u00e9 analytice, leadershipu, psychologii technologie nebo pokro\u010dil\u00e9mu programov\u00e1n\u00ed.<\/li>\n\n\n\n<li><strong>Profesion\u00e1ln\u00ed zku\u0161enost:<\/strong> Zlep\u0161ete dovednosti v t\u00fdmov\u00e9 pr\u00e1ci, prezentaci, komunikaci a projektov\u00e9m \u0159\u00edzen\u00ed, kter\u00e9 jsou pro IT role kl\u00ed\u010dov\u00e9.<\/li>\n\n\n\n<li><strong>Z\u00e1v\u011bre\u010dn\u00fd projekt (Capstone project):<\/strong> Dokon\u010dete seniorsk\u00fd projekt, kter\u00fd prok\u00e1\u017ee va\u0161e technick\u00e9 a analytick\u00e9 dovednosti.<\/li>\n<\/ul>\n\n\n\n<hr class=\"wp-block-separator has-alpha-channel-opacity\"\/>\n\n\n\n<h2 class=\"wp-block-heading\"><strong>P\u0159ehled Programu<\/strong><\/h2>\n\n\n\n<p><strong>Z\u00e1kladn\u00ed kurzy (v\u00fdb\u011br):<\/strong> Algoritmy a diskr\u00e9tn\u00ed matematika \u2022 Organizace a architektura po\u010d\u00edta\u010d\u016f \u2022 \u00davod do objektov\u011b orientovan\u00e9ho programov\u00e1n\u00ed (Python) \u2022 Datab\u00e1zov\u00e9 syst\u00e9my \u2022 Informa\u010dn\u00ed bezpe\u010dnost \u2022 Syst\u00e9mov\u00e1 anal\u00fdza a n\u00e1vrh \u2022 Spr\u00e1va s\u00edt\u00ed \u2022 Principy managementu \u2022 Projektov\u00e9 \u0159\u00edzen\u00ed \u2022 Z\u00e1v\u011bre\u010dn\u00fd projekt<sup><\/sup><\/p>\n\n\n\n<p><strong>Voliteln\u00e9 kurzy (v\u00fdb\u011br):<\/strong> Cloud a mobiln\u00ed computing \u2022 Virtualizace \u2022 Datov\u00e1 analytika \u2022 St\u0159edn\u011b pokro\u010dil\u00fd Python \u2022 Kontinuita podnik\u00e1n\u00ed a obnova po hav\u00e1rii \u2022 Leadership \u2022 Psychologie technologie \u2022 Um\u011bl\u00e1 inteligence a spole\u010dnost<sup><\/sup><\/p>\n\n\n\n<figure class=\"wp-block-image size-large\"><img data-opt-id=847447418  fetchpriority=\"high\" decoding=\"async\" width=\"1400\" height=\"933\" src=\"https:\/\/mlgfjgj9j0su.i.optimole.com\/w:1400\/h:933\/q:mauto\/f:best\/https:\/\/www.unyp.cz\/wp-content\/uploads\/2025\/11\/vlf_7448-1.jpg\" alt=\"\" class=\"wp-image-70559\" srcset=\"https:\/\/mlgfjgj9j0su.i.optimole.com\/w:1400\/h:933\/q:mauto\/f:best\/https:\/\/www.unyp.cz\/wp-content\/uploads\/2025\/11\/vlf_7448-1-scaled.jpg 1400w, https:\/\/mlgfjgj9j0su.i.optimole.com\/w:300\/h:200\/q:mauto\/f:best\/https:\/\/www.unyp.cz\/wp-content\/uploads\/2025\/11\/vlf_7448-1-scaled.jpg 300w, https:\/\/mlgfjgj9j0su.i.optimole.com\/w:150\/h:100\/q:mauto\/f:best\/https:\/\/www.unyp.cz\/wp-content\/uploads\/2025\/11\/vlf_7448-1-scaled.jpg 150w, https:\/\/mlgfjgj9j0su.i.optimole.com\/w:768\/h:512\/q:mauto\/f:best\/https:\/\/www.unyp.cz\/wp-content\/uploads\/2025\/11\/vlf_7448-1-scaled.jpg 768w, https:\/\/mlgfjgj9j0su.i.optimole.com\/w:1536\/h:1024\/q:mauto\/f:best\/https:\/\/www.unyp.cz\/wp-content\/uploads\/2025\/11\/vlf_7448-1-scaled.jpg 1536w, https:\/\/mlgfjgj9j0su.i.optimole.com\/w:1920\/h:1279\/q:mauto\/f:best\/https:\/\/www.unyp.cz\/wp-content\/uploads\/2025\/11\/vlf_7448-1-scaled.jpg 2048w\" sizes=\"(max-width: 1000px) 100vw, 1000px\" \/><\/figure>\n\n\n\n<hr class=\"wp-block-separator has-alpha-channel-opacity\"\/>\n\n\n\n<h2 class=\"wp-block-heading\"><strong>Kari\u00e9rn\u00ed P\u0159\u00edle\u017eitosti<\/strong><\/h2>\n\n\n\n<p>Absolventi programu <strong>Bakal\u00e1\u0159 Informa\u010dn\u00edch Technologi\u00ed<\/strong> jsou vybaveni pro rozmanit\u00e9, rychle rostouc\u00ed kari\u00e9ry po cel\u00e9m sv\u011bt\u011b, jako jsou:<\/p>\n\n\n\n<ul class=\"wp-block-list\">\n<li><strong>Software Developer or Technical Consultant<\/strong> \u2013 Vytv\u00e1\u0159\u00ed, optimalizuje a podporuje technologick\u00e1 \u0159e\u0161en\u00ed.<\/li>\n\n\n\n<li><strong>IT Project Manager<\/strong> \u2013 Vedouc\u00ed technologick\u00fdch \u0159e\u0161en\u00ed a iniciativ digit\u00e1ln\u00ed transformace.<\/li>\n\n\n\n<li><strong>IT Business Analyst<\/strong> \u2013 P\u0159ev\u00e1d\u00ed obchodn\u00ed pot\u0159eby do realizovateln\u00fdch technick\u00fdch po\u017eadavk\u016f.<\/li>\n\n\n\n<li><strong>Cybersecurity Manager<\/strong> \u2013 Chr\u00e1n\u00ed syst\u00e9my a data p\u0159ed kybernetick\u00fdmi hrozbami.<\/li>\n\n\n\n<li><strong>Cloud Solutions Architect<\/strong> \u2013 Navrhuje a spravuje \u0161k\u00e1lovateln\u00e9 cloudov\u00e9 infrastruktury.<\/li>\n\n\n\n<li><strong>Enterprise IT Manager<\/strong> \u2013 Dohl\u00ed\u017e\u00ed na IT operace a strategick\u00e9 pl\u00e1nov\u00e1n\u00ed technologi\u00ed.<\/li>\n\n\n\n<li><strong>Data and Analytics Manager<\/strong> \u2013 P\u0159em\u011b\u0148uje data na poznatky, kter\u00e9 vedou obchodn\u00ed strategii.<\/li>\n<\/ul>\n\n\n\n<hr class=\"wp-block-separator has-alpha-channel-opacity\"\/>\n\n\n\n<h2 class=\"wp-block-heading\"><strong>Specifikace programu<\/strong><\/h2>\n\n\n\n<figure class=\"wp-block-table\"><table class=\"has-fixed-layout\"><tbody><tr><td><strong>Titul<\/strong><\/td><td><strong>Obor <\/strong><\/td><td><strong>Program<\/strong><\/td><\/tr><tr><td>Bachelor of Science (B.S.)<\/td><td>Science, Mathematics, and Technology<\/td><td>Information Technology<\/td><\/tr><\/tbody><\/table><\/figure>\n\n\n\n<div style=\"height:18px\" aria-hidden=\"true\" class=\"wp-block-spacer\"><\/div>\n\n\n\n<h2 class=\"wp-block-heading\"><strong>St\u00e1hn\u011bte si p\u0159ehled programu<\/strong><\/h2>\n\n\n\n<div class=\"wp-block-file\"><a id=\"wp-block-file--media-e5707363-129b-4731-850d-033969e7e534\" href=\"https:\/\/mlgfjgj9j0su.i.optimole.com\/w:auto\/h:auto\/q:mauto\/f:best\/https:\/\/www.unyp.cz\/wp-content\/uploads\/2025\/11\/it-scaled.jpg\">Information Technology Program Single Page Overview for Download (jpg)<\/a><a href=\"https:\/\/mlgfjgj9j0su.i.optimole.com\/w:auto\/h:auto\/q:mauto\/f:best\/https:\/\/www.unyp.cz\/wp-content\/uploads\/2025\/11\/it-scaled.jpg\" class=\"wp-block-file__button wp-element-button\" download aria-describedby=\"wp-block-file--media-e5707363-129b-4731-850d-033969e7e534\">Download<\/a><\/div>\n\n\n\n<hr class=\"wp-block-separator has-alpha-channel-opacity\"\/>\n\n\n\n<h2 class=\"wp-block-heading\"><strong>Jste p\u0159ipraveni zah\u00e1jit svou kari\u00e9ru v IT?<\/strong><\/h2>\n\n\n\n<p>Ud\u011blejte dal\u0161\u00ed krok k mezin\u00e1rodn\u011b uzn\u00e1van\u00e9mu titulu v oboru informa\u010dn\u00edch technologi\u00ed v Praze.<\/p>\n\n\n\n<div style=\"height:20px\" aria-hidden=\"true\" class=\"wp-block-spacer\"><\/div>\n\n\n\n<div class=\"wp-block-group content-block content-block--message is-style-question-box has-unyp-light-blue-background-color has-background is-layout-flow wp-block-group-is-layout-flow\">\n<h3 class=\"wp-block-heading\">M\u00e1te dotaz? Chcete podat p\u0159ihl\u00e1\u0161ku?<\/h3>\n\n\n\n<div class=\"wp-block-buttons is-layout-flex wp-block-buttons-is-layout-flex\">\n<div class=\"wp-block-button\"><a class=\"wp-block-button__link wp-element-button\" href=\"https:\/\/www.unyp.cz\/contact\/\">Kontaktujte n\u00e1s<\/a><\/div>\n\n\n\n<div class=\"wp-block-button is-style-btn-apply-online\"><a class=\"wp-block-button__link wp-element-button\" href=\"https:\/\/application.unyp.cz\/\" target=\"_blank\" rel=\"noreferrer noopener\"><span class=\"icon-student\"><\/span> P\u0159ihlaste se online<\/a><\/div>\n<\/div>\n<\/div>\n","protected":false},"excerpt":{"rendered":"<p>Studujte Informa\u010dn\u00ed Technologie v Praze a Z\u00edskejte Americk\u00fd Titul P\u0159ipravte se na digit\u00e1ln\u00ed budoucnost s Bakal\u00e1\u0159sk\u00fdm studiem Informa\u010dn\u00edch Technologi\u00ed (B.S.) na University of New York in Prague. Studujte v angli\u010dtin\u011b v srdci Prahy, rozv\u00edjejte siln\u00e9 technick\u00e9 a obchodn\u00ed dovednosti a z\u00edskejte respektovan\u00fd americk\u00fd akreditovan\u00fd titul, kter\u00fd otev\u00edr\u00e1 dve\u0159e ke glob\u00e1ln\u00ed kari\u00e9\u0159e v technologi\u00edch. Pro\u010d si [&hellip;]<\/p>\n","protected":false},"author":1,"featured_media":0,"parent":20443,"menu_order":0,"comment_status":"closed","ping_status":"closed","template":"","meta":{"_acf_changed":false,"inline_featured_image":false,"advgb_blocks_editor_width":"","advgb_blocks_columns_visual_guide":"","footnotes":""},"categories":[],"tags":[89,103],"class_list":["post-20391","page","type-page","status-publish","hentry","tag-business-administration-cs","tag-informacni-technologie"],"acf":[],"mb":[],"coauthors":[],"author_meta":{"author_link":"https:\/\/www.unyp.cz\/cs\/author\/kucera-centario\/","display_name":"kucera.centario"},"relative_dates":{"created":"Posted 3 years ago","modified":"Updated 4 months ago"},"absolute_dates":{"created":"Posted on October 20, 2022","modified":"Updated on December 4, 2025"},"absolute_dates_time":{"created":"Posted on October 20, 2022 5:28 PM","modified":"Updated on December 4, 2025 5:12 PM"},"featured_img_caption":"","featured_img":false,"series_order":"","mfb_rest_fields":["title","coauthors","author_meta","relative_dates","absolute_dates","absolute_dates_time","featured_img_caption","featured_img","series_order"],"_links":{"self":[{"href":"https:\/\/www.unyp.cz\/cs\/wp-json\/wp\/v2\/pages\/20391","targetHints":{"allow":["GET"]}}],"collection":[{"href":"https:\/\/www.unyp.cz\/cs\/wp-json\/wp\/v2\/pages"}],"about":[{"href":"https:\/\/www.unyp.cz\/cs\/wp-json\/wp\/v2\/types\/page"}],"author":[{"embeddable":true,"href":"https:\/\/www.unyp.cz\/cs\/wp-json\/wp\/v2\/users\/1"}],"replies":[{"embeddable":true,"href":"https:\/\/www.unyp.cz\/cs\/wp-json\/wp\/v2\/comments?post=20391"}],"version-history":[{"count":24,"href":"https:\/\/www.unyp.cz\/cs\/wp-json\/wp\/v2\/pages\/20391\/revisions"}],"predecessor-version":[{"id":70863,"href":"https:\/\/www.unyp.cz\/cs\/wp-json\/wp\/v2\/pages\/20391\/revisions\/70863"}],"up":[{"embeddable":true,"href":"https:\/\/www.unyp.cz\/cs\/wp-json\/wp\/v2\/pages\/20443"}],"wp:attachment":[{"href":"https:\/\/www.unyp.cz\/cs\/wp-json\/wp\/v2\/media?parent=20391"}],"wp:term":[{"taxonomy":"category","embeddable":true,"href":"https:\/\/www.unyp.cz\/cs\/wp-json\/wp\/v2\/categories?post=20391"},{"taxonomy":"post_tag","embeddable":true,"href":"https:\/\/www.unyp.cz\/cs\/wp-json\/wp\/v2\/tags?post=20391"}],"curies":[{"name":"wp","href":"https:\/\/api.w.org\/{rel}","templated":true}]}}