{"id":20399,"date":"2022-10-20T17:17:54","date_gmt":"2022-10-20T16:17:54","guid":{"rendered":"https:\/\/www.unyp.cz\/bachelor-of-psychology\/"},"modified":"2026-04-17T10:36:06","modified_gmt":"2026-04-17T09:36:06","slug":"bakalarsky-program-psychologie","status":"publish","type":"page","link":"https:\/\/www.unyp.cz\/cs\/bakalarske-programy\/bakalarsky-program-psychologie\/","title":{"rendered":"Studium psychologie v&nbsp;Praze v&nbsp;angli\u010dtin\u011b \u2014 bakal\u00e1\u0159sk\u00fd program (americk\u00fd i&nbsp;evropsk\u00fd titul)"},"content":{"rendered":"\n<p id=\"h-pokud-hledate-studium-psychologie-v-praze-pravdepodobne-zvazujete-kde-a-jak-tento-obor-studovat-jake-jsou-podminky-prijeti-jake-jsou-rozdily-mezi-skolami-a-jake-mate-moznosti-uplatneni-po-absolvovani\">Zaj\u00edm\u00e1 v\u00e1s studium psychologie v Praze v angli\u010dtin\u011b? Na <a href=\"http:\/\/unyp.cz\/cs\">University of New York in Prague<\/a> (UNYP) z\u00edsk\u00e1te mezin\u00e1rodn\u011b uzn\u00e1van\u00e9 bakal\u00e1\u0159sk\u00e9 vzd\u011bl\u00e1n\u00ed, kter\u00e9 v\u00e1m pom\u016f\u017ee porozum\u011bt lidsk\u00e9mu chov\u00e1n\u00ed, my\u0161len\u00ed a emoc\u00edm v kontextu modern\u00ed spole\u010dnosti.<\/p>\n\n\n\n<p>Program kombinuje akademickou kvalitu, praktick\u00e9 dovednosti a mezin\u00e1rodn\u00ed prost\u0159ed\u00ed v centru Prahy. P\u0159iprav\u00ed v\u00e1s na navazuj\u00edc\u00ed studium i kari\u00e9ru v \u0161irok\u00e9 \u0161k\u00e1le oblast\u00ed psychologie.<\/p>\n\n\n\n<p>Absolventi programu z\u00edsk\u00e1vaj\u00ed dva pln\u011b akreditovan\u00e9 tituly:<\/p>\n\n\n\n<ul class=\"wp-block-list\">\n<li>americk\u00fd titul <strong>Bachelor of Arts (B.A.) in Psychology<\/strong> od SUNY Empire State University<\/li>\n\n\n\n<li>\u010desk\u00fd akreditovan\u00fd titul <strong>Bakal\u00e1\u0159 (Bc.)<\/strong> od UNYP<\/li>\n<\/ul>\n\n\n\n<p>Tento model v\u00fdrazn\u011b zvy\u0161uje konkurenceschopnost absolvent\u016f a otev\u00edr\u00e1 jim dve\u0159e ke studiu i kari\u00e9\u0159e v mezin\u00e1rodn\u00edm prost\u0159ed\u00ed.<\/p>\n\n\n\n<p>\u2192 <a href=\"https:\/\/www.unyp.cz\/cs\/predpoklady-pro-prijeti\/\">Pod\u00edvejte se na podm\u00ednky p\u0159ijet\u00ed a zjist\u011bte, jak se p\u0159ihl\u00e1sit<\/a><\/p>\n\n\n\n<figure class=\"wp-block-image size-large\"><img data-opt-id=2133821028  fetchpriority=\"high\" decoding=\"async\" src=\"https:\/\/mlgfjgj9j0su.i.optimole.com\/w:1400\/h:934\/q:mauto\/f:best\/https:\/\/www.unyp.cz\/wp-content\/uploads\/2025\/11\/660a8470.jpg\" alt=\"studenti v Praze studuj\u00edc\u00ed psychologii v mezin\u00e1rodn\u00edm prost\u0159ed\u00ed univerzity\" class=\"wp-image-70598\"\/><\/figure>\n\n\n\n<div style=\"height:20px\" aria-hidden=\"true\" class=\"wp-block-spacer\"><\/div>\n\n\n\n<h2 class=\"wp-block-heading\"><strong>Pro\u010d studovat psychologii na UNYP<\/strong><\/h2>\n\n\n\n<h3 class=\"wp-block-heading\" id=\"h-1-dva-tituly-v-ramci-jednoho-studia\">1. Dva tituly v r\u00e1mci jednoho studia<\/h3>\n\n\n\n<p>Z\u00edsk\u00e1te americk\u00fd i evropsk\u00fd titul bez nutnosti studovat na dvou \u0161kol\u00e1ch.<\/p>\n\n\n\n<h3 class=\"wp-block-heading\">2. Zaveden\u00fd program a siln\u00e1 s\u00ed\u0165 absolvent\u016f<\/h3>\n\n\n\n<p>Program m\u00e1 v\u00edce ne\u017e 500 absolvent\u016f a pat\u0159\u00ed mezi nejd\u00e9le vyu\u010dovan\u00e9 programy psychologie v angli\u010dtin\u011b v \u010cesk\u00e9 republice.<\/p>\n\n\n\n<h3 class=\"wp-block-heading\">3. Studium psychologie v angli\u010dtin\u011b v Praze<\/h3>\n\n\n\n<p>Ide\u00e1ln\u00ed volba pro studenty, kte\u0159\u00ed cht\u011bj\u00ed mezin\u00e1rodn\u00ed vzd\u011bl\u00e1n\u00ed a flexibilitu p\u0159i budov\u00e1n\u00ed kari\u00e9ry.<\/p>\n\n\n\n<h3 class=\"wp-block-heading\">4. Komplexn\u00ed v\u011bdeck\u00fd z\u00e1klad<\/h3>\n\n\n\n<p>Studium pokr\u00fdv\u00e1 hlavn\u00ed oblasti psychologie v\u010detn\u011b v\u00fdvojov\u00e9, soci\u00e1ln\u00ed, kognitivn\u00ed a biologick\u00e9 psychologie.<\/p>\n\n\n\n<h3 class=\"wp-block-heading\">5. Dovednosti vyu\u017eiteln\u00e9 v praxi<\/h3>\n\n\n\n<p>Rozv\u00edj\u00edte analytick\u00e9 my\u0161len\u00ed, pr\u00e1ci s daty, komunika\u010dn\u00ed dovednosti a schopnost \u0159e\u0161it probl\u00e9my na z\u00e1klad\u011b d\u016fkaz\u016f.<\/p>\n\n\n\n<h3 class=\"wp-block-heading\">6. Siln\u00e1 p\u0159\u00edprava na navazuj\u00edc\u00ed studium<\/h3>\n\n\n\n<p>Program poskytuje kvalitn\u00ed z\u00e1klad pro magistersk\u00e9 a doktorsk\u00e9 studium v \u010cR i zahrani\u010d\u00ed.<\/p>\n\n\n\n<hr class=\"wp-block-separator has-alpha-channel-opacity\"\/>\n\n\n\n<h2 class=\"wp-block-heading\"><strong>Studujte psychologii v Praze<\/strong><\/h2>\n\n\n\n<p>Praha pat\u0159\u00ed mezi nejatraktivn\u011bj\u0161\u00ed studentsk\u00e1 m\u011bsta v Evrop\u011b. Nab\u00edz\u00ed bezpe\u010dn\u00e9 prost\u0159ed\u00ed, vysokou kvalitu \u017eivota a siln\u00e9 mezin\u00e1rodn\u00ed z\u00e1zem\u00ed.<\/p>\n\n\n\n<p>Studium psychologie v Praze v\u00e1m umo\u017en\u00ed kombinovat kvalitn\u00ed vzd\u011bl\u00e1n\u00ed s \u017eivotem v dynamick\u00e9m evropsk\u00e9m m\u011bst\u011b, kter\u00e9 propojuje akademick\u00e9, kulturn\u00ed i profesn\u00ed p\u0159\u00edle\u017eitosti.<\/p>\n\n\n\n<hr class=\"wp-block-separator has-alpha-channel-opacity\"\/>\n\n\n\n<h2 class=\"wp-block-heading\"><strong>Hlavn\u00ed p\u0159ednosti programu<\/strong><\/h2>\n\n\n\n<p><strong>Komplexn\u00ed odborn\u00fd z\u00e1klad<\/strong><br>Studium zahrnuje kl\u00ed\u010dov\u00e9 oblasti psychologie od kognice a\u017e po du\u0161evn\u00ed zdrav\u00ed.<\/p>\n\n\n\n<p><strong>V\u00fdzkum a pr\u00e1ce s daty<\/strong><br>Z\u00edsk\u00e1te praktick\u00e9 zku\u0161enosti se statistikou, experiment\u00e1ln\u00edm designem a v\u00fdzkumn\u00fdmi metodami.<\/p>\n\n\n\n<p><strong>Praktick\u00e1 zku\u0161enost<\/strong><br>Zapoj\u00edte se do projekt\u016f, workshop\u016f a p\u0159\u00edpadov\u00fdch studi\u00ed, kter\u00e9 v\u00e1s p\u0159iprav\u00ed na re\u00e1lnou praxi.<\/p>\n\n\n\n<p><strong>Mezikulturn\u00ed perspektiva<\/strong><br>Nau\u010d\u00edte se ch\u00e1pat lidsk\u00e9 chov\u00e1n\u00ed v r\u016fzn\u00fdch kulturn\u00edch a spole\u010densk\u00fdch kontextech.<\/p>\n\n\n\n<p><strong>Z\u00e1v\u011bre\u010dn\u00e1 pr\u00e1ce<\/strong><br>Ve fin\u00e1ln\u00edm ro\u010dn\u00edku zpracujete vlastn\u00ed v\u00fdzkumn\u00fd projekt pod veden\u00edm akademik\u016f.<\/p>\n\n\n\n<hr class=\"wp-block-separator has-alpha-channel-opacity\"\/>\n\n\n\n<h2 class=\"wp-block-heading\"><strong>Seznamte se s veden\u00edm programu<\/strong><\/h2>\n\n\n\n<p>Program psychologie na UNYP je veden zku\u0161en\u00fdmi odborn\u00edky s mezin\u00e1rodn\u00ed akademickou i v\u00fdzkumnou zku\u0161enost\u00ed.<\/p>\n\n\n\n<p>Studium klade d\u016fraz na:<\/p>\n\n\n\n<ul class=\"wp-block-list\">\n<li>kritick\u00e9 my\u0161len\u00ed<\/li>\n\n\n\n<li>pr\u00e1ci s v\u011bdeck\u00fdmi poznatky<\/li>\n\n\n\n<li>p\u0159\u00edpravu na dal\u0161\u00ed studium<\/li>\n\n\n\n<li>propojen\u00ed teorie a praxe<\/li>\n<\/ul>\n\n\n\n<p>\u2192 <a href=\"https:\/\/www.unyp.cz\/cs\/katedra-psychologie\/\">Zjist\u011bte v\u00edce o Kated\u0159e psychologie na UNYP<\/a><\/p>\n\n\n\n<figure class=\"wp-block-embed is-type-video is-provider-youtube wp-block-embed-youtube wp-embed-aspect-16-9 wp-has-aspect-ratio\"><div class=\"wp-block-embed__wrapper\">\n<iframe title=\"Meet the Dean of Psychology at UNYP\" width=\"500\" height=\"281\" src=\"https:\/\/www.youtube.com\/embed\/q6VcZxlqKB8?feature=oembed\" frameborder=\"0\" allow=\"accelerometer; autoplay; clipboard-write; encrypted-media; gyroscope; picture-in-picture; web-share\" referrerpolicy=\"strict-origin-when-cross-origin\" allowfullscreen><\/iframe>\n<\/div><\/figure>\n\n\n\n<div class=\"screen-reader-text\">\nStudium psychologie v Praze v angli\u010dtin\u011b na University of New York in Prague (UNYP). \nVideo p\u0159edstavuje bakal\u00e1\u0159sk\u00fd program psychologie, v\u00fduku v mezin\u00e1rodn\u00edm prost\u0159ed\u00ed \na mo\u017enosti dal\u0161\u00edho studia a kari\u00e9ry absolvent\u016f.\n<\/div>\n\n\n\n<hr class=\"wp-block-separator has-alpha-channel-opacity\"\/>\n\n\n\n<h2 class=\"wp-block-heading\"><strong>Zku\u0161enost student\u016f<\/strong><\/h2>\n\n\n\n<blockquote class=\"wp-block-quote is-layout-flow wp-block-quote-is-layout-flow\">\n<p>\u201eVybrala jsem si UNYP d\u00edky programu dvoj\u00edho diplomu, kter\u00fd mi otev\u00edr\u00e1 v\u00edce mo\u017enost\u00ed do budoucna. Oce\u0148uji tak\u00e9 individu\u00e1ln\u00ed p\u0159\u00edstup vyu\u010duj\u00edc\u00edch a mezin\u00e1rodn\u00ed prost\u0159ed\u00ed.\u201c<br>\u2014 Karin, studentka psychologie<\/p>\n<\/blockquote>\n\n\n\n<p>Studium prob\u00edh\u00e1 v men\u0161\u00edch skupin\u00e1ch, co\u017e umo\u017e\u0148uje aktivn\u00ed zapojen\u00ed student\u016f a osobn\u00ed p\u0159\u00edstup vyu\u010duj\u00edc\u00edch.<\/p>\n\n\n\n<hr class=\"wp-block-separator has-alpha-channel-opacity\"\/>\n\n\n\n<h2 class=\"wp-block-heading\" id=\"h-priklady-povinnych-a-volitelnych-predmetu\"><strong>P\u0159\u00edklady povinn\u00fdch a voliteln\u00fdch p\u0159edm\u011bt\u016f<\/strong><\/h2>\n\n\n\n<p>Bakal\u00e1\u0159sk\u00fd program psychologie poskytuje pevn\u00fd teoretick\u00fd z\u00e1klad i praktick\u00e9 dovednosti.<\/p>\n\n\n\n<figure class=\"wp-block-table\"><table class=\"has-fixed-layout\"><thead><tr><th><strong>Povinn\u00e9 p\u0159edm\u011bty<\/strong><\/th><th><strong>Voliteln\u00e9 p\u0159edm\u011bty<\/strong><\/th><\/tr><\/thead><tbody><tr><td>V\u00fdvojov\u00e1 psychologie<\/td><td>Neuropsychologie<\/td><\/tr><tr><td>Psychologie adolescence a dosp\u011blosti<\/td><td>Forenzn\u00ed psychologie<\/td><\/tr><tr><td>Soci\u00e1ln\u00ed psychologie<\/td><td>Psychologie um\u011bn\u00ed a hudby<\/td><\/tr><tr><td>Biologick\u00e1 psychologie<\/td><td>Poradensk\u00e9 p\u0159\u00edstupy<\/td><\/tr><tr><td>Kognitivn\u00ed psychologie<\/td><td>Psychologie traumatu a stresu<\/td><\/tr><tr><td>Psychologie zdrav\u00ed<\/td><td>Psychologick\u00e1 prvn\u00ed pomoc<\/td><\/tr><tr><td>Motivace a emoce<\/td><td>Abnorm\u00e1ln\u00ed psychologie<\/td><\/tr><tr><td>Statistika pro spole\u010densk\u00e9 v\u011bdy<\/td><td><\/td><\/tr><tr><td>Metody v\u00fdzkumu v psychologii<\/td><td><\/td><\/tr><tr><td>Teorie osobnosti<\/td><td><\/td><\/tr><\/tbody><\/table><\/figure>\n\n\n\n<hr class=\"wp-block-separator has-alpha-channel-opacity\"\/>\n\n\n\n<h2 class=\"wp-block-heading\"><strong>Uplatn\u011bn\u00ed absolvent\u016f<\/strong><\/h2>\n\n\n\n<p>Bakal\u00e1\u0159sk\u00e9 studium psychologie na UNYP p\u0159ipravuje absolventy na \u0161irok\u00e9 spektrum profes\u00ed:<\/p>\n\n\n\n<ul class=\"wp-block-list\">\n<li>specialista lidsk\u00fdch zdroj\u016f (HR)<\/li>\n\n\n\n<li>analytik trhu<\/li>\n\n\n\n<li>pracovn\u00edk v soci\u00e1ln\u00edch slu\u017eb\u00e1ch<\/li>\n\n\n\n<li>koordin\u00e1tor rozvoje organizace<\/li>\n\n\n\n<li>v\u00fdzkumn\u00fd asistent<\/li>\n\n\n\n<li>asistent v oblasti du\u0161evn\u00edho zdrav\u00ed<\/li>\n<\/ul>\n\n\n\n<p>Mnoho absolvent\u016f pokra\u010duje v magistersk\u00e9m a doktorsk\u00e9m studiu psychologie, neurov\u011bd, vzd\u011bl\u00e1v\u00e1n\u00ed nebo soci\u00e1ln\u00edch v\u011bd.<\/p>\n\n\n\n<hr class=\"wp-block-separator has-alpha-channel-opacity\"\/>\n\n\n\n<h2 class=\"wp-block-heading\"><strong>Program dvoj\u00edho diplomu<\/strong><\/h2>\n\n\n\n<p>Studenti absolvuj\u00ed studium se dv\u011bma pln\u011b akreditovan\u00fdmi tituly:<\/p>\n\n\n\n<figure class=\"wp-block-table\"><table class=\"has-fixed-layout\"><thead><tr><th><strong>Z\u00edskan\u00fd titul<\/strong><\/th><th><strong>Instituce<\/strong><\/th><th><strong>Obor<\/strong><\/th><\/tr><\/thead><tbody><tr><td>Bachelor of Arts (B.A.)<\/td><td>SUNY Empire State University (USA)<\/td><td>Psychologie<\/td><\/tr><tr><td>Bakal\u00e1\u0159 (Bc.)<\/td><td>University of New York in Prague (\u010cR)<\/td><td>Psychologie<\/td><\/tr><\/tbody><\/table><\/figure>\n\n\n\n<p>Tento syst\u00e9m kombinuje americk\u00e9 akademick\u00e9 standardy s evropskou akreditac\u00ed a poskytuje siln\u00fd z\u00e1klad pro mezin\u00e1rodn\u00ed kari\u00e9ru i dal\u0161\u00ed studium.<\/p>\n\n\n\n<h2 class=\"wp-block-heading\" id=\"h-prehled-programu-ke-stazeni\"><strong>P\u0159ehled programu ke sta\u017een\u00ed<\/strong><\/h2>\n\n\n\n<div class=\"wp-block-file\"><a id=\"wp-block-file--media-83143064-3952-42aa-993b-1de9c6438f15\" href=\"https:\/\/mlgfjgj9j0su.i.optimole.com\/w:auto\/h:auto\/q:mauto\/f:best\/https:\/\/www.unyp.cz\/wp-content\/uploads\/2025\/11\/psy-scaled.jpg\">Psychology Program Single Page Overview for Download (.jpg)<\/a><a href=\"https:\/\/mlgfjgj9j0su.i.optimole.com\/w:auto\/h:auto\/q:mauto\/f:best\/https:\/\/www.unyp.cz\/wp-content\/uploads\/2025\/11\/psy-scaled.jpg\" class=\"wp-block-file__button wp-element-button\" download aria-describedby=\"wp-block-file--media-83143064-3952-42aa-993b-1de9c6438f15\">Download<\/a><\/div>\n\n\n\n<hr class=\"wp-block-separator has-alpha-channel-opacity\"\/>\n\n\n\n<h2 class=\"wp-block-heading\" id=\"h-casto-kladene-otazky-faqs\"><strong>\u010casto kladen\u00e9 ot\u00e1zky (FAQs)<\/strong><\/h2>\n\n\n\n<div class=\"schema-faq wp-block-yoast-faq-block\"><div class=\"schema-faq-section\" id=\"faq-question-1776254663990\"><strong class=\"schema-faq-question\">Mohu se st\u00e1t psychologem u\u017e s bakal\u00e1\u0159sk\u00fdm titulem?<\/strong> <p class=\"schema-faq-answer\">Bakal\u00e1\u0159sk\u00fd titul poskytuje d\u016fle\u017eit\u00fd z\u00e1klad v psychologii, ale pro v\u00fdkon klinick\u00e9 praxe je obvykle nutn\u00e9 magistersk\u00e9 nebo doktorsk\u00e9 studium.<\/p> <\/div> <div class=\"schema-faq-section\" id=\"faq-question-1776254683068\"><strong class=\"schema-faq-question\">Jak\u00e9 uplatn\u011bn\u00ed m\u00e1 bakal\u00e1\u0159sk\u00e9 studium psychologie?<\/strong> <p class=\"schema-faq-answer\">Absolventi mohou pracovat v HR, marketingu, vzd\u011bl\u00e1v\u00e1n\u00ed nebo soci\u00e1ln\u00edch slu\u017eb\u00e1ch, p\u0159\u00edpadn\u011b pokra\u010dovat ve studiu.<\/p> <\/div> <div class=\"schema-faq-section\" id=\"faq-question-1776254693756\"><strong class=\"schema-faq-question\">Je titul z psychologie na UNYP mezin\u00e1rodn\u011b uzn\u00e1van\u00fd?<\/strong> <p class=\"schema-faq-answer\">Ano. Studenti z\u00edsk\u00e1vaj\u00ed americk\u00fd i evropsk\u00fd titul, co\u017e umo\u017e\u0148uje uplatn\u011bn\u00ed i dal\u0161\u00ed studium v zahrani\u010d\u00ed.<\/p> <\/div> <div class=\"schema-faq-section\" id=\"faq-question-1776254711107\"><strong class=\"schema-faq-question\">Je po bakal\u00e1\u0159sk\u00e9m studiu pot\u0159eba pokra\u010dovat na magistra?<\/strong> <p class=\"schema-faq-answer\">Pro v\u011bt\u0161inu specializovan\u00fdch psychologick\u00fdch profes\u00ed ano, ale absolventi mohou za\u010d\u00edt pracovat i ihned po dokon\u010den\u00ed studia.<\/p> <\/div> <div class=\"schema-faq-section\" id=\"faq-question-1776254724510\"><strong class=\"schema-faq-question\">Jak\u00e9 jsou podm\u00ednky p\u0159ijet\u00ed?<\/strong> <p class=\"schema-faq-answer\">Uchaze\u010di mus\u00ed m\u00edt dokon\u010den\u00e9 st\u0159edo\u0161kolsk\u00e9 vzd\u011bl\u00e1n\u00ed, prok\u00e1zat znalost angli\u010dtiny a splnit <a href=\"https:\/\/www.unyp.cz\/cs\/predpoklady-pro-prijeti\/\">po\u017eadavky p\u0159ij\u00edmac\u00edho \u0159\u00edzen\u00ed.<\/a><\/p> <\/div> <\/div>\n\n\n\n<div style=\"height:20px\" aria-hidden=\"true\" class=\"wp-block-spacer\"><\/div>\n\n\n\n<div class=\"wp-block-group content-block content-block--message is-style-question-box has-unyp-light-blue-background-color has-background is-layout-flow wp-block-group-is-layout-flow\">\n<h3 class=\"wp-block-heading\">M\u00e1te dotaz? Chcete podat p\u0159ihl\u00e1\u0161ku?<\/h3>\n\n\n\n<div class=\"wp-block-buttons is-layout-flex wp-block-buttons-is-layout-flex\">\n<div class=\"wp-block-button\"><a class=\"wp-block-button__link wp-element-button\" href=\"https:\/\/www.unyp.cz\/contact\/\">Kontaktujte n\u00e1s<\/a><\/div>\n\n\n\n<div class=\"wp-block-button is-style-btn-apply-online\"><a class=\"wp-block-button__link wp-element-button\" href=\"https:\/\/application.unyp.cz\/\" target=\"_blank\" rel=\"noreferrer noopener\"><span class=\"icon-student\"><\/span> P\u0159ihlaste se online<\/a><\/div>\n<\/div>\n<\/div>\n\n\n\n<p><\/p>\n","protected":false},"excerpt":{"rendered":"<p>Zaj\u00edm\u00e1 v\u00e1s studium psychologie v Praze v angli\u010dtin\u011b? Na University of New York in Prague (UNYP) z\u00edsk\u00e1te mezin\u00e1rodn\u011b uzn\u00e1van\u00e9 bakal\u00e1\u0159sk\u00e9 vzd\u011bl\u00e1n\u00ed, kter\u00e9 v\u00e1m pom\u016f\u017ee porozum\u011bt lidsk\u00e9mu chov\u00e1n\u00ed, my\u0161len\u00ed a emoc\u00edm v kontextu modern\u00ed spole\u010dnosti. Program kombinuje akademickou kvalitu, praktick\u00e9 dovednosti a mezin\u00e1rodn\u00ed prost\u0159ed\u00ed v centru Prahy. P\u0159iprav\u00ed v\u00e1s na navazuj\u00edc\u00ed studium i kari\u00e9ru v \u0161irok\u00e9 [&hellip;]<\/p>\n","protected":false},"author":1,"featured_media":0,"parent":20443,"menu_order":0,"comment_status":"closed","ping_status":"closed","template":"","meta":{"_acf_changed":false,"inline_featured_image":false,"advgb_blocks_editor_width":"","advgb_blocks_columns_visual_guide":"","footnotes":""},"categories":[],"tags":[120,197],"class_list":["post-20399","page","type-page","status-publish","hentry","tag-psychologie","tag-psychology-master-2"],"acf":[],"mb":[],"coauthors":[],"author_meta":{"author_link":"https:\/\/www.unyp.cz\/cs\/author\/kucera-centario\/","display_name":"kucera.centario"},"relative_dates":{"created":"Posted 4 years ago","modified":"Updated 1 week ago"},"absolute_dates":{"created":"Posted on October 20, 2022","modified":"Updated on April 17, 2026"},"absolute_dates_time":{"created":"Posted on October 20, 2022 5:17 PM","modified":"Updated on April 17, 2026 10:36 AM"},"featured_img_caption":"","featured_img":false,"series_order":"","mfb_rest_fields":["title","coauthors","author_meta","relative_dates","absolute_dates","absolute_dates_time","featured_img_caption","featured_img","series_order"],"_links":{"self":[{"href":"https:\/\/www.unyp.cz\/cs\/wp-json\/wp\/v2\/pages\/20399","targetHints":{"allow":["GET"]}}],"collection":[{"href":"https:\/\/www.unyp.cz\/cs\/wp-json\/wp\/v2\/pages"}],"about":[{"href":"https:\/\/www.unyp.cz\/cs\/wp-json\/wp\/v2\/types\/page"}],"author":[{"embeddable":true,"href":"https:\/\/www.unyp.cz\/cs\/wp-json\/wp\/v2\/users\/1"}],"replies":[{"embeddable":true,"href":"https:\/\/www.unyp.cz\/cs\/wp-json\/wp\/v2\/comments?post=20399"}],"version-history":[{"count":44,"href":"https:\/\/www.unyp.cz\/cs\/wp-json\/wp\/v2\/pages\/20399\/revisions"}],"predecessor-version":[{"id":79002,"href":"https:\/\/www.unyp.cz\/cs\/wp-json\/wp\/v2\/pages\/20399\/revisions\/79002"}],"up":[{"embeddable":true,"href":"https:\/\/www.unyp.cz\/cs\/wp-json\/wp\/v2\/pages\/20443"}],"wp:attachment":[{"href":"https:\/\/www.unyp.cz\/cs\/wp-json\/wp\/v2\/media?parent=20399"}],"wp:term":[{"taxonomy":"category","embeddable":true,"href":"https:\/\/www.unyp.cz\/cs\/wp-json\/wp\/v2\/categories?post=20399"},{"taxonomy":"post_tag","embeddable":true,"href":"https:\/\/www.unyp.cz\/cs\/wp-json\/wp\/v2\/tags?post=20399"}],"curies":[{"name":"wp","href":"https:\/\/api.w.org\/{rel}","templated":true}]}}