{"id":20443,"date":"2022-09-28T11:57:09","date_gmt":"2022-09-28T10:57:09","guid":{"rendered":"https:\/\/www.unyp.cz\/?page_id=20443"},"modified":"2026-04-08T15:21:29","modified_gmt":"2026-04-08T14:21:29","slug":"bakalarske-programy","status":"publish","type":"page","link":"https:\/\/www.unyp.cz\/cs\/bakalarske-programy\/","title":{"rendered":"Bakal\u00e1\u0159sk\u00e9 studium na&nbsp;UNYP"},"content":{"rendered":"\n<h2 class=\"wp-block-heading\" id=\"h-studujte-bakalarsky-program-v-anglictine-na-predni-americke-univerzite-v-praze\"><strong>Studujte bakal\u00e1\u0159sk\u00fd program v angli\u010dtin\u011b na p\u0159edn\u00ed americk\u00e9 univerzit\u011b v Praze<\/strong><\/h2>\n\n\n\n<p>Na <a href=\"http:\/\/unyp.cz\/cs\">University of New York in Prague<\/a> kombinujeme kvalitu americk\u00e9ho vzd\u011bl\u00e1n\u00ed s jedine\u010dnou zku\u0161enost\u00ed studia v jednom z nejdynami\u010dt\u011bj\u0161\u00edch m\u011bst Evropy. Na\u0161e akreditovan\u00e9 bakal\u00e1\u0159sk\u00e9 programy, vyu\u010dovan\u00e9 kompletn\u011b v angli\u010dtin\u011b, v\u00e1s p\u0159iprav\u00ed na glob\u00e1ln\u00ed kari\u00e9ru i dal\u0161\u00ed studium.<\/p>\n\n\n\n<p>Budete studovat v men\u0161\u00edch skupin\u00e1ch s mezin\u00e1rodn\u00edmi vyu\u010duj\u00edc\u00edmi a z\u00edsk\u00e1te praktick\u00e9 dovednosti i re\u00e1ln\u00fd vhled do obor\u016f jako Business, Mezin\u00e1rodn\u00ed vztahy, Komunikace, IT a Psychologie.<\/p>\n\n\n\n<p>Sta\u0148te se sou\u010d\u00e1st\u00ed rozmanit\u00e9 komunity student\u016f z v\u00edce ne\u017e 80 zem\u00ed a vyu\u017eijte siln\u00e9 propojen\u00ed s prax\u00ed v srdci Evropy.<\/p>\n\n\n\n<hr class=\"wp-block-separator has-alpha-channel-opacity\"\/>\n\n\n\n<h2 class=\"wp-block-heading\" id=\"h-americke-tituly\"><strong>Americk\u00e9 tituly<\/strong><\/h2>\n\n\n\n<h3 class=\"wp-block-heading\" id=\"h-bachelor-of-arts-in-psychology\">\ud83d\udd37 Bachelor of Arts in Psychology<\/h3>\n\n\n\n<p>Studium lidsk\u00e9ho chov\u00e1n\u00ed, v\u00fdzkumn\u00fdch metod a aplikovan\u00e9 psychologie v programu p\u0159ipravuj\u00edc\u00edm na kari\u00e9ru v oblasti du\u0161evn\u00edho zdrav\u00ed, v\u00fdzkumu i byznysu.<\/p>\n\n\n\n<p><a href=\"https:\/\/www.unyp.cz\/cs\/bakalarske-programy\/bakalarsky-program-psychologie\/\">Objevte program \u2192<\/a><\/p>\n\n\n\n<h3 class=\"wp-block-heading\" id=\"h-bachelor-of-science-in-business-administration\">\ud83d\udd37 Bachelor of Science in Business Administration<\/h3>\n\n\n\n<p>Rozv\u00edjejte strategick\u00e9, finan\u010dn\u00ed a mana\u017eersk\u00e9 dovednosti prost\u0159ednictv\u00edm praktick\u00fdch projekt\u016f a p\u0159ipravte se na kari\u00e9ru v mezin\u00e1rodn\u00edm podnik\u00e1n\u00ed.<\/p>\n\n\n\n<p><a href=\"https:\/\/www.unyp.cz\/cs\/bakalarske-programy\/bakalarsky-program-business-administration\/\">Zjistit v\u00edce o programu \u2192<\/a><\/p>\n\n\n\n<h3 class=\"wp-block-heading\" id=\"h-bachelor-of-science-in-information-technology\">\ud83d\udd37 Bachelor of Science in Information Technology<\/h3>\n\n\n\n<p>Z\u00edskejte odborn\u00e9 znalosti v oblasti v\u00fdvoje softwaru, datov\u00fdch syst\u00e9m\u016f a kybernetick\u00e9 bezpe\u010dnosti v prakticky orientovan\u00e9m akademick\u00e9m prost\u0159ed\u00ed.<\/p>\n\n\n\n<p><a href=\"https:\/\/www.unyp.cz\/cs\/bakalarske-programy\/bakalarsky-program-informacni-technologie\/\">Objevte program \u2192<\/a><\/p>\n\n\n\n<h3 class=\"wp-block-heading\" id=\"h-bachelor-of-science-in-international-relations\">\ud83d\udd37 Bachelor of Science in International Relations<\/h3>\n\n\n\n<p>Studujte glob\u00e1ln\u00ed politiku, diplomacii a mezin\u00e1rodn\u00ed bezpe\u010dnost a p\u0159ipravte se na kari\u00e9ru v mezin\u00e1rodn\u00edch instituc\u00edch, st\u00e1tn\u00ed spr\u00e1v\u011b \u010di mezin\u00e1rodn\u00edch organizac\u00edch.<\/p>\n\n\n\n<p><a href=\"https:\/\/www.unyp.cz\/cs\/bakalarske-programy\/bakalarsky-program-mezinarodni-vztahy\/\">Zjistit v\u00edce \u2192<\/a><\/p>\n\n\n\n<h3 class=\"wp-block-heading\" id=\"h-bachelor-of-arts-in-communication-and-media\">\ud83d\udd37 Bachelor of Arts in Communication and Media<\/h3>\n\n\n\n<p>Osvojte si strategickou komunikaci, digit\u00e1ln\u00ed m\u00e9dia a pr\u00e1ci se zna\u010dkou v programu zam\u011b\u0159en\u00e9m na kreativitu a praktick\u00e9 uplatn\u011bn\u00ed.<\/p>\n\n\n\n<p><a href=\"https:\/\/www.unyp.cz\/cs\/bakalarske-programy\/bakalarsky-program-komunikace-a-media\/\">Objevte program \u2192<\/a><\/p>\n\n\n\n<h3 class=\"wp-block-heading\" id=\"h-bachelor-of-arts-in-digital-media-arts\">\ud83d\udd37 Bachelor of Arts in Digital Media Arts<\/h3>\n\n\n\n<p>Propojte design, vizu\u00e1ln\u00ed tvorbu a modern\u00ed technologie a p\u0159ipravte se na kari\u00e9ru v kreativn\u00edch odv\u011btv\u00edch digit\u00e1ln\u00edho sv\u011bta.<\/p>\n\n\n\n<p><a href=\"https:\/\/www.unyp.cz\/cs\/bakalarske-programy\/bakalarsky-program-umeni-digitalnich-medii\/\">Zjistit v\u00edce o programu \u2192<\/a><\/p>\n\n\n\n<h3 class=\"wp-block-heading\" id=\"h-bachelor-of-arts-in-english-literature\">\ud83d\udd37 Bachelor of Arts in English Literature<\/h3>\n\n\n\n<p>Analyzujte literaturu, jazyk a kulturu a rozv\u00edjejte pokro\u010dil\u00e9 analytick\u00e9 a p\u00edsemn\u00e9 dovednosti pro akademickou i profesn\u00ed dr\u00e1hu.<\/p>\n\n\n\n<p><a href=\"https:\/\/www.unyp.cz\/cs\/bakalarske-programy\/cs-bakalarske-programy-anglicka-literatura\/\">Objevte program \u2192<\/a><\/p>\n\n\n\n<hr class=\"wp-block-separator has-alpha-channel-opacity\"\/>\n\n\n\n<h2 class=\"wp-block-heading\" id=\"h-evropsky-titul\"><strong>Evropsk\u00fd titul<\/strong><\/h2>\n\n\n\n<h3 class=\"wp-block-heading\" id=\"h-bachelor-bakalar-of-business-administration\">\ud83d\udd37 Bachelor (Bakal\u00e1\u0159) of Business Administration<\/h3>\n\n\n\n<p>Z\u00edskejte pevn\u00e9 z\u00e1klady managementu, ekonomie a financ\u00ed v evropsky akreditovan\u00e9m programu zam\u011b\u0159en\u00e9m na praktick\u00e9 podnikatelsk\u00e9 uplatn\u011bn\u00ed.<\/p>\n\n\n\n<p><a href=\"https:\/\/www.unyp.cz\/cs\/bachelor-of-business-administration-bba\/\">Zjistit v\u00edce \u2192<\/a><\/p>\n\n\n\n<figure class=\"wp-block-image size-large lcp-image\"><img data-opt-id=1104590090  fetchpriority=\"high\" decoding=\"async\" width=\"1400\" height=\"934\" src=\"https:\/\/mlgfjgj9j0su.i.optimole.com\/w:1400\/h:934\/q:mauto\/f:best\/https:\/\/www.unyp.cz\/wp-content\/uploads\/2025\/11\/660a8491.jpg\" alt=\"Studenti UNYP stoj\u00ed na terase historick\u00e9 budovy v Praze b\u011bhem slune\u010dn\u00e9ho dne.\" class=\"wp-image-71171\" srcset=\"https:\/\/mlgfjgj9j0su.i.optimole.com\/w:1400\/h:934\/q:mauto\/f:best\/https:\/\/www.unyp.cz\/wp-content\/uploads\/2025\/11\/660a8491.jpg 1400w, https:\/\/mlgfjgj9j0su.i.optimole.com\/w:300\/h:200\/q:mauto\/f:best\/https:\/\/www.unyp.cz\/wp-content\/uploads\/2025\/11\/660a8491.jpg 300w, https:\/\/mlgfjgj9j0su.i.optimole.com\/w:150\/h:100\/q:mauto\/f:best\/https:\/\/www.unyp.cz\/wp-content\/uploads\/2025\/11\/660a8491.jpg 150w, https:\/\/mlgfjgj9j0su.i.optimole.com\/w:768\/h:512\/q:mauto\/f:best\/https:\/\/www.unyp.cz\/wp-content\/uploads\/2025\/11\/660a8491.jpg 768w, https:\/\/mlgfjgj9j0su.i.optimole.com\/w:1536\/h:1025\/q:mauto\/f:best\/https:\/\/www.unyp.cz\/wp-content\/uploads\/2025\/11\/660a8491.jpg 1536w\" sizes=\"(max-width: 1000px) 100vw, 1000px\" \/><\/figure>\n\n\n\n<div style=\"height:20px\" aria-hidden=\"true\" class=\"wp-block-spacer\"><\/div>\n\n\n\n<h2 class=\"wp-block-heading\" id=\"h-dualni-studium\"><strong>Du\u00e1ln\u00ed studium<\/strong><\/h2>\n\n\n\n<h4 class=\"wp-block-heading\" id=\"h-kombinace-americkeho-a-evropskeho-titulu\">(Kombinace americk\u00e9ho a evropsk\u00e9ho titulu)<\/h4>\n\n\n\n<p>V r\u00e1mci du\u00e1ln\u00edho studia na UNYP z\u00edsk\u00e1te dva akreditovan\u00e9 bakal\u00e1\u0159sk\u00e9 tituly: jeden od SUNY Empire State University (USA) a druh\u00fd od UNYP akreditovan\u00fd v \u010cesk\u00e9 republice. Zvolen\u00e1 specializace je pln\u011b uzn\u00e1na v r\u00e1mci \u010desk\u00e9 akreditace a je uvedena v dodatku k diplomu. Studium trv\u00e1 \u010dty\u0159i roky.<\/p>\n\n\n\n<h3 class=\"wp-block-heading\" id=\"h-bachelor-of-science-in-business-administration-0\">\ud83d\udd37 Bachelor of Science in Business Administration<\/h3>\n\n\n\n<p>Z\u00edskejte americk\u00fd i evropsk\u00fd titul a rozv\u00edjejte pokro\u010dil\u00e9 mana\u017eersk\u00e9 a strategick\u00e9 dovednosti pro glob\u00e1ln\u00ed podnik\u00e1n\u00ed.<\/p>\n\n\n\n<p><a href=\"https:\/\/www.unyp.cz\/cs\/bakalarske-programy\/bakalarsky-program-business-administration\/\">Zjistit v\u00edce \u2192<\/a><\/p>\n\n\n\n<h3 class=\"wp-block-heading\" id=\"h-bachelor-of-arts-in-psychology-0\">\ud83d\udd37 Bachelor of Arts in Psychology<\/h3>\n\n\n\n<p>Spojte americk\u00e9 a evropsk\u00e9 akademick\u00e9 standardy a rozv\u00edjejte v\u00fdzkumn\u00e9 i praktick\u00e9 psychologick\u00e9 kompetence uzn\u00e1van\u00e9 mezin\u00e1rodn\u011b.<\/p>\n\n\n\n<p><a href=\"https:\/\/www.unyp.cz\/cs\/bakalarske-programy\/bakalarsky-program-psychologie\/\">Zjistit v\u00edce o programu \u2192<\/a><\/p>\n\n\n\n<h3 class=\"wp-block-heading\" id=\"h-bachelor-of-arts-in-communication-amp-media\">\ud83d\udd37 Bachelor of Arts in Communication &amp; Media<\/h3>\n\n\n\n<p>Z\u00edskejte dva akreditovan\u00e9 tituly a p\u0159ipravte se na kari\u00e9ru v oblasti m\u00e9di\u00ed, komunikace a budov\u00e1n\u00ed zna\u010dky.<\/p>\n\n\n\n<p><a href=\"https:\/\/www.unyp.cz\/cs\/bakalarske-programy\/bakalarsky-program-komunikace-a-media\/\">Zjistit v\u00edce \u2192<\/a><\/p>\n\n\n\n<h3 class=\"wp-block-heading\" id=\"h-bachelor-of-arts-in-international-relations\">\ud83d\udd37 Bachelor of Arts in International Relations<\/h3>\n\n\n\n<p>Studujte mezin\u00e1rodn\u00ed vztahy v r\u00e1mci du\u00e1ln\u00ed akreditace a p\u0159ipravte se na kari\u00e9ru v mezin\u00e1rodn\u00edch instituc\u00edch \u010di diplomacii.<\/p>\n\n\n\n<p><a href=\"https:\/\/www.unyp.cz\/cs\/bakalarske-programy\/bakalarsky-program-mezinarodni-vztahy\/\">Zjistit v\u00edce o programu \u2192<\/a><\/p>\n\n\n\n<hr class=\"wp-block-separator has-alpha-channel-opacity\"\/>\n\n\n\n<h2 class=\"wp-block-heading\"><strong>Jak si vybrat spr\u00e1vn\u00fd bakal\u00e1\u0159sk\u00fd program<\/strong><\/h2>\n\n\n\n<p>V\u00fdb\u011br studijn\u00edho programu nen\u00ed jen ot\u00e1zkou oboru. Spr\u00e1vn\u00fd program by m\u011bl odpov\u00eddat va\u0161im dlouhodob\u00fdm c\u00edl\u016fm, stylu u\u010den\u00ed i profesn\u00edm ambic\u00edm.<\/p>\n\n\n\n<p>P\u0159i porovn\u00e1v\u00e1n\u00ed bakal\u00e1\u0159sk\u00fdch program\u016f zva\u017ete zejm\u00e9na:<\/p>\n\n\n\n<p><strong>Kari\u00e9rn\u00ed uplatn\u011bn\u00ed<\/strong> \u2013 Kde absolventi nej\u010dast\u011bji pracuj\u00ed? Na jak\u00e1 odv\u011btv\u00ed a pracovn\u00ed pozice v\u00e1s program p\u0159iprav\u00ed?<\/p>\n\n\n\n<p><strong>Strukturu studia<\/strong> \u2013 Vyhovuje v\u00e1m vyv\u00e1\u017eenost teorie a praxe v r\u00e1mci studijn\u00edho pl\u00e1nu?<\/p>\n\n\n\n<p><strong>Praktick\u00e9 zku\u0161enosti b\u011bhem studia<\/strong> \u2013 Obsahuje program aplikovan\u00e9 projekty, v\u00fdzkum nebo jin\u00e9 formy praktick\u00e9 v\u00fduky?<\/p>\n\n\n\n<p><strong>Mo\u017enosti zahrani\u010dn\u00edch zku\u0161enost\u00ed<\/strong> \u2013 Umo\u017e\u0148uje program roz\u0161\u00ed\u0159it studium o mezin\u00e1rodn\u00ed zku\u0161enost?<\/p>\n\n\n\n<p><strong>Odbornost vyu\u010duj\u00edc\u00edch<\/strong> \u2013 Kdo v\u00e1s bude u\u010dit a jak\u00e9 maj\u00ed akademick\u00e9 \u010di profesn\u00ed zku\u0161enosti?<\/p>\n\n\n\n<p><strong>Velikost t\u0159\u00edd a studijn\u00ed prost\u0159ed\u00ed<\/strong> \u2013 Preferujete individu\u00e1ln\u011bj\u0161\u00ed p\u0159\u00edstup a men\u0161\u00ed studijn\u00ed skupiny?<\/p>\n\n\n\n<p>Pokud si st\u00e1le nejste jist\u00ed, n\u00e1\u0161 t\u00fdm pro p\u0159ij\u00edmac\u00ed \u0159\u00edzen\u00ed v\u00e1m pom\u016f\u017ee zorientovat se v mo\u017enostech a vybrat program, kter\u00fd v\u00e1m bude nejl\u00e9pe vyhovovat.<\/p>\n\n\n\n<p><strong>Promluvte si s na\u0161\u00edm Admissions Advisor \u2192<\/strong><br>Kontaktujte n\u00e1s na <a href=\"mailto:admissions@unyp.cz\">admissions@unyp.cz<\/a> a domluvte si osobn\u00ed konzultaci.<\/p>\n\n\n\n<hr class=\"wp-block-separator has-alpha-channel-opacity\"\/>\n\n\n\n<h2 class=\"wp-block-heading\"><strong>Studium v angli\u010dtin\u011b v srdci Evropy<\/strong><\/h2>\n\n\n\n<p>V\u0161echny bakal\u00e1\u0159sk\u00e9 programy na UNYP jsou vyu\u010dov\u00e1ny v angli\u010dtin\u011b v mezin\u00e1rodn\u00edm akademick\u00e9m prost\u0159ed\u00ed. Studenti z v\u00edce ne\u017e 60 zem\u00ed sv\u011bta zde spole\u010dn\u011b studuj\u00ed v Praze a z\u00edsk\u00e1vaj\u00ed glob\u00e1ln\u00ed perspektivu i praktick\u00e9 dovednosti vyu\u017eiteln\u00e9 v kari\u00e9\u0159e.<\/p>\n\n\n\n<p>Studium v Praze v\u00e1m umo\u017en\u00ed za\u017e\u00edt \u017eivot v kulturn\u011b bohat\u00e9m evropsk\u00e9m hlavn\u00edm m\u011bst\u011b a z\u00e1rove\u0148 z\u00edskat mezin\u00e1rodn\u011b uzn\u00e1van\u00fd vysoko\u0161kolsk\u00fd titul.<\/p>\n\n\n\n<p><a href=\"https:\/\/www.unyp.cz\/cs\/\">Zjist\u011bte v\u00edce o studiu na UNYP v Praze<\/a><\/p>\n\n\n\n<hr class=\"wp-block-separator has-alpha-channel-opacity\"\/>\n\n\n\n<h2 class=\"wp-block-heading\"><strong>\u010casto kladen\u00e9 ot\u00e1zky<\/strong><\/h2>\n\n\n\n<h3 class=\"wp-block-heading\">Jak\u00e9 bakal\u00e1\u0159sk\u00e9 programy UNYP nab\u00edz\u00ed?<\/h3>\n\n\n\n<p>UNYP nab\u00edz\u00ed akreditovan\u00e9 bakal\u00e1\u0159sk\u00e9 tituly v r\u00e1mci americk\u00fdch, evropsk\u00fdch i du\u00e1ln\u00edch program\u016f v oborech jako business administration, psychologie, mezin\u00e1rodn\u00ed vztahy, komunikace a m\u00e9dia, digit\u00e1ln\u00ed m\u00e9dia, informa\u010dn\u00ed technologie a anglick\u00e1 literatura.<\/p>\n\n\n\n<h3 class=\"wp-block-heading\">Jsou v\u0161echny bakal\u00e1\u0159sk\u00e9 programy vyu\u010dov\u00e1ny v angli\u010dtin\u011b?<\/h3>\n\n\n\n<p>Ano. V\u0161echny bakal\u00e1\u0159sk\u00e9 programy na UNYP prob\u00edhaj\u00ed v\u00fdhradn\u011b v angli\u010dtin\u011b v mezin\u00e1rodn\u00edm akademick\u00e9m prost\u0159ed\u00ed.<\/p>\n\n\n\n<h3 class=\"wp-block-heading\">Je mo\u017en\u00e9 si p\u0159ev\u00e9st kredity z jin\u00e9 univerzity?<\/h3>\n\n\n\n<p>\u017d\u00e1dosti o uzn\u00e1n\u00ed p\u0159edchoz\u00edho studia jsou posuzov\u00e1ny individu\u00e1ln\u011b. Ji\u017e absolvovan\u00e9 p\u0159edm\u011bty mohou b\u00fdt uzn\u00e1ny, pokud jsou obsahov\u011b a akademicky kompatibiln\u00ed.<\/p>\n\n\n\n<h3 class=\"wp-block-heading\">Jak\u00e9 jsou p\u0159ij\u00edmac\u00ed podm\u00ednky?<\/h3>\n\n\n\n<p>P\u0159ij\u00edmac\u00ed podm\u00ednky se mohou li\u0161it podle programu, obvykle v\u0161ak zahrnuj\u00ed ukon\u010den\u00e9 st\u0159edo\u0161kolsk\u00e9 vzd\u011bl\u00e1n\u00ed, po\u017eadovan\u00e9 dokumenty a p\u0159ij\u00edmac\u00ed posouzen\u00ed. Podrobn\u00e9 informace naleznete na str\u00e1nk\u00e1ch jednotliv\u00fdch program\u016f.<\/p>\n\n\n\n<p>Zjist\u011bte v\u00edce o p\u0159ij\u00edmac\u00edm \u0159\u00edzen\u00ed <a href=\"https:\/\/www.unyp.cz\/admissions\">zde<\/a><\/p>\n","protected":false},"excerpt":{"rendered":"<p>Studujte bakal\u00e1\u0159sk\u00fd program v angli\u010dtin\u011b na p\u0159edn\u00ed americk\u00e9 univerzit\u011b v Praze Na University of New York in Prague kombinujeme kvalitu americk\u00e9ho vzd\u011bl\u00e1n\u00ed s jedine\u010dnou zku\u0161enost\u00ed studia v jednom z nejdynami\u010dt\u011bj\u0161\u00edch m\u011bst Evropy. Na\u0161e akreditovan\u00e9 bakal\u00e1\u0159sk\u00e9 programy, vyu\u010dovan\u00e9 kompletn\u011b v angli\u010dtin\u011b, v\u00e1s p\u0159iprav\u00ed na glob\u00e1ln\u00ed kari\u00e9ru i dal\u0161\u00ed studium. Budete studovat v men\u0161\u00edch skupin\u00e1ch s mezin\u00e1rodn\u00edmi [&hellip;]<\/p>\n","protected":false},"author":1,"featured_media":0,"parent":0,"menu_order":0,"comment_status":"closed","ping_status":"closed","template":"","meta":{"_acf_changed":false,"inline_featured_image":false,"advgb_blocks_editor_width":"","advgb_blocks_columns_visual_guide":"","footnotes":""},"categories":[],"tags":[],"class_list":["post-20443","page","type-page","status-publish","hentry"],"acf":[],"mb":[],"coauthors":[],"author_meta":{"author_link":"https:\/\/www.unyp.cz\/cs\/author\/kucera-centario\/","display_name":"kucera.centario"},"relative_dates":{"created":"Posted 4 years ago","modified":"Updated 1 week ago"},"absolute_dates":{"created":"Posted on September 28, 2022","modified":"Updated on April 8, 2026"},"absolute_dates_time":{"created":"Posted on September 28, 2022 11:57 AM","modified":"Updated on April 8, 2026 3:21 PM"},"featured_img_caption":"","featured_img":false,"series_order":"","mfb_rest_fields":["title","coauthors","author_meta","relative_dates","absolute_dates","absolute_dates_time","featured_img_caption","featured_img","series_order"],"_links":{"self":[{"href":"https:\/\/www.unyp.cz\/cs\/wp-json\/wp\/v2\/pages\/20443","targetHints":{"allow":["GET"]}}],"collection":[{"href":"https:\/\/www.unyp.cz\/cs\/wp-json\/wp\/v2\/pages"}],"about":[{"href":"https:\/\/www.unyp.cz\/cs\/wp-json\/wp\/v2\/types\/page"}],"author":[{"embeddable":true,"href":"https:\/\/www.unyp.cz\/cs\/wp-json\/wp\/v2\/users\/1"}],"replies":[{"embeddable":true,"href":"https:\/\/www.unyp.cz\/cs\/wp-json\/wp\/v2\/comments?post=20443"}],"version-history":[{"count":60,"href":"https:\/\/www.unyp.cz\/cs\/wp-json\/wp\/v2\/pages\/20443\/revisions"}],"predecessor-version":[{"id":78656,"href":"https:\/\/www.unyp.cz\/cs\/wp-json\/wp\/v2\/pages\/20443\/revisions\/78656"}],"wp:attachment":[{"href":"https:\/\/www.unyp.cz\/cs\/wp-json\/wp\/v2\/media?parent=20443"}],"wp:term":[{"taxonomy":"category","embeddable":true,"href":"https:\/\/www.unyp.cz\/cs\/wp-json\/wp\/v2\/categories?post=20443"},{"taxonomy":"post_tag","embeddable":true,"href":"https:\/\/www.unyp.cz\/cs\/wp-json\/wp\/v2\/tags?post=20443"}],"curies":[{"name":"wp","href":"https:\/\/api.w.org\/{rel}","templated":true}]}}