{"id":20473,"date":"2025-12-07T07:42:06","date_gmt":"2025-12-07T06:42:06","guid":{"rendered":"https:\/\/www.unyp.cz\/bakalarske-programy\/bachelor-of-international-relations\/"},"modified":"2026-03-31T11:32:39","modified_gmt":"2026-03-31T10:32:39","slug":"bakalarsky-program-mezinarodni-vztahy","status":"publish","type":"page","link":"https:\/\/www.unyp.cz\/cs\/bakalarske-programy\/bakalarsky-program-mezinarodni-vztahy\/","title":{"rendered":"Studium mezin\u00e1rodn\u00edch vztah\u016f v&nbsp;Praze | Bakal\u00e1\u0159 (BA) v&nbsp;angli\u010dtin\u011b | UNYP"},"content":{"rendered":"\n<h2 class=\"wp-block-heading\"><strong>Studujte mezin\u00e1rodn\u00ed vztahy v Praze a z\u00edskejte americk\u00fd bakal\u00e1\u0159sk\u00fd titul v angli\u010dtin\u011b<\/strong><\/h2>\n\n\n\n<p>Z\u00edskejte americky akreditovan\u00fd titul Bachelor of Arts (BA) v oboru mezin\u00e1rodn\u00edch vztah\u016f a studujte v angli\u010dtin\u011b v Praze.<\/p>\n\n\n\n<p>Bakal\u00e1\u0159sk\u00fd program mezin\u00e1rodn\u00edch vztah\u016f na <a href=\"https:\/\/www.unyp.cz\/cs\/\">University of New York in Prague (UNYP)<\/a> propojuje politologii, diplomacii a glob\u00e1ln\u00ed ekonomii s praktick\u00fdmi zku\u0161enostmi. D\u00edky du\u00e1ln\u00edmu diplomu a mezin\u00e1rodn\u00edmu prost\u0159ed\u00ed z\u00edsk\u00e1te znalosti a dovednosti pro kari\u00e9ru v diplomacii, mezin\u00e1rodn\u00edm byznysu, ve\u0159ejn\u00e9 politice i glob\u00e1ln\u00edch organizac\u00edch.<\/p>\n\n\n\n<p>Program je sou\u010d\u00e1st\u00ed <a href=\"https:\/\/www.unyp.cz\/cs\/katedra-mezinarodnich-vztahu-a-medialnich-studii\/\">School of International Relations and Media Studies<\/a>.<\/p>\n\n\n\n<figure class=\"wp-block-image size-large\"><img data-opt-id=22280939  fetchpriority=\"high\" decoding=\"async\" width=\"1400\" height=\"933\" src=\"https:\/\/mlgfjgj9j0su.i.optimole.com\/w:1400\/h:933\/q:mauto\/f:best\/https:\/\/www.unyp.cz\/wp-content\/uploads\/2025\/11\/660a9438.jpg\" alt=\"Studenti UNYP diskutuj\u00ed o sv\u00fdch zku\u0161enostech se studiem mezin\u00e1rodn\u00edch vztah\u016f v kr\u00e1sn\u00e9m historick\u00e9m prost\u0159ed\u00ed Prahy\" class=\"wp-image-70082\" srcset=\"https:\/\/mlgfjgj9j0su.i.optimole.com\/w:1400\/h:933\/q:mauto\/f:best\/https:\/\/www.unyp.cz\/wp-content\/uploads\/2025\/11\/660a9438.jpg 1400w, https:\/\/mlgfjgj9j0su.i.optimole.com\/w:300\/h:200\/q:mauto\/f:best\/https:\/\/www.unyp.cz\/wp-content\/uploads\/2025\/11\/660a9438.jpg 300w, https:\/\/mlgfjgj9j0su.i.optimole.com\/w:150\/h:100\/q:mauto\/f:best\/https:\/\/www.unyp.cz\/wp-content\/uploads\/2025\/11\/660a9438.jpg 150w, https:\/\/mlgfjgj9j0su.i.optimole.com\/w:768\/h:512\/q:mauto\/f:best\/https:\/\/www.unyp.cz\/wp-content\/uploads\/2025\/11\/660a9438.jpg 768w, https:\/\/mlgfjgj9j0su.i.optimole.com\/w:1536\/h:1024\/q:mauto\/f:best\/https:\/\/www.unyp.cz\/wp-content\/uploads\/2025\/11\/660a9438.jpg 1536w\" sizes=\"(max-width: 1000px) 100vw, 1000px\" \/><\/figure>\n\n\n\n<div style=\"height:20px\" aria-hidden=\"true\" class=\"wp-block-spacer\"><\/div>\n\n\n\n<h2 class=\"wp-block-heading\"><strong>Pro\u010d studovat mezin\u00e1rodn\u00ed vztahy na UNYP<\/strong><\/h2>\n\n\n\n<ul class=\"wp-block-list\">\n<li><strong>Z\u00edskejte dva tituly<br><\/strong>Americk\u00fd titul (USA) a evropsk\u00fd titul (EU)<\/li>\n\n\n\n<li><strong>Studium v angli\u010dtin\u011b v Praze<br><\/strong>Mezin\u00e1rodn\u00ed prost\u0159ed\u00ed v srdci Evropy<\/li>\n\n\n\n<li><strong>Praktick\u00e9 zku\u0161enosti b\u011bhem studia<br><\/strong>St\u00e1\u017ee, Model United Nations (Model UN) a v\u00fdzkumn\u00e9 projekty<\/li>\n\n\n\n<li><strong>P\u0159\u00edprava na glob\u00e1ln\u00ed kari\u00e9ru<br><\/strong>Diplomacie, mezin\u00e1rodn\u00ed byznys a ve\u0159ejn\u00e1 politika<\/li>\n<\/ul>\n\n\n\n<figure class=\"wp-block-embed is-type-video is-provider-youtube wp-block-embed-youtube wp-embed-aspect-16-9 wp-has-aspect-ratio\"><div class=\"wp-block-embed__wrapper\">\n<iframe title=\"Meet the Dean of International Relations at UNYP | University of New York in Prague\" width=\"500\" height=\"281\" src=\"https:\/\/www.youtube.com\/embed\/ga39R1cxyL4?feature=oembed\" frameborder=\"0\" allow=\"accelerometer; autoplay; clipboard-write; encrypted-media; gyroscope; picture-in-picture; web-share\" referrerpolicy=\"strict-origin-when-cross-origin\" allowfullscreen><\/iframe>\n<\/div><\/figure>\n\n\n\n<div style=\"height:20px\" aria-hidden=\"true\" class=\"wp-block-spacer\"><\/div>\n\n\n\n<h2 class=\"wp-block-heading\"><strong>Co v\u00e1s nau\u010d\u00ed studium mezin\u00e1rodn\u00edch vztah\u016f<\/strong><\/h2>\n\n\n\n<p>Z\u00edsk\u00e1te znalosti a dovednosti pot\u0159ebn\u00e9 pro kari\u00e9ru v mezin\u00e1rodn\u00edm prost\u0159ed\u00ed:<\/p>\n\n\n\n<ul class=\"wp-block-list\">\n<li><strong>Jak funguje sv\u011btov\u00e1 politika<br><\/strong>Anal\u00fdza organizac\u00ed jako OSN, EU nebo NATO<\/li>\n\n\n\n<li><strong>Konflikty a diplomacie<br><\/strong>P\u0159\u00ed\u010diny konflikt\u016f, \u0159e\u0161en\u00ed spor\u016f a mezin\u00e1rodn\u00ed bezpe\u010dnost<\/li>\n\n\n\n<li><strong>Mezin\u00e1rodn\u00ed pr\u00e1vo a lidsk\u00e1 pr\u00e1va<br><\/strong>Fungov\u00e1n\u00ed glob\u00e1ln\u00edch instituc\u00ed a jejich vliv<\/li>\n\n\n\n<li><strong>Komunikace a vyjedn\u00e1v\u00e1n\u00ed<br><\/strong>Argumentace, prezentace a mezikulturn\u00ed komunikace<\/li>\n\n\n\n<li><strong>Praxe b\u011bhem studia<br><\/strong>V\u00fdzkum, pr\u00e1ce s daty a simulace jako Model UN<\/li>\n<\/ul>\n\n\n\n<hr class=\"wp-block-separator has-alpha-channel-opacity\"\/>\n\n\n\n<div class=\"wp-block-columns is-layout-flex wp-container-core-columns-is-layout-28f84493 wp-block-columns-is-layout-flex\">\n<div class=\"wp-block-column is-layout-flow wp-block-column-is-layout-flow\">\n<h2 class=\"wp-block-heading\" id=\"h-hlavni-predmety\"><strong>Hlavn\u00ed p\u0159edm\u011bty<\/strong><\/h2>\n\n\n\n<ul class=\"wp-block-list\">\n<li>Historie mezin\u00e1rodn\u00edch syst\u00e9m\u016f<\/li>\n\n\n\n<li>Teorie mezin\u00e1rodn\u00edch vztah\u016f <\/li>\n\n\n\n<li>Mezin\u00e1rodn\u00ed pr\u00e1vo<\/li>\n\n\n\n<li>Evropsk\u00e1 integrace<\/li>\n\n\n\n<li>Mezin\u00e1rodn\u00ed organizace<\/li>\n\n\n\n<li>Mezin\u00e1rodn\u00ed politick\u00e1 ekonomie <\/li>\n\n\n\n<li>Mezin\u00e1rodn\u00ed konflikty a bezpe\u010dnost <\/li>\n\n\n\n<li>V\u00fdzkumn\u00e9 metody<\/li>\n\n\n\n<li>Z\u00e1v\u011bre\u010dn\u00fd projekt<\/li>\n<\/ul>\n<\/div>\n\n\n\n<div class=\"wp-block-column is-layout-flow wp-block-column-is-layout-flow\">\n<h2 class=\"wp-block-heading\" id=\"h-volitelne-predmety\"><strong>Voliteln\u00e9 p\u0159edm\u011bty<\/strong><\/h2>\n\n\n\n<ul class=\"wp-block-list\">\n<li>Kolonialismus a postkolonialismus <\/li>\n\n\n\n<li>Demokracie a demokratizace <\/li>\n\n\n\n<li>Argumentace a logika<\/li>\n\n\n\n<li>Terorismus a bezpe\u010dnost<\/li>\n\n\n\n<li>Zahrani\u010dn\u00ed politika USA<\/li>\n\n\n\n<li>Korupce, ob\u010dansk\u00e1 spole\u010dnost a d\u016fv\u011bra<\/li>\n<\/ul>\n<\/div>\n<\/div>\n\n\n\n<hr class=\"wp-block-separator has-alpha-channel-opacity\"\/>\n\n\n\n<h2 class=\"wp-block-heading\"><strong>Specializace studia mezin\u00e1rodn\u00edch vztah\u016f<\/strong><\/h2>\n\n\n\n<p>V r\u00e1mci studia si m\u016f\u017eete vybrat jednu ze t\u0159\u00ed specializac\u00ed:<\/p>\n\n\n\n<h3 class=\"wp-block-heading\">Diplomacie a mezin\u00e1rodn\u00ed pr\u00e1vo<\/h3>\n\n\n\n<p>Zam\u011b\u0159en\u00ed na vyjedn\u00e1v\u00e1n\u00ed, pr\u00e1vn\u00ed syst\u00e9my a mezin\u00e1rodn\u00ed spravedlnost.<\/p>\n\n\n\n<h3 class=\"wp-block-heading\">Bezpe\u010dnostn\u00ed a konfliktn\u00ed studia<\/h3>\n\n\n\n<p>Zam\u011b\u0159en\u00ed na udr\u017eov\u00e1n\u00ed m\u00edru, glob\u00e1ln\u00ed hrozby a obrann\u00e9 strategie.<\/p>\n\n\n\n<h3 class=\"wp-block-heading\">Glob\u00e1ln\u00ed governance<\/h3>\n\n\n\n<p>Zam\u011b\u0159en\u00ed na \u0159\u00edzen\u00ed mezin\u00e1rodn\u00edch organizac\u00ed, tvorbu politik a mezin\u00e1rodn\u00ed spolupr\u00e1ci.<\/p>\n\n\n\n<p><a href=\"https:\/\/www.unyp.cz\/cs\/bakalarske-programy\/bakalar-v-oboru-mezinarodni-vztahy-koncentrace\/\">Prozkoumejte v\u0161echny specializace<\/a> studia mezin\u00e1rodn\u00edch vztah\u016f \ud83d\udc48<\/p>\n\n\n\n<hr class=\"wp-block-separator has-alpha-channel-opacity\"\/>\n\n\n\n<h2 class=\"wp-block-heading\" id=\"h-student-experience\"><strong>Student Experience<\/strong><\/h2>\n\n\n\n<blockquote class=\"wp-block-quote is-layout-flow wp-block-quote-is-layout-flow\">\n<p>V\u017edy m\u011b fascinovalo, jak glob\u00e1ln\u00ed d\u011bn\u00ed ovliv\u0148uje sv\u011bt, a proto jsem si vybral UNYP, kde studuji mezin\u00e1rodn\u00ed vztahy s lidmi z cel\u00e9ho sv\u011bta.<\/p>\n\n\n\n<p class=\"has-black-color has-text-color has-link-color wp-elements-e8d470d4f48072f0fabadc64fdce46c2\">-Petr, absolvent 2024<\/p>\n<\/blockquote>\n\n\n\n<p>Sledujte studenty: <a href=\"https:\/\/www.instagram.com\/unyp\/\">@unyp<\/a><\/p>\n\n\n\n<figure class=\"wp-block-image size-large\"><img data-opt-id=703385669  fetchpriority=\"high\" decoding=\"async\" width=\"1400\" height=\"933\" src=\"https:\/\/mlgfjgj9j0su.i.optimole.com\/w:1400\/h:933\/q:mauto\/f:best\/https:\/\/www.unyp.cz\/wp-content\/uploads\/2025\/11\/660a8019.jpg\" alt=\"Studenti mezin\u00e1rodn\u00edch vztah\u016f UNYP v Praze diskutuj\u00ed o aktu\u00e1ln\u00edch glob\u00e1ln\u00edch t\u00e9matech p\u0159i proch\u00e1zce kampusem.\" class=\"wp-image-70079\" srcset=\"https:\/\/mlgfjgj9j0su.i.optimole.com\/w:1400\/h:933\/q:mauto\/f:best\/https:\/\/www.unyp.cz\/wp-content\/uploads\/2025\/11\/660a8019-scaled.jpg 1400w, https:\/\/mlgfjgj9j0su.i.optimole.com\/w:300\/h:200\/q:mauto\/f:best\/https:\/\/www.unyp.cz\/wp-content\/uploads\/2025\/11\/660a8019-scaled.jpg 300w, https:\/\/mlgfjgj9j0su.i.optimole.com\/w:150\/h:100\/q:mauto\/f:best\/https:\/\/www.unyp.cz\/wp-content\/uploads\/2025\/11\/660a8019-scaled.jpg 150w, https:\/\/mlgfjgj9j0su.i.optimole.com\/w:768\/h:512\/q:mauto\/f:best\/https:\/\/www.unyp.cz\/wp-content\/uploads\/2025\/11\/660a8019-scaled.jpg 768w, https:\/\/mlgfjgj9j0su.i.optimole.com\/w:1536\/h:1024\/q:mauto\/f:best\/https:\/\/www.unyp.cz\/wp-content\/uploads\/2025\/11\/660a8019-scaled.jpg 1536w, https:\/\/mlgfjgj9j0su.i.optimole.com\/w:1920\/h:1279\/q:mauto\/f:best\/https:\/\/www.unyp.cz\/wp-content\/uploads\/2025\/11\/660a8019-scaled.jpg 2048w\" sizes=\"(max-width: 1000px) 100vw, 1000px\" \/><\/figure>\n\n\n\n<div style=\"height:20px\" aria-hidden=\"true\" class=\"wp-block-spacer\"><\/div>\n\n\n\n<h2 class=\"wp-block-heading\" id=\"h-karierni-uplatneni-po-studiu-mezinarodnich-vztahu\"><strong>Kari\u00e9rn\u00ed uplatn\u011bn\u00ed po studiu mezin\u00e1rodn\u00edch vztah\u016f<\/strong><\/h2>\n\n\n\n<p>Studium mezin\u00e1rodn\u00edch vztah\u016f na UNYP v\u00e1m otev\u00edr\u00e1 kari\u00e9rn\u00ed mo\u017enosti v mezin\u00e1rodn\u00edm prost\u0159ed\u00ed, a to jak v soukrom\u00e9m, tak i ve ve\u0159ejn\u00e9m sektoru.<\/p>\n\n\n\n<p><strong>Diplomacie a st\u00e1tn\u00ed spr\u00e1va<\/strong><br>M\u016f\u017eete pracovat na ministerstvech, ambas\u00e1d\u00e1ch nebo v diplomatick\u00fdch slu\u017eb\u00e1ch, kde zastupujete svou zemi, pod\u00edl\u00edte se na tvorb\u011b zahrani\u010dn\u00ed politiky a \u0159e\u0161en\u00ed mezin\u00e1rodn\u00edch vztah\u016f.<\/p>\n\n\n\n<p><strong>Mezin\u00e1rodn\u00ed organizace a neziskov\u00fd sektor<\/strong><br>Uplatn\u00edte se v organizac\u00edch jako OSN, EU nebo v mezin\u00e1rodn\u00edch NGO, kde se pod\u00edl\u00edte na rozvojov\u00fdch projektech, humanit\u00e1rn\u00ed pomoci nebo \u0159e\u0161en\u00ed glob\u00e1ln\u00edch v\u00fdzev.<\/p>\n\n\n\n<p><strong>Mezin\u00e1rodn\u00ed byznys a konzulting<\/strong><br>Najdete uplatn\u011bn\u00ed ve firm\u00e1ch p\u016fsob\u00edc\u00edch na zahrani\u010dn\u00edch trz\u00edch, kde analyzujete ekonomick\u00e9 prost\u0159ed\u00ed, rad\u00edte s expanz\u00ed do zahrani\u010d\u00ed a pom\u00e1h\u00e1te firm\u00e1m orientovat se v glob\u00e1ln\u00edm kontextu.<\/p>\n\n\n\n<p><strong>Bezpe\u010dnost, anal\u00fdza a zpravodajstv\u00ed<\/strong><br>M\u016f\u017eete pracovat jako analytik zam\u011b\u0159en\u00fd na geopolitiku, bezpe\u010dnostn\u00ed rizika nebo mezin\u00e1rodn\u00ed konflikty, a to jak ve st\u00e1tn\u00ed sf\u00e9\u0159e, tak v soukrom\u00fdch organizac\u00edch.<\/p>\n\n\n\n<p><strong>Ve\u0159ejn\u00e1 politika, komunikace a m\u00e9dia<\/strong><br>Zapoj\u00edte se do tvorby ve\u0159ejn\u00fdch politik, strategick\u00e9 komunikace nebo pr\u00e1ce v m\u00e9di\u00edch a think-tanc\u00edch, kde ovliv\u0148ujete ve\u0159ejnou debatu a rozhodov\u00e1n\u00ed na n\u00e1rodn\u00ed i mezin\u00e1rodn\u00ed \u00farovni.<\/p>\n\n\n\n<p>Mnoho absolvent\u016f pokra\u010duje v navazuj\u00edc\u00edm magistersk\u00e9m studiu v oborech jako politologie, diplomacie nebo mezin\u00e1rodn\u00ed pr\u00e1vo na presti\u017en\u00edch univerzit\u00e1ch po cel\u00e9m sv\u011bt\u011b.<\/p>\n\n\n\n<hr class=\"wp-block-separator has-alpha-channel-opacity\"\/>\n\n\n\n<div class=\"wp-block-group is-layout-constrained wp-block-group-is-layout-constrained\">\n<h2 class=\"wp-block-heading\" id=\"h-casto-kladene-otazky-o-studiu-mezinarodnich-vztahu\"><strong>\u010casto kladen\u00e9 ot\u00e1zky o studiu mezin\u00e1rodn\u00edch vztah\u016f<\/strong><\/h2>\n\n\n\n<h3 class=\"wp-block-heading\" id=\"h-kde-studovat-mezinarodni-vztahy-v-praze\">Kde studovat mezin\u00e1rodn\u00ed vztahy v Praze?<\/h3>\n\n\n\n<p>Mezin\u00e1rodn\u00ed vztahy m\u016f\u017eete studovat na University of New York in Prague (UNYP), kde je bakal\u00e1\u0159sk\u00fd program vyu\u010dov\u00e1n v angli\u010dtin\u011b a nab\u00edz\u00ed americkou i evropskou akreditaci.<\/p>\n\n\n\n<h3 class=\"wp-block-heading\" id=\"h-je-mozne-studovat-mezinarodni-vztahy-v-anglictine\">Je mo\u017en\u00e9 studovat mezin\u00e1rodn\u00ed vztahy v angli\u010dtin\u011b?<\/h3>\n\n\n\n<p>Ano, na UNYP prob\u00edh\u00e1 studium mezin\u00e1rodn\u00edch vztah\u016f pln\u011b v angli\u010dtin\u011b, co\u017e v\u00e1m umo\u017en\u00ed z\u00edskat mezin\u00e1rodn\u00ed zku\u0161enosti a p\u0159ipravit se na glob\u00e1ln\u00ed kari\u00e9ru.<\/p>\n\n\n\n<h3 class=\"wp-block-heading\" id=\"h-jaky-titul-ziskam-po-studiu-mezinarodnich-vztahu\">Jak\u00fd titul z\u00edsk\u00e1m po studiu mezin\u00e1rodn\u00edch vztah\u016f?<\/h3>\n\n\n\n<p>Absolventi z\u00edsk\u00e1vaj\u00ed americk\u00fd titul Bachelor of Arts (BA) a mohou tak\u00e9 z\u00edskat evropsk\u00fd titul Bakal\u00e1\u0159 (Bc.) v oboru mezin\u00e1rodn\u00ed vztahy.<\/p>\n\n\n\n<h3 class=\"wp-block-heading\" id=\"h-jake-je-uplatneni-po-studiu-mezinarodnich-vztahu\">Jak\u00e9 je uplatn\u011bn\u00ed po studiu mezin\u00e1rodn\u00edch vztah\u016f?<\/h3>\n\n\n\n<p>Absolventi nach\u00e1zej\u00ed uplatn\u011bn\u00ed v diplomacii, mezin\u00e1rodn\u00edch organizac\u00edch, byznysu, bezpe\u010dnostn\u00edch anal\u00fdz\u00e1ch nebo ve\u0159ejn\u00e9 spr\u00e1v\u011b.<\/p>\n\n\n\n<h3 class=\"wp-block-heading\" id=\"h-nabizi-studium-mezinarodnich-vztahu-praxi-behem-studia\">Nab\u00edz\u00ed studium mezin\u00e1rodn\u00edch vztah\u016f praxi b\u011bhem studia?<\/h3>\n\n\n\n<p>Ano, studenti na UNYP z\u00edsk\u00e1vaj\u00ed praktick\u00e9 zku\u0161enosti prost\u0159ednictv\u00edm st\u00e1\u017e\u00ed, v\u00fdzkumn\u00fdch projekt\u016f a simulac\u00ed jako Model United Nations.<\/p>\n\n\n\n<h3 class=\"wp-block-heading\" id=\"h-jak-se-prihlasit-na-studium-mezinarodnich-vztahu\">Jak se p\u0159ihl\u00e1sit na studium mezin\u00e1rodn\u00edch vztah\u016f?<\/h3>\n\n\n\n<p id=\"h-\">P\u0159ihl\u00e1\u0161ku lze podat online prost\u0159ednictv\u00edm webu UNYP.<\/p>\n<\/div>\n\n\n\n<hr class=\"wp-block-separator has-alpha-channel-opacity\"\/>\n\n\n\n<h2 class=\"wp-block-heading\" id=\"h-program-specifications\"><strong>Program Specifications<\/strong><\/h2>\n\n\n\n<figure class=\"wp-block-table\"><table class=\"has-fixed-layout\"><thead><tr><th>Typ studia<\/th><th>Ud\u011blovan\u00fd titul<\/th><th>Studijn\u00ed obor<\/th><\/tr><\/thead><tbody><tr><td><strong>American Degree<\/strong><\/td><td>Bachelor of Arts (B.A.)<\/td><td>Public Affairs (International Relations)<\/td><\/tr><tr><td><strong>European Degree (optional)<\/strong><\/td><td>Czech \u201cBakal\u00e1\u0159\u201d (Bc.)<\/td><td>International Relations<\/td><\/tr><\/tbody><\/table><\/figure>\n\n\n\n<div style=\"height:20px\" aria-hidden=\"true\" class=\"wp-block-spacer\"><\/div>\n\n\n\n<h2 class=\"wp-block-heading\" id=\"h-download-the-program-overview\"><strong>Download the Program Overview<\/strong><\/h2>\n\n\n\n<div class=\"wp-block-file\"><a id=\"wp-block-file--media-e1a81d64-0b4e-48da-b5bc-7de757ff4af1\" href=\"https:\/\/mlgfjgj9j0su.i.optimole.com\/w:auto\/h:auto\/q:mauto\/f:best\/https:\/\/www.unyp.cz\/wp-content\/uploads\/2025\/11\/ier-scaled.jpg\">Top Information about the International Relations Program (.jpg for download)<\/a><a href=\"https:\/\/mlgfjgj9j0su.i.optimole.com\/w:auto\/h:auto\/q:mauto\/f:best\/https:\/\/www.unyp.cz\/wp-content\/uploads\/2025\/11\/ier-scaled.jpg\" class=\"wp-block-file__button wp-element-button\" download aria-describedby=\"wp-block-file--media-e1a81d64-0b4e-48da-b5bc-7de757ff4af1\">Download<\/a><\/div>\n\n\n\n<div style=\"height:20px\" aria-hidden=\"true\" class=\"wp-block-spacer\"><\/div>\n\n\n\n<div class=\"wp-block-group content-block content-block--message is-style-question-box has-unyp-light-blue-background-color has-background is-layout-flow wp-block-group-is-layout-flow\">\n<h3 class=\"wp-block-heading\">M\u00e1te dotaz? Chcete podat p\u0159ihl\u00e1\u0161ku?<\/h3>\n\n\n\n<div class=\"wp-block-buttons is-layout-flex wp-block-buttons-is-layout-flex\">\n<div class=\"wp-block-button\"><a class=\"wp-block-button__link wp-element-button\" href=\"https:\/\/www.unyp.cz\/contact\/\">Kontaktujte n\u00e1s<\/a><\/div>\n\n\n\n<div class=\"wp-block-button is-style-btn-apply-online\"><a class=\"wp-block-button__link wp-element-button\" href=\"https:\/\/application.unyp.cz\/\" target=\"_blank\" rel=\"noreferrer noopener\"><span class=\"icon-student\"><\/span> P\u0159ihlaste se online<\/a><\/div>\n<\/div>\n<\/div>\n","protected":false},"excerpt":{"rendered":"<p>Studujte mezin\u00e1rodn\u00ed vztahy v Praze a z\u00edskejte americk\u00fd bakal\u00e1\u0159sk\u00fd titul v angli\u010dtin\u011b Z\u00edskejte americky akreditovan\u00fd titul Bachelor of Arts (BA) v oboru mezin\u00e1rodn\u00edch vztah\u016f a studujte v angli\u010dtin\u011b v Praze. Bakal\u00e1\u0159sk\u00fd program mezin\u00e1rodn\u00edch vztah\u016f na University of New York in Prague (UNYP) propojuje politologii, diplomacii a glob\u00e1ln\u00ed ekonomii s praktick\u00fdmi zku\u0161enostmi. D\u00edky du\u00e1ln\u00edmu diplomu a [&hellip;]<\/p>\n","protected":false},"author":1,"featured_media":0,"parent":20443,"menu_order":0,"comment_status":"closed","ping_status":"closed","template":"","meta":{"_acf_changed":false,"inline_featured_image":false,"advgb_blocks_editor_width":"","advgb_blocks_columns_visual_guide":"","footnotes":""},"categories":[],"tags":[196,105],"class_list":["post-20473","page","type-page","status-publish","hentry","tag-international-relations-2","tag-mezinarodni-vztahy"],"acf":[],"mb":[],"coauthors":[],"author_meta":{"author_link":"https:\/\/www.unyp.cz\/cs\/author\/kucera-centario\/","display_name":"kucera.centario"},"relative_dates":{"created":"Posted 4 months ago","modified":"Updated 1 week ago"},"absolute_dates":{"created":"Posted on December 7, 2025","modified":"Updated on March 31, 2026"},"absolute_dates_time":{"created":"Posted on December 7, 2025 7:42 AM","modified":"Updated on March 31, 2026 11:32 AM"},"featured_img_caption":"","featured_img":false,"series_order":"","mfb_rest_fields":["title","coauthors","author_meta","relative_dates","absolute_dates","absolute_dates_time","featured_img_caption","featured_img","series_order"],"_links":{"self":[{"href":"https:\/\/www.unyp.cz\/cs\/wp-json\/wp\/v2\/pages\/20473","targetHints":{"allow":["GET"]}}],"collection":[{"href":"https:\/\/www.unyp.cz\/cs\/wp-json\/wp\/v2\/pages"}],"about":[{"href":"https:\/\/www.unyp.cz\/cs\/wp-json\/wp\/v2\/types\/page"}],"author":[{"embeddable":true,"href":"https:\/\/www.unyp.cz\/cs\/wp-json\/wp\/v2\/users\/1"}],"replies":[{"embeddable":true,"href":"https:\/\/www.unyp.cz\/cs\/wp-json\/wp\/v2\/comments?post=20473"}],"version-history":[{"count":36,"href":"https:\/\/www.unyp.cz\/cs\/wp-json\/wp\/v2\/pages\/20473\/revisions"}],"predecessor-version":[{"id":78545,"href":"https:\/\/www.unyp.cz\/cs\/wp-json\/wp\/v2\/pages\/20473\/revisions\/78545"}],"up":[{"embeddable":true,"href":"https:\/\/www.unyp.cz\/cs\/wp-json\/wp\/v2\/pages\/20443"}],"wp:attachment":[{"href":"https:\/\/www.unyp.cz\/cs\/wp-json\/wp\/v2\/media?parent=20473"}],"wp:term":[{"taxonomy":"category","embeddable":true,"href":"https:\/\/www.unyp.cz\/cs\/wp-json\/wp\/v2\/categories?post=20473"},{"taxonomy":"post_tag","embeddable":true,"href":"https:\/\/www.unyp.cz\/cs\/wp-json\/wp\/v2\/tags?post=20473"}],"curies":[{"name":"wp","href":"https:\/\/api.w.org\/{rel}","templated":true}]}}