{"id":20645,"date":"2022-09-28T11:58:56","date_gmt":"2022-09-28T10:58:56","guid":{"rendered":"https:\/\/www.unyp.cz\/?page_id=20645"},"modified":"2026-01-21T16:24:07","modified_gmt":"2026-01-21T15:24:07","slug":"unyp-certifikaty","status":"publish","type":"page","link":"https:\/\/www.unyp.cz\/cs\/unyp-certifikaty\/","title":{"rendered":"UNYP Certifik\u00e1ty"},"content":{"rendered":"\n<p>Z\u00edsk\u00e1n\u00edm certifik\u00e1tu si m\u016f\u017eete roz\u0161\u00ed\u0159it z\u00e1b\u011br studia a z\u00edskat p\u0159idanou hodnotu k va\u0161\u00ed kari\u00e9\u0159e. Pokud v\u00e1s zaj\u00edmaj\u00ed certifika\u010dn\u00ed programy UNYP, pak k dokon\u010den\u00ed programu a roz\u0161\u00ed\u0159en\u00ed va\u0161ich obzor\u016f sta\u010d\u00ed pouze \u0161est kurz\u016f, a\u0165 u\u017e jste studentem UNYP nebo ne. Nav\u00edc stoj\u00ed za zv\u00e1\u017een\u00ed, \u017ee UNYP certifik\u00e1ty jsou uzn\u00e1v\u00e1ny zam\u011bstnavateli i ve sv\u011bt\u011b.<\/p>\n\n\n\n<h2 class=\"wp-block-heading\">UNYP certifik\u00e1ty a programy<\/h2>\n\n\n\n<h3 class=\"wp-block-heading\" id=\"h-business-and-it\">Business and IT<\/h3>\n\n\n\n<ul class=\"wp-block-list\">\n<li>Certificate in Finance (za\u0159azen\u00fd do nab\u00eddky certifika\u010dn\u00edch program\u016f UNYP)<\/li>\n\n\n\n<li>Certificate in Human Resources Management<\/li>\n\n\n\n<li>Certificate in Information Technology Management<\/li>\n\n\n\n<li>Certificate in Management<\/li>\n\n\n\n<li>Certificate in Marketing<\/li>\n\n\n\n<li>Certificate in Sports Management<\/li>\n<\/ul>\n\n\n\n<div style=\"height:18px\" aria-hidden=\"true\" class=\"wp-block-spacer\"><\/div>\n\n\n\n<h3 class=\"wp-block-heading\" id=\"h-international-relations-and-media-studies\">International Relations and Media Studies<\/h3>\n\n\n\n<ul class=\"wp-block-list\">\n<li>Certificate in European Studies je sou\u010d\u00e1st\u00ed certifika\u010dn\u00ed UNYP programy. V t\u00e9to sekci m\u016f\u017eete tak\u00e9 vyb\u00edrat z UNYP certifik\u00e1t\u016f zam\u011b\u0159en\u00fdch na r\u016fzn\u00e9 obory.<\/li>\n\n\n\n<li>Certificate in International Politics Studies<\/li>\n\n\n\n<li>Certificate in Communication Studies<\/li>\n\n\n\n<li>Certificate in Media Studies<\/li>\n<\/ul>\n\n\n\n<div style=\"height:21px\" aria-hidden=\"true\" class=\"wp-block-spacer\"><\/div>\n\n\n\n<h3 class=\"wp-block-heading\" id=\"h-psychology\">Psychology<\/h3>\n\n\n\n<ul class=\"wp-block-list\">\n<li>Certificate in Psychology Studies v\u00e1m umo\u017en\u00ed roz\u0161\u00ed\u0159it sv\u00e9 znalosti d\u00edky certifika\u010dn\u00edm program\u016fm UNYP, \u010d\u00edm\u017e z\u00edsk\u00e1te dal\u0161\u00ed UNYP certifik\u00e1ty.<\/li>\n<\/ul>\n\n\n\n<div style=\"height:23px\" aria-hidden=\"true\" class=\"wp-block-spacer\"><\/div>\n\n\n\n<h3 class=\"wp-block-heading\">English Language and Literature<\/h3>\n\n\n\n<ul class=\"wp-block-list\">\n<li>Certificate in English Literature \u2013 tento program roz\u0161i\u0159uje nab\u00eddku certifika\u010dn\u00edch program\u016f UNYP. Zva\u017ete tak\u00e9 dal\u0161\u00ed UNYP certifik\u00e1ty podle sv\u00e9ho profesn\u00edho zam\u011b\u0159en\u00ed.<\/li>\n<\/ul>\n\n\n\n<div style=\"height:20px\" aria-hidden=\"true\" class=\"wp-block-spacer\"><\/div>\n\n\n\n<h2 class=\"wp-block-heading\">Jak se zapsat?<\/h2>\n\n\n\n<h4 class=\"wp-block-heading\">Studenti UNYP<\/h4>\n\n\n\n<p>V\u00e1\u0161 studijn\u00ed poradce v\u00e1m pom\u016f\u017ee s v\u00fdb\u011brem toho spr\u00e1vn\u00e9ho programu i s vypln\u011bn\u00edm p\u0159ihl\u00e1\u0161ky. Mimochodem, studijn\u00ed poradci maj\u00ed p\u0159ehled o v\u0161ech UNYP certifika\u010dn\u00edch programech, tedy certifika\u010dn\u00ed programy UNYP znaj\u00ed detailn\u011b a r\u00e1di v\u00e1m porad\u00ed. Z\u00edsk\u00e1n\u00ed certifik\u00e1tu je skv\u011bl\u00e1 cesta jak z\u00edskat kvalifikaci v oboru mimo va\u0161e hlavn\u00ed zam\u011b\u0159en\u00ed a pr\u00e1v\u011b UNYP certifik\u00e1ty jsou v tomto sm\u011bru velmi \u017e\u00e1dan\u00e9.<\/p>\n\n\n\n<h4 class=\"wp-block-heading\">Mimo UNYP<\/h4>\n\n\n\n<p>Pro p\u0159ihl\u00e1\u0161en\u00ed do program kontaktujte p\u0159\u00edj\u00edmac\u00ed odd\u011blen\u00ed UNYP na&nbsp;<a href=\"mailto:admissions@unyp.cz\">admissions@unyp.cz<\/a>&nbsp;&nbsp; Pokud m\u00e1te z\u00e1jem o n\u011bkter\u00e9 certifika\u010dn\u00ed UNYP programy, napi\u0161te na uveden\u00fd kontakt. Krom\u011b toho UNYP certifik\u00e1ty nab\u00edz\u00edme i z\u00e1jemc\u016fm z jin\u00fdch instituc\u00ed.<\/p>\n\n\n\n<div class=\"wp-block-group content-block content-block--message is-style-question-box has-unyp-light-blue-background-color has-background is-layout-flow wp-block-group-is-layout-flow\">\n<h3 class=\"wp-block-heading\">M\u00e1te dotaz? Chcete podat p\u0159ihl\u00e1\u0161ku?<\/h3>\n\n\n\n<div class=\"wp-block-buttons is-layout-flex wp-block-buttons-is-layout-flex\">\n<div class=\"wp-block-button\"><a class=\"wp-block-button__link wp-element-button\" href=\"https:\/\/www.unyp.cz\/contact\/\">Kontaktujte n\u00e1s<\/a><\/div>\n\n\n\n<div class=\"wp-block-button is-style-btn-apply-online\"><a class=\"wp-block-button__link wp-element-button\" href=\"https:\/\/application.unyp.cz\/\" target=\"_blank\" rel=\"noreferrer noopener\"><span class=\"icon-student\"><\/span> P\u0159ihlaste se online<\/a><\/div>\n<\/div>\n<\/div>\n","protected":false},"excerpt":{"rendered":"<p>Z\u00edsk\u00e1n\u00edm certifik\u00e1tu si m\u016f\u017eete roz\u0161\u00ed\u0159it z\u00e1b\u011br studia a z\u00edskat p\u0159idanou hodnotu k va\u0161\u00ed kari\u00e9\u0159e. Pokud v\u00e1s zaj\u00edmaj\u00ed certifika\u010dn\u00ed programy UNYP, pak k dokon\u010den\u00ed programu a roz\u0161\u00ed\u0159en\u00ed va\u0161ich obzor\u016f sta\u010d\u00ed pouze \u0161est kurz\u016f, a\u0165 u\u017e jste studentem UNYP nebo ne. Nav\u00edc stoj\u00ed za zv\u00e1\u017een\u00ed, \u017ee UNYP certifik\u00e1ty jsou uzn\u00e1v\u00e1ny zam\u011bstnavateli i ve sv\u011bt\u011b. UNYP certifik\u00e1ty a [&hellip;]<\/p>\n","protected":false},"author":1,"featured_media":0,"parent":0,"menu_order":0,"comment_status":"closed","ping_status":"closed","template":"","meta":{"_acf_changed":false,"inline_featured_image":false,"advgb_blocks_editor_width":"","advgb_blocks_columns_visual_guide":"","footnotes":""},"categories":[],"tags":[],"class_list":["post-20645","page","type-page","status-publish","hentry"],"acf":[],"mb":[],"coauthors":[],"author_meta":{"author_link":"https:\/\/www.unyp.cz\/cs\/author\/kucera-centario\/","display_name":"kucera.centario"},"relative_dates":{"created":"Posted 4 years ago","modified":"Updated 3 months ago"},"absolute_dates":{"created":"Posted on September 28, 2022","modified":"Updated on January 21, 2026"},"absolute_dates_time":{"created":"Posted on September 28, 2022 11:58 AM","modified":"Updated on January 21, 2026 4:24 PM"},"featured_img_caption":"","featured_img":false,"series_order":"","mfb_rest_fields":["title","coauthors","author_meta","relative_dates","absolute_dates","absolute_dates_time","featured_img_caption","featured_img","series_order"],"_links":{"self":[{"href":"https:\/\/www.unyp.cz\/cs\/wp-json\/wp\/v2\/pages\/20645","targetHints":{"allow":["GET"]}}],"collection":[{"href":"https:\/\/www.unyp.cz\/cs\/wp-json\/wp\/v2\/pages"}],"about":[{"href":"https:\/\/www.unyp.cz\/cs\/wp-json\/wp\/v2\/types\/page"}],"author":[{"embeddable":true,"href":"https:\/\/www.unyp.cz\/cs\/wp-json\/wp\/v2\/users\/1"}],"replies":[{"embeddable":true,"href":"https:\/\/www.unyp.cz\/cs\/wp-json\/wp\/v2\/comments?post=20645"}],"version-history":[{"count":9,"href":"https:\/\/www.unyp.cz\/cs\/wp-json\/wp\/v2\/pages\/20645\/revisions"}],"predecessor-version":[{"id":73818,"href":"https:\/\/www.unyp.cz\/cs\/wp-json\/wp\/v2\/pages\/20645\/revisions\/73818"}],"wp:attachment":[{"href":"https:\/\/www.unyp.cz\/cs\/wp-json\/wp\/v2\/media?parent=20645"}],"wp:term":[{"taxonomy":"category","embeddable":true,"href":"https:\/\/www.unyp.cz\/cs\/wp-json\/wp\/v2\/categories?post=20645"},{"taxonomy":"post_tag","embeddable":true,"href":"https:\/\/www.unyp.cz\/cs\/wp-json\/wp\/v2\/tags?post=20645"}],"curies":[{"name":"wp","href":"https:\/\/api.w.org\/{rel}","templated":true}]}}